{"id":48311,"date":"2026-01-13T10:29:01","date_gmt":"2026-01-13T09:29:01","guid":{"rendered":"https:\/\/fonsvinum.com\/?post_type=product&#038;p=48311"},"modified":"2026-01-13T10:52:31","modified_gmt":"2026-01-13T09:52:31","slug":"amarone-della-valpolicella-classico-bertani-2016","status":"publish","type":"product","link":"https:\/\/fonsvinum.com\/de\/produkt\/amarone-della-valpolicella-classico-bertani-2016\/","title":{"rendered":"Amarone della Valpolicella Classico BERTANI 2016"},"content":{"rendered":"<h1>Amarone della Valpolicella Classico BERTANI 2016<\/h1>\n<p>Bertani Amarone della Valpolicella Classico &#8211; kommt mit schwerem s\u00fc\u00dfem Duft, komplex und aromareich schmeckt er nach reifen roten Kirschen und mit Andeutungen von aromatischen Kr\u00e4utern.<\/p>\n<p>Am Gaumen verf\u00fchrt er durch sein raffiniertes, straffes, saftiges Wesen und mit schmelzend s\u00fc\u00dfen Tanninen.<\/p>\n<p>Dieser hervorragende Amarone kommt von den Weinbergen des Weingutes Bertani in Novare. Die Mergel-Kalkb\u00f6den der Weinberge von Fumane und Marano genie\u00dfen eine der besten Lagen in der klassischen Valpolicella und sind ideal f\u00fcr die Herstellung des Amarone.<\/p>\n<p>Er lagert 6 Jahre in Eichenf\u00e4ssern unterschiedlicher Gr\u00f6\u00dfe. Eine zus\u00e4tzliche Flaschenreifung von mindestens 12 Monaten, lassen diesen Wein zu einem besonderen Erlebnis werden.<\/p>\n","protected":false},"excerpt":{"rendered":"<p>Amarone della Valpolicella Classico BERTANI 2016 Bertani Amarone della Valpolicella Classico &#8211; kommt mit schwerem s\u00fc\u00dfem Duft, komplex und aromareich schmeckt er nach reifen roten Kirschen und mit Andeutungen von aromatischen Kr\u00e4utern. Am Gaumen verf\u00fchrt er durch sein raffiniertes, straffes, saftiges Wesen und mit schmelzend s\u00fc\u00dfen Tanninen. Dieser hervorragende Amarone kommt von den Weinbergen des [&hellip;]<\/p>\n","protected":false},"featured_media":5698,"comment_status":"open","ping_status":"closed","template":"","meta":{"_acf_changed":false,"_monsterinsights_skip_tracking":false,"_monsterinsights_sitenote_active":false,"_monsterinsights_sitenote_note":"","_monsterinsights_sitenote_category":0},"product_brand":[],"product_cat":[2336],"product_tag":[1733],"class_list":{"0":"post-48311","1":"product","2":"type-product","3":"status-publish","4":"has-post-thumbnail","6":"product_cat-amarone-de","7":"product_tag-aussergewoehnliche-weine-de","8":"pa_appellation-amarone-della-valpolicella-docg-de","9":"pa_formato-0-75-l-flasche-de","10":"pa_producer-bertani-de","11":"pa_region-venetien-de","12":"pa_vine-80-corvina-20-rondinella-de","13":"pa_vintage-2016-de","15":"first","16":"instock","17":"taxable","18":"shipping-taxable","19":"purchasable","20":"product-type-simple"},"bundled_by":[],"bundle_stock_status":"instock","bundle_stock_quantity":6,"bundle_virtual":false,"bundle_layout":"","bundle_add_to_cart_form_location":"","bundle_editable_in_cart":false,"bundle_sold_individually_context":"","bundle_item_grouping":"","bundle_min_size":"","bundle_max_size":"","bundle_price":[],"bundled_items":[],"bundle_sell_ids":[],"yoast_head":"<!-- This site is optimized with the Yoast SEO plugin v27.3 - https:\/\/yoast.com\/product\/yoast-seo-wordpress\/ -->\n<title>Amarone della Valpolicella Classico BERTANI 2016<\/title>\n<meta name=\"description\" content=\"Amarone della Valpolicella Classico BERTANI 2016. Dieser hervorragende Amarone kommt von den Weinbergen des Weingutes Bertani in Novare.\" \/>\n<meta name=\"robots\" content=\"index, follow, max-snippet:-1, max-image-preview:large, max-video-preview:-1\" \/>\n<link rel=\"canonical\" href=\"https:\/\/fonsvinum.com\/de\/produkt\/amarone-della-valpolicella-classico-bertani-2016\/\" \/>\n<meta property=\"og:locale\" content=\"de_DE\" \/>\n<meta property=\"og:type\" content=\"article\" \/>\n<meta property=\"og:title\" content=\"Amarone della Valpolicella Classico BERTANI 2016\" \/>\n<meta property=\"og:description\" content=\"Amarone della Valpolicella Classico BERTANI 2016. Dieser hervorragende Amarone kommt von den Weinbergen des Weingutes Bertani in Novare.\" \/>\n<meta property=\"og:url\" content=\"https:\/\/fonsvinum.com\/de\/produkt\/amarone-della-valpolicella-classico-bertani-2016\/\" \/>\n<meta property=\"og:site_name\" content=\"Fons Vinum\" \/>\n<meta property=\"article:modified_time\" content=\"2026-01-13T09:52:31+00:00\" \/>\n<meta property=\"og:image\" content=\"https:\/\/fonsvinum.com\/files\/2013\/04\/amarone-valpolicella-classico-bertani.png\" \/>\n\t<meta property=\"og:image:width\" content=\"260\" \/>\n\t<meta property=\"og:image:height\" content=\"800\" \/>\n\t<meta property=\"og:image:type\" content=\"image\/png\" \/>\n<meta name=\"twitter:label1\" content=\"Gesch\u00e4tzte Lesezeit\" \/>\n\t<meta name=\"twitter:data1\" content=\"1\u00a0Minute\" \/>\n<script type=\"application\/ld+json\" class=\"yoast-schema-graph\">{\"@context\":\"https:\\\/\\\/schema.org\",\"@graph\":[{\"@type\":\"WebPage\",\"@id\":\"https:\\\/\\\/fonsvinum.com\\\/de\\\/produkt\\\/amarone-della-valpolicella-classico-bertani-2016\\\/\",\"url\":\"https:\\\/\\\/fonsvinum.com\\\/de\\\/produkt\\\/amarone-della-valpolicella-classico-bertani-2016\\\/\",\"name\":\"Amarone della Valpolicella Classico BERTANI 2016\",\"isPartOf\":{\"@id\":\"https:\\\/\\\/fonsvinum.com\\\/en\\\/#website\"},\"primaryImageOfPage\":{\"@id\":\"https:\\\/\\\/fonsvinum.com\\\/de\\\/produkt\\\/amarone-della-valpolicella-classico-bertani-2016\\\/#primaryimage\"},\"image\":{\"@id\":\"https:\\\/\\\/fonsvinum.com\\\/de\\\/produkt\\\/amarone-della-valpolicella-classico-bertani-2016\\\/#primaryimage\"},\"thumbnailUrl\":\"https:\\\/\\\/fonsvinum.com\\\/files\\\/2013\\\/04\\\/amarone-valpolicella-classico-bertani.png\",\"datePublished\":\"2026-01-13T09:29:01+00:00\",\"dateModified\":\"2026-01-13T09:52:31+00:00\",\"description\":\"Amarone della Valpolicella Classico BERTANI 2016. Dieser hervorragende Amarone kommt von den Weinbergen des Weingutes Bertani in Novare.\",\"breadcrumb\":{\"@id\":\"https:\\\/\\\/fonsvinum.com\\\/de\\\/produkt\\\/amarone-della-valpolicella-classico-bertani-2016\\\/#breadcrumb\"},\"inLanguage\":\"de\",\"potentialAction\":[{\"@type\":\"ReadAction\",\"target\":[\"https:\\\/\\\/fonsvinum.com\\\/de\\\/produkt\\\/amarone-della-valpolicella-classico-bertani-2016\\\/\"]}]},{\"@type\":\"ImageObject\",\"inLanguage\":\"de\",\"@id\":\"https:\\\/\\\/fonsvinum.com\\\/de\\\/produkt\\\/amarone-della-valpolicella-classico-bertani-2016\\\/#primaryimage\",\"url\":\"https:\\\/\\\/fonsvinum.com\\\/files\\\/2013\\\/04\\\/amarone-valpolicella-classico-bertani.png\",\"contentUrl\":\"https:\\\/\\\/fonsvinum.com\\\/files\\\/2013\\\/04\\\/amarone-valpolicella-classico-bertani.png\",\"width\":260,\"height\":800},{\"@type\":\"BreadcrumbList\",\"@id\":\"https:\\\/\\\/fonsvinum.com\\\/de\\\/produkt\\\/amarone-della-valpolicella-classico-bertani-2016\\\/#breadcrumb\",\"itemListElement\":[{\"@type\":\"ListItem\",\"position\":1,\"name\":\"Startseite\",\"item\":\"https:\\\/\\\/fonsvinum.com\\\/de\\\/\"},{\"@type\":\"ListItem\",\"position\":2,\"name\":\"Shop\",\"item\":\"https:\\\/\\\/fonsvinum.com\\\/de\\\/shop\\\/\"},{\"@type\":\"ListItem\",\"position\":3,\"name\":\"Amarone della Valpolicella Classico BERTANI 2016\"}]},{\"@type\":\"WebSite\",\"@id\":\"https:\\\/\\\/fonsvinum.com\\\/en\\\/#website\",\"url\":\"https:\\\/\\\/fonsvinum.com\\\/en\\\/\",\"name\":\"Fons Vinum\",\"description\":\"Vendita Vino Online\",\"publisher\":{\"@id\":\"https:\\\/\\\/fonsvinum.com\\\/en\\\/#organization\"},\"potentialAction\":[{\"@type\":\"SearchAction\",\"target\":{\"@type\":\"EntryPoint\",\"urlTemplate\":\"https:\\\/\\\/fonsvinum.com\\\/en\\\/?s={search_term_string}\"},\"query-input\":{\"@type\":\"PropertyValueSpecification\",\"valueRequired\":true,\"valueName\":\"search_term_string\"}}],\"inLanguage\":\"de\"},{\"@type\":\"Organization\",\"@id\":\"https:\\\/\\\/fonsvinum.com\\\/en\\\/#organization\",\"name\":\"Fons Vinum\",\"url\":\"https:\\\/\\\/fonsvinum.com\\\/en\\\/\",\"logo\":{\"@type\":\"ImageObject\",\"inLanguage\":\"de\",\"@id\":\"https:\\\/\\\/fonsvinum.com\\\/en\\\/#\\\/schema\\\/logo\\\/image\\\/\",\"url\":\"\",\"contentUrl\":\"\",\"caption\":\"Fons Vinum\"},\"image\":{\"@id\":\"https:\\\/\\\/fonsvinum.com\\\/en\\\/#\\\/schema\\\/logo\\\/image\\\/\"}}]}<\/script>\n<!-- \/ Yoast SEO plugin. -->","yoast_head_json":{"title":"Amarone della Valpolicella Classico BERTANI 2016","description":"Amarone della Valpolicella Classico BERTANI 2016. Dieser hervorragende Amarone kommt von den Weinbergen des Weingutes Bertani in Novare.","robots":{"index":"index","follow":"follow","max-snippet":"max-snippet:-1","max-image-preview":"max-image-preview:large","max-video-preview":"max-video-preview:-1"},"canonical":"https:\/\/fonsvinum.com\/de\/produkt\/amarone-della-valpolicella-classico-bertani-2016\/","og_locale":"de_DE","og_type":"article","og_title":"Amarone della Valpolicella Classico BERTANI 2016","og_description":"Amarone della Valpolicella Classico BERTANI 2016. Dieser hervorragende Amarone kommt von den Weinbergen des Weingutes Bertani in Novare.","og_url":"https:\/\/fonsvinum.com\/de\/produkt\/amarone-della-valpolicella-classico-bertani-2016\/","og_site_name":"Fons Vinum","article_modified_time":"2026-01-13T09:52:31+00:00","og_image":[{"width":260,"height":800,"url":"https:\/\/fonsvinum.com\/files\/2013\/04\/amarone-valpolicella-classico-bertani.png","type":"image\/png"}],"twitter_misc":{"Gesch\u00e4tzte Lesezeit":"1\u00a0Minute"},"schema":{"@context":"https:\/\/schema.org","@graph":[{"@type":"WebPage","@id":"https:\/\/fonsvinum.com\/de\/produkt\/amarone-della-valpolicella-classico-bertani-2016\/","url":"https:\/\/fonsvinum.com\/de\/produkt\/amarone-della-valpolicella-classico-bertani-2016\/","name":"Amarone della Valpolicella Classico BERTANI 2016","isPartOf":{"@id":"https:\/\/fonsvinum.com\/en\/#website"},"primaryImageOfPage":{"@id":"https:\/\/fonsvinum.com\/de\/produkt\/amarone-della-valpolicella-classico-bertani-2016\/#primaryimage"},"image":{"@id":"https:\/\/fonsvinum.com\/de\/produkt\/amarone-della-valpolicella-classico-bertani-2016\/#primaryimage"},"thumbnailUrl":"https:\/\/fonsvinum.com\/files\/2013\/04\/amarone-valpolicella-classico-bertani.png","datePublished":"2026-01-13T09:29:01+00:00","dateModified":"2026-01-13T09:52:31+00:00","description":"Amarone della Valpolicella Classico BERTANI 2016. Dieser hervorragende Amarone kommt von den Weinbergen des Weingutes Bertani in Novare.","breadcrumb":{"@id":"https:\/\/fonsvinum.com\/de\/produkt\/amarone-della-valpolicella-classico-bertani-2016\/#breadcrumb"},"inLanguage":"de","potentialAction":[{"@type":"ReadAction","target":["https:\/\/fonsvinum.com\/de\/produkt\/amarone-della-valpolicella-classico-bertani-2016\/"]}]},{"@type":"ImageObject","inLanguage":"de","@id":"https:\/\/fonsvinum.com\/de\/produkt\/amarone-della-valpolicella-classico-bertani-2016\/#primaryimage","url":"https:\/\/fonsvinum.com\/files\/2013\/04\/amarone-valpolicella-classico-bertani.png","contentUrl":"https:\/\/fonsvinum.com\/files\/2013\/04\/amarone-valpolicella-classico-bertani.png","width":260,"height":800},{"@type":"BreadcrumbList","@id":"https:\/\/fonsvinum.com\/de\/produkt\/amarone-della-valpolicella-classico-bertani-2016\/#breadcrumb","itemListElement":[{"@type":"ListItem","position":1,"name":"Startseite","item":"https:\/\/fonsvinum.com\/de\/"},{"@type":"ListItem","position":2,"name":"Shop","item":"https:\/\/fonsvinum.com\/de\/shop\/"},{"@type":"ListItem","position":3,"name":"Amarone della Valpolicella Classico BERTANI 2016"}]},{"@type":"WebSite","@id":"https:\/\/fonsvinum.com\/en\/#website","url":"https:\/\/fonsvinum.com\/en\/","name":"Fons Vinum","description":"Vendita Vino Online","publisher":{"@id":"https:\/\/fonsvinum.com\/en\/#organization"},"potentialAction":[{"@type":"SearchAction","target":{"@type":"EntryPoint","urlTemplate":"https:\/\/fonsvinum.com\/en\/?s={search_term_string}"},"query-input":{"@type":"PropertyValueSpecification","valueRequired":true,"valueName":"search_term_string"}}],"inLanguage":"de"},{"@type":"Organization","@id":"https:\/\/fonsvinum.com\/en\/#organization","name":"Fons Vinum","url":"https:\/\/fonsvinum.com\/en\/","logo":{"@type":"ImageObject","inLanguage":"de","@id":"https:\/\/fonsvinum.com\/en\/#\/schema\/logo\/image\/","url":"","contentUrl":"","caption":"Fons Vinum"},"image":{"@id":"https:\/\/fonsvinum.com\/en\/#\/schema\/logo\/image\/"}}]}},"acf":[],"_links":{"self":[{"href":"https:\/\/fonsvinum.com\/de\/wp-json\/wp\/v2\/product\/48311","targetHints":{"allow":["GET"]}}],"collection":[{"href":"https:\/\/fonsvinum.com\/de\/wp-json\/wp\/v2\/product"}],"about":[{"href":"https:\/\/fonsvinum.com\/de\/wp-json\/wp\/v2\/types\/product"}],"replies":[{"embeddable":true,"href":"https:\/\/fonsvinum.com\/de\/wp-json\/wp\/v2\/comments?post=48311"}],"wp:featuredmedia":[{"embeddable":true,"href":"https:\/\/fonsvinum.com\/de\/wp-json\/wp\/v2\/media\/5698"}],"wp:attachment":[{"href":"https:\/\/fonsvinum.com\/de\/wp-json\/wp\/v2\/media?parent=48311"}],"wp:term":[{"taxonomy":"product_brand","embeddable":true,"href":"https:\/\/fonsvinum.com\/de\/wp-json\/wp\/v2\/product_brand?post=48311"},{"taxonomy":"product_cat","embeddable":true,"href":"https:\/\/fonsvinum.com\/de\/wp-json\/wp\/v2\/product_cat?post=48311"},{"taxonomy":"product_tag","embeddable":true,"href":"https:\/\/fonsvinum.com\/de\/wp-json\/wp\/v2\/product_tag?post=48311"}],"curies":[{"name":"wp","href":"https:\/\/api.w.org\/{rel}","templated":true}]}}