{"id":48297,"date":"2026-01-12T15:55:04","date_gmt":"2026-01-12T14:55:04","guid":{"rendered":"https:\/\/fonsvinum.com\/?post_type=product&#038;p=48297"},"modified":"2026-01-13T07:49:46","modified_gmt":"2026-01-13T06:49:46","slug":"barbera-dasti-doppiadi-marco-capra-2022","status":"publish","type":"product","link":"https:\/\/fonsvinum.com\/de\/produkt\/barbera-dasti-doppiadi-marco-capra-2022\/","title":{"rendered":"Barbera d&#8217;Asti Doppiadi Marco Capra 2022"},"content":{"rendered":"<h1>Barbera d&#8217;Asti &#8222;Doppiadi&#8220; Marco Capra 2022<\/h1>\n<h3>Barbera d&#8217;Asti \u201eDoppiadi\u201c Marco Capra<br \/>\nDas Weingut<\/h3>\n<p>Das Weingut liegt in Santo Stefano Belbo, auf dem Seirole-H\u00fcgel zwischen den Regionen Langhe und Monferrato. Der Weinbau war schon immer die wichtigste Ressource der Gegend: Die einzigartige geologische Beschaffenheit des Bodens und sein Mikroklima beg\u00fcnstigen die optimale Reifung der Trauben und die Entwicklung ihrer typischen organoleptischen Eigenschaften.<\/p>\n<p>1945 gr\u00fcndete Tommaso Capra das Weingut auf diesen H\u00fcgeln. Er gab seine Erfahrung und sein Wissen \u00fcber den Weinbau an seinen Sohn Luciano weiter. Von da an bis Ende der 1980er-Jahre konzentrierte sich das Weingut haupts\u00e4chlich auf die Produktion von Qualit\u00e4tsweinen, die vorwiegend im Gro\u00dfhandel in traditionellen Glasballons vertrieben wurden.<\/p>\n<p>1999 \u00fcbernahm Marco, Lucianos Enkel, die Leitung des Weinguts und gab ihm neuen Schwung. Angetrieben von einer tiefen Leidenschaft f\u00fcr Wein, dem Wunsch nach Erneuerung und jugendlichem Enthusiasmus, f\u00fchrte er die Familientradition fort und trug zu ihrem Wachstum bei.<\/p>\n<p>2014 wollte Marco Capra seinem Namen eine noch pers\u00f6nlichere Note verleihen und f\u00fcgte ihn dem Etikett hinzu.<\/p>\n<p>Der mit modernster Technik ausgestattete Weinkeller des Weinguts bewahrt die traditionellen Verfahren der Weinherstellung. Jeder Schritt der Weinherstellung wird von Marco Capra pers\u00f6nlich \u00fcberwacht, unterst\u00fctzt von den \u00d6nologen Daniela Serra und Dante Scaglione.<\/p>\n<p>Lese: Handlese in kleinen, perforierten Kisten zwischen Ende September und den ersten zehn Oktobertagen.<br \/>\nWeinbereitung: Maischeg\u00e4rung und G\u00e4rung dauern durchschnittlich 10 Tage bei einer kontrollierten Temperatur von 28 \u00b0C. Nach dem biologischen S\u00e4ureabbau reift der Wein mehrere Monate in Edelstahltanks und kommt im Fr\u00fchjahr des Folgejahres in den Handel.<\/p>\n<h3>Verkostungsnotizen<\/h3>\n<p>Farbe: Leuchtendes, sehr intensives Rot mit violetten Reflexen.<br \/>\nAroma: Intensiv und anhaltend, angenehm fruchtig mit Ankl\u00e4ngen von Pflaume und Schwarzkirsche.<br \/>\nGeschmack: Vollmundig, angenehm frisch und harmonisch. Speiseempfehlungen: Auch als Aperitif zu Vorspeisen und Wurstwaren geeignet, passt er hervorragend zu allen Gerichten. Er harmoniert wunderbar mit Pasta, Tagliatelle und Ravioli sowie mit Fleischgerichten, Eint\u00f6pfen und Braten. Er passt gut zu mittelalten K\u00e4sesorten wie Toma und Pecorino.<br \/>\nServiertemperatur: 16\u201318 \u00b0C.<\/p>\n<p>&nbsp;<\/p>\n","protected":false},"excerpt":{"rendered":"<p>Barbera d&#8217;Asti &#8222;Doppiadi&#8220; Marco Capra 2022 Barbera d&#8217;Asti \u201eDoppiadi\u201c Marco Capra Das Weingut Das Weingut liegt in Santo Stefano Belbo, auf dem Seirole-H\u00fcgel zwischen den Regionen Langhe und Monferrato. Der Weinbau war schon immer die wichtigste Ressource der Gegend: Die einzigartige geologische Beschaffenheit des Bodens und sein Mikroklima beg\u00fcnstigen die optimale Reifung der Trauben und [&hellip;]<\/p>\n","protected":false},"featured_media":12213,"comment_status":"open","ping_status":"closed","template":"","meta":{"_acf_changed":false,"_monsterinsights_skip_tracking":false,"_monsterinsights_sitenote_active":false,"_monsterinsights_sitenote_note":"","_monsterinsights_sitenote_category":0},"product_brand":[],"product_cat":[2170,2332],"product_tag":[2418],"class_list":{"0":"post-48297","1":"product","2":"type-product","3":"status-publish","4":"has-post-thumbnail","6":"product_cat-barbera-de","7":"product_cat-rotweine-de","8":"product_tag-kleine-weinzeuger-de","9":"pa_appellation-barbera-dasti-docg-de","10":"pa_formato-0-75-l-flasche-de","11":"pa_producer-marco-capra-de-2","12":"pa_region-piemont-de","13":"pa_vine-barbera-de","14":"pa_vintage-18397","16":"first","17":"instock","18":"taxable","19":"shipping-taxable","20":"purchasable","21":"product-type-simple"},"bundled_by":[],"bundle_stock_status":"instock","bundle_stock_quantity":24,"bundle_virtual":false,"bundle_layout":"","bundle_add_to_cart_form_location":"","bundle_editable_in_cart":false,"bundle_sold_individually_context":"","bundle_item_grouping":"","bundle_min_size":"","bundle_max_size":"","bundle_price":[],"bundled_items":[],"bundle_sell_ids":[],"yoast_head":"<!-- This site is optimized with the Yoast SEO plugin v27.2 - https:\/\/yoast.com\/product\/yoast-seo-wordpress\/ -->\n<title>Barbera d&#039;Asti Doppiadi Marco Capra I Fonsvinum 2022<\/title>\n<meta name=\"description\" content=\"Barbera d&#039;Asti Doppiadi Marco Capra 2022\" \/>\n<meta name=\"robots\" content=\"index, follow, max-snippet:-1, max-image-preview:large, max-video-preview:-1\" \/>\n<link rel=\"canonical\" href=\"https:\/\/fonsvinum.com\/de\/produkt\/barbera-dasti-doppiadi-marco-capra-2022\/\" \/>\n<meta property=\"og:locale\" content=\"de_DE\" \/>\n<meta property=\"og:type\" content=\"article\" \/>\n<meta property=\"og:title\" content=\"Barbera d&#039;Asti Doppiadi Marco Capra I Fonsvinum 2022\" \/>\n<meta property=\"og:description\" content=\"Barbera d&#039;Asti Doppiadi Marco Capra 2022\" \/>\n<meta property=\"og:url\" content=\"https:\/\/fonsvinum.com\/de\/produkt\/barbera-dasti-doppiadi-marco-capra-2022\/\" \/>\n<meta property=\"og:site_name\" content=\"Fons Vinum\" \/>\n<meta property=\"article:modified_time\" content=\"2026-01-13T06:49:46+00:00\" \/>\n<meta property=\"og:image\" content=\"https:\/\/fonsvinum.com\/files\/2017\/11\/barbera-asti-doppiadi-marco-capra.jpg\" \/>\n\t<meta property=\"og:image:width\" content=\"185\" \/>\n\t<meta property=\"og:image:height\" content=\"583\" \/>\n\t<meta property=\"og:image:type\" content=\"image\/jpeg\" \/>\n<meta name=\"twitter:label1\" content=\"Gesch\u00e4tzte Lesezeit\" \/>\n\t<meta name=\"twitter:data1\" content=\"2\u00a0Minuten\" \/>\n<script type=\"application\/ld+json\" class=\"yoast-schema-graph\">{\"@context\":\"https:\/\/schema.org\",\"@graph\":[{\"@type\":\"WebPage\",\"@id\":\"https:\/\/fonsvinum.com\/de\/produkt\/barbera-dasti-doppiadi-marco-capra-2022\/\",\"url\":\"https:\/\/fonsvinum.com\/de\/produkt\/barbera-dasti-doppiadi-marco-capra-2022\/\",\"name\":\"Barbera d'Asti Doppiadi Marco Capra I Fonsvinum 2022\",\"isPartOf\":{\"@id\":\"https:\/\/fonsvinum.com\/en\/#website\"},\"primaryImageOfPage\":{\"@id\":\"https:\/\/fonsvinum.com\/de\/produkt\/barbera-dasti-doppiadi-marco-capra-2022\/#primaryimage\"},\"image\":{\"@id\":\"https:\/\/fonsvinum.com\/de\/produkt\/barbera-dasti-doppiadi-marco-capra-2022\/#primaryimage\"},\"thumbnailUrl\":\"https:\/\/fonsvinum.com\/files\/2017\/11\/barbera-asti-doppiadi-marco-capra.jpg\",\"datePublished\":\"2026-01-12T14:55:04+00:00\",\"dateModified\":\"2026-01-13T06:49:46+00:00\",\"description\":\"Barbera d'Asti Doppiadi Marco Capra 2022\",\"breadcrumb\":{\"@id\":\"https:\/\/fonsvinum.com\/de\/produkt\/barbera-dasti-doppiadi-marco-capra-2022\/#breadcrumb\"},\"inLanguage\":\"de\",\"potentialAction\":[{\"@type\":\"ReadAction\",\"target\":[\"https:\/\/fonsvinum.com\/de\/produkt\/barbera-dasti-doppiadi-marco-capra-2022\/\"]}]},{\"@type\":\"ImageObject\",\"inLanguage\":\"de\",\"@id\":\"https:\/\/fonsvinum.com\/de\/produkt\/barbera-dasti-doppiadi-marco-capra-2022\/#primaryimage\",\"url\":\"https:\/\/fonsvinum.com\/files\/2017\/11\/barbera-asti-doppiadi-marco-capra.jpg\",\"contentUrl\":\"https:\/\/fonsvinum.com\/files\/2017\/11\/barbera-asti-doppiadi-marco-capra.jpg\",\"width\":185,\"height\":583},{\"@type\":\"BreadcrumbList\",\"@id\":\"https:\/\/fonsvinum.com\/de\/produkt\/barbera-dasti-doppiadi-marco-capra-2022\/#breadcrumb\",\"itemListElement\":[{\"@type\":\"ListItem\",\"position\":1,\"name\":\"Startseite\",\"item\":\"https:\/\/fonsvinum.com\/de\/\"},{\"@type\":\"ListItem\",\"position\":2,\"name\":\"Shop\",\"item\":\"https:\/\/fonsvinum.com\/de\/shop\/\"},{\"@type\":\"ListItem\",\"position\":3,\"name\":\"Barbera d&#8217;Asti Doppiadi Marco Capra 2022\"}]},{\"@type\":\"WebSite\",\"@id\":\"https:\/\/fonsvinum.com\/en\/#website\",\"url\":\"https:\/\/fonsvinum.com\/en\/\",\"name\":\"Fons Vinum\",\"description\":\"Vendita Vino Online\",\"publisher\":{\"@id\":\"https:\/\/fonsvinum.com\/en\/#organization\"},\"potentialAction\":[{\"@type\":\"SearchAction\",\"target\":{\"@type\":\"EntryPoint\",\"urlTemplate\":\"https:\/\/fonsvinum.com\/en\/?s={search_term_string}\"},\"query-input\":{\"@type\":\"PropertyValueSpecification\",\"valueRequired\":true,\"valueName\":\"search_term_string\"}}],\"inLanguage\":\"de\"},{\"@type\":\"Organization\",\"@id\":\"https:\/\/fonsvinum.com\/en\/#organization\",\"name\":\"Fons Vinum\",\"url\":\"https:\/\/fonsvinum.com\/en\/\",\"logo\":{\"@type\":\"ImageObject\",\"inLanguage\":\"de\",\"@id\":\"https:\/\/fonsvinum.com\/en\/#\/schema\/logo\/image\/\",\"url\":\"\",\"contentUrl\":\"\",\"caption\":\"Fons Vinum\"},\"image\":{\"@id\":\"https:\/\/fonsvinum.com\/en\/#\/schema\/logo\/image\/\"}}]}<\/script>\n<!-- \/ Yoast SEO plugin. -->","yoast_head_json":{"title":"Barbera d'Asti Doppiadi Marco Capra I Fonsvinum 2022","description":"Barbera d'Asti Doppiadi Marco Capra 2022","robots":{"index":"index","follow":"follow","max-snippet":"max-snippet:-1","max-image-preview":"max-image-preview:large","max-video-preview":"max-video-preview:-1"},"canonical":"https:\/\/fonsvinum.com\/de\/produkt\/barbera-dasti-doppiadi-marco-capra-2022\/","og_locale":"de_DE","og_type":"article","og_title":"Barbera d'Asti Doppiadi Marco Capra I Fonsvinum 2022","og_description":"Barbera d'Asti Doppiadi Marco Capra 2022","og_url":"https:\/\/fonsvinum.com\/de\/produkt\/barbera-dasti-doppiadi-marco-capra-2022\/","og_site_name":"Fons Vinum","article_modified_time":"2026-01-13T06:49:46+00:00","og_image":[{"width":185,"height":583,"url":"https:\/\/fonsvinum.com\/files\/2017\/11\/barbera-asti-doppiadi-marco-capra.jpg","type":"image\/jpeg"}],"twitter_misc":{"Gesch\u00e4tzte Lesezeit":"2\u00a0Minuten"},"schema":{"@context":"https:\/\/schema.org","@graph":[{"@type":"WebPage","@id":"https:\/\/fonsvinum.com\/de\/produkt\/barbera-dasti-doppiadi-marco-capra-2022\/","url":"https:\/\/fonsvinum.com\/de\/produkt\/barbera-dasti-doppiadi-marco-capra-2022\/","name":"Barbera d'Asti Doppiadi Marco Capra I Fonsvinum 2022","isPartOf":{"@id":"https:\/\/fonsvinum.com\/en\/#website"},"primaryImageOfPage":{"@id":"https:\/\/fonsvinum.com\/de\/produkt\/barbera-dasti-doppiadi-marco-capra-2022\/#primaryimage"},"image":{"@id":"https:\/\/fonsvinum.com\/de\/produkt\/barbera-dasti-doppiadi-marco-capra-2022\/#primaryimage"},"thumbnailUrl":"https:\/\/fonsvinum.com\/files\/2017\/11\/barbera-asti-doppiadi-marco-capra.jpg","datePublished":"2026-01-12T14:55:04+00:00","dateModified":"2026-01-13T06:49:46+00:00","description":"Barbera d'Asti Doppiadi Marco Capra 2022","breadcrumb":{"@id":"https:\/\/fonsvinum.com\/de\/produkt\/barbera-dasti-doppiadi-marco-capra-2022\/#breadcrumb"},"inLanguage":"de","potentialAction":[{"@type":"ReadAction","target":["https:\/\/fonsvinum.com\/de\/produkt\/barbera-dasti-doppiadi-marco-capra-2022\/"]}]},{"@type":"ImageObject","inLanguage":"de","@id":"https:\/\/fonsvinum.com\/de\/produkt\/barbera-dasti-doppiadi-marco-capra-2022\/#primaryimage","url":"https:\/\/fonsvinum.com\/files\/2017\/11\/barbera-asti-doppiadi-marco-capra.jpg","contentUrl":"https:\/\/fonsvinum.com\/files\/2017\/11\/barbera-asti-doppiadi-marco-capra.jpg","width":185,"height":583},{"@type":"BreadcrumbList","@id":"https:\/\/fonsvinum.com\/de\/produkt\/barbera-dasti-doppiadi-marco-capra-2022\/#breadcrumb","itemListElement":[{"@type":"ListItem","position":1,"name":"Startseite","item":"https:\/\/fonsvinum.com\/de\/"},{"@type":"ListItem","position":2,"name":"Shop","item":"https:\/\/fonsvinum.com\/de\/shop\/"},{"@type":"ListItem","position":3,"name":"Barbera d&#8217;Asti Doppiadi Marco Capra 2022"}]},{"@type":"WebSite","@id":"https:\/\/fonsvinum.com\/en\/#website","url":"https:\/\/fonsvinum.com\/en\/","name":"Fons Vinum","description":"Vendita Vino Online","publisher":{"@id":"https:\/\/fonsvinum.com\/en\/#organization"},"potentialAction":[{"@type":"SearchAction","target":{"@type":"EntryPoint","urlTemplate":"https:\/\/fonsvinum.com\/en\/?s={search_term_string}"},"query-input":{"@type":"PropertyValueSpecification","valueRequired":true,"valueName":"search_term_string"}}],"inLanguage":"de"},{"@type":"Organization","@id":"https:\/\/fonsvinum.com\/en\/#organization","name":"Fons Vinum","url":"https:\/\/fonsvinum.com\/en\/","logo":{"@type":"ImageObject","inLanguage":"de","@id":"https:\/\/fonsvinum.com\/en\/#\/schema\/logo\/image\/","url":"","contentUrl":"","caption":"Fons Vinum"},"image":{"@id":"https:\/\/fonsvinum.com\/en\/#\/schema\/logo\/image\/"}}]}},"acf":[],"_links":{"self":[{"href":"https:\/\/fonsvinum.com\/de\/wp-json\/wp\/v2\/product\/48297","targetHints":{"allow":["GET"]}}],"collection":[{"href":"https:\/\/fonsvinum.com\/de\/wp-json\/wp\/v2\/product"}],"about":[{"href":"https:\/\/fonsvinum.com\/de\/wp-json\/wp\/v2\/types\/product"}],"replies":[{"embeddable":true,"href":"https:\/\/fonsvinum.com\/de\/wp-json\/wp\/v2\/comments?post=48297"}],"wp:featuredmedia":[{"embeddable":true,"href":"https:\/\/fonsvinum.com\/de\/wp-json\/wp\/v2\/media\/12213"}],"wp:attachment":[{"href":"https:\/\/fonsvinum.com\/de\/wp-json\/wp\/v2\/media?parent=48297"}],"wp:term":[{"taxonomy":"product_brand","embeddable":true,"href":"https:\/\/fonsvinum.com\/de\/wp-json\/wp\/v2\/product_brand?post=48297"},{"taxonomy":"product_cat","embeddable":true,"href":"https:\/\/fonsvinum.com\/de\/wp-json\/wp\/v2\/product_cat?post=48297"},{"taxonomy":"product_tag","embeddable":true,"href":"https:\/\/fonsvinum.com\/de\/wp-json\/wp\/v2\/product_tag?post=48297"}],"curies":[{"name":"wp","href":"https:\/\/api.w.org\/{rel}","templated":true}]}}