{"id":48277,"date":"2026-01-12T12:19:04","date_gmt":"2026-01-12T11:19:04","guid":{"rendered":"https:\/\/fonsvinum.com\/?post_type=product&#038;p=48277"},"modified":"2026-01-12T12:26:45","modified_gmt":"2026-01-12T11:26:45","slug":"renato-corino-arborina-barolo-2021-2","status":"publish","type":"product","link":"https:\/\/fonsvinum.com\/de\/produkt\/renato-corino-arborina-barolo-2021-2\/","title":{"rendered":"RENATO CORINO Arborina Barolo 2021"},"content":{"rendered":"<h2 class=\"lead\"><a href=\"https:\/\/fonsvinum.com\/de\/attributes\/producer\/renato-corino-de\/\">RENATO CORINO<\/a> Arborina <a href=\"https:\/\/fonsvinum.com\/de\/?s=barolo&amp;post_type=product\">Barolo<\/a> 2021<\/h2>\n<h5 class=\"lead\">Die Geschichte von Weingut Renato Corino<\/h5>\n<p>Das Weingut Renato Corino wurde im Jahr 2005 gegr\u00fcndet. Zuvor sammelte Renato zusammen mit seinem Bruder Giuliano 20 Jahre Erfahrung im v\u00e4terlichen Betrieb Giovanni Corino.<\/p>\n<p>Das wundersch\u00f6ne Anwesen liegt im Herzen des Vigneto Arborina; einer der besten Lagen der Region. Zusammen mit dem Vigneto Rocche dell\u00b4Annunziata repr\u00e4sentieren diese beiden Top-Lagen hervorragende Eigenschaften f\u00fcr die Produktion von Barolo Weinen aus La Morra.<\/p>\n<p>Renato Corino ist bekannt f\u00fcr seine sehr eleganten Barolo-Weine:<\/p>\n<ul>\n<li>Barolo del comune di La Morra<\/li>\n<li>Barolo Arborina<\/li>\n<li>Barolo Rocche dell\u00b4Annunziata<\/li>\n<li>Barolo Riserva<\/li>\n<\/ul>\n<p>Dar\u00fcber hinaus werden die folgenden Weine produziert:<\/p>\n<ul>\n<li>Dolcetto d\u00b4Alba<\/li>\n<li>Barbera d\u00b4Alba<\/li>\n<li>Langhe Nebbiolo<\/li>\n<li>Barbera d\u00b4Alba Pozzo<\/li>\n<\/ul>\n<p>Der Familienbetrieb verf\u00fcgt \u00fcber 7 Hektar Anbaufl\u00e4chen und wird von Renato und seinem Sohn Stefano mit besonders gro\u00dfer Leidenschaft und Sorgfalt gef\u00fchrt.<\/p>\n","protected":false},"excerpt":{"rendered":"<p>RENATO CORINO Arborina Barolo 2021 Die Geschichte von Weingut Renato Corino Das Weingut Renato Corino wurde im Jahr 2005 gegr\u00fcndet. Zuvor sammelte Renato zusammen mit seinem Bruder Giuliano 20 Jahre Erfahrung im v\u00e4terlichen Betrieb Giovanni Corino. Das wundersch\u00f6ne Anwesen liegt im Herzen des Vigneto Arborina; einer der besten Lagen der Region. Zusammen mit dem Vigneto [&hellip;]<\/p>\n","protected":false},"featured_media":24360,"comment_status":"open","ping_status":"closed","template":"","meta":{"_acf_changed":false,"_monsterinsights_skip_tracking":false,"_monsterinsights_sitenote_active":false,"_monsterinsights_sitenote_note":"","_monsterinsights_sitenote_category":0},"product_brand":[],"product_cat":[1824],"product_tag":[15903,15893,15959],"class_list":{"0":"post-48277","1":"product","2":"type-product","3":"status-publish","4":"has-post-thumbnail","6":"product_cat-barolo-de","7":"product_tag-barolo-de","8":"product_tag-piemonte-de","9":"product_tag-vino-rosso-de","10":"pa_appellation-barolo-riserva-docg-de","11":"pa_formato-0-75-l-flasche-de","12":"pa_producer-renato-corino-de","13":"pa_region-piemont-de","14":"pa_vine-100-nebbiolo-de","15":"pa_vintage-18393","17":"first","18":"instock","19":"taxable","20":"shipping-taxable","21":"purchasable","22":"product-type-simple"},"bundled_by":[],"bundle_stock_status":"instock","bundle_stock_quantity":6,"bundle_virtual":false,"bundle_layout":"","bundle_add_to_cart_form_location":"","bundle_editable_in_cart":false,"bundle_sold_individually_context":"","bundle_item_grouping":"","bundle_min_size":"","bundle_max_size":"","bundle_price":[],"bundled_items":[],"bundle_sell_ids":[],"yoast_head":"<!-- This site is optimized with the Yoast SEO plugin v27.2 - https:\/\/yoast.com\/product\/yoast-seo-wordpress\/ -->\n<title>RENATO CORINO Arborina Barolo 2021| FonsVinum<\/title>\n<meta name=\"description\" content=\"RENATO CORINO Arborina Barolo 2021 | FonsVinum\" \/>\n<meta name=\"robots\" content=\"index, follow, max-snippet:-1, max-image-preview:large, max-video-preview:-1\" \/>\n<link rel=\"canonical\" href=\"https:\/\/fonsvinum.com\/de\/produkt\/renato-corino-arborina-barolo-2021-2\/\" \/>\n<meta property=\"og:locale\" content=\"de_DE\" \/>\n<meta property=\"og:type\" content=\"article\" \/>\n<meta property=\"og:title\" content=\"RENATO CORINO Arborina Barolo 2021| FonsVinum\" \/>\n<meta property=\"og:description\" content=\"RENATO CORINO Arborina Barolo 2021 | FonsVinum\" \/>\n<meta property=\"og:url\" content=\"https:\/\/fonsvinum.com\/de\/produkt\/renato-corino-arborina-barolo-2021-2\/\" \/>\n<meta property=\"og:site_name\" content=\"Fons Vinum\" \/>\n<meta property=\"article:modified_time\" content=\"2026-01-12T11:26:45+00:00\" \/>\n<meta property=\"og:image\" content=\"https:\/\/fonsvinum.com\/files\/2020\/04\/barolo-arborina-renato-corino.jpg\" \/>\n\t<meta property=\"og:image:width\" content=\"200\" \/>\n\t<meta property=\"og:image:height\" content=\"600\" \/>\n\t<meta property=\"og:image:type\" content=\"image\/jpeg\" \/>\n<meta name=\"twitter:label1\" content=\"Gesch\u00e4tzte Lesezeit\" \/>\n\t<meta name=\"twitter:data1\" content=\"1\u00a0Minute\" \/>\n<script type=\"application\/ld+json\" class=\"yoast-schema-graph\">{\"@context\":\"https:\/\/schema.org\",\"@graph\":[{\"@type\":\"WebPage\",\"@id\":\"https:\/\/fonsvinum.com\/de\/produkt\/renato-corino-arborina-barolo-2021-2\/\",\"url\":\"https:\/\/fonsvinum.com\/de\/produkt\/renato-corino-arborina-barolo-2021-2\/\",\"name\":\"RENATO CORINO Arborina Barolo 2021| FonsVinum\",\"isPartOf\":{\"@id\":\"https:\/\/fonsvinum.com\/en\/#website\"},\"primaryImageOfPage\":{\"@id\":\"https:\/\/fonsvinum.com\/de\/produkt\/renato-corino-arborina-barolo-2021-2\/#primaryimage\"},\"image\":{\"@id\":\"https:\/\/fonsvinum.com\/de\/produkt\/renato-corino-arborina-barolo-2021-2\/#primaryimage\"},\"thumbnailUrl\":\"https:\/\/fonsvinum.com\/files\/2020\/04\/barolo-arborina-renato-corino.jpg\",\"datePublished\":\"2026-01-12T11:19:04+00:00\",\"dateModified\":\"2026-01-12T11:26:45+00:00\",\"description\":\"RENATO CORINO Arborina Barolo 2021 | FonsVinum\",\"breadcrumb\":{\"@id\":\"https:\/\/fonsvinum.com\/de\/produkt\/renato-corino-arborina-barolo-2021-2\/#breadcrumb\"},\"inLanguage\":\"de\",\"potentialAction\":[{\"@type\":\"ReadAction\",\"target\":[\"https:\/\/fonsvinum.com\/de\/produkt\/renato-corino-arborina-barolo-2021-2\/\"]}]},{\"@type\":\"ImageObject\",\"inLanguage\":\"de\",\"@id\":\"https:\/\/fonsvinum.com\/de\/produkt\/renato-corino-arborina-barolo-2021-2\/#primaryimage\",\"url\":\"https:\/\/fonsvinum.com\/files\/2020\/04\/barolo-arborina-renato-corino.jpg\",\"contentUrl\":\"https:\/\/fonsvinum.com\/files\/2020\/04\/barolo-arborina-renato-corino.jpg\",\"width\":200,\"height\":600},{\"@type\":\"BreadcrumbList\",\"@id\":\"https:\/\/fonsvinum.com\/de\/produkt\/renato-corino-arborina-barolo-2021-2\/#breadcrumb\",\"itemListElement\":[{\"@type\":\"ListItem\",\"position\":1,\"name\":\"Startseite\",\"item\":\"https:\/\/fonsvinum.com\/de\/\"},{\"@type\":\"ListItem\",\"position\":2,\"name\":\"Shop\",\"item\":\"https:\/\/fonsvinum.com\/de\/shop\/\"},{\"@type\":\"ListItem\",\"position\":3,\"name\":\"RENATO CORINO Arborina Barolo 2021\"}]},{\"@type\":\"WebSite\",\"@id\":\"https:\/\/fonsvinum.com\/en\/#website\",\"url\":\"https:\/\/fonsvinum.com\/en\/\",\"name\":\"Fons Vinum\",\"description\":\"Vendita Vino Online\",\"publisher\":{\"@id\":\"https:\/\/fonsvinum.com\/en\/#organization\"},\"potentialAction\":[{\"@type\":\"SearchAction\",\"target\":{\"@type\":\"EntryPoint\",\"urlTemplate\":\"https:\/\/fonsvinum.com\/en\/?s={search_term_string}\"},\"query-input\":{\"@type\":\"PropertyValueSpecification\",\"valueRequired\":true,\"valueName\":\"search_term_string\"}}],\"inLanguage\":\"de\"},{\"@type\":\"Organization\",\"@id\":\"https:\/\/fonsvinum.com\/en\/#organization\",\"name\":\"Fons Vinum\",\"url\":\"https:\/\/fonsvinum.com\/en\/\",\"logo\":{\"@type\":\"ImageObject\",\"inLanguage\":\"de\",\"@id\":\"https:\/\/fonsvinum.com\/en\/#\/schema\/logo\/image\/\",\"url\":\"\",\"contentUrl\":\"\",\"caption\":\"Fons Vinum\"},\"image\":{\"@id\":\"https:\/\/fonsvinum.com\/en\/#\/schema\/logo\/image\/\"}}]}<\/script>\n<!-- \/ Yoast SEO plugin. -->","yoast_head_json":{"title":"RENATO CORINO Arborina Barolo 2021| FonsVinum","description":"RENATO CORINO Arborina Barolo 2021 | FonsVinum","robots":{"index":"index","follow":"follow","max-snippet":"max-snippet:-1","max-image-preview":"max-image-preview:large","max-video-preview":"max-video-preview:-1"},"canonical":"https:\/\/fonsvinum.com\/de\/produkt\/renato-corino-arborina-barolo-2021-2\/","og_locale":"de_DE","og_type":"article","og_title":"RENATO CORINO Arborina Barolo 2021| FonsVinum","og_description":"RENATO CORINO Arborina Barolo 2021 | FonsVinum","og_url":"https:\/\/fonsvinum.com\/de\/produkt\/renato-corino-arborina-barolo-2021-2\/","og_site_name":"Fons Vinum","article_modified_time":"2026-01-12T11:26:45+00:00","og_image":[{"width":200,"height":600,"url":"https:\/\/fonsvinum.com\/files\/2020\/04\/barolo-arborina-renato-corino.jpg","type":"image\/jpeg"}],"twitter_misc":{"Gesch\u00e4tzte Lesezeit":"1\u00a0Minute"},"schema":{"@context":"https:\/\/schema.org","@graph":[{"@type":"WebPage","@id":"https:\/\/fonsvinum.com\/de\/produkt\/renato-corino-arborina-barolo-2021-2\/","url":"https:\/\/fonsvinum.com\/de\/produkt\/renato-corino-arborina-barolo-2021-2\/","name":"RENATO CORINO Arborina Barolo 2021| FonsVinum","isPartOf":{"@id":"https:\/\/fonsvinum.com\/en\/#website"},"primaryImageOfPage":{"@id":"https:\/\/fonsvinum.com\/de\/produkt\/renato-corino-arborina-barolo-2021-2\/#primaryimage"},"image":{"@id":"https:\/\/fonsvinum.com\/de\/produkt\/renato-corino-arborina-barolo-2021-2\/#primaryimage"},"thumbnailUrl":"https:\/\/fonsvinum.com\/files\/2020\/04\/barolo-arborina-renato-corino.jpg","datePublished":"2026-01-12T11:19:04+00:00","dateModified":"2026-01-12T11:26:45+00:00","description":"RENATO CORINO Arborina Barolo 2021 | FonsVinum","breadcrumb":{"@id":"https:\/\/fonsvinum.com\/de\/produkt\/renato-corino-arborina-barolo-2021-2\/#breadcrumb"},"inLanguage":"de","potentialAction":[{"@type":"ReadAction","target":["https:\/\/fonsvinum.com\/de\/produkt\/renato-corino-arborina-barolo-2021-2\/"]}]},{"@type":"ImageObject","inLanguage":"de","@id":"https:\/\/fonsvinum.com\/de\/produkt\/renato-corino-arborina-barolo-2021-2\/#primaryimage","url":"https:\/\/fonsvinum.com\/files\/2020\/04\/barolo-arborina-renato-corino.jpg","contentUrl":"https:\/\/fonsvinum.com\/files\/2020\/04\/barolo-arborina-renato-corino.jpg","width":200,"height":600},{"@type":"BreadcrumbList","@id":"https:\/\/fonsvinum.com\/de\/produkt\/renato-corino-arborina-barolo-2021-2\/#breadcrumb","itemListElement":[{"@type":"ListItem","position":1,"name":"Startseite","item":"https:\/\/fonsvinum.com\/de\/"},{"@type":"ListItem","position":2,"name":"Shop","item":"https:\/\/fonsvinum.com\/de\/shop\/"},{"@type":"ListItem","position":3,"name":"RENATO CORINO Arborina Barolo 2021"}]},{"@type":"WebSite","@id":"https:\/\/fonsvinum.com\/en\/#website","url":"https:\/\/fonsvinum.com\/en\/","name":"Fons Vinum","description":"Vendita Vino Online","publisher":{"@id":"https:\/\/fonsvinum.com\/en\/#organization"},"potentialAction":[{"@type":"SearchAction","target":{"@type":"EntryPoint","urlTemplate":"https:\/\/fonsvinum.com\/en\/?s={search_term_string}"},"query-input":{"@type":"PropertyValueSpecification","valueRequired":true,"valueName":"search_term_string"}}],"inLanguage":"de"},{"@type":"Organization","@id":"https:\/\/fonsvinum.com\/en\/#organization","name":"Fons Vinum","url":"https:\/\/fonsvinum.com\/en\/","logo":{"@type":"ImageObject","inLanguage":"de","@id":"https:\/\/fonsvinum.com\/en\/#\/schema\/logo\/image\/","url":"","contentUrl":"","caption":"Fons Vinum"},"image":{"@id":"https:\/\/fonsvinum.com\/en\/#\/schema\/logo\/image\/"}}]}},"acf":[],"_links":{"self":[{"href":"https:\/\/fonsvinum.com\/de\/wp-json\/wp\/v2\/product\/48277","targetHints":{"allow":["GET"]}}],"collection":[{"href":"https:\/\/fonsvinum.com\/de\/wp-json\/wp\/v2\/product"}],"about":[{"href":"https:\/\/fonsvinum.com\/de\/wp-json\/wp\/v2\/types\/product"}],"replies":[{"embeddable":true,"href":"https:\/\/fonsvinum.com\/de\/wp-json\/wp\/v2\/comments?post=48277"}],"wp:featuredmedia":[{"embeddable":true,"href":"https:\/\/fonsvinum.com\/de\/wp-json\/wp\/v2\/media\/24360"}],"wp:attachment":[{"href":"https:\/\/fonsvinum.com\/de\/wp-json\/wp\/v2\/media?parent=48277"}],"wp:term":[{"taxonomy":"product_brand","embeddable":true,"href":"https:\/\/fonsvinum.com\/de\/wp-json\/wp\/v2\/product_brand?post=48277"},{"taxonomy":"product_cat","embeddable":true,"href":"https:\/\/fonsvinum.com\/de\/wp-json\/wp\/v2\/product_cat?post=48277"},{"taxonomy":"product_tag","embeddable":true,"href":"https:\/\/fonsvinum.com\/de\/wp-json\/wp\/v2\/product_tag?post=48277"}],"curies":[{"name":"wp","href":"https:\/\/api.w.org\/{rel}","templated":true}]}}