{"id":48253,"date":"2026-01-12T06:54:58","date_gmt":"2026-01-12T05:54:58","guid":{"rendered":"https:\/\/fonsvinum.com\/?post_type=product&#038;p=48253"},"modified":"2026-01-12T07:00:21","modified_gmt":"2026-01-12T06:00:21","slug":"vigneti-massa-timorasso-derthona-2023","status":"publish","type":"product","link":"https:\/\/fonsvinum.com\/de\/produkt\/vigneti-massa-timorasso-derthona-2023\/","title":{"rendered":"VIGNETI MASSA Timorasso Derthona 2023"},"content":{"rendered":"<h1>VIGNETI MASSA Timorasso Derthona 2023<\/h1>\n<p>Timorasso Derthona ist einer der Eckpfeiler von Walter Massas Weinstil und trug ma\u00dfgeblich zur Wiederbelebung dieser Rebsorte bei, die seit dem 12. Jahrhundert, als sie noch als \u201eGrignolato\u201c bekannt war, von den Tortona-H\u00fcgeln bis in die Umgebung von Turin kultiviert wird.<\/p>\n<p>Walter Massas Arbeit mit Timorasso begann 1987 an diesem wundersch\u00f6nen Schnittpunkt von Piemont, Lombardei, Emilia und Ligurien, nach einer langen Karriere in der F\u00f6rderung von Barbera.<\/p>\n<p>Nach mehreren Studienreisen zu einigen der besten friaulischen Wei\u00dfweinproduzenten kehrte Walter Massa in seine Heimatstadt Monleale im Piemont zur\u00fcck, um die Reifung auf der Feinhefe f\u00fcr Timorasso anzuwenden und mit der Produktion eines piemontesischen Wei\u00dfweins zu beginnen, der f\u00fcr die Lagerung bestimmt ist.<\/p>\n<p>Nach vielen Jahren scheint Walter Massas Arbeit Fr\u00fcchte getragen zu haben:<\/p>\n<p>Seine Weine erreichen ein bemerkenswertes Ausdrucksniveau und ziehen die Aufmerksamkeit f\u00fchrender Weinf\u00fchrer auf sich. Zahlreiche lokale Erzeuger folgen seinem Beispiel und beleben die Arbeit, das Potenzial des Timorasso wiederzuentdecken. Derthona ist ein hervorragendes Beispiel f\u00fcr die wichtigsten Merkmale des Timorasso: Kraft, Struktur, mineralische Komplexit\u00e4t und andere Aromen, die diesem uralten, wiederbelebten Wein viel Entwicklungspotenzial verleihen.<\/p>\n<h3>Reifung:<\/h3>\n<p>Mindestens 6 Monate Flaschenreife, doch je l\u00e4nger er reift, desto komplexer wird er.<\/p>\n<p>Der Wein ist wie fl\u00fcssige Kreide, Kalkstein, der die Geschmacksknospen umh\u00fcllt, gefolgt von einer \u00fcppigen und belebenden S\u00e4ure.<\/p>\n<p>Ein Wein, der sich vom Trend der kr\u00e4ftigeren Weine Massas abhebt.<\/p>\n<p>Dieser Timorasso ist subtiler und saftiger als gew\u00f6hnlich.<\/p>\n<h3>Geschmack:<\/h3>\n<p>Warme Empfindungen, mit einem guten Alkoholgehalt, der von einer bemerkenswerten mineralischen Frische ausbalanciert wird. lang und beharrlich.<\/p>\n","protected":false},"excerpt":{"rendered":"<p>VIGNETI MASSA Timorasso Derthona 2023 Timorasso Derthona ist einer der Eckpfeiler von Walter Massas Weinstil und trug ma\u00dfgeblich zur Wiederbelebung dieser Rebsorte bei, die seit dem 12. Jahrhundert, als sie noch als \u201eGrignolato\u201c bekannt war, von den Tortona-H\u00fcgeln bis in die Umgebung von Turin kultiviert wird. Walter Massas Arbeit mit Timorasso begann 1987 an diesem [&hellip;]<\/p>\n","protected":false},"featured_media":3788,"comment_status":"open","ping_status":"closed","template":"","meta":{"_acf_changed":false,"_monsterinsights_skip_tracking":false,"_monsterinsights_sitenote_active":false,"_monsterinsights_sitenote_note":"","_monsterinsights_sitenote_category":0},"product_brand":[],"product_cat":[2318],"product_tag":[],"class_list":{"0":"post-48253","1":"product","2":"type-product","3":"status-publish","4":"has-post-thumbnail","6":"product_cat-timorasso-de","7":"pa_appellation-colli-tortonesi-doc-de","8":"pa_formato-0-75-l-flasche-de","9":"pa_producer-vigneti-massa-en-de","10":"pa_region-piemont-de","11":"pa_vintage-18401","13":"first","14":"instock","15":"sale","16":"taxable","17":"shipping-taxable","18":"purchasable","19":"product-type-simple"},"bundled_by":[],"bundle_stock_status":"instock","bundle_stock_quantity":2,"bundle_virtual":false,"bundle_layout":"","bundle_add_to_cart_form_location":"","bundle_editable_in_cart":false,"bundle_sold_individually_context":"","bundle_item_grouping":"","bundle_min_size":"","bundle_max_size":"","bundle_price":[],"bundled_items":[],"bundle_sell_ids":[],"yoast_head":"<!-- This site is optimized with the Yoast SEO plugin v27.2 - https:\/\/yoast.com\/product\/yoast-seo-wordpress\/ -->\n<title>Timorasso DOC DERTHONA Vigneti Massa 2023 Online kaufen<\/title>\n<meta name=\"description\" content=\"Timorasso DOC &quot;Derthona&quot; Vigneti Massa 2023 colli tortonesi wein\" \/>\n<meta name=\"robots\" content=\"index, follow, max-snippet:-1, max-image-preview:large, max-video-preview:-1\" \/>\n<link rel=\"canonical\" href=\"https:\/\/fonsvinum.com\/de\/produkt\/vigneti-massa-timorasso-derthona-2023\/\" \/>\n<meta property=\"og:locale\" content=\"de_DE\" \/>\n<meta property=\"og:type\" content=\"article\" \/>\n<meta property=\"og:title\" content=\"Timorasso DOC DERTHONA Vigneti Massa 2023 Online kaufen\" \/>\n<meta property=\"og:description\" content=\"Timorasso DOC &quot;Derthona&quot; Vigneti Massa 2023 colli tortonesi wein\" \/>\n<meta property=\"og:url\" content=\"https:\/\/fonsvinum.com\/de\/produkt\/vigneti-massa-timorasso-derthona-2023\/\" \/>\n<meta property=\"og:site_name\" content=\"Fons Vinum\" \/>\n<meta property=\"article:modified_time\" content=\"2026-01-12T06:00:21+00:00\" \/>\n<meta property=\"og:image\" content=\"https:\/\/fonsvinum.com\/files\/2014\/12\/timorasso-derthona-vigneti-massa.png\" \/>\n\t<meta property=\"og:image:width\" content=\"200\" \/>\n\t<meta property=\"og:image:height\" content=\"600\" \/>\n\t<meta property=\"og:image:type\" content=\"image\/png\" \/>\n<meta name=\"twitter:label1\" content=\"Gesch\u00e4tzte Lesezeit\" \/>\n\t<meta name=\"twitter:data1\" content=\"2\u00a0Minuten\" \/>\n<script type=\"application\/ld+json\" class=\"yoast-schema-graph\">{\"@context\":\"https:\/\/schema.org\",\"@graph\":[{\"@type\":\"WebPage\",\"@id\":\"https:\/\/fonsvinum.com\/de\/produkt\/vigneti-massa-timorasso-derthona-2023\/\",\"url\":\"https:\/\/fonsvinum.com\/de\/produkt\/vigneti-massa-timorasso-derthona-2023\/\",\"name\":\"Timorasso DOC DERTHONA Vigneti Massa 2023 Online kaufen\",\"isPartOf\":{\"@id\":\"https:\/\/fonsvinum.com\/en\/#website\"},\"primaryImageOfPage\":{\"@id\":\"https:\/\/fonsvinum.com\/de\/produkt\/vigneti-massa-timorasso-derthona-2023\/#primaryimage\"},\"image\":{\"@id\":\"https:\/\/fonsvinum.com\/de\/produkt\/vigneti-massa-timorasso-derthona-2023\/#primaryimage\"},\"thumbnailUrl\":\"https:\/\/fonsvinum.com\/files\/2014\/12\/timorasso-derthona-vigneti-massa.png\",\"datePublished\":\"2026-01-12T05:54:58+00:00\",\"dateModified\":\"2026-01-12T06:00:21+00:00\",\"description\":\"Timorasso DOC \\\"Derthona\\\" Vigneti Massa 2023 colli tortonesi wein\",\"breadcrumb\":{\"@id\":\"https:\/\/fonsvinum.com\/de\/produkt\/vigneti-massa-timorasso-derthona-2023\/#breadcrumb\"},\"inLanguage\":\"de\",\"potentialAction\":[{\"@type\":\"ReadAction\",\"target\":[\"https:\/\/fonsvinum.com\/de\/produkt\/vigneti-massa-timorasso-derthona-2023\/\"]}]},{\"@type\":\"ImageObject\",\"inLanguage\":\"de\",\"@id\":\"https:\/\/fonsvinum.com\/de\/produkt\/vigneti-massa-timorasso-derthona-2023\/#primaryimage\",\"url\":\"https:\/\/fonsvinum.com\/files\/2014\/12\/timorasso-derthona-vigneti-massa.png\",\"contentUrl\":\"https:\/\/fonsvinum.com\/files\/2014\/12\/timorasso-derthona-vigneti-massa.png\",\"width\":200,\"height\":600},{\"@type\":\"BreadcrumbList\",\"@id\":\"https:\/\/fonsvinum.com\/de\/produkt\/vigneti-massa-timorasso-derthona-2023\/#breadcrumb\",\"itemListElement\":[{\"@type\":\"ListItem\",\"position\":1,\"name\":\"Startseite\",\"item\":\"https:\/\/fonsvinum.com\/de\/\"},{\"@type\":\"ListItem\",\"position\":2,\"name\":\"Shop\",\"item\":\"https:\/\/fonsvinum.com\/de\/shop\/\"},{\"@type\":\"ListItem\",\"position\":3,\"name\":\"VIGNETI MASSA Timorasso Derthona 2023\"}]},{\"@type\":\"WebSite\",\"@id\":\"https:\/\/fonsvinum.com\/en\/#website\",\"url\":\"https:\/\/fonsvinum.com\/en\/\",\"name\":\"Fons Vinum\",\"description\":\"Vendita Vino Online\",\"publisher\":{\"@id\":\"https:\/\/fonsvinum.com\/en\/#organization\"},\"potentialAction\":[{\"@type\":\"SearchAction\",\"target\":{\"@type\":\"EntryPoint\",\"urlTemplate\":\"https:\/\/fonsvinum.com\/en\/?s={search_term_string}\"},\"query-input\":{\"@type\":\"PropertyValueSpecification\",\"valueRequired\":true,\"valueName\":\"search_term_string\"}}],\"inLanguage\":\"de\"},{\"@type\":\"Organization\",\"@id\":\"https:\/\/fonsvinum.com\/en\/#organization\",\"name\":\"Fons Vinum\",\"url\":\"https:\/\/fonsvinum.com\/en\/\",\"logo\":{\"@type\":\"ImageObject\",\"inLanguage\":\"de\",\"@id\":\"https:\/\/fonsvinum.com\/en\/#\/schema\/logo\/image\/\",\"url\":\"\",\"contentUrl\":\"\",\"caption\":\"Fons Vinum\"},\"image\":{\"@id\":\"https:\/\/fonsvinum.com\/en\/#\/schema\/logo\/image\/\"}}]}<\/script>\n<!-- \/ Yoast SEO plugin. -->","yoast_head_json":{"title":"Timorasso DOC DERTHONA Vigneti Massa 2023 Online kaufen","description":"Timorasso DOC \"Derthona\" Vigneti Massa 2023 colli tortonesi wein","robots":{"index":"index","follow":"follow","max-snippet":"max-snippet:-1","max-image-preview":"max-image-preview:large","max-video-preview":"max-video-preview:-1"},"canonical":"https:\/\/fonsvinum.com\/de\/produkt\/vigneti-massa-timorasso-derthona-2023\/","og_locale":"de_DE","og_type":"article","og_title":"Timorasso DOC DERTHONA Vigneti Massa 2023 Online kaufen","og_description":"Timorasso DOC \"Derthona\" Vigneti Massa 2023 colli tortonesi wein","og_url":"https:\/\/fonsvinum.com\/de\/produkt\/vigneti-massa-timorasso-derthona-2023\/","og_site_name":"Fons Vinum","article_modified_time":"2026-01-12T06:00:21+00:00","og_image":[{"width":200,"height":600,"url":"https:\/\/fonsvinum.com\/files\/2014\/12\/timorasso-derthona-vigneti-massa.png","type":"image\/png"}],"twitter_misc":{"Gesch\u00e4tzte Lesezeit":"2\u00a0Minuten"},"schema":{"@context":"https:\/\/schema.org","@graph":[{"@type":"WebPage","@id":"https:\/\/fonsvinum.com\/de\/produkt\/vigneti-massa-timorasso-derthona-2023\/","url":"https:\/\/fonsvinum.com\/de\/produkt\/vigneti-massa-timorasso-derthona-2023\/","name":"Timorasso DOC DERTHONA Vigneti Massa 2023 Online kaufen","isPartOf":{"@id":"https:\/\/fonsvinum.com\/en\/#website"},"primaryImageOfPage":{"@id":"https:\/\/fonsvinum.com\/de\/produkt\/vigneti-massa-timorasso-derthona-2023\/#primaryimage"},"image":{"@id":"https:\/\/fonsvinum.com\/de\/produkt\/vigneti-massa-timorasso-derthona-2023\/#primaryimage"},"thumbnailUrl":"https:\/\/fonsvinum.com\/files\/2014\/12\/timorasso-derthona-vigneti-massa.png","datePublished":"2026-01-12T05:54:58+00:00","dateModified":"2026-01-12T06:00:21+00:00","description":"Timorasso DOC \"Derthona\" Vigneti Massa 2023 colli tortonesi wein","breadcrumb":{"@id":"https:\/\/fonsvinum.com\/de\/produkt\/vigneti-massa-timorasso-derthona-2023\/#breadcrumb"},"inLanguage":"de","potentialAction":[{"@type":"ReadAction","target":["https:\/\/fonsvinum.com\/de\/produkt\/vigneti-massa-timorasso-derthona-2023\/"]}]},{"@type":"ImageObject","inLanguage":"de","@id":"https:\/\/fonsvinum.com\/de\/produkt\/vigneti-massa-timorasso-derthona-2023\/#primaryimage","url":"https:\/\/fonsvinum.com\/files\/2014\/12\/timorasso-derthona-vigneti-massa.png","contentUrl":"https:\/\/fonsvinum.com\/files\/2014\/12\/timorasso-derthona-vigneti-massa.png","width":200,"height":600},{"@type":"BreadcrumbList","@id":"https:\/\/fonsvinum.com\/de\/produkt\/vigneti-massa-timorasso-derthona-2023\/#breadcrumb","itemListElement":[{"@type":"ListItem","position":1,"name":"Startseite","item":"https:\/\/fonsvinum.com\/de\/"},{"@type":"ListItem","position":2,"name":"Shop","item":"https:\/\/fonsvinum.com\/de\/shop\/"},{"@type":"ListItem","position":3,"name":"VIGNETI MASSA Timorasso Derthona 2023"}]},{"@type":"WebSite","@id":"https:\/\/fonsvinum.com\/en\/#website","url":"https:\/\/fonsvinum.com\/en\/","name":"Fons Vinum","description":"Vendita Vino Online","publisher":{"@id":"https:\/\/fonsvinum.com\/en\/#organization"},"potentialAction":[{"@type":"SearchAction","target":{"@type":"EntryPoint","urlTemplate":"https:\/\/fonsvinum.com\/en\/?s={search_term_string}"},"query-input":{"@type":"PropertyValueSpecification","valueRequired":true,"valueName":"search_term_string"}}],"inLanguage":"de"},{"@type":"Organization","@id":"https:\/\/fonsvinum.com\/en\/#organization","name":"Fons Vinum","url":"https:\/\/fonsvinum.com\/en\/","logo":{"@type":"ImageObject","inLanguage":"de","@id":"https:\/\/fonsvinum.com\/en\/#\/schema\/logo\/image\/","url":"","contentUrl":"","caption":"Fons Vinum"},"image":{"@id":"https:\/\/fonsvinum.com\/en\/#\/schema\/logo\/image\/"}}]}},"acf":[],"_links":{"self":[{"href":"https:\/\/fonsvinum.com\/de\/wp-json\/wp\/v2\/product\/48253","targetHints":{"allow":["GET"]}}],"collection":[{"href":"https:\/\/fonsvinum.com\/de\/wp-json\/wp\/v2\/product"}],"about":[{"href":"https:\/\/fonsvinum.com\/de\/wp-json\/wp\/v2\/types\/product"}],"replies":[{"embeddable":true,"href":"https:\/\/fonsvinum.com\/de\/wp-json\/wp\/v2\/comments?post=48253"}],"wp:featuredmedia":[{"embeddable":true,"href":"https:\/\/fonsvinum.com\/de\/wp-json\/wp\/v2\/media\/3788"}],"wp:attachment":[{"href":"https:\/\/fonsvinum.com\/de\/wp-json\/wp\/v2\/media?parent=48253"}],"wp:term":[{"taxonomy":"product_brand","embeddable":true,"href":"https:\/\/fonsvinum.com\/de\/wp-json\/wp\/v2\/product_brand?post=48253"},{"taxonomy":"product_cat","embeddable":true,"href":"https:\/\/fonsvinum.com\/de\/wp-json\/wp\/v2\/product_cat?post=48253"},{"taxonomy":"product_tag","embeddable":true,"href":"https:\/\/fonsvinum.com\/de\/wp-json\/wp\/v2\/product_tag?post=48253"}],"curies":[{"name":"wp","href":"https:\/\/api.w.org\/{rel}","templated":true}]}}