{"id":48193,"date":"2026-01-09T07:33:30","date_gmt":"2026-01-09T06:33:30","guid":{"rendered":"https:\/\/fonsvinum.com\/?post_type=product&#038;p=48193"},"modified":"2026-01-09T07:48:07","modified_gmt":"2026-01-09T06:48:07","slug":"la-spinetta-langhe-bianco-sauvignon-2019","status":"publish","type":"product","link":"https:\/\/fonsvinum.com\/de\/produkt\/la-spinetta-langhe-bianco-sauvignon-2019\/","title":{"rendered":"LA SPINETTA Langhe Bianco Sauvignon 2019"},"content":{"rendered":"<h2><a href=\"https:\/\/fonsvinum.com\/de\/attributes\/producer\/la-spinetta-de\/\">LA SPINETTA<\/a> Langhe Bianco Sauvignon 2019<\/h2>\n<p>LA SPINETTA Langhe Bianco <a href=\"https:\/\/www.shopinlanghe.com\/sellers?render_type=sellerview&amp;id_seller=5\">Sauvignon<\/a> 2019<\/p>\n<p>La Spinetta, ein f\u00fchrendes Weingut in der Langhe und im Asti-Gebiet, wurde 1977 von Giuseppe und Lidia Rivetti gegr\u00fcndet.<\/p>\n<p>Giovanni Rivetti war jedoch bereits 1890 nach Argentinien ausgewandert. Er tr\u00e4umte davon, sein Gl\u00fcck zu machen und dann in seine Heimat zur\u00fcckzukehren, um ein bedeutender Weinproduzent zu werden.<\/p>\n<p>Sein Sohn Giuseppe verwirklichte diesen Traum. Er erwarb die ersten Weinberge und begann mit der Produktion von Moscato d&#8217;Asti, einem unkomplizierten, leichten Wein, der hervorragend zu Desserts passt. In den folgenden Jahren begann die Familie Rivetti erfolgreich mit der Produktion von Rotweinen, insbesondere Barbera und Barbaresco, die im Jahr 2000 mit der Entstehung eines der renommiertesten Barolos der Region, Camp\u00e8, ihren H\u00f6hepunkt erreichte.<\/p>\n<p>Alle Weine von La Spinetta sind das Ergebnis langj\u00e4hriger und sorgf\u00e4ltiger Arbeit mit den einheimischen Rebsorten der Region. Es ist in der Tat eine Reise, die im Weinberg beginnt und sich erst im Keller fortsetzt.<\/p>\n<p>Tats\u00e4chlich ist man \u00fcberzeugt, dass f\u00fcr herausragende Ergebnisse 90 % der Arbeit dem Boden und nur die restlichen 10 % der Weinherstellung und Reifung gewidmet sein m\u00fcssen.<\/p>\n<h3>LANGHE BIANCO SAUVIGNON<\/h3>\n<p>Lage: Mango-Weinberg. Sandiger Boden mit \u00fcber 30 Jahre alten Reben. 500 Meter \u00fcber dem Meeresspiegel.<\/p>\n<p>Vinifizierung: Alkoholische und malolaktische G\u00e4rung finden in neuen 2.000-Liter-F\u00e4ssern aus franz\u00f6sischer Eiche statt. 12 Monate Reifung in denselben F\u00e4ssern, gefolgt von weiteren 24 Monaten in Edelstahltanks. Abf\u00fcllung 42 Monate nach der Lese.<\/p>\n<p>Verkostungsnotizen und Speiseempfehlungen<br \/>\nFarbe: Strahlendes Strohgelb mit gr\u00fcnlichen Reflexen.<br \/>\nDuft: Ankl\u00e4nge von Zitrone, Estragon und Passionsfrucht.<br \/>\nGeschmack: W\u00fcrzig, elegant und vollmundig am Gaumen, mit s\u00fc\u00dfen und zitrusartigen Noten. Ausgezeichnete Balance zwischen Struktur und Finesse.<\/p>\n<p>Passt hervorragend zu: Auch als Aperitif ist er exzellent und harmoniert gut mit delikaten Gem\u00fcsevorspeisen, Cremesuppen und Suppen. Besonders gut passt er zu ged\u00fcnstetem Spargel.<\/p>\n","protected":false},"excerpt":{"rendered":"<p>LA SPINETTA Langhe Bianco Sauvignon 2019 LA SPINETTA Langhe Bianco Sauvignon 2019 La Spinetta, ein f\u00fchrendes Weingut in der Langhe und im Asti-Gebiet, wurde 1977 von Giuseppe und Lidia Rivetti gegr\u00fcndet. Giovanni Rivetti war jedoch bereits 1890 nach Argentinien ausgewandert. Er tr\u00e4umte davon, sein Gl\u00fcck zu machen und dann in seine Heimat zur\u00fcckzukehren, um ein [&hellip;]<\/p>\n","protected":false},"featured_media":36110,"comment_status":"open","ping_status":"closed","template":"","meta":{"_acf_changed":false,"_monsterinsights_skip_tracking":false,"_monsterinsights_sitenote_active":false,"_monsterinsights_sitenote_note":"","_monsterinsights_sitenote_category":0},"product_brand":[],"product_cat":[2314],"product_tag":[15893],"class_list":{"0":"post-48193","1":"product","2":"type-product","3":"status-publish","4":"has-post-thumbnail","6":"product_cat-sauvignon-de","7":"product_tag-piemonte-de","8":"pa_appellation-langhe-doc-bianco-de","9":"pa_formato-0-75-l-flasche-de","10":"pa_producer-la-spinetta-de","11":"pa_region-piemont-de","12":"pa_vine-100-sauvignon-de","13":"pa_vintage-2019-de","15":"first","16":"instock","17":"taxable","18":"shipping-taxable","19":"purchasable","20":"product-type-simple"},"bundled_by":[],"bundle_stock_status":"instock","bundle_stock_quantity":3,"bundle_virtual":false,"bundle_layout":"","bundle_add_to_cart_form_location":"","bundle_editable_in_cart":false,"bundle_sold_individually_context":"","bundle_item_grouping":"","bundle_min_size":"","bundle_max_size":"","bundle_price":[],"bundled_items":[],"bundle_sell_ids":[],"yoast_head":"<!-- This site is optimized with the Yoast SEO plugin v27.2 - https:\/\/yoast.com\/product\/yoast-seo-wordpress\/ -->\n<title>LA SPINETTA Langhe Bianco Sauvignon 2019<\/title>\n<meta name=\"description\" content=\"Kaufen online LA SPINETTA Langhe Bianco Sauvignon 2019 - Fons Vinum\" \/>\n<meta name=\"robots\" content=\"index, follow, max-snippet:-1, max-image-preview:large, max-video-preview:-1\" \/>\n<link rel=\"canonical\" href=\"https:\/\/fonsvinum.com\/de\/produkt\/la-spinetta-langhe-bianco-sauvignon-2019\/\" \/>\n<meta property=\"og:locale\" content=\"de_DE\" \/>\n<meta property=\"og:type\" content=\"article\" \/>\n<meta property=\"og:title\" content=\"LA SPINETTA Langhe Bianco Sauvignon 2019\" \/>\n<meta property=\"og:description\" content=\"Kaufen online LA SPINETTA Langhe Bianco Sauvignon 2019 - Fons Vinum\" \/>\n<meta property=\"og:url\" content=\"https:\/\/fonsvinum.com\/de\/produkt\/la-spinetta-langhe-bianco-sauvignon-2019\/\" \/>\n<meta property=\"og:site_name\" content=\"Fons Vinum\" \/>\n<meta property=\"article:modified_time\" content=\"2026-01-09T06:48:07+00:00\" \/>\n<meta property=\"og:image\" content=\"https:\/\/fonsvinum.com\/files\/2021\/11\/la-spinetta-langhe-bianco-sauvignon.jpg\" \/>\n\t<meta property=\"og:image:width\" content=\"200\" \/>\n\t<meta property=\"og:image:height\" content=\"600\" \/>\n\t<meta property=\"og:image:type\" content=\"image\/jpeg\" \/>\n<meta name=\"twitter:label1\" content=\"Gesch\u00e4tzte Lesezeit\" \/>\n\t<meta name=\"twitter:data1\" content=\"2\u00a0Minuten\" \/>\n<script type=\"application\/ld+json\" class=\"yoast-schema-graph\">{\"@context\":\"https:\/\/schema.org\",\"@graph\":[{\"@type\":\"WebPage\",\"@id\":\"https:\/\/fonsvinum.com\/de\/produkt\/la-spinetta-langhe-bianco-sauvignon-2019\/\",\"url\":\"https:\/\/fonsvinum.com\/de\/produkt\/la-spinetta-langhe-bianco-sauvignon-2019\/\",\"name\":\"LA SPINETTA Langhe Bianco Sauvignon 2019\",\"isPartOf\":{\"@id\":\"https:\/\/fonsvinum.com\/en\/#website\"},\"primaryImageOfPage\":{\"@id\":\"https:\/\/fonsvinum.com\/de\/produkt\/la-spinetta-langhe-bianco-sauvignon-2019\/#primaryimage\"},\"image\":{\"@id\":\"https:\/\/fonsvinum.com\/de\/produkt\/la-spinetta-langhe-bianco-sauvignon-2019\/#primaryimage\"},\"thumbnailUrl\":\"https:\/\/fonsvinum.com\/files\/2021\/11\/la-spinetta-langhe-bianco-sauvignon.jpg\",\"datePublished\":\"2026-01-09T06:33:30+00:00\",\"dateModified\":\"2026-01-09T06:48:07+00:00\",\"description\":\"Kaufen online LA SPINETTA Langhe Bianco Sauvignon 2019 - Fons Vinum\",\"breadcrumb\":{\"@id\":\"https:\/\/fonsvinum.com\/de\/produkt\/la-spinetta-langhe-bianco-sauvignon-2019\/#breadcrumb\"},\"inLanguage\":\"de\",\"potentialAction\":[{\"@type\":\"ReadAction\",\"target\":[\"https:\/\/fonsvinum.com\/de\/produkt\/la-spinetta-langhe-bianco-sauvignon-2019\/\"]}]},{\"@type\":\"ImageObject\",\"inLanguage\":\"de\",\"@id\":\"https:\/\/fonsvinum.com\/de\/produkt\/la-spinetta-langhe-bianco-sauvignon-2019\/#primaryimage\",\"url\":\"https:\/\/fonsvinum.com\/files\/2021\/11\/la-spinetta-langhe-bianco-sauvignon.jpg\",\"contentUrl\":\"https:\/\/fonsvinum.com\/files\/2021\/11\/la-spinetta-langhe-bianco-sauvignon.jpg\",\"width\":200,\"height\":600},{\"@type\":\"BreadcrumbList\",\"@id\":\"https:\/\/fonsvinum.com\/de\/produkt\/la-spinetta-langhe-bianco-sauvignon-2019\/#breadcrumb\",\"itemListElement\":[{\"@type\":\"ListItem\",\"position\":1,\"name\":\"Startseite\",\"item\":\"https:\/\/fonsvinum.com\/de\/\"},{\"@type\":\"ListItem\",\"position\":2,\"name\":\"Shop\",\"item\":\"https:\/\/fonsvinum.com\/de\/shop\/\"},{\"@type\":\"ListItem\",\"position\":3,\"name\":\"LA SPINETTA Langhe Bianco Sauvignon 2019\"}]},{\"@type\":\"WebSite\",\"@id\":\"https:\/\/fonsvinum.com\/en\/#website\",\"url\":\"https:\/\/fonsvinum.com\/en\/\",\"name\":\"Fons Vinum\",\"description\":\"Vendita Vino Online\",\"publisher\":{\"@id\":\"https:\/\/fonsvinum.com\/en\/#organization\"},\"potentialAction\":[{\"@type\":\"SearchAction\",\"target\":{\"@type\":\"EntryPoint\",\"urlTemplate\":\"https:\/\/fonsvinum.com\/en\/?s={search_term_string}\"},\"query-input\":{\"@type\":\"PropertyValueSpecification\",\"valueRequired\":true,\"valueName\":\"search_term_string\"}}],\"inLanguage\":\"de\"},{\"@type\":\"Organization\",\"@id\":\"https:\/\/fonsvinum.com\/en\/#organization\",\"name\":\"Fons Vinum\",\"url\":\"https:\/\/fonsvinum.com\/en\/\",\"logo\":{\"@type\":\"ImageObject\",\"inLanguage\":\"de\",\"@id\":\"https:\/\/fonsvinum.com\/en\/#\/schema\/logo\/image\/\",\"url\":\"\",\"contentUrl\":\"\",\"caption\":\"Fons Vinum\"},\"image\":{\"@id\":\"https:\/\/fonsvinum.com\/en\/#\/schema\/logo\/image\/\"}}]}<\/script>\n<!-- \/ Yoast SEO plugin. -->","yoast_head_json":{"title":"LA SPINETTA Langhe Bianco Sauvignon 2019","description":"Kaufen online LA SPINETTA Langhe Bianco Sauvignon 2019 - Fons Vinum","robots":{"index":"index","follow":"follow","max-snippet":"max-snippet:-1","max-image-preview":"max-image-preview:large","max-video-preview":"max-video-preview:-1"},"canonical":"https:\/\/fonsvinum.com\/de\/produkt\/la-spinetta-langhe-bianco-sauvignon-2019\/","og_locale":"de_DE","og_type":"article","og_title":"LA SPINETTA Langhe Bianco Sauvignon 2019","og_description":"Kaufen online LA SPINETTA Langhe Bianco Sauvignon 2019 - Fons Vinum","og_url":"https:\/\/fonsvinum.com\/de\/produkt\/la-spinetta-langhe-bianco-sauvignon-2019\/","og_site_name":"Fons Vinum","article_modified_time":"2026-01-09T06:48:07+00:00","og_image":[{"width":200,"height":600,"url":"https:\/\/fonsvinum.com\/files\/2021\/11\/la-spinetta-langhe-bianco-sauvignon.jpg","type":"image\/jpeg"}],"twitter_misc":{"Gesch\u00e4tzte Lesezeit":"2\u00a0Minuten"},"schema":{"@context":"https:\/\/schema.org","@graph":[{"@type":"WebPage","@id":"https:\/\/fonsvinum.com\/de\/produkt\/la-spinetta-langhe-bianco-sauvignon-2019\/","url":"https:\/\/fonsvinum.com\/de\/produkt\/la-spinetta-langhe-bianco-sauvignon-2019\/","name":"LA SPINETTA Langhe Bianco Sauvignon 2019","isPartOf":{"@id":"https:\/\/fonsvinum.com\/en\/#website"},"primaryImageOfPage":{"@id":"https:\/\/fonsvinum.com\/de\/produkt\/la-spinetta-langhe-bianco-sauvignon-2019\/#primaryimage"},"image":{"@id":"https:\/\/fonsvinum.com\/de\/produkt\/la-spinetta-langhe-bianco-sauvignon-2019\/#primaryimage"},"thumbnailUrl":"https:\/\/fonsvinum.com\/files\/2021\/11\/la-spinetta-langhe-bianco-sauvignon.jpg","datePublished":"2026-01-09T06:33:30+00:00","dateModified":"2026-01-09T06:48:07+00:00","description":"Kaufen online LA SPINETTA Langhe Bianco Sauvignon 2019 - Fons Vinum","breadcrumb":{"@id":"https:\/\/fonsvinum.com\/de\/produkt\/la-spinetta-langhe-bianco-sauvignon-2019\/#breadcrumb"},"inLanguage":"de","potentialAction":[{"@type":"ReadAction","target":["https:\/\/fonsvinum.com\/de\/produkt\/la-spinetta-langhe-bianco-sauvignon-2019\/"]}]},{"@type":"ImageObject","inLanguage":"de","@id":"https:\/\/fonsvinum.com\/de\/produkt\/la-spinetta-langhe-bianco-sauvignon-2019\/#primaryimage","url":"https:\/\/fonsvinum.com\/files\/2021\/11\/la-spinetta-langhe-bianco-sauvignon.jpg","contentUrl":"https:\/\/fonsvinum.com\/files\/2021\/11\/la-spinetta-langhe-bianco-sauvignon.jpg","width":200,"height":600},{"@type":"BreadcrumbList","@id":"https:\/\/fonsvinum.com\/de\/produkt\/la-spinetta-langhe-bianco-sauvignon-2019\/#breadcrumb","itemListElement":[{"@type":"ListItem","position":1,"name":"Startseite","item":"https:\/\/fonsvinum.com\/de\/"},{"@type":"ListItem","position":2,"name":"Shop","item":"https:\/\/fonsvinum.com\/de\/shop\/"},{"@type":"ListItem","position":3,"name":"LA SPINETTA Langhe Bianco Sauvignon 2019"}]},{"@type":"WebSite","@id":"https:\/\/fonsvinum.com\/en\/#website","url":"https:\/\/fonsvinum.com\/en\/","name":"Fons Vinum","description":"Vendita Vino Online","publisher":{"@id":"https:\/\/fonsvinum.com\/en\/#organization"},"potentialAction":[{"@type":"SearchAction","target":{"@type":"EntryPoint","urlTemplate":"https:\/\/fonsvinum.com\/en\/?s={search_term_string}"},"query-input":{"@type":"PropertyValueSpecification","valueRequired":true,"valueName":"search_term_string"}}],"inLanguage":"de"},{"@type":"Organization","@id":"https:\/\/fonsvinum.com\/en\/#organization","name":"Fons Vinum","url":"https:\/\/fonsvinum.com\/en\/","logo":{"@type":"ImageObject","inLanguage":"de","@id":"https:\/\/fonsvinum.com\/en\/#\/schema\/logo\/image\/","url":"","contentUrl":"","caption":"Fons Vinum"},"image":{"@id":"https:\/\/fonsvinum.com\/en\/#\/schema\/logo\/image\/"}}]}},"acf":[],"_links":{"self":[{"href":"https:\/\/fonsvinum.com\/de\/wp-json\/wp\/v2\/product\/48193","targetHints":{"allow":["GET"]}}],"collection":[{"href":"https:\/\/fonsvinum.com\/de\/wp-json\/wp\/v2\/product"}],"about":[{"href":"https:\/\/fonsvinum.com\/de\/wp-json\/wp\/v2\/types\/product"}],"replies":[{"embeddable":true,"href":"https:\/\/fonsvinum.com\/de\/wp-json\/wp\/v2\/comments?post=48193"}],"wp:featuredmedia":[{"embeddable":true,"href":"https:\/\/fonsvinum.com\/de\/wp-json\/wp\/v2\/media\/36110"}],"wp:attachment":[{"href":"https:\/\/fonsvinum.com\/de\/wp-json\/wp\/v2\/media?parent=48193"}],"wp:term":[{"taxonomy":"product_brand","embeddable":true,"href":"https:\/\/fonsvinum.com\/de\/wp-json\/wp\/v2\/product_brand?post=48193"},{"taxonomy":"product_cat","embeddable":true,"href":"https:\/\/fonsvinum.com\/de\/wp-json\/wp\/v2\/product_cat?post=48193"},{"taxonomy":"product_tag","embeddable":true,"href":"https:\/\/fonsvinum.com\/de\/wp-json\/wp\/v2\/product_tag?post=48193"}],"curies":[{"name":"wp","href":"https:\/\/api.w.org\/{rel}","templated":true}]}}