{"id":48093,"date":"2025-12-04T09:18:52","date_gmt":"2025-12-04T08:18:52","guid":{"rendered":"https:\/\/fonsvinum.com\/?post_type=product&#038;p=48093"},"modified":"2025-12-04T09:36:18","modified_gmt":"2025-12-04T08:36:18","slug":"gianni-brunelli-brunello-di-montalcino-2019-riserva-le-chiuse-di-sotto","status":"publish","type":"product","link":"https:\/\/fonsvinum.com\/de\/produkt\/gianni-brunelli-brunello-di-montalcino-2019-riserva-le-chiuse-di-sotto\/","title":{"rendered":"GIANNI BRUNELLI BRUNELLO DI MONTALCINO 2019 RISERVA LE CHIUSE DI SOTTO"},"content":{"rendered":"<h2><a href=\"https:\/\/fonsvinum.com\/de\/attributes\/producer\/gianni-brunelli-de\/\">GIANNI BRUNELLI<\/a> <a href=\"https:\/\/fonsvinum.com\/de\/?s=BRUNELLO+DI+MONTALCINO&amp;post_type=product\">Brunello di Montalcino<\/a> Riserva 2019<\/h2>\n<p>Nur in au\u00dfergew\u00f6hnlichen Jahren wird eine Auswahl unserer Trauben aus den \u00e4ltesten und<br \/>\nkr\u00e4ftigsten Weinbergen ausgew\u00e4hlt und fast drei Jahre lang in F\u00e4ssern aus slawonischer Eiche gereift. Anschlie\u00dfend werden sie unfiltriert zu Brunello di Montalcino Riserva verarbeitet.<br \/>\nImmer auf Ausgewogenheit und Eleganz bedacht, bietet unsere Riserva langen Nachhall und Komplexit\u00e4t. Daher wird sie durch weitere Flaschenreife zu Ihrem Genuss.<\/p>\n<div class=\"col-xl-12 col-lg-12 col-md-12 col-md-12 columns\">\n<div class=\"jhH5U\">\n<div id=\"tw-ob\" class=\"tw-src-ltr\">\n<div class=\"oSioSc\">\n<div id=\"tw-target\">\n<div id=\"kAz1tf\" class=\"g9WsWb\">\n<div id=\"tw-target-text-container\" class=\"tw-ta-container hide-focus-ring tw-nfl\"><\/div>\n<\/div>\n<\/div>\n<\/div>\n<\/div>\n<\/div>\n<\/div>\n<div class=\"col-xl-12 col-lg-12 col-md-12 col-md-12 columns\">\n<p>&nbsp;<\/p>\n<\/div>\n","protected":false},"excerpt":{"rendered":"<p>GIANNI BRUNELLI Brunello di Montalcino Riserva 2019 Nur in au\u00dfergew\u00f6hnlichen Jahren wird eine Auswahl unserer Trauben aus den \u00e4ltesten und kr\u00e4ftigsten Weinbergen ausgew\u00e4hlt und fast drei Jahre lang in F\u00e4ssern aus slawonischer Eiche gereift. Anschlie\u00dfend werden sie unfiltriert zu Brunello di Montalcino Riserva verarbeitet. Immer auf Ausgewogenheit und Eleganz bedacht, bietet unsere Riserva langen Nachhall [&hellip;]<\/p>\n","protected":false},"featured_media":35582,"comment_status":"open","ping_status":"closed","template":"","meta":{"_acf_changed":false,"_monsterinsights_skip_tracking":false,"_monsterinsights_sitenote_active":false,"_monsterinsights_sitenote_note":"","_monsterinsights_sitenote_category":0},"product_brand":[],"product_cat":[1762],"product_tag":[15911,15959,3583],"class_list":{"0":"post-48093","1":"product","2":"type-product","3":"status-publish","4":"has-post-thumbnail","6":"product_cat-brunello-de","7":"product_tag-brunello-de-2","8":"product_tag-vino-rosso-de","9":"product_tag-vini-toscani-de","10":"pa_appellation-brunello-di-montalcino-docg-riserva-de","11":"pa_formato-0-75-l-flasche-de","12":"pa_producer-gianni-brunelli-de","13":"pa_region-toskana-de","14":"pa_vine-100-sangiovese-de","15":"pa_vintage-2019-de","17":"first","18":"instock","19":"taxable","20":"shipping-taxable","21":"purchasable","22":"product-type-simple"},"bundled_by":[],"bundle_stock_status":"instock","bundle_stock_quantity":6,"bundle_virtual":false,"bundle_layout":"","bundle_add_to_cart_form_location":"","bundle_editable_in_cart":false,"bundle_sold_individually_context":"","bundle_item_grouping":"","bundle_min_size":"","bundle_max_size":"","bundle_price":[],"bundled_items":[],"bundle_sell_ids":[],"yoast_head":"<!-- This site is optimized with the Yoast SEO plugin v27.3 - https:\/\/yoast.com\/product\/yoast-seo-wordpress\/ -->\n<title>GIANNI BRUNELLI BRUNELLO DI MONTALCINO 2019 RISERVA LE CHIUSE DI SOTTO<\/title>\n<meta name=\"description\" content=\"GIANNI BRUNELLI BRUNELLO DI MONTALCINO 2019 RISERVA LE CHIUSE DI SOTTO\" \/>\n<meta name=\"robots\" content=\"index, follow, max-snippet:-1, max-image-preview:large, max-video-preview:-1\" \/>\n<link rel=\"canonical\" href=\"https:\/\/fonsvinum.com\/de\/produkt\/gianni-brunelli-brunello-di-montalcino-2019-riserva-le-chiuse-di-sotto\/\" \/>\n<meta property=\"og:locale\" content=\"de_DE\" \/>\n<meta property=\"og:type\" content=\"article\" \/>\n<meta property=\"og:title\" content=\"GIANNI BRUNELLI BRUNELLO DI MONTALCINO 2019 RISERVA LE CHIUSE DI SOTTO\" \/>\n<meta property=\"og:description\" content=\"GIANNI BRUNELLI BRUNELLO DI MONTALCINO 2019 RISERVA LE CHIUSE DI SOTTO\" \/>\n<meta property=\"og:url\" content=\"https:\/\/fonsvinum.com\/de\/produkt\/gianni-brunelli-brunello-di-montalcino-2019-riserva-le-chiuse-di-sotto\/\" \/>\n<meta property=\"og:site_name\" content=\"Fons Vinum\" \/>\n<meta property=\"article:modified_time\" content=\"2025-12-04T08:36:18+00:00\" \/>\n<meta property=\"og:image\" content=\"https:\/\/fonsvinum.com\/files\/2021\/10\/gianni-brunelli-brunello-montalcino-riserva.jpg\" \/>\n\t<meta property=\"og:image:width\" content=\"200\" \/>\n\t<meta property=\"og:image:height\" content=\"600\" \/>\n\t<meta property=\"og:image:type\" content=\"image\/jpeg\" \/>\n<meta name=\"twitter:label1\" content=\"Gesch\u00e4tzte Lesezeit\" \/>\n\t<meta name=\"twitter:data1\" content=\"1\u00a0Minute\" \/>\n<script type=\"application\/ld+json\" class=\"yoast-schema-graph\">{\"@context\":\"https:\\\/\\\/schema.org\",\"@graph\":[{\"@type\":\"WebPage\",\"@id\":\"https:\\\/\\\/fonsvinum.com\\\/de\\\/produkt\\\/gianni-brunelli-brunello-di-montalcino-2019-riserva-le-chiuse-di-sotto\\\/\",\"url\":\"https:\\\/\\\/fonsvinum.com\\\/de\\\/produkt\\\/gianni-brunelli-brunello-di-montalcino-2019-riserva-le-chiuse-di-sotto\\\/\",\"name\":\"GIANNI BRUNELLI BRUNELLO DI MONTALCINO 2019 RISERVA LE CHIUSE DI SOTTO\",\"isPartOf\":{\"@id\":\"https:\\\/\\\/fonsvinum.com\\\/en\\\/#website\"},\"primaryImageOfPage\":{\"@id\":\"https:\\\/\\\/fonsvinum.com\\\/de\\\/produkt\\\/gianni-brunelli-brunello-di-montalcino-2019-riserva-le-chiuse-di-sotto\\\/#primaryimage\"},\"image\":{\"@id\":\"https:\\\/\\\/fonsvinum.com\\\/de\\\/produkt\\\/gianni-brunelli-brunello-di-montalcino-2019-riserva-le-chiuse-di-sotto\\\/#primaryimage\"},\"thumbnailUrl\":\"https:\\\/\\\/fonsvinum.com\\\/files\\\/2021\\\/10\\\/gianni-brunelli-brunello-montalcino-riserva.jpg\",\"datePublished\":\"2025-12-04T08:18:52+00:00\",\"dateModified\":\"2025-12-04T08:36:18+00:00\",\"description\":\"GIANNI BRUNELLI BRUNELLO DI MONTALCINO 2019 RISERVA LE CHIUSE DI SOTTO\",\"breadcrumb\":{\"@id\":\"https:\\\/\\\/fonsvinum.com\\\/de\\\/produkt\\\/gianni-brunelli-brunello-di-montalcino-2019-riserva-le-chiuse-di-sotto\\\/#breadcrumb\"},\"inLanguage\":\"de\",\"potentialAction\":[{\"@type\":\"ReadAction\",\"target\":[\"https:\\\/\\\/fonsvinum.com\\\/de\\\/produkt\\\/gianni-brunelli-brunello-di-montalcino-2019-riserva-le-chiuse-di-sotto\\\/\"]}]},{\"@type\":\"ImageObject\",\"inLanguage\":\"de\",\"@id\":\"https:\\\/\\\/fonsvinum.com\\\/de\\\/produkt\\\/gianni-brunelli-brunello-di-montalcino-2019-riserva-le-chiuse-di-sotto\\\/#primaryimage\",\"url\":\"https:\\\/\\\/fonsvinum.com\\\/files\\\/2021\\\/10\\\/gianni-brunelli-brunello-montalcino-riserva.jpg\",\"contentUrl\":\"https:\\\/\\\/fonsvinum.com\\\/files\\\/2021\\\/10\\\/gianni-brunelli-brunello-montalcino-riserva.jpg\",\"width\":200,\"height\":600},{\"@type\":\"BreadcrumbList\",\"@id\":\"https:\\\/\\\/fonsvinum.com\\\/de\\\/produkt\\\/gianni-brunelli-brunello-di-montalcino-2019-riserva-le-chiuse-di-sotto\\\/#breadcrumb\",\"itemListElement\":[{\"@type\":\"ListItem\",\"position\":1,\"name\":\"Startseite\",\"item\":\"https:\\\/\\\/fonsvinum.com\\\/de\\\/\"},{\"@type\":\"ListItem\",\"position\":2,\"name\":\"Shop\",\"item\":\"https:\\\/\\\/fonsvinum.com\\\/de\\\/shop\\\/\"},{\"@type\":\"ListItem\",\"position\":3,\"name\":\"GIANNI BRUNELLI BRUNELLO DI MONTALCINO 2019 RISERVA LE CHIUSE DI SOTTO\"}]},{\"@type\":\"WebSite\",\"@id\":\"https:\\\/\\\/fonsvinum.com\\\/en\\\/#website\",\"url\":\"https:\\\/\\\/fonsvinum.com\\\/en\\\/\",\"name\":\"Fons Vinum\",\"description\":\"Vendita Vino Online\",\"publisher\":{\"@id\":\"https:\\\/\\\/fonsvinum.com\\\/en\\\/#organization\"},\"potentialAction\":[{\"@type\":\"SearchAction\",\"target\":{\"@type\":\"EntryPoint\",\"urlTemplate\":\"https:\\\/\\\/fonsvinum.com\\\/en\\\/?s={search_term_string}\"},\"query-input\":{\"@type\":\"PropertyValueSpecification\",\"valueRequired\":true,\"valueName\":\"search_term_string\"}}],\"inLanguage\":\"de\"},{\"@type\":\"Organization\",\"@id\":\"https:\\\/\\\/fonsvinum.com\\\/en\\\/#organization\",\"name\":\"Fons Vinum\",\"url\":\"https:\\\/\\\/fonsvinum.com\\\/en\\\/\",\"logo\":{\"@type\":\"ImageObject\",\"inLanguage\":\"de\",\"@id\":\"https:\\\/\\\/fonsvinum.com\\\/en\\\/#\\\/schema\\\/logo\\\/image\\\/\",\"url\":\"\",\"contentUrl\":\"\",\"caption\":\"Fons Vinum\"},\"image\":{\"@id\":\"https:\\\/\\\/fonsvinum.com\\\/en\\\/#\\\/schema\\\/logo\\\/image\\\/\"}}]}<\/script>\n<!-- \/ Yoast SEO plugin. -->","yoast_head_json":{"title":"GIANNI BRUNELLI BRUNELLO DI MONTALCINO 2019 RISERVA LE CHIUSE DI SOTTO","description":"GIANNI BRUNELLI BRUNELLO DI MONTALCINO 2019 RISERVA LE CHIUSE DI SOTTO","robots":{"index":"index","follow":"follow","max-snippet":"max-snippet:-1","max-image-preview":"max-image-preview:large","max-video-preview":"max-video-preview:-1"},"canonical":"https:\/\/fonsvinum.com\/de\/produkt\/gianni-brunelli-brunello-di-montalcino-2019-riserva-le-chiuse-di-sotto\/","og_locale":"de_DE","og_type":"article","og_title":"GIANNI BRUNELLI BRUNELLO DI MONTALCINO 2019 RISERVA LE CHIUSE DI SOTTO","og_description":"GIANNI BRUNELLI BRUNELLO DI MONTALCINO 2019 RISERVA LE CHIUSE DI SOTTO","og_url":"https:\/\/fonsvinum.com\/de\/produkt\/gianni-brunelli-brunello-di-montalcino-2019-riserva-le-chiuse-di-sotto\/","og_site_name":"Fons Vinum","article_modified_time":"2025-12-04T08:36:18+00:00","og_image":[{"width":200,"height":600,"url":"https:\/\/fonsvinum.com\/files\/2021\/10\/gianni-brunelli-brunello-montalcino-riserva.jpg","type":"image\/jpeg"}],"twitter_misc":{"Gesch\u00e4tzte Lesezeit":"1\u00a0Minute"},"schema":{"@context":"https:\/\/schema.org","@graph":[{"@type":"WebPage","@id":"https:\/\/fonsvinum.com\/de\/produkt\/gianni-brunelli-brunello-di-montalcino-2019-riserva-le-chiuse-di-sotto\/","url":"https:\/\/fonsvinum.com\/de\/produkt\/gianni-brunelli-brunello-di-montalcino-2019-riserva-le-chiuse-di-sotto\/","name":"GIANNI BRUNELLI BRUNELLO DI MONTALCINO 2019 RISERVA LE CHIUSE DI SOTTO","isPartOf":{"@id":"https:\/\/fonsvinum.com\/en\/#website"},"primaryImageOfPage":{"@id":"https:\/\/fonsvinum.com\/de\/produkt\/gianni-brunelli-brunello-di-montalcino-2019-riserva-le-chiuse-di-sotto\/#primaryimage"},"image":{"@id":"https:\/\/fonsvinum.com\/de\/produkt\/gianni-brunelli-brunello-di-montalcino-2019-riserva-le-chiuse-di-sotto\/#primaryimage"},"thumbnailUrl":"https:\/\/fonsvinum.com\/files\/2021\/10\/gianni-brunelli-brunello-montalcino-riserva.jpg","datePublished":"2025-12-04T08:18:52+00:00","dateModified":"2025-12-04T08:36:18+00:00","description":"GIANNI BRUNELLI BRUNELLO DI MONTALCINO 2019 RISERVA LE CHIUSE DI SOTTO","breadcrumb":{"@id":"https:\/\/fonsvinum.com\/de\/produkt\/gianni-brunelli-brunello-di-montalcino-2019-riserva-le-chiuse-di-sotto\/#breadcrumb"},"inLanguage":"de","potentialAction":[{"@type":"ReadAction","target":["https:\/\/fonsvinum.com\/de\/produkt\/gianni-brunelli-brunello-di-montalcino-2019-riserva-le-chiuse-di-sotto\/"]}]},{"@type":"ImageObject","inLanguage":"de","@id":"https:\/\/fonsvinum.com\/de\/produkt\/gianni-brunelli-brunello-di-montalcino-2019-riserva-le-chiuse-di-sotto\/#primaryimage","url":"https:\/\/fonsvinum.com\/files\/2021\/10\/gianni-brunelli-brunello-montalcino-riserva.jpg","contentUrl":"https:\/\/fonsvinum.com\/files\/2021\/10\/gianni-brunelli-brunello-montalcino-riserva.jpg","width":200,"height":600},{"@type":"BreadcrumbList","@id":"https:\/\/fonsvinum.com\/de\/produkt\/gianni-brunelli-brunello-di-montalcino-2019-riserva-le-chiuse-di-sotto\/#breadcrumb","itemListElement":[{"@type":"ListItem","position":1,"name":"Startseite","item":"https:\/\/fonsvinum.com\/de\/"},{"@type":"ListItem","position":2,"name":"Shop","item":"https:\/\/fonsvinum.com\/de\/shop\/"},{"@type":"ListItem","position":3,"name":"GIANNI BRUNELLI BRUNELLO DI MONTALCINO 2019 RISERVA LE CHIUSE DI SOTTO"}]},{"@type":"WebSite","@id":"https:\/\/fonsvinum.com\/en\/#website","url":"https:\/\/fonsvinum.com\/en\/","name":"Fons Vinum","description":"Vendita Vino Online","publisher":{"@id":"https:\/\/fonsvinum.com\/en\/#organization"},"potentialAction":[{"@type":"SearchAction","target":{"@type":"EntryPoint","urlTemplate":"https:\/\/fonsvinum.com\/en\/?s={search_term_string}"},"query-input":{"@type":"PropertyValueSpecification","valueRequired":true,"valueName":"search_term_string"}}],"inLanguage":"de"},{"@type":"Organization","@id":"https:\/\/fonsvinum.com\/en\/#organization","name":"Fons Vinum","url":"https:\/\/fonsvinum.com\/en\/","logo":{"@type":"ImageObject","inLanguage":"de","@id":"https:\/\/fonsvinum.com\/en\/#\/schema\/logo\/image\/","url":"","contentUrl":"","caption":"Fons Vinum"},"image":{"@id":"https:\/\/fonsvinum.com\/en\/#\/schema\/logo\/image\/"}}]}},"acf":[],"_links":{"self":[{"href":"https:\/\/fonsvinum.com\/de\/wp-json\/wp\/v2\/product\/48093","targetHints":{"allow":["GET"]}}],"collection":[{"href":"https:\/\/fonsvinum.com\/de\/wp-json\/wp\/v2\/product"}],"about":[{"href":"https:\/\/fonsvinum.com\/de\/wp-json\/wp\/v2\/types\/product"}],"replies":[{"embeddable":true,"href":"https:\/\/fonsvinum.com\/de\/wp-json\/wp\/v2\/comments?post=48093"}],"wp:featuredmedia":[{"embeddable":true,"href":"https:\/\/fonsvinum.com\/de\/wp-json\/wp\/v2\/media\/35582"}],"wp:attachment":[{"href":"https:\/\/fonsvinum.com\/de\/wp-json\/wp\/v2\/media?parent=48093"}],"wp:term":[{"taxonomy":"product_brand","embeddable":true,"href":"https:\/\/fonsvinum.com\/de\/wp-json\/wp\/v2\/product_brand?post=48093"},{"taxonomy":"product_cat","embeddable":true,"href":"https:\/\/fonsvinum.com\/de\/wp-json\/wp\/v2\/product_cat?post=48093"},{"taxonomy":"product_tag","embeddable":true,"href":"https:\/\/fonsvinum.com\/de\/wp-json\/wp\/v2\/product_tag?post=48093"}],"curies":[{"name":"wp","href":"https:\/\/api.w.org\/{rel}","templated":true}]}}