{"id":48067,"date":"2025-12-03T11:53:40","date_gmt":"2025-12-03T10:53:40","guid":{"rendered":"https:\/\/fonsvinum.com\/?post_type=product&#038;p=48067"},"modified":"2025-12-03T12:06:52","modified_gmt":"2025-12-03T11:06:52","slug":"dom-perignon-champagne-brut-2015","status":"publish","type":"product","link":"https:\/\/fonsvinum.com\/de\/produkt\/dom-perignon-champagne-brut-2015\/","title":{"rendered":"DOM PERIGNON Champagne Brut 2015"},"content":{"rendered":"<h1>DOM PERIGNON Champagne Brut 2015<\/h1>\n<p>Der emblematische Dom P\u00e9rignon Vintage, unter Connaisseuren f\u00fcr seine Ausnahme-Qualit\u00e4t bekannt, hebt die reine und authentische Ausdruckskraft eines Jahrgangs in Champagne hervor.<\/p>\n<h3>Der Jahrgang 2015<\/h3>\n<p>Nach einem milden Winter war das Jahr 2015 von vielen Kontrasten gepr\u00e4gt: Ein eisiger Fr\u00fchling folgte auf eine anhaltende Hitzewelle von Mitte Mai bis Mitte August, mit au\u00dfergew\u00f6hnlich viel Sonnenschein und Trockenperioden. Die erl\u00f6senden Regenf\u00e4lle Ende August erm\u00f6glichten eine optimale Reifung und enth\u00fcllten bemerkenswert gro\u00dfz\u00fcgige und ausgewogene Beeren.<\/p>\n<h3>Vinifikation und Reifung<\/h3>\n<p>Der Vinifikationsprozess bei Dom P\u00e9rignon folgt streng den Prinzipien der M\u00e9thode champenoise, mit einem absoluten Engagement f\u00fcr eine treue Darstellung des Jahrgangs. Die verl\u00e4ngerte Reifezeit im Keller, eine Ruhephase, die weit \u00fcber die Normen der Appellation hinausgeht, erm\u00f6glicht es dem Champagne, seine Komplexit\u00e4t und aromatische Tiefe zu entwickeln.<\/p>\n<h3>Assemblage<\/h3>\n<p>Dieser au\u00dfergew\u00f6hnliche Champagne ist das Ergebnis eines geheimen Blends aus Chardonnay und Pinot Noir.<\/p>\n<p>&nbsp;<\/p>\n<p>&nbsp;<\/p>\n","protected":false},"excerpt":{"rendered":"<p>DOM PERIGNON Champagne Brut 2015 Der emblematische Dom P\u00e9rignon Vintage, unter Connaisseuren f\u00fcr seine Ausnahme-Qualit\u00e4t bekannt, hebt die reine und authentische Ausdruckskraft eines Jahrgangs in Champagne hervor. Der Jahrgang 2015 Nach einem milden Winter war das Jahr 2015 von vielen Kontrasten gepr\u00e4gt: Ein eisiger Fr\u00fchling folgte auf eine anhaltende Hitzewelle von Mitte Mai bis Mitte [&hellip;]<\/p>\n","protected":false},"featured_media":39433,"comment_status":"open","ping_status":"closed","template":"","meta":{"_acf_changed":false,"_monsterinsights_skip_tracking":false,"_monsterinsights_sitenote_active":false,"_monsterinsights_sitenote_note":"","_monsterinsights_sitenote_category":0},"product_brand":[],"product_cat":[2160,1481],"product_tag":[1733,1802],"class_list":{"0":"post-48067","1":"product","2":"type-product","3":"status-publish","4":"has-post-thumbnail","6":"product_cat-champagne-de","7":"product_cat-brut-de","8":"product_tag-aussergewoehnliche-weine-de","9":"product_tag-champagne-de","10":"pa_appellation-champagne-aoc-de","11":"pa_formato-0-75-l-flasche-de","12":"pa_producer-dom-perignon-de","13":"pa_region-champagne-de","14":"pa_vine-chardonnay-e-pinot-nero-de","15":"pa_vintage-2015-de","17":"first","18":"instock","19":"taxable","20":"shipping-taxable","21":"purchasable","22":"product-type-simple"},"bundled_by":[],"bundle_stock_status":"instock","bundle_stock_quantity":12,"bundle_virtual":false,"bundle_layout":"","bundle_add_to_cart_form_location":"","bundle_editable_in_cart":false,"bundle_sold_individually_context":"","bundle_item_grouping":"","bundle_min_size":"","bundle_max_size":"","bundle_price":[],"bundled_items":[],"bundle_sell_ids":[],"yoast_head":"<!-- This site is optimized with the Yoast SEO plugin v27.2 - https:\/\/yoast.com\/product\/yoast-seo-wordpress\/ -->\n<title>DOM PERIGNON Champagne brut 2015<\/title>\n<meta name=\"description\" content=\"BUY ONLINE ON FONSVINUM DOM PERIGNON Champagne brut 2015\" \/>\n<meta name=\"robots\" content=\"index, follow, max-snippet:-1, max-image-preview:large, max-video-preview:-1\" \/>\n<link rel=\"canonical\" href=\"https:\/\/fonsvinum.com\/de\/produkt\/dom-perignon-champagne-brut-2015\/\" \/>\n<meta property=\"og:locale\" content=\"de_DE\" \/>\n<meta property=\"og:type\" content=\"article\" \/>\n<meta property=\"og:title\" content=\"DOM PERIGNON Champagne brut 2015\" \/>\n<meta property=\"og:description\" content=\"BUY ONLINE ON FONSVINUM DOM PERIGNON Champagne brut 2015\" \/>\n<meta property=\"og:url\" content=\"https:\/\/fonsvinum.com\/de\/produkt\/dom-perignon-champagne-brut-2015\/\" \/>\n<meta property=\"og:site_name\" content=\"Fons Vinum\" \/>\n<meta property=\"article:modified_time\" content=\"2025-12-03T11:06:52+00:00\" \/>\n<meta property=\"og:image\" content=\"https:\/\/fonsvinum.com\/files\/2022\/07\/dom-perignon-2008.jpg\" \/>\n\t<meta property=\"og:image:width\" content=\"200\" \/>\n\t<meta property=\"og:image:height\" content=\"600\" \/>\n\t<meta property=\"og:image:type\" content=\"image\/jpeg\" \/>\n<meta name=\"twitter:label1\" content=\"Gesch\u00e4tzte Lesezeit\" \/>\n\t<meta name=\"twitter:data1\" content=\"1\u00a0Minute\" \/>\n<script type=\"application\/ld+json\" class=\"yoast-schema-graph\">{\"@context\":\"https:\/\/schema.org\",\"@graph\":[{\"@type\":\"WebPage\",\"@id\":\"https:\/\/fonsvinum.com\/de\/produkt\/dom-perignon-champagne-brut-2015\/\",\"url\":\"https:\/\/fonsvinum.com\/de\/produkt\/dom-perignon-champagne-brut-2015\/\",\"name\":\"DOM PERIGNON Champagne brut 2015\",\"isPartOf\":{\"@id\":\"https:\/\/fonsvinum.com\/en\/#website\"},\"primaryImageOfPage\":{\"@id\":\"https:\/\/fonsvinum.com\/de\/produkt\/dom-perignon-champagne-brut-2015\/#primaryimage\"},\"image\":{\"@id\":\"https:\/\/fonsvinum.com\/de\/produkt\/dom-perignon-champagne-brut-2015\/#primaryimage\"},\"thumbnailUrl\":\"https:\/\/fonsvinum.com\/files\/2022\/07\/dom-perignon-2008.jpg\",\"datePublished\":\"2025-12-03T10:53:40+00:00\",\"dateModified\":\"2025-12-03T11:06:52+00:00\",\"description\":\"BUY ONLINE ON FONSVINUM DOM PERIGNON Champagne brut 2015\",\"breadcrumb\":{\"@id\":\"https:\/\/fonsvinum.com\/de\/produkt\/dom-perignon-champagne-brut-2015\/#breadcrumb\"},\"inLanguage\":\"de\",\"potentialAction\":[{\"@type\":\"ReadAction\",\"target\":[\"https:\/\/fonsvinum.com\/de\/produkt\/dom-perignon-champagne-brut-2015\/\"]}]},{\"@type\":\"ImageObject\",\"inLanguage\":\"de\",\"@id\":\"https:\/\/fonsvinum.com\/de\/produkt\/dom-perignon-champagne-brut-2015\/#primaryimage\",\"url\":\"https:\/\/fonsvinum.com\/files\/2022\/07\/dom-perignon-2008.jpg\",\"contentUrl\":\"https:\/\/fonsvinum.com\/files\/2022\/07\/dom-perignon-2008.jpg\",\"width\":200,\"height\":600},{\"@type\":\"BreadcrumbList\",\"@id\":\"https:\/\/fonsvinum.com\/de\/produkt\/dom-perignon-champagne-brut-2015\/#breadcrumb\",\"itemListElement\":[{\"@type\":\"ListItem\",\"position\":1,\"name\":\"Startseite\",\"item\":\"https:\/\/fonsvinum.com\/de\/\"},{\"@type\":\"ListItem\",\"position\":2,\"name\":\"Shop\",\"item\":\"https:\/\/fonsvinum.com\/de\/shop\/\"},{\"@type\":\"ListItem\",\"position\":3,\"name\":\"DOM PERIGNON Champagne Brut 2015\"}]},{\"@type\":\"WebSite\",\"@id\":\"https:\/\/fonsvinum.com\/en\/#website\",\"url\":\"https:\/\/fonsvinum.com\/en\/\",\"name\":\"Fons Vinum\",\"description\":\"Vendita Vino Online\",\"publisher\":{\"@id\":\"https:\/\/fonsvinum.com\/en\/#organization\"},\"potentialAction\":[{\"@type\":\"SearchAction\",\"target\":{\"@type\":\"EntryPoint\",\"urlTemplate\":\"https:\/\/fonsvinum.com\/en\/?s={search_term_string}\"},\"query-input\":{\"@type\":\"PropertyValueSpecification\",\"valueRequired\":true,\"valueName\":\"search_term_string\"}}],\"inLanguage\":\"de\"},{\"@type\":\"Organization\",\"@id\":\"https:\/\/fonsvinum.com\/en\/#organization\",\"name\":\"Fons Vinum\",\"url\":\"https:\/\/fonsvinum.com\/en\/\",\"logo\":{\"@type\":\"ImageObject\",\"inLanguage\":\"de\",\"@id\":\"https:\/\/fonsvinum.com\/en\/#\/schema\/logo\/image\/\",\"url\":\"\",\"contentUrl\":\"\",\"caption\":\"Fons Vinum\"},\"image\":{\"@id\":\"https:\/\/fonsvinum.com\/en\/#\/schema\/logo\/image\/\"}}]}<\/script>\n<!-- \/ Yoast SEO plugin. -->","yoast_head_json":{"title":"DOM PERIGNON Champagne brut 2015","description":"BUY ONLINE ON FONSVINUM DOM PERIGNON Champagne brut 2015","robots":{"index":"index","follow":"follow","max-snippet":"max-snippet:-1","max-image-preview":"max-image-preview:large","max-video-preview":"max-video-preview:-1"},"canonical":"https:\/\/fonsvinum.com\/de\/produkt\/dom-perignon-champagne-brut-2015\/","og_locale":"de_DE","og_type":"article","og_title":"DOM PERIGNON Champagne brut 2015","og_description":"BUY ONLINE ON FONSVINUM DOM PERIGNON Champagne brut 2015","og_url":"https:\/\/fonsvinum.com\/de\/produkt\/dom-perignon-champagne-brut-2015\/","og_site_name":"Fons Vinum","article_modified_time":"2025-12-03T11:06:52+00:00","og_image":[{"width":200,"height":600,"url":"https:\/\/fonsvinum.com\/files\/2022\/07\/dom-perignon-2008.jpg","type":"image\/jpeg"}],"twitter_misc":{"Gesch\u00e4tzte Lesezeit":"1\u00a0Minute"},"schema":{"@context":"https:\/\/schema.org","@graph":[{"@type":"WebPage","@id":"https:\/\/fonsvinum.com\/de\/produkt\/dom-perignon-champagne-brut-2015\/","url":"https:\/\/fonsvinum.com\/de\/produkt\/dom-perignon-champagne-brut-2015\/","name":"DOM PERIGNON Champagne brut 2015","isPartOf":{"@id":"https:\/\/fonsvinum.com\/en\/#website"},"primaryImageOfPage":{"@id":"https:\/\/fonsvinum.com\/de\/produkt\/dom-perignon-champagne-brut-2015\/#primaryimage"},"image":{"@id":"https:\/\/fonsvinum.com\/de\/produkt\/dom-perignon-champagne-brut-2015\/#primaryimage"},"thumbnailUrl":"https:\/\/fonsvinum.com\/files\/2022\/07\/dom-perignon-2008.jpg","datePublished":"2025-12-03T10:53:40+00:00","dateModified":"2025-12-03T11:06:52+00:00","description":"BUY ONLINE ON FONSVINUM DOM PERIGNON Champagne brut 2015","breadcrumb":{"@id":"https:\/\/fonsvinum.com\/de\/produkt\/dom-perignon-champagne-brut-2015\/#breadcrumb"},"inLanguage":"de","potentialAction":[{"@type":"ReadAction","target":["https:\/\/fonsvinum.com\/de\/produkt\/dom-perignon-champagne-brut-2015\/"]}]},{"@type":"ImageObject","inLanguage":"de","@id":"https:\/\/fonsvinum.com\/de\/produkt\/dom-perignon-champagne-brut-2015\/#primaryimage","url":"https:\/\/fonsvinum.com\/files\/2022\/07\/dom-perignon-2008.jpg","contentUrl":"https:\/\/fonsvinum.com\/files\/2022\/07\/dom-perignon-2008.jpg","width":200,"height":600},{"@type":"BreadcrumbList","@id":"https:\/\/fonsvinum.com\/de\/produkt\/dom-perignon-champagne-brut-2015\/#breadcrumb","itemListElement":[{"@type":"ListItem","position":1,"name":"Startseite","item":"https:\/\/fonsvinum.com\/de\/"},{"@type":"ListItem","position":2,"name":"Shop","item":"https:\/\/fonsvinum.com\/de\/shop\/"},{"@type":"ListItem","position":3,"name":"DOM PERIGNON Champagne Brut 2015"}]},{"@type":"WebSite","@id":"https:\/\/fonsvinum.com\/en\/#website","url":"https:\/\/fonsvinum.com\/en\/","name":"Fons Vinum","description":"Vendita Vino Online","publisher":{"@id":"https:\/\/fonsvinum.com\/en\/#organization"},"potentialAction":[{"@type":"SearchAction","target":{"@type":"EntryPoint","urlTemplate":"https:\/\/fonsvinum.com\/en\/?s={search_term_string}"},"query-input":{"@type":"PropertyValueSpecification","valueRequired":true,"valueName":"search_term_string"}}],"inLanguage":"de"},{"@type":"Organization","@id":"https:\/\/fonsvinum.com\/en\/#organization","name":"Fons Vinum","url":"https:\/\/fonsvinum.com\/en\/","logo":{"@type":"ImageObject","inLanguage":"de","@id":"https:\/\/fonsvinum.com\/en\/#\/schema\/logo\/image\/","url":"","contentUrl":"","caption":"Fons Vinum"},"image":{"@id":"https:\/\/fonsvinum.com\/en\/#\/schema\/logo\/image\/"}}]}},"acf":[],"_links":{"self":[{"href":"https:\/\/fonsvinum.com\/de\/wp-json\/wp\/v2\/product\/48067","targetHints":{"allow":["GET"]}}],"collection":[{"href":"https:\/\/fonsvinum.com\/de\/wp-json\/wp\/v2\/product"}],"about":[{"href":"https:\/\/fonsvinum.com\/de\/wp-json\/wp\/v2\/types\/product"}],"replies":[{"embeddable":true,"href":"https:\/\/fonsvinum.com\/de\/wp-json\/wp\/v2\/comments?post=48067"}],"wp:featuredmedia":[{"embeddable":true,"href":"https:\/\/fonsvinum.com\/de\/wp-json\/wp\/v2\/media\/39433"}],"wp:attachment":[{"href":"https:\/\/fonsvinum.com\/de\/wp-json\/wp\/v2\/media?parent=48067"}],"wp:term":[{"taxonomy":"product_brand","embeddable":true,"href":"https:\/\/fonsvinum.com\/de\/wp-json\/wp\/v2\/product_brand?post=48067"},{"taxonomy":"product_cat","embeddable":true,"href":"https:\/\/fonsvinum.com\/de\/wp-json\/wp\/v2\/product_cat?post=48067"},{"taxonomy":"product_tag","embeddable":true,"href":"https:\/\/fonsvinum.com\/de\/wp-json\/wp\/v2\/product_tag?post=48067"}],"curies":[{"name":"wp","href":"https:\/\/api.w.org\/{rel}","templated":true}]}}