{"id":47967,"date":"2025-11-25T10:53:14","date_gmt":"2025-11-25T09:53:14","guid":{"rendered":"https:\/\/fonsvinum.com\/?post_type=product&#038;p=47967"},"modified":"2025-11-26T10:23:15","modified_gmt":"2025-11-26T09:23:15","slug":"domaine-patrick-miolane-bourgogne-aligote-2023","status":"publish","type":"product","link":"https:\/\/fonsvinum.com\/de\/produkt\/domaine-patrick-miolane-bourgogne-aligote-2023\/","title":{"rendered":"DOMAINE PATRICK MIOLANE BOURGOGNE ALIGOTE 2023"},"content":{"rendered":"<h1 class=\"lista_tenute\">DOMAINE PATRICK MIOLANE BOURGOGNE ALIGOTE 2023<\/h1>\n<p>Das Weingut Miolane umfasst neun Hektar Weinberge in Saint-Aubin, einem Dorf in der renommierten Region C\u00f4te de Beaune, im s\u00fcdlichen Teil der C\u00f4te-d&#8217;Or.<\/p>\n<p>Das Weingut wird von Patrick, einer charismatischen Pers\u00f6nlichkeit und seiner dynamischen und zukunftsorientierten Tochter Barbara gef\u00fchrt. Die beiden sind ein perfektes Paar, jeder f\u00fcr seinen eigenen Bereich verantwortlich: Der Vater k\u00fcmmert sich um die Weinberge, Barbara ist f\u00fcr die Weinherstellung und das Marketing zust\u00e4ndig. Barbara repr\u00e4sentiert die siebte Generation und f\u00fchrt die Familientradition mit Leidenschaft fort.<\/p>\n<p>Sie trat 2005 in das Unternehmen ein, nachdem sie ihr Studium im Bereich Weinmarketing am Grandchamp Rural Education Center abgeschlossen hatte.<\/p>\n<p>Barbara tauchte schnell in die Branche ein und lernte von ihrem Vater Patrick alles \u00fcber Weinbau und Weinherstellung. W\u00e4hrend er sich nach und nach zur\u00fcckzog, \u00fcbernahm sie die Leitung des Weinguts, unterst\u00fctzt von einem zuverl\u00e4ssigen Team. Als Mutter zweier S\u00f6hne ist sich Barbara der Herausforderungen, denen Frauen in einer traditionell m\u00e4nnerdominierten Branche begegnen, sehr bewusst. Doch das Weingut begegnet dieser Herausforderung mit Entschlossenheit und Eleganz.<\/p>\n<p>Es produziert Weine aus vierzehn Appellationen \u2013 Saint-Aubin, Chassagne-Montrachet und Puligny-Montrachet \u2013 darunter Premier Cru-, Village- und Regionalweine. Die Wei\u00dfweine spiegeln die lokalen Wachstumsbedingungen (Terroir) deutlich wider, insbesondere die Mineralit\u00e4t des Bodens. Das Weingut keltert 13 Cuv\u00e9es, darunter Rot- und Wei\u00dfweine, die sich sowohl zur Lagerung als auch zum jungen Genuss eignen.<\/p>\n<p>Bei den Rotweinen kann das Weingut auf eine Reihe von Pinot Noir-Weinen verweisen, die lange reifen und langsam ausgebaut werden. Sie zeichnen sich durch intensive Aromen roter Fr\u00fcchte und fein strukturierte Tannine aus.<\/p>\n<h2>BOURGOGNE ALIGOTE<\/h2>\n<p>Die Weinberge des Aligot\u00e9 liegen am Fu\u00dfe des Dorfes Puligny-Montrachet.<\/p>\n<p>Nach der Handlese werden die Trauben sortiert, um trockene Beeren, Blattreste und Stiele zu entfernen. In einem zweiten Sortiervorgang werden gr\u00fcne, besch\u00e4digte oder ungesunde Beeren aussortiert. Anschlie\u00dfend werden sie schonend unter niedrigem Druck gepresst, um Oxidation zu verhindern. Die G\u00e4rung beginnt nat\u00fcrlich und langsam mit einheimischen Hefen. Um die Frische des Aligot\u00e9 zu bewahren, reift der Wein je nach Jahrgang 10\u201312 Monate im Fass.<\/p>\n<p>Der Wein hat eine strohgelbe Farbe mit leuchtend gr\u00fcnen Reflexen. Er verstr\u00f6mt Aromen von Zitrusfr\u00fcchten und exotischen Fr\u00fcchten. Am Gaumen besticht er durch ein ausgewogenes Verh\u00e4ltnis von Frische und F\u00fclle, das dem Alter der Reben zu verdanken ist. Er entfaltet seine Frische am besten jung.<\/p>\n<p>Dieser Bourgogne Aligot\u00e9 passt hervorragend zu Meeresfr\u00fcchten oder einer Wurstplatte. Serviertemperatur: 9\u201312 \u00b0C.<\/p>\n","protected":false},"excerpt":{"rendered":"<p>DOMAINE PATRICK MIOLANE BOURGOGNE ALIGOTE 2023 Das Weingut Miolane umfasst neun Hektar Weinberge in Saint-Aubin, einem Dorf in der renommierten Region C\u00f4te de Beaune, im s\u00fcdlichen Teil der C\u00f4te-d&#8217;Or. Das Weingut wird von Patrick, einer charismatischen Pers\u00f6nlichkeit und seiner dynamischen und zukunftsorientierten Tochter Barbara gef\u00fchrt. Die beiden sind ein perfektes Paar, jeder f\u00fcr seinen eigenen [&hellip;]<\/p>\n","protected":false},"featured_media":47975,"comment_status":"open","ping_status":"closed","template":"","meta":{"_acf_changed":false,"_monsterinsights_skip_tracking":false,"_monsterinsights_sitenote_active":false,"_monsterinsights_sitenote_note":"","_monsterinsights_sitenote_category":0},"product_brand":[],"product_cat":[17937,2266],"product_tag":[17850,17724,17742],"class_list":{"0":"post-47967","1":"product","2":"type-product","3":"status-publish","4":"has-post-thumbnail","6":"product_cat-bourgogne-de-2","7":"product_cat-weissweine-de","8":"product_tag-bourgogne-de","9":"product_tag-francia-de","10":"product_tag-vino-bianco-de","11":"pa_formato-0-75-l-flasche-de","12":"pa_region-bourgogne-de","13":"pa_vintage-18401","15":"first","16":"instock","17":"taxable","18":"shipping-taxable","19":"purchasable","20":"product-type-simple"},"bundled_by":[],"bundle_stock_status":"instock","bundle_stock_quantity":3,"bundle_virtual":false,"bundle_layout":"","bundle_add_to_cart_form_location":"","bundle_editable_in_cart":false,"bundle_sold_individually_context":"","bundle_item_grouping":"","bundle_min_size":"","bundle_max_size":"","bundle_price":[],"bundled_items":[],"bundle_sell_ids":[],"yoast_head":"<!-- This site is optimized with the Yoast SEO plugin v27.2 - https:\/\/yoast.com\/product\/yoast-seo-wordpress\/ -->\n<title>DOMAINE PATRICK MIOLANE BOURGOGNE ALIGOTE 2023<\/title>\n<meta name=\"description\" content=\"Kaufen online DOMAINE PATRICK MIOLANE BOURGOGNE ALIGOTE 2023 at Fons Vinum -France -Burgundy - ...Bourgogne at Fons Vinum...\" \/>\n<meta name=\"robots\" content=\"index, follow, max-snippet:-1, max-image-preview:large, max-video-preview:-1\" \/>\n<link rel=\"canonical\" href=\"https:\/\/fonsvinum.com\/de\/produkt\/domaine-patrick-miolane-bourgogne-aligote-2023\/\" \/>\n<meta property=\"og:locale\" content=\"de_DE\" \/>\n<meta property=\"og:type\" content=\"article\" \/>\n<meta property=\"og:title\" content=\"DOMAINE PATRICK MIOLANE BOURGOGNE ALIGOTE 2023\" \/>\n<meta property=\"og:description\" content=\"Kaufen online DOMAINE PATRICK MIOLANE BOURGOGNE ALIGOTE 2023 at Fons Vinum -France -Burgundy - ...Bourgogne at Fons Vinum...\" \/>\n<meta property=\"og:url\" content=\"https:\/\/fonsvinum.com\/de\/produkt\/domaine-patrick-miolane-bourgogne-aligote-2023\/\" \/>\n<meta property=\"og:site_name\" content=\"Fons Vinum\" \/>\n<meta property=\"article:modified_time\" content=\"2025-11-26T09:23:15+00:00\" \/>\n<meta property=\"og:image\" content=\"https:\/\/fonsvinum.com\/files\/2025\/11\/DOMAINE-PATRICK-MIOLANE-BOURGOGNE-ALIGOTE.png\" \/>\n\t<meta property=\"og:image:width\" content=\"200\" \/>\n\t<meta property=\"og:image:height\" content=\"709\" \/>\n\t<meta property=\"og:image:type\" content=\"image\/png\" \/>\n<meta name=\"twitter:label1\" content=\"Gesch\u00e4tzte Lesezeit\" \/>\n\t<meta name=\"twitter:data1\" content=\"3\u00a0Minuten\" \/>\n<script type=\"application\/ld+json\" class=\"yoast-schema-graph\">{\"@context\":\"https:\/\/schema.org\",\"@graph\":[{\"@type\":\"WebPage\",\"@id\":\"https:\/\/fonsvinum.com\/de\/produkt\/domaine-patrick-miolane-bourgogne-aligote-2023\/\",\"url\":\"https:\/\/fonsvinum.com\/de\/produkt\/domaine-patrick-miolane-bourgogne-aligote-2023\/\",\"name\":\"DOMAINE PATRICK MIOLANE BOURGOGNE ALIGOTE 2023\",\"isPartOf\":{\"@id\":\"https:\/\/fonsvinum.com\/en\/#website\"},\"primaryImageOfPage\":{\"@id\":\"https:\/\/fonsvinum.com\/de\/produkt\/domaine-patrick-miolane-bourgogne-aligote-2023\/#primaryimage\"},\"image\":{\"@id\":\"https:\/\/fonsvinum.com\/de\/produkt\/domaine-patrick-miolane-bourgogne-aligote-2023\/#primaryimage\"},\"thumbnailUrl\":\"https:\/\/fonsvinum.com\/files\/2025\/11\/DOMAINE-PATRICK-MIOLANE-BOURGOGNE-ALIGOTE.png\",\"datePublished\":\"2025-11-25T09:53:14+00:00\",\"dateModified\":\"2025-11-26T09:23:15+00:00\",\"description\":\"Kaufen online DOMAINE PATRICK MIOLANE BOURGOGNE ALIGOTE 2023 at Fons Vinum -France -Burgundy - ...Bourgogne at Fons Vinum...\",\"breadcrumb\":{\"@id\":\"https:\/\/fonsvinum.com\/de\/produkt\/domaine-patrick-miolane-bourgogne-aligote-2023\/#breadcrumb\"},\"inLanguage\":\"de\",\"potentialAction\":[{\"@type\":\"ReadAction\",\"target\":[\"https:\/\/fonsvinum.com\/de\/produkt\/domaine-patrick-miolane-bourgogne-aligote-2023\/\"]}]},{\"@type\":\"ImageObject\",\"inLanguage\":\"de\",\"@id\":\"https:\/\/fonsvinum.com\/de\/produkt\/domaine-patrick-miolane-bourgogne-aligote-2023\/#primaryimage\",\"url\":\"https:\/\/fonsvinum.com\/files\/2025\/11\/DOMAINE-PATRICK-MIOLANE-BOURGOGNE-ALIGOTE.png\",\"contentUrl\":\"https:\/\/fonsvinum.com\/files\/2025\/11\/DOMAINE-PATRICK-MIOLANE-BOURGOGNE-ALIGOTE.png\",\"width\":200,\"height\":709,\"caption\":\"DOMAINE PATRICK MIOLANE BOURGOGNE ALIGOTE\"},{\"@type\":\"BreadcrumbList\",\"@id\":\"https:\/\/fonsvinum.com\/de\/produkt\/domaine-patrick-miolane-bourgogne-aligote-2023\/#breadcrumb\",\"itemListElement\":[{\"@type\":\"ListItem\",\"position\":1,\"name\":\"Startseite\",\"item\":\"https:\/\/fonsvinum.com\/de\/\"},{\"@type\":\"ListItem\",\"position\":2,\"name\":\"Shop\",\"item\":\"https:\/\/fonsvinum.com\/de\/shop\/\"},{\"@type\":\"ListItem\",\"position\":3,\"name\":\"DOMAINE PATRICK MIOLANE BOURGOGNE ALIGOTE 2023\"}]},{\"@type\":\"WebSite\",\"@id\":\"https:\/\/fonsvinum.com\/en\/#website\",\"url\":\"https:\/\/fonsvinum.com\/en\/\",\"name\":\"Fons Vinum\",\"description\":\"Vendita Vino Online\",\"publisher\":{\"@id\":\"https:\/\/fonsvinum.com\/en\/#organization\"},\"potentialAction\":[{\"@type\":\"SearchAction\",\"target\":{\"@type\":\"EntryPoint\",\"urlTemplate\":\"https:\/\/fonsvinum.com\/en\/?s={search_term_string}\"},\"query-input\":{\"@type\":\"PropertyValueSpecification\",\"valueRequired\":true,\"valueName\":\"search_term_string\"}}],\"inLanguage\":\"de\"},{\"@type\":\"Organization\",\"@id\":\"https:\/\/fonsvinum.com\/en\/#organization\",\"name\":\"Fons Vinum\",\"url\":\"https:\/\/fonsvinum.com\/en\/\",\"logo\":{\"@type\":\"ImageObject\",\"inLanguage\":\"de\",\"@id\":\"https:\/\/fonsvinum.com\/en\/#\/schema\/logo\/image\/\",\"url\":\"\",\"contentUrl\":\"\",\"caption\":\"Fons Vinum\"},\"image\":{\"@id\":\"https:\/\/fonsvinum.com\/en\/#\/schema\/logo\/image\/\"}}]}<\/script>\n<!-- \/ Yoast SEO plugin. -->","yoast_head_json":{"title":"DOMAINE PATRICK MIOLANE BOURGOGNE ALIGOTE 2023","description":"Kaufen online DOMAINE PATRICK MIOLANE BOURGOGNE ALIGOTE 2023 at Fons Vinum -France -Burgundy - ...Bourgogne at Fons Vinum...","robots":{"index":"index","follow":"follow","max-snippet":"max-snippet:-1","max-image-preview":"max-image-preview:large","max-video-preview":"max-video-preview:-1"},"canonical":"https:\/\/fonsvinum.com\/de\/produkt\/domaine-patrick-miolane-bourgogne-aligote-2023\/","og_locale":"de_DE","og_type":"article","og_title":"DOMAINE PATRICK MIOLANE BOURGOGNE ALIGOTE 2023","og_description":"Kaufen online DOMAINE PATRICK MIOLANE BOURGOGNE ALIGOTE 2023 at Fons Vinum -France -Burgundy - ...Bourgogne at Fons Vinum...","og_url":"https:\/\/fonsvinum.com\/de\/produkt\/domaine-patrick-miolane-bourgogne-aligote-2023\/","og_site_name":"Fons Vinum","article_modified_time":"2025-11-26T09:23:15+00:00","og_image":[{"width":200,"height":709,"url":"https:\/\/fonsvinum.com\/files\/2025\/11\/DOMAINE-PATRICK-MIOLANE-BOURGOGNE-ALIGOTE.png","type":"image\/png"}],"twitter_misc":{"Gesch\u00e4tzte Lesezeit":"3\u00a0Minuten"},"schema":{"@context":"https:\/\/schema.org","@graph":[{"@type":"WebPage","@id":"https:\/\/fonsvinum.com\/de\/produkt\/domaine-patrick-miolane-bourgogne-aligote-2023\/","url":"https:\/\/fonsvinum.com\/de\/produkt\/domaine-patrick-miolane-bourgogne-aligote-2023\/","name":"DOMAINE PATRICK MIOLANE BOURGOGNE ALIGOTE 2023","isPartOf":{"@id":"https:\/\/fonsvinum.com\/en\/#website"},"primaryImageOfPage":{"@id":"https:\/\/fonsvinum.com\/de\/produkt\/domaine-patrick-miolane-bourgogne-aligote-2023\/#primaryimage"},"image":{"@id":"https:\/\/fonsvinum.com\/de\/produkt\/domaine-patrick-miolane-bourgogne-aligote-2023\/#primaryimage"},"thumbnailUrl":"https:\/\/fonsvinum.com\/files\/2025\/11\/DOMAINE-PATRICK-MIOLANE-BOURGOGNE-ALIGOTE.png","datePublished":"2025-11-25T09:53:14+00:00","dateModified":"2025-11-26T09:23:15+00:00","description":"Kaufen online DOMAINE PATRICK MIOLANE BOURGOGNE ALIGOTE 2023 at Fons Vinum -France -Burgundy - ...Bourgogne at Fons Vinum...","breadcrumb":{"@id":"https:\/\/fonsvinum.com\/de\/produkt\/domaine-patrick-miolane-bourgogne-aligote-2023\/#breadcrumb"},"inLanguage":"de","potentialAction":[{"@type":"ReadAction","target":["https:\/\/fonsvinum.com\/de\/produkt\/domaine-patrick-miolane-bourgogne-aligote-2023\/"]}]},{"@type":"ImageObject","inLanguage":"de","@id":"https:\/\/fonsvinum.com\/de\/produkt\/domaine-patrick-miolane-bourgogne-aligote-2023\/#primaryimage","url":"https:\/\/fonsvinum.com\/files\/2025\/11\/DOMAINE-PATRICK-MIOLANE-BOURGOGNE-ALIGOTE.png","contentUrl":"https:\/\/fonsvinum.com\/files\/2025\/11\/DOMAINE-PATRICK-MIOLANE-BOURGOGNE-ALIGOTE.png","width":200,"height":709,"caption":"DOMAINE PATRICK MIOLANE BOURGOGNE ALIGOTE"},{"@type":"BreadcrumbList","@id":"https:\/\/fonsvinum.com\/de\/produkt\/domaine-patrick-miolane-bourgogne-aligote-2023\/#breadcrumb","itemListElement":[{"@type":"ListItem","position":1,"name":"Startseite","item":"https:\/\/fonsvinum.com\/de\/"},{"@type":"ListItem","position":2,"name":"Shop","item":"https:\/\/fonsvinum.com\/de\/shop\/"},{"@type":"ListItem","position":3,"name":"DOMAINE PATRICK MIOLANE BOURGOGNE ALIGOTE 2023"}]},{"@type":"WebSite","@id":"https:\/\/fonsvinum.com\/en\/#website","url":"https:\/\/fonsvinum.com\/en\/","name":"Fons Vinum","description":"Vendita Vino Online","publisher":{"@id":"https:\/\/fonsvinum.com\/en\/#organization"},"potentialAction":[{"@type":"SearchAction","target":{"@type":"EntryPoint","urlTemplate":"https:\/\/fonsvinum.com\/en\/?s={search_term_string}"},"query-input":{"@type":"PropertyValueSpecification","valueRequired":true,"valueName":"search_term_string"}}],"inLanguage":"de"},{"@type":"Organization","@id":"https:\/\/fonsvinum.com\/en\/#organization","name":"Fons Vinum","url":"https:\/\/fonsvinum.com\/en\/","logo":{"@type":"ImageObject","inLanguage":"de","@id":"https:\/\/fonsvinum.com\/en\/#\/schema\/logo\/image\/","url":"","contentUrl":"","caption":"Fons Vinum"},"image":{"@id":"https:\/\/fonsvinum.com\/en\/#\/schema\/logo\/image\/"}}]}},"acf":[],"_links":{"self":[{"href":"https:\/\/fonsvinum.com\/de\/wp-json\/wp\/v2\/product\/47967","targetHints":{"allow":["GET"]}}],"collection":[{"href":"https:\/\/fonsvinum.com\/de\/wp-json\/wp\/v2\/product"}],"about":[{"href":"https:\/\/fonsvinum.com\/de\/wp-json\/wp\/v2\/types\/product"}],"replies":[{"embeddable":true,"href":"https:\/\/fonsvinum.com\/de\/wp-json\/wp\/v2\/comments?post=47967"}],"wp:featuredmedia":[{"embeddable":true,"href":"https:\/\/fonsvinum.com\/de\/wp-json\/wp\/v2\/media\/47975"}],"wp:attachment":[{"href":"https:\/\/fonsvinum.com\/de\/wp-json\/wp\/v2\/media?parent=47967"}],"wp:term":[{"taxonomy":"product_brand","embeddable":true,"href":"https:\/\/fonsvinum.com\/de\/wp-json\/wp\/v2\/product_brand?post=47967"},{"taxonomy":"product_cat","embeddable":true,"href":"https:\/\/fonsvinum.com\/de\/wp-json\/wp\/v2\/product_cat?post=47967"},{"taxonomy":"product_tag","embeddable":true,"href":"https:\/\/fonsvinum.com\/de\/wp-json\/wp\/v2\/product_tag?post=47967"}],"curies":[{"name":"wp","href":"https:\/\/api.w.org\/{rel}","templated":true}]}}