{"id":47875,"date":"2025-11-18T13:00:16","date_gmt":"2025-11-18T12:00:16","guid":{"rendered":"https:\/\/fonsvinum.com\/?post_type=product&#038;p=47875"},"modified":"2025-11-26T11:40:06","modified_gmt":"2025-11-26T10:40:06","slug":"la-chablisienne-chablis-les-venerables-vieilles-vignes-2021","status":"publish","type":"product","link":"https:\/\/fonsvinum.com\/de\/produkt\/la-chablisienne-chablis-les-venerables-vieilles-vignes-2021\/","title":{"rendered":"LA CHABLISIENNE CHABLIS LES VENERABLES VIEILLES VIGNES 2021"},"content":{"rendered":"<h1 class=\"lista_tenute\">LA CHABLISIENNE CHABLIS LES VENERABLES VIEILLES VIGNES 2021<\/h1>\n<p>La Chablisienne, 1923 im Burgund gegr\u00fcndet, ist der gr\u00f6\u00dfte Chablis-Produzent und eine der renommiertesten Genossenschaftskellereien Frankreichs.<\/p>\n<p>Die angeschlossenen Winzer werden sorgf\u00e4ltig ausgew\u00e4hlt und sind echte Partner von La Chablisienne. F\u00fcr ihren einzigartigen Stil verwendet La Chablisienne die Trauben als Most, der von den Winzern selbst gepresst wird. Dadurch wird die vollst\u00e4ndige Kontrolle \u00fcber den gesamten Weinherstellungsprozess gew\u00e4hrleistet.<\/p>\n<p>Die Vielfalt der Weinberge von La Chablisienne erm\u00f6glicht es, alle Besonderheiten des au\u00dfergew\u00f6hnlichen Kimmeridge-Kalksteinbodens von Chablis zu entdecken.<\/p>\n<p>Von Chablis Petit Village \u00fcber Chablis Village bis hin zu Chablis Premier Cru und Chablis Grand Cru offenbaren die Weine von La Chablisienne alle Nuancen des Terroirs und die Mineralit\u00e4t von Chablis.<\/p>\n<p>Zu den bekanntesten Cuv\u00e9es z\u00e4hlen die Weine von Ch\u00e2teau Grenouille, die zu den gro\u00dfen Wei\u00dfweinen von Chablis geh\u00f6ren.<\/p>\n<p>Die Genossenschaft La Chablisienne bewirtschaftet insgesamt 1.200 Hektar Weinberge an beiden Ufern des Flusses Serein, die ausschlie\u00dflich dem Chardonnay vorbehalten sind \u2013 einer edlen Rebsorte, die die Geschichte der Chablis-Region gepr\u00e4gt hat.<\/p>\n<h2>CHABLIS LES VENERABLES VIEILLES VIGNES 2021<\/h2>\n<p>Alle Weine von La Chablisienne verk\u00f6rpern die Essenz der Chablis-Region: markante maritime Mineralnoten, stets begleitet von einer lebendigen Frische.<\/p>\n<p>Vieilles Vignes bedeutet \u201eAlte Reben\u201c. Um diese Bezeichnung tragen zu d\u00fcrfen, m\u00fcssen die Trauben von mindestens 25 Jahre alten Rebst\u00f6cken stammen.<\/p>\n<p>Serviertemperatur: 12\u201314 \u00b0C.<\/p>\n<p>Perfekt zum Brunch oder als Begleitung zu einem Men\u00fc.<\/p>\n<p>Passt hervorragend zu fetthaltigen und\/oder s\u00fc\u00dfen Speisen wie Kabeljau in Sahnesauce, Fischb\u00e4llchen, hellem Meeresfr\u00fcchterisotto, Hackbraten mit K\u00e4se und Gem\u00fcse sowie Frischk\u00e4se.<\/p>\n","protected":false},"excerpt":{"rendered":"<p>LA CHABLISIENNE CHABLIS LES VENERABLES VIEILLES VIGNES 2021 La Chablisienne, 1923 im Burgund gegr\u00fcndet, ist der gr\u00f6\u00dfte Chablis-Produzent und eine der renommiertesten Genossenschaftskellereien Frankreichs. Die angeschlossenen Winzer werden sorgf\u00e4ltig ausgew\u00e4hlt und sind echte Partner von La Chablisienne. F\u00fcr ihren einzigartigen Stil verwendet La Chablisienne die Trauben als Most, der von den Winzern selbst gepresst wird. [&hellip;]<\/p>\n","protected":false},"featured_media":47901,"comment_status":"open","ping_status":"closed","template":"","meta":{"_acf_changed":false,"_monsterinsights_skip_tracking":false,"_monsterinsights_sitenote_active":false,"_monsterinsights_sitenote_note":"","_monsterinsights_sitenote_category":0},"product_brand":[],"product_cat":[17921],"product_tag":[17850,17724,17742],"class_list":{"0":"post-47875","1":"product","2":"type-product","3":"status-publish","4":"has-post-thumbnail","6":"product_cat-chablis-de","7":"product_tag-bourgogne-de","8":"product_tag-francia-de","9":"product_tag-vino-bianco-de","10":"pa_formato-0-75-l-flasche-de","11":"pa_vine-100-chardonnay-de","12":"pa_vintage-18393","14":"first","15":"instock","16":"taxable","17":"shipping-taxable","18":"purchasable","19":"product-type-simple"},"bundled_by":[],"bundle_stock_status":"instock","bundle_stock_quantity":11,"bundle_virtual":false,"bundle_layout":"","bundle_add_to_cart_form_location":"","bundle_editable_in_cart":false,"bundle_sold_individually_context":"","bundle_item_grouping":"","bundle_min_size":"","bundle_max_size":"","bundle_price":[],"bundled_items":[],"bundle_sell_ids":[],"yoast_head":"<!-- This site is optimized with the Yoast SEO plugin v27.2 - https:\/\/yoast.com\/product\/yoast-seo-wordpress\/ -->\n<title>LA CHABLISIENNE CHABLIS LES VENERABLES VIEILLES VIGNES 2021<\/title>\n<meta name=\"description\" content=\"Kaufen online LA CHABLISIENNE CHABLIS LES VENERABLES VIEILLES VIGNES 2021-France -Burgundy - ...Bourgogne at Fons Vinum...\" \/>\n<meta name=\"robots\" content=\"index, follow, max-snippet:-1, max-image-preview:large, max-video-preview:-1\" \/>\n<link rel=\"canonical\" href=\"https:\/\/fonsvinum.com\/de\/produkt\/la-chablisienne-chablis-les-venerables-vieilles-vignes-2021\/\" \/>\n<meta property=\"og:locale\" content=\"de_DE\" \/>\n<meta property=\"og:type\" content=\"article\" \/>\n<meta property=\"og:title\" content=\"LA CHABLISIENNE CHABLIS LES VENERABLES VIEILLES VIGNES 2021\" \/>\n<meta property=\"og:description\" content=\"Kaufen online LA CHABLISIENNE CHABLIS LES VENERABLES VIEILLES VIGNES 2021-France -Burgundy - ...Bourgogne at Fons Vinum...\" \/>\n<meta property=\"og:url\" content=\"https:\/\/fonsvinum.com\/de\/produkt\/la-chablisienne-chablis-les-venerables-vieilles-vignes-2021\/\" \/>\n<meta property=\"og:site_name\" content=\"Fons Vinum\" \/>\n<meta property=\"article:modified_time\" content=\"2025-11-26T10:40:06+00:00\" \/>\n<meta property=\"og:image\" content=\"https:\/\/fonsvinum.com\/files\/2025\/11\/LA-CHABLISIENNE-CHABLIS-LES-VENERABLES-VIEILLES-VIGNES.png\" \/>\n\t<meta property=\"og:image:width\" content=\"200\" \/>\n\t<meta property=\"og:image:height\" content=\"600\" \/>\n\t<meta property=\"og:image:type\" content=\"image\/png\" \/>\n<meta name=\"twitter:label1\" content=\"Gesch\u00e4tzte Lesezeit\" \/>\n\t<meta name=\"twitter:data1\" content=\"2\u00a0Minuten\" \/>\n<script type=\"application\/ld+json\" class=\"yoast-schema-graph\">{\"@context\":\"https:\/\/schema.org\",\"@graph\":[{\"@type\":\"WebPage\",\"@id\":\"https:\/\/fonsvinum.com\/de\/produkt\/la-chablisienne-chablis-les-venerables-vieilles-vignes-2021\/\",\"url\":\"https:\/\/fonsvinum.com\/de\/produkt\/la-chablisienne-chablis-les-venerables-vieilles-vignes-2021\/\",\"name\":\"LA CHABLISIENNE CHABLIS LES VENERABLES VIEILLES VIGNES 2021\",\"isPartOf\":{\"@id\":\"https:\/\/fonsvinum.com\/en\/#website\"},\"primaryImageOfPage\":{\"@id\":\"https:\/\/fonsvinum.com\/de\/produkt\/la-chablisienne-chablis-les-venerables-vieilles-vignes-2021\/#primaryimage\"},\"image\":{\"@id\":\"https:\/\/fonsvinum.com\/de\/produkt\/la-chablisienne-chablis-les-venerables-vieilles-vignes-2021\/#primaryimage\"},\"thumbnailUrl\":\"https:\/\/fonsvinum.com\/files\/2025\/11\/LA-CHABLISIENNE-CHABLIS-LES-VENERABLES-VIEILLES-VIGNES.png\",\"datePublished\":\"2025-11-18T12:00:16+00:00\",\"dateModified\":\"2025-11-26T10:40:06+00:00\",\"description\":\"Kaufen online LA CHABLISIENNE CHABLIS LES VENERABLES VIEILLES VIGNES 2021-France -Burgundy - ...Bourgogne at Fons Vinum...\",\"breadcrumb\":{\"@id\":\"https:\/\/fonsvinum.com\/de\/produkt\/la-chablisienne-chablis-les-venerables-vieilles-vignes-2021\/#breadcrumb\"},\"inLanguage\":\"de\",\"potentialAction\":[{\"@type\":\"ReadAction\",\"target\":[\"https:\/\/fonsvinum.com\/de\/produkt\/la-chablisienne-chablis-les-venerables-vieilles-vignes-2021\/\"]}]},{\"@type\":\"ImageObject\",\"inLanguage\":\"de\",\"@id\":\"https:\/\/fonsvinum.com\/de\/produkt\/la-chablisienne-chablis-les-venerables-vieilles-vignes-2021\/#primaryimage\",\"url\":\"https:\/\/fonsvinum.com\/files\/2025\/11\/LA-CHABLISIENNE-CHABLIS-LES-VENERABLES-VIEILLES-VIGNES.png\",\"contentUrl\":\"https:\/\/fonsvinum.com\/files\/2025\/11\/LA-CHABLISIENNE-CHABLIS-LES-VENERABLES-VIEILLES-VIGNES.png\",\"width\":200,\"height\":600,\"caption\":\"LA CHABLISIENNE CHABLIS LES VENERABLES VIEILLES VIGNES\"},{\"@type\":\"BreadcrumbList\",\"@id\":\"https:\/\/fonsvinum.com\/de\/produkt\/la-chablisienne-chablis-les-venerables-vieilles-vignes-2021\/#breadcrumb\",\"itemListElement\":[{\"@type\":\"ListItem\",\"position\":1,\"name\":\"Startseite\",\"item\":\"https:\/\/fonsvinum.com\/de\/\"},{\"@type\":\"ListItem\",\"position\":2,\"name\":\"Shop\",\"item\":\"https:\/\/fonsvinum.com\/de\/shop\/\"},{\"@type\":\"ListItem\",\"position\":3,\"name\":\"LA CHABLISIENNE CHABLIS LES VENERABLES VIEILLES VIGNES 2021\"}]},{\"@type\":\"WebSite\",\"@id\":\"https:\/\/fonsvinum.com\/en\/#website\",\"url\":\"https:\/\/fonsvinum.com\/en\/\",\"name\":\"Fons Vinum\",\"description\":\"Vendita Vino Online\",\"publisher\":{\"@id\":\"https:\/\/fonsvinum.com\/en\/#organization\"},\"potentialAction\":[{\"@type\":\"SearchAction\",\"target\":{\"@type\":\"EntryPoint\",\"urlTemplate\":\"https:\/\/fonsvinum.com\/en\/?s={search_term_string}\"},\"query-input\":{\"@type\":\"PropertyValueSpecification\",\"valueRequired\":true,\"valueName\":\"search_term_string\"}}],\"inLanguage\":\"de\"},{\"@type\":\"Organization\",\"@id\":\"https:\/\/fonsvinum.com\/en\/#organization\",\"name\":\"Fons Vinum\",\"url\":\"https:\/\/fonsvinum.com\/en\/\",\"logo\":{\"@type\":\"ImageObject\",\"inLanguage\":\"de\",\"@id\":\"https:\/\/fonsvinum.com\/en\/#\/schema\/logo\/image\/\",\"url\":\"\",\"contentUrl\":\"\",\"caption\":\"Fons Vinum\"},\"image\":{\"@id\":\"https:\/\/fonsvinum.com\/en\/#\/schema\/logo\/image\/\"}}]}<\/script>\n<!-- \/ Yoast SEO plugin. -->","yoast_head_json":{"title":"LA CHABLISIENNE CHABLIS LES VENERABLES VIEILLES VIGNES 2021","description":"Kaufen online LA CHABLISIENNE CHABLIS LES VENERABLES VIEILLES VIGNES 2021-France -Burgundy - ...Bourgogne at Fons Vinum...","robots":{"index":"index","follow":"follow","max-snippet":"max-snippet:-1","max-image-preview":"max-image-preview:large","max-video-preview":"max-video-preview:-1"},"canonical":"https:\/\/fonsvinum.com\/de\/produkt\/la-chablisienne-chablis-les-venerables-vieilles-vignes-2021\/","og_locale":"de_DE","og_type":"article","og_title":"LA CHABLISIENNE CHABLIS LES VENERABLES VIEILLES VIGNES 2021","og_description":"Kaufen online LA CHABLISIENNE CHABLIS LES VENERABLES VIEILLES VIGNES 2021-France -Burgundy - ...Bourgogne at Fons Vinum...","og_url":"https:\/\/fonsvinum.com\/de\/produkt\/la-chablisienne-chablis-les-venerables-vieilles-vignes-2021\/","og_site_name":"Fons Vinum","article_modified_time":"2025-11-26T10:40:06+00:00","og_image":[{"width":200,"height":600,"url":"https:\/\/fonsvinum.com\/files\/2025\/11\/LA-CHABLISIENNE-CHABLIS-LES-VENERABLES-VIEILLES-VIGNES.png","type":"image\/png"}],"twitter_misc":{"Gesch\u00e4tzte Lesezeit":"2\u00a0Minuten"},"schema":{"@context":"https:\/\/schema.org","@graph":[{"@type":"WebPage","@id":"https:\/\/fonsvinum.com\/de\/produkt\/la-chablisienne-chablis-les-venerables-vieilles-vignes-2021\/","url":"https:\/\/fonsvinum.com\/de\/produkt\/la-chablisienne-chablis-les-venerables-vieilles-vignes-2021\/","name":"LA CHABLISIENNE CHABLIS LES VENERABLES VIEILLES VIGNES 2021","isPartOf":{"@id":"https:\/\/fonsvinum.com\/en\/#website"},"primaryImageOfPage":{"@id":"https:\/\/fonsvinum.com\/de\/produkt\/la-chablisienne-chablis-les-venerables-vieilles-vignes-2021\/#primaryimage"},"image":{"@id":"https:\/\/fonsvinum.com\/de\/produkt\/la-chablisienne-chablis-les-venerables-vieilles-vignes-2021\/#primaryimage"},"thumbnailUrl":"https:\/\/fonsvinum.com\/files\/2025\/11\/LA-CHABLISIENNE-CHABLIS-LES-VENERABLES-VIEILLES-VIGNES.png","datePublished":"2025-11-18T12:00:16+00:00","dateModified":"2025-11-26T10:40:06+00:00","description":"Kaufen online LA CHABLISIENNE CHABLIS LES VENERABLES VIEILLES VIGNES 2021-France -Burgundy - ...Bourgogne at Fons Vinum...","breadcrumb":{"@id":"https:\/\/fonsvinum.com\/de\/produkt\/la-chablisienne-chablis-les-venerables-vieilles-vignes-2021\/#breadcrumb"},"inLanguage":"de","potentialAction":[{"@type":"ReadAction","target":["https:\/\/fonsvinum.com\/de\/produkt\/la-chablisienne-chablis-les-venerables-vieilles-vignes-2021\/"]}]},{"@type":"ImageObject","inLanguage":"de","@id":"https:\/\/fonsvinum.com\/de\/produkt\/la-chablisienne-chablis-les-venerables-vieilles-vignes-2021\/#primaryimage","url":"https:\/\/fonsvinum.com\/files\/2025\/11\/LA-CHABLISIENNE-CHABLIS-LES-VENERABLES-VIEILLES-VIGNES.png","contentUrl":"https:\/\/fonsvinum.com\/files\/2025\/11\/LA-CHABLISIENNE-CHABLIS-LES-VENERABLES-VIEILLES-VIGNES.png","width":200,"height":600,"caption":"LA CHABLISIENNE CHABLIS LES VENERABLES VIEILLES VIGNES"},{"@type":"BreadcrumbList","@id":"https:\/\/fonsvinum.com\/de\/produkt\/la-chablisienne-chablis-les-venerables-vieilles-vignes-2021\/#breadcrumb","itemListElement":[{"@type":"ListItem","position":1,"name":"Startseite","item":"https:\/\/fonsvinum.com\/de\/"},{"@type":"ListItem","position":2,"name":"Shop","item":"https:\/\/fonsvinum.com\/de\/shop\/"},{"@type":"ListItem","position":3,"name":"LA CHABLISIENNE CHABLIS LES VENERABLES VIEILLES VIGNES 2021"}]},{"@type":"WebSite","@id":"https:\/\/fonsvinum.com\/en\/#website","url":"https:\/\/fonsvinum.com\/en\/","name":"Fons Vinum","description":"Vendita Vino Online","publisher":{"@id":"https:\/\/fonsvinum.com\/en\/#organization"},"potentialAction":[{"@type":"SearchAction","target":{"@type":"EntryPoint","urlTemplate":"https:\/\/fonsvinum.com\/en\/?s={search_term_string}"},"query-input":{"@type":"PropertyValueSpecification","valueRequired":true,"valueName":"search_term_string"}}],"inLanguage":"de"},{"@type":"Organization","@id":"https:\/\/fonsvinum.com\/en\/#organization","name":"Fons Vinum","url":"https:\/\/fonsvinum.com\/en\/","logo":{"@type":"ImageObject","inLanguage":"de","@id":"https:\/\/fonsvinum.com\/en\/#\/schema\/logo\/image\/","url":"","contentUrl":"","caption":"Fons Vinum"},"image":{"@id":"https:\/\/fonsvinum.com\/en\/#\/schema\/logo\/image\/"}}]}},"acf":[],"_links":{"self":[{"href":"https:\/\/fonsvinum.com\/de\/wp-json\/wp\/v2\/product\/47875","targetHints":{"allow":["GET"]}}],"collection":[{"href":"https:\/\/fonsvinum.com\/de\/wp-json\/wp\/v2\/product"}],"about":[{"href":"https:\/\/fonsvinum.com\/de\/wp-json\/wp\/v2\/types\/product"}],"replies":[{"embeddable":true,"href":"https:\/\/fonsvinum.com\/de\/wp-json\/wp\/v2\/comments?post=47875"}],"wp:featuredmedia":[{"embeddable":true,"href":"https:\/\/fonsvinum.com\/de\/wp-json\/wp\/v2\/media\/47901"}],"wp:attachment":[{"href":"https:\/\/fonsvinum.com\/de\/wp-json\/wp\/v2\/media?parent=47875"}],"wp:term":[{"taxonomy":"product_brand","embeddable":true,"href":"https:\/\/fonsvinum.com\/de\/wp-json\/wp\/v2\/product_brand?post=47875"},{"taxonomy":"product_cat","embeddable":true,"href":"https:\/\/fonsvinum.com\/de\/wp-json\/wp\/v2\/product_cat?post=47875"},{"taxonomy":"product_tag","embeddable":true,"href":"https:\/\/fonsvinum.com\/de\/wp-json\/wp\/v2\/product_tag?post=47875"}],"curies":[{"name":"wp","href":"https:\/\/api.w.org\/{rel}","templated":true}]}}