{"id":47841,"date":"2025-11-13T11:42:16","date_gmt":"2025-11-13T10:42:16","guid":{"rendered":"https:\/\/fonsvinum.com\/?post_type=product&#038;p=47841"},"modified":"2026-04-21T07:11:23","modified_gmt":"2026-04-21T05:11:23","slug":"barbaresco-asili-bruno-giacosa-2022","status":"publish","type":"product","link":"https:\/\/fonsvinum.com\/de\/produkt\/barbaresco-asili-bruno-giacosa-2022\/","title":{"rendered":"Barbaresco Asili Bruno Giacosa 2022"},"content":{"rendered":"<h1><a href=\"https:\/\/fonsvinum.com\/de\/produkt-kategorie\/rotweine-de\/barbaresco-de\/\">Barbaresco<\/a> docg Asili Bruno <a href=\"https:\/\/fonsvinum.com\/?s=GIACOSA&amp;post_type=product\">Giacosa<\/a> 2022<\/h1>\n<h2>Barbaresco docg Asili <a href=\"https:\/\/www.brunogiacosa.it\/\">Bruno Giacosa<\/a> 2022<\/h2>\n<h2>Das Weingut<\/h2>\n<p>Bruno Giacosa war ein Winzer von immenser Sensibilit\u00e4t. Sein Erfolg entsprang dem immensen Talent, von anderen Eigent\u00fcmern gelieferte Trauben in einige der besten jemals produzierten Barolo und Barbaresco zu verwandeln. <\/p>\n<p>Die Azienda Agricola Falletto entstand aus dem Genie dieses Mannes. Nachdem er begonnen hatte, seinem Gro\u00dfvater im Keller zu helfen, erwarb er 1982 den Weinberg &#8222;Falletto&#8220; in Serralunga d&#8217;Alba. 1966 kaufte Bruno auch die Barbaresco-Weinberge &#8222;Asili&#8220; und &#8222;Rabaj\u00e0&#8220;. Heute umfasst das Eigentum zwanzig Hektar. Sie erstrecken sich \u00fcber die Gemeinden Serralunga d&#8217;Alba, La Morra und Barbaresco.<br \/>\nBruno Giacosa hat stets mit \u00e4u\u00dferster \u00dcberzeugung bekr\u00e4ftigt, dass ein gro\u00dfer Wein im Weinberg entsteht. So hat er sich immer daf\u00fcr entschieden, die Rhythmen der Natur maximal zu respektieren, ohne erzwungene Eingriffe, sondern indem er die Pflanze einfach begleitet und ihr erm\u00f6glicht, sich selbst zu sch\u00fctzen und optimal zu wachsen.     <\/p>\n<p>Im Keller folgt eine stark konservative \u00d6nologie, die darauf abzielt, die im Weinberg geleistete Arbeit maximal zu respektieren. Dies bedeutet sehr niedrige Ertr\u00e4ge, dreiw\u00f6chige Mazerationen in Edelstahltanks und Reifungen in gro\u00dfen franz\u00f6sischen Eichenf\u00e4ssern f\u00fcr Zeitr\u00e4ume, die in einigen F\u00e4llen drei\u00dfig Monate \u00fcberschreiten.<br \/>\nDie Weine der Azienda Agricola Falletto stammen alle aus eigenen Weinbergen und werden in den eigenen Kellern in Neive vinifiziert.<br \/>\nDie Weine mit dem Etikett &#8222;Casa Vinicola Bruno Giacosa&#8220; hingegen stammen aus Trauben, die von vertrauensw\u00fcrdigen Lieferanten gekauft und in den eigenen Kellern vinifiziert werden. <\/p>\n<p>Er war einer der Weinm\u00e4nner, die die Namen Barolo und Barbaresco in der Welt am meisten zu Ruhm gebracht haben.<\/p>\n<h2>BARBARESCO ASILI DOCG<\/h2>\n<div class=\"categoryIntroText introTextContainer\">Barbaresco docg Asili Bruno Giacosa 2022. Ein Wein mit gro\u00dfem Alterungspotenzial, hat eine duftende Nase von gepressten Rosenbl\u00e4ttern und s\u00fc\u00dfen Erdbeeren mit tiefen Johannisbeeren und Sauerkirschen, gro\u00dfartige Charaktere im Hintergrund. Am Gaumen ist er reich und vielschichtig mit herrlichen, dunklen Kirschfruchtaromen, ausbalanciert durch samtige Tannine und frische S\u00e4ure. Exotische Gew\u00fcrze, Tr\u00fcffel und ein Hauch von Zartbitterschokolade f\u00fcgen eine weitere Ebene von Tiefe und Komplexit\u00e4t hinzu. Dieser sehr komplexe Wein wird in wenigen Jahren k\u00f6stlich zu trinken sein, da er ein weiteres Jahrzehnt oder zwei gut reifen wird. Zu kombinieren mit delikaten ersten G\u00e4ngen, Risotto und Pasta.     <\/div>\n<ul>\n<li><span class=\"prodotto__descrizione__content__attributi__title\"><strong>Farbe:<\/strong> <\/span><span class=\"prodotto__descrizione__content__attributi__text\">Granatrote Farbe<\/span><\/li>\n<li><strong>Duft:<\/strong> <span class=\"prodotto__descrizione__content__attributi__text\">Faszinierende D\u00fcfte von verwelkten Blumen, Rose, roten Fr\u00fcchten, mit Ankl\u00e4ngen von Rhabarber und Minze<\/span><\/li>\n<li><strong>Geschmack:<\/strong> <span class=\"prodotto__descrizione__content__attributi__text\">Elegant, w\u00fcrzig, strukturiert, wundersch\u00f6ne Tanninstruktur und ausgewogene Frische<\/span><\/li>\n<\/ul>\n","protected":false},"excerpt":{"rendered":"<p>Barbaresco docg Asili Bruno Giacosa 2022 Barbaresco docg Asili Bruno Giacosa 2022 Das Weingut Bruno Giacosa war ein Winzer von immenser Sensibilit\u00e4t. Sein Erfolg entsprang dem immensen Talent, von anderen Eigent\u00fcmern gelieferte Trauben in einige der besten jemals produzierten Barolo und Barbaresco zu verwandeln. Die Azienda Agricola Falletto entstand aus dem Genie dieses Mannes. Nachdem [&hellip;]<\/p>\n","protected":false},"featured_media":16889,"comment_status":"open","ping_status":"closed","template":"","meta":{"_acf_changed":false,"_monsterinsights_skip_tracking":false,"_monsterinsights_sitenote_active":false,"_monsterinsights_sitenote_note":"","_monsterinsights_sitenote_category":0},"product_brand":[],"product_cat":[1773],"product_tag":[15895],"class_list":{"0":"post-47841","1":"product","2":"type-product","3":"status-publish","4":"has-post-thumbnail","6":"product_cat-barbaresco-de","7":"product_tag-barbaresco-de-2","8":"pa_appellation-barbaresco-docg-de","9":"pa_formato-0-75-l-flasche-de","10":"pa_producer-giacosa-bruno-de","11":"pa_region-piemont-de","12":"pa_vine-nebbiolo-de","13":"pa_vintage-18397","15":"first","16":"instock","17":"taxable","18":"shipping-taxable","19":"purchasable","20":"product-type-simple"},"bundled_by":[],"bundle_stock_status":"instock","bundle_stock_quantity":6,"bundle_virtual":false,"bundle_layout":"","bundle_add_to_cart_form_location":"","bundle_editable_in_cart":false,"bundle_sold_individually_context":"","bundle_item_grouping":"","bundle_min_size":"","bundle_max_size":"","bundle_price":[],"bundled_items":[],"bundle_sell_ids":[],"yoast_head":"<!-- This site is optimized with the Yoast SEO plugin v27.3 - https:\/\/yoast.com\/product\/yoast-seo-wordpress\/ -->\n<title>Barbaresco Asili Bruno Giacosa online kaufen JAHRGANG 2022<\/title>\n<meta name=\"description\" content=\"Barbaresco docg &quot;Asili&quot; Bruno Giacosa 2022 online kaufen bei Fons Vinum granatrote Farbe Der Geschmack ist vollmundig, k\u00f6rperreich, mit edler Tanninstruktur.\" \/>\n<meta name=\"robots\" content=\"index, follow, max-snippet:-1, max-image-preview:large, max-video-preview:-1\" \/>\n<link rel=\"canonical\" href=\"https:\/\/fonsvinum.com\/de\/produkt\/barbaresco-asili-bruno-giacosa-2022\/\" \/>\n<meta property=\"og:locale\" content=\"de_DE\" \/>\n<meta property=\"og:type\" content=\"article\" \/>\n<meta property=\"og:title\" content=\"Barbaresco Asili Bruno Giacosa online kaufen JAHRGANG 2022\" \/>\n<meta property=\"og:description\" content=\"Barbaresco docg &quot;Asili&quot; Bruno Giacosa 2022 online kaufen bei Fons Vinum granatrote Farbe Der Geschmack ist vollmundig, k\u00f6rperreich, mit edler Tanninstruktur.\" \/>\n<meta property=\"og:url\" content=\"https:\/\/fonsvinum.com\/de\/produkt\/barbaresco-asili-bruno-giacosa-2022\/\" \/>\n<meta property=\"og:site_name\" content=\"Fons Vinum\" \/>\n<meta property=\"article:modified_time\" content=\"2026-04-21T05:11:23+00:00\" \/>\n<meta property=\"og:image\" content=\"https:\/\/fonsvinum.com\/files\/2014\/12\/barbaresco-giacosa-santo-stefano-albesani.png\" \/>\n\t<meta property=\"og:image:width\" content=\"200\" \/>\n\t<meta property=\"og:image:height\" content=\"600\" \/>\n\t<meta property=\"og:image:type\" content=\"image\/png\" \/>\n<meta name=\"twitter:label1\" content=\"Gesch\u00e4tzte Lesezeit\" \/>\n\t<meta name=\"twitter:data1\" content=\"1\u00a0Minute\" \/>\n<script type=\"application\/ld+json\" class=\"yoast-schema-graph\">{\"@context\":\"https:\\\/\\\/schema.org\",\"@graph\":[{\"@type\":\"WebPage\",\"@id\":\"https:\\\/\\\/fonsvinum.com\\\/de\\\/produkt\\\/barbaresco-asili-bruno-giacosa-2022\\\/\",\"url\":\"https:\\\/\\\/fonsvinum.com\\\/de\\\/produkt\\\/barbaresco-asili-bruno-giacosa-2022\\\/\",\"name\":\"Barbaresco Asili Bruno Giacosa online kaufen JAHRGANG 2022\",\"isPartOf\":{\"@id\":\"https:\\\/\\\/fonsvinum.com\\\/en\\\/#website\"},\"primaryImageOfPage\":{\"@id\":\"https:\\\/\\\/fonsvinum.com\\\/de\\\/produkt\\\/barbaresco-asili-bruno-giacosa-2022\\\/#primaryimage\"},\"image\":{\"@id\":\"https:\\\/\\\/fonsvinum.com\\\/de\\\/produkt\\\/barbaresco-asili-bruno-giacosa-2022\\\/#primaryimage\"},\"thumbnailUrl\":\"https:\\\/\\\/fonsvinum.com\\\/files\\\/2014\\\/12\\\/barbaresco-giacosa-santo-stefano-albesani.png\",\"datePublished\":\"2025-11-13T10:42:16+00:00\",\"dateModified\":\"2026-04-21T05:11:23+00:00\",\"description\":\"Barbaresco docg \\\"Asili\\\" Bruno Giacosa 2022 online kaufen bei Fons Vinum granatrote Farbe Der Geschmack ist vollmundig, k\u00f6rperreich, mit edler Tanninstruktur.\",\"breadcrumb\":{\"@id\":\"https:\\\/\\\/fonsvinum.com\\\/de\\\/produkt\\\/barbaresco-asili-bruno-giacosa-2022\\\/#breadcrumb\"},\"inLanguage\":\"de\",\"potentialAction\":[{\"@type\":\"ReadAction\",\"target\":[\"https:\\\/\\\/fonsvinum.com\\\/de\\\/produkt\\\/barbaresco-asili-bruno-giacosa-2022\\\/\"]}]},{\"@type\":\"ImageObject\",\"inLanguage\":\"de\",\"@id\":\"https:\\\/\\\/fonsvinum.com\\\/de\\\/produkt\\\/barbaresco-asili-bruno-giacosa-2022\\\/#primaryimage\",\"url\":\"https:\\\/\\\/fonsvinum.com\\\/files\\\/2014\\\/12\\\/barbaresco-giacosa-santo-stefano-albesani.png\",\"contentUrl\":\"https:\\\/\\\/fonsvinum.com\\\/files\\\/2014\\\/12\\\/barbaresco-giacosa-santo-stefano-albesani.png\",\"width\":200,\"height\":600},{\"@type\":\"BreadcrumbList\",\"@id\":\"https:\\\/\\\/fonsvinum.com\\\/de\\\/produkt\\\/barbaresco-asili-bruno-giacosa-2022\\\/#breadcrumb\",\"itemListElement\":[{\"@type\":\"ListItem\",\"position\":1,\"name\":\"Startseite\",\"item\":\"https:\\\/\\\/fonsvinum.com\\\/de\\\/\"},{\"@type\":\"ListItem\",\"position\":2,\"name\":\"Shop\",\"item\":\"https:\\\/\\\/fonsvinum.com\\\/de\\\/shop\\\/\"},{\"@type\":\"ListItem\",\"position\":3,\"name\":\"Barbaresco Asili Bruno Giacosa 2022\"}]},{\"@type\":\"WebSite\",\"@id\":\"https:\\\/\\\/fonsvinum.com\\\/en\\\/#website\",\"url\":\"https:\\\/\\\/fonsvinum.com\\\/en\\\/\",\"name\":\"Fons Vinum\",\"description\":\"Vendita Vino Online\",\"publisher\":{\"@id\":\"https:\\\/\\\/fonsvinum.com\\\/en\\\/#organization\"},\"potentialAction\":[{\"@type\":\"SearchAction\",\"target\":{\"@type\":\"EntryPoint\",\"urlTemplate\":\"https:\\\/\\\/fonsvinum.com\\\/en\\\/?s={search_term_string}\"},\"query-input\":{\"@type\":\"PropertyValueSpecification\",\"valueRequired\":true,\"valueName\":\"search_term_string\"}}],\"inLanguage\":\"de\"},{\"@type\":\"Organization\",\"@id\":\"https:\\\/\\\/fonsvinum.com\\\/en\\\/#organization\",\"name\":\"Fons Vinum\",\"url\":\"https:\\\/\\\/fonsvinum.com\\\/en\\\/\",\"logo\":{\"@type\":\"ImageObject\",\"inLanguage\":\"de\",\"@id\":\"https:\\\/\\\/fonsvinum.com\\\/en\\\/#\\\/schema\\\/logo\\\/image\\\/\",\"url\":\"\",\"contentUrl\":\"\",\"caption\":\"Fons Vinum\"},\"image\":{\"@id\":\"https:\\\/\\\/fonsvinum.com\\\/en\\\/#\\\/schema\\\/logo\\\/image\\\/\"}}]}<\/script>\n<!-- \/ Yoast SEO plugin. -->","yoast_head_json":{"title":"Barbaresco Asili Bruno Giacosa online kaufen JAHRGANG 2022","description":"Barbaresco docg \"Asili\" Bruno Giacosa 2022 online kaufen bei Fons Vinum granatrote Farbe Der Geschmack ist vollmundig, k\u00f6rperreich, mit edler Tanninstruktur.","robots":{"index":"index","follow":"follow","max-snippet":"max-snippet:-1","max-image-preview":"max-image-preview:large","max-video-preview":"max-video-preview:-1"},"canonical":"https:\/\/fonsvinum.com\/de\/produkt\/barbaresco-asili-bruno-giacosa-2022\/","og_locale":"de_DE","og_type":"article","og_title":"Barbaresco Asili Bruno Giacosa online kaufen JAHRGANG 2022","og_description":"Barbaresco docg \"Asili\" Bruno Giacosa 2022 online kaufen bei Fons Vinum granatrote Farbe Der Geschmack ist vollmundig, k\u00f6rperreich, mit edler Tanninstruktur.","og_url":"https:\/\/fonsvinum.com\/de\/produkt\/barbaresco-asili-bruno-giacosa-2022\/","og_site_name":"Fons Vinum","article_modified_time":"2026-04-21T05:11:23+00:00","og_image":[{"width":200,"height":600,"url":"https:\/\/fonsvinum.com\/files\/2014\/12\/barbaresco-giacosa-santo-stefano-albesani.png","type":"image\/png"}],"twitter_misc":{"Gesch\u00e4tzte Lesezeit":"1\u00a0Minute"},"schema":{"@context":"https:\/\/schema.org","@graph":[{"@type":"WebPage","@id":"https:\/\/fonsvinum.com\/de\/produkt\/barbaresco-asili-bruno-giacosa-2022\/","url":"https:\/\/fonsvinum.com\/de\/produkt\/barbaresco-asili-bruno-giacosa-2022\/","name":"Barbaresco Asili Bruno Giacosa online kaufen JAHRGANG 2022","isPartOf":{"@id":"https:\/\/fonsvinum.com\/en\/#website"},"primaryImageOfPage":{"@id":"https:\/\/fonsvinum.com\/de\/produkt\/barbaresco-asili-bruno-giacosa-2022\/#primaryimage"},"image":{"@id":"https:\/\/fonsvinum.com\/de\/produkt\/barbaresco-asili-bruno-giacosa-2022\/#primaryimage"},"thumbnailUrl":"https:\/\/fonsvinum.com\/files\/2014\/12\/barbaresco-giacosa-santo-stefano-albesani.png","datePublished":"2025-11-13T10:42:16+00:00","dateModified":"2026-04-21T05:11:23+00:00","description":"Barbaresco docg \"Asili\" Bruno Giacosa 2022 online kaufen bei Fons Vinum granatrote Farbe Der Geschmack ist vollmundig, k\u00f6rperreich, mit edler Tanninstruktur.","breadcrumb":{"@id":"https:\/\/fonsvinum.com\/de\/produkt\/barbaresco-asili-bruno-giacosa-2022\/#breadcrumb"},"inLanguage":"de","potentialAction":[{"@type":"ReadAction","target":["https:\/\/fonsvinum.com\/de\/produkt\/barbaresco-asili-bruno-giacosa-2022\/"]}]},{"@type":"ImageObject","inLanguage":"de","@id":"https:\/\/fonsvinum.com\/de\/produkt\/barbaresco-asili-bruno-giacosa-2022\/#primaryimage","url":"https:\/\/fonsvinum.com\/files\/2014\/12\/barbaresco-giacosa-santo-stefano-albesani.png","contentUrl":"https:\/\/fonsvinum.com\/files\/2014\/12\/barbaresco-giacosa-santo-stefano-albesani.png","width":200,"height":600},{"@type":"BreadcrumbList","@id":"https:\/\/fonsvinum.com\/de\/produkt\/barbaresco-asili-bruno-giacosa-2022\/#breadcrumb","itemListElement":[{"@type":"ListItem","position":1,"name":"Startseite","item":"https:\/\/fonsvinum.com\/de\/"},{"@type":"ListItem","position":2,"name":"Shop","item":"https:\/\/fonsvinum.com\/de\/shop\/"},{"@type":"ListItem","position":3,"name":"Barbaresco Asili Bruno Giacosa 2022"}]},{"@type":"WebSite","@id":"https:\/\/fonsvinum.com\/en\/#website","url":"https:\/\/fonsvinum.com\/en\/","name":"Fons Vinum","description":"Vendita Vino Online","publisher":{"@id":"https:\/\/fonsvinum.com\/en\/#organization"},"potentialAction":[{"@type":"SearchAction","target":{"@type":"EntryPoint","urlTemplate":"https:\/\/fonsvinum.com\/en\/?s={search_term_string}"},"query-input":{"@type":"PropertyValueSpecification","valueRequired":true,"valueName":"search_term_string"}}],"inLanguage":"de"},{"@type":"Organization","@id":"https:\/\/fonsvinum.com\/en\/#organization","name":"Fons Vinum","url":"https:\/\/fonsvinum.com\/en\/","logo":{"@type":"ImageObject","inLanguage":"de","@id":"https:\/\/fonsvinum.com\/en\/#\/schema\/logo\/image\/","url":"","contentUrl":"","caption":"Fons Vinum"},"image":{"@id":"https:\/\/fonsvinum.com\/en\/#\/schema\/logo\/image\/"}}]}},"acf":[],"_links":{"self":[{"href":"https:\/\/fonsvinum.com\/de\/wp-json\/wp\/v2\/product\/47841","targetHints":{"allow":["GET"]}}],"collection":[{"href":"https:\/\/fonsvinum.com\/de\/wp-json\/wp\/v2\/product"}],"about":[{"href":"https:\/\/fonsvinum.com\/de\/wp-json\/wp\/v2\/types\/product"}],"replies":[{"embeddable":true,"href":"https:\/\/fonsvinum.com\/de\/wp-json\/wp\/v2\/comments?post=47841"}],"wp:featuredmedia":[{"embeddable":true,"href":"https:\/\/fonsvinum.com\/de\/wp-json\/wp\/v2\/media\/16889"}],"wp:attachment":[{"href":"https:\/\/fonsvinum.com\/de\/wp-json\/wp\/v2\/media?parent=47841"}],"wp:term":[{"taxonomy":"product_brand","embeddable":true,"href":"https:\/\/fonsvinum.com\/de\/wp-json\/wp\/v2\/product_brand?post=47841"},{"taxonomy":"product_cat","embeddable":true,"href":"https:\/\/fonsvinum.com\/de\/wp-json\/wp\/v2\/product_cat?post=47841"},{"taxonomy":"product_tag","embeddable":true,"href":"https:\/\/fonsvinum.com\/de\/wp-json\/wp\/v2\/product_tag?post=47841"}],"curies":[{"name":"wp","href":"https:\/\/api.w.org\/{rel}","templated":true}]}}