{"id":47829,"date":"2025-11-12T15:41:27","date_gmt":"2025-11-12T14:41:27","guid":{"rendered":"https:\/\/fonsvinum.com\/?post_type=product&#038;p=47829"},"modified":"2025-11-12T15:53:38","modified_gmt":"2025-11-12T14:53:38","slug":"bruno-giacosa-barbera-dalba-2023","status":"publish","type":"product","link":"https:\/\/fonsvinum.com\/de\/produkt\/bruno-giacosa-barbera-dalba-2023\/","title":{"rendered":"Bruno Giacosa Barbera d&#8217;Alba 2023"},"content":{"rendered":"<h1>Bruno Giacosa Barbera d&#8217;Alba 2023<\/h1>\n<h1>Bruno Giacosa<\/h1>\n<h2 class=\"content--title\">Bruno Giacosa Barbera d&#8217;Alba 2023<\/h2>\n<div class=\"product--description\">\n<p>Die <strong>Barbera d&#8217;Alba DOC von Casa Vinicola Bruno Giacosa<\/strong> gl\u00e4nzt im Glas in vollem Rubinrot mit granatroren Reflexen. An der Nase entfaltet sich ein intensiver weiniger Duft mit Aromen, die an Sauerkirsche und Gew\u00fcrze erinnern. Vollmundig, saftig, lebhaft und gro\u00dfz\u00fcgig, so pr\u00e4sentiert sich diese Barbera d&#8217;Alba am Gaumen. Der Abgang ist lang und schmelzig.<\/p>\n<h2>Vinifikation der Barbera d&#8217;Alba von Bruno Giacosa<\/h2>\n<p>Die Trauben f\u00fcr diesen rebsortenreinen Rotwein stammen von den Weinbergen rund um das St\u00e4dtchen Alba im Piemont. Nach der ersten und der zweiten G\u00e4rung wird der Wein\u00a0\u00fcber einen Zeitraum von 9 Monaten in gro\u00dfen Holzf\u00e4ssern ausgebaut.<\/p>\n<h2>Speiseempfehlung f\u00fcr die Barbera d&#8217;Alba von Bruno Giacosa<\/h2>\n<p>Dieser geschmackvolle Rotwein verk\u00f6rpert ebenso wie der Dolcetto den traditionellen, l\u00e4ndlichen Wein aus dem Piemont, den die Piemonteser gerne selbst trinken. Er passt hervorragend zu den regionaltypischen Gerichten, Nudeln mit So\u00dfe, Risotto, aner auch Innereien und w\u00fcrzige K\u00e4se.<\/p>\n<p>&nbsp;<\/p>\n<p><strong>Textur \/ Mundgef\u00fchl:<\/strong> knackig, schmelzig, cremig<\/p>\n<p><strong>Aroma:<\/strong> Beerenobst, Steinobst, w\u00fcrzig<\/p>\n<p>&nbsp;<\/p>\n<\/div>\n","protected":false},"excerpt":{"rendered":"<p>Bruno Giacosa Barbera d&#8217;Alba 2023 Bruno Giacosa Bruno Giacosa Barbera d&#8217;Alba 2023 Die Barbera d&#8217;Alba DOC von Casa Vinicola Bruno Giacosa gl\u00e4nzt im Glas in vollem Rubinrot mit granatroren Reflexen. An der Nase entfaltet sich ein intensiver weiniger Duft mit Aromen, die an Sauerkirsche und Gew\u00fcrze erinnern. Vollmundig, saftig, lebhaft und gro\u00dfz\u00fcgig, so pr\u00e4sentiert sich [&hellip;]<\/p>\n","protected":false},"featured_media":6134,"comment_status":"open","ping_status":"closed","template":"","meta":{"_acf_changed":false,"_monsterinsights_skip_tracking":false,"_monsterinsights_sitenote_active":false,"_monsterinsights_sitenote_note":"","_monsterinsights_sitenote_category":0},"product_brand":[],"product_cat":[2170],"product_tag":[17718],"class_list":{"0":"post-47829","1":"product","2":"type-product","3":"status-publish","4":"has-post-thumbnail","6":"product_cat-barbera-de","7":"product_tag-barbera-de","8":"pa_appellation-barbera-dalba-doc-de","9":"pa_formato-0-75-l-flasche-de","10":"pa_producer-giacosa-bruno-de","11":"pa_region-piemont-de","12":"pa_vine-barbera-de","13":"pa_vintage-18401","15":"first","16":"instock","17":"featured","18":"taxable","19":"shipping-taxable","20":"purchasable","21":"product-type-simple"},"bundled_by":[],"bundle_stock_status":"instock","bundle_stock_quantity":5,"bundle_virtual":false,"bundle_layout":"","bundle_add_to_cart_form_location":"","bundle_editable_in_cart":false,"bundle_sold_individually_context":"","bundle_item_grouping":"","bundle_min_size":"","bundle_max_size":"","bundle_price":[],"bundled_items":[],"bundle_sell_ids":[29572],"yoast_head":"<!-- This site is optimized with the Yoast SEO plugin v27.3 - https:\/\/yoast.com\/product\/yoast-seo-wordpress\/ -->\n<title>Buy online Bruno Giacosa Barbera d&#039;Alba 2023 - Fons Vinum<\/title>\n<meta name=\"description\" content=\"Bruno Giacosa Barbera d&#039;Alba 2023 -Fons Vinum- Vollmundig, saftig, lebhaft und gro\u00dfz\u00fcgig, so pr\u00e4sentiert sich diese Barbera d&#039;Alba am Gaumen.\" \/>\n<meta name=\"robots\" content=\"index, follow, max-snippet:-1, max-image-preview:large, max-video-preview:-1\" \/>\n<link rel=\"canonical\" href=\"https:\/\/fonsvinum.com\/de\/produkt\/bruno-giacosa-barbera-dalba-2023\/\" \/>\n<meta property=\"og:locale\" content=\"de_DE\" \/>\n<meta property=\"og:type\" content=\"article\" \/>\n<meta property=\"og:title\" content=\"Buy online Bruno Giacosa Barbera d&#039;Alba 2023 - Fons Vinum\" \/>\n<meta property=\"og:description\" content=\"Bruno Giacosa Barbera d&#039;Alba 2023 -Fons Vinum- Vollmundig, saftig, lebhaft und gro\u00dfz\u00fcgig, so pr\u00e4sentiert sich diese Barbera d&#039;Alba am Gaumen.\" \/>\n<meta property=\"og:url\" content=\"https:\/\/fonsvinum.com\/de\/produkt\/bruno-giacosa-barbera-dalba-2023\/\" \/>\n<meta property=\"og:site_name\" content=\"Fons Vinum\" \/>\n<meta property=\"article:modified_time\" content=\"2025-11-12T14:53:38+00:00\" \/>\n<meta property=\"og:image\" content=\"https:\/\/fonsvinum.com\/files\/2014\/11\/barbera-d-alba-bruno-giacosa.png\" \/>\n\t<meta property=\"og:image:width\" content=\"200\" \/>\n\t<meta property=\"og:image:height\" content=\"600\" \/>\n\t<meta property=\"og:image:type\" content=\"image\/png\" \/>\n<meta name=\"twitter:label1\" content=\"Gesch\u00e4tzte Lesezeit\" \/>\n\t<meta name=\"twitter:data1\" content=\"2\u00a0Minuten\" \/>\n<script type=\"application\/ld+json\" class=\"yoast-schema-graph\">{\"@context\":\"https:\\\/\\\/schema.org\",\"@graph\":[{\"@type\":\"WebPage\",\"@id\":\"https:\\\/\\\/fonsvinum.com\\\/de\\\/produkt\\\/bruno-giacosa-barbera-dalba-2023\\\/\",\"url\":\"https:\\\/\\\/fonsvinum.com\\\/de\\\/produkt\\\/bruno-giacosa-barbera-dalba-2023\\\/\",\"name\":\"Buy online Bruno Giacosa Barbera d'Alba 2023 - Fons Vinum\",\"isPartOf\":{\"@id\":\"https:\\\/\\\/fonsvinum.com\\\/en\\\/#website\"},\"primaryImageOfPage\":{\"@id\":\"https:\\\/\\\/fonsvinum.com\\\/de\\\/produkt\\\/bruno-giacosa-barbera-dalba-2023\\\/#primaryimage\"},\"image\":{\"@id\":\"https:\\\/\\\/fonsvinum.com\\\/de\\\/produkt\\\/bruno-giacosa-barbera-dalba-2023\\\/#primaryimage\"},\"thumbnailUrl\":\"https:\\\/\\\/fonsvinum.com\\\/files\\\/2014\\\/11\\\/barbera-d-alba-bruno-giacosa.png\",\"datePublished\":\"2025-11-12T14:41:27+00:00\",\"dateModified\":\"2025-11-12T14:53:38+00:00\",\"description\":\"Bruno Giacosa Barbera d'Alba 2023 -Fons Vinum- Vollmundig, saftig, lebhaft und gro\u00dfz\u00fcgig, so pr\u00e4sentiert sich diese Barbera d'Alba am Gaumen.\",\"breadcrumb\":{\"@id\":\"https:\\\/\\\/fonsvinum.com\\\/de\\\/produkt\\\/bruno-giacosa-barbera-dalba-2023\\\/#breadcrumb\"},\"inLanguage\":\"de\",\"potentialAction\":[{\"@type\":\"ReadAction\",\"target\":[\"https:\\\/\\\/fonsvinum.com\\\/de\\\/produkt\\\/bruno-giacosa-barbera-dalba-2023\\\/\"]}]},{\"@type\":\"ImageObject\",\"inLanguage\":\"de\",\"@id\":\"https:\\\/\\\/fonsvinum.com\\\/de\\\/produkt\\\/bruno-giacosa-barbera-dalba-2023\\\/#primaryimage\",\"url\":\"https:\\\/\\\/fonsvinum.com\\\/files\\\/2014\\\/11\\\/barbera-d-alba-bruno-giacosa.png\",\"contentUrl\":\"https:\\\/\\\/fonsvinum.com\\\/files\\\/2014\\\/11\\\/barbera-d-alba-bruno-giacosa.png\",\"width\":200,\"height\":600},{\"@type\":\"BreadcrumbList\",\"@id\":\"https:\\\/\\\/fonsvinum.com\\\/de\\\/produkt\\\/bruno-giacosa-barbera-dalba-2023\\\/#breadcrumb\",\"itemListElement\":[{\"@type\":\"ListItem\",\"position\":1,\"name\":\"Startseite\",\"item\":\"https:\\\/\\\/fonsvinum.com\\\/de\\\/\"},{\"@type\":\"ListItem\",\"position\":2,\"name\":\"Shop\",\"item\":\"https:\\\/\\\/fonsvinum.com\\\/de\\\/shop\\\/\"},{\"@type\":\"ListItem\",\"position\":3,\"name\":\"Bruno Giacosa Barbera d&#8217;Alba 2023\"}]},{\"@type\":\"WebSite\",\"@id\":\"https:\\\/\\\/fonsvinum.com\\\/en\\\/#website\",\"url\":\"https:\\\/\\\/fonsvinum.com\\\/en\\\/\",\"name\":\"Fons Vinum\",\"description\":\"Vendita Vino Online\",\"publisher\":{\"@id\":\"https:\\\/\\\/fonsvinum.com\\\/en\\\/#organization\"},\"potentialAction\":[{\"@type\":\"SearchAction\",\"target\":{\"@type\":\"EntryPoint\",\"urlTemplate\":\"https:\\\/\\\/fonsvinum.com\\\/en\\\/?s={search_term_string}\"},\"query-input\":{\"@type\":\"PropertyValueSpecification\",\"valueRequired\":true,\"valueName\":\"search_term_string\"}}],\"inLanguage\":\"de\"},{\"@type\":\"Organization\",\"@id\":\"https:\\\/\\\/fonsvinum.com\\\/en\\\/#organization\",\"name\":\"Fons Vinum\",\"url\":\"https:\\\/\\\/fonsvinum.com\\\/en\\\/\",\"logo\":{\"@type\":\"ImageObject\",\"inLanguage\":\"de\",\"@id\":\"https:\\\/\\\/fonsvinum.com\\\/en\\\/#\\\/schema\\\/logo\\\/image\\\/\",\"url\":\"\",\"contentUrl\":\"\",\"caption\":\"Fons Vinum\"},\"image\":{\"@id\":\"https:\\\/\\\/fonsvinum.com\\\/en\\\/#\\\/schema\\\/logo\\\/image\\\/\"}}]}<\/script>\n<!-- \/ Yoast SEO plugin. -->","yoast_head_json":{"title":"Buy online Bruno Giacosa Barbera d'Alba 2023 - Fons Vinum","description":"Bruno Giacosa Barbera d'Alba 2023 -Fons Vinum- Vollmundig, saftig, lebhaft und gro\u00dfz\u00fcgig, so pr\u00e4sentiert sich diese Barbera d'Alba am Gaumen.","robots":{"index":"index","follow":"follow","max-snippet":"max-snippet:-1","max-image-preview":"max-image-preview:large","max-video-preview":"max-video-preview:-1"},"canonical":"https:\/\/fonsvinum.com\/de\/produkt\/bruno-giacosa-barbera-dalba-2023\/","og_locale":"de_DE","og_type":"article","og_title":"Buy online Bruno Giacosa Barbera d'Alba 2023 - Fons Vinum","og_description":"Bruno Giacosa Barbera d'Alba 2023 -Fons Vinum- Vollmundig, saftig, lebhaft und gro\u00dfz\u00fcgig, so pr\u00e4sentiert sich diese Barbera d'Alba am Gaumen.","og_url":"https:\/\/fonsvinum.com\/de\/produkt\/bruno-giacosa-barbera-dalba-2023\/","og_site_name":"Fons Vinum","article_modified_time":"2025-11-12T14:53:38+00:00","og_image":[{"width":200,"height":600,"url":"https:\/\/fonsvinum.com\/files\/2014\/11\/barbera-d-alba-bruno-giacosa.png","type":"image\/png"}],"twitter_misc":{"Gesch\u00e4tzte Lesezeit":"2\u00a0Minuten"},"schema":{"@context":"https:\/\/schema.org","@graph":[{"@type":"WebPage","@id":"https:\/\/fonsvinum.com\/de\/produkt\/bruno-giacosa-barbera-dalba-2023\/","url":"https:\/\/fonsvinum.com\/de\/produkt\/bruno-giacosa-barbera-dalba-2023\/","name":"Buy online Bruno Giacosa Barbera d'Alba 2023 - Fons Vinum","isPartOf":{"@id":"https:\/\/fonsvinum.com\/en\/#website"},"primaryImageOfPage":{"@id":"https:\/\/fonsvinum.com\/de\/produkt\/bruno-giacosa-barbera-dalba-2023\/#primaryimage"},"image":{"@id":"https:\/\/fonsvinum.com\/de\/produkt\/bruno-giacosa-barbera-dalba-2023\/#primaryimage"},"thumbnailUrl":"https:\/\/fonsvinum.com\/files\/2014\/11\/barbera-d-alba-bruno-giacosa.png","datePublished":"2025-11-12T14:41:27+00:00","dateModified":"2025-11-12T14:53:38+00:00","description":"Bruno Giacosa Barbera d'Alba 2023 -Fons Vinum- Vollmundig, saftig, lebhaft und gro\u00dfz\u00fcgig, so pr\u00e4sentiert sich diese Barbera d'Alba am Gaumen.","breadcrumb":{"@id":"https:\/\/fonsvinum.com\/de\/produkt\/bruno-giacosa-barbera-dalba-2023\/#breadcrumb"},"inLanguage":"de","potentialAction":[{"@type":"ReadAction","target":["https:\/\/fonsvinum.com\/de\/produkt\/bruno-giacosa-barbera-dalba-2023\/"]}]},{"@type":"ImageObject","inLanguage":"de","@id":"https:\/\/fonsvinum.com\/de\/produkt\/bruno-giacosa-barbera-dalba-2023\/#primaryimage","url":"https:\/\/fonsvinum.com\/files\/2014\/11\/barbera-d-alba-bruno-giacosa.png","contentUrl":"https:\/\/fonsvinum.com\/files\/2014\/11\/barbera-d-alba-bruno-giacosa.png","width":200,"height":600},{"@type":"BreadcrumbList","@id":"https:\/\/fonsvinum.com\/de\/produkt\/bruno-giacosa-barbera-dalba-2023\/#breadcrumb","itemListElement":[{"@type":"ListItem","position":1,"name":"Startseite","item":"https:\/\/fonsvinum.com\/de\/"},{"@type":"ListItem","position":2,"name":"Shop","item":"https:\/\/fonsvinum.com\/de\/shop\/"},{"@type":"ListItem","position":3,"name":"Bruno Giacosa Barbera d&#8217;Alba 2023"}]},{"@type":"WebSite","@id":"https:\/\/fonsvinum.com\/en\/#website","url":"https:\/\/fonsvinum.com\/en\/","name":"Fons Vinum","description":"Vendita Vino Online","publisher":{"@id":"https:\/\/fonsvinum.com\/en\/#organization"},"potentialAction":[{"@type":"SearchAction","target":{"@type":"EntryPoint","urlTemplate":"https:\/\/fonsvinum.com\/en\/?s={search_term_string}"},"query-input":{"@type":"PropertyValueSpecification","valueRequired":true,"valueName":"search_term_string"}}],"inLanguage":"de"},{"@type":"Organization","@id":"https:\/\/fonsvinum.com\/en\/#organization","name":"Fons Vinum","url":"https:\/\/fonsvinum.com\/en\/","logo":{"@type":"ImageObject","inLanguage":"de","@id":"https:\/\/fonsvinum.com\/en\/#\/schema\/logo\/image\/","url":"","contentUrl":"","caption":"Fons Vinum"},"image":{"@id":"https:\/\/fonsvinum.com\/en\/#\/schema\/logo\/image\/"}}]}},"acf":[],"_links":{"self":[{"href":"https:\/\/fonsvinum.com\/de\/wp-json\/wp\/v2\/product\/47829","targetHints":{"allow":["GET"]}}],"collection":[{"href":"https:\/\/fonsvinum.com\/de\/wp-json\/wp\/v2\/product"}],"about":[{"href":"https:\/\/fonsvinum.com\/de\/wp-json\/wp\/v2\/types\/product"}],"replies":[{"embeddable":true,"href":"https:\/\/fonsvinum.com\/de\/wp-json\/wp\/v2\/comments?post=47829"}],"wp:featuredmedia":[{"embeddable":true,"href":"https:\/\/fonsvinum.com\/de\/wp-json\/wp\/v2\/media\/6134"}],"wp:attachment":[{"href":"https:\/\/fonsvinum.com\/de\/wp-json\/wp\/v2\/media?parent=47829"}],"wp:term":[{"taxonomy":"product_brand","embeddable":true,"href":"https:\/\/fonsvinum.com\/de\/wp-json\/wp\/v2\/product_brand?post=47829"},{"taxonomy":"product_cat","embeddable":true,"href":"https:\/\/fonsvinum.com\/de\/wp-json\/wp\/v2\/product_cat?post=47829"},{"taxonomy":"product_tag","embeddable":true,"href":"https:\/\/fonsvinum.com\/de\/wp-json\/wp\/v2\/product_tag?post=47829"}],"curies":[{"name":"wp","href":"https:\/\/api.w.org\/{rel}","templated":true}]}}