{"id":47815,"date":"2025-11-12T11:08:12","date_gmt":"2025-11-12T10:08:12","guid":{"rendered":"https:\/\/fonsvinum.com\/?post_type=product&#038;p=47815"},"modified":"2025-11-12T11:15:52","modified_gmt":"2025-11-12T10:15:52","slug":"coppo-barbera-dasti-camp-du-rouss-2023","status":"publish","type":"product","link":"https:\/\/fonsvinum.com\/de\/produkt\/coppo-barbera-dasti-camp-du-rouss-2023\/","title":{"rendered":"COPPO Barbera d&#8217;Asti Camp du Rouss 2023"},"content":{"rendered":"<h1>COPPO Barbera d&#8217;Asti Camp du Rouss 2023<\/h1>\n<p>Der Name des Camp du Rouss bedeutet in Piemonteser Dialekt &#8222;Des Rotschopfs Feld&#8220;.<\/p>\n<p>Rubinrot im Glas,\u00a0duftet verf\u00fchrerisch nach warmen Gew\u00fcrzen und saftigen, roten Beeren- und Steinfr\u00fcchten.<\/p>\n<p>Der reinsortige Babera ist ein feiner, gut strukturierter und eleganter Rotwein mit einem langen Nachhall, einer gut integrierten S\u00e4ure und einem vollen, fleischigen K\u00f6rper.<\/p>\n","protected":false},"excerpt":{"rendered":"<p>COPPO Barbera d&#8217;Asti Camp du Rouss 2023 Der Name des Camp du Rouss bedeutet in Piemonteser Dialekt &#8222;Des Rotschopfs Feld&#8220;. Rubinrot im Glas,\u00a0duftet verf\u00fchrerisch nach warmen Gew\u00fcrzen und saftigen, roten Beeren- und Steinfr\u00fcchten. Der reinsortige Babera ist ein feiner, gut strukturierter und eleganter Rotwein mit einem langen Nachhall, einer gut integrierten S\u00e4ure und einem vollen, [&hellip;]<\/p>\n","protected":false},"featured_media":5428,"comment_status":"open","ping_status":"closed","template":"","meta":{"_acf_changed":false,"_monsterinsights_skip_tracking":false,"_monsterinsights_sitenote_active":false,"_monsterinsights_sitenote_note":"","_monsterinsights_sitenote_category":0},"product_brand":[],"product_cat":[2170],"product_tag":[15865,17718,15893,15959],"class_list":{"0":"post-47815","1":"product","2":"type-product","3":"status-publish","4":"has-post-thumbnail","6":"product_cat-barbera-de","7":"product_tag-asti-de","8":"product_tag-barbera-de","9":"product_tag-piemonte-de","10":"product_tag-vino-rosso-de","11":"pa_appellation-barbera-dasti-superiore-doc-de","12":"pa_formato-0-75-l-flasche-de","13":"pa_producer-coppo-de","14":"pa_region-piemont-de","15":"pa_vine-100-barbera-de","16":"pa_vintage-18401","18":"first","19":"instock","20":"taxable","21":"shipping-taxable","22":"purchasable","23":"product-type-simple"},"bundled_by":[],"bundle_stock_status":"instock","bundle_stock_quantity":24,"bundle_virtual":false,"bundle_layout":"","bundle_add_to_cart_form_location":"","bundle_editable_in_cart":false,"bundle_sold_individually_context":"","bundle_item_grouping":"","bundle_min_size":"","bundle_max_size":"","bundle_price":[],"bundled_items":[],"bundle_sell_ids":[],"yoast_head":"<!-- This site is optimized with the Yoast SEO plugin v27.3 - https:\/\/yoast.com\/product\/yoast-seo-wordpress\/ -->\n<title>COPPO Barbera d&#039;Asti Camp du Rouss 2023 fonsvinum<\/title>\n<meta name=\"description\" content=\"COPPO Barbera d&#039;Asti Camp du Rouss Der Name des Camp du Rouss bedeutet in Piemonteser Dialekt &quot;Des Rotschopfs Feld&quot;.\u00a0\" \/>\n<meta name=\"robots\" content=\"index, follow, max-snippet:-1, max-image-preview:large, max-video-preview:-1\" \/>\n<link rel=\"canonical\" href=\"https:\/\/fonsvinum.com\/de\/produkt\/coppo-barbera-dasti-camp-du-rouss-2023\/\" \/>\n<meta property=\"og:locale\" content=\"de_DE\" \/>\n<meta property=\"og:type\" content=\"article\" \/>\n<meta property=\"og:title\" content=\"COPPO Barbera d&#039;Asti Camp du Rouss 2023 fonsvinum\" \/>\n<meta property=\"og:description\" content=\"COPPO Barbera d&#039;Asti Camp du Rouss Der Name des Camp du Rouss bedeutet in Piemonteser Dialekt &quot;Des Rotschopfs Feld&quot;.\u00a0\" \/>\n<meta property=\"og:url\" content=\"https:\/\/fonsvinum.com\/de\/produkt\/coppo-barbera-dasti-camp-du-rouss-2023\/\" \/>\n<meta property=\"og:site_name\" content=\"Fons Vinum\" \/>\n<meta property=\"article:modified_time\" content=\"2025-11-12T10:15:52+00:00\" \/>\n<meta property=\"og:image\" content=\"https:\/\/fonsvinum.com\/files\/2013\/04\/barbera-d-asti-camp-du-rouss-coppo.jpg\" \/>\n\t<meta property=\"og:image:width\" content=\"208\" \/>\n\t<meta property=\"og:image:height\" content=\"699\" \/>\n\t<meta property=\"og:image:type\" content=\"image\/jpeg\" \/>\n<meta name=\"twitter:label1\" content=\"Gesch\u00e4tzte Lesezeit\" \/>\n\t<meta name=\"twitter:data1\" content=\"1\u00a0Minute\" \/>\n<script type=\"application\/ld+json\" class=\"yoast-schema-graph\">{\"@context\":\"https:\\\/\\\/schema.org\",\"@graph\":[{\"@type\":\"WebPage\",\"@id\":\"https:\\\/\\\/fonsvinum.com\\\/de\\\/produkt\\\/coppo-barbera-dasti-camp-du-rouss-2023\\\/\",\"url\":\"https:\\\/\\\/fonsvinum.com\\\/de\\\/produkt\\\/coppo-barbera-dasti-camp-du-rouss-2023\\\/\",\"name\":\"COPPO Barbera d'Asti Camp du Rouss 2023 fonsvinum\",\"isPartOf\":{\"@id\":\"https:\\\/\\\/fonsvinum.com\\\/en\\\/#website\"},\"primaryImageOfPage\":{\"@id\":\"https:\\\/\\\/fonsvinum.com\\\/de\\\/produkt\\\/coppo-barbera-dasti-camp-du-rouss-2023\\\/#primaryimage\"},\"image\":{\"@id\":\"https:\\\/\\\/fonsvinum.com\\\/de\\\/produkt\\\/coppo-barbera-dasti-camp-du-rouss-2023\\\/#primaryimage\"},\"thumbnailUrl\":\"https:\\\/\\\/fonsvinum.com\\\/files\\\/2013\\\/04\\\/barbera-d-asti-camp-du-rouss-coppo.jpg\",\"datePublished\":\"2025-11-12T10:08:12+00:00\",\"dateModified\":\"2025-11-12T10:15:52+00:00\",\"description\":\"COPPO Barbera d'Asti Camp du Rouss Der Name des Camp du Rouss bedeutet in Piemonteser Dialekt \\\"Des Rotschopfs Feld\\\".\u00a0\",\"breadcrumb\":{\"@id\":\"https:\\\/\\\/fonsvinum.com\\\/de\\\/produkt\\\/coppo-barbera-dasti-camp-du-rouss-2023\\\/#breadcrumb\"},\"inLanguage\":\"de\",\"potentialAction\":[{\"@type\":\"ReadAction\",\"target\":[\"https:\\\/\\\/fonsvinum.com\\\/de\\\/produkt\\\/coppo-barbera-dasti-camp-du-rouss-2023\\\/\"]}]},{\"@type\":\"ImageObject\",\"inLanguage\":\"de\",\"@id\":\"https:\\\/\\\/fonsvinum.com\\\/de\\\/produkt\\\/coppo-barbera-dasti-camp-du-rouss-2023\\\/#primaryimage\",\"url\":\"https:\\\/\\\/fonsvinum.com\\\/files\\\/2013\\\/04\\\/barbera-d-asti-camp-du-rouss-coppo.jpg\",\"contentUrl\":\"https:\\\/\\\/fonsvinum.com\\\/files\\\/2013\\\/04\\\/barbera-d-asti-camp-du-rouss-coppo.jpg\",\"width\":208,\"height\":699},{\"@type\":\"BreadcrumbList\",\"@id\":\"https:\\\/\\\/fonsvinum.com\\\/de\\\/produkt\\\/coppo-barbera-dasti-camp-du-rouss-2023\\\/#breadcrumb\",\"itemListElement\":[{\"@type\":\"ListItem\",\"position\":1,\"name\":\"Startseite\",\"item\":\"https:\\\/\\\/fonsvinum.com\\\/de\\\/\"},{\"@type\":\"ListItem\",\"position\":2,\"name\":\"Shop\",\"item\":\"https:\\\/\\\/fonsvinum.com\\\/de\\\/shop\\\/\"},{\"@type\":\"ListItem\",\"position\":3,\"name\":\"COPPO Barbera d&#8217;Asti Camp du Rouss 2023\"}]},{\"@type\":\"WebSite\",\"@id\":\"https:\\\/\\\/fonsvinum.com\\\/en\\\/#website\",\"url\":\"https:\\\/\\\/fonsvinum.com\\\/en\\\/\",\"name\":\"Fons Vinum\",\"description\":\"Vendita Vino Online\",\"publisher\":{\"@id\":\"https:\\\/\\\/fonsvinum.com\\\/en\\\/#organization\"},\"potentialAction\":[{\"@type\":\"SearchAction\",\"target\":{\"@type\":\"EntryPoint\",\"urlTemplate\":\"https:\\\/\\\/fonsvinum.com\\\/en\\\/?s={search_term_string}\"},\"query-input\":{\"@type\":\"PropertyValueSpecification\",\"valueRequired\":true,\"valueName\":\"search_term_string\"}}],\"inLanguage\":\"de\"},{\"@type\":\"Organization\",\"@id\":\"https:\\\/\\\/fonsvinum.com\\\/en\\\/#organization\",\"name\":\"Fons Vinum\",\"url\":\"https:\\\/\\\/fonsvinum.com\\\/en\\\/\",\"logo\":{\"@type\":\"ImageObject\",\"inLanguage\":\"de\",\"@id\":\"https:\\\/\\\/fonsvinum.com\\\/en\\\/#\\\/schema\\\/logo\\\/image\\\/\",\"url\":\"\",\"contentUrl\":\"\",\"caption\":\"Fons Vinum\"},\"image\":{\"@id\":\"https:\\\/\\\/fonsvinum.com\\\/en\\\/#\\\/schema\\\/logo\\\/image\\\/\"}}]}<\/script>\n<!-- \/ Yoast SEO plugin. -->","yoast_head_json":{"title":"COPPO Barbera d'Asti Camp du Rouss 2023 fonsvinum","description":"COPPO Barbera d'Asti Camp du Rouss Der Name des Camp du Rouss bedeutet in Piemonteser Dialekt \"Des Rotschopfs Feld\".\u00a0","robots":{"index":"index","follow":"follow","max-snippet":"max-snippet:-1","max-image-preview":"max-image-preview:large","max-video-preview":"max-video-preview:-1"},"canonical":"https:\/\/fonsvinum.com\/de\/produkt\/coppo-barbera-dasti-camp-du-rouss-2023\/","og_locale":"de_DE","og_type":"article","og_title":"COPPO Barbera d'Asti Camp du Rouss 2023 fonsvinum","og_description":"COPPO Barbera d'Asti Camp du Rouss Der Name des Camp du Rouss bedeutet in Piemonteser Dialekt \"Des Rotschopfs Feld\".\u00a0","og_url":"https:\/\/fonsvinum.com\/de\/produkt\/coppo-barbera-dasti-camp-du-rouss-2023\/","og_site_name":"Fons Vinum","article_modified_time":"2025-11-12T10:15:52+00:00","og_image":[{"width":208,"height":699,"url":"https:\/\/fonsvinum.com\/files\/2013\/04\/barbera-d-asti-camp-du-rouss-coppo.jpg","type":"image\/jpeg"}],"twitter_misc":{"Gesch\u00e4tzte Lesezeit":"1\u00a0Minute"},"schema":{"@context":"https:\/\/schema.org","@graph":[{"@type":"WebPage","@id":"https:\/\/fonsvinum.com\/de\/produkt\/coppo-barbera-dasti-camp-du-rouss-2023\/","url":"https:\/\/fonsvinum.com\/de\/produkt\/coppo-barbera-dasti-camp-du-rouss-2023\/","name":"COPPO Barbera d'Asti Camp du Rouss 2023 fonsvinum","isPartOf":{"@id":"https:\/\/fonsvinum.com\/en\/#website"},"primaryImageOfPage":{"@id":"https:\/\/fonsvinum.com\/de\/produkt\/coppo-barbera-dasti-camp-du-rouss-2023\/#primaryimage"},"image":{"@id":"https:\/\/fonsvinum.com\/de\/produkt\/coppo-barbera-dasti-camp-du-rouss-2023\/#primaryimage"},"thumbnailUrl":"https:\/\/fonsvinum.com\/files\/2013\/04\/barbera-d-asti-camp-du-rouss-coppo.jpg","datePublished":"2025-11-12T10:08:12+00:00","dateModified":"2025-11-12T10:15:52+00:00","description":"COPPO Barbera d'Asti Camp du Rouss Der Name des Camp du Rouss bedeutet in Piemonteser Dialekt \"Des Rotschopfs Feld\".\u00a0","breadcrumb":{"@id":"https:\/\/fonsvinum.com\/de\/produkt\/coppo-barbera-dasti-camp-du-rouss-2023\/#breadcrumb"},"inLanguage":"de","potentialAction":[{"@type":"ReadAction","target":["https:\/\/fonsvinum.com\/de\/produkt\/coppo-barbera-dasti-camp-du-rouss-2023\/"]}]},{"@type":"ImageObject","inLanguage":"de","@id":"https:\/\/fonsvinum.com\/de\/produkt\/coppo-barbera-dasti-camp-du-rouss-2023\/#primaryimage","url":"https:\/\/fonsvinum.com\/files\/2013\/04\/barbera-d-asti-camp-du-rouss-coppo.jpg","contentUrl":"https:\/\/fonsvinum.com\/files\/2013\/04\/barbera-d-asti-camp-du-rouss-coppo.jpg","width":208,"height":699},{"@type":"BreadcrumbList","@id":"https:\/\/fonsvinum.com\/de\/produkt\/coppo-barbera-dasti-camp-du-rouss-2023\/#breadcrumb","itemListElement":[{"@type":"ListItem","position":1,"name":"Startseite","item":"https:\/\/fonsvinum.com\/de\/"},{"@type":"ListItem","position":2,"name":"Shop","item":"https:\/\/fonsvinum.com\/de\/shop\/"},{"@type":"ListItem","position":3,"name":"COPPO Barbera d&#8217;Asti Camp du Rouss 2023"}]},{"@type":"WebSite","@id":"https:\/\/fonsvinum.com\/en\/#website","url":"https:\/\/fonsvinum.com\/en\/","name":"Fons Vinum","description":"Vendita Vino Online","publisher":{"@id":"https:\/\/fonsvinum.com\/en\/#organization"},"potentialAction":[{"@type":"SearchAction","target":{"@type":"EntryPoint","urlTemplate":"https:\/\/fonsvinum.com\/en\/?s={search_term_string}"},"query-input":{"@type":"PropertyValueSpecification","valueRequired":true,"valueName":"search_term_string"}}],"inLanguage":"de"},{"@type":"Organization","@id":"https:\/\/fonsvinum.com\/en\/#organization","name":"Fons Vinum","url":"https:\/\/fonsvinum.com\/en\/","logo":{"@type":"ImageObject","inLanguage":"de","@id":"https:\/\/fonsvinum.com\/en\/#\/schema\/logo\/image\/","url":"","contentUrl":"","caption":"Fons Vinum"},"image":{"@id":"https:\/\/fonsvinum.com\/en\/#\/schema\/logo\/image\/"}}]}},"acf":[],"_links":{"self":[{"href":"https:\/\/fonsvinum.com\/de\/wp-json\/wp\/v2\/product\/47815","targetHints":{"allow":["GET"]}}],"collection":[{"href":"https:\/\/fonsvinum.com\/de\/wp-json\/wp\/v2\/product"}],"about":[{"href":"https:\/\/fonsvinum.com\/de\/wp-json\/wp\/v2\/types\/product"}],"replies":[{"embeddable":true,"href":"https:\/\/fonsvinum.com\/de\/wp-json\/wp\/v2\/comments?post=47815"}],"wp:featuredmedia":[{"embeddable":true,"href":"https:\/\/fonsvinum.com\/de\/wp-json\/wp\/v2\/media\/5428"}],"wp:attachment":[{"href":"https:\/\/fonsvinum.com\/de\/wp-json\/wp\/v2\/media?parent=47815"}],"wp:term":[{"taxonomy":"product_brand","embeddable":true,"href":"https:\/\/fonsvinum.com\/de\/wp-json\/wp\/v2\/product_brand?post=47815"},{"taxonomy":"product_cat","embeddable":true,"href":"https:\/\/fonsvinum.com\/de\/wp-json\/wp\/v2\/product_cat?post=47815"},{"taxonomy":"product_tag","embeddable":true,"href":"https:\/\/fonsvinum.com\/de\/wp-json\/wp\/v2\/product_tag?post=47815"}],"curies":[{"name":"wp","href":"https:\/\/api.w.org\/{rel}","templated":true}]}}