{"id":47743,"date":"2025-11-04T12:13:16","date_gmt":"2025-11-04T11:13:16","guid":{"rendered":"https:\/\/fonsvinum.com\/?post_type=product&#038;p=47743"},"modified":"2025-11-04T12:16:51","modified_gmt":"2025-11-04T11:16:51","slug":"domaine-sylvain-mosnier-chablis-2023","status":"publish","type":"product","link":"https:\/\/fonsvinum.com\/de\/produkt\/domaine-sylvain-mosnier-chablis-2023\/","title":{"rendered":"DOMAINE SYLVAIN MOSNIER\u00a0Chablis 2023"},"content":{"rendered":"<h1 class=\"lista_tenute\">DOMAINE SYLVAIN MOSNIER Chablis 2023<\/h1>\n<p>Das Weingut Domaine Mosnier liegt vor den n\u00f6rdlichen Toren des Burgunds, zwischen Paris und Beaune, im Herzen von Chablis, mit typischen Terroirs und Klimazonen, die es ihm erm\u00f6glichen, einzigartige und unvergleichliche trockene Wei\u00dfweine zu produzieren.<\/p>\n<p>Diese charakteristische Mineralit\u00e4t der Chablis-Weine kommt vom Chardonnay, der seine St\u00e4rke und zarte Frische aus dem kimmeridgischen Boden bezieht, der vor 70 Millionen Jahren entstand, als sich das Meer zur\u00fcckzog und eine abwechselnde Schicht aus Kalkstein und Ton mit versteinerten Meeresorganismen hinterlie\u00df.<\/p>\n<p>Seit 1893 sind mehrere Generationen von Winzern, inspiriert von dem gleichen Wunsch und der gleichen \u00dcberzeugung, immer Gutes zu tun, einander gefolgt und haben sich mit Kraft und Entschlossenheit der Verarbeitung der Reben und der Herstellung von Weinen in reiner Burgunder- und Weinform gewidmet Chablisienne-Tradition und Authentizit\u00e4t.<\/p>\n<p>Die neue Generation der Domaine Mosnier, verk\u00f6rpert von St\u00e9phanie, vereint Tradition und Moderne in der Produktion. Das Unternehmen bewirtschaftet heute fast 19 Hektar Weinberge, verteilt auf drei Konfessionen und verschiedene Terroirs: 4 Hektar Petit Chablis, 13,30 Hektar Chablis und 1,60 Hektar Premier Cru<\/p>\n<p>Das Anwesen unterliegt einer nachhaltigen Bewirtschaftung mit dem G\u00fctesiegel HVE 3: minimaler Einsatz von Pflanzenschutzmitteln durch Bodenbearbeitung und Begr\u00fcnung der Parzellen. Der Weinberg ist nat\u00fcrlicher, ein Lebensraum f\u00fcr zahlreiche Insekten, ein Zeichen des Lebens und der Artenvielfalt.<\/p>\n<h2>CHABLIS<\/h2>\n<p>In reiner Tradition werden die Chablis des Unternehmens in Stahlbeh\u00e4ltern vinifiziert, um die frischesten Sorten-, Frucht-, Blumen- und Pflanzennoten hervorzuheben. Und vor allem die Reinheit dieses besonderen mineralischen Akzents, der an den f\u00fcr Lehm-Kalkstein-B\u00f6den typischen Feuerstein erinnert.<\/p>\n<h2>-Geschmacksnoten-<\/h2>\n<p>Farbe: sch\u00f6ne strohgelbe Farbe mit deutlichen gr\u00fcnlichen Reflexen.<\/p>\n<p>Parf\u00fcm: dr\u00fcckt eine sehr frische, lebendige und mineralische Nase aus; wir finden Feuerstein, Apfel und Ananas; wei\u00dfe Pflaume und Grapefruit.<\/p>\n<p>Geschmack: Am Gaumen behalten seine Aromen lange ihre Frische. Langes und gl\u00fcckliches Fortbestehen bis hin zu einer s\u00fc\u00dfen und heiteren Schwerkraft. Sehr frisch, in den ersten Jahren manchmal scharf, erreicht der Chablis nach einiger Zeit eine perfekte Ausgewogenheit.<\/p>\n<p>Probieren Sie es mit Schnecken \u00e0 la Bourguignonne.<\/p>\n<p>&nbsp;<\/p>\n<h2><\/h2>\n","protected":false},"excerpt":{"rendered":"<p>DOMAINE SYLVAIN MOSNIER Chablis 2023 Das Weingut Domaine Mosnier liegt vor den n\u00f6rdlichen Toren des Burgunds, zwischen Paris und Beaune, im Herzen von Chablis, mit typischen Terroirs und Klimazonen, die es ihm erm\u00f6glichen, einzigartige und unvergleichliche trockene Wei\u00dfweine zu produzieren. Diese charakteristische Mineralit\u00e4t der Chablis-Weine kommt vom Chardonnay, der seine St\u00e4rke und zarte Frische aus [&hellip;]<\/p>\n","protected":false},"featured_media":44286,"comment_status":"open","ping_status":"closed","template":"","meta":{"_acf_changed":false,"_monsterinsights_skip_tracking":false,"_monsterinsights_sitenote_active":false,"_monsterinsights_sitenote_note":"","_monsterinsights_sitenote_category":0},"product_brand":[],"product_cat":[17921,1778],"product_tag":[17850,17724,17742],"class_list":{"0":"post-47743","1":"product","2":"type-product","3":"status-publish","4":"has-post-thumbnail","6":"product_cat-chablis-de","7":"product_cat-chardonnay-de","8":"product_tag-bourgogne-de","9":"product_tag-francia-de","10":"product_tag-vino-bianco-de","11":"pa_formato-0-75-l-flasche-de","12":"pa_vine-100-chardonnay-de","13":"pa_vintage-18401","15":"first","16":"instock","17":"taxable","18":"shipping-taxable","19":"purchasable","20":"product-type-simple"},"bundled_by":[],"bundle_stock_status":"instock","bundle_stock_quantity":8,"bundle_virtual":false,"bundle_layout":"","bundle_add_to_cart_form_location":"","bundle_editable_in_cart":false,"bundle_sold_individually_context":"","bundle_item_grouping":"","bundle_min_size":"","bundle_max_size":"","bundle_price":[],"bundled_items":[],"bundle_sell_ids":[],"yoast_head":"<!-- This site is optimized with the Yoast SEO plugin v27.2 - https:\/\/yoast.com\/product\/yoast-seo-wordpress\/ -->\n<title>Buy online DOMAINE SYLVAIN MOSNIER\u00a0Chablis 2023<\/title>\n<meta name=\"description\" content=\"Kaufen online DOMAINE SYLVAIN MOSNIER\u00a0Chablis 2023 at Fons Vinum -France -Burgundy - ...Bourgogne at Fons Vinum...\" \/>\n<meta name=\"robots\" content=\"index, follow, max-snippet:-1, max-image-preview:large, max-video-preview:-1\" \/>\n<link rel=\"canonical\" href=\"https:\/\/fonsvinum.com\/de\/produkt\/domaine-sylvain-mosnier-chablis-2023\/\" \/>\n<meta property=\"og:locale\" content=\"de_DE\" \/>\n<meta property=\"og:type\" content=\"article\" \/>\n<meta property=\"og:title\" content=\"Buy online DOMAINE SYLVAIN MOSNIER\u00a0Chablis 2023\" \/>\n<meta property=\"og:description\" content=\"Kaufen online DOMAINE SYLVAIN MOSNIER\u00a0Chablis 2023 at Fons Vinum -France -Burgundy - ...Bourgogne at Fons Vinum...\" \/>\n<meta property=\"og:url\" content=\"https:\/\/fonsvinum.com\/de\/produkt\/domaine-sylvain-mosnier-chablis-2023\/\" \/>\n<meta property=\"og:site_name\" content=\"Fons Vinum\" \/>\n<meta property=\"article:modified_time\" content=\"2025-11-04T11:16:51+00:00\" \/>\n<meta property=\"og:image\" content=\"https:\/\/fonsvinum.com\/files\/2024\/06\/sylvain-mosnier-chablis-2022.png\" \/>\n\t<meta property=\"og:image:width\" content=\"200\" \/>\n\t<meta property=\"og:image:height\" content=\"600\" \/>\n\t<meta property=\"og:image:type\" content=\"image\/png\" \/>\n<meta name=\"twitter:label1\" content=\"Gesch\u00e4tzte Lesezeit\" \/>\n\t<meta name=\"twitter:data1\" content=\"2\u00a0Minuten\" \/>\n<script type=\"application\/ld+json\" class=\"yoast-schema-graph\">{\"@context\":\"https:\/\/schema.org\",\"@graph\":[{\"@type\":\"WebPage\",\"@id\":\"https:\/\/fonsvinum.com\/de\/produkt\/domaine-sylvain-mosnier-chablis-2023\/\",\"url\":\"https:\/\/fonsvinum.com\/de\/produkt\/domaine-sylvain-mosnier-chablis-2023\/\",\"name\":\"Buy online DOMAINE SYLVAIN MOSNIER\u00a0Chablis 2023\",\"isPartOf\":{\"@id\":\"https:\/\/fonsvinum.com\/en\/#website\"},\"primaryImageOfPage\":{\"@id\":\"https:\/\/fonsvinum.com\/de\/produkt\/domaine-sylvain-mosnier-chablis-2023\/#primaryimage\"},\"image\":{\"@id\":\"https:\/\/fonsvinum.com\/de\/produkt\/domaine-sylvain-mosnier-chablis-2023\/#primaryimage\"},\"thumbnailUrl\":\"https:\/\/fonsvinum.com\/files\/2024\/06\/sylvain-mosnier-chablis-2022.png\",\"datePublished\":\"2025-11-04T11:13:16+00:00\",\"dateModified\":\"2025-11-04T11:16:51+00:00\",\"description\":\"Kaufen online DOMAINE SYLVAIN MOSNIER\u00a0Chablis 2023 at Fons Vinum -France -Burgundy - ...Bourgogne at Fons Vinum...\",\"breadcrumb\":{\"@id\":\"https:\/\/fonsvinum.com\/de\/produkt\/domaine-sylvain-mosnier-chablis-2023\/#breadcrumb\"},\"inLanguage\":\"de\",\"potentialAction\":[{\"@type\":\"ReadAction\",\"target\":[\"https:\/\/fonsvinum.com\/de\/produkt\/domaine-sylvain-mosnier-chablis-2023\/\"]}]},{\"@type\":\"ImageObject\",\"inLanguage\":\"de\",\"@id\":\"https:\/\/fonsvinum.com\/de\/produkt\/domaine-sylvain-mosnier-chablis-2023\/#primaryimage\",\"url\":\"https:\/\/fonsvinum.com\/files\/2024\/06\/sylvain-mosnier-chablis-2022.png\",\"contentUrl\":\"https:\/\/fonsvinum.com\/files\/2024\/06\/sylvain-mosnier-chablis-2022.png\",\"width\":200,\"height\":600},{\"@type\":\"BreadcrumbList\",\"@id\":\"https:\/\/fonsvinum.com\/de\/produkt\/domaine-sylvain-mosnier-chablis-2023\/#breadcrumb\",\"itemListElement\":[{\"@type\":\"ListItem\",\"position\":1,\"name\":\"Startseite\",\"item\":\"https:\/\/fonsvinum.com\/de\/\"},{\"@type\":\"ListItem\",\"position\":2,\"name\":\"Shop\",\"item\":\"https:\/\/fonsvinum.com\/de\/shop\/\"},{\"@type\":\"ListItem\",\"position\":3,\"name\":\"DOMAINE SYLVAIN MOSNIER\u00a0Chablis 2023\"}]},{\"@type\":\"WebSite\",\"@id\":\"https:\/\/fonsvinum.com\/en\/#website\",\"url\":\"https:\/\/fonsvinum.com\/en\/\",\"name\":\"Fons Vinum\",\"description\":\"Vendita Vino Online\",\"publisher\":{\"@id\":\"https:\/\/fonsvinum.com\/en\/#organization\"},\"potentialAction\":[{\"@type\":\"SearchAction\",\"target\":{\"@type\":\"EntryPoint\",\"urlTemplate\":\"https:\/\/fonsvinum.com\/en\/?s={search_term_string}\"},\"query-input\":{\"@type\":\"PropertyValueSpecification\",\"valueRequired\":true,\"valueName\":\"search_term_string\"}}],\"inLanguage\":\"de\"},{\"@type\":\"Organization\",\"@id\":\"https:\/\/fonsvinum.com\/en\/#organization\",\"name\":\"Fons Vinum\",\"url\":\"https:\/\/fonsvinum.com\/en\/\",\"logo\":{\"@type\":\"ImageObject\",\"inLanguage\":\"de\",\"@id\":\"https:\/\/fonsvinum.com\/en\/#\/schema\/logo\/image\/\",\"url\":\"\",\"contentUrl\":\"\",\"caption\":\"Fons Vinum\"},\"image\":{\"@id\":\"https:\/\/fonsvinum.com\/en\/#\/schema\/logo\/image\/\"}}]}<\/script>\n<!-- \/ Yoast SEO plugin. -->","yoast_head_json":{"title":"Buy online DOMAINE SYLVAIN MOSNIER\u00a0Chablis 2023","description":"Kaufen online DOMAINE SYLVAIN MOSNIER\u00a0Chablis 2023 at Fons Vinum -France -Burgundy - ...Bourgogne at Fons Vinum...","robots":{"index":"index","follow":"follow","max-snippet":"max-snippet:-1","max-image-preview":"max-image-preview:large","max-video-preview":"max-video-preview:-1"},"canonical":"https:\/\/fonsvinum.com\/de\/produkt\/domaine-sylvain-mosnier-chablis-2023\/","og_locale":"de_DE","og_type":"article","og_title":"Buy online DOMAINE SYLVAIN MOSNIER\u00a0Chablis 2023","og_description":"Kaufen online DOMAINE SYLVAIN MOSNIER\u00a0Chablis 2023 at Fons Vinum -France -Burgundy - ...Bourgogne at Fons Vinum...","og_url":"https:\/\/fonsvinum.com\/de\/produkt\/domaine-sylvain-mosnier-chablis-2023\/","og_site_name":"Fons Vinum","article_modified_time":"2025-11-04T11:16:51+00:00","og_image":[{"width":200,"height":600,"url":"https:\/\/fonsvinum.com\/files\/2024\/06\/sylvain-mosnier-chablis-2022.png","type":"image\/png"}],"twitter_misc":{"Gesch\u00e4tzte Lesezeit":"2\u00a0Minuten"},"schema":{"@context":"https:\/\/schema.org","@graph":[{"@type":"WebPage","@id":"https:\/\/fonsvinum.com\/de\/produkt\/domaine-sylvain-mosnier-chablis-2023\/","url":"https:\/\/fonsvinum.com\/de\/produkt\/domaine-sylvain-mosnier-chablis-2023\/","name":"Buy online DOMAINE SYLVAIN MOSNIER\u00a0Chablis 2023","isPartOf":{"@id":"https:\/\/fonsvinum.com\/en\/#website"},"primaryImageOfPage":{"@id":"https:\/\/fonsvinum.com\/de\/produkt\/domaine-sylvain-mosnier-chablis-2023\/#primaryimage"},"image":{"@id":"https:\/\/fonsvinum.com\/de\/produkt\/domaine-sylvain-mosnier-chablis-2023\/#primaryimage"},"thumbnailUrl":"https:\/\/fonsvinum.com\/files\/2024\/06\/sylvain-mosnier-chablis-2022.png","datePublished":"2025-11-04T11:13:16+00:00","dateModified":"2025-11-04T11:16:51+00:00","description":"Kaufen online DOMAINE SYLVAIN MOSNIER\u00a0Chablis 2023 at Fons Vinum -France -Burgundy - ...Bourgogne at Fons Vinum...","breadcrumb":{"@id":"https:\/\/fonsvinum.com\/de\/produkt\/domaine-sylvain-mosnier-chablis-2023\/#breadcrumb"},"inLanguage":"de","potentialAction":[{"@type":"ReadAction","target":["https:\/\/fonsvinum.com\/de\/produkt\/domaine-sylvain-mosnier-chablis-2023\/"]}]},{"@type":"ImageObject","inLanguage":"de","@id":"https:\/\/fonsvinum.com\/de\/produkt\/domaine-sylvain-mosnier-chablis-2023\/#primaryimage","url":"https:\/\/fonsvinum.com\/files\/2024\/06\/sylvain-mosnier-chablis-2022.png","contentUrl":"https:\/\/fonsvinum.com\/files\/2024\/06\/sylvain-mosnier-chablis-2022.png","width":200,"height":600},{"@type":"BreadcrumbList","@id":"https:\/\/fonsvinum.com\/de\/produkt\/domaine-sylvain-mosnier-chablis-2023\/#breadcrumb","itemListElement":[{"@type":"ListItem","position":1,"name":"Startseite","item":"https:\/\/fonsvinum.com\/de\/"},{"@type":"ListItem","position":2,"name":"Shop","item":"https:\/\/fonsvinum.com\/de\/shop\/"},{"@type":"ListItem","position":3,"name":"DOMAINE SYLVAIN MOSNIER\u00a0Chablis 2023"}]},{"@type":"WebSite","@id":"https:\/\/fonsvinum.com\/en\/#website","url":"https:\/\/fonsvinum.com\/en\/","name":"Fons Vinum","description":"Vendita Vino Online","publisher":{"@id":"https:\/\/fonsvinum.com\/en\/#organization"},"potentialAction":[{"@type":"SearchAction","target":{"@type":"EntryPoint","urlTemplate":"https:\/\/fonsvinum.com\/en\/?s={search_term_string}"},"query-input":{"@type":"PropertyValueSpecification","valueRequired":true,"valueName":"search_term_string"}}],"inLanguage":"de"},{"@type":"Organization","@id":"https:\/\/fonsvinum.com\/en\/#organization","name":"Fons Vinum","url":"https:\/\/fonsvinum.com\/en\/","logo":{"@type":"ImageObject","inLanguage":"de","@id":"https:\/\/fonsvinum.com\/en\/#\/schema\/logo\/image\/","url":"","contentUrl":"","caption":"Fons Vinum"},"image":{"@id":"https:\/\/fonsvinum.com\/en\/#\/schema\/logo\/image\/"}}]}},"acf":[],"_links":{"self":[{"href":"https:\/\/fonsvinum.com\/de\/wp-json\/wp\/v2\/product\/47743","targetHints":{"allow":["GET"]}}],"collection":[{"href":"https:\/\/fonsvinum.com\/de\/wp-json\/wp\/v2\/product"}],"about":[{"href":"https:\/\/fonsvinum.com\/de\/wp-json\/wp\/v2\/types\/product"}],"replies":[{"embeddable":true,"href":"https:\/\/fonsvinum.com\/de\/wp-json\/wp\/v2\/comments?post=47743"}],"wp:featuredmedia":[{"embeddable":true,"href":"https:\/\/fonsvinum.com\/de\/wp-json\/wp\/v2\/media\/44286"}],"wp:attachment":[{"href":"https:\/\/fonsvinum.com\/de\/wp-json\/wp\/v2\/media?parent=47743"}],"wp:term":[{"taxonomy":"product_brand","embeddable":true,"href":"https:\/\/fonsvinum.com\/de\/wp-json\/wp\/v2\/product_brand?post=47743"},{"taxonomy":"product_cat","embeddable":true,"href":"https:\/\/fonsvinum.com\/de\/wp-json\/wp\/v2\/product_cat?post=47743"},{"taxonomy":"product_tag","embeddable":true,"href":"https:\/\/fonsvinum.com\/de\/wp-json\/wp\/v2\/product_tag?post=47743"}],"curies":[{"name":"wp","href":"https:\/\/api.w.org\/{rel}","templated":true}]}}