{"id":47695,"date":"2025-10-27T15:31:30","date_gmt":"2025-10-27T14:31:30","guid":{"rendered":"https:\/\/fonsvinum.com\/?post_type=product&#038;p=47695"},"modified":"2025-10-27T15:38:25","modified_gmt":"2025-10-27T14:38:25","slug":"cantina-terlano-lunare-gewurztraminer-2023","status":"publish","type":"product","link":"https:\/\/fonsvinum.com\/de\/produkt\/cantina-terlano-lunare-gewurztraminer-2023\/","title":{"rendered":"CANTINA TERLANO Lunare Gew\u00fcrztraminer 2023"},"content":{"rendered":"<h2>CANTINA TERLANO Lunare Gew\u00fcrztraminer 2023<\/h2>\n<p>CANTINA TERLANO Lunare Gew\u00fcrztraminer 2023<\/p>\n<h2>KELLEREI &#8211;<a href=\"https:\/\/fonsvinum.com\/de\/attributes\/producer\/terlan-de\/\"> CANTINA TERLANO<\/a><\/h2>\n<p>Im Jahre 1893 gegr\u00fcndet, z\u00e4hlt die Kellerei Terlan heute zu den f\u00fchrenden Winzergenossenschaften in S\u00fcdtirol. Ihr geh\u00f6ren aktuell 143 Mitglieder an, mit einer Anbaufl\u00e4che von 190 Hektar \u2013 dies entspricht einer abgef\u00fcllten Gesamtmenge von j\u00e4hrlich 1,5 Millionen Flaschen. Gemeinsam mit unseren Mitgliedern verfolgen wir seit vielen Jahren einen strengen Qualit\u00e4tskurs, der uns Renommee und Anerkennung vom italienischen und internationalen Weinmarkt eingebracht hat. Die Kellerei Terlan ist somit trotz ihrer \u00fcberschaubaren Gr\u00f6\u00dfe zu einer festen Institution in der Fachwelt avanciert.<\/p>\n<h2><a href=\"https:\/\/fonsvinum.com\/de\/?s=LUNARE&amp;post_type=product\">LUNARE<\/a><\/h2>\n<blockquote><p>&#8222;Einen opulenten <a href=\"https:\/\/www.shopinlanghe.com\/sellers?render_type=sellerview&amp;id_seller=5\">Wein<\/a> mit viel Eleganz verk\u00f6rpert unser Lunare. Sein \u00e4u\u00dferst vielschichtgier Duft und seine m\u00e4chtige Struktur verschmelzen in einem harmonischen Gesamteindruck, welcher gro\u00dfe Trinkfreude bereitet.&#8220;<br \/>\n<em>Rudi Kofler<\/em><\/p><\/blockquote>\n<h3>Ausbau<\/h3>\n<p>Lese und Traubenselektion per Hand; sanfte Ganztraubenpressung und Kl\u00e4rung des Mostes durch nat\u00fcrliche Sedimentation von den Trubstoffen; langsame G\u00e4rung bei kontrollierter Temperatur sowie und Reife f\u00fcr 9 Monate auf der Feinhefe teils im gro\u00dfen Holzfass (50%) teils Edelstahltank (50%); Assemblage drei Monate vor der Flaschenf\u00fcllung.<\/p>\n<h3>Charakter<\/h3>\n<ul>\n<li><strong>Farbe:<\/strong> leuchtendes,intensives goldgelb<\/li>\n<li><strong>Geruch:<\/strong> Eine fein verwobene und dichte Nase kennzeichnen diese Gew\u00fcrztraminerselektion, wobei ein tropisch-exotischer Duft nach Rosenbl\u00e4tter, Limette, Litschi und Orange enth\u00fcllt wird.<\/li>\n<li><strong>Geschmack:<\/strong> Die fruchtige Aromatik wirkt am Gaumen betont saftig und klar, und wird vom feinem Schmelz und salzigen Noten untermauert.<\/li>\n<\/ul>\n","protected":false},"excerpt":{"rendered":"<p>CANTINA TERLANO Lunare Gew\u00fcrztraminer 2023 CANTINA TERLANO Lunare Gew\u00fcrztraminer 2023 KELLEREI &#8211; CANTINA TERLANO Im Jahre 1893 gegr\u00fcndet, z\u00e4hlt die Kellerei Terlan heute zu den f\u00fchrenden Winzergenossenschaften in S\u00fcdtirol. Ihr geh\u00f6ren aktuell 143 Mitglieder an, mit einer Anbaufl\u00e4che von 190 Hektar \u2013 dies entspricht einer abgef\u00fcllten Gesamtmenge von j\u00e4hrlich 1,5 Millionen Flaschen. Gemeinsam mit unseren [&hellip;]<\/p>\n","protected":false},"featured_media":14455,"comment_status":"open","ping_status":"closed","template":"","meta":{"_acf_changed":false,"_monsterinsights_skip_tracking":false,"_monsterinsights_sitenote_active":false,"_monsterinsights_sitenote_note":"","_monsterinsights_sitenote_category":0},"product_brand":[],"product_cat":[2284],"product_tag":[15885,17742],"class_list":{"0":"post-47695","1":"product","2":"type-product","3":"status-publish","4":"has-post-thumbnail","6":"product_cat-gewurztraminer-de","7":"product_tag-gewurztraminer-de","8":"product_tag-vino-bianco-de","9":"pa_appellation-gewurztraminer-alto-adige-doc-de","10":"pa_formato-0-75-l-flasche-de","11":"pa_producer-terlan-de","12":"pa_region-trentino-tiroler-etschland-de","13":"pa_vine-100-gewurztraminer-de","14":"pa_vintage-18401","16":"first","17":"instock","18":"taxable","19":"shipping-taxable","20":"purchasable","21":"product-type-simple"},"bundled_by":[],"bundle_stock_status":"instock","bundle_stock_quantity":12,"bundle_virtual":false,"bundle_layout":"","bundle_add_to_cart_form_location":"","bundle_editable_in_cart":false,"bundle_sold_individually_context":"","bundle_item_grouping":"","bundle_min_size":"","bundle_max_size":"","bundle_price":[],"bundled_items":[],"bundle_sell_ids":[],"yoast_head":"<!-- This site is optimized with the Yoast SEO plugin v27.3 - https:\/\/yoast.com\/product\/yoast-seo-wordpress\/ -->\n<title>CANTINA TERLANO Lunare Gew\u00fcrztraminer 2023<\/title>\n<meta name=\"description\" content=\"Kaufen online CANTINA TERLANO Lunare Gew\u00fcrztraminer 2023- FonsVinum - &quot;Einen opulenten Wein mit viel Eleganz verk\u00f6rpert unser Lunare...&quot;\" \/>\n<meta name=\"robots\" content=\"index, follow, max-snippet:-1, max-image-preview:large, max-video-preview:-1\" \/>\n<link rel=\"canonical\" href=\"https:\/\/fonsvinum.com\/de\/produkt\/cantina-terlano-lunare-gewurztraminer-2023\/\" \/>\n<meta property=\"og:locale\" content=\"de_DE\" \/>\n<meta property=\"og:type\" content=\"article\" \/>\n<meta property=\"og:title\" content=\"CANTINA TERLANO Lunare Gew\u00fcrztraminer 2023\" \/>\n<meta property=\"og:description\" content=\"Kaufen online CANTINA TERLANO Lunare Gew\u00fcrztraminer 2023- FonsVinum - &quot;Einen opulenten Wein mit viel Eleganz verk\u00f6rpert unser Lunare...&quot;\" \/>\n<meta property=\"og:url\" content=\"https:\/\/fonsvinum.com\/de\/produkt\/cantina-terlano-lunare-gewurztraminer-2023\/\" \/>\n<meta property=\"og:site_name\" content=\"Fons Vinum\" \/>\n<meta property=\"article:modified_time\" content=\"2025-10-27T14:38:25+00:00\" \/>\n<meta property=\"og:image\" content=\"https:\/\/fonsvinum.com\/files\/2018\/03\/terlano-gewurztraminer-lunare.png\" \/>\n\t<meta property=\"og:image:width\" content=\"200\" \/>\n\t<meta property=\"og:image:height\" content=\"600\" \/>\n\t<meta property=\"og:image:type\" content=\"image\/png\" \/>\n<meta name=\"twitter:label1\" content=\"Gesch\u00e4tzte Lesezeit\" \/>\n\t<meta name=\"twitter:data1\" content=\"2\u00a0Minuten\" \/>\n<script type=\"application\/ld+json\" class=\"yoast-schema-graph\">{\"@context\":\"https:\\\/\\\/schema.org\",\"@graph\":[{\"@type\":\"WebPage\",\"@id\":\"https:\\\/\\\/fonsvinum.com\\\/de\\\/produkt\\\/cantina-terlano-lunare-gewurztraminer-2023\\\/\",\"url\":\"https:\\\/\\\/fonsvinum.com\\\/de\\\/produkt\\\/cantina-terlano-lunare-gewurztraminer-2023\\\/\",\"name\":\"CANTINA TERLANO Lunare Gew\u00fcrztraminer 2023\",\"isPartOf\":{\"@id\":\"https:\\\/\\\/fonsvinum.com\\\/en\\\/#website\"},\"primaryImageOfPage\":{\"@id\":\"https:\\\/\\\/fonsvinum.com\\\/de\\\/produkt\\\/cantina-terlano-lunare-gewurztraminer-2023\\\/#primaryimage\"},\"image\":{\"@id\":\"https:\\\/\\\/fonsvinum.com\\\/de\\\/produkt\\\/cantina-terlano-lunare-gewurztraminer-2023\\\/#primaryimage\"},\"thumbnailUrl\":\"https:\\\/\\\/fonsvinum.com\\\/files\\\/2018\\\/03\\\/terlano-gewurztraminer-lunare.png\",\"datePublished\":\"2025-10-27T14:31:30+00:00\",\"dateModified\":\"2025-10-27T14:38:25+00:00\",\"description\":\"Kaufen online CANTINA TERLANO Lunare Gew\u00fcrztraminer 2023- FonsVinum - \\\"Einen opulenten Wein mit viel Eleganz verk\u00f6rpert unser Lunare...\\\"\",\"breadcrumb\":{\"@id\":\"https:\\\/\\\/fonsvinum.com\\\/de\\\/produkt\\\/cantina-terlano-lunare-gewurztraminer-2023\\\/#breadcrumb\"},\"inLanguage\":\"de\",\"potentialAction\":[{\"@type\":\"ReadAction\",\"target\":[\"https:\\\/\\\/fonsvinum.com\\\/de\\\/produkt\\\/cantina-terlano-lunare-gewurztraminer-2023\\\/\"]}]},{\"@type\":\"ImageObject\",\"inLanguage\":\"de\",\"@id\":\"https:\\\/\\\/fonsvinum.com\\\/de\\\/produkt\\\/cantina-terlano-lunare-gewurztraminer-2023\\\/#primaryimage\",\"url\":\"https:\\\/\\\/fonsvinum.com\\\/files\\\/2018\\\/03\\\/terlano-gewurztraminer-lunare.png\",\"contentUrl\":\"https:\\\/\\\/fonsvinum.com\\\/files\\\/2018\\\/03\\\/terlano-gewurztraminer-lunare.png\",\"width\":200,\"height\":600,\"caption\":\"LUNARE\"},{\"@type\":\"BreadcrumbList\",\"@id\":\"https:\\\/\\\/fonsvinum.com\\\/de\\\/produkt\\\/cantina-terlano-lunare-gewurztraminer-2023\\\/#breadcrumb\",\"itemListElement\":[{\"@type\":\"ListItem\",\"position\":1,\"name\":\"Startseite\",\"item\":\"https:\\\/\\\/fonsvinum.com\\\/de\\\/\"},{\"@type\":\"ListItem\",\"position\":2,\"name\":\"Shop\",\"item\":\"https:\\\/\\\/fonsvinum.com\\\/de\\\/shop\\\/\"},{\"@type\":\"ListItem\",\"position\":3,\"name\":\"CANTINA TERLANO Lunare Gew\u00fcrztraminer 2023\"}]},{\"@type\":\"WebSite\",\"@id\":\"https:\\\/\\\/fonsvinum.com\\\/en\\\/#website\",\"url\":\"https:\\\/\\\/fonsvinum.com\\\/en\\\/\",\"name\":\"Fons Vinum\",\"description\":\"Vendita Vino Online\",\"publisher\":{\"@id\":\"https:\\\/\\\/fonsvinum.com\\\/en\\\/#organization\"},\"potentialAction\":[{\"@type\":\"SearchAction\",\"target\":{\"@type\":\"EntryPoint\",\"urlTemplate\":\"https:\\\/\\\/fonsvinum.com\\\/en\\\/?s={search_term_string}\"},\"query-input\":{\"@type\":\"PropertyValueSpecification\",\"valueRequired\":true,\"valueName\":\"search_term_string\"}}],\"inLanguage\":\"de\"},{\"@type\":\"Organization\",\"@id\":\"https:\\\/\\\/fonsvinum.com\\\/en\\\/#organization\",\"name\":\"Fons Vinum\",\"url\":\"https:\\\/\\\/fonsvinum.com\\\/en\\\/\",\"logo\":{\"@type\":\"ImageObject\",\"inLanguage\":\"de\",\"@id\":\"https:\\\/\\\/fonsvinum.com\\\/en\\\/#\\\/schema\\\/logo\\\/image\\\/\",\"url\":\"\",\"contentUrl\":\"\",\"caption\":\"Fons Vinum\"},\"image\":{\"@id\":\"https:\\\/\\\/fonsvinum.com\\\/en\\\/#\\\/schema\\\/logo\\\/image\\\/\"}}]}<\/script>\n<!-- \/ Yoast SEO plugin. -->","yoast_head_json":{"title":"CANTINA TERLANO Lunare Gew\u00fcrztraminer 2023","description":"Kaufen online CANTINA TERLANO Lunare Gew\u00fcrztraminer 2023- FonsVinum - \"Einen opulenten Wein mit viel Eleganz verk\u00f6rpert unser Lunare...\"","robots":{"index":"index","follow":"follow","max-snippet":"max-snippet:-1","max-image-preview":"max-image-preview:large","max-video-preview":"max-video-preview:-1"},"canonical":"https:\/\/fonsvinum.com\/de\/produkt\/cantina-terlano-lunare-gewurztraminer-2023\/","og_locale":"de_DE","og_type":"article","og_title":"CANTINA TERLANO Lunare Gew\u00fcrztraminer 2023","og_description":"Kaufen online CANTINA TERLANO Lunare Gew\u00fcrztraminer 2023- FonsVinum - \"Einen opulenten Wein mit viel Eleganz verk\u00f6rpert unser Lunare...\"","og_url":"https:\/\/fonsvinum.com\/de\/produkt\/cantina-terlano-lunare-gewurztraminer-2023\/","og_site_name":"Fons Vinum","article_modified_time":"2025-10-27T14:38:25+00:00","og_image":[{"width":200,"height":600,"url":"https:\/\/fonsvinum.com\/files\/2018\/03\/terlano-gewurztraminer-lunare.png","type":"image\/png"}],"twitter_misc":{"Gesch\u00e4tzte Lesezeit":"2\u00a0Minuten"},"schema":{"@context":"https:\/\/schema.org","@graph":[{"@type":"WebPage","@id":"https:\/\/fonsvinum.com\/de\/produkt\/cantina-terlano-lunare-gewurztraminer-2023\/","url":"https:\/\/fonsvinum.com\/de\/produkt\/cantina-terlano-lunare-gewurztraminer-2023\/","name":"CANTINA TERLANO Lunare Gew\u00fcrztraminer 2023","isPartOf":{"@id":"https:\/\/fonsvinum.com\/en\/#website"},"primaryImageOfPage":{"@id":"https:\/\/fonsvinum.com\/de\/produkt\/cantina-terlano-lunare-gewurztraminer-2023\/#primaryimage"},"image":{"@id":"https:\/\/fonsvinum.com\/de\/produkt\/cantina-terlano-lunare-gewurztraminer-2023\/#primaryimage"},"thumbnailUrl":"https:\/\/fonsvinum.com\/files\/2018\/03\/terlano-gewurztraminer-lunare.png","datePublished":"2025-10-27T14:31:30+00:00","dateModified":"2025-10-27T14:38:25+00:00","description":"Kaufen online CANTINA TERLANO Lunare Gew\u00fcrztraminer 2023- FonsVinum - \"Einen opulenten Wein mit viel Eleganz verk\u00f6rpert unser Lunare...\"","breadcrumb":{"@id":"https:\/\/fonsvinum.com\/de\/produkt\/cantina-terlano-lunare-gewurztraminer-2023\/#breadcrumb"},"inLanguage":"de","potentialAction":[{"@type":"ReadAction","target":["https:\/\/fonsvinum.com\/de\/produkt\/cantina-terlano-lunare-gewurztraminer-2023\/"]}]},{"@type":"ImageObject","inLanguage":"de","@id":"https:\/\/fonsvinum.com\/de\/produkt\/cantina-terlano-lunare-gewurztraminer-2023\/#primaryimage","url":"https:\/\/fonsvinum.com\/files\/2018\/03\/terlano-gewurztraminer-lunare.png","contentUrl":"https:\/\/fonsvinum.com\/files\/2018\/03\/terlano-gewurztraminer-lunare.png","width":200,"height":600,"caption":"LUNARE"},{"@type":"BreadcrumbList","@id":"https:\/\/fonsvinum.com\/de\/produkt\/cantina-terlano-lunare-gewurztraminer-2023\/#breadcrumb","itemListElement":[{"@type":"ListItem","position":1,"name":"Startseite","item":"https:\/\/fonsvinum.com\/de\/"},{"@type":"ListItem","position":2,"name":"Shop","item":"https:\/\/fonsvinum.com\/de\/shop\/"},{"@type":"ListItem","position":3,"name":"CANTINA TERLANO Lunare Gew\u00fcrztraminer 2023"}]},{"@type":"WebSite","@id":"https:\/\/fonsvinum.com\/en\/#website","url":"https:\/\/fonsvinum.com\/en\/","name":"Fons Vinum","description":"Vendita Vino Online","publisher":{"@id":"https:\/\/fonsvinum.com\/en\/#organization"},"potentialAction":[{"@type":"SearchAction","target":{"@type":"EntryPoint","urlTemplate":"https:\/\/fonsvinum.com\/en\/?s={search_term_string}"},"query-input":{"@type":"PropertyValueSpecification","valueRequired":true,"valueName":"search_term_string"}}],"inLanguage":"de"},{"@type":"Organization","@id":"https:\/\/fonsvinum.com\/en\/#organization","name":"Fons Vinum","url":"https:\/\/fonsvinum.com\/en\/","logo":{"@type":"ImageObject","inLanguage":"de","@id":"https:\/\/fonsvinum.com\/en\/#\/schema\/logo\/image\/","url":"","contentUrl":"","caption":"Fons Vinum"},"image":{"@id":"https:\/\/fonsvinum.com\/en\/#\/schema\/logo\/image\/"}}]}},"acf":[],"_links":{"self":[{"href":"https:\/\/fonsvinum.com\/de\/wp-json\/wp\/v2\/product\/47695","targetHints":{"allow":["GET"]}}],"collection":[{"href":"https:\/\/fonsvinum.com\/de\/wp-json\/wp\/v2\/product"}],"about":[{"href":"https:\/\/fonsvinum.com\/de\/wp-json\/wp\/v2\/types\/product"}],"replies":[{"embeddable":true,"href":"https:\/\/fonsvinum.com\/de\/wp-json\/wp\/v2\/comments?post=47695"}],"wp:featuredmedia":[{"embeddable":true,"href":"https:\/\/fonsvinum.com\/de\/wp-json\/wp\/v2\/media\/14455"}],"wp:attachment":[{"href":"https:\/\/fonsvinum.com\/de\/wp-json\/wp\/v2\/media?parent=47695"}],"wp:term":[{"taxonomy":"product_brand","embeddable":true,"href":"https:\/\/fonsvinum.com\/de\/wp-json\/wp\/v2\/product_brand?post=47695"},{"taxonomy":"product_cat","embeddable":true,"href":"https:\/\/fonsvinum.com\/de\/wp-json\/wp\/v2\/product_cat?post=47695"},{"taxonomy":"product_tag","embeddable":true,"href":"https:\/\/fonsvinum.com\/de\/wp-json\/wp\/v2\/product_tag?post=47695"}],"curies":[{"name":"wp","href":"https:\/\/api.w.org\/{rel}","templated":true}]}}