{"id":47565,"date":"2025-09-30T11:25:04","date_gmt":"2025-09-30T09:25:04","guid":{"rendered":"https:\/\/fonsvinum.com\/?post_type=product&#038;p=47565"},"modified":"2025-09-30T11:32:37","modified_gmt":"2025-09-30T09:32:37","slug":"antica-casa-vinicola-scarpa-tettineive-barbaresco-2017","status":"publish","type":"product","link":"https:\/\/fonsvinum.com\/de\/produkt\/antica-casa-vinicola-scarpa-tettineive-barbaresco-2017\/","title":{"rendered":"ANTICA CASA VINICOLA SCARPA Tettineive Barbaresco 2017"},"content":{"rendered":"<h1>ANTICA CASA VINICOLA SCARPA Tettineive Barbaresco 2017<\/h1>\n<h4>Der Weine<\/h4>\n<ul>\n<li>Die rubinrote Farbe ist dicht und undurchdringlich.<\/li>\n<li>Der Duft von Kirschen, Brombeeren und Himbeeren offenbart auch Noten von Minze, Gew\u00fcrze und Kaffee.<\/li>\n<li>Im Mund ist er voll und umh\u00fcllend mit einem unendlich langen Abgang.<\/li>\n<li>Am besten zu Wild zu genie\u00dfen, aber auch ideal zu reifem K\u00e4se.<\/li>\n<\/ul>\n","protected":false},"excerpt":{"rendered":"<p>ANTICA CASA VINICOLA SCARPA Tettineive Barbaresco 2017 Der Weine Die rubinrote Farbe ist dicht und undurchdringlich. Der Duft von Kirschen, Brombeeren und Himbeeren offenbart auch Noten von Minze, Gew\u00fcrze und Kaffee. Im Mund ist er voll und umh\u00fcllend mit einem unendlich langen Abgang. Am besten zu Wild zu genie\u00dfen, aber auch ideal zu reifem K\u00e4se.<\/p>\n","protected":false},"featured_media":39661,"comment_status":"open","ping_status":"closed","template":"","meta":{"_acf_changed":false,"_monsterinsights_skip_tracking":false,"_monsterinsights_sitenote_active":false,"_monsterinsights_sitenote_note":"","_monsterinsights_sitenote_category":0},"product_brand":[],"product_cat":[1773],"product_tag":[1751,15895,2418,15959],"class_list":{"0":"post-47565","1":"product","2":"type-product","3":"status-publish","4":"has-post-thumbnail","6":"product_cat-barbaresco-de","7":"product_tag-aussergewoehnliche-weine-aus-italien-de","8":"product_tag-barbaresco-de-2","9":"product_tag-kleine-weinzeuger-de","10":"product_tag-vino-rosso-de","11":"pa_appellation-barbaresco-docg-de","12":"pa_formato-0-75-l-flasche-de","13":"pa_region-piemont-de","14":"pa_vine-100-nebbiolo-de","15":"pa_vintage-2017-de","17":"first","18":"instock","19":"taxable","20":"shipping-taxable","21":"purchasable","22":"product-type-simple"},"bundled_by":[],"bundle_stock_status":"instock","bundle_stock_quantity":5,"bundle_virtual":false,"bundle_layout":"","bundle_add_to_cart_form_location":"","bundle_editable_in_cart":false,"bundle_sold_individually_context":"","bundle_item_grouping":"","bundle_min_size":"","bundle_max_size":"","bundle_price":[],"bundled_items":[],"bundle_sell_ids":[],"yoast_head":"<!-- This site is optimized with the Yoast SEO plugin v27.2 - https:\/\/yoast.com\/product\/yoast-seo-wordpress\/ -->\n<title>ANTICA CASA VINICOLA SCARPA Tettineive Barbaresco 2017<\/title>\n<meta name=\"description\" content=\"ANTICA CASA VINICOLA SCARPA Tettineive Barbaresco 2017 Nizza Monferrato , 100% Nebbiolo, 8000 Flasche, Italien Piemonte\" \/>\n<meta name=\"robots\" content=\"index, follow, max-snippet:-1, max-image-preview:large, max-video-preview:-1\" \/>\n<link rel=\"canonical\" href=\"https:\/\/fonsvinum.com\/de\/produkt\/antica-casa-vinicola-scarpa-tettineive-barbaresco-2017\/\" \/>\n<meta property=\"og:locale\" content=\"de_DE\" \/>\n<meta property=\"og:type\" content=\"article\" \/>\n<meta property=\"og:title\" content=\"ANTICA CASA VINICOLA SCARPA Tettineive Barbaresco 2017\" \/>\n<meta property=\"og:description\" content=\"ANTICA CASA VINICOLA SCARPA Tettineive Barbaresco 2017 Nizza Monferrato , 100% Nebbiolo, 8000 Flasche, Italien Piemonte\" \/>\n<meta property=\"og:url\" content=\"https:\/\/fonsvinum.com\/de\/produkt\/antica-casa-vinicola-scarpa-tettineive-barbaresco-2017\/\" \/>\n<meta property=\"og:site_name\" content=\"Fons Vinum\" \/>\n<meta property=\"article:modified_time\" content=\"2025-09-30T09:32:37+00:00\" \/>\n<meta property=\"og:image\" content=\"https:\/\/fonsvinum.com\/files\/2023\/02\/SCARPA_barbaresco-tettineive-2018.png\" \/>\n\t<meta property=\"og:image:width\" content=\"200\" \/>\n\t<meta property=\"og:image:height\" content=\"600\" \/>\n\t<meta property=\"og:image:type\" content=\"image\/png\" \/>\n<meta name=\"twitter:label1\" content=\"Gesch\u00e4tzte Lesezeit\" \/>\n\t<meta name=\"twitter:data1\" content=\"1\u00a0Minute\" \/>\n<script type=\"application\/ld+json\" class=\"yoast-schema-graph\">{\"@context\":\"https:\/\/schema.org\",\"@graph\":[{\"@type\":\"WebPage\",\"@id\":\"https:\/\/fonsvinum.com\/de\/produkt\/antica-casa-vinicola-scarpa-tettineive-barbaresco-2017\/\",\"url\":\"https:\/\/fonsvinum.com\/de\/produkt\/antica-casa-vinicola-scarpa-tettineive-barbaresco-2017\/\",\"name\":\"ANTICA CASA VINICOLA SCARPA Tettineive Barbaresco 2017\",\"isPartOf\":{\"@id\":\"https:\/\/fonsvinum.com\/en\/#website\"},\"primaryImageOfPage\":{\"@id\":\"https:\/\/fonsvinum.com\/de\/produkt\/antica-casa-vinicola-scarpa-tettineive-barbaresco-2017\/#primaryimage\"},\"image\":{\"@id\":\"https:\/\/fonsvinum.com\/de\/produkt\/antica-casa-vinicola-scarpa-tettineive-barbaresco-2017\/#primaryimage\"},\"thumbnailUrl\":\"https:\/\/fonsvinum.com\/files\/2023\/02\/SCARPA_barbaresco-tettineive-2018.png\",\"datePublished\":\"2025-09-30T09:25:04+00:00\",\"dateModified\":\"2025-09-30T09:32:37+00:00\",\"description\":\"ANTICA CASA VINICOLA SCARPA Tettineive Barbaresco 2017 Nizza Monferrato , 100% Nebbiolo, 8000 Flasche, Italien Piemonte\",\"breadcrumb\":{\"@id\":\"https:\/\/fonsvinum.com\/de\/produkt\/antica-casa-vinicola-scarpa-tettineive-barbaresco-2017\/#breadcrumb\"},\"inLanguage\":\"de\",\"potentialAction\":[{\"@type\":\"ReadAction\",\"target\":[\"https:\/\/fonsvinum.com\/de\/produkt\/antica-casa-vinicola-scarpa-tettineive-barbaresco-2017\/\"]}]},{\"@type\":\"ImageObject\",\"inLanguage\":\"de\",\"@id\":\"https:\/\/fonsvinum.com\/de\/produkt\/antica-casa-vinicola-scarpa-tettineive-barbaresco-2017\/#primaryimage\",\"url\":\"https:\/\/fonsvinum.com\/files\/2023\/02\/SCARPA_barbaresco-tettineive-2018.png\",\"contentUrl\":\"https:\/\/fonsvinum.com\/files\/2023\/02\/SCARPA_barbaresco-tettineive-2018.png\",\"width\":200,\"height\":600,\"caption\":\"SCARPA_barbaresco-tettineive-2018\"},{\"@type\":\"BreadcrumbList\",\"@id\":\"https:\/\/fonsvinum.com\/de\/produkt\/antica-casa-vinicola-scarpa-tettineive-barbaresco-2017\/#breadcrumb\",\"itemListElement\":[{\"@type\":\"ListItem\",\"position\":1,\"name\":\"Startseite\",\"item\":\"https:\/\/fonsvinum.com\/de\/\"},{\"@type\":\"ListItem\",\"position\":2,\"name\":\"Shop\",\"item\":\"https:\/\/fonsvinum.com\/de\/shop\/\"},{\"@type\":\"ListItem\",\"position\":3,\"name\":\"ANTICA CASA VINICOLA SCARPA Tettineive Barbaresco 2017\"}]},{\"@type\":\"WebSite\",\"@id\":\"https:\/\/fonsvinum.com\/en\/#website\",\"url\":\"https:\/\/fonsvinum.com\/en\/\",\"name\":\"Fons Vinum\",\"description\":\"Vendita Vino Online\",\"publisher\":{\"@id\":\"https:\/\/fonsvinum.com\/en\/#organization\"},\"potentialAction\":[{\"@type\":\"SearchAction\",\"target\":{\"@type\":\"EntryPoint\",\"urlTemplate\":\"https:\/\/fonsvinum.com\/en\/?s={search_term_string}\"},\"query-input\":{\"@type\":\"PropertyValueSpecification\",\"valueRequired\":true,\"valueName\":\"search_term_string\"}}],\"inLanguage\":\"de\"},{\"@type\":\"Organization\",\"@id\":\"https:\/\/fonsvinum.com\/en\/#organization\",\"name\":\"Fons Vinum\",\"url\":\"https:\/\/fonsvinum.com\/en\/\",\"logo\":{\"@type\":\"ImageObject\",\"inLanguage\":\"de\",\"@id\":\"https:\/\/fonsvinum.com\/en\/#\/schema\/logo\/image\/\",\"url\":\"\",\"contentUrl\":\"\",\"caption\":\"Fons Vinum\"},\"image\":{\"@id\":\"https:\/\/fonsvinum.com\/en\/#\/schema\/logo\/image\/\"}}]}<\/script>\n<!-- \/ Yoast SEO plugin. -->","yoast_head_json":{"title":"ANTICA CASA VINICOLA SCARPA Tettineive Barbaresco 2017","description":"ANTICA CASA VINICOLA SCARPA Tettineive Barbaresco 2017 Nizza Monferrato , 100% Nebbiolo, 8000 Flasche, Italien Piemonte","robots":{"index":"index","follow":"follow","max-snippet":"max-snippet:-1","max-image-preview":"max-image-preview:large","max-video-preview":"max-video-preview:-1"},"canonical":"https:\/\/fonsvinum.com\/de\/produkt\/antica-casa-vinicola-scarpa-tettineive-barbaresco-2017\/","og_locale":"de_DE","og_type":"article","og_title":"ANTICA CASA VINICOLA SCARPA Tettineive Barbaresco 2017","og_description":"ANTICA CASA VINICOLA SCARPA Tettineive Barbaresco 2017 Nizza Monferrato , 100% Nebbiolo, 8000 Flasche, Italien Piemonte","og_url":"https:\/\/fonsvinum.com\/de\/produkt\/antica-casa-vinicola-scarpa-tettineive-barbaresco-2017\/","og_site_name":"Fons Vinum","article_modified_time":"2025-09-30T09:32:37+00:00","og_image":[{"width":200,"height":600,"url":"https:\/\/fonsvinum.com\/files\/2023\/02\/SCARPA_barbaresco-tettineive-2018.png","type":"image\/png"}],"twitter_misc":{"Gesch\u00e4tzte Lesezeit":"1\u00a0Minute"},"schema":{"@context":"https:\/\/schema.org","@graph":[{"@type":"WebPage","@id":"https:\/\/fonsvinum.com\/de\/produkt\/antica-casa-vinicola-scarpa-tettineive-barbaresco-2017\/","url":"https:\/\/fonsvinum.com\/de\/produkt\/antica-casa-vinicola-scarpa-tettineive-barbaresco-2017\/","name":"ANTICA CASA VINICOLA SCARPA Tettineive Barbaresco 2017","isPartOf":{"@id":"https:\/\/fonsvinum.com\/en\/#website"},"primaryImageOfPage":{"@id":"https:\/\/fonsvinum.com\/de\/produkt\/antica-casa-vinicola-scarpa-tettineive-barbaresco-2017\/#primaryimage"},"image":{"@id":"https:\/\/fonsvinum.com\/de\/produkt\/antica-casa-vinicola-scarpa-tettineive-barbaresco-2017\/#primaryimage"},"thumbnailUrl":"https:\/\/fonsvinum.com\/files\/2023\/02\/SCARPA_barbaresco-tettineive-2018.png","datePublished":"2025-09-30T09:25:04+00:00","dateModified":"2025-09-30T09:32:37+00:00","description":"ANTICA CASA VINICOLA SCARPA Tettineive Barbaresco 2017 Nizza Monferrato , 100% Nebbiolo, 8000 Flasche, Italien Piemonte","breadcrumb":{"@id":"https:\/\/fonsvinum.com\/de\/produkt\/antica-casa-vinicola-scarpa-tettineive-barbaresco-2017\/#breadcrumb"},"inLanguage":"de","potentialAction":[{"@type":"ReadAction","target":["https:\/\/fonsvinum.com\/de\/produkt\/antica-casa-vinicola-scarpa-tettineive-barbaresco-2017\/"]}]},{"@type":"ImageObject","inLanguage":"de","@id":"https:\/\/fonsvinum.com\/de\/produkt\/antica-casa-vinicola-scarpa-tettineive-barbaresco-2017\/#primaryimage","url":"https:\/\/fonsvinum.com\/files\/2023\/02\/SCARPA_barbaresco-tettineive-2018.png","contentUrl":"https:\/\/fonsvinum.com\/files\/2023\/02\/SCARPA_barbaresco-tettineive-2018.png","width":200,"height":600,"caption":"SCARPA_barbaresco-tettineive-2018"},{"@type":"BreadcrumbList","@id":"https:\/\/fonsvinum.com\/de\/produkt\/antica-casa-vinicola-scarpa-tettineive-barbaresco-2017\/#breadcrumb","itemListElement":[{"@type":"ListItem","position":1,"name":"Startseite","item":"https:\/\/fonsvinum.com\/de\/"},{"@type":"ListItem","position":2,"name":"Shop","item":"https:\/\/fonsvinum.com\/de\/shop\/"},{"@type":"ListItem","position":3,"name":"ANTICA CASA VINICOLA SCARPA Tettineive Barbaresco 2017"}]},{"@type":"WebSite","@id":"https:\/\/fonsvinum.com\/en\/#website","url":"https:\/\/fonsvinum.com\/en\/","name":"Fons Vinum","description":"Vendita Vino Online","publisher":{"@id":"https:\/\/fonsvinum.com\/en\/#organization"},"potentialAction":[{"@type":"SearchAction","target":{"@type":"EntryPoint","urlTemplate":"https:\/\/fonsvinum.com\/en\/?s={search_term_string}"},"query-input":{"@type":"PropertyValueSpecification","valueRequired":true,"valueName":"search_term_string"}}],"inLanguage":"de"},{"@type":"Organization","@id":"https:\/\/fonsvinum.com\/en\/#organization","name":"Fons Vinum","url":"https:\/\/fonsvinum.com\/en\/","logo":{"@type":"ImageObject","inLanguage":"de","@id":"https:\/\/fonsvinum.com\/en\/#\/schema\/logo\/image\/","url":"","contentUrl":"","caption":"Fons Vinum"},"image":{"@id":"https:\/\/fonsvinum.com\/en\/#\/schema\/logo\/image\/"}}]}},"acf":[],"_links":{"self":[{"href":"https:\/\/fonsvinum.com\/de\/wp-json\/wp\/v2\/product\/47565","targetHints":{"allow":["GET"]}}],"collection":[{"href":"https:\/\/fonsvinum.com\/de\/wp-json\/wp\/v2\/product"}],"about":[{"href":"https:\/\/fonsvinum.com\/de\/wp-json\/wp\/v2\/types\/product"}],"replies":[{"embeddable":true,"href":"https:\/\/fonsvinum.com\/de\/wp-json\/wp\/v2\/comments?post=47565"}],"wp:featuredmedia":[{"embeddable":true,"href":"https:\/\/fonsvinum.com\/de\/wp-json\/wp\/v2\/media\/39661"}],"wp:attachment":[{"href":"https:\/\/fonsvinum.com\/de\/wp-json\/wp\/v2\/media?parent=47565"}],"wp:term":[{"taxonomy":"product_brand","embeddable":true,"href":"https:\/\/fonsvinum.com\/de\/wp-json\/wp\/v2\/product_brand?post=47565"},{"taxonomy":"product_cat","embeddable":true,"href":"https:\/\/fonsvinum.com\/de\/wp-json\/wp\/v2\/product_cat?post=47565"},{"taxonomy":"product_tag","embeddable":true,"href":"https:\/\/fonsvinum.com\/de\/wp-json\/wp\/v2\/product_tag?post=47565"}],"curies":[{"name":"wp","href":"https:\/\/api.w.org\/{rel}","templated":true}]}}