{"id":47559,"date":"2025-09-30T10:54:16","date_gmt":"2025-09-30T08:54:16","guid":{"rendered":"https:\/\/fonsvinum.com\/?post_type=product&#038;p=47559"},"modified":"2025-09-30T11:17:01","modified_gmt":"2025-09-30T09:17:01","slug":"moscato-dautunno-paolo-saracco-2024","status":"publish","type":"product","link":"https:\/\/fonsvinum.com\/de\/produkt\/moscato-dautunno-paolo-saracco-2024\/","title":{"rendered":"Moscato D&#8217;Autunno Paolo Saracco 2024"},"content":{"rendered":"<h1>Moscato D&#8217;Autunno Paolo Saracco 2024<\/h1>\n<h3>Moscato D&#8217;Autunno Paolo Saracco 2024<\/h3>\n<p>Die S\u00fc\u00dfe dieses leichten (6% Alkohol) Schaumweins aus dem Piemont wird durch die knackige S\u00e4ure und intensive Frucht des Moscato Giallo Canelli (gelber Muskateller) perfekt ausbalanciert.<\/p>\n<p>Sehr gut zu Weihnachtspl\u00e4tzchen, als Begleiter von Dessert (gro\u00dfartig zu Torrone-Parfait usw.), frischen Fr\u00fcchten und asiatischer K\u00fcche.<\/p>\n","protected":false},"excerpt":{"rendered":"<p>Moscato D&#8217;Autunno Paolo Saracco 2024 Moscato D&#8217;Autunno Paolo Saracco 2024 Die S\u00fc\u00dfe dieses leichten (6% Alkohol) Schaumweins aus dem Piemont wird durch die knackige S\u00e4ure und intensive Frucht des Moscato Giallo Canelli (gelber Muskateller) perfekt ausbalanciert. Sehr gut zu Weihnachtspl\u00e4tzchen, als Begleiter von Dessert (gro\u00dfartig zu Torrone-Parfait usw.), frischen Fr\u00fcchten und asiatischer K\u00fcche.<\/p>\n","protected":false},"featured_media":42065,"comment_status":"open","ping_status":"closed","template":"","meta":{"_acf_changed":false,"_monsterinsights_skip_tracking":false,"_monsterinsights_sitenote_active":false,"_monsterinsights_sitenote_note":"","_monsterinsights_sitenote_category":0},"product_brand":[],"product_cat":[2388],"product_tag":[15893,17742],"class_list":{"0":"post-47559","1":"product","2":"type-product","3":"status-publish","4":"has-post-thumbnail","6":"product_cat-muskateller-de","7":"product_tag-piemonte-de","8":"product_tag-vino-bianco-de","9":"pa_appellation-moscato-dasti-docg-de","10":"pa_formato-0-75-l-flasche-de","11":"pa_producer-paolo-saracco-de-2","12":"pa_region-piemont-de","13":"pa_vine-100-moscato-de","14":"pa_vintage-18405","16":"first","17":"instock","18":"taxable","19":"shipping-taxable","20":"purchasable","21":"product-type-simple"},"bundled_by":[],"bundle_stock_status":"instock","bundle_stock_quantity":4,"bundle_virtual":false,"bundle_layout":"","bundle_add_to_cart_form_location":"","bundle_editable_in_cart":false,"bundle_sold_individually_context":"","bundle_item_grouping":"","bundle_min_size":"","bundle_max_size":"","bundle_price":[],"bundled_items":[],"bundle_sell_ids":[],"yoast_head":"<!-- This site is optimized with the Yoast SEO plugin v27.2 - https:\/\/yoast.com\/product\/yoast-seo-wordpress\/ -->\n<title>Kaufen online Moscato D&#039;Autunno Paolo Saracco 2024<\/title>\n<meta name=\"description\" content=\"Kaufen online Moscato D&#039;Autunno Paolo Saracco 2024, Die S\u00fc\u00dfe dieses leichten (6% Alkohol) Schaumweins aus dem Piemont wird durch die knackige....\" \/>\n<meta name=\"robots\" content=\"index, follow, max-snippet:-1, max-image-preview:large, max-video-preview:-1\" \/>\n<link rel=\"canonical\" href=\"https:\/\/fonsvinum.com\/de\/produkt\/moscato-dautunno-paolo-saracco-2024\/\" \/>\n<meta property=\"og:locale\" content=\"de_DE\" \/>\n<meta property=\"og:type\" content=\"article\" \/>\n<meta property=\"og:title\" content=\"Kaufen online Moscato D&#039;Autunno Paolo Saracco 2024\" \/>\n<meta property=\"og:description\" content=\"Kaufen online Moscato D&#039;Autunno Paolo Saracco 2024, Die S\u00fc\u00dfe dieses leichten (6% Alkohol) Schaumweins aus dem Piemont wird durch die knackige....\" \/>\n<meta property=\"og:url\" content=\"https:\/\/fonsvinum.com\/de\/produkt\/moscato-dautunno-paolo-saracco-2024\/\" \/>\n<meta property=\"og:site_name\" content=\"Fons Vinum\" \/>\n<meta property=\"article:modified_time\" content=\"2025-09-30T09:17:01+00:00\" \/>\n<meta property=\"og:image\" content=\"https:\/\/fonsvinum.com\/files\/2023\/09\/moscato_dautunno_saracco.png\" \/>\n\t<meta property=\"og:image:width\" content=\"200\" \/>\n\t<meta property=\"og:image:height\" content=\"600\" \/>\n\t<meta property=\"og:image:type\" content=\"image\/png\" \/>\n<meta name=\"twitter:label1\" content=\"Gesch\u00e4tzte Lesezeit\" \/>\n\t<meta name=\"twitter:data1\" content=\"1\u00a0Minute\" \/>\n<script type=\"application\/ld+json\" class=\"yoast-schema-graph\">{\"@context\":\"https:\/\/schema.org\",\"@graph\":[{\"@type\":\"WebPage\",\"@id\":\"https:\/\/fonsvinum.com\/de\/produkt\/moscato-dautunno-paolo-saracco-2024\/\",\"url\":\"https:\/\/fonsvinum.com\/de\/produkt\/moscato-dautunno-paolo-saracco-2024\/\",\"name\":\"Kaufen online Moscato D'Autunno Paolo Saracco 2024\",\"isPartOf\":{\"@id\":\"https:\/\/fonsvinum.com\/en\/#website\"},\"primaryImageOfPage\":{\"@id\":\"https:\/\/fonsvinum.com\/de\/produkt\/moscato-dautunno-paolo-saracco-2024\/#primaryimage\"},\"image\":{\"@id\":\"https:\/\/fonsvinum.com\/de\/produkt\/moscato-dautunno-paolo-saracco-2024\/#primaryimage\"},\"thumbnailUrl\":\"https:\/\/fonsvinum.com\/files\/2023\/09\/moscato_dautunno_saracco.png\",\"datePublished\":\"2025-09-30T08:54:16+00:00\",\"dateModified\":\"2025-09-30T09:17:01+00:00\",\"description\":\"Kaufen online Moscato D'Autunno Paolo Saracco 2024, Die S\u00fc\u00dfe dieses leichten (6% Alkohol) Schaumweins aus dem Piemont wird durch die knackige....\",\"breadcrumb\":{\"@id\":\"https:\/\/fonsvinum.com\/de\/produkt\/moscato-dautunno-paolo-saracco-2024\/#breadcrumb\"},\"inLanguage\":\"de\",\"potentialAction\":[{\"@type\":\"ReadAction\",\"target\":[\"https:\/\/fonsvinum.com\/de\/produkt\/moscato-dautunno-paolo-saracco-2024\/\"]}]},{\"@type\":\"ImageObject\",\"inLanguage\":\"de\",\"@id\":\"https:\/\/fonsvinum.com\/de\/produkt\/moscato-dautunno-paolo-saracco-2024\/#primaryimage\",\"url\":\"https:\/\/fonsvinum.com\/files\/2023\/09\/moscato_dautunno_saracco.png\",\"contentUrl\":\"https:\/\/fonsvinum.com\/files\/2023\/09\/moscato_dautunno_saracco.png\",\"width\":200,\"height\":600},{\"@type\":\"BreadcrumbList\",\"@id\":\"https:\/\/fonsvinum.com\/de\/produkt\/moscato-dautunno-paolo-saracco-2024\/#breadcrumb\",\"itemListElement\":[{\"@type\":\"ListItem\",\"position\":1,\"name\":\"Startseite\",\"item\":\"https:\/\/fonsvinum.com\/de\/\"},{\"@type\":\"ListItem\",\"position\":2,\"name\":\"Shop\",\"item\":\"https:\/\/fonsvinum.com\/de\/shop\/\"},{\"@type\":\"ListItem\",\"position\":3,\"name\":\"Moscato D&#8217;Autunno Paolo Saracco 2024\"}]},{\"@type\":\"WebSite\",\"@id\":\"https:\/\/fonsvinum.com\/en\/#website\",\"url\":\"https:\/\/fonsvinum.com\/en\/\",\"name\":\"Fons Vinum\",\"description\":\"Vendita Vino Online\",\"publisher\":{\"@id\":\"https:\/\/fonsvinum.com\/en\/#organization\"},\"potentialAction\":[{\"@type\":\"SearchAction\",\"target\":{\"@type\":\"EntryPoint\",\"urlTemplate\":\"https:\/\/fonsvinum.com\/en\/?s={search_term_string}\"},\"query-input\":{\"@type\":\"PropertyValueSpecification\",\"valueRequired\":true,\"valueName\":\"search_term_string\"}}],\"inLanguage\":\"de\"},{\"@type\":\"Organization\",\"@id\":\"https:\/\/fonsvinum.com\/en\/#organization\",\"name\":\"Fons Vinum\",\"url\":\"https:\/\/fonsvinum.com\/en\/\",\"logo\":{\"@type\":\"ImageObject\",\"inLanguage\":\"de\",\"@id\":\"https:\/\/fonsvinum.com\/en\/#\/schema\/logo\/image\/\",\"url\":\"\",\"contentUrl\":\"\",\"caption\":\"Fons Vinum\"},\"image\":{\"@id\":\"https:\/\/fonsvinum.com\/en\/#\/schema\/logo\/image\/\"}}]}<\/script>\n<!-- \/ Yoast SEO plugin. -->","yoast_head_json":{"title":"Kaufen online Moscato D'Autunno Paolo Saracco 2024","description":"Kaufen online Moscato D'Autunno Paolo Saracco 2024, Die S\u00fc\u00dfe dieses leichten (6% Alkohol) Schaumweins aus dem Piemont wird durch die knackige....","robots":{"index":"index","follow":"follow","max-snippet":"max-snippet:-1","max-image-preview":"max-image-preview:large","max-video-preview":"max-video-preview:-1"},"canonical":"https:\/\/fonsvinum.com\/de\/produkt\/moscato-dautunno-paolo-saracco-2024\/","og_locale":"de_DE","og_type":"article","og_title":"Kaufen online Moscato D'Autunno Paolo Saracco 2024","og_description":"Kaufen online Moscato D'Autunno Paolo Saracco 2024, Die S\u00fc\u00dfe dieses leichten (6% Alkohol) Schaumweins aus dem Piemont wird durch die knackige....","og_url":"https:\/\/fonsvinum.com\/de\/produkt\/moscato-dautunno-paolo-saracco-2024\/","og_site_name":"Fons Vinum","article_modified_time":"2025-09-30T09:17:01+00:00","og_image":[{"width":200,"height":600,"url":"https:\/\/fonsvinum.com\/files\/2023\/09\/moscato_dautunno_saracco.png","type":"image\/png"}],"twitter_misc":{"Gesch\u00e4tzte Lesezeit":"1\u00a0Minute"},"schema":{"@context":"https:\/\/schema.org","@graph":[{"@type":"WebPage","@id":"https:\/\/fonsvinum.com\/de\/produkt\/moscato-dautunno-paolo-saracco-2024\/","url":"https:\/\/fonsvinum.com\/de\/produkt\/moscato-dautunno-paolo-saracco-2024\/","name":"Kaufen online Moscato D'Autunno Paolo Saracco 2024","isPartOf":{"@id":"https:\/\/fonsvinum.com\/en\/#website"},"primaryImageOfPage":{"@id":"https:\/\/fonsvinum.com\/de\/produkt\/moscato-dautunno-paolo-saracco-2024\/#primaryimage"},"image":{"@id":"https:\/\/fonsvinum.com\/de\/produkt\/moscato-dautunno-paolo-saracco-2024\/#primaryimage"},"thumbnailUrl":"https:\/\/fonsvinum.com\/files\/2023\/09\/moscato_dautunno_saracco.png","datePublished":"2025-09-30T08:54:16+00:00","dateModified":"2025-09-30T09:17:01+00:00","description":"Kaufen online Moscato D'Autunno Paolo Saracco 2024, Die S\u00fc\u00dfe dieses leichten (6% Alkohol) Schaumweins aus dem Piemont wird durch die knackige....","breadcrumb":{"@id":"https:\/\/fonsvinum.com\/de\/produkt\/moscato-dautunno-paolo-saracco-2024\/#breadcrumb"},"inLanguage":"de","potentialAction":[{"@type":"ReadAction","target":["https:\/\/fonsvinum.com\/de\/produkt\/moscato-dautunno-paolo-saracco-2024\/"]}]},{"@type":"ImageObject","inLanguage":"de","@id":"https:\/\/fonsvinum.com\/de\/produkt\/moscato-dautunno-paolo-saracco-2024\/#primaryimage","url":"https:\/\/fonsvinum.com\/files\/2023\/09\/moscato_dautunno_saracco.png","contentUrl":"https:\/\/fonsvinum.com\/files\/2023\/09\/moscato_dautunno_saracco.png","width":200,"height":600},{"@type":"BreadcrumbList","@id":"https:\/\/fonsvinum.com\/de\/produkt\/moscato-dautunno-paolo-saracco-2024\/#breadcrumb","itemListElement":[{"@type":"ListItem","position":1,"name":"Startseite","item":"https:\/\/fonsvinum.com\/de\/"},{"@type":"ListItem","position":2,"name":"Shop","item":"https:\/\/fonsvinum.com\/de\/shop\/"},{"@type":"ListItem","position":3,"name":"Moscato D&#8217;Autunno Paolo Saracco 2024"}]},{"@type":"WebSite","@id":"https:\/\/fonsvinum.com\/en\/#website","url":"https:\/\/fonsvinum.com\/en\/","name":"Fons Vinum","description":"Vendita Vino Online","publisher":{"@id":"https:\/\/fonsvinum.com\/en\/#organization"},"potentialAction":[{"@type":"SearchAction","target":{"@type":"EntryPoint","urlTemplate":"https:\/\/fonsvinum.com\/en\/?s={search_term_string}"},"query-input":{"@type":"PropertyValueSpecification","valueRequired":true,"valueName":"search_term_string"}}],"inLanguage":"de"},{"@type":"Organization","@id":"https:\/\/fonsvinum.com\/en\/#organization","name":"Fons Vinum","url":"https:\/\/fonsvinum.com\/en\/","logo":{"@type":"ImageObject","inLanguage":"de","@id":"https:\/\/fonsvinum.com\/en\/#\/schema\/logo\/image\/","url":"","contentUrl":"","caption":"Fons Vinum"},"image":{"@id":"https:\/\/fonsvinum.com\/en\/#\/schema\/logo\/image\/"}}]}},"acf":[],"_links":{"self":[{"href":"https:\/\/fonsvinum.com\/de\/wp-json\/wp\/v2\/product\/47559","targetHints":{"allow":["GET"]}}],"collection":[{"href":"https:\/\/fonsvinum.com\/de\/wp-json\/wp\/v2\/product"}],"about":[{"href":"https:\/\/fonsvinum.com\/de\/wp-json\/wp\/v2\/types\/product"}],"replies":[{"embeddable":true,"href":"https:\/\/fonsvinum.com\/de\/wp-json\/wp\/v2\/comments?post=47559"}],"wp:featuredmedia":[{"embeddable":true,"href":"https:\/\/fonsvinum.com\/de\/wp-json\/wp\/v2\/media\/42065"}],"wp:attachment":[{"href":"https:\/\/fonsvinum.com\/de\/wp-json\/wp\/v2\/media?parent=47559"}],"wp:term":[{"taxonomy":"product_brand","embeddable":true,"href":"https:\/\/fonsvinum.com\/de\/wp-json\/wp\/v2\/product_brand?post=47559"},{"taxonomy":"product_cat","embeddable":true,"href":"https:\/\/fonsvinum.com\/de\/wp-json\/wp\/v2\/product_cat?post=47559"},{"taxonomy":"product_tag","embeddable":true,"href":"https:\/\/fonsvinum.com\/de\/wp-json\/wp\/v2\/product_tag?post=47559"}],"curies":[{"name":"wp","href":"https:\/\/api.w.org\/{rel}","templated":true}]}}