{"id":47515,"date":"2025-09-25T09:38:36","date_gmt":"2025-09-25T07:38:36","guid":{"rendered":"https:\/\/fonsvinum.com\/?post_type=product&#038;p=47515"},"modified":"2025-11-26T12:18:56","modified_gmt":"2025-11-26T11:18:56","slug":"chartogne-taillet-champagne-le-rosebrut","status":"publish","type":"product","link":"https:\/\/fonsvinum.com\/de\/produkt\/chartogne-taillet-champagne-le-rosebrut\/","title":{"rendered":"CHARTOGNE TAILLET Champagne Le Rose&#8217;Brut"},"content":{"rendered":"<h2>CHARTOGNE TAILLET Champagne Le Rose&#8217;Brut<\/h2>\n<p>CHARTOGNE TAILLET Champagne Le Rose&#8217;Brut<\/p>\n<h2>MAISON CHARTOGNE TAILLET<\/h2>\n<blockquote><p>Das von Fiacre Taillet gegr\u00fcndete Maison wird seit 2006 von Alexandre Chartogne gef\u00fchrt, dessen Familie seit 1683 Wein produziert. Ein Praktikum im Weingut von Anselme Selosse in Avize ver\u00e4nderte seine Sicht auf den Winzerberuf grundlegend.<\/p>\n<p>Die 12 Hektar gro\u00dfen, nach S\u00fcd-S\u00fcdost ausgerichteten Weinberge des Guts befinden sich in Merfy, unweit von Reims. Sie sind mit 40 % Chardonnay, 35 % Pinot Noir, 20 % Pinot Meunier und 5 % Arbanne bepflanzt. Zum Schutz der Natur verzichtet das Gut auf den Einsatz von Pestiziden.<\/p>\n<p>Pferde werden in den Weinbergen zum Roden zwischen den Rebzeilen, zur Bodenbearbeitung und f\u00fcr andere landwirtschaftliche Arbeiten eingesetzt, die Pr\u00e4zision und mehr Pflege der Reben erfordern als Traktoren. Durch den Einsatz von Pferden kann zudem auf Maschinen verzichtet werden, die die Luft mit Abgasen und Abf\u00e4llen verschmutzen, wodurch die Qualit\u00e4t der Trauben und die Gesundheit des Bodens erhalten bleiben.<\/p>\n<p>Die Weine werden nicht gefiltert, um ihre Identit\u00e4t zu bewahren.<\/p>\n<p>Alexandre ist seinem Terroir tief verbunden und zollt ihm mit seinen parzellenweisen Cuv\u00e9es Tribut. Diese sind eine pers\u00f6nliche Interpretation eines Weinbergs, den er als universelles Erbe betrachtet. Dazu geh\u00f6ren Les Alli\u00e9es, Les Orizeaux, Les Barres, Heurtebise und Les Beaux-Sens sowie die Sainte-Anne-Cuv\u00e9e, eine Hommage an die Schutzpatronin von Merfy und eine delikate Assemblage aller Parzellen des Weinguts.<\/p>\n<p>Das Haus ist Mitglied von \u201eTerres et Vins de Champagne\u201c, einer 2009 gegr\u00fcndeten Winzervereinigung mit dem Ziel, die Weine und Terroirs von rund zwanzig kleinen Produzenten zu f\u00f6rdern und zu vermarkten, die eine Vision und handwerkliche Interpretation der edelsten Schaumweine vereint. Jedes Fr\u00fchjahr findet in der Champagne ein Verkostungstag statt, an dem jedes Weingut einige seiner Weine pr\u00e4sentiert.<\/p><\/blockquote>\n<h2>LE ROSE&#8216;<\/h2>\n<blockquote><p>Dieser Ros\u00e9-Cuv\u00e9e vereint Kraft, W\u00e4rme und Spannung. Die Kombination aus Weinen aus sandigen Kalksteinb\u00f6den und Rotwein aus dem Orizeaux verleiht diesem Champagner eine frische und angenehme Pers\u00f6nlichkeit.<\/p><\/blockquote>\n","protected":false},"excerpt":{"rendered":"<p>CHARTOGNE TAILLET Champagne Le Rose&#8217;Brut CHARTOGNE TAILLET Champagne Le Rose&#8217;Brut MAISON CHARTOGNE TAILLET Das von Fiacre Taillet gegr\u00fcndete Maison wird seit 2006 von Alexandre Chartogne gef\u00fchrt, dessen Familie seit 1683 Wein produziert. Ein Praktikum im Weingut von Anselme Selosse in Avize ver\u00e4nderte seine Sicht auf den Winzerberuf grundlegend. Die 12 Hektar gro\u00dfen, nach S\u00fcd-S\u00fcdost ausgerichteten [&hellip;]<\/p>\n","protected":false},"featured_media":47531,"comment_status":"open","ping_status":"closed","template":"","meta":{"_acf_changed":false,"_monsterinsights_skip_tracking":false,"_monsterinsights_sitenote_active":false,"_monsterinsights_sitenote_note":"","_monsterinsights_sitenote_category":0},"product_brand":[],"product_cat":[2160,1478],"product_tag":[1733,1802],"class_list":{"0":"post-47515","1":"product","2":"type-product","3":"status-publish","4":"has-post-thumbnail","6":"product_cat-champagne-de","7":"product_cat-rose-de","8":"product_tag-aussergewoehnliche-weine-de","9":"product_tag-champagne-de","10":"pa_appellation-champagne-aoc-de","11":"pa_formato-0-75-l-flasche-de","12":"pa_region-champagne-de","13":"pa_vine-chardonnay-pinot-noir-de-3","15":"first","16":"instock","17":"taxable","18":"shipping-taxable","19":"purchasable","20":"product-type-simple"},"bundled_by":[],"bundle_stock_status":"instock","bundle_stock_quantity":2,"bundle_virtual":false,"bundle_layout":"","bundle_add_to_cart_form_location":"","bundle_editable_in_cart":false,"bundle_sold_individually_context":"","bundle_item_grouping":"","bundle_min_size":"","bundle_max_size":"","bundle_price":[],"bundled_items":[],"bundle_sell_ids":[],"yoast_head":"<!-- This site is optimized with the Yoast SEO plugin v27.2 - https:\/\/yoast.com\/product\/yoast-seo-wordpress\/ -->\n<title>CHARTOGNE TAILLET Champagne Le Rose&#039;Brut<\/title>\n<meta name=\"description\" content=\"CHARTOGNE TAILLET Champagne Le Rose&#039; Brut. Dieser Ros\u00e9-Cuv\u00e9e vereint Kraft, W\u00e4rme und Spannung. Kaufen Sie on line @fonsvinum.com\" \/>\n<meta name=\"robots\" content=\"index, follow, max-snippet:-1, max-image-preview:large, max-video-preview:-1\" \/>\n<link rel=\"canonical\" href=\"https:\/\/fonsvinum.com\/de\/produkt\/chartogne-taillet-champagne-le-rosebrut\/\" \/>\n<meta property=\"og:locale\" content=\"de_DE\" \/>\n<meta property=\"og:type\" content=\"article\" \/>\n<meta property=\"og:title\" content=\"CHARTOGNE TAILLET Champagne Le Rose&#039;Brut\" \/>\n<meta property=\"og:description\" content=\"CHARTOGNE TAILLET Champagne Le Rose&#039; Brut. Dieser Ros\u00e9-Cuv\u00e9e vereint Kraft, W\u00e4rme und Spannung. Kaufen Sie on line @fonsvinum.com\" \/>\n<meta property=\"og:url\" content=\"https:\/\/fonsvinum.com\/de\/produkt\/chartogne-taillet-champagne-le-rosebrut\/\" \/>\n<meta property=\"og:site_name\" content=\"Fons Vinum\" \/>\n<meta property=\"article:modified_time\" content=\"2025-11-26T11:18:56+00:00\" \/>\n<meta property=\"og:image\" content=\"https:\/\/fonsvinum.com\/files\/2025\/09\/CHARTOGNE-TAILLET-Champagne-Le-Rose-Brut.png\" \/>\n\t<meta property=\"og:image:width\" content=\"200\" \/>\n\t<meta property=\"og:image:height\" content=\"600\" \/>\n\t<meta property=\"og:image:type\" content=\"image\/png\" \/>\n<meta name=\"twitter:label1\" content=\"Gesch\u00e4tzte Lesezeit\" \/>\n\t<meta name=\"twitter:data1\" content=\"1\u00a0Minute\" \/>\n<script type=\"application\/ld+json\" class=\"yoast-schema-graph\">{\"@context\":\"https:\/\/schema.org\",\"@graph\":[{\"@type\":\"WebPage\",\"@id\":\"https:\/\/fonsvinum.com\/de\/produkt\/chartogne-taillet-champagne-le-rosebrut\/\",\"url\":\"https:\/\/fonsvinum.com\/de\/produkt\/chartogne-taillet-champagne-le-rosebrut\/\",\"name\":\"CHARTOGNE TAILLET Champagne Le Rose'Brut\",\"isPartOf\":{\"@id\":\"https:\/\/fonsvinum.com\/en\/#website\"},\"primaryImageOfPage\":{\"@id\":\"https:\/\/fonsvinum.com\/de\/produkt\/chartogne-taillet-champagne-le-rosebrut\/#primaryimage\"},\"image\":{\"@id\":\"https:\/\/fonsvinum.com\/de\/produkt\/chartogne-taillet-champagne-le-rosebrut\/#primaryimage\"},\"thumbnailUrl\":\"https:\/\/fonsvinum.com\/files\/2025\/09\/CHARTOGNE-TAILLET-Champagne-Le-Rose-Brut.png\",\"datePublished\":\"2025-09-25T07:38:36+00:00\",\"dateModified\":\"2025-11-26T11:18:56+00:00\",\"description\":\"CHARTOGNE TAILLET Champagne Le Rose' Brut. Dieser Ros\u00e9-Cuv\u00e9e vereint Kraft, W\u00e4rme und Spannung. Kaufen Sie on line @fonsvinum.com\",\"breadcrumb\":{\"@id\":\"https:\/\/fonsvinum.com\/de\/produkt\/chartogne-taillet-champagne-le-rosebrut\/#breadcrumb\"},\"inLanguage\":\"de\",\"potentialAction\":[{\"@type\":\"ReadAction\",\"target\":[\"https:\/\/fonsvinum.com\/de\/produkt\/chartogne-taillet-champagne-le-rosebrut\/\"]}]},{\"@type\":\"ImageObject\",\"inLanguage\":\"de\",\"@id\":\"https:\/\/fonsvinum.com\/de\/produkt\/chartogne-taillet-champagne-le-rosebrut\/#primaryimage\",\"url\":\"https:\/\/fonsvinum.com\/files\/2025\/09\/CHARTOGNE-TAILLET-Champagne-Le-Rose-Brut.png\",\"contentUrl\":\"https:\/\/fonsvinum.com\/files\/2025\/09\/CHARTOGNE-TAILLET-Champagne-Le-Rose-Brut.png\",\"width\":200,\"height\":600,\"caption\":\"CHARTOGNE TAILLET Champagne Le Rose Brut\"},{\"@type\":\"BreadcrumbList\",\"@id\":\"https:\/\/fonsvinum.com\/de\/produkt\/chartogne-taillet-champagne-le-rosebrut\/#breadcrumb\",\"itemListElement\":[{\"@type\":\"ListItem\",\"position\":1,\"name\":\"Startseite\",\"item\":\"https:\/\/fonsvinum.com\/de\/\"},{\"@type\":\"ListItem\",\"position\":2,\"name\":\"Shop\",\"item\":\"https:\/\/fonsvinum.com\/de\/shop\/\"},{\"@type\":\"ListItem\",\"position\":3,\"name\":\"CHARTOGNE TAILLET Champagne Le Rose&#8217;Brut\"}]},{\"@type\":\"WebSite\",\"@id\":\"https:\/\/fonsvinum.com\/en\/#website\",\"url\":\"https:\/\/fonsvinum.com\/en\/\",\"name\":\"Fons Vinum\",\"description\":\"Vendita Vino Online\",\"publisher\":{\"@id\":\"https:\/\/fonsvinum.com\/en\/#organization\"},\"potentialAction\":[{\"@type\":\"SearchAction\",\"target\":{\"@type\":\"EntryPoint\",\"urlTemplate\":\"https:\/\/fonsvinum.com\/en\/?s={search_term_string}\"},\"query-input\":{\"@type\":\"PropertyValueSpecification\",\"valueRequired\":true,\"valueName\":\"search_term_string\"}}],\"inLanguage\":\"de\"},{\"@type\":\"Organization\",\"@id\":\"https:\/\/fonsvinum.com\/en\/#organization\",\"name\":\"Fons Vinum\",\"url\":\"https:\/\/fonsvinum.com\/en\/\",\"logo\":{\"@type\":\"ImageObject\",\"inLanguage\":\"de\",\"@id\":\"https:\/\/fonsvinum.com\/en\/#\/schema\/logo\/image\/\",\"url\":\"\",\"contentUrl\":\"\",\"caption\":\"Fons Vinum\"},\"image\":{\"@id\":\"https:\/\/fonsvinum.com\/en\/#\/schema\/logo\/image\/\"}}]}<\/script>\n<!-- \/ Yoast SEO plugin. -->","yoast_head_json":{"title":"CHARTOGNE TAILLET Champagne Le Rose'Brut","description":"CHARTOGNE TAILLET Champagne Le Rose' Brut. Dieser Ros\u00e9-Cuv\u00e9e vereint Kraft, W\u00e4rme und Spannung. Kaufen Sie on line @fonsvinum.com","robots":{"index":"index","follow":"follow","max-snippet":"max-snippet:-1","max-image-preview":"max-image-preview:large","max-video-preview":"max-video-preview:-1"},"canonical":"https:\/\/fonsvinum.com\/de\/produkt\/chartogne-taillet-champagne-le-rosebrut\/","og_locale":"de_DE","og_type":"article","og_title":"CHARTOGNE TAILLET Champagne Le Rose'Brut","og_description":"CHARTOGNE TAILLET Champagne Le Rose' Brut. Dieser Ros\u00e9-Cuv\u00e9e vereint Kraft, W\u00e4rme und Spannung. Kaufen Sie on line @fonsvinum.com","og_url":"https:\/\/fonsvinum.com\/de\/produkt\/chartogne-taillet-champagne-le-rosebrut\/","og_site_name":"Fons Vinum","article_modified_time":"2025-11-26T11:18:56+00:00","og_image":[{"width":200,"height":600,"url":"https:\/\/fonsvinum.com\/files\/2025\/09\/CHARTOGNE-TAILLET-Champagne-Le-Rose-Brut.png","type":"image\/png"}],"twitter_misc":{"Gesch\u00e4tzte Lesezeit":"1\u00a0Minute"},"schema":{"@context":"https:\/\/schema.org","@graph":[{"@type":"WebPage","@id":"https:\/\/fonsvinum.com\/de\/produkt\/chartogne-taillet-champagne-le-rosebrut\/","url":"https:\/\/fonsvinum.com\/de\/produkt\/chartogne-taillet-champagne-le-rosebrut\/","name":"CHARTOGNE TAILLET Champagne Le Rose'Brut","isPartOf":{"@id":"https:\/\/fonsvinum.com\/en\/#website"},"primaryImageOfPage":{"@id":"https:\/\/fonsvinum.com\/de\/produkt\/chartogne-taillet-champagne-le-rosebrut\/#primaryimage"},"image":{"@id":"https:\/\/fonsvinum.com\/de\/produkt\/chartogne-taillet-champagne-le-rosebrut\/#primaryimage"},"thumbnailUrl":"https:\/\/fonsvinum.com\/files\/2025\/09\/CHARTOGNE-TAILLET-Champagne-Le-Rose-Brut.png","datePublished":"2025-09-25T07:38:36+00:00","dateModified":"2025-11-26T11:18:56+00:00","description":"CHARTOGNE TAILLET Champagne Le Rose' Brut. Dieser Ros\u00e9-Cuv\u00e9e vereint Kraft, W\u00e4rme und Spannung. Kaufen Sie on line @fonsvinum.com","breadcrumb":{"@id":"https:\/\/fonsvinum.com\/de\/produkt\/chartogne-taillet-champagne-le-rosebrut\/#breadcrumb"},"inLanguage":"de","potentialAction":[{"@type":"ReadAction","target":["https:\/\/fonsvinum.com\/de\/produkt\/chartogne-taillet-champagne-le-rosebrut\/"]}]},{"@type":"ImageObject","inLanguage":"de","@id":"https:\/\/fonsvinum.com\/de\/produkt\/chartogne-taillet-champagne-le-rosebrut\/#primaryimage","url":"https:\/\/fonsvinum.com\/files\/2025\/09\/CHARTOGNE-TAILLET-Champagne-Le-Rose-Brut.png","contentUrl":"https:\/\/fonsvinum.com\/files\/2025\/09\/CHARTOGNE-TAILLET-Champagne-Le-Rose-Brut.png","width":200,"height":600,"caption":"CHARTOGNE TAILLET Champagne Le Rose Brut"},{"@type":"BreadcrumbList","@id":"https:\/\/fonsvinum.com\/de\/produkt\/chartogne-taillet-champagne-le-rosebrut\/#breadcrumb","itemListElement":[{"@type":"ListItem","position":1,"name":"Startseite","item":"https:\/\/fonsvinum.com\/de\/"},{"@type":"ListItem","position":2,"name":"Shop","item":"https:\/\/fonsvinum.com\/de\/shop\/"},{"@type":"ListItem","position":3,"name":"CHARTOGNE TAILLET Champagne Le Rose&#8217;Brut"}]},{"@type":"WebSite","@id":"https:\/\/fonsvinum.com\/en\/#website","url":"https:\/\/fonsvinum.com\/en\/","name":"Fons Vinum","description":"Vendita Vino Online","publisher":{"@id":"https:\/\/fonsvinum.com\/en\/#organization"},"potentialAction":[{"@type":"SearchAction","target":{"@type":"EntryPoint","urlTemplate":"https:\/\/fonsvinum.com\/en\/?s={search_term_string}"},"query-input":{"@type":"PropertyValueSpecification","valueRequired":true,"valueName":"search_term_string"}}],"inLanguage":"de"},{"@type":"Organization","@id":"https:\/\/fonsvinum.com\/en\/#organization","name":"Fons Vinum","url":"https:\/\/fonsvinum.com\/en\/","logo":{"@type":"ImageObject","inLanguage":"de","@id":"https:\/\/fonsvinum.com\/en\/#\/schema\/logo\/image\/","url":"","contentUrl":"","caption":"Fons Vinum"},"image":{"@id":"https:\/\/fonsvinum.com\/en\/#\/schema\/logo\/image\/"}}]}},"acf":[],"_links":{"self":[{"href":"https:\/\/fonsvinum.com\/de\/wp-json\/wp\/v2\/product\/47515","targetHints":{"allow":["GET"]}}],"collection":[{"href":"https:\/\/fonsvinum.com\/de\/wp-json\/wp\/v2\/product"}],"about":[{"href":"https:\/\/fonsvinum.com\/de\/wp-json\/wp\/v2\/types\/product"}],"replies":[{"embeddable":true,"href":"https:\/\/fonsvinum.com\/de\/wp-json\/wp\/v2\/comments?post=47515"}],"wp:featuredmedia":[{"embeddable":true,"href":"https:\/\/fonsvinum.com\/de\/wp-json\/wp\/v2\/media\/47531"}],"wp:attachment":[{"href":"https:\/\/fonsvinum.com\/de\/wp-json\/wp\/v2\/media?parent=47515"}],"wp:term":[{"taxonomy":"product_brand","embeddable":true,"href":"https:\/\/fonsvinum.com\/de\/wp-json\/wp\/v2\/product_brand?post=47515"},{"taxonomy":"product_cat","embeddable":true,"href":"https:\/\/fonsvinum.com\/de\/wp-json\/wp\/v2\/product_cat?post=47515"},{"taxonomy":"product_tag","embeddable":true,"href":"https:\/\/fonsvinum.com\/de\/wp-json\/wp\/v2\/product_tag?post=47515"}],"curies":[{"name":"wp","href":"https:\/\/api.w.org\/{rel}","templated":true}]}}