{"id":47501,"date":"2025-09-24T10:48:38","date_gmt":"2025-09-24T08:48:38","guid":{"rendered":"https:\/\/fonsvinum.com\/?post_type=product&#038;p=47501"},"modified":"2025-09-24T11:49:55","modified_gmt":"2025-09-24T09:49:55","slug":"san-michele-appiano-sanct-valentin-gewurztraminer-2023","status":"publish","type":"product","link":"https:\/\/fonsvinum.com\/de\/produkt\/san-michele-appiano-sanct-valentin-gewurztraminer-2023\/","title":{"rendered":"SAN MICHELE APPIANO Sanct Valentin Gew\u00fcrztraminer 2023"},"content":{"rendered":"<h2>SAN MICHELE APPIANO Sanct Valentin Gew\u00fcrztraminer 2023<\/h2>\n<h2><a href=\"https:\/\/fonsvinum.com\/de\/attributes\/producer\/san-michele-appiano-de\/\">SAN MICHELE APPIANO<\/a><\/h2>\n<div class=\"half float_l\">\n<p>Erhaben und w\u00fcrdevoll thront die Kellerei St. Michael-Eppan seit \u00fcber 100 Jahren inmitten der \u00a0wichtigsten Weinbaugemeinde S\u00fcdtirols. Seit \u00fcber 2000 Jahren werden hier Weine angebaut. Das Gebiet rund um Eppan ist bekannt f\u00fcr seine idealen Voraussetzungen f\u00fcr den Weinbau. Ein gro\u00dfer Teil dieser Trauben werden in der Kellerei St. Michael-Eppan veredelt.<\/p>\n<\/div>\n<p class=\"half float_r\">Die 330 Winzerfamilien bilden das R\u00fcckgrat der Kellerei, die 1907 gegr\u00fcndet wurde. Ihre gro\u00dfe Passion gilt dem Weinbau, mit dem sie seit Generationen verbunden sind.<\/p>\n<p>Jeder Einzelne tr\u00e4gt mit Wissen, Tradition und Leidenschaft dazu bei, dass \u00a0die Kellerei \u00fcber ein exzellentes Traubenmaterial verf\u00fcgt, das in den Kellern mit viel Fingerspitzengef\u00fchl veredelt wird.<\/p>\n<h2>GEWURZTRAMINER SANCT VALENTIN<\/h2>\n<p class=\"line_top\">Er ist der Liebling der Italiener und die autochthone, <a href=\"https:\/\/www.shopinlanghe.com\/sellers?render_type=sellerview&amp;id_seller=5\">wei\u00dfe<\/a> Rebsorte in S\u00fcdtirol. Der bet\u00f6rende Gew\u00fcrztraminer z\u00e4hlt zu den spannendsten Gew\u00e4chsen in der Weinwelt. Charakteristisch f\u00fcr den Gew\u00fcrztraminer Sanct Valentin ist sein intensives und komplexes Bouquet mit Aromen, die an orientalische Gew\u00fcrze, zarten Rosenduft und exotische Fr\u00fcchte erinnern. Bereits 1986 wurde der Gew\u00fcrztraminer als Spitzengew\u00e4chs der Sanct Valentin Linie erstmals ausgebaut. Er zeichnet sich durch Langlebigkeit aus und verspricht auch noch nach vielen Jahren ein wunderbares Trinkvergn\u00fcgen.<\/p>\n<p>&nbsp;<\/p>\n","protected":false},"excerpt":{"rendered":"<p>SAN MICHELE APPIANO Sanct Valentin Gew\u00fcrztraminer 2023 SAN MICHELE APPIANO Erhaben und w\u00fcrdevoll thront die Kellerei St. Michael-Eppan seit \u00fcber 100 Jahren inmitten der \u00a0wichtigsten Weinbaugemeinde S\u00fcdtirols. Seit \u00fcber 2000 Jahren werden hier Weine angebaut. Das Gebiet rund um Eppan ist bekannt f\u00fcr seine idealen Voraussetzungen f\u00fcr den Weinbau. Ein gro\u00dfer Teil dieser Trauben werden [&hellip;]<\/p>\n","protected":false},"featured_media":22778,"comment_status":"open","ping_status":"closed","template":"","meta":{"_acf_changed":false,"_monsterinsights_skip_tracking":false,"_monsterinsights_sitenote_active":false,"_monsterinsights_sitenote_note":"","_monsterinsights_sitenote_category":0},"product_brand":[],"product_cat":[2284],"product_tag":[15885,17742],"class_list":{"0":"post-47501","1":"product","2":"type-product","3":"status-publish","4":"has-post-thumbnail","6":"product_cat-gewurztraminer-de","7":"product_tag-gewurztraminer-de","8":"product_tag-vino-bianco-de","9":"pa_appellation-alto-adige-bianco-doc-de","10":"pa_formato-0-75-l-flasche-de","11":"pa_producer-san-michele-appiano-de","12":"pa_region-trentino-tiroler-etschland-de","13":"pa_vine-100-gewurztraminer-de","14":"pa_vintage-18401","16":"first","17":"instock","18":"taxable","19":"shipping-taxable","20":"purchasable","21":"product-type-simple"},"bundled_by":[],"bundle_stock_status":"instock","bundle_stock_quantity":5,"bundle_virtual":false,"bundle_layout":"","bundle_add_to_cart_form_location":"","bundle_editable_in_cart":false,"bundle_sold_individually_context":"","bundle_item_grouping":"","bundle_min_size":"","bundle_max_size":"","bundle_price":[],"bundled_items":[],"bundle_sell_ids":[],"yoast_head":"<!-- This site is optimized with the Yoast SEO plugin v27.3 - https:\/\/yoast.com\/product\/yoast-seo-wordpress\/ -->\n<title>SAN MICHELE APPIANO Sanct Valentin Gew\u00fcrztraminer 2023<\/title>\n<meta name=\"description\" content=\"SAN MICHELE APPIANO Sanct Valentin Gew\u00fcrztraminer 2023-FonsVinum- Er ist der Liebling der Italiener und die autochthone, wei\u00dfe Rebsorte in\" \/>\n<meta name=\"robots\" content=\"index, follow, max-snippet:-1, max-image-preview:large, max-video-preview:-1\" \/>\n<link rel=\"canonical\" href=\"https:\/\/fonsvinum.com\/de\/produkt\/san-michele-appiano-sanct-valentin-gewurztraminer-2023\/\" \/>\n<meta property=\"og:locale\" content=\"de_DE\" \/>\n<meta property=\"og:type\" content=\"article\" \/>\n<meta property=\"og:title\" content=\"SAN MICHELE APPIANO Sanct Valentin Gew\u00fcrztraminer 2023\" \/>\n<meta property=\"og:description\" content=\"SAN MICHELE APPIANO Sanct Valentin Gew\u00fcrztraminer 2023-FonsVinum- Er ist der Liebling der Italiener und die autochthone, wei\u00dfe Rebsorte in\" \/>\n<meta property=\"og:url\" content=\"https:\/\/fonsvinum.com\/de\/produkt\/san-michele-appiano-sanct-valentin-gewurztraminer-2023\/\" \/>\n<meta property=\"og:site_name\" content=\"Fons Vinum\" \/>\n<meta property=\"article:modified_time\" content=\"2025-09-24T09:49:55+00:00\" \/>\n<meta property=\"og:image\" content=\"https:\/\/fonsvinum.com\/files\/2020\/03\/gewurtztraminer-sanct-valentin-san-michele-appiano.jpg\" \/>\n\t<meta property=\"og:image:width\" content=\"200\" \/>\n\t<meta property=\"og:image:height\" content=\"600\" \/>\n\t<meta property=\"og:image:type\" content=\"image\/jpeg\" \/>\n<meta name=\"twitter:label1\" content=\"Gesch\u00e4tzte Lesezeit\" \/>\n\t<meta name=\"twitter:data1\" content=\"2\u00a0Minuten\" \/>\n<script type=\"application\/ld+json\" class=\"yoast-schema-graph\">{\"@context\":\"https:\\\/\\\/schema.org\",\"@graph\":[{\"@type\":\"WebPage\",\"@id\":\"https:\\\/\\\/fonsvinum.com\\\/de\\\/produkt\\\/san-michele-appiano-sanct-valentin-gewurztraminer-2023\\\/\",\"url\":\"https:\\\/\\\/fonsvinum.com\\\/de\\\/produkt\\\/san-michele-appiano-sanct-valentin-gewurztraminer-2023\\\/\",\"name\":\"SAN MICHELE APPIANO Sanct Valentin Gew\u00fcrztraminer 2023\",\"isPartOf\":{\"@id\":\"https:\\\/\\\/fonsvinum.com\\\/en\\\/#website\"},\"primaryImageOfPage\":{\"@id\":\"https:\\\/\\\/fonsvinum.com\\\/de\\\/produkt\\\/san-michele-appiano-sanct-valentin-gewurztraminer-2023\\\/#primaryimage\"},\"image\":{\"@id\":\"https:\\\/\\\/fonsvinum.com\\\/de\\\/produkt\\\/san-michele-appiano-sanct-valentin-gewurztraminer-2023\\\/#primaryimage\"},\"thumbnailUrl\":\"https:\\\/\\\/fonsvinum.com\\\/files\\\/2020\\\/03\\\/gewurtztraminer-sanct-valentin-san-michele-appiano.jpg\",\"datePublished\":\"2025-09-24T08:48:38+00:00\",\"dateModified\":\"2025-09-24T09:49:55+00:00\",\"description\":\"SAN MICHELE APPIANO Sanct Valentin Gew\u00fcrztraminer 2023-FonsVinum- Er ist der Liebling der Italiener und die autochthone, wei\u00dfe Rebsorte in\",\"breadcrumb\":{\"@id\":\"https:\\\/\\\/fonsvinum.com\\\/de\\\/produkt\\\/san-michele-appiano-sanct-valentin-gewurztraminer-2023\\\/#breadcrumb\"},\"inLanguage\":\"de\",\"potentialAction\":[{\"@type\":\"ReadAction\",\"target\":[\"https:\\\/\\\/fonsvinum.com\\\/de\\\/produkt\\\/san-michele-appiano-sanct-valentin-gewurztraminer-2023\\\/\"]}]},{\"@type\":\"ImageObject\",\"inLanguage\":\"de\",\"@id\":\"https:\\\/\\\/fonsvinum.com\\\/de\\\/produkt\\\/san-michele-appiano-sanct-valentin-gewurztraminer-2023\\\/#primaryimage\",\"url\":\"https:\\\/\\\/fonsvinum.com\\\/files\\\/2020\\\/03\\\/gewurtztraminer-sanct-valentin-san-michele-appiano.jpg\",\"contentUrl\":\"https:\\\/\\\/fonsvinum.com\\\/files\\\/2020\\\/03\\\/gewurtztraminer-sanct-valentin-san-michele-appiano.jpg\",\"width\":200,\"height\":600},{\"@type\":\"BreadcrumbList\",\"@id\":\"https:\\\/\\\/fonsvinum.com\\\/de\\\/produkt\\\/san-michele-appiano-sanct-valentin-gewurztraminer-2023\\\/#breadcrumb\",\"itemListElement\":[{\"@type\":\"ListItem\",\"position\":1,\"name\":\"Startseite\",\"item\":\"https:\\\/\\\/fonsvinum.com\\\/de\\\/\"},{\"@type\":\"ListItem\",\"position\":2,\"name\":\"Shop\",\"item\":\"https:\\\/\\\/fonsvinum.com\\\/de\\\/shop\\\/\"},{\"@type\":\"ListItem\",\"position\":3,\"name\":\"SAN MICHELE APPIANO Sanct Valentin Gew\u00fcrztraminer 2023\"}]},{\"@type\":\"WebSite\",\"@id\":\"https:\\\/\\\/fonsvinum.com\\\/en\\\/#website\",\"url\":\"https:\\\/\\\/fonsvinum.com\\\/en\\\/\",\"name\":\"Fons Vinum\",\"description\":\"Vendita Vino Online\",\"publisher\":{\"@id\":\"https:\\\/\\\/fonsvinum.com\\\/en\\\/#organization\"},\"potentialAction\":[{\"@type\":\"SearchAction\",\"target\":{\"@type\":\"EntryPoint\",\"urlTemplate\":\"https:\\\/\\\/fonsvinum.com\\\/en\\\/?s={search_term_string}\"},\"query-input\":{\"@type\":\"PropertyValueSpecification\",\"valueRequired\":true,\"valueName\":\"search_term_string\"}}],\"inLanguage\":\"de\"},{\"@type\":\"Organization\",\"@id\":\"https:\\\/\\\/fonsvinum.com\\\/en\\\/#organization\",\"name\":\"Fons Vinum\",\"url\":\"https:\\\/\\\/fonsvinum.com\\\/en\\\/\",\"logo\":{\"@type\":\"ImageObject\",\"inLanguage\":\"de\",\"@id\":\"https:\\\/\\\/fonsvinum.com\\\/en\\\/#\\\/schema\\\/logo\\\/image\\\/\",\"url\":\"\",\"contentUrl\":\"\",\"caption\":\"Fons Vinum\"},\"image\":{\"@id\":\"https:\\\/\\\/fonsvinum.com\\\/en\\\/#\\\/schema\\\/logo\\\/image\\\/\"}}]}<\/script>\n<!-- \/ Yoast SEO plugin. -->","yoast_head_json":{"title":"SAN MICHELE APPIANO Sanct Valentin Gew\u00fcrztraminer 2023","description":"SAN MICHELE APPIANO Sanct Valentin Gew\u00fcrztraminer 2023-FonsVinum- Er ist der Liebling der Italiener und die autochthone, wei\u00dfe Rebsorte in","robots":{"index":"index","follow":"follow","max-snippet":"max-snippet:-1","max-image-preview":"max-image-preview:large","max-video-preview":"max-video-preview:-1"},"canonical":"https:\/\/fonsvinum.com\/de\/produkt\/san-michele-appiano-sanct-valentin-gewurztraminer-2023\/","og_locale":"de_DE","og_type":"article","og_title":"SAN MICHELE APPIANO Sanct Valentin Gew\u00fcrztraminer 2023","og_description":"SAN MICHELE APPIANO Sanct Valentin Gew\u00fcrztraminer 2023-FonsVinum- Er ist der Liebling der Italiener und die autochthone, wei\u00dfe Rebsorte in","og_url":"https:\/\/fonsvinum.com\/de\/produkt\/san-michele-appiano-sanct-valentin-gewurztraminer-2023\/","og_site_name":"Fons Vinum","article_modified_time":"2025-09-24T09:49:55+00:00","og_image":[{"width":200,"height":600,"url":"https:\/\/fonsvinum.com\/files\/2020\/03\/gewurtztraminer-sanct-valentin-san-michele-appiano.jpg","type":"image\/jpeg"}],"twitter_misc":{"Gesch\u00e4tzte Lesezeit":"2\u00a0Minuten"},"schema":{"@context":"https:\/\/schema.org","@graph":[{"@type":"WebPage","@id":"https:\/\/fonsvinum.com\/de\/produkt\/san-michele-appiano-sanct-valentin-gewurztraminer-2023\/","url":"https:\/\/fonsvinum.com\/de\/produkt\/san-michele-appiano-sanct-valentin-gewurztraminer-2023\/","name":"SAN MICHELE APPIANO Sanct Valentin Gew\u00fcrztraminer 2023","isPartOf":{"@id":"https:\/\/fonsvinum.com\/en\/#website"},"primaryImageOfPage":{"@id":"https:\/\/fonsvinum.com\/de\/produkt\/san-michele-appiano-sanct-valentin-gewurztraminer-2023\/#primaryimage"},"image":{"@id":"https:\/\/fonsvinum.com\/de\/produkt\/san-michele-appiano-sanct-valentin-gewurztraminer-2023\/#primaryimage"},"thumbnailUrl":"https:\/\/fonsvinum.com\/files\/2020\/03\/gewurtztraminer-sanct-valentin-san-michele-appiano.jpg","datePublished":"2025-09-24T08:48:38+00:00","dateModified":"2025-09-24T09:49:55+00:00","description":"SAN MICHELE APPIANO Sanct Valentin Gew\u00fcrztraminer 2023-FonsVinum- Er ist der Liebling der Italiener und die autochthone, wei\u00dfe Rebsorte in","breadcrumb":{"@id":"https:\/\/fonsvinum.com\/de\/produkt\/san-michele-appiano-sanct-valentin-gewurztraminer-2023\/#breadcrumb"},"inLanguage":"de","potentialAction":[{"@type":"ReadAction","target":["https:\/\/fonsvinum.com\/de\/produkt\/san-michele-appiano-sanct-valentin-gewurztraminer-2023\/"]}]},{"@type":"ImageObject","inLanguage":"de","@id":"https:\/\/fonsvinum.com\/de\/produkt\/san-michele-appiano-sanct-valentin-gewurztraminer-2023\/#primaryimage","url":"https:\/\/fonsvinum.com\/files\/2020\/03\/gewurtztraminer-sanct-valentin-san-michele-appiano.jpg","contentUrl":"https:\/\/fonsvinum.com\/files\/2020\/03\/gewurtztraminer-sanct-valentin-san-michele-appiano.jpg","width":200,"height":600},{"@type":"BreadcrumbList","@id":"https:\/\/fonsvinum.com\/de\/produkt\/san-michele-appiano-sanct-valentin-gewurztraminer-2023\/#breadcrumb","itemListElement":[{"@type":"ListItem","position":1,"name":"Startseite","item":"https:\/\/fonsvinum.com\/de\/"},{"@type":"ListItem","position":2,"name":"Shop","item":"https:\/\/fonsvinum.com\/de\/shop\/"},{"@type":"ListItem","position":3,"name":"SAN MICHELE APPIANO Sanct Valentin Gew\u00fcrztraminer 2023"}]},{"@type":"WebSite","@id":"https:\/\/fonsvinum.com\/en\/#website","url":"https:\/\/fonsvinum.com\/en\/","name":"Fons Vinum","description":"Vendita Vino Online","publisher":{"@id":"https:\/\/fonsvinum.com\/en\/#organization"},"potentialAction":[{"@type":"SearchAction","target":{"@type":"EntryPoint","urlTemplate":"https:\/\/fonsvinum.com\/en\/?s={search_term_string}"},"query-input":{"@type":"PropertyValueSpecification","valueRequired":true,"valueName":"search_term_string"}}],"inLanguage":"de"},{"@type":"Organization","@id":"https:\/\/fonsvinum.com\/en\/#organization","name":"Fons Vinum","url":"https:\/\/fonsvinum.com\/en\/","logo":{"@type":"ImageObject","inLanguage":"de","@id":"https:\/\/fonsvinum.com\/en\/#\/schema\/logo\/image\/","url":"","contentUrl":"","caption":"Fons Vinum"},"image":{"@id":"https:\/\/fonsvinum.com\/en\/#\/schema\/logo\/image\/"}}]}},"acf":[],"_links":{"self":[{"href":"https:\/\/fonsvinum.com\/de\/wp-json\/wp\/v2\/product\/47501","targetHints":{"allow":["GET"]}}],"collection":[{"href":"https:\/\/fonsvinum.com\/de\/wp-json\/wp\/v2\/product"}],"about":[{"href":"https:\/\/fonsvinum.com\/de\/wp-json\/wp\/v2\/types\/product"}],"replies":[{"embeddable":true,"href":"https:\/\/fonsvinum.com\/de\/wp-json\/wp\/v2\/comments?post=47501"}],"wp:featuredmedia":[{"embeddable":true,"href":"https:\/\/fonsvinum.com\/de\/wp-json\/wp\/v2\/media\/22778"}],"wp:attachment":[{"href":"https:\/\/fonsvinum.com\/de\/wp-json\/wp\/v2\/media?parent=47501"}],"wp:term":[{"taxonomy":"product_brand","embeddable":true,"href":"https:\/\/fonsvinum.com\/de\/wp-json\/wp\/v2\/product_brand?post=47501"},{"taxonomy":"product_cat","embeddable":true,"href":"https:\/\/fonsvinum.com\/de\/wp-json\/wp\/v2\/product_cat?post=47501"},{"taxonomy":"product_tag","embeddable":true,"href":"https:\/\/fonsvinum.com\/de\/wp-json\/wp\/v2\/product_tag?post=47501"}],"curies":[{"name":"wp","href":"https:\/\/api.w.org\/{rel}","templated":true}]}}