{"id":47495,"date":"2025-09-24T10:38:14","date_gmt":"2025-09-24T08:38:14","guid":{"rendered":"https:\/\/fonsvinum.com\/?post_type=product&#038;p=47495"},"modified":"2025-09-24T10:45:38","modified_gmt":"2025-09-24T08:45:38","slug":"san-michele-appiano-sanct-valentin-chardonnay-2022","status":"publish","type":"product","link":"https:\/\/fonsvinum.com\/de\/produkt\/san-michele-appiano-sanct-valentin-chardonnay-2022\/","title":{"rendered":"SAN MICHELE APPIANO Sanct Valentin Chardonnay 2022"},"content":{"rendered":"<h1><a href=\"https:\/\/fonsvinum.com\/de\/?s=SAN+MICHELE+APPIANO&amp;post_type=product\">SAN MICHELE APPIANO<\/a> Sanct Valentin <a href=\"https:\/\/fonsvinum.com\/de\/?s=Chardonnay&amp;post_type=product\">Chardonnay<\/a> 2022<\/h1>\n<h2>SAN MICHE APPIANO<\/h2>\n<div class=\"half float_l\">\n<p>Erhaben und w\u00fcrdevoll thront die Kellerei St. Michael-Eppan seit \u00fcber 100 Jahren inmitten der \u00a0wichtigsten Weinbaugemeinde S\u00fcdtirols. Seit \u00fcber 2000 Jahren werden hier Weine angebaut. Das Gebiet rund um Eppan ist bekannt f\u00fcr seine idealen Voraussetzungen f\u00fcr den Weinbau. Ein gro\u00dfer Teil dieser Trauben werden in der Kellerei St. Michael-Eppan veredelt.<\/p>\n<\/div>\n<p class=\"half float_r\">Die 330 Winzerfamilien bilden das R\u00fcckgrat der Kellerei, die 1907 gegr\u00fcndet wurde. Ihre gro\u00dfe Passion gilt dem Weinbau, mit dem sie seit Generationen verbunden sind.<\/p>\n<p>Jeder Einzelne tr\u00e4gt mit Wissen, Tradition und Leidenschaft dazu bei, dass \u00a0die Kellerei \u00fcber ein exzellentes Traubenmaterial verf\u00fcgt, das in den Kellern mit viel Fingerspitzengef\u00fchl veredelt wird.<\/p>\n<h2>CHARDONNAY SANCT VALENTIN<\/h2>\n<div class=\"cell text-center\">\n<p>Die Rebsorte Chardonnay ist weltweit sehr stark verbreitet und z\u00e4hlt gleichzeitig zu den bevorzugten Traubensorten der Kellerei. Seit 1986 ist dieser Chardonnay Teil der Prestigelinie Sanct Valentin. Er wird nur in Kleinstparzellen in der Gemeinde Eppan angebaut. Dort reift ein qualitativ einzigartiges Lesegut heran, das zu einem hochwertigen Wein voller Kraft und Eleganz verarbeitet wird, der sich durch ein ausgewogenes S\u00e4urespiel und ein exzellentes Reifungspotential auszeichnet.<\/p>\n<\/div>\n<div class=\"cell taste\">\n<div class=\"cell text-center margin_b\">\n<div class=\"cell text-center margin_b\">\n<ul>\n<li><strong>AUGE:<\/strong> strohgelb mit dem leicht gr\u00fcnem Schimmer<\/li>\n<li><strong>NASE:<\/strong> fruchtiger Duft nach reifem Obst und rauchigen Vanillenoten<\/li>\n<li><strong>GESCHMACK:<\/strong> kr\u00e4ftig, mineralisch, unvergesslich<\/li>\n<\/ul>\n<\/div>\n<\/div>\n<\/div>\n","protected":false},"excerpt":{"rendered":"<p>SAN MICHELE APPIANO Sanct Valentin Chardonnay 2022 SAN MICHE APPIANO Erhaben und w\u00fcrdevoll thront die Kellerei St. Michael-Eppan seit \u00fcber 100 Jahren inmitten der \u00a0wichtigsten Weinbaugemeinde S\u00fcdtirols. Seit \u00fcber 2000 Jahren werden hier Weine angebaut. Das Gebiet rund um Eppan ist bekannt f\u00fcr seine idealen Voraussetzungen f\u00fcr den Weinbau. Ein gro\u00dfer Teil dieser Trauben werden [&hellip;]<\/p>\n","protected":false},"featured_media":26990,"comment_status":"open","ping_status":"closed","template":"","meta":{"_acf_changed":false,"_monsterinsights_skip_tracking":false,"_monsterinsights_sitenote_active":false,"_monsterinsights_sitenote_note":"","_monsterinsights_sitenote_category":0},"product_brand":[],"product_cat":[1778,2266],"product_tag":[17742],"class_list":{"0":"post-47495","1":"product","2":"type-product","3":"status-publish","4":"has-post-thumbnail","6":"product_cat-chardonnay-de","7":"product_cat-weissweine-de","8":"product_tag-vino-bianco-de","9":"pa_appellation-chardonnay-alto-adige-doc-de-2","10":"pa_formato-0-75-l-flasche-de","11":"pa_producer-san-michele-appiano-de","12":"pa_region-trentino-tiroler-etschland-de","13":"pa_vine-100-chardonnay-de","14":"pa_vintage-18397","16":"first","17":"instock","18":"taxable","19":"shipping-taxable","20":"purchasable","21":"product-type-simple"},"bundled_by":[],"bundle_stock_status":"instock","bundle_stock_quantity":10,"bundle_virtual":false,"bundle_layout":"","bundle_add_to_cart_form_location":"","bundle_editable_in_cart":false,"bundle_sold_individually_context":"","bundle_item_grouping":"","bundle_min_size":"","bundle_max_size":"","bundle_price":[],"bundled_items":[],"bundle_sell_ids":[],"yoast_head":"<!-- This site is optimized with the Yoast SEO plugin v27.2 - https:\/\/yoast.com\/product\/yoast-seo-wordpress\/ -->\n<title>San Michele Appiano Sanct Valentin Chardonnay 2022<\/title>\n<meta name=\"description\" content=\"San Michele Appiano Sanct Valentin Chardonnay 2022-FonsVinum- GESCHMACK: kr\u00e4ftig, mineralisch, unvergesslich...\" \/>\n<meta name=\"robots\" content=\"index, follow, max-snippet:-1, max-image-preview:large, max-video-preview:-1\" \/>\n<link rel=\"canonical\" href=\"https:\/\/fonsvinum.com\/de\/produkt\/san-michele-appiano-sanct-valentin-chardonnay-2022\/\" \/>\n<meta property=\"og:locale\" content=\"de_DE\" \/>\n<meta property=\"og:type\" content=\"article\" \/>\n<meta property=\"og:title\" content=\"San Michele Appiano Sanct Valentin Chardonnay 2022\" \/>\n<meta property=\"og:description\" content=\"San Michele Appiano Sanct Valentin Chardonnay 2022-FonsVinum- GESCHMACK: kr\u00e4ftig, mineralisch, unvergesslich...\" \/>\n<meta property=\"og:url\" content=\"https:\/\/fonsvinum.com\/de\/produkt\/san-michele-appiano-sanct-valentin-chardonnay-2022\/\" \/>\n<meta property=\"og:site_name\" content=\"Fons Vinum\" \/>\n<meta property=\"article:modified_time\" content=\"2025-09-24T08:45:38+00:00\" \/>\n<meta property=\"og:image\" content=\"https:\/\/fonsvinum.com\/files\/2020\/10\/chardonnay-sanct-valentin-san-michele-appiano.jpg\" \/>\n\t<meta property=\"og:image:width\" content=\"200\" \/>\n\t<meta property=\"og:image:height\" content=\"600\" \/>\n\t<meta property=\"og:image:type\" content=\"image\/jpeg\" \/>\n<meta name=\"twitter:label1\" content=\"Gesch\u00e4tzte Lesezeit\" \/>\n\t<meta name=\"twitter:data1\" content=\"2\u00a0Minuten\" \/>\n<script type=\"application\/ld+json\" class=\"yoast-schema-graph\">{\"@context\":\"https:\/\/schema.org\",\"@graph\":[{\"@type\":\"WebPage\",\"@id\":\"https:\/\/fonsvinum.com\/de\/produkt\/san-michele-appiano-sanct-valentin-chardonnay-2022\/\",\"url\":\"https:\/\/fonsvinum.com\/de\/produkt\/san-michele-appiano-sanct-valentin-chardonnay-2022\/\",\"name\":\"San Michele Appiano Sanct Valentin Chardonnay 2022\",\"isPartOf\":{\"@id\":\"https:\/\/fonsvinum.com\/en\/#website\"},\"primaryImageOfPage\":{\"@id\":\"https:\/\/fonsvinum.com\/de\/produkt\/san-michele-appiano-sanct-valentin-chardonnay-2022\/#primaryimage\"},\"image\":{\"@id\":\"https:\/\/fonsvinum.com\/de\/produkt\/san-michele-appiano-sanct-valentin-chardonnay-2022\/#primaryimage\"},\"thumbnailUrl\":\"https:\/\/fonsvinum.com\/files\/2020\/10\/chardonnay-sanct-valentin-san-michele-appiano.jpg\",\"datePublished\":\"2025-09-24T08:38:14+00:00\",\"dateModified\":\"2025-09-24T08:45:38+00:00\",\"description\":\"San Michele Appiano Sanct Valentin Chardonnay 2022-FonsVinum- GESCHMACK: kr\u00e4ftig, mineralisch, unvergesslich...\",\"breadcrumb\":{\"@id\":\"https:\/\/fonsvinum.com\/de\/produkt\/san-michele-appiano-sanct-valentin-chardonnay-2022\/#breadcrumb\"},\"inLanguage\":\"de\",\"potentialAction\":[{\"@type\":\"ReadAction\",\"target\":[\"https:\/\/fonsvinum.com\/de\/produkt\/san-michele-appiano-sanct-valentin-chardonnay-2022\/\"]}]},{\"@type\":\"ImageObject\",\"inLanguage\":\"de\",\"@id\":\"https:\/\/fonsvinum.com\/de\/produkt\/san-michele-appiano-sanct-valentin-chardonnay-2022\/#primaryimage\",\"url\":\"https:\/\/fonsvinum.com\/files\/2020\/10\/chardonnay-sanct-valentin-san-michele-appiano.jpg\",\"contentUrl\":\"https:\/\/fonsvinum.com\/files\/2020\/10\/chardonnay-sanct-valentin-san-michele-appiano.jpg\",\"width\":200,\"height\":600},{\"@type\":\"BreadcrumbList\",\"@id\":\"https:\/\/fonsvinum.com\/de\/produkt\/san-michele-appiano-sanct-valentin-chardonnay-2022\/#breadcrumb\",\"itemListElement\":[{\"@type\":\"ListItem\",\"position\":1,\"name\":\"Startseite\",\"item\":\"https:\/\/fonsvinum.com\/de\/\"},{\"@type\":\"ListItem\",\"position\":2,\"name\":\"Shop\",\"item\":\"https:\/\/fonsvinum.com\/de\/shop\/\"},{\"@type\":\"ListItem\",\"position\":3,\"name\":\"SAN MICHELE APPIANO Sanct Valentin Chardonnay 2022\"}]},{\"@type\":\"WebSite\",\"@id\":\"https:\/\/fonsvinum.com\/en\/#website\",\"url\":\"https:\/\/fonsvinum.com\/en\/\",\"name\":\"Fons Vinum\",\"description\":\"Vendita Vino Online\",\"publisher\":{\"@id\":\"https:\/\/fonsvinum.com\/en\/#organization\"},\"potentialAction\":[{\"@type\":\"SearchAction\",\"target\":{\"@type\":\"EntryPoint\",\"urlTemplate\":\"https:\/\/fonsvinum.com\/en\/?s={search_term_string}\"},\"query-input\":{\"@type\":\"PropertyValueSpecification\",\"valueRequired\":true,\"valueName\":\"search_term_string\"}}],\"inLanguage\":\"de\"},{\"@type\":\"Organization\",\"@id\":\"https:\/\/fonsvinum.com\/en\/#organization\",\"name\":\"Fons Vinum\",\"url\":\"https:\/\/fonsvinum.com\/en\/\",\"logo\":{\"@type\":\"ImageObject\",\"inLanguage\":\"de\",\"@id\":\"https:\/\/fonsvinum.com\/en\/#\/schema\/logo\/image\/\",\"url\":\"\",\"contentUrl\":\"\",\"caption\":\"Fons Vinum\"},\"image\":{\"@id\":\"https:\/\/fonsvinum.com\/en\/#\/schema\/logo\/image\/\"}}]}<\/script>\n<!-- \/ Yoast SEO plugin. -->","yoast_head_json":{"title":"San Michele Appiano Sanct Valentin Chardonnay 2022","description":"San Michele Appiano Sanct Valentin Chardonnay 2022-FonsVinum- GESCHMACK: kr\u00e4ftig, mineralisch, unvergesslich...","robots":{"index":"index","follow":"follow","max-snippet":"max-snippet:-1","max-image-preview":"max-image-preview:large","max-video-preview":"max-video-preview:-1"},"canonical":"https:\/\/fonsvinum.com\/de\/produkt\/san-michele-appiano-sanct-valentin-chardonnay-2022\/","og_locale":"de_DE","og_type":"article","og_title":"San Michele Appiano Sanct Valentin Chardonnay 2022","og_description":"San Michele Appiano Sanct Valentin Chardonnay 2022-FonsVinum- GESCHMACK: kr\u00e4ftig, mineralisch, unvergesslich...","og_url":"https:\/\/fonsvinum.com\/de\/produkt\/san-michele-appiano-sanct-valentin-chardonnay-2022\/","og_site_name":"Fons Vinum","article_modified_time":"2025-09-24T08:45:38+00:00","og_image":[{"width":200,"height":600,"url":"https:\/\/fonsvinum.com\/files\/2020\/10\/chardonnay-sanct-valentin-san-michele-appiano.jpg","type":"image\/jpeg"}],"twitter_misc":{"Gesch\u00e4tzte Lesezeit":"2\u00a0Minuten"},"schema":{"@context":"https:\/\/schema.org","@graph":[{"@type":"WebPage","@id":"https:\/\/fonsvinum.com\/de\/produkt\/san-michele-appiano-sanct-valentin-chardonnay-2022\/","url":"https:\/\/fonsvinum.com\/de\/produkt\/san-michele-appiano-sanct-valentin-chardonnay-2022\/","name":"San Michele Appiano Sanct Valentin Chardonnay 2022","isPartOf":{"@id":"https:\/\/fonsvinum.com\/en\/#website"},"primaryImageOfPage":{"@id":"https:\/\/fonsvinum.com\/de\/produkt\/san-michele-appiano-sanct-valentin-chardonnay-2022\/#primaryimage"},"image":{"@id":"https:\/\/fonsvinum.com\/de\/produkt\/san-michele-appiano-sanct-valentin-chardonnay-2022\/#primaryimage"},"thumbnailUrl":"https:\/\/fonsvinum.com\/files\/2020\/10\/chardonnay-sanct-valentin-san-michele-appiano.jpg","datePublished":"2025-09-24T08:38:14+00:00","dateModified":"2025-09-24T08:45:38+00:00","description":"San Michele Appiano Sanct Valentin Chardonnay 2022-FonsVinum- GESCHMACK: kr\u00e4ftig, mineralisch, unvergesslich...","breadcrumb":{"@id":"https:\/\/fonsvinum.com\/de\/produkt\/san-michele-appiano-sanct-valentin-chardonnay-2022\/#breadcrumb"},"inLanguage":"de","potentialAction":[{"@type":"ReadAction","target":["https:\/\/fonsvinum.com\/de\/produkt\/san-michele-appiano-sanct-valentin-chardonnay-2022\/"]}]},{"@type":"ImageObject","inLanguage":"de","@id":"https:\/\/fonsvinum.com\/de\/produkt\/san-michele-appiano-sanct-valentin-chardonnay-2022\/#primaryimage","url":"https:\/\/fonsvinum.com\/files\/2020\/10\/chardonnay-sanct-valentin-san-michele-appiano.jpg","contentUrl":"https:\/\/fonsvinum.com\/files\/2020\/10\/chardonnay-sanct-valentin-san-michele-appiano.jpg","width":200,"height":600},{"@type":"BreadcrumbList","@id":"https:\/\/fonsvinum.com\/de\/produkt\/san-michele-appiano-sanct-valentin-chardonnay-2022\/#breadcrumb","itemListElement":[{"@type":"ListItem","position":1,"name":"Startseite","item":"https:\/\/fonsvinum.com\/de\/"},{"@type":"ListItem","position":2,"name":"Shop","item":"https:\/\/fonsvinum.com\/de\/shop\/"},{"@type":"ListItem","position":3,"name":"SAN MICHELE APPIANO Sanct Valentin Chardonnay 2022"}]},{"@type":"WebSite","@id":"https:\/\/fonsvinum.com\/en\/#website","url":"https:\/\/fonsvinum.com\/en\/","name":"Fons Vinum","description":"Vendita Vino Online","publisher":{"@id":"https:\/\/fonsvinum.com\/en\/#organization"},"potentialAction":[{"@type":"SearchAction","target":{"@type":"EntryPoint","urlTemplate":"https:\/\/fonsvinum.com\/en\/?s={search_term_string}"},"query-input":{"@type":"PropertyValueSpecification","valueRequired":true,"valueName":"search_term_string"}}],"inLanguage":"de"},{"@type":"Organization","@id":"https:\/\/fonsvinum.com\/en\/#organization","name":"Fons Vinum","url":"https:\/\/fonsvinum.com\/en\/","logo":{"@type":"ImageObject","inLanguage":"de","@id":"https:\/\/fonsvinum.com\/en\/#\/schema\/logo\/image\/","url":"","contentUrl":"","caption":"Fons Vinum"},"image":{"@id":"https:\/\/fonsvinum.com\/en\/#\/schema\/logo\/image\/"}}]}},"acf":[],"_links":{"self":[{"href":"https:\/\/fonsvinum.com\/de\/wp-json\/wp\/v2\/product\/47495","targetHints":{"allow":["GET"]}}],"collection":[{"href":"https:\/\/fonsvinum.com\/de\/wp-json\/wp\/v2\/product"}],"about":[{"href":"https:\/\/fonsvinum.com\/de\/wp-json\/wp\/v2\/types\/product"}],"replies":[{"embeddable":true,"href":"https:\/\/fonsvinum.com\/de\/wp-json\/wp\/v2\/comments?post=47495"}],"wp:featuredmedia":[{"embeddable":true,"href":"https:\/\/fonsvinum.com\/de\/wp-json\/wp\/v2\/media\/26990"}],"wp:attachment":[{"href":"https:\/\/fonsvinum.com\/de\/wp-json\/wp\/v2\/media?parent=47495"}],"wp:term":[{"taxonomy":"product_brand","embeddable":true,"href":"https:\/\/fonsvinum.com\/de\/wp-json\/wp\/v2\/product_brand?post=47495"},{"taxonomy":"product_cat","embeddable":true,"href":"https:\/\/fonsvinum.com\/de\/wp-json\/wp\/v2\/product_cat?post=47495"},{"taxonomy":"product_tag","embeddable":true,"href":"https:\/\/fonsvinum.com\/de\/wp-json\/wp\/v2\/product_tag?post=47495"}],"curies":[{"name":"wp","href":"https:\/\/api.w.org\/{rel}","templated":true}]}}