{"id":47489,"date":"2025-09-24T10:19:58","date_gmt":"2025-09-24T08:19:58","guid":{"rendered":"https:\/\/fonsvinum.com\/?post_type=product&#038;p=47489"},"modified":"2025-09-24T10:34:39","modified_gmt":"2025-09-24T08:34:39","slug":"san-michele-appiano-sanct-valentin-sauvignon-2023","status":"publish","type":"product","link":"https:\/\/fonsvinum.com\/de\/produkt\/san-michele-appiano-sanct-valentin-sauvignon-2023\/","title":{"rendered":"SAN MICHELE APPIANO Sanct Valentin Sauvignon 2023"},"content":{"rendered":"<h1><a href=\"https:\/\/fonsvinum.com\/de\/?s=SAN+MICHELE+APPIANO&amp;post_type=product\">SAN MICHELE APPIANO<\/a> Sanct Valentin <a href=\"https:\/\/fonsvinum.com\/de\/?s=Sauvignon&amp;post_type=product\">Sauvignon<\/a> 2023<\/h1>\n<h2>SAN MICHELE APPIANO<\/h2>\n<div class=\"half float_l\">\n<p>Erhaben und w\u00fcrdevoll thront die Kellerei St. Michael-Eppan seit \u00fcber 100 Jahren inmitten der \u00a0wichtigsten Weinbaugemeinde S\u00fcdtirols. Seit \u00fcber 2000 Jahren werden hier Weine angebaut. Das Gebiet rund um Eppan ist bekannt f\u00fcr seine idealen Voraussetzungen f\u00fcr den Weinbau. Ein gro\u00dfer Teil dieser Trauben werden in der Kellerei St. Michael-Eppan veredelt.<\/p>\n<\/div>\n<p class=\"half float_r\">Die 330 Winzerfamilien bilden das R\u00fcckgrat der Kellerei, die 1907 gegr\u00fcndet wurde. Ihre gro\u00dfe Passion gilt dem Weinbau, mit dem sie seit Generationen verbunden sind.<\/p>\n<p>Jeder Einzelne tr\u00e4gt mit Wissen, Tradition und Leidenschaft dazu bei, dass \u00a0die Kellerei \u00fcber ein exzellentes Traubenmaterial verf\u00fcgt, das in den Kellern mit viel Fingerspitzengef\u00fchl veredelt wird.<\/p>\n<h2>SAUVIGNON &#8222;SANCT VALENTIN&#8220;<\/h2>\n<p class=\"line_top\">1989 wurden erstmals die Weichen f\u00fcr den wohl bekanntesten Wei\u00dfwein der Kellerei St. Michael-Eppan gelegt. Der Sauvignon \u2013 Sanct Valentin findet seit \u00fcber 20 Jahren in den sorgf\u00e4ltig ausgew\u00e4hlten Einzellagen am Fu\u00dfe des Mendelstocks erstklassige Voraussetzungen, um einen gro\u00dfartigen Spitzenwein mit bestechender Frucht, ausgezeichneter Mineralit\u00e4t und Persistenz hervorzubringen. Der edle Tropfen ist heute nicht nur der Stolz des Hauses und der wichtigste Wein der Sanct Valentin-Linie, sondern auch einer der meist pr\u00e4mierten Wei\u00dfweine Italiens.<\/p>\n<ul>\n<li class=\"icons\">gelbgr\u00fcn<\/li>\n<li>dichtes Bouquet von gelben Fr\u00fcchten, Stachelbeere, Holunderbl\u00fcte und reife Johannisbeere<\/li>\n<li>knackige S\u00e4ure, geschmeidiger K\u00f6rper und elegante F\u00fclle<\/li>\n<\/ul>\n","protected":false},"excerpt":{"rendered":"<p>SAN MICHELE APPIANO Sanct Valentin Sauvignon 2023 SAN MICHELE APPIANO Erhaben und w\u00fcrdevoll thront die Kellerei St. Michael-Eppan seit \u00fcber 100 Jahren inmitten der \u00a0wichtigsten Weinbaugemeinde S\u00fcdtirols. Seit \u00fcber 2000 Jahren werden hier Weine angebaut. Das Gebiet rund um Eppan ist bekannt f\u00fcr seine idealen Voraussetzungen f\u00fcr den Weinbau. Ein gro\u00dfer Teil dieser Trauben werden [&hellip;]<\/p>\n","protected":false},"featured_media":22922,"comment_status":"open","ping_status":"closed","template":"","meta":{"_acf_changed":false,"_monsterinsights_skip_tracking":false,"_monsterinsights_sitenote_active":false,"_monsterinsights_sitenote_note":"","_monsterinsights_sitenote_category":0},"product_brand":[],"product_cat":[2314,2266],"product_tag":[1751],"class_list":{"0":"post-47489","1":"product","2":"type-product","3":"status-publish","4":"has-post-thumbnail","6":"product_cat-sauvignon-de","7":"product_cat-weissweine-de","8":"product_tag-aussergewoehnliche-weine-aus-italien-de","9":"pa_appellation-alto-adige-doc-de","10":"pa_formato-0-75-l-flasche-de","11":"pa_producer-san-michele-appiano-de","12":"pa_region-trentino-tiroler-etschland-de","13":"pa_vine-sauvignon-100-de","14":"pa_vintage-18401","16":"first","17":"instock","18":"taxable","19":"shipping-taxable","20":"purchasable","21":"product-type-simple"},"bundled_by":[],"bundle_stock_status":"instock","bundle_stock_quantity":12,"bundle_virtual":false,"bundle_layout":"","bundle_add_to_cart_form_location":"","bundle_editable_in_cart":false,"bundle_sold_individually_context":"","bundle_item_grouping":"","bundle_min_size":"","bundle_max_size":"","bundle_price":[],"bundled_items":[],"bundle_sell_ids":[],"yoast_head":"<!-- This site is optimized with the Yoast SEO plugin v27.2 - https:\/\/yoast.com\/product\/yoast-seo-wordpress\/ -->\n<title>San Michele Appiano Sanct Valentin Sauvignon 2023<\/title>\n<meta name=\"description\" content=\"San Michele Appiano Sanct Valentin Sauvignon 2023-FonsVinum- ...knackige S\u00e4ure, geschmeidiger K\u00f6rper und elegante F\u00fclle...\" \/>\n<meta name=\"robots\" content=\"index, follow, max-snippet:-1, max-image-preview:large, max-video-preview:-1\" \/>\n<link rel=\"canonical\" href=\"https:\/\/fonsvinum.com\/de\/produkt\/san-michele-appiano-sanct-valentin-sauvignon-2023\/\" \/>\n<meta property=\"og:locale\" content=\"de_DE\" \/>\n<meta property=\"og:type\" content=\"article\" \/>\n<meta property=\"og:title\" content=\"San Michele Appiano Sanct Valentin Sauvignon 2023\" \/>\n<meta property=\"og:description\" content=\"San Michele Appiano Sanct Valentin Sauvignon 2023-FonsVinum- ...knackige S\u00e4ure, geschmeidiger K\u00f6rper und elegante F\u00fclle...\" \/>\n<meta property=\"og:url\" content=\"https:\/\/fonsvinum.com\/de\/produkt\/san-michele-appiano-sanct-valentin-sauvignon-2023\/\" \/>\n<meta property=\"og:site_name\" content=\"Fons Vinum\" \/>\n<meta property=\"article:modified_time\" content=\"2025-09-24T08:34:39+00:00\" \/>\n<meta property=\"og:image\" content=\"https:\/\/fonsvinum.com\/files\/2020\/03\/sauvignon-sanct-valentin-san-michele-appiano.jpg\" \/>\n\t<meta property=\"og:image:width\" content=\"200\" \/>\n\t<meta property=\"og:image:height\" content=\"600\" \/>\n\t<meta property=\"og:image:type\" content=\"image\/jpeg\" \/>\n<meta name=\"twitter:label1\" content=\"Gesch\u00e4tzte Lesezeit\" \/>\n\t<meta name=\"twitter:data1\" content=\"2\u00a0Minuten\" \/>\n<script type=\"application\/ld+json\" class=\"yoast-schema-graph\">{\"@context\":\"https:\/\/schema.org\",\"@graph\":[{\"@type\":\"WebPage\",\"@id\":\"https:\/\/fonsvinum.com\/de\/produkt\/san-michele-appiano-sanct-valentin-sauvignon-2023\/\",\"url\":\"https:\/\/fonsvinum.com\/de\/produkt\/san-michele-appiano-sanct-valentin-sauvignon-2023\/\",\"name\":\"San Michele Appiano Sanct Valentin Sauvignon 2023\",\"isPartOf\":{\"@id\":\"https:\/\/fonsvinum.com\/en\/#website\"},\"primaryImageOfPage\":{\"@id\":\"https:\/\/fonsvinum.com\/de\/produkt\/san-michele-appiano-sanct-valentin-sauvignon-2023\/#primaryimage\"},\"image\":{\"@id\":\"https:\/\/fonsvinum.com\/de\/produkt\/san-michele-appiano-sanct-valentin-sauvignon-2023\/#primaryimage\"},\"thumbnailUrl\":\"https:\/\/fonsvinum.com\/files\/2020\/03\/sauvignon-sanct-valentin-san-michele-appiano.jpg\",\"datePublished\":\"2025-09-24T08:19:58+00:00\",\"dateModified\":\"2025-09-24T08:34:39+00:00\",\"description\":\"San Michele Appiano Sanct Valentin Sauvignon 2023-FonsVinum- ...knackige S\u00e4ure, geschmeidiger K\u00f6rper und elegante F\u00fclle...\",\"breadcrumb\":{\"@id\":\"https:\/\/fonsvinum.com\/de\/produkt\/san-michele-appiano-sanct-valentin-sauvignon-2023\/#breadcrumb\"},\"inLanguage\":\"de\",\"potentialAction\":[{\"@type\":\"ReadAction\",\"target\":[\"https:\/\/fonsvinum.com\/de\/produkt\/san-michele-appiano-sanct-valentin-sauvignon-2023\/\"]}]},{\"@type\":\"ImageObject\",\"inLanguage\":\"de\",\"@id\":\"https:\/\/fonsvinum.com\/de\/produkt\/san-michele-appiano-sanct-valentin-sauvignon-2023\/#primaryimage\",\"url\":\"https:\/\/fonsvinum.com\/files\/2020\/03\/sauvignon-sanct-valentin-san-michele-appiano.jpg\",\"contentUrl\":\"https:\/\/fonsvinum.com\/files\/2020\/03\/sauvignon-sanct-valentin-san-michele-appiano.jpg\",\"width\":200,\"height\":600},{\"@type\":\"BreadcrumbList\",\"@id\":\"https:\/\/fonsvinum.com\/de\/produkt\/san-michele-appiano-sanct-valentin-sauvignon-2023\/#breadcrumb\",\"itemListElement\":[{\"@type\":\"ListItem\",\"position\":1,\"name\":\"Startseite\",\"item\":\"https:\/\/fonsvinum.com\/de\/\"},{\"@type\":\"ListItem\",\"position\":2,\"name\":\"Shop\",\"item\":\"https:\/\/fonsvinum.com\/de\/shop\/\"},{\"@type\":\"ListItem\",\"position\":3,\"name\":\"SAN MICHELE APPIANO Sanct Valentin Sauvignon 2023\"}]},{\"@type\":\"WebSite\",\"@id\":\"https:\/\/fonsvinum.com\/en\/#website\",\"url\":\"https:\/\/fonsvinum.com\/en\/\",\"name\":\"Fons Vinum\",\"description\":\"Vendita Vino Online\",\"publisher\":{\"@id\":\"https:\/\/fonsvinum.com\/en\/#organization\"},\"potentialAction\":[{\"@type\":\"SearchAction\",\"target\":{\"@type\":\"EntryPoint\",\"urlTemplate\":\"https:\/\/fonsvinum.com\/en\/?s={search_term_string}\"},\"query-input\":{\"@type\":\"PropertyValueSpecification\",\"valueRequired\":true,\"valueName\":\"search_term_string\"}}],\"inLanguage\":\"de\"},{\"@type\":\"Organization\",\"@id\":\"https:\/\/fonsvinum.com\/en\/#organization\",\"name\":\"Fons Vinum\",\"url\":\"https:\/\/fonsvinum.com\/en\/\",\"logo\":{\"@type\":\"ImageObject\",\"inLanguage\":\"de\",\"@id\":\"https:\/\/fonsvinum.com\/en\/#\/schema\/logo\/image\/\",\"url\":\"\",\"contentUrl\":\"\",\"caption\":\"Fons Vinum\"},\"image\":{\"@id\":\"https:\/\/fonsvinum.com\/en\/#\/schema\/logo\/image\/\"}}]}<\/script>\n<!-- \/ Yoast SEO plugin. -->","yoast_head_json":{"title":"San Michele Appiano Sanct Valentin Sauvignon 2023","description":"San Michele Appiano Sanct Valentin Sauvignon 2023-FonsVinum- ...knackige S\u00e4ure, geschmeidiger K\u00f6rper und elegante F\u00fclle...","robots":{"index":"index","follow":"follow","max-snippet":"max-snippet:-1","max-image-preview":"max-image-preview:large","max-video-preview":"max-video-preview:-1"},"canonical":"https:\/\/fonsvinum.com\/de\/produkt\/san-michele-appiano-sanct-valentin-sauvignon-2023\/","og_locale":"de_DE","og_type":"article","og_title":"San Michele Appiano Sanct Valentin Sauvignon 2023","og_description":"San Michele Appiano Sanct Valentin Sauvignon 2023-FonsVinum- ...knackige S\u00e4ure, geschmeidiger K\u00f6rper und elegante F\u00fclle...","og_url":"https:\/\/fonsvinum.com\/de\/produkt\/san-michele-appiano-sanct-valentin-sauvignon-2023\/","og_site_name":"Fons Vinum","article_modified_time":"2025-09-24T08:34:39+00:00","og_image":[{"width":200,"height":600,"url":"https:\/\/fonsvinum.com\/files\/2020\/03\/sauvignon-sanct-valentin-san-michele-appiano.jpg","type":"image\/jpeg"}],"twitter_misc":{"Gesch\u00e4tzte Lesezeit":"2\u00a0Minuten"},"schema":{"@context":"https:\/\/schema.org","@graph":[{"@type":"WebPage","@id":"https:\/\/fonsvinum.com\/de\/produkt\/san-michele-appiano-sanct-valentin-sauvignon-2023\/","url":"https:\/\/fonsvinum.com\/de\/produkt\/san-michele-appiano-sanct-valentin-sauvignon-2023\/","name":"San Michele Appiano Sanct Valentin Sauvignon 2023","isPartOf":{"@id":"https:\/\/fonsvinum.com\/en\/#website"},"primaryImageOfPage":{"@id":"https:\/\/fonsvinum.com\/de\/produkt\/san-michele-appiano-sanct-valentin-sauvignon-2023\/#primaryimage"},"image":{"@id":"https:\/\/fonsvinum.com\/de\/produkt\/san-michele-appiano-sanct-valentin-sauvignon-2023\/#primaryimage"},"thumbnailUrl":"https:\/\/fonsvinum.com\/files\/2020\/03\/sauvignon-sanct-valentin-san-michele-appiano.jpg","datePublished":"2025-09-24T08:19:58+00:00","dateModified":"2025-09-24T08:34:39+00:00","description":"San Michele Appiano Sanct Valentin Sauvignon 2023-FonsVinum- ...knackige S\u00e4ure, geschmeidiger K\u00f6rper und elegante F\u00fclle...","breadcrumb":{"@id":"https:\/\/fonsvinum.com\/de\/produkt\/san-michele-appiano-sanct-valentin-sauvignon-2023\/#breadcrumb"},"inLanguage":"de","potentialAction":[{"@type":"ReadAction","target":["https:\/\/fonsvinum.com\/de\/produkt\/san-michele-appiano-sanct-valentin-sauvignon-2023\/"]}]},{"@type":"ImageObject","inLanguage":"de","@id":"https:\/\/fonsvinum.com\/de\/produkt\/san-michele-appiano-sanct-valentin-sauvignon-2023\/#primaryimage","url":"https:\/\/fonsvinum.com\/files\/2020\/03\/sauvignon-sanct-valentin-san-michele-appiano.jpg","contentUrl":"https:\/\/fonsvinum.com\/files\/2020\/03\/sauvignon-sanct-valentin-san-michele-appiano.jpg","width":200,"height":600},{"@type":"BreadcrumbList","@id":"https:\/\/fonsvinum.com\/de\/produkt\/san-michele-appiano-sanct-valentin-sauvignon-2023\/#breadcrumb","itemListElement":[{"@type":"ListItem","position":1,"name":"Startseite","item":"https:\/\/fonsvinum.com\/de\/"},{"@type":"ListItem","position":2,"name":"Shop","item":"https:\/\/fonsvinum.com\/de\/shop\/"},{"@type":"ListItem","position":3,"name":"SAN MICHELE APPIANO Sanct Valentin Sauvignon 2023"}]},{"@type":"WebSite","@id":"https:\/\/fonsvinum.com\/en\/#website","url":"https:\/\/fonsvinum.com\/en\/","name":"Fons Vinum","description":"Vendita Vino Online","publisher":{"@id":"https:\/\/fonsvinum.com\/en\/#organization"},"potentialAction":[{"@type":"SearchAction","target":{"@type":"EntryPoint","urlTemplate":"https:\/\/fonsvinum.com\/en\/?s={search_term_string}"},"query-input":{"@type":"PropertyValueSpecification","valueRequired":true,"valueName":"search_term_string"}}],"inLanguage":"de"},{"@type":"Organization","@id":"https:\/\/fonsvinum.com\/en\/#organization","name":"Fons Vinum","url":"https:\/\/fonsvinum.com\/en\/","logo":{"@type":"ImageObject","inLanguage":"de","@id":"https:\/\/fonsvinum.com\/en\/#\/schema\/logo\/image\/","url":"","contentUrl":"","caption":"Fons Vinum"},"image":{"@id":"https:\/\/fonsvinum.com\/en\/#\/schema\/logo\/image\/"}}]}},"acf":[],"_links":{"self":[{"href":"https:\/\/fonsvinum.com\/de\/wp-json\/wp\/v2\/product\/47489","targetHints":{"allow":["GET"]}}],"collection":[{"href":"https:\/\/fonsvinum.com\/de\/wp-json\/wp\/v2\/product"}],"about":[{"href":"https:\/\/fonsvinum.com\/de\/wp-json\/wp\/v2\/types\/product"}],"replies":[{"embeddable":true,"href":"https:\/\/fonsvinum.com\/de\/wp-json\/wp\/v2\/comments?post=47489"}],"wp:featuredmedia":[{"embeddable":true,"href":"https:\/\/fonsvinum.com\/de\/wp-json\/wp\/v2\/media\/22922"}],"wp:attachment":[{"href":"https:\/\/fonsvinum.com\/de\/wp-json\/wp\/v2\/media?parent=47489"}],"wp:term":[{"taxonomy":"product_brand","embeddable":true,"href":"https:\/\/fonsvinum.com\/de\/wp-json\/wp\/v2\/product_brand?post=47489"},{"taxonomy":"product_cat","embeddable":true,"href":"https:\/\/fonsvinum.com\/de\/wp-json\/wp\/v2\/product_cat?post=47489"},{"taxonomy":"product_tag","embeddable":true,"href":"https:\/\/fonsvinum.com\/de\/wp-json\/wp\/v2\/product_tag?post=47489"}],"curies":[{"name":"wp","href":"https:\/\/api.w.org\/{rel}","templated":true}]}}