{"id":47305,"date":"2025-08-22T16:41:42","date_gmt":"2025-08-22T14:41:42","guid":{"rendered":"https:\/\/fonsvinum.com\/?post_type=product&#038;p=47305"},"modified":"2025-08-22T16:50:11","modified_gmt":"2025-08-22T14:50:11","slug":"tenuta-dellornellaia-poggio-alle-gazze-2014","status":"publish","type":"product","link":"https:\/\/fonsvinum.com\/de\/produkt\/tenuta-dellornellaia-poggio-alle-gazze-2014\/","title":{"rendered":"TENUTA DELL&#8217;ORNELLAIA Poggio alle Gazze 2014"},"content":{"rendered":"<h2><a href=\"\/?pa_producer=tenute-dellornellaia-de\">TENUTA DELL&#8217;ORNELLAIA<\/a><\/h2>\n<p>Seit 700 Jahren verbindet die Familie Frescobaldi Tradition, Erfahrung und Innovation mit Kreativit\u00e4t und Streben nach Exzellenz. Es war stets das Bestreben der Familie, die Vielfalt des toskanischen Terroirs zu entwickeln und zu feiern. Als stolze Besitzer einiger der besten Weing\u00fcter der Region waren die Familienmitglieder stets darum bem\u00fcht, die Identit\u00e4t und die Selbstst\u00e4ndigkeit jedes einzelnen Besitzes zu bewahren.<\/p>\n<p>Weltweit gilt ORNELLAIA als eine Weingut-Ikone; im Besitz der Familie Frescobaldi hat es sich zu einer Erfolgsgeschichte entwickelt. Dies ist nur eines der Familienweing\u00fcter, zu denen auch ATTEMS (Friaul), MASSETO, DANZANTE, LUCE DELLA VITE und die sechs FRESCOBALDI-Weing\u00fctern Nipozzano, CastelGiocondo, Pomino, Ammiraglia, Castiglioni und Remole z\u00e4hlen.<\/p>\n<h3 class=\"uk-article-title\">-Philosophie-<\/h3>\n<p>Unsere Produktionsphilosophie dreht sich stets um Ornellaias Streben nach Vorz\u00fcglichkeit \u2013 in allen Bereichen. Jede Entscheidung, die wir treffen, ist von allergr\u00f6\u00dfter Bedeutung und setzt daher absolute Detailgenauigkeit voraus. Schnellverfahren sind w\u00e4hrend des gesamten Produktionsprozesses verboten und werden nicht geduldet. So gelingt es uns, nur Trauben von h\u00f6chster Qualit\u00e4t unabh\u00e4ngig von den klimatischen Bedingungen in diesem besonderen Jahr zu lesen.<\/p>\n<h2><a href=\"https:\/\/fonsvinum.com\/de\/?s=POGGIO+ALLE+GAZZE&amp;post_type=product\">POGGIO ALLE GAZZE<\/a><\/h2>\n<p>Poggio alle Gazze dell\u2019Ornellaia verdankt seinen eleganten, mediterranen Stil dem einzigartigen Mikroklima des Weinguts. Dank dieses Geschenks der Natur weist Poggio alle Gazze dell\u2019Ornellaia, vorwiegend aus Sauvignon Blanc bestehend, eine feste Struktur und reife Frucht auf, bewahrt allerdings gleichzeitig eine bemerkenswerte Finesse.<\/p>\n<h3>-DIE VEGETATIONSPERIODE 2014 &#8211;<\/h3>\n<blockquote><p>\u201eDer Jahrgang 2014 wird in der Geschichte Ornellaias stets vermerkt bleiben. Ein warmer, verregneter Winter, gefolgt von einem milden, trockenen Fr\u00fchling, der die Bl\u00fcte p\u00fcnktlich hervorkommen lie\u00df. Danach folgte ein normaler Juli, aber ein verregneter und vor allem kalter August. Obwohl diese Bedingungen eine Herausforderung f\u00fcr die Reifung der roten Trauben darstellten, haben uns eben diese Bedingungen eine optimale Basis f\u00fcr die Ausreifung der wei\u00dfen Trauben gegeben: k\u00fchle Temperaturen und wenig Trockenstress, zwei Grundbedingungen, um das Aromapotential voll auszusch\u00f6pfen und eine lebendige und frische S\u00e4ure zu erhalten. Das trockene und weitaus sonnige Wetter im September und die betr\u00e4chtlichen Temperaturschwankungen in der Nacht haben es uns erm\u00f6glicht, die Trauben in perfektem Zustand zu ernten. 2014 fand die Ernte sehr sp\u00e4t statt, f\u00fcr den Sauvignon und Viognier vom 25. August bis zum 6. September. Die Ernte der wei\u00dfen Sorten endete in der letzten Septemberwoche mit dem Vermentino und<br \/>\nVerdicchio. \u201c<\/p>\n<p>&nbsp;<\/p><\/blockquote>\n<p>&nbsp;<\/p>\n","protected":false},"excerpt":{"rendered":"<p>TENUTA DELL&#8217;ORNELLAIA Seit 700 Jahren verbindet die Familie Frescobaldi Tradition, Erfahrung und Innovation mit Kreativit\u00e4t und Streben nach Exzellenz. Es war stets das Bestreben der Familie, die Vielfalt des toskanischen Terroirs zu entwickeln und zu feiern. Als stolze Besitzer einiger der besten Weing\u00fcter der Region waren die Familienmitglieder stets darum bem\u00fcht, die Identit\u00e4t und die [&hellip;]<\/p>\n","protected":false},"featured_media":33349,"comment_status":"open","ping_status":"closed","template":"","meta":{"_acf_changed":false,"_monsterinsights_skip_tracking":false,"_monsterinsights_sitenote_active":false,"_monsterinsights_sitenote_note":"","_monsterinsights_sitenote_category":0},"product_brand":[],"product_cat":[2162],"product_tag":[3583,17742],"class_list":{"0":"post-47305","1":"product","2":"type-product","3":"status-publish","4":"has-post-thumbnail","6":"product_cat-blend","7":"product_tag-vini-toscani-de","8":"product_tag-vino-bianco-de","9":"pa_appellation-toscana-bianco-igt-de","10":"pa_formato-0-75-l-flasche-de","11":"pa_producer-tenuta-dellornellaia-de","12":"pa_region-toskana-de","13":"pa_vine-78-sauvignon-blanc-16-vermentino-6-verdicchio-de","14":"pa_vintage-2014-de","16":"first","17":"instock","18":"taxable","19":"shipping-taxable","20":"purchasable","21":"product-type-simple"},"bundled_by":[],"bundle_stock_status":"instock","bundle_stock_quantity":3,"bundle_virtual":false,"bundle_layout":"","bundle_add_to_cart_form_location":"","bundle_editable_in_cart":false,"bundle_sold_individually_context":"","bundle_item_grouping":"","bundle_min_size":"","bundle_max_size":"","bundle_price":[],"bundled_items":[],"bundle_sell_ids":[],"yoast_head":"<!-- This site is optimized with the Yoast SEO plugin v27.3 - https:\/\/yoast.com\/product\/yoast-seo-wordpress\/ -->\n<title>TENUTA DELL&#039;ORNELLAIA Poggio alle Gazze 2014<\/title>\n<meta name=\"description\" content=\"TENUTA DELL&#039;ORNELLAIA Poggio alle Gazze 2014, I Fonsvinum rare Weine online aus Piedmont, Toskana und Venetien\" \/>\n<meta name=\"robots\" content=\"index, follow, max-snippet:-1, max-image-preview:large, max-video-preview:-1\" \/>\n<link rel=\"canonical\" href=\"https:\/\/fonsvinum.com\/de\/produkt\/tenuta-dellornellaia-poggio-alle-gazze-2014\/\" \/>\n<meta property=\"og:locale\" content=\"de_DE\" \/>\n<meta property=\"og:type\" content=\"article\" \/>\n<meta property=\"og:title\" content=\"TENUTA DELL&#039;ORNELLAIA Poggio alle Gazze 2014\" \/>\n<meta property=\"og:description\" content=\"TENUTA DELL&#039;ORNELLAIA Poggio alle Gazze 2014, I Fonsvinum rare Weine online aus Piedmont, Toskana und Venetien\" \/>\n<meta property=\"og:url\" content=\"https:\/\/fonsvinum.com\/de\/produkt\/tenuta-dellornellaia-poggio-alle-gazze-2014\/\" \/>\n<meta property=\"og:site_name\" content=\"Fons Vinum\" \/>\n<meta property=\"article:modified_time\" content=\"2025-08-22T14:50:11+00:00\" \/>\n<meta property=\"og:image\" content=\"https:\/\/fonsvinum.com\/files\/2021\/05\/poggio-alle-gazze-igt-ornellaia.jpg\" \/>\n\t<meta property=\"og:image:width\" content=\"200\" \/>\n\t<meta property=\"og:image:height\" content=\"600\" \/>\n\t<meta property=\"og:image:type\" content=\"image\/jpeg\" \/>\n<meta name=\"twitter:label1\" content=\"Gesch\u00e4tzte Lesezeit\" \/>\n\t<meta name=\"twitter:data1\" content=\"2\u00a0Minuten\" \/>\n<script type=\"application\/ld+json\" class=\"yoast-schema-graph\">{\"@context\":\"https:\\\/\\\/schema.org\",\"@graph\":[{\"@type\":\"WebPage\",\"@id\":\"https:\\\/\\\/fonsvinum.com\\\/de\\\/produkt\\\/tenuta-dellornellaia-poggio-alle-gazze-2014\\\/\",\"url\":\"https:\\\/\\\/fonsvinum.com\\\/de\\\/produkt\\\/tenuta-dellornellaia-poggio-alle-gazze-2014\\\/\",\"name\":\"TENUTA DELL'ORNELLAIA Poggio alle Gazze 2014\",\"isPartOf\":{\"@id\":\"https:\\\/\\\/fonsvinum.com\\\/en\\\/#website\"},\"primaryImageOfPage\":{\"@id\":\"https:\\\/\\\/fonsvinum.com\\\/de\\\/produkt\\\/tenuta-dellornellaia-poggio-alle-gazze-2014\\\/#primaryimage\"},\"image\":{\"@id\":\"https:\\\/\\\/fonsvinum.com\\\/de\\\/produkt\\\/tenuta-dellornellaia-poggio-alle-gazze-2014\\\/#primaryimage\"},\"thumbnailUrl\":\"https:\\\/\\\/fonsvinum.com\\\/files\\\/2021\\\/05\\\/poggio-alle-gazze-igt-ornellaia.jpg\",\"datePublished\":\"2025-08-22T14:41:42+00:00\",\"dateModified\":\"2025-08-22T14:50:11+00:00\",\"description\":\"TENUTA DELL'ORNELLAIA Poggio alle Gazze 2014, I Fonsvinum rare Weine online aus Piedmont, Toskana und Venetien\",\"breadcrumb\":{\"@id\":\"https:\\\/\\\/fonsvinum.com\\\/de\\\/produkt\\\/tenuta-dellornellaia-poggio-alle-gazze-2014\\\/#breadcrumb\"},\"inLanguage\":\"de\",\"potentialAction\":[{\"@type\":\"ReadAction\",\"target\":[\"https:\\\/\\\/fonsvinum.com\\\/de\\\/produkt\\\/tenuta-dellornellaia-poggio-alle-gazze-2014\\\/\"]}]},{\"@type\":\"ImageObject\",\"inLanguage\":\"de\",\"@id\":\"https:\\\/\\\/fonsvinum.com\\\/de\\\/produkt\\\/tenuta-dellornellaia-poggio-alle-gazze-2014\\\/#primaryimage\",\"url\":\"https:\\\/\\\/fonsvinum.com\\\/files\\\/2021\\\/05\\\/poggio-alle-gazze-igt-ornellaia.jpg\",\"contentUrl\":\"https:\\\/\\\/fonsvinum.com\\\/files\\\/2021\\\/05\\\/poggio-alle-gazze-igt-ornellaia.jpg\",\"width\":200,\"height\":600},{\"@type\":\"BreadcrumbList\",\"@id\":\"https:\\\/\\\/fonsvinum.com\\\/de\\\/produkt\\\/tenuta-dellornellaia-poggio-alle-gazze-2014\\\/#breadcrumb\",\"itemListElement\":[{\"@type\":\"ListItem\",\"position\":1,\"name\":\"Startseite\",\"item\":\"https:\\\/\\\/fonsvinum.com\\\/de\\\/\"},{\"@type\":\"ListItem\",\"position\":2,\"name\":\"Shop\",\"item\":\"https:\\\/\\\/fonsvinum.com\\\/de\\\/shop\\\/\"},{\"@type\":\"ListItem\",\"position\":3,\"name\":\"TENUTA DELL&#8217;ORNELLAIA Poggio alle Gazze 2014\"}]},{\"@type\":\"WebSite\",\"@id\":\"https:\\\/\\\/fonsvinum.com\\\/en\\\/#website\",\"url\":\"https:\\\/\\\/fonsvinum.com\\\/en\\\/\",\"name\":\"Fons Vinum\",\"description\":\"Vendita Vino Online\",\"publisher\":{\"@id\":\"https:\\\/\\\/fonsvinum.com\\\/en\\\/#organization\"},\"potentialAction\":[{\"@type\":\"SearchAction\",\"target\":{\"@type\":\"EntryPoint\",\"urlTemplate\":\"https:\\\/\\\/fonsvinum.com\\\/en\\\/?s={search_term_string}\"},\"query-input\":{\"@type\":\"PropertyValueSpecification\",\"valueRequired\":true,\"valueName\":\"search_term_string\"}}],\"inLanguage\":\"de\"},{\"@type\":\"Organization\",\"@id\":\"https:\\\/\\\/fonsvinum.com\\\/en\\\/#organization\",\"name\":\"Fons Vinum\",\"url\":\"https:\\\/\\\/fonsvinum.com\\\/en\\\/\",\"logo\":{\"@type\":\"ImageObject\",\"inLanguage\":\"de\",\"@id\":\"https:\\\/\\\/fonsvinum.com\\\/en\\\/#\\\/schema\\\/logo\\\/image\\\/\",\"url\":\"\",\"contentUrl\":\"\",\"caption\":\"Fons Vinum\"},\"image\":{\"@id\":\"https:\\\/\\\/fonsvinum.com\\\/en\\\/#\\\/schema\\\/logo\\\/image\\\/\"}}]}<\/script>\n<!-- \/ Yoast SEO plugin. -->","yoast_head_json":{"title":"TENUTA DELL'ORNELLAIA Poggio alle Gazze 2014","description":"TENUTA DELL'ORNELLAIA Poggio alle Gazze 2014, I Fonsvinum rare Weine online aus Piedmont, Toskana und Venetien","robots":{"index":"index","follow":"follow","max-snippet":"max-snippet:-1","max-image-preview":"max-image-preview:large","max-video-preview":"max-video-preview:-1"},"canonical":"https:\/\/fonsvinum.com\/de\/produkt\/tenuta-dellornellaia-poggio-alle-gazze-2014\/","og_locale":"de_DE","og_type":"article","og_title":"TENUTA DELL'ORNELLAIA Poggio alle Gazze 2014","og_description":"TENUTA DELL'ORNELLAIA Poggio alle Gazze 2014, I Fonsvinum rare Weine online aus Piedmont, Toskana und Venetien","og_url":"https:\/\/fonsvinum.com\/de\/produkt\/tenuta-dellornellaia-poggio-alle-gazze-2014\/","og_site_name":"Fons Vinum","article_modified_time":"2025-08-22T14:50:11+00:00","og_image":[{"width":200,"height":600,"url":"https:\/\/fonsvinum.com\/files\/2021\/05\/poggio-alle-gazze-igt-ornellaia.jpg","type":"image\/jpeg"}],"twitter_misc":{"Gesch\u00e4tzte Lesezeit":"2\u00a0Minuten"},"schema":{"@context":"https:\/\/schema.org","@graph":[{"@type":"WebPage","@id":"https:\/\/fonsvinum.com\/de\/produkt\/tenuta-dellornellaia-poggio-alle-gazze-2014\/","url":"https:\/\/fonsvinum.com\/de\/produkt\/tenuta-dellornellaia-poggio-alle-gazze-2014\/","name":"TENUTA DELL'ORNELLAIA Poggio alle Gazze 2014","isPartOf":{"@id":"https:\/\/fonsvinum.com\/en\/#website"},"primaryImageOfPage":{"@id":"https:\/\/fonsvinum.com\/de\/produkt\/tenuta-dellornellaia-poggio-alle-gazze-2014\/#primaryimage"},"image":{"@id":"https:\/\/fonsvinum.com\/de\/produkt\/tenuta-dellornellaia-poggio-alle-gazze-2014\/#primaryimage"},"thumbnailUrl":"https:\/\/fonsvinum.com\/files\/2021\/05\/poggio-alle-gazze-igt-ornellaia.jpg","datePublished":"2025-08-22T14:41:42+00:00","dateModified":"2025-08-22T14:50:11+00:00","description":"TENUTA DELL'ORNELLAIA Poggio alle Gazze 2014, I Fonsvinum rare Weine online aus Piedmont, Toskana und Venetien","breadcrumb":{"@id":"https:\/\/fonsvinum.com\/de\/produkt\/tenuta-dellornellaia-poggio-alle-gazze-2014\/#breadcrumb"},"inLanguage":"de","potentialAction":[{"@type":"ReadAction","target":["https:\/\/fonsvinum.com\/de\/produkt\/tenuta-dellornellaia-poggio-alle-gazze-2014\/"]}]},{"@type":"ImageObject","inLanguage":"de","@id":"https:\/\/fonsvinum.com\/de\/produkt\/tenuta-dellornellaia-poggio-alle-gazze-2014\/#primaryimage","url":"https:\/\/fonsvinum.com\/files\/2021\/05\/poggio-alle-gazze-igt-ornellaia.jpg","contentUrl":"https:\/\/fonsvinum.com\/files\/2021\/05\/poggio-alle-gazze-igt-ornellaia.jpg","width":200,"height":600},{"@type":"BreadcrumbList","@id":"https:\/\/fonsvinum.com\/de\/produkt\/tenuta-dellornellaia-poggio-alle-gazze-2014\/#breadcrumb","itemListElement":[{"@type":"ListItem","position":1,"name":"Startseite","item":"https:\/\/fonsvinum.com\/de\/"},{"@type":"ListItem","position":2,"name":"Shop","item":"https:\/\/fonsvinum.com\/de\/shop\/"},{"@type":"ListItem","position":3,"name":"TENUTA DELL&#8217;ORNELLAIA Poggio alle Gazze 2014"}]},{"@type":"WebSite","@id":"https:\/\/fonsvinum.com\/en\/#website","url":"https:\/\/fonsvinum.com\/en\/","name":"Fons Vinum","description":"Vendita Vino Online","publisher":{"@id":"https:\/\/fonsvinum.com\/en\/#organization"},"potentialAction":[{"@type":"SearchAction","target":{"@type":"EntryPoint","urlTemplate":"https:\/\/fonsvinum.com\/en\/?s={search_term_string}"},"query-input":{"@type":"PropertyValueSpecification","valueRequired":true,"valueName":"search_term_string"}}],"inLanguage":"de"},{"@type":"Organization","@id":"https:\/\/fonsvinum.com\/en\/#organization","name":"Fons Vinum","url":"https:\/\/fonsvinum.com\/en\/","logo":{"@type":"ImageObject","inLanguage":"de","@id":"https:\/\/fonsvinum.com\/en\/#\/schema\/logo\/image\/","url":"","contentUrl":"","caption":"Fons Vinum"},"image":{"@id":"https:\/\/fonsvinum.com\/en\/#\/schema\/logo\/image\/"}}]}},"acf":[],"_links":{"self":[{"href":"https:\/\/fonsvinum.com\/de\/wp-json\/wp\/v2\/product\/47305","targetHints":{"allow":["GET"]}}],"collection":[{"href":"https:\/\/fonsvinum.com\/de\/wp-json\/wp\/v2\/product"}],"about":[{"href":"https:\/\/fonsvinum.com\/de\/wp-json\/wp\/v2\/types\/product"}],"replies":[{"embeddable":true,"href":"https:\/\/fonsvinum.com\/de\/wp-json\/wp\/v2\/comments?post=47305"}],"wp:featuredmedia":[{"embeddable":true,"href":"https:\/\/fonsvinum.com\/de\/wp-json\/wp\/v2\/media\/33349"}],"wp:attachment":[{"href":"https:\/\/fonsvinum.com\/de\/wp-json\/wp\/v2\/media?parent=47305"}],"wp:term":[{"taxonomy":"product_brand","embeddable":true,"href":"https:\/\/fonsvinum.com\/de\/wp-json\/wp\/v2\/product_brand?post=47305"},{"taxonomy":"product_cat","embeddable":true,"href":"https:\/\/fonsvinum.com\/de\/wp-json\/wp\/v2\/product_cat?post=47305"},{"taxonomy":"product_tag","embeddable":true,"href":"https:\/\/fonsvinum.com\/de\/wp-json\/wp\/v2\/product_tag?post=47305"}],"curies":[{"name":"wp","href":"https:\/\/api.w.org\/{rel}","templated":true}]}}