{"id":47195,"date":"2025-08-19T17:02:44","date_gmt":"2025-08-19T15:02:44","guid":{"rendered":"https:\/\/fonsvinum.com\/?post_type=product&#038;p=47195"},"modified":"2025-08-19T17:08:31","modified_gmt":"2025-08-19T15:08:31","slug":"le-macchiole-messorio-2020","status":"publish","type":"product","link":"https:\/\/fonsvinum.com\/de\/produkt\/le-macchiole-messorio-2020\/","title":{"rendered":"Le Macchiole Messorio 2020"},"content":{"rendered":"<h1>Le Macchiole Messorio 2020<\/h1>\n<p>Seit jeher z\u00e4hlt diese Kellerei zur Elite der italienischen Qualit\u00e4tsweinerzeuger. (Gambero Rosso)<\/p>\n<p>Der Merlot Messorio von Le Macchiole ist in der Farbe undurchsichtig rubinrot mit purpurnen Reflexen. Reint\u00f6nig, fruchtig-w\u00fcrzige Nase mit Noten von Pflaumen, Cassis und Brombeeren. Dazu feine Edelh\u00f6lzer, etwas dunkle Schokolade, sowie Ankl\u00e4nge von Graphit. Am Gaumen jugendlich, konzentriert, dabei jedoch nicht zu \u00fcppig. Mit m\u00e4chtiger, aber genial feiner Tanninstruktur und einer perfekt integrierten S\u00e4ure. Wieder viel dunkle Frucht und deutliche Mineralik \u2013 perfekt balanciertes Holz. Extrem langes, charaktervolles und vielschichtiges Finale auf Weltklasseniveau! Perfekter Solist mit gro\u00dfer Zukunft.<\/p>\n<p>&nbsp;<\/p>\n<p>&nbsp;<\/p>\n","protected":false},"excerpt":{"rendered":"<p>Le Macchiole Messorio 2020 Seit jeher z\u00e4hlt diese Kellerei zur Elite der italienischen Qualit\u00e4tsweinerzeuger. (Gambero Rosso) Der Merlot Messorio von Le Macchiole ist in der Farbe undurchsichtig rubinrot mit purpurnen Reflexen. Reint\u00f6nig, fruchtig-w\u00fcrzige Nase mit Noten von Pflaumen, Cassis und Brombeeren. Dazu feine Edelh\u00f6lzer, etwas dunkle Schokolade, sowie Ankl\u00e4nge von Graphit. Am Gaumen jugendlich, konzentriert, [&hellip;]<\/p>\n","protected":false},"featured_media":7101,"comment_status":"open","ping_status":"closed","template":"","meta":{"_acf_changed":false,"_monsterinsights_skip_tracking":false,"_monsterinsights_sitenote_active":false,"_monsterinsights_sitenote_note":"","_monsterinsights_sitenote_category":0},"product_brand":[],"product_cat":[2176],"product_tag":[3583],"class_list":{"0":"post-47195","1":"product","2":"type-product","3":"status-publish","4":"has-post-thumbnail","6":"product_cat-merlot-de","7":"product_tag-vini-toscani-de","8":"pa_appellation-toscana-rosso-igt-de","9":"pa_formato-0-75-l-flasche-de","10":"pa_producer-le-macchiole-de","11":"pa_region-toskana-de","12":"pa_vine-100-merlot-de","13":"pa_vintage-2020-de","15":"first","16":"instock","17":"taxable","18":"shipping-taxable","19":"purchasable","20":"product-type-simple"},"bundled_by":[],"bundle_stock_status":"instock","bundle_stock_quantity":6,"bundle_virtual":false,"bundle_layout":"","bundle_add_to_cart_form_location":"","bundle_editable_in_cart":false,"bundle_sold_individually_context":"","bundle_item_grouping":"","bundle_min_size":"","bundle_max_size":"","bundle_price":[],"bundled_items":[],"bundle_sell_ids":[],"yoast_head":"<!-- This site is optimized with the Yoast SEO plugin v27.3 - https:\/\/yoast.com\/product\/yoast-seo-wordpress\/ -->\n<title>Le Macchiole Messorio 2020 buy online fonsvinum<\/title>\n<meta name=\"description\" content=\"Le Macchiole Messorio 2020 Der Merlot Messorio von Le Macchiole ist in der Farbe undurchsichtig rubinrot mit purpurnen Reflexen.\" \/>\n<meta name=\"robots\" content=\"index, follow, max-snippet:-1, max-image-preview:large, max-video-preview:-1\" \/>\n<link rel=\"canonical\" href=\"https:\/\/fonsvinum.com\/de\/produkt\/le-macchiole-messorio-2020\/\" \/>\n<meta property=\"og:locale\" content=\"de_DE\" \/>\n<meta property=\"og:type\" content=\"article\" \/>\n<meta property=\"og:title\" content=\"Le Macchiole Messorio 2020 buy online fonsvinum\" \/>\n<meta property=\"og:description\" content=\"Le Macchiole Messorio 2020 Der Merlot Messorio von Le Macchiole ist in der Farbe undurchsichtig rubinrot mit purpurnen Reflexen.\" \/>\n<meta property=\"og:url\" content=\"https:\/\/fonsvinum.com\/de\/produkt\/le-macchiole-messorio-2020\/\" \/>\n<meta property=\"og:site_name\" content=\"Fons Vinum\" \/>\n<meta property=\"article:modified_time\" content=\"2025-08-19T15:08:31+00:00\" \/>\n<meta property=\"og:image\" content=\"https:\/\/fonsvinum.com\/files\/2016\/01\/Toscana-Rosso-Messorio-Le-Macchiole.png\" \/>\n\t<meta property=\"og:image:width\" content=\"200\" \/>\n\t<meta property=\"og:image:height\" content=\"600\" \/>\n\t<meta property=\"og:image:type\" content=\"image\/png\" \/>\n<meta name=\"twitter:label1\" content=\"Gesch\u00e4tzte Lesezeit\" \/>\n\t<meta name=\"twitter:data1\" content=\"1\u00a0Minute\" \/>\n<script type=\"application\/ld+json\" class=\"yoast-schema-graph\">{\"@context\":\"https:\\\/\\\/schema.org\",\"@graph\":[{\"@type\":\"WebPage\",\"@id\":\"https:\\\/\\\/fonsvinum.com\\\/de\\\/produkt\\\/le-macchiole-messorio-2020\\\/\",\"url\":\"https:\\\/\\\/fonsvinum.com\\\/de\\\/produkt\\\/le-macchiole-messorio-2020\\\/\",\"name\":\"Le Macchiole Messorio 2020 buy online fonsvinum\",\"isPartOf\":{\"@id\":\"https:\\\/\\\/fonsvinum.com\\\/en\\\/#website\"},\"primaryImageOfPage\":{\"@id\":\"https:\\\/\\\/fonsvinum.com\\\/de\\\/produkt\\\/le-macchiole-messorio-2020\\\/#primaryimage\"},\"image\":{\"@id\":\"https:\\\/\\\/fonsvinum.com\\\/de\\\/produkt\\\/le-macchiole-messorio-2020\\\/#primaryimage\"},\"thumbnailUrl\":\"https:\\\/\\\/fonsvinum.com\\\/files\\\/2016\\\/01\\\/Toscana-Rosso-Messorio-Le-Macchiole.png\",\"datePublished\":\"2025-08-19T15:02:44+00:00\",\"dateModified\":\"2025-08-19T15:08:31+00:00\",\"description\":\"Le Macchiole Messorio 2020 Der Merlot Messorio von Le Macchiole ist in der Farbe undurchsichtig rubinrot mit purpurnen Reflexen.\",\"breadcrumb\":{\"@id\":\"https:\\\/\\\/fonsvinum.com\\\/de\\\/produkt\\\/le-macchiole-messorio-2020\\\/#breadcrumb\"},\"inLanguage\":\"de\",\"potentialAction\":[{\"@type\":\"ReadAction\",\"target\":[\"https:\\\/\\\/fonsvinum.com\\\/de\\\/produkt\\\/le-macchiole-messorio-2020\\\/\"]}]},{\"@type\":\"ImageObject\",\"inLanguage\":\"de\",\"@id\":\"https:\\\/\\\/fonsvinum.com\\\/de\\\/produkt\\\/le-macchiole-messorio-2020\\\/#primaryimage\",\"url\":\"https:\\\/\\\/fonsvinum.com\\\/files\\\/2016\\\/01\\\/Toscana-Rosso-Messorio-Le-Macchiole.png\",\"contentUrl\":\"https:\\\/\\\/fonsvinum.com\\\/files\\\/2016\\\/01\\\/Toscana-Rosso-Messorio-Le-Macchiole.png\",\"width\":200,\"height\":600},{\"@type\":\"BreadcrumbList\",\"@id\":\"https:\\\/\\\/fonsvinum.com\\\/de\\\/produkt\\\/le-macchiole-messorio-2020\\\/#breadcrumb\",\"itemListElement\":[{\"@type\":\"ListItem\",\"position\":1,\"name\":\"Startseite\",\"item\":\"https:\\\/\\\/fonsvinum.com\\\/de\\\/\"},{\"@type\":\"ListItem\",\"position\":2,\"name\":\"Shop\",\"item\":\"https:\\\/\\\/fonsvinum.com\\\/de\\\/shop\\\/\"},{\"@type\":\"ListItem\",\"position\":3,\"name\":\"Le Macchiole Messorio 2020\"}]},{\"@type\":\"WebSite\",\"@id\":\"https:\\\/\\\/fonsvinum.com\\\/en\\\/#website\",\"url\":\"https:\\\/\\\/fonsvinum.com\\\/en\\\/\",\"name\":\"Fons Vinum\",\"description\":\"Vendita Vino Online\",\"publisher\":{\"@id\":\"https:\\\/\\\/fonsvinum.com\\\/en\\\/#organization\"},\"potentialAction\":[{\"@type\":\"SearchAction\",\"target\":{\"@type\":\"EntryPoint\",\"urlTemplate\":\"https:\\\/\\\/fonsvinum.com\\\/en\\\/?s={search_term_string}\"},\"query-input\":{\"@type\":\"PropertyValueSpecification\",\"valueRequired\":true,\"valueName\":\"search_term_string\"}}],\"inLanguage\":\"de\"},{\"@type\":\"Organization\",\"@id\":\"https:\\\/\\\/fonsvinum.com\\\/en\\\/#organization\",\"name\":\"Fons Vinum\",\"url\":\"https:\\\/\\\/fonsvinum.com\\\/en\\\/\",\"logo\":{\"@type\":\"ImageObject\",\"inLanguage\":\"de\",\"@id\":\"https:\\\/\\\/fonsvinum.com\\\/en\\\/#\\\/schema\\\/logo\\\/image\\\/\",\"url\":\"\",\"contentUrl\":\"\",\"caption\":\"Fons Vinum\"},\"image\":{\"@id\":\"https:\\\/\\\/fonsvinum.com\\\/en\\\/#\\\/schema\\\/logo\\\/image\\\/\"}}]}<\/script>\n<!-- \/ Yoast SEO plugin. -->","yoast_head_json":{"title":"Le Macchiole Messorio 2020 buy online fonsvinum","description":"Le Macchiole Messorio 2020 Der Merlot Messorio von Le Macchiole ist in der Farbe undurchsichtig rubinrot mit purpurnen Reflexen.","robots":{"index":"index","follow":"follow","max-snippet":"max-snippet:-1","max-image-preview":"max-image-preview:large","max-video-preview":"max-video-preview:-1"},"canonical":"https:\/\/fonsvinum.com\/de\/produkt\/le-macchiole-messorio-2020\/","og_locale":"de_DE","og_type":"article","og_title":"Le Macchiole Messorio 2020 buy online fonsvinum","og_description":"Le Macchiole Messorio 2020 Der Merlot Messorio von Le Macchiole ist in der Farbe undurchsichtig rubinrot mit purpurnen Reflexen.","og_url":"https:\/\/fonsvinum.com\/de\/produkt\/le-macchiole-messorio-2020\/","og_site_name":"Fons Vinum","article_modified_time":"2025-08-19T15:08:31+00:00","og_image":[{"width":200,"height":600,"url":"https:\/\/fonsvinum.com\/files\/2016\/01\/Toscana-Rosso-Messorio-Le-Macchiole.png","type":"image\/png"}],"twitter_misc":{"Gesch\u00e4tzte Lesezeit":"1\u00a0Minute"},"schema":{"@context":"https:\/\/schema.org","@graph":[{"@type":"WebPage","@id":"https:\/\/fonsvinum.com\/de\/produkt\/le-macchiole-messorio-2020\/","url":"https:\/\/fonsvinum.com\/de\/produkt\/le-macchiole-messorio-2020\/","name":"Le Macchiole Messorio 2020 buy online fonsvinum","isPartOf":{"@id":"https:\/\/fonsvinum.com\/en\/#website"},"primaryImageOfPage":{"@id":"https:\/\/fonsvinum.com\/de\/produkt\/le-macchiole-messorio-2020\/#primaryimage"},"image":{"@id":"https:\/\/fonsvinum.com\/de\/produkt\/le-macchiole-messorio-2020\/#primaryimage"},"thumbnailUrl":"https:\/\/fonsvinum.com\/files\/2016\/01\/Toscana-Rosso-Messorio-Le-Macchiole.png","datePublished":"2025-08-19T15:02:44+00:00","dateModified":"2025-08-19T15:08:31+00:00","description":"Le Macchiole Messorio 2020 Der Merlot Messorio von Le Macchiole ist in der Farbe undurchsichtig rubinrot mit purpurnen Reflexen.","breadcrumb":{"@id":"https:\/\/fonsvinum.com\/de\/produkt\/le-macchiole-messorio-2020\/#breadcrumb"},"inLanguage":"de","potentialAction":[{"@type":"ReadAction","target":["https:\/\/fonsvinum.com\/de\/produkt\/le-macchiole-messorio-2020\/"]}]},{"@type":"ImageObject","inLanguage":"de","@id":"https:\/\/fonsvinum.com\/de\/produkt\/le-macchiole-messorio-2020\/#primaryimage","url":"https:\/\/fonsvinum.com\/files\/2016\/01\/Toscana-Rosso-Messorio-Le-Macchiole.png","contentUrl":"https:\/\/fonsvinum.com\/files\/2016\/01\/Toscana-Rosso-Messorio-Le-Macchiole.png","width":200,"height":600},{"@type":"BreadcrumbList","@id":"https:\/\/fonsvinum.com\/de\/produkt\/le-macchiole-messorio-2020\/#breadcrumb","itemListElement":[{"@type":"ListItem","position":1,"name":"Startseite","item":"https:\/\/fonsvinum.com\/de\/"},{"@type":"ListItem","position":2,"name":"Shop","item":"https:\/\/fonsvinum.com\/de\/shop\/"},{"@type":"ListItem","position":3,"name":"Le Macchiole Messorio 2020"}]},{"@type":"WebSite","@id":"https:\/\/fonsvinum.com\/en\/#website","url":"https:\/\/fonsvinum.com\/en\/","name":"Fons Vinum","description":"Vendita Vino Online","publisher":{"@id":"https:\/\/fonsvinum.com\/en\/#organization"},"potentialAction":[{"@type":"SearchAction","target":{"@type":"EntryPoint","urlTemplate":"https:\/\/fonsvinum.com\/en\/?s={search_term_string}"},"query-input":{"@type":"PropertyValueSpecification","valueRequired":true,"valueName":"search_term_string"}}],"inLanguage":"de"},{"@type":"Organization","@id":"https:\/\/fonsvinum.com\/en\/#organization","name":"Fons Vinum","url":"https:\/\/fonsvinum.com\/en\/","logo":{"@type":"ImageObject","inLanguage":"de","@id":"https:\/\/fonsvinum.com\/en\/#\/schema\/logo\/image\/","url":"","contentUrl":"","caption":"Fons Vinum"},"image":{"@id":"https:\/\/fonsvinum.com\/en\/#\/schema\/logo\/image\/"}}]}},"acf":[],"_links":{"self":[{"href":"https:\/\/fonsvinum.com\/de\/wp-json\/wp\/v2\/product\/47195","targetHints":{"allow":["GET"]}}],"collection":[{"href":"https:\/\/fonsvinum.com\/de\/wp-json\/wp\/v2\/product"}],"about":[{"href":"https:\/\/fonsvinum.com\/de\/wp-json\/wp\/v2\/types\/product"}],"replies":[{"embeddable":true,"href":"https:\/\/fonsvinum.com\/de\/wp-json\/wp\/v2\/comments?post=47195"}],"wp:featuredmedia":[{"embeddable":true,"href":"https:\/\/fonsvinum.com\/de\/wp-json\/wp\/v2\/media\/7101"}],"wp:attachment":[{"href":"https:\/\/fonsvinum.com\/de\/wp-json\/wp\/v2\/media?parent=47195"}],"wp:term":[{"taxonomy":"product_brand","embeddable":true,"href":"https:\/\/fonsvinum.com\/de\/wp-json\/wp\/v2\/product_brand?post=47195"},{"taxonomy":"product_cat","embeddable":true,"href":"https:\/\/fonsvinum.com\/de\/wp-json\/wp\/v2\/product_cat?post=47195"},{"taxonomy":"product_tag","embeddable":true,"href":"https:\/\/fonsvinum.com\/de\/wp-json\/wp\/v2\/product_tag?post=47195"}],"curies":[{"name":"wp","href":"https:\/\/api.w.org\/{rel}","templated":true}]}}