{"id":47171,"date":"2025-08-19T16:10:14","date_gmt":"2025-08-19T14:10:14","guid":{"rendered":"https:\/\/fonsvinum.com\/?post_type=product&#038;p=47171"},"modified":"2025-08-19T16:13:58","modified_gmt":"2025-08-19T14:13:58","slug":"la-spinetta-bordini-barbaresco-2022","status":"publish","type":"product","link":"https:\/\/fonsvinum.com\/de\/produkt\/la-spinetta-bordini-barbaresco-2022\/","title":{"rendered":"LA SPINETTA Bordini Barbaresco 2022"},"content":{"rendered":"<h1><a href=\"https:\/\/fonsvinum.com\/de\/?s=LA+SPINETTA&amp;post_type=product\">LA SPINETTA<\/a> Bordini <a href=\"https:\/\/fonsvinum.com\/de\/?s=BARBARESCO&amp;post_type=product\">Barbaresco<\/a> 2022<\/h1>\n<h2>Beschreibung<\/h2>\n<p>Der intensive Duft des La Spinetta Barbaresco Bordini steigt in bet\u00f6renden Schwaden aus dem Glas, und besticht in der Nase mit Aromen von wilden Heidelbeeren, getrockneten Rosen, kandierten Veilchen, etwas Lavendel und Unterholz, vollreifen Himbeeren, wei\u00dfem Pfeffer und frischer Minze. In diesem jugendlichen Stadium zeigt der Barbaresco ein pr\u00e4sentes, beinahe ausladendes Bukett, welches sich nach ein paar Jahren der Flaschenreifung mit mehr Feinheit und Eleganz pr\u00e4sentieren wird. Am Gaumen ist der La Spinetta Barbaresco Bordini explosiv, konzentriert und dicht, macht ordentlich Druck, ist mit viel dunkler Frucht ausger\u00fcstet, durchzogen von einer feinw\u00fcrzigen und mineralischen Ader. Besitzt zupackende Gerbstoffe, eine rassige S\u00e4ure und gl\u00e4nzt mit toll eingebundenem Holz. Aromen von Kirschen und Pflaumen werden begleitet von etwas Kaffee, Teer, dezenter Marzipan-S\u00fc\u00dfe, etwas Vanille und Gew\u00fcrz-Noten. Der Wein ist vielschichtig und hat einen sehr langen Nachhall.<\/p>\n<h2><strong>Besonderheiten<\/strong><\/h2>\n<p>Giorgio\u2019s neuer Preis-Leistungs-Star\u00a0Bordini, trotz Welt-Wirtschaftskrise\u00a0erwarb Giorgio diesen Weinberg in der\u00a0Ortschaft Neive (Bordini ist die Nachbarlage\u00a0des Starderi). Er wollte die\u00a0Nebbiolo-Trauben des Bordini vorerst\u00a0eigentlich dem Basis-Nebbiolo zuf\u00fchren,\u00a0merkte aber dann relativ schnell,\u00a0dass die Trauben aus diesem Weinberg\u00a0\u00fcber eine au\u00dferordentliche Qualit\u00e4t\u00a0verf\u00fcgten. Also entschloss sich Giorgio,\u00a0einen neuen Barbaresco zu produzieren.\u00a0Das Motto aber sollte bei diesem Projekt\u00a0ein ganz neues sein. Super Qualit\u00e4t\u00a0zum Top-Preis f\u00fcr seine Freunde in der\u00a0Gastronomie und im Handel. Soll hei\u00dfen:\u00a0Die \u00fcbliche au\u00dfergew\u00f6hnliche La\u00a0Spinetta-Qualit\u00e4t, nur mit einem so guten\u00a0Preis, dass man ihn locker im Restaurant\u00a0anbieten kann. Einziger Haken ist die Menge,\u00a0Giorgio hat nur 13.000 Flaschen produziert.<\/p>\n<p>&nbsp;<\/p>\n<p><strong>Trinktemperatur<\/strong>: 15-18\u00b0<\/p>\n","protected":false},"excerpt":{"rendered":"<p>LA SPINETTA Bordini Barbaresco 2022 Beschreibung Der intensive Duft des La Spinetta Barbaresco Bordini steigt in bet\u00f6renden Schwaden aus dem Glas, und besticht in der Nase mit Aromen von wilden Heidelbeeren, getrockneten Rosen, kandierten Veilchen, etwas Lavendel und Unterholz, vollreifen Himbeeren, wei\u00dfem Pfeffer und frischer Minze. In diesem jugendlichen Stadium zeigt der Barbaresco ein pr\u00e4sentes, [&hellip;]<\/p>\n","protected":false},"featured_media":33503,"comment_status":"open","ping_status":"closed","template":"","meta":{"_acf_changed":false,"_monsterinsights_skip_tracking":false,"_monsterinsights_sitenote_active":false,"_monsterinsights_sitenote_note":"","_monsterinsights_sitenote_category":0},"product_brand":[],"product_cat":[1773],"product_tag":[15895,15893,15959],"class_list":{"0":"post-47171","1":"product","2":"type-product","3":"status-publish","4":"has-post-thumbnail","6":"product_cat-barbaresco-de","7":"product_tag-barbaresco-de-2","8":"product_tag-piemonte-de","9":"product_tag-vino-rosso-de","10":"pa_appellation-barbaresco-docg-de","11":"pa_formato-0-75-l-flasche-de","12":"pa_producer-la-spinetta-de","13":"pa_region-piemont-de","14":"pa_vine-100-nebbiolo-de","15":"pa_vintage-18397","17":"first","18":"instock","19":"taxable","20":"shipping-taxable","21":"purchasable","22":"product-type-simple"},"bundled_by":[],"bundle_stock_status":"instock","bundle_stock_quantity":6,"bundle_virtual":false,"bundle_layout":"","bundle_add_to_cart_form_location":"","bundle_editable_in_cart":false,"bundle_sold_individually_context":"","bundle_item_grouping":"","bundle_min_size":"","bundle_max_size":"","bundle_price":[],"bundled_items":[],"bundle_sell_ids":[],"yoast_head":"<!-- This site is optimized with the Yoast SEO plugin v27.3 - https:\/\/yoast.com\/product\/yoast-seo-wordpress\/ -->\n<title>LA SPINETTA Bordini Barbaresco 2022 Fons Vinum<\/title>\n<meta name=\"description\" content=\"Kaufen online LA SPINETTA Bordini Barbaresco 2022 - FonsVinum\" \/>\n<meta name=\"robots\" content=\"index, follow, max-snippet:-1, max-image-preview:large, max-video-preview:-1\" \/>\n<link rel=\"canonical\" href=\"https:\/\/fonsvinum.com\/de\/produkt\/la-spinetta-bordini-barbaresco-2022\/\" \/>\n<meta property=\"og:locale\" content=\"de_DE\" \/>\n<meta property=\"og:type\" content=\"article\" \/>\n<meta property=\"og:title\" content=\"LA SPINETTA Bordini Barbaresco 2022 Fons Vinum\" \/>\n<meta property=\"og:description\" content=\"Kaufen online LA SPINETTA Bordini Barbaresco 2022 - FonsVinum\" \/>\n<meta property=\"og:url\" content=\"https:\/\/fonsvinum.com\/de\/produkt\/la-spinetta-bordini-barbaresco-2022\/\" \/>\n<meta property=\"og:site_name\" content=\"Fons Vinum\" \/>\n<meta property=\"article:modified_time\" content=\"2025-08-19T14:13:58+00:00\" \/>\n<meta property=\"og:image\" content=\"https:\/\/fonsvinum.com\/files\/2021\/06\/barbaresco-bordini-la-spinetta.jpg\" \/>\n\t<meta property=\"og:image:width\" content=\"200\" \/>\n\t<meta property=\"og:image:height\" content=\"600\" \/>\n\t<meta property=\"og:image:type\" content=\"image\/jpeg\" \/>\n<meta name=\"twitter:label1\" content=\"Gesch\u00e4tzte Lesezeit\" \/>\n\t<meta name=\"twitter:data1\" content=\"2\u00a0Minuten\" \/>\n<script type=\"application\/ld+json\" class=\"yoast-schema-graph\">{\"@context\":\"https:\\\/\\\/schema.org\",\"@graph\":[{\"@type\":\"WebPage\",\"@id\":\"https:\\\/\\\/fonsvinum.com\\\/de\\\/produkt\\\/la-spinetta-bordini-barbaresco-2022\\\/\",\"url\":\"https:\\\/\\\/fonsvinum.com\\\/de\\\/produkt\\\/la-spinetta-bordini-barbaresco-2022\\\/\",\"name\":\"LA SPINETTA Bordini Barbaresco 2022 Fons Vinum\",\"isPartOf\":{\"@id\":\"https:\\\/\\\/fonsvinum.com\\\/en\\\/#website\"},\"primaryImageOfPage\":{\"@id\":\"https:\\\/\\\/fonsvinum.com\\\/de\\\/produkt\\\/la-spinetta-bordini-barbaresco-2022\\\/#primaryimage\"},\"image\":{\"@id\":\"https:\\\/\\\/fonsvinum.com\\\/de\\\/produkt\\\/la-spinetta-bordini-barbaresco-2022\\\/#primaryimage\"},\"thumbnailUrl\":\"https:\\\/\\\/fonsvinum.com\\\/files\\\/2021\\\/06\\\/barbaresco-bordini-la-spinetta.jpg\",\"datePublished\":\"2025-08-19T14:10:14+00:00\",\"dateModified\":\"2025-08-19T14:13:58+00:00\",\"description\":\"Kaufen online LA SPINETTA Bordini Barbaresco 2022 - FonsVinum\",\"breadcrumb\":{\"@id\":\"https:\\\/\\\/fonsvinum.com\\\/de\\\/produkt\\\/la-spinetta-bordini-barbaresco-2022\\\/#breadcrumb\"},\"inLanguage\":\"de\",\"potentialAction\":[{\"@type\":\"ReadAction\",\"target\":[\"https:\\\/\\\/fonsvinum.com\\\/de\\\/produkt\\\/la-spinetta-bordini-barbaresco-2022\\\/\"]}]},{\"@type\":\"ImageObject\",\"inLanguage\":\"de\",\"@id\":\"https:\\\/\\\/fonsvinum.com\\\/de\\\/produkt\\\/la-spinetta-bordini-barbaresco-2022\\\/#primaryimage\",\"url\":\"https:\\\/\\\/fonsvinum.com\\\/files\\\/2021\\\/06\\\/barbaresco-bordini-la-spinetta.jpg\",\"contentUrl\":\"https:\\\/\\\/fonsvinum.com\\\/files\\\/2021\\\/06\\\/barbaresco-bordini-la-spinetta.jpg\",\"width\":200,\"height\":600},{\"@type\":\"BreadcrumbList\",\"@id\":\"https:\\\/\\\/fonsvinum.com\\\/de\\\/produkt\\\/la-spinetta-bordini-barbaresco-2022\\\/#breadcrumb\",\"itemListElement\":[{\"@type\":\"ListItem\",\"position\":1,\"name\":\"Startseite\",\"item\":\"https:\\\/\\\/fonsvinum.com\\\/de\\\/\"},{\"@type\":\"ListItem\",\"position\":2,\"name\":\"Shop\",\"item\":\"https:\\\/\\\/fonsvinum.com\\\/de\\\/shop\\\/\"},{\"@type\":\"ListItem\",\"position\":3,\"name\":\"LA SPINETTA Bordini Barbaresco 2022\"}]},{\"@type\":\"WebSite\",\"@id\":\"https:\\\/\\\/fonsvinum.com\\\/en\\\/#website\",\"url\":\"https:\\\/\\\/fonsvinum.com\\\/en\\\/\",\"name\":\"Fons Vinum\",\"description\":\"Vendita Vino Online\",\"publisher\":{\"@id\":\"https:\\\/\\\/fonsvinum.com\\\/en\\\/#organization\"},\"potentialAction\":[{\"@type\":\"SearchAction\",\"target\":{\"@type\":\"EntryPoint\",\"urlTemplate\":\"https:\\\/\\\/fonsvinum.com\\\/en\\\/?s={search_term_string}\"},\"query-input\":{\"@type\":\"PropertyValueSpecification\",\"valueRequired\":true,\"valueName\":\"search_term_string\"}}],\"inLanguage\":\"de\"},{\"@type\":\"Organization\",\"@id\":\"https:\\\/\\\/fonsvinum.com\\\/en\\\/#organization\",\"name\":\"Fons Vinum\",\"url\":\"https:\\\/\\\/fonsvinum.com\\\/en\\\/\",\"logo\":{\"@type\":\"ImageObject\",\"inLanguage\":\"de\",\"@id\":\"https:\\\/\\\/fonsvinum.com\\\/en\\\/#\\\/schema\\\/logo\\\/image\\\/\",\"url\":\"\",\"contentUrl\":\"\",\"caption\":\"Fons Vinum\"},\"image\":{\"@id\":\"https:\\\/\\\/fonsvinum.com\\\/en\\\/#\\\/schema\\\/logo\\\/image\\\/\"}}]}<\/script>\n<!-- \/ Yoast SEO plugin. -->","yoast_head_json":{"title":"LA SPINETTA Bordini Barbaresco 2022 Fons Vinum","description":"Kaufen online LA SPINETTA Bordini Barbaresco 2022 - FonsVinum","robots":{"index":"index","follow":"follow","max-snippet":"max-snippet:-1","max-image-preview":"max-image-preview:large","max-video-preview":"max-video-preview:-1"},"canonical":"https:\/\/fonsvinum.com\/de\/produkt\/la-spinetta-bordini-barbaresco-2022\/","og_locale":"de_DE","og_type":"article","og_title":"LA SPINETTA Bordini Barbaresco 2022 Fons Vinum","og_description":"Kaufen online LA SPINETTA Bordini Barbaresco 2022 - FonsVinum","og_url":"https:\/\/fonsvinum.com\/de\/produkt\/la-spinetta-bordini-barbaresco-2022\/","og_site_name":"Fons Vinum","article_modified_time":"2025-08-19T14:13:58+00:00","og_image":[{"width":200,"height":600,"url":"https:\/\/fonsvinum.com\/files\/2021\/06\/barbaresco-bordini-la-spinetta.jpg","type":"image\/jpeg"}],"twitter_misc":{"Gesch\u00e4tzte Lesezeit":"2\u00a0Minuten"},"schema":{"@context":"https:\/\/schema.org","@graph":[{"@type":"WebPage","@id":"https:\/\/fonsvinum.com\/de\/produkt\/la-spinetta-bordini-barbaresco-2022\/","url":"https:\/\/fonsvinum.com\/de\/produkt\/la-spinetta-bordini-barbaresco-2022\/","name":"LA SPINETTA Bordini Barbaresco 2022 Fons Vinum","isPartOf":{"@id":"https:\/\/fonsvinum.com\/en\/#website"},"primaryImageOfPage":{"@id":"https:\/\/fonsvinum.com\/de\/produkt\/la-spinetta-bordini-barbaresco-2022\/#primaryimage"},"image":{"@id":"https:\/\/fonsvinum.com\/de\/produkt\/la-spinetta-bordini-barbaresco-2022\/#primaryimage"},"thumbnailUrl":"https:\/\/fonsvinum.com\/files\/2021\/06\/barbaresco-bordini-la-spinetta.jpg","datePublished":"2025-08-19T14:10:14+00:00","dateModified":"2025-08-19T14:13:58+00:00","description":"Kaufen online LA SPINETTA Bordini Barbaresco 2022 - FonsVinum","breadcrumb":{"@id":"https:\/\/fonsvinum.com\/de\/produkt\/la-spinetta-bordini-barbaresco-2022\/#breadcrumb"},"inLanguage":"de","potentialAction":[{"@type":"ReadAction","target":["https:\/\/fonsvinum.com\/de\/produkt\/la-spinetta-bordini-barbaresco-2022\/"]}]},{"@type":"ImageObject","inLanguage":"de","@id":"https:\/\/fonsvinum.com\/de\/produkt\/la-spinetta-bordini-barbaresco-2022\/#primaryimage","url":"https:\/\/fonsvinum.com\/files\/2021\/06\/barbaresco-bordini-la-spinetta.jpg","contentUrl":"https:\/\/fonsvinum.com\/files\/2021\/06\/barbaresco-bordini-la-spinetta.jpg","width":200,"height":600},{"@type":"BreadcrumbList","@id":"https:\/\/fonsvinum.com\/de\/produkt\/la-spinetta-bordini-barbaresco-2022\/#breadcrumb","itemListElement":[{"@type":"ListItem","position":1,"name":"Startseite","item":"https:\/\/fonsvinum.com\/de\/"},{"@type":"ListItem","position":2,"name":"Shop","item":"https:\/\/fonsvinum.com\/de\/shop\/"},{"@type":"ListItem","position":3,"name":"LA SPINETTA Bordini Barbaresco 2022"}]},{"@type":"WebSite","@id":"https:\/\/fonsvinum.com\/en\/#website","url":"https:\/\/fonsvinum.com\/en\/","name":"Fons Vinum","description":"Vendita Vino Online","publisher":{"@id":"https:\/\/fonsvinum.com\/en\/#organization"},"potentialAction":[{"@type":"SearchAction","target":{"@type":"EntryPoint","urlTemplate":"https:\/\/fonsvinum.com\/en\/?s={search_term_string}"},"query-input":{"@type":"PropertyValueSpecification","valueRequired":true,"valueName":"search_term_string"}}],"inLanguage":"de"},{"@type":"Organization","@id":"https:\/\/fonsvinum.com\/en\/#organization","name":"Fons Vinum","url":"https:\/\/fonsvinum.com\/en\/","logo":{"@type":"ImageObject","inLanguage":"de","@id":"https:\/\/fonsvinum.com\/en\/#\/schema\/logo\/image\/","url":"","contentUrl":"","caption":"Fons Vinum"},"image":{"@id":"https:\/\/fonsvinum.com\/en\/#\/schema\/logo\/image\/"}}]}},"acf":[],"_links":{"self":[{"href":"https:\/\/fonsvinum.com\/de\/wp-json\/wp\/v2\/product\/47171","targetHints":{"allow":["GET"]}}],"collection":[{"href":"https:\/\/fonsvinum.com\/de\/wp-json\/wp\/v2\/product"}],"about":[{"href":"https:\/\/fonsvinum.com\/de\/wp-json\/wp\/v2\/types\/product"}],"replies":[{"embeddable":true,"href":"https:\/\/fonsvinum.com\/de\/wp-json\/wp\/v2\/comments?post=47171"}],"wp:featuredmedia":[{"embeddable":true,"href":"https:\/\/fonsvinum.com\/de\/wp-json\/wp\/v2\/media\/33503"}],"wp:attachment":[{"href":"https:\/\/fonsvinum.com\/de\/wp-json\/wp\/v2\/media?parent=47171"}],"wp:term":[{"taxonomy":"product_brand","embeddable":true,"href":"https:\/\/fonsvinum.com\/de\/wp-json\/wp\/v2\/product_brand?post=47171"},{"taxonomy":"product_cat","embeddable":true,"href":"https:\/\/fonsvinum.com\/de\/wp-json\/wp\/v2\/product_cat?post=47171"},{"taxonomy":"product_tag","embeddable":true,"href":"https:\/\/fonsvinum.com\/de\/wp-json\/wp\/v2\/product_tag?post=47171"}],"curies":[{"name":"wp","href":"https:\/\/api.w.org\/{rel}","templated":true}]}}