{"id":47061,"date":"2025-07-09T12:25:04","date_gmt":"2025-07-09T10:25:04","guid":{"rendered":"https:\/\/fonsvinum.com\/?post_type=product&#038;p=47061"},"modified":"2025-07-09T12:30:46","modified_gmt":"2025-07-09T10:30:46","slug":"giuseppe-quintarelli-valpolicella-classico-superiore-2017","status":"publish","type":"product","link":"https:\/\/fonsvinum.com\/de\/produkt\/giuseppe-quintarelli-valpolicella-classico-superiore-2017\/","title":{"rendered":"GIUSEPPE QUINTARELLI Valpolicella Classico Superiore 2017"},"content":{"rendered":"<h1 style=\"text-align: left\">GIUSEPPE QUINTARELLI Valpolicella Classico Superiore 2017<\/h1>\n<p>Der Valpolicella <a title=\"quintarelli\" href=\"https:\/\/fonsvinum.com\/produttore\/quintarelli\/\" target=\"_blank\" rel=\"noopener noreferrer\">QUINTARELLI<\/a> besticht mit seiner dichten granatroten Farbe.<\/p>\n<p>Feinw\u00fcrzige, warme Aromen von Pflaumen, s\u00fc\u00dfen Fr\u00fcchten, Rosinen, Kaffee, Tabak und Vanille sowie eine Spur von Bitterschokolade umspielen die Nase.<\/p>\n<p>Im komplexen, anhaltenden, weichen, vollen und nuancenreichen Mund brilliert er mit einer herzhaften Fruchtf\u00fclle und der sanften Tanninstruktur.<\/p>\n<p>Genie\u00dfen Sie ihn zu w\u00fcrzigen Kaninchenpasteten, geschmortem Wildschwein und reifen K\u00e4sesorten<\/p>\n","protected":false},"excerpt":{"rendered":"<p>GIUSEPPE QUINTARELLI Valpolicella Classico Superiore 2017 Der Valpolicella QUINTARELLI besticht mit seiner dichten granatroten Farbe. Feinw\u00fcrzige, warme Aromen von Pflaumen, s\u00fc\u00dfen Fr\u00fcchten, Rosinen, Kaffee, Tabak und Vanille sowie eine Spur von Bitterschokolade umspielen die Nase. Im komplexen, anhaltenden, weichen, vollen und nuancenreichen Mund brilliert er mit einer herzhaften Fruchtf\u00fclle und der sanften Tanninstruktur. Genie\u00dfen Sie [&hellip;]<\/p>\n","protected":false},"featured_media":5752,"comment_status":"open","ping_status":"closed","template":"","meta":{"_acf_changed":false,"_monsterinsights_skip_tracking":false,"_monsterinsights_sitenote_active":false,"_monsterinsights_sitenote_note":"","_monsterinsights_sitenote_category":0},"product_brand":[],"product_cat":[2332,2380],"product_tag":[1733,17738],"class_list":{"0":"post-47061","1":"product","2":"type-product","3":"status-publish","4":"has-post-thumbnail","6":"product_cat-rotweine-de","7":"product_cat-valpolicella-de","8":"product_tag-aussergewoehnliche-weine-de","9":"product_tag-veneto-de","10":"pa_appellation-valpolicella-classico-doc-de","11":"pa_formato-0-75-l-flasche-de","12":"pa_producer-quintarelli-giuseppe-de","13":"pa_region-venetien-de","14":"pa_vine-55-corvina-25-rondinella-20-cabernet-nebbiolo-croatina-e-sangiovese-de","15":"pa_vintage-2017-de","17":"first","18":"instock","19":"taxable","20":"shipping-taxable","21":"purchasable","22":"product-type-simple"},"bundled_by":[],"bundle_stock_status":"instock","bundle_stock_quantity":6,"bundle_virtual":false,"bundle_layout":"","bundle_add_to_cart_form_location":"","bundle_editable_in_cart":false,"bundle_sold_individually_context":"","bundle_item_grouping":"","bundle_min_size":"","bundle_max_size":"","bundle_price":[],"bundled_items":[],"bundle_sell_ids":[],"yoast_head":"<!-- This site is optimized with the Yoast SEO plugin v27.2 - https:\/\/yoast.com\/product\/yoast-seo-wordpress\/ -->\n<title>G.QUINTARELLI Valpolicella Classico Sup. 2017<\/title>\n<meta name=\"description\" content=\"GIUSEPPE QUINTARELLI Valpolicella Classico Superiore Quintarelli 2017 GIUSEPPE QUINTARELLI Valpolicella Classico Superiore Quintarelli\" \/>\n<meta name=\"robots\" content=\"index, follow, max-snippet:-1, max-image-preview:large, max-video-preview:-1\" \/>\n<link rel=\"canonical\" href=\"https:\/\/fonsvinum.com\/de\/produkt\/giuseppe-quintarelli-valpolicella-classico-superiore-2017\/\" \/>\n<meta property=\"og:locale\" content=\"de_DE\" \/>\n<meta property=\"og:type\" content=\"article\" \/>\n<meta property=\"og:title\" content=\"G.QUINTARELLI Valpolicella Classico Sup. 2017\" \/>\n<meta property=\"og:description\" content=\"GIUSEPPE QUINTARELLI Valpolicella Classico Superiore Quintarelli 2017 GIUSEPPE QUINTARELLI Valpolicella Classico Superiore Quintarelli\" \/>\n<meta property=\"og:url\" content=\"https:\/\/fonsvinum.com\/de\/produkt\/giuseppe-quintarelli-valpolicella-classico-superiore-2017\/\" \/>\n<meta property=\"og:site_name\" content=\"Fons Vinum\" \/>\n<meta property=\"article:modified_time\" content=\"2025-07-09T10:30:46+00:00\" \/>\n<meta property=\"og:image\" content=\"https:\/\/fonsvinum.com\/files\/2014\/10\/valpolicella-05quintarelli.jpg\" \/>\n\t<meta property=\"og:image:width\" content=\"225\" \/>\n\t<meta property=\"og:image:height\" content=\"540\" \/>\n\t<meta property=\"og:image:type\" content=\"image\/jpeg\" \/>\n<meta name=\"twitter:label1\" content=\"Gesch\u00e4tzte Lesezeit\" \/>\n\t<meta name=\"twitter:data1\" content=\"1\u00a0Minute\" \/>\n<script type=\"application\/ld+json\" class=\"yoast-schema-graph\">{\"@context\":\"https:\/\/schema.org\",\"@graph\":[{\"@type\":\"WebPage\",\"@id\":\"https:\/\/fonsvinum.com\/de\/produkt\/giuseppe-quintarelli-valpolicella-classico-superiore-2017\/\",\"url\":\"https:\/\/fonsvinum.com\/de\/produkt\/giuseppe-quintarelli-valpolicella-classico-superiore-2017\/\",\"name\":\"G.QUINTARELLI Valpolicella Classico Sup. 2017\",\"isPartOf\":{\"@id\":\"https:\/\/fonsvinum.com\/en\/#website\"},\"primaryImageOfPage\":{\"@id\":\"https:\/\/fonsvinum.com\/de\/produkt\/giuseppe-quintarelli-valpolicella-classico-superiore-2017\/#primaryimage\"},\"image\":{\"@id\":\"https:\/\/fonsvinum.com\/de\/produkt\/giuseppe-quintarelli-valpolicella-classico-superiore-2017\/#primaryimage\"},\"thumbnailUrl\":\"https:\/\/fonsvinum.com\/files\/2014\/10\/valpolicella-05quintarelli.jpg\",\"datePublished\":\"2025-07-09T10:25:04+00:00\",\"dateModified\":\"2025-07-09T10:30:46+00:00\",\"description\":\"GIUSEPPE QUINTARELLI Valpolicella Classico Superiore Quintarelli 2017 GIUSEPPE QUINTARELLI Valpolicella Classico Superiore Quintarelli\",\"breadcrumb\":{\"@id\":\"https:\/\/fonsvinum.com\/de\/produkt\/giuseppe-quintarelli-valpolicella-classico-superiore-2017\/#breadcrumb\"},\"inLanguage\":\"de\",\"potentialAction\":[{\"@type\":\"ReadAction\",\"target\":[\"https:\/\/fonsvinum.com\/de\/produkt\/giuseppe-quintarelli-valpolicella-classico-superiore-2017\/\"]}]},{\"@type\":\"ImageObject\",\"inLanguage\":\"de\",\"@id\":\"https:\/\/fonsvinum.com\/de\/produkt\/giuseppe-quintarelli-valpolicella-classico-superiore-2017\/#primaryimage\",\"url\":\"https:\/\/fonsvinum.com\/files\/2014\/10\/valpolicella-05quintarelli.jpg\",\"contentUrl\":\"https:\/\/fonsvinum.com\/files\/2014\/10\/valpolicella-05quintarelli.jpg\",\"width\":225,\"height\":540},{\"@type\":\"BreadcrumbList\",\"@id\":\"https:\/\/fonsvinum.com\/de\/produkt\/giuseppe-quintarelli-valpolicella-classico-superiore-2017\/#breadcrumb\",\"itemListElement\":[{\"@type\":\"ListItem\",\"position\":1,\"name\":\"Startseite\",\"item\":\"https:\/\/fonsvinum.com\/de\/\"},{\"@type\":\"ListItem\",\"position\":2,\"name\":\"Shop\",\"item\":\"https:\/\/fonsvinum.com\/de\/shop\/\"},{\"@type\":\"ListItem\",\"position\":3,\"name\":\"GIUSEPPE QUINTARELLI Valpolicella Classico Superiore 2017\"}]},{\"@type\":\"WebSite\",\"@id\":\"https:\/\/fonsvinum.com\/en\/#website\",\"url\":\"https:\/\/fonsvinum.com\/en\/\",\"name\":\"Fons Vinum\",\"description\":\"Vendita Vino Online\",\"publisher\":{\"@id\":\"https:\/\/fonsvinum.com\/en\/#organization\"},\"potentialAction\":[{\"@type\":\"SearchAction\",\"target\":{\"@type\":\"EntryPoint\",\"urlTemplate\":\"https:\/\/fonsvinum.com\/en\/?s={search_term_string}\"},\"query-input\":{\"@type\":\"PropertyValueSpecification\",\"valueRequired\":true,\"valueName\":\"search_term_string\"}}],\"inLanguage\":\"de\"},{\"@type\":\"Organization\",\"@id\":\"https:\/\/fonsvinum.com\/en\/#organization\",\"name\":\"Fons Vinum\",\"url\":\"https:\/\/fonsvinum.com\/en\/\",\"logo\":{\"@type\":\"ImageObject\",\"inLanguage\":\"de\",\"@id\":\"https:\/\/fonsvinum.com\/en\/#\/schema\/logo\/image\/\",\"url\":\"\",\"contentUrl\":\"\",\"caption\":\"Fons Vinum\"},\"image\":{\"@id\":\"https:\/\/fonsvinum.com\/en\/#\/schema\/logo\/image\/\"}}]}<\/script>\n<!-- \/ Yoast SEO plugin. -->","yoast_head_json":{"title":"G.QUINTARELLI Valpolicella Classico Sup. 2017","description":"GIUSEPPE QUINTARELLI Valpolicella Classico Superiore Quintarelli 2017 GIUSEPPE QUINTARELLI Valpolicella Classico Superiore Quintarelli","robots":{"index":"index","follow":"follow","max-snippet":"max-snippet:-1","max-image-preview":"max-image-preview:large","max-video-preview":"max-video-preview:-1"},"canonical":"https:\/\/fonsvinum.com\/de\/produkt\/giuseppe-quintarelli-valpolicella-classico-superiore-2017\/","og_locale":"de_DE","og_type":"article","og_title":"G.QUINTARELLI Valpolicella Classico Sup. 2017","og_description":"GIUSEPPE QUINTARELLI Valpolicella Classico Superiore Quintarelli 2017 GIUSEPPE QUINTARELLI Valpolicella Classico Superiore Quintarelli","og_url":"https:\/\/fonsvinum.com\/de\/produkt\/giuseppe-quintarelli-valpolicella-classico-superiore-2017\/","og_site_name":"Fons Vinum","article_modified_time":"2025-07-09T10:30:46+00:00","og_image":[{"width":225,"height":540,"url":"https:\/\/fonsvinum.com\/files\/2014\/10\/valpolicella-05quintarelli.jpg","type":"image\/jpeg"}],"twitter_misc":{"Gesch\u00e4tzte Lesezeit":"1\u00a0Minute"},"schema":{"@context":"https:\/\/schema.org","@graph":[{"@type":"WebPage","@id":"https:\/\/fonsvinum.com\/de\/produkt\/giuseppe-quintarelli-valpolicella-classico-superiore-2017\/","url":"https:\/\/fonsvinum.com\/de\/produkt\/giuseppe-quintarelli-valpolicella-classico-superiore-2017\/","name":"G.QUINTARELLI Valpolicella Classico Sup. 2017","isPartOf":{"@id":"https:\/\/fonsvinum.com\/en\/#website"},"primaryImageOfPage":{"@id":"https:\/\/fonsvinum.com\/de\/produkt\/giuseppe-quintarelli-valpolicella-classico-superiore-2017\/#primaryimage"},"image":{"@id":"https:\/\/fonsvinum.com\/de\/produkt\/giuseppe-quintarelli-valpolicella-classico-superiore-2017\/#primaryimage"},"thumbnailUrl":"https:\/\/fonsvinum.com\/files\/2014\/10\/valpolicella-05quintarelli.jpg","datePublished":"2025-07-09T10:25:04+00:00","dateModified":"2025-07-09T10:30:46+00:00","description":"GIUSEPPE QUINTARELLI Valpolicella Classico Superiore Quintarelli 2017 GIUSEPPE QUINTARELLI Valpolicella Classico Superiore Quintarelli","breadcrumb":{"@id":"https:\/\/fonsvinum.com\/de\/produkt\/giuseppe-quintarelli-valpolicella-classico-superiore-2017\/#breadcrumb"},"inLanguage":"de","potentialAction":[{"@type":"ReadAction","target":["https:\/\/fonsvinum.com\/de\/produkt\/giuseppe-quintarelli-valpolicella-classico-superiore-2017\/"]}]},{"@type":"ImageObject","inLanguage":"de","@id":"https:\/\/fonsvinum.com\/de\/produkt\/giuseppe-quintarelli-valpolicella-classico-superiore-2017\/#primaryimage","url":"https:\/\/fonsvinum.com\/files\/2014\/10\/valpolicella-05quintarelli.jpg","contentUrl":"https:\/\/fonsvinum.com\/files\/2014\/10\/valpolicella-05quintarelli.jpg","width":225,"height":540},{"@type":"BreadcrumbList","@id":"https:\/\/fonsvinum.com\/de\/produkt\/giuseppe-quintarelli-valpolicella-classico-superiore-2017\/#breadcrumb","itemListElement":[{"@type":"ListItem","position":1,"name":"Startseite","item":"https:\/\/fonsvinum.com\/de\/"},{"@type":"ListItem","position":2,"name":"Shop","item":"https:\/\/fonsvinum.com\/de\/shop\/"},{"@type":"ListItem","position":3,"name":"GIUSEPPE QUINTARELLI Valpolicella Classico Superiore 2017"}]},{"@type":"WebSite","@id":"https:\/\/fonsvinum.com\/en\/#website","url":"https:\/\/fonsvinum.com\/en\/","name":"Fons Vinum","description":"Vendita Vino Online","publisher":{"@id":"https:\/\/fonsvinum.com\/en\/#organization"},"potentialAction":[{"@type":"SearchAction","target":{"@type":"EntryPoint","urlTemplate":"https:\/\/fonsvinum.com\/en\/?s={search_term_string}"},"query-input":{"@type":"PropertyValueSpecification","valueRequired":true,"valueName":"search_term_string"}}],"inLanguage":"de"},{"@type":"Organization","@id":"https:\/\/fonsvinum.com\/en\/#organization","name":"Fons Vinum","url":"https:\/\/fonsvinum.com\/en\/","logo":{"@type":"ImageObject","inLanguage":"de","@id":"https:\/\/fonsvinum.com\/en\/#\/schema\/logo\/image\/","url":"","contentUrl":"","caption":"Fons Vinum"},"image":{"@id":"https:\/\/fonsvinum.com\/en\/#\/schema\/logo\/image\/"}}]}},"acf":[],"_links":{"self":[{"href":"https:\/\/fonsvinum.com\/de\/wp-json\/wp\/v2\/product\/47061","targetHints":{"allow":["GET"]}}],"collection":[{"href":"https:\/\/fonsvinum.com\/de\/wp-json\/wp\/v2\/product"}],"about":[{"href":"https:\/\/fonsvinum.com\/de\/wp-json\/wp\/v2\/types\/product"}],"replies":[{"embeddable":true,"href":"https:\/\/fonsvinum.com\/de\/wp-json\/wp\/v2\/comments?post=47061"}],"wp:featuredmedia":[{"embeddable":true,"href":"https:\/\/fonsvinum.com\/de\/wp-json\/wp\/v2\/media\/5752"}],"wp:attachment":[{"href":"https:\/\/fonsvinum.com\/de\/wp-json\/wp\/v2\/media?parent=47061"}],"wp:term":[{"taxonomy":"product_brand","embeddable":true,"href":"https:\/\/fonsvinum.com\/de\/wp-json\/wp\/v2\/product_brand?post=47061"},{"taxonomy":"product_cat","embeddable":true,"href":"https:\/\/fonsvinum.com\/de\/wp-json\/wp\/v2\/product_cat?post=47061"},{"taxonomy":"product_tag","embeddable":true,"href":"https:\/\/fonsvinum.com\/de\/wp-json\/wp\/v2\/product_tag?post=47061"}],"curies":[{"name":"wp","href":"https:\/\/api.w.org\/{rel}","templated":true}]}}