{"id":46995,"date":"2025-07-08T15:33:56","date_gmt":"2025-07-08T13:33:56","guid":{"rendered":"https:\/\/fonsvinum.com\/?post_type=product&#038;p=46995"},"modified":"2025-07-08T15:41:49","modified_gmt":"2025-07-08T13:41:49","slug":"dal-forno-romano-valpolicella-superiore-2016","status":"publish","type":"product","link":"https:\/\/fonsvinum.com\/de\/produkt\/dal-forno-romano-valpolicella-superiore-2016\/","title":{"rendered":"DAL FORNO ROMANO VALPOLICELLA SUPERIORE 2016"},"content":{"rendered":"<h1>DAL FORNO ROMANO VALPOLICELLA SUPERIORE MONTE LODOLETTA 2016<\/h1>\n<p>Der Romano dal Forno ist einer der Weinlegenden Italiens. Sein Amarone eine rare Essenz, die nicht von dieser Welt zu sein scheint. Schwarz, balsamisch mit \u00fcberbordenden Tanninen, die einen fast die Tr\u00e4nen in die Augen treiben. Aber gleichzeitig rund und unendlich im Abgang schmeichelt er dem Genie\u00dfer. Ein geradezu unglaublicher Wein, der zeigt wie man trotz extremer Reife und einer auf die Spitze getriebenen Konzentration Harmonie herstellen kann. Wer so gl\u00fccklich war eine der wenigen Flaschen\u00a0wird den Geschmack nie mehr vergessen.<\/p>\n","protected":false},"excerpt":{"rendered":"<p>DAL FORNO ROMANO VALPOLICELLA SUPERIORE MONTE LODOLETTA 2016 Der Romano dal Forno ist einer der Weinlegenden Italiens. Sein Amarone eine rare Essenz, die nicht von dieser Welt zu sein scheint. Schwarz, balsamisch mit \u00fcberbordenden Tanninen, die einen fast die Tr\u00e4nen in die Augen treiben. Aber gleichzeitig rund und unendlich im Abgang schmeichelt er dem Genie\u00dfer. [&hellip;]<\/p>\n","protected":false},"featured_media":3632,"comment_status":"open","ping_status":"closed","template":"","meta":{"_acf_changed":false,"_monsterinsights_skip_tracking":false,"_monsterinsights_sitenote_active":false,"_monsterinsights_sitenote_note":"","_monsterinsights_sitenote_category":0},"product_brand":[],"product_cat":[2332,2380],"product_tag":[1733],"class_list":{"0":"post-46995","1":"product","2":"type-product","3":"status-publish","4":"has-post-thumbnail","6":"product_cat-rotweine-de","7":"product_cat-valpolicella-de","8":"product_tag-aussergewoehnliche-weine-de","9":"pa_appellation-valpolicella-classico-doc-de","10":"pa_formato-0-75-l-flasche-de","11":"pa_producer-dal-forno-romano-de","12":"pa_region-venetien-de","13":"pa_vine-70-corvina-e-corvina-grossa-20-rondinella-5-croatina-5-oseleta-de","14":"pa_vintage-2016-de","16":"first","17":"instock","18":"taxable","19":"shipping-taxable","20":"purchasable","21":"product-type-simple"},"bundled_by":[],"bundle_stock_status":"instock","bundle_stock_quantity":6,"bundle_virtual":false,"bundle_layout":"","bundle_add_to_cart_form_location":"","bundle_editable_in_cart":false,"bundle_sold_individually_context":"","bundle_item_grouping":"","bundle_min_size":"","bundle_max_size":"","bundle_price":[],"bundled_items":[],"bundle_sell_ids":[],"yoast_head":"<!-- This site is optimized with the Yoast SEO plugin v27.2 - https:\/\/yoast.com\/product\/yoast-seo-wordpress\/ -->\n<title>DAL FORNO ROMANO VALPOLICELLA SUPERIORE 2016<\/title>\n<meta name=\"description\" content=\"Valpolicella Superiore DOC Dal Forno Romano 2016 Wer so gl\u00fccklich war eine der wenigen Flaschen\u00a0wird den Geschmack nie mehr vergessen.\" \/>\n<meta name=\"robots\" content=\"index, follow, max-snippet:-1, max-image-preview:large, max-video-preview:-1\" \/>\n<link rel=\"canonical\" href=\"https:\/\/fonsvinum.com\/de\/produkt\/dal-forno-romano-valpolicella-superiore-2016\/\" \/>\n<meta property=\"og:locale\" content=\"de_DE\" \/>\n<meta property=\"og:type\" content=\"article\" \/>\n<meta property=\"og:title\" content=\"DAL FORNO ROMANO VALPOLICELLA SUPERIORE 2016\" \/>\n<meta property=\"og:description\" content=\"Valpolicella Superiore DOC Dal Forno Romano 2016 Wer so gl\u00fccklich war eine der wenigen Flaschen\u00a0wird den Geschmack nie mehr vergessen.\" \/>\n<meta property=\"og:url\" content=\"https:\/\/fonsvinum.com\/de\/produkt\/dal-forno-romano-valpolicella-superiore-2016\/\" \/>\n<meta property=\"og:site_name\" content=\"Fons Vinum\" \/>\n<meta property=\"article:modified_time\" content=\"2025-07-08T13:41:49+00:00\" \/>\n<meta property=\"og:image\" content=\"https:\/\/fonsvinum.com\/files\/2015\/01\/valpolicella-sup-dal-forno.png\" \/>\n\t<meta property=\"og:image:width\" content=\"223\" \/>\n\t<meta property=\"og:image:height\" content=\"530\" \/>\n\t<meta property=\"og:image:type\" content=\"image\/png\" \/>\n<meta name=\"twitter:label1\" content=\"Gesch\u00e4tzte Lesezeit\" \/>\n\t<meta name=\"twitter:data1\" content=\"1\u00a0Minute\" \/>\n<script type=\"application\/ld+json\" class=\"yoast-schema-graph\">{\"@context\":\"https:\/\/schema.org\",\"@graph\":[{\"@type\":\"WebPage\",\"@id\":\"https:\/\/fonsvinum.com\/de\/produkt\/dal-forno-romano-valpolicella-superiore-2016\/\",\"url\":\"https:\/\/fonsvinum.com\/de\/produkt\/dal-forno-romano-valpolicella-superiore-2016\/\",\"name\":\"DAL FORNO ROMANO VALPOLICELLA SUPERIORE 2016\",\"isPartOf\":{\"@id\":\"https:\/\/fonsvinum.com\/en\/#website\"},\"primaryImageOfPage\":{\"@id\":\"https:\/\/fonsvinum.com\/de\/produkt\/dal-forno-romano-valpolicella-superiore-2016\/#primaryimage\"},\"image\":{\"@id\":\"https:\/\/fonsvinum.com\/de\/produkt\/dal-forno-romano-valpolicella-superiore-2016\/#primaryimage\"},\"thumbnailUrl\":\"https:\/\/fonsvinum.com\/files\/2015\/01\/valpolicella-sup-dal-forno.png\",\"datePublished\":\"2025-07-08T13:33:56+00:00\",\"dateModified\":\"2025-07-08T13:41:49+00:00\",\"description\":\"Valpolicella Superiore DOC Dal Forno Romano 2016 Wer so gl\u00fccklich war eine der wenigen Flaschen\u00a0wird den Geschmack nie mehr vergessen.\",\"breadcrumb\":{\"@id\":\"https:\/\/fonsvinum.com\/de\/produkt\/dal-forno-romano-valpolicella-superiore-2016\/#breadcrumb\"},\"inLanguage\":\"de\",\"potentialAction\":[{\"@type\":\"ReadAction\",\"target\":[\"https:\/\/fonsvinum.com\/de\/produkt\/dal-forno-romano-valpolicella-superiore-2016\/\"]}]},{\"@type\":\"ImageObject\",\"inLanguage\":\"de\",\"@id\":\"https:\/\/fonsvinum.com\/de\/produkt\/dal-forno-romano-valpolicella-superiore-2016\/#primaryimage\",\"url\":\"https:\/\/fonsvinum.com\/files\/2015\/01\/valpolicella-sup-dal-forno.png\",\"contentUrl\":\"https:\/\/fonsvinum.com\/files\/2015\/01\/valpolicella-sup-dal-forno.png\",\"width\":223,\"height\":530},{\"@type\":\"BreadcrumbList\",\"@id\":\"https:\/\/fonsvinum.com\/de\/produkt\/dal-forno-romano-valpolicella-superiore-2016\/#breadcrumb\",\"itemListElement\":[{\"@type\":\"ListItem\",\"position\":1,\"name\":\"Startseite\",\"item\":\"https:\/\/fonsvinum.com\/de\/\"},{\"@type\":\"ListItem\",\"position\":2,\"name\":\"Shop\",\"item\":\"https:\/\/fonsvinum.com\/de\/shop\/\"},{\"@type\":\"ListItem\",\"position\":3,\"name\":\"DAL FORNO ROMANO VALPOLICELLA SUPERIORE 2016\"}]},{\"@type\":\"WebSite\",\"@id\":\"https:\/\/fonsvinum.com\/en\/#website\",\"url\":\"https:\/\/fonsvinum.com\/en\/\",\"name\":\"Fons Vinum\",\"description\":\"Vendita Vino Online\",\"publisher\":{\"@id\":\"https:\/\/fonsvinum.com\/en\/#organization\"},\"potentialAction\":[{\"@type\":\"SearchAction\",\"target\":{\"@type\":\"EntryPoint\",\"urlTemplate\":\"https:\/\/fonsvinum.com\/en\/?s={search_term_string}\"},\"query-input\":{\"@type\":\"PropertyValueSpecification\",\"valueRequired\":true,\"valueName\":\"search_term_string\"}}],\"inLanguage\":\"de\"},{\"@type\":\"Organization\",\"@id\":\"https:\/\/fonsvinum.com\/en\/#organization\",\"name\":\"Fons Vinum\",\"url\":\"https:\/\/fonsvinum.com\/en\/\",\"logo\":{\"@type\":\"ImageObject\",\"inLanguage\":\"de\",\"@id\":\"https:\/\/fonsvinum.com\/en\/#\/schema\/logo\/image\/\",\"url\":\"\",\"contentUrl\":\"\",\"caption\":\"Fons Vinum\"},\"image\":{\"@id\":\"https:\/\/fonsvinum.com\/en\/#\/schema\/logo\/image\/\"}}]}<\/script>\n<!-- \/ Yoast SEO plugin. -->","yoast_head_json":{"title":"DAL FORNO ROMANO VALPOLICELLA SUPERIORE 2016","description":"Valpolicella Superiore DOC Dal Forno Romano 2016 Wer so gl\u00fccklich war eine der wenigen Flaschen\u00a0wird den Geschmack nie mehr vergessen.","robots":{"index":"index","follow":"follow","max-snippet":"max-snippet:-1","max-image-preview":"max-image-preview:large","max-video-preview":"max-video-preview:-1"},"canonical":"https:\/\/fonsvinum.com\/de\/produkt\/dal-forno-romano-valpolicella-superiore-2016\/","og_locale":"de_DE","og_type":"article","og_title":"DAL FORNO ROMANO VALPOLICELLA SUPERIORE 2016","og_description":"Valpolicella Superiore DOC Dal Forno Romano 2016 Wer so gl\u00fccklich war eine der wenigen Flaschen\u00a0wird den Geschmack nie mehr vergessen.","og_url":"https:\/\/fonsvinum.com\/de\/produkt\/dal-forno-romano-valpolicella-superiore-2016\/","og_site_name":"Fons Vinum","article_modified_time":"2025-07-08T13:41:49+00:00","og_image":[{"width":223,"height":530,"url":"https:\/\/fonsvinum.com\/files\/2015\/01\/valpolicella-sup-dal-forno.png","type":"image\/png"}],"twitter_misc":{"Gesch\u00e4tzte Lesezeit":"1\u00a0Minute"},"schema":{"@context":"https:\/\/schema.org","@graph":[{"@type":"WebPage","@id":"https:\/\/fonsvinum.com\/de\/produkt\/dal-forno-romano-valpolicella-superiore-2016\/","url":"https:\/\/fonsvinum.com\/de\/produkt\/dal-forno-romano-valpolicella-superiore-2016\/","name":"DAL FORNO ROMANO VALPOLICELLA SUPERIORE 2016","isPartOf":{"@id":"https:\/\/fonsvinum.com\/en\/#website"},"primaryImageOfPage":{"@id":"https:\/\/fonsvinum.com\/de\/produkt\/dal-forno-romano-valpolicella-superiore-2016\/#primaryimage"},"image":{"@id":"https:\/\/fonsvinum.com\/de\/produkt\/dal-forno-romano-valpolicella-superiore-2016\/#primaryimage"},"thumbnailUrl":"https:\/\/fonsvinum.com\/files\/2015\/01\/valpolicella-sup-dal-forno.png","datePublished":"2025-07-08T13:33:56+00:00","dateModified":"2025-07-08T13:41:49+00:00","description":"Valpolicella Superiore DOC Dal Forno Romano 2016 Wer so gl\u00fccklich war eine der wenigen Flaschen\u00a0wird den Geschmack nie mehr vergessen.","breadcrumb":{"@id":"https:\/\/fonsvinum.com\/de\/produkt\/dal-forno-romano-valpolicella-superiore-2016\/#breadcrumb"},"inLanguage":"de","potentialAction":[{"@type":"ReadAction","target":["https:\/\/fonsvinum.com\/de\/produkt\/dal-forno-romano-valpolicella-superiore-2016\/"]}]},{"@type":"ImageObject","inLanguage":"de","@id":"https:\/\/fonsvinum.com\/de\/produkt\/dal-forno-romano-valpolicella-superiore-2016\/#primaryimage","url":"https:\/\/fonsvinum.com\/files\/2015\/01\/valpolicella-sup-dal-forno.png","contentUrl":"https:\/\/fonsvinum.com\/files\/2015\/01\/valpolicella-sup-dal-forno.png","width":223,"height":530},{"@type":"BreadcrumbList","@id":"https:\/\/fonsvinum.com\/de\/produkt\/dal-forno-romano-valpolicella-superiore-2016\/#breadcrumb","itemListElement":[{"@type":"ListItem","position":1,"name":"Startseite","item":"https:\/\/fonsvinum.com\/de\/"},{"@type":"ListItem","position":2,"name":"Shop","item":"https:\/\/fonsvinum.com\/de\/shop\/"},{"@type":"ListItem","position":3,"name":"DAL FORNO ROMANO VALPOLICELLA SUPERIORE 2016"}]},{"@type":"WebSite","@id":"https:\/\/fonsvinum.com\/en\/#website","url":"https:\/\/fonsvinum.com\/en\/","name":"Fons Vinum","description":"Vendita Vino Online","publisher":{"@id":"https:\/\/fonsvinum.com\/en\/#organization"},"potentialAction":[{"@type":"SearchAction","target":{"@type":"EntryPoint","urlTemplate":"https:\/\/fonsvinum.com\/en\/?s={search_term_string}"},"query-input":{"@type":"PropertyValueSpecification","valueRequired":true,"valueName":"search_term_string"}}],"inLanguage":"de"},{"@type":"Organization","@id":"https:\/\/fonsvinum.com\/en\/#organization","name":"Fons Vinum","url":"https:\/\/fonsvinum.com\/en\/","logo":{"@type":"ImageObject","inLanguage":"de","@id":"https:\/\/fonsvinum.com\/en\/#\/schema\/logo\/image\/","url":"","contentUrl":"","caption":"Fons Vinum"},"image":{"@id":"https:\/\/fonsvinum.com\/en\/#\/schema\/logo\/image\/"}}]}},"acf":[],"_links":{"self":[{"href":"https:\/\/fonsvinum.com\/de\/wp-json\/wp\/v2\/product\/46995","targetHints":{"allow":["GET"]}}],"collection":[{"href":"https:\/\/fonsvinum.com\/de\/wp-json\/wp\/v2\/product"}],"about":[{"href":"https:\/\/fonsvinum.com\/de\/wp-json\/wp\/v2\/types\/product"}],"replies":[{"embeddable":true,"href":"https:\/\/fonsvinum.com\/de\/wp-json\/wp\/v2\/comments?post=46995"}],"wp:featuredmedia":[{"embeddable":true,"href":"https:\/\/fonsvinum.com\/de\/wp-json\/wp\/v2\/media\/3632"}],"wp:attachment":[{"href":"https:\/\/fonsvinum.com\/de\/wp-json\/wp\/v2\/media?parent=46995"}],"wp:term":[{"taxonomy":"product_brand","embeddable":true,"href":"https:\/\/fonsvinum.com\/de\/wp-json\/wp\/v2\/product_brand?post=46995"},{"taxonomy":"product_cat","embeddable":true,"href":"https:\/\/fonsvinum.com\/de\/wp-json\/wp\/v2\/product_cat?post=46995"},{"taxonomy":"product_tag","embeddable":true,"href":"https:\/\/fonsvinum.com\/de\/wp-json\/wp\/v2\/product_tag?post=46995"}],"curies":[{"name":"wp","href":"https:\/\/api.w.org\/{rel}","templated":true}]}}