{"id":46977,"date":"2025-07-08T11:38:54","date_gmt":"2025-07-08T09:38:54","guid":{"rendered":"https:\/\/fonsvinum.com\/?post_type=product&#038;p=46977"},"modified":"2025-07-08T11:44:30","modified_gmt":"2025-07-08T09:44:30","slug":"elio-grasso-barolo-ginestra-vigna-casa-mate-2021","status":"publish","type":"product","link":"https:\/\/fonsvinum.com\/de\/produkt\/elio-grasso-barolo-ginestra-vigna-casa-mate-2021\/","title":{"rendered":"ELIO GRASSO Barolo Ginestra Vigna Casa Mate 2021"},"content":{"rendered":"<h1>ELIO GRASSO Barolo Ginestra Vigna Casa Mate 2021<\/h1>\n<p>ELIO GRASSO Barolo Ginestra Vigna Casa Mate 2021<\/p>\n<p>Die im Durchschnitt knapp 45 Jahre alten Reben f\u00fcr den Barolo Ginestra Casa Mate stehen direkt unterhalb des Weinguts, in einem s\u00fcdlich ausgerichteten \u201aAmphitheater\u2018 auf ca. 300 bis 350 Meter H\u00f6he. Der Boden ist kompakter, von Kalk und Mineralstoffen durchzogener Lehm mit Kalkstein Untergrund. Der <strong>2020 er<\/strong> Casa Mate zeigt sich extrem kraftvoll und pr\u00e4zise. Mit etwas Luft entwickelt der Wein ein Feuerwerk an Aromen aus Schwarzkirschen, Himbeer-Mark, Gew\u00fcrzen und Tr\u00fcffel. Am Gaumen enorm intensiv, klar, mit jeder Menge geschliffenem Tannin, Lakritz und einer feinen Teer Note. Trotz all der Kraft wirkt der Wein sehr harmonisch, ja elegant und nach Bel\u00fcftung schon jetzt unglaublich lecker.<\/p>\n<p>&nbsp;<\/p>\n<p>&nbsp;<\/p>\n","protected":false},"excerpt":{"rendered":"<p>ELIO GRASSO Barolo Ginestra Vigna Casa Mate 2021 ELIO GRASSO Barolo Ginestra Vigna Casa Mate 2021 Die im Durchschnitt knapp 45 Jahre alten Reben f\u00fcr den Barolo Ginestra Casa Mate stehen direkt unterhalb des Weinguts, in einem s\u00fcdlich ausgerichteten \u201aAmphitheater\u2018 auf ca. 300 bis 350 Meter H\u00f6he. Der Boden ist kompakter, von Kalk und Mineralstoffen [&hellip;]<\/p>\n","protected":false},"featured_media":9981,"comment_status":"open","ping_status":"closed","template":"","meta":{"_acf_changed":false,"_monsterinsights_skip_tracking":false,"_monsterinsights_sitenote_active":false,"_monsterinsights_sitenote_note":"","_monsterinsights_sitenote_category":0},"product_brand":[],"product_cat":[1824],"product_tag":[15903],"class_list":{"0":"post-46977","1":"product","2":"type-product","3":"status-publish","4":"has-post-thumbnail","6":"product_cat-barolo-de","7":"product_tag-barolo-de","8":"pa_appellation-barolo-docg-de","9":"pa_formato-0-75-l-flasche-de","10":"pa_producer-elio-grasso-de-3","11":"pa_region-piemont-de","12":"pa_vine-nebbiolo-de","13":"pa_vintage-18393","15":"first","16":"instock","17":"taxable","18":"shipping-taxable","19":"purchasable","20":"product-type-simple"},"bundled_by":[],"bundle_stock_status":"instock","bundle_stock_quantity":6,"bundle_virtual":false,"bundle_layout":"","bundle_add_to_cart_form_location":"","bundle_editable_in_cart":false,"bundle_sold_individually_context":"","bundle_item_grouping":"","bundle_min_size":"","bundle_max_size":"","bundle_price":[],"bundled_items":[],"bundle_sell_ids":[],"yoast_head":"<!-- This site is optimized with the Yoast SEO plugin v27.3 - https:\/\/yoast.com\/product\/yoast-seo-wordpress\/ -->\n<title>ELIO GRASSO Barolo Ginestra Vigna Casa Mate 2021<\/title>\n<meta name=\"description\" content=\"ELIO GRASSO Barolo Ginestra Vigna Casa Mate 2021 - Fons Vinum - Der 2015er Casa Mate zeigt sich extrem kraftvoll und pr\u00e4zise.\" \/>\n<meta name=\"robots\" content=\"index, follow, max-snippet:-1, max-image-preview:large, max-video-preview:-1\" \/>\n<link rel=\"canonical\" href=\"https:\/\/fonsvinum.com\/de\/produkt\/elio-grasso-barolo-ginestra-vigna-casa-mate-2021\/\" \/>\n<meta property=\"og:locale\" content=\"de_DE\" \/>\n<meta property=\"og:type\" content=\"article\" \/>\n<meta property=\"og:title\" content=\"ELIO GRASSO Barolo Ginestra Vigna Casa Mate 2021\" \/>\n<meta property=\"og:description\" content=\"ELIO GRASSO Barolo Ginestra Vigna Casa Mate 2021 - Fons Vinum - Der 2015er Casa Mate zeigt sich extrem kraftvoll und pr\u00e4zise.\" \/>\n<meta property=\"og:url\" content=\"https:\/\/fonsvinum.com\/de\/produkt\/elio-grasso-barolo-ginestra-vigna-casa-mate-2021\/\" \/>\n<meta property=\"og:site_name\" content=\"Fons Vinum\" \/>\n<meta property=\"article:modified_time\" content=\"2025-07-08T09:44:30+00:00\" \/>\n<meta property=\"og:image\" content=\"https:\/\/fonsvinum.com\/files\/2017\/01\/Barolo-Ginestra-Vigna-Casa-Mate-Elio-Grasso.png\" \/>\n\t<meta property=\"og:image:width\" content=\"200\" \/>\n\t<meta property=\"og:image:height\" content=\"600\" \/>\n\t<meta property=\"og:image:type\" content=\"image\/png\" \/>\n<meta name=\"twitter:label1\" content=\"Gesch\u00e4tzte Lesezeit\" \/>\n\t<meta name=\"twitter:data1\" content=\"1\u00a0Minute\" \/>\n<script type=\"application\/ld+json\" class=\"yoast-schema-graph\">{\"@context\":\"https:\\\/\\\/schema.org\",\"@graph\":[{\"@type\":\"WebPage\",\"@id\":\"https:\\\/\\\/fonsvinum.com\\\/de\\\/produkt\\\/elio-grasso-barolo-ginestra-vigna-casa-mate-2021\\\/\",\"url\":\"https:\\\/\\\/fonsvinum.com\\\/de\\\/produkt\\\/elio-grasso-barolo-ginestra-vigna-casa-mate-2021\\\/\",\"name\":\"ELIO GRASSO Barolo Ginestra Vigna Casa Mate 2021\",\"isPartOf\":{\"@id\":\"https:\\\/\\\/fonsvinum.com\\\/en\\\/#website\"},\"primaryImageOfPage\":{\"@id\":\"https:\\\/\\\/fonsvinum.com\\\/de\\\/produkt\\\/elio-grasso-barolo-ginestra-vigna-casa-mate-2021\\\/#primaryimage\"},\"image\":{\"@id\":\"https:\\\/\\\/fonsvinum.com\\\/de\\\/produkt\\\/elio-grasso-barolo-ginestra-vigna-casa-mate-2021\\\/#primaryimage\"},\"thumbnailUrl\":\"https:\\\/\\\/fonsvinum.com\\\/files\\\/2017\\\/01\\\/Barolo-Ginestra-Vigna-Casa-Mate-Elio-Grasso.png\",\"datePublished\":\"2025-07-08T09:38:54+00:00\",\"dateModified\":\"2025-07-08T09:44:30+00:00\",\"description\":\"ELIO GRASSO Barolo Ginestra Vigna Casa Mate 2021 - Fons Vinum - Der 2015er Casa Mate zeigt sich extrem kraftvoll und pr\u00e4zise.\",\"breadcrumb\":{\"@id\":\"https:\\\/\\\/fonsvinum.com\\\/de\\\/produkt\\\/elio-grasso-barolo-ginestra-vigna-casa-mate-2021\\\/#breadcrumb\"},\"inLanguage\":\"de\",\"potentialAction\":[{\"@type\":\"ReadAction\",\"target\":[\"https:\\\/\\\/fonsvinum.com\\\/de\\\/produkt\\\/elio-grasso-barolo-ginestra-vigna-casa-mate-2021\\\/\"]}]},{\"@type\":\"ImageObject\",\"inLanguage\":\"de\",\"@id\":\"https:\\\/\\\/fonsvinum.com\\\/de\\\/produkt\\\/elio-grasso-barolo-ginestra-vigna-casa-mate-2021\\\/#primaryimage\",\"url\":\"https:\\\/\\\/fonsvinum.com\\\/files\\\/2017\\\/01\\\/Barolo-Ginestra-Vigna-Casa-Mate-Elio-Grasso.png\",\"contentUrl\":\"https:\\\/\\\/fonsvinum.com\\\/files\\\/2017\\\/01\\\/Barolo-Ginestra-Vigna-Casa-Mate-Elio-Grasso.png\",\"width\":200,\"height\":600},{\"@type\":\"BreadcrumbList\",\"@id\":\"https:\\\/\\\/fonsvinum.com\\\/de\\\/produkt\\\/elio-grasso-barolo-ginestra-vigna-casa-mate-2021\\\/#breadcrumb\",\"itemListElement\":[{\"@type\":\"ListItem\",\"position\":1,\"name\":\"Startseite\",\"item\":\"https:\\\/\\\/fonsvinum.com\\\/de\\\/\"},{\"@type\":\"ListItem\",\"position\":2,\"name\":\"Shop\",\"item\":\"https:\\\/\\\/fonsvinum.com\\\/de\\\/shop\\\/\"},{\"@type\":\"ListItem\",\"position\":3,\"name\":\"ELIO GRASSO Barolo Ginestra Vigna Casa Mate 2021\"}]},{\"@type\":\"WebSite\",\"@id\":\"https:\\\/\\\/fonsvinum.com\\\/en\\\/#website\",\"url\":\"https:\\\/\\\/fonsvinum.com\\\/en\\\/\",\"name\":\"Fons Vinum\",\"description\":\"Vendita Vino Online\",\"publisher\":{\"@id\":\"https:\\\/\\\/fonsvinum.com\\\/en\\\/#organization\"},\"potentialAction\":[{\"@type\":\"SearchAction\",\"target\":{\"@type\":\"EntryPoint\",\"urlTemplate\":\"https:\\\/\\\/fonsvinum.com\\\/en\\\/?s={search_term_string}\"},\"query-input\":{\"@type\":\"PropertyValueSpecification\",\"valueRequired\":true,\"valueName\":\"search_term_string\"}}],\"inLanguage\":\"de\"},{\"@type\":\"Organization\",\"@id\":\"https:\\\/\\\/fonsvinum.com\\\/en\\\/#organization\",\"name\":\"Fons Vinum\",\"url\":\"https:\\\/\\\/fonsvinum.com\\\/en\\\/\",\"logo\":{\"@type\":\"ImageObject\",\"inLanguage\":\"de\",\"@id\":\"https:\\\/\\\/fonsvinum.com\\\/en\\\/#\\\/schema\\\/logo\\\/image\\\/\",\"url\":\"\",\"contentUrl\":\"\",\"caption\":\"Fons Vinum\"},\"image\":{\"@id\":\"https:\\\/\\\/fonsvinum.com\\\/en\\\/#\\\/schema\\\/logo\\\/image\\\/\"}}]}<\/script>\n<!-- \/ Yoast SEO plugin. -->","yoast_head_json":{"title":"ELIO GRASSO Barolo Ginestra Vigna Casa Mate 2021","description":"ELIO GRASSO Barolo Ginestra Vigna Casa Mate 2021 - Fons Vinum - Der 2015er Casa Mate zeigt sich extrem kraftvoll und pr\u00e4zise.","robots":{"index":"index","follow":"follow","max-snippet":"max-snippet:-1","max-image-preview":"max-image-preview:large","max-video-preview":"max-video-preview:-1"},"canonical":"https:\/\/fonsvinum.com\/de\/produkt\/elio-grasso-barolo-ginestra-vigna-casa-mate-2021\/","og_locale":"de_DE","og_type":"article","og_title":"ELIO GRASSO Barolo Ginestra Vigna Casa Mate 2021","og_description":"ELIO GRASSO Barolo Ginestra Vigna Casa Mate 2021 - Fons Vinum - Der 2015er Casa Mate zeigt sich extrem kraftvoll und pr\u00e4zise.","og_url":"https:\/\/fonsvinum.com\/de\/produkt\/elio-grasso-barolo-ginestra-vigna-casa-mate-2021\/","og_site_name":"Fons Vinum","article_modified_time":"2025-07-08T09:44:30+00:00","og_image":[{"width":200,"height":600,"url":"https:\/\/fonsvinum.com\/files\/2017\/01\/Barolo-Ginestra-Vigna-Casa-Mate-Elio-Grasso.png","type":"image\/png"}],"twitter_misc":{"Gesch\u00e4tzte Lesezeit":"1\u00a0Minute"},"schema":{"@context":"https:\/\/schema.org","@graph":[{"@type":"WebPage","@id":"https:\/\/fonsvinum.com\/de\/produkt\/elio-grasso-barolo-ginestra-vigna-casa-mate-2021\/","url":"https:\/\/fonsvinum.com\/de\/produkt\/elio-grasso-barolo-ginestra-vigna-casa-mate-2021\/","name":"ELIO GRASSO Barolo Ginestra Vigna Casa Mate 2021","isPartOf":{"@id":"https:\/\/fonsvinum.com\/en\/#website"},"primaryImageOfPage":{"@id":"https:\/\/fonsvinum.com\/de\/produkt\/elio-grasso-barolo-ginestra-vigna-casa-mate-2021\/#primaryimage"},"image":{"@id":"https:\/\/fonsvinum.com\/de\/produkt\/elio-grasso-barolo-ginestra-vigna-casa-mate-2021\/#primaryimage"},"thumbnailUrl":"https:\/\/fonsvinum.com\/files\/2017\/01\/Barolo-Ginestra-Vigna-Casa-Mate-Elio-Grasso.png","datePublished":"2025-07-08T09:38:54+00:00","dateModified":"2025-07-08T09:44:30+00:00","description":"ELIO GRASSO Barolo Ginestra Vigna Casa Mate 2021 - Fons Vinum - Der 2015er Casa Mate zeigt sich extrem kraftvoll und pr\u00e4zise.","breadcrumb":{"@id":"https:\/\/fonsvinum.com\/de\/produkt\/elio-grasso-barolo-ginestra-vigna-casa-mate-2021\/#breadcrumb"},"inLanguage":"de","potentialAction":[{"@type":"ReadAction","target":["https:\/\/fonsvinum.com\/de\/produkt\/elio-grasso-barolo-ginestra-vigna-casa-mate-2021\/"]}]},{"@type":"ImageObject","inLanguage":"de","@id":"https:\/\/fonsvinum.com\/de\/produkt\/elio-grasso-barolo-ginestra-vigna-casa-mate-2021\/#primaryimage","url":"https:\/\/fonsvinum.com\/files\/2017\/01\/Barolo-Ginestra-Vigna-Casa-Mate-Elio-Grasso.png","contentUrl":"https:\/\/fonsvinum.com\/files\/2017\/01\/Barolo-Ginestra-Vigna-Casa-Mate-Elio-Grasso.png","width":200,"height":600},{"@type":"BreadcrumbList","@id":"https:\/\/fonsvinum.com\/de\/produkt\/elio-grasso-barolo-ginestra-vigna-casa-mate-2021\/#breadcrumb","itemListElement":[{"@type":"ListItem","position":1,"name":"Startseite","item":"https:\/\/fonsvinum.com\/de\/"},{"@type":"ListItem","position":2,"name":"Shop","item":"https:\/\/fonsvinum.com\/de\/shop\/"},{"@type":"ListItem","position":3,"name":"ELIO GRASSO Barolo Ginestra Vigna Casa Mate 2021"}]},{"@type":"WebSite","@id":"https:\/\/fonsvinum.com\/en\/#website","url":"https:\/\/fonsvinum.com\/en\/","name":"Fons Vinum","description":"Vendita Vino Online","publisher":{"@id":"https:\/\/fonsvinum.com\/en\/#organization"},"potentialAction":[{"@type":"SearchAction","target":{"@type":"EntryPoint","urlTemplate":"https:\/\/fonsvinum.com\/en\/?s={search_term_string}"},"query-input":{"@type":"PropertyValueSpecification","valueRequired":true,"valueName":"search_term_string"}}],"inLanguage":"de"},{"@type":"Organization","@id":"https:\/\/fonsvinum.com\/en\/#organization","name":"Fons Vinum","url":"https:\/\/fonsvinum.com\/en\/","logo":{"@type":"ImageObject","inLanguage":"de","@id":"https:\/\/fonsvinum.com\/en\/#\/schema\/logo\/image\/","url":"","contentUrl":"","caption":"Fons Vinum"},"image":{"@id":"https:\/\/fonsvinum.com\/en\/#\/schema\/logo\/image\/"}}]}},"acf":[],"_links":{"self":[{"href":"https:\/\/fonsvinum.com\/de\/wp-json\/wp\/v2\/product\/46977","targetHints":{"allow":["GET"]}}],"collection":[{"href":"https:\/\/fonsvinum.com\/de\/wp-json\/wp\/v2\/product"}],"about":[{"href":"https:\/\/fonsvinum.com\/de\/wp-json\/wp\/v2\/types\/product"}],"replies":[{"embeddable":true,"href":"https:\/\/fonsvinum.com\/de\/wp-json\/wp\/v2\/comments?post=46977"}],"wp:featuredmedia":[{"embeddable":true,"href":"https:\/\/fonsvinum.com\/de\/wp-json\/wp\/v2\/media\/9981"}],"wp:attachment":[{"href":"https:\/\/fonsvinum.com\/de\/wp-json\/wp\/v2\/media?parent=46977"}],"wp:term":[{"taxonomy":"product_brand","embeddable":true,"href":"https:\/\/fonsvinum.com\/de\/wp-json\/wp\/v2\/product_brand?post=46977"},{"taxonomy":"product_cat","embeddable":true,"href":"https:\/\/fonsvinum.com\/de\/wp-json\/wp\/v2\/product_cat?post=46977"},{"taxonomy":"product_tag","embeddable":true,"href":"https:\/\/fonsvinum.com\/de\/wp-json\/wp\/v2\/product_tag?post=46977"}],"curies":[{"name":"wp","href":"https:\/\/api.w.org\/{rel}","templated":true}]}}