{"id":46971,"date":"2025-07-08T11:05:56","date_gmt":"2025-07-08T09:05:56","guid":{"rendered":"https:\/\/fonsvinum.com\/?post_type=product&#038;p=46971"},"modified":"2025-07-08T11:12:53","modified_gmt":"2025-07-08T09:12:53","slug":"barolo-riserva-runcot-elio-grasso-2016","status":"publish","type":"product","link":"https:\/\/fonsvinum.com\/de\/produkt\/barolo-riserva-runcot-elio-grasso-2016\/","title":{"rendered":"Barolo Riserva Runcot Elio Grasso 2016"},"content":{"rendered":"<p>Barolo Riserva Runcot Elio Grasso 2016 ist ein h\u00f6chstdekorierter und charakteristischer Barolo mit einem \u00fcppigen Bukett von s\u00fc\u00dfen Kirschen, feiner Waldw\u00fcrze, Minze und Lakritz. Ein aufw\u00fchlender Tropfen voll komplexer Finesse, lebhafter S\u00e4ure und samtweichem Schmelz!<\/p>\n","protected":false},"excerpt":{"rendered":"<p>Barolo Riserva Runcot Elio Grasso 2016 ist ein h\u00f6chstdekorierter und charakteristischer Barolo mit einem \u00fcppigen Bukett von s\u00fc\u00dfen Kirschen, feiner Waldw\u00fcrze, Minze und Lakritz. Ein aufw\u00fchlender Tropfen voll komplexer Finesse, lebhafter S\u00e4ure und samtweichem Schmelz!<\/p>\n","protected":false},"featured_media":10061,"comment_status":"open","ping_status":"closed","template":"","meta":{"_acf_changed":false,"_monsterinsights_skip_tracking":false,"_monsterinsights_sitenote_active":false,"_monsterinsights_sitenote_note":"","_monsterinsights_sitenote_category":0},"product_brand":[],"product_cat":[],"product_tag":[1733,15903],"class_list":{"0":"post-46971","1":"product","2":"type-product","3":"status-publish","4":"has-post-thumbnail","6":"product_tag-aussergewoehnliche-weine-de","7":"product_tag-barolo-de","8":"pa_appellation-barolo-riserva-docg-de","9":"pa_formato-0-75-l-flasche-de","10":"pa_producer-elio-grasso-de-3","11":"pa_region-piemont-de","12":"pa_vine-nebbiolo-de","13":"pa_vintage-2016-de","15":"first","16":"instock","17":"taxable","18":"shipping-taxable","19":"purchasable","20":"product-type-simple"},"bundled_by":[],"bundle_stock_status":"instock","bundle_stock_quantity":3,"bundle_virtual":false,"bundle_layout":"","bundle_add_to_cart_form_location":"","bundle_editable_in_cart":false,"bundle_sold_individually_context":"","bundle_item_grouping":"","bundle_min_size":"","bundle_max_size":"","bundle_price":[],"bundled_items":[],"bundle_sell_ids":[],"yoast_head":"<!-- This site is optimized with the Yoast SEO plugin v27.3 - https:\/\/yoast.com\/product\/yoast-seo-wordpress\/ -->\n<title>Barolo Riserva Runcot Elio Grasso 2016 wine online| FonsVinum<\/title>\n<meta name=\"description\" content=\"Barolo Riserva Runcot Elio Grasso 2016\" \/>\n<meta name=\"robots\" content=\"index, follow, max-snippet:-1, max-image-preview:large, max-video-preview:-1\" \/>\n<link rel=\"canonical\" href=\"https:\/\/fonsvinum.com\/de\/produkt\/barolo-riserva-runcot-elio-grasso-2016\/\" \/>\n<meta property=\"og:locale\" content=\"de_DE\" \/>\n<meta property=\"og:type\" content=\"article\" \/>\n<meta property=\"og:title\" content=\"Barolo Riserva Runcot Elio Grasso 2016 wine online| FonsVinum\" \/>\n<meta property=\"og:description\" content=\"Barolo Riserva Runcot Elio Grasso 2016\" \/>\n<meta property=\"og:url\" content=\"https:\/\/fonsvinum.com\/de\/produkt\/barolo-riserva-runcot-elio-grasso-2016\/\" \/>\n<meta property=\"og:site_name\" content=\"Fons Vinum\" \/>\n<meta property=\"article:modified_time\" content=\"2025-07-08T09:12:53+00:00\" \/>\n<meta property=\"og:image\" content=\"https:\/\/fonsvinum.com\/files\/2017\/01\/Barolo-Riserva-Runcot-Elio-Grasso.png\" \/>\n\t<meta property=\"og:image:width\" content=\"200\" \/>\n\t<meta property=\"og:image:height\" content=\"600\" \/>\n\t<meta property=\"og:image:type\" content=\"image\/png\" \/>\n<meta name=\"twitter:label1\" content=\"Gesch\u00e4tzte Lesezeit\" \/>\n\t<meta name=\"twitter:data1\" content=\"1\u00a0Minute\" \/>\n<script type=\"application\/ld+json\" class=\"yoast-schema-graph\">{\"@context\":\"https:\\\/\\\/schema.org\",\"@graph\":[{\"@type\":\"WebPage\",\"@id\":\"https:\\\/\\\/fonsvinum.com\\\/de\\\/produkt\\\/barolo-riserva-runcot-elio-grasso-2016\\\/\",\"url\":\"https:\\\/\\\/fonsvinum.com\\\/de\\\/produkt\\\/barolo-riserva-runcot-elio-grasso-2016\\\/\",\"name\":\"Barolo Riserva Runcot Elio Grasso 2016 wine online| FonsVinum\",\"isPartOf\":{\"@id\":\"https:\\\/\\\/fonsvinum.com\\\/en\\\/#website\"},\"primaryImageOfPage\":{\"@id\":\"https:\\\/\\\/fonsvinum.com\\\/de\\\/produkt\\\/barolo-riserva-runcot-elio-grasso-2016\\\/#primaryimage\"},\"image\":{\"@id\":\"https:\\\/\\\/fonsvinum.com\\\/de\\\/produkt\\\/barolo-riserva-runcot-elio-grasso-2016\\\/#primaryimage\"},\"thumbnailUrl\":\"https:\\\/\\\/fonsvinum.com\\\/files\\\/2017\\\/01\\\/Barolo-Riserva-Runcot-Elio-Grasso.png\",\"datePublished\":\"2025-07-08T09:05:56+00:00\",\"dateModified\":\"2025-07-08T09:12:53+00:00\",\"description\":\"Barolo Riserva Runcot Elio Grasso 2016\",\"breadcrumb\":{\"@id\":\"https:\\\/\\\/fonsvinum.com\\\/de\\\/produkt\\\/barolo-riserva-runcot-elio-grasso-2016\\\/#breadcrumb\"},\"inLanguage\":\"de\",\"potentialAction\":[{\"@type\":\"ReadAction\",\"target\":[\"https:\\\/\\\/fonsvinum.com\\\/de\\\/produkt\\\/barolo-riserva-runcot-elio-grasso-2016\\\/\"]}]},{\"@type\":\"ImageObject\",\"inLanguage\":\"de\",\"@id\":\"https:\\\/\\\/fonsvinum.com\\\/de\\\/produkt\\\/barolo-riserva-runcot-elio-grasso-2016\\\/#primaryimage\",\"url\":\"https:\\\/\\\/fonsvinum.com\\\/files\\\/2017\\\/01\\\/Barolo-Riserva-Runcot-Elio-Grasso.png\",\"contentUrl\":\"https:\\\/\\\/fonsvinum.com\\\/files\\\/2017\\\/01\\\/Barolo-Riserva-Runcot-Elio-Grasso.png\",\"width\":200,\"height\":600},{\"@type\":\"BreadcrumbList\",\"@id\":\"https:\\\/\\\/fonsvinum.com\\\/de\\\/produkt\\\/barolo-riserva-runcot-elio-grasso-2016\\\/#breadcrumb\",\"itemListElement\":[{\"@type\":\"ListItem\",\"position\":1,\"name\":\"Startseite\",\"item\":\"https:\\\/\\\/fonsvinum.com\\\/de\\\/\"},{\"@type\":\"ListItem\",\"position\":2,\"name\":\"Shop\",\"item\":\"https:\\\/\\\/fonsvinum.com\\\/de\\\/shop\\\/\"},{\"@type\":\"ListItem\",\"position\":3,\"name\":\"Barolo Riserva Runcot Elio Grasso 2016\"}]},{\"@type\":\"WebSite\",\"@id\":\"https:\\\/\\\/fonsvinum.com\\\/en\\\/#website\",\"url\":\"https:\\\/\\\/fonsvinum.com\\\/en\\\/\",\"name\":\"Fons Vinum\",\"description\":\"Vendita Vino Online\",\"publisher\":{\"@id\":\"https:\\\/\\\/fonsvinum.com\\\/en\\\/#organization\"},\"potentialAction\":[{\"@type\":\"SearchAction\",\"target\":{\"@type\":\"EntryPoint\",\"urlTemplate\":\"https:\\\/\\\/fonsvinum.com\\\/en\\\/?s={search_term_string}\"},\"query-input\":{\"@type\":\"PropertyValueSpecification\",\"valueRequired\":true,\"valueName\":\"search_term_string\"}}],\"inLanguage\":\"de\"},{\"@type\":\"Organization\",\"@id\":\"https:\\\/\\\/fonsvinum.com\\\/en\\\/#organization\",\"name\":\"Fons Vinum\",\"url\":\"https:\\\/\\\/fonsvinum.com\\\/en\\\/\",\"logo\":{\"@type\":\"ImageObject\",\"inLanguage\":\"de\",\"@id\":\"https:\\\/\\\/fonsvinum.com\\\/en\\\/#\\\/schema\\\/logo\\\/image\\\/\",\"url\":\"\",\"contentUrl\":\"\",\"caption\":\"Fons Vinum\"},\"image\":{\"@id\":\"https:\\\/\\\/fonsvinum.com\\\/en\\\/#\\\/schema\\\/logo\\\/image\\\/\"}}]}<\/script>\n<!-- \/ Yoast SEO plugin. -->","yoast_head_json":{"title":"Barolo Riserva Runcot Elio Grasso 2016 wine online| FonsVinum","description":"Barolo Riserva Runcot Elio Grasso 2016","robots":{"index":"index","follow":"follow","max-snippet":"max-snippet:-1","max-image-preview":"max-image-preview:large","max-video-preview":"max-video-preview:-1"},"canonical":"https:\/\/fonsvinum.com\/de\/produkt\/barolo-riserva-runcot-elio-grasso-2016\/","og_locale":"de_DE","og_type":"article","og_title":"Barolo Riserva Runcot Elio Grasso 2016 wine online| FonsVinum","og_description":"Barolo Riserva Runcot Elio Grasso 2016","og_url":"https:\/\/fonsvinum.com\/de\/produkt\/barolo-riserva-runcot-elio-grasso-2016\/","og_site_name":"Fons Vinum","article_modified_time":"2025-07-08T09:12:53+00:00","og_image":[{"width":200,"height":600,"url":"https:\/\/fonsvinum.com\/files\/2017\/01\/Barolo-Riserva-Runcot-Elio-Grasso.png","type":"image\/png"}],"twitter_misc":{"Gesch\u00e4tzte Lesezeit":"1\u00a0Minute"},"schema":{"@context":"https:\/\/schema.org","@graph":[{"@type":"WebPage","@id":"https:\/\/fonsvinum.com\/de\/produkt\/barolo-riserva-runcot-elio-grasso-2016\/","url":"https:\/\/fonsvinum.com\/de\/produkt\/barolo-riserva-runcot-elio-grasso-2016\/","name":"Barolo Riserva Runcot Elio Grasso 2016 wine online| FonsVinum","isPartOf":{"@id":"https:\/\/fonsvinum.com\/en\/#website"},"primaryImageOfPage":{"@id":"https:\/\/fonsvinum.com\/de\/produkt\/barolo-riserva-runcot-elio-grasso-2016\/#primaryimage"},"image":{"@id":"https:\/\/fonsvinum.com\/de\/produkt\/barolo-riserva-runcot-elio-grasso-2016\/#primaryimage"},"thumbnailUrl":"https:\/\/fonsvinum.com\/files\/2017\/01\/Barolo-Riserva-Runcot-Elio-Grasso.png","datePublished":"2025-07-08T09:05:56+00:00","dateModified":"2025-07-08T09:12:53+00:00","description":"Barolo Riserva Runcot Elio Grasso 2016","breadcrumb":{"@id":"https:\/\/fonsvinum.com\/de\/produkt\/barolo-riserva-runcot-elio-grasso-2016\/#breadcrumb"},"inLanguage":"de","potentialAction":[{"@type":"ReadAction","target":["https:\/\/fonsvinum.com\/de\/produkt\/barolo-riserva-runcot-elio-grasso-2016\/"]}]},{"@type":"ImageObject","inLanguage":"de","@id":"https:\/\/fonsvinum.com\/de\/produkt\/barolo-riserva-runcot-elio-grasso-2016\/#primaryimage","url":"https:\/\/fonsvinum.com\/files\/2017\/01\/Barolo-Riserva-Runcot-Elio-Grasso.png","contentUrl":"https:\/\/fonsvinum.com\/files\/2017\/01\/Barolo-Riserva-Runcot-Elio-Grasso.png","width":200,"height":600},{"@type":"BreadcrumbList","@id":"https:\/\/fonsvinum.com\/de\/produkt\/barolo-riserva-runcot-elio-grasso-2016\/#breadcrumb","itemListElement":[{"@type":"ListItem","position":1,"name":"Startseite","item":"https:\/\/fonsvinum.com\/de\/"},{"@type":"ListItem","position":2,"name":"Shop","item":"https:\/\/fonsvinum.com\/de\/shop\/"},{"@type":"ListItem","position":3,"name":"Barolo Riserva Runcot Elio Grasso 2016"}]},{"@type":"WebSite","@id":"https:\/\/fonsvinum.com\/en\/#website","url":"https:\/\/fonsvinum.com\/en\/","name":"Fons Vinum","description":"Vendita Vino Online","publisher":{"@id":"https:\/\/fonsvinum.com\/en\/#organization"},"potentialAction":[{"@type":"SearchAction","target":{"@type":"EntryPoint","urlTemplate":"https:\/\/fonsvinum.com\/en\/?s={search_term_string}"},"query-input":{"@type":"PropertyValueSpecification","valueRequired":true,"valueName":"search_term_string"}}],"inLanguage":"de"},{"@type":"Organization","@id":"https:\/\/fonsvinum.com\/en\/#organization","name":"Fons Vinum","url":"https:\/\/fonsvinum.com\/en\/","logo":{"@type":"ImageObject","inLanguage":"de","@id":"https:\/\/fonsvinum.com\/en\/#\/schema\/logo\/image\/","url":"","contentUrl":"","caption":"Fons Vinum"},"image":{"@id":"https:\/\/fonsvinum.com\/en\/#\/schema\/logo\/image\/"}}]}},"acf":[],"_links":{"self":[{"href":"https:\/\/fonsvinum.com\/de\/wp-json\/wp\/v2\/product\/46971","targetHints":{"allow":["GET"]}}],"collection":[{"href":"https:\/\/fonsvinum.com\/de\/wp-json\/wp\/v2\/product"}],"about":[{"href":"https:\/\/fonsvinum.com\/de\/wp-json\/wp\/v2\/types\/product"}],"replies":[{"embeddable":true,"href":"https:\/\/fonsvinum.com\/de\/wp-json\/wp\/v2\/comments?post=46971"}],"wp:featuredmedia":[{"embeddable":true,"href":"https:\/\/fonsvinum.com\/de\/wp-json\/wp\/v2\/media\/10061"}],"wp:attachment":[{"href":"https:\/\/fonsvinum.com\/de\/wp-json\/wp\/v2\/media?parent=46971"}],"wp:term":[{"taxonomy":"product_brand","embeddable":true,"href":"https:\/\/fonsvinum.com\/de\/wp-json\/wp\/v2\/product_brand?post=46971"},{"taxonomy":"product_cat","embeddable":true,"href":"https:\/\/fonsvinum.com\/de\/wp-json\/wp\/v2\/product_cat?post=46971"},{"taxonomy":"product_tag","embeddable":true,"href":"https:\/\/fonsvinum.com\/de\/wp-json\/wp\/v2\/product_tag?post=46971"}],"curies":[{"name":"wp","href":"https:\/\/api.w.org\/{rel}","templated":true}]}}