{"id":46927,"date":"2025-07-02T17:18:59","date_gmt":"2025-07-02T15:18:59","guid":{"rendered":"https:\/\/fonsvinum.com\/?post_type=product&#038;p=46927"},"modified":"2025-07-02T17:33:39","modified_gmt":"2025-07-02T15:33:39","slug":"cantina-terlano-chardonnay-tradition-2024","status":"publish","type":"product","link":"https:\/\/fonsvinum.com\/de\/produkt\/cantina-terlano-chardonnay-tradition-2024\/","title":{"rendered":"CANTINA TERLANO Chardonnay Tradition 2024"},"content":{"rendered":"<h2>CANTINA TERLANO Chardonnay Tradition 2024<\/h2>\n<p>CANTINA TERLANO Chardonnay Tradition 2024<\/p>\n<h2>KELLEREI &#8211;<a href=\"https:\/\/fonsvinum.com\/de\/attributes\/producer\/terlan-de\/\"> CANTINA TERLANO<\/a><\/h2>\n<p>Im Jahre 1893 gegr\u00fcndet, z\u00e4hlt die Kellerei Terlan heute zu den f\u00fchrenden Winzergenossenschaften in S\u00fcdtirol. Ihr geh\u00f6ren aktuell 143 Mitglieder an, mit einer Anbaufl\u00e4che von 190 Hektar \u2013 dies entspricht einer abgef\u00fcllten Gesamtmenge von j\u00e4hrlich 1,5 Millionen Flaschen. Gemeinsam mit unseren Mitgliedern verfolgen wir seit vielen Jahren einen strengen Qualit\u00e4tskurs, der uns Renommee und Anerkennung vom italienischen und internationalen Weinmarkt eingebracht hat. Die Kellerei Terlan ist somit trotz ihrer \u00fcberschaubaren Gr\u00f6\u00dfe zu einer festen Institution in der Fachwelt avanciert.<\/p>\n<h2>Chardonnay Tradition<\/h2>\n<p>Sortentypische Jahrgangsweine aus den traditionellen S\u00fcdtiroler Rebsorten mit vielschichtiger Aromatik, Struktur, Komplexit\u00e4t und Dichte.<\/p>\n<h2>Chardonnay<\/h2>\n<blockquote><p>&#8222;Die internationale Rebsorte Chardonnay ist aus Terlans Weinbergen nicht mehr wegzudenken und beschert uns nicht nur in unserer Cuv\u00e9e sondern auch sortenrein vinifiziert allj\u00e4hrlich frische Weine mit einer sehr interessanten tropischen Fruchtkomponente, die \u00e4u\u00dferst vielf\u00e4ltig kombiniert werden k\u00f6nnen.&#8220;<br \/>\n<em>Rudi Kofler<\/em><\/p><\/blockquote>\n<h3>Ausbau<\/h3>\n<div class=\"info-container\">\n<div class=\"text\">\n<p>Lese und Traubenselektion per Hand; sanfte Pressung und Kl\u00e4rung des Mostes durch nat\u00fcrliche Sedimentation von den Trubstoffen; langsame G\u00e4rung bei kontrollierter Temperatur im Edelstahlbeh\u00e4lter; Lagerung und Reife f\u00fcr 6 &#8211; 7 Monate auf der Feinhefe im Stahltank.<\/p>\n<\/div>\n<\/div>\n<h3>Jahrgang 2024<\/h3>\n<p>Das Weinbaujahr 2024 begann mit einem au\u00dfergew\u00f6hnlich nassen Fr\u00fchjahr \u2013 dem regenreichsten seit 1965. Die k\u00fchlen und feuchten Wetterbedingungen hielten bis zur Bl\u00fcte im Mai und Anfang Juni an. Dies f\u00fchrte zu einer verz\u00f6gerten Bl\u00fcte und bei einigen Rebsorten zu einer Verieselung der Trauben. Infolgedessen kam es zu Ertragsr\u00fcckg\u00e4ngen von 15 bis 40 Prozent. Besonders betroffen waren die Sorten Sauvignon Blanc, Wei\u00dfburgunder und Lagrein.<\/p>\n<p>Der Juli war von zahlreichen Gewittern gepr\u00e4gt, w\u00e4hrend der August trockenes und warmes Wetter brachte. Diese Wetterlage hielt bis Anfang September an, bevor Mitte des Monats eine deutliche Abk\u00fchlung einsetzte. Dadurch verlangsamte sich die Traubenreife erheblich und f\u00fcr die sp\u00e4treifenden Rotweinsorten war es herausfordernd, die Vollreife zu erreichen.<\/p>\n<p>In diesem anspruchsvollen Jahr haben sich vor allem wertvolle, exponierte Weinlagen als besonders vorteilhaft erwiesen. Die Wetterbedingungen verlangten den Winzern viel Arbeit, Engagement und Fachwissen ab. Doch der gro\u00dfe Einsatz hat sich gelohnt:<\/p>\n<p>Der Jahrgang 2024 pr\u00e4sentiert sich vielversprechend! Besonders die Wei\u00dfweine sowie die Pinot Noirs stechen schon jetzt positiv hervor.<\/p>\n<h3>Charakter<\/h3>\n<ul>\n<li><strong>Farbe:<\/strong> Helles, funkelndes strohgelb.<\/li>\n<li><strong>Geruch: <\/strong>Der Duft dieses Chardonnay setzt exotisch fruchtige Geruchsempfindungen frei, mit Ankl\u00e4ngen an Banane, Quitte, Passionsfrucht, Mango und Zuckemelone. Aber auch ein Hauch von Zitronenmelisse kennzeichnet diesen Wei\u00dfwein.<\/li>\n<li><strong>Geschmack:<\/strong> Durch einen Hauch von Birne wirkt der Chardonnay am Gaumen weich und harmonisch gepaart mit leicht s\u00fc\u00dflichen exotischen Fruchtkomponenten. Die leicht salzige wirkende mineralische Note macht diesen Wein sehr geschmeidig und verleiht ihm ein interessantes Volumen.<\/li>\n<li><strong>Serviertemperatur:<\/strong> 10 &#8211; 12 \u00b0C<\/li>\n<\/ul>\n","protected":false},"excerpt":{"rendered":"<p>CANTINA TERLANO Chardonnay Tradition 2024 CANTINA TERLANO Chardonnay Tradition 2024 KELLEREI &#8211; CANTINA TERLANO Im Jahre 1893 gegr\u00fcndet, z\u00e4hlt die Kellerei Terlan heute zu den f\u00fchrenden Winzergenossenschaften in S\u00fcdtirol. Ihr geh\u00f6ren aktuell 143 Mitglieder an, mit einer Anbaufl\u00e4che von 190 Hektar \u2013 dies entspricht einer abgef\u00fcllten Gesamtmenge von j\u00e4hrlich 1,5 Millionen Flaschen. Gemeinsam mit unseren [&hellip;]<\/p>\n","protected":false},"featured_media":40033,"comment_status":"open","ping_status":"closed","template":"","meta":{"_acf_changed":false,"_monsterinsights_skip_tracking":false,"_monsterinsights_sitenote_active":false,"_monsterinsights_sitenote_note":"","_monsterinsights_sitenote_category":0},"product_brand":[],"product_cat":[1778],"product_tag":[17742],"class_list":{"0":"post-46927","1":"product","2":"type-product","3":"status-publish","4":"has-post-thumbnail","6":"product_cat-chardonnay-de","7":"product_tag-vino-bianco-de","8":"pa_appellation-alto-adige-sudtirol-doc-de","9":"pa_formato-0-75-l-flasche-de","10":"pa_producer-terlan-de","11":"pa_region-trentino-tiroler-etschland-de","12":"pa_vine-100-chardonnay-de","13":"pa_vintage-18405","15":"first","16":"instock","17":"taxable","18":"shipping-taxable","19":"purchasable","20":"product-type-simple"},"bundled_by":[],"bundle_stock_status":"instock","bundle_stock_quantity":6,"bundle_virtual":false,"bundle_layout":"","bundle_add_to_cart_form_location":"","bundle_editable_in_cart":false,"bundle_sold_individually_context":"","bundle_item_grouping":"","bundle_min_size":"","bundle_max_size":"","bundle_price":[],"bundled_items":[],"bundle_sell_ids":[],"yoast_head":"<!-- This site is optimized with the Yoast SEO plugin v27.3 - https:\/\/yoast.com\/product\/yoast-seo-wordpress\/ -->\n<title>Kaufen CANTINA TERLANO Chardonnay Tradition 2024<\/title>\n<meta name=\"description\" content=\"Kaufen online CANTINA TERLANO Chardonnay Tradition 2024 - FonsVinum -\" \/>\n<meta name=\"robots\" content=\"index, follow, max-snippet:-1, max-image-preview:large, max-video-preview:-1\" \/>\n<link rel=\"canonical\" href=\"https:\/\/fonsvinum.com\/de\/produkt\/cantina-terlano-chardonnay-tradition-2024\/\" \/>\n<meta property=\"og:locale\" content=\"de_DE\" \/>\n<meta property=\"og:type\" content=\"article\" \/>\n<meta property=\"og:title\" content=\"Kaufen CANTINA TERLANO Chardonnay Tradition 2024\" \/>\n<meta property=\"og:description\" content=\"Kaufen online CANTINA TERLANO Chardonnay Tradition 2024 - FonsVinum -\" \/>\n<meta property=\"og:url\" content=\"https:\/\/fonsvinum.com\/de\/produkt\/cantina-terlano-chardonnay-tradition-2024\/\" \/>\n<meta property=\"og:site_name\" content=\"Fons Vinum\" \/>\n<meta property=\"article:modified_time\" content=\"2025-07-02T15:33:39+00:00\" \/>\n<meta property=\"og:image\" content=\"https:\/\/fonsvinum.com\/files\/2023\/03\/terlan-chardonnay-tradition-2022.png\" \/>\n\t<meta property=\"og:image:width\" content=\"220\" \/>\n\t<meta property=\"og:image:height\" content=\"600\" \/>\n\t<meta property=\"og:image:type\" content=\"image\/png\" \/>\n<meta name=\"twitter:label1\" content=\"Gesch\u00e4tzte Lesezeit\" \/>\n\t<meta name=\"twitter:data1\" content=\"3\u00a0Minuten\" \/>\n<script type=\"application\/ld+json\" class=\"yoast-schema-graph\">{\"@context\":\"https:\\\/\\\/schema.org\",\"@graph\":[{\"@type\":\"WebPage\",\"@id\":\"https:\\\/\\\/fonsvinum.com\\\/de\\\/produkt\\\/cantina-terlano-chardonnay-tradition-2024\\\/\",\"url\":\"https:\\\/\\\/fonsvinum.com\\\/de\\\/produkt\\\/cantina-terlano-chardonnay-tradition-2024\\\/\",\"name\":\"Kaufen CANTINA TERLANO Chardonnay Tradition 2024\",\"isPartOf\":{\"@id\":\"https:\\\/\\\/fonsvinum.com\\\/en\\\/#website\"},\"primaryImageOfPage\":{\"@id\":\"https:\\\/\\\/fonsvinum.com\\\/de\\\/produkt\\\/cantina-terlano-chardonnay-tradition-2024\\\/#primaryimage\"},\"image\":{\"@id\":\"https:\\\/\\\/fonsvinum.com\\\/de\\\/produkt\\\/cantina-terlano-chardonnay-tradition-2024\\\/#primaryimage\"},\"thumbnailUrl\":\"https:\\\/\\\/fonsvinum.com\\\/files\\\/2023\\\/03\\\/terlan-chardonnay-tradition-2022.png\",\"datePublished\":\"2025-07-02T15:18:59+00:00\",\"dateModified\":\"2025-07-02T15:33:39+00:00\",\"description\":\"Kaufen online CANTINA TERLANO Chardonnay Tradition 2024 - FonsVinum -\",\"breadcrumb\":{\"@id\":\"https:\\\/\\\/fonsvinum.com\\\/de\\\/produkt\\\/cantina-terlano-chardonnay-tradition-2024\\\/#breadcrumb\"},\"inLanguage\":\"de\",\"potentialAction\":[{\"@type\":\"ReadAction\",\"target\":[\"https:\\\/\\\/fonsvinum.com\\\/de\\\/produkt\\\/cantina-terlano-chardonnay-tradition-2024\\\/\"]}]},{\"@type\":\"ImageObject\",\"inLanguage\":\"de\",\"@id\":\"https:\\\/\\\/fonsvinum.com\\\/de\\\/produkt\\\/cantina-terlano-chardonnay-tradition-2024\\\/#primaryimage\",\"url\":\"https:\\\/\\\/fonsvinum.com\\\/files\\\/2023\\\/03\\\/terlan-chardonnay-tradition-2022.png\",\"contentUrl\":\"https:\\\/\\\/fonsvinum.com\\\/files\\\/2023\\\/03\\\/terlan-chardonnay-tradition-2022.png\",\"width\":220,\"height\":600},{\"@type\":\"BreadcrumbList\",\"@id\":\"https:\\\/\\\/fonsvinum.com\\\/de\\\/produkt\\\/cantina-terlano-chardonnay-tradition-2024\\\/#breadcrumb\",\"itemListElement\":[{\"@type\":\"ListItem\",\"position\":1,\"name\":\"Startseite\",\"item\":\"https:\\\/\\\/fonsvinum.com\\\/de\\\/\"},{\"@type\":\"ListItem\",\"position\":2,\"name\":\"Shop\",\"item\":\"https:\\\/\\\/fonsvinum.com\\\/de\\\/shop\\\/\"},{\"@type\":\"ListItem\",\"position\":3,\"name\":\"CANTINA TERLANO Chardonnay Tradition 2024\"}]},{\"@type\":\"WebSite\",\"@id\":\"https:\\\/\\\/fonsvinum.com\\\/en\\\/#website\",\"url\":\"https:\\\/\\\/fonsvinum.com\\\/en\\\/\",\"name\":\"Fons Vinum\",\"description\":\"Vendita Vino Online\",\"publisher\":{\"@id\":\"https:\\\/\\\/fonsvinum.com\\\/en\\\/#organization\"},\"potentialAction\":[{\"@type\":\"SearchAction\",\"target\":{\"@type\":\"EntryPoint\",\"urlTemplate\":\"https:\\\/\\\/fonsvinum.com\\\/en\\\/?s={search_term_string}\"},\"query-input\":{\"@type\":\"PropertyValueSpecification\",\"valueRequired\":true,\"valueName\":\"search_term_string\"}}],\"inLanguage\":\"de\"},{\"@type\":\"Organization\",\"@id\":\"https:\\\/\\\/fonsvinum.com\\\/en\\\/#organization\",\"name\":\"Fons Vinum\",\"url\":\"https:\\\/\\\/fonsvinum.com\\\/en\\\/\",\"logo\":{\"@type\":\"ImageObject\",\"inLanguage\":\"de\",\"@id\":\"https:\\\/\\\/fonsvinum.com\\\/en\\\/#\\\/schema\\\/logo\\\/image\\\/\",\"url\":\"\",\"contentUrl\":\"\",\"caption\":\"Fons Vinum\"},\"image\":{\"@id\":\"https:\\\/\\\/fonsvinum.com\\\/en\\\/#\\\/schema\\\/logo\\\/image\\\/\"}}]}<\/script>\n<!-- \/ Yoast SEO plugin. -->","yoast_head_json":{"title":"Kaufen CANTINA TERLANO Chardonnay Tradition 2024","description":"Kaufen online CANTINA TERLANO Chardonnay Tradition 2024 - FonsVinum -","robots":{"index":"index","follow":"follow","max-snippet":"max-snippet:-1","max-image-preview":"max-image-preview:large","max-video-preview":"max-video-preview:-1"},"canonical":"https:\/\/fonsvinum.com\/de\/produkt\/cantina-terlano-chardonnay-tradition-2024\/","og_locale":"de_DE","og_type":"article","og_title":"Kaufen CANTINA TERLANO Chardonnay Tradition 2024","og_description":"Kaufen online CANTINA TERLANO Chardonnay Tradition 2024 - FonsVinum -","og_url":"https:\/\/fonsvinum.com\/de\/produkt\/cantina-terlano-chardonnay-tradition-2024\/","og_site_name":"Fons Vinum","article_modified_time":"2025-07-02T15:33:39+00:00","og_image":[{"width":220,"height":600,"url":"https:\/\/fonsvinum.com\/files\/2023\/03\/terlan-chardonnay-tradition-2022.png","type":"image\/png"}],"twitter_misc":{"Gesch\u00e4tzte Lesezeit":"3\u00a0Minuten"},"schema":{"@context":"https:\/\/schema.org","@graph":[{"@type":"WebPage","@id":"https:\/\/fonsvinum.com\/de\/produkt\/cantina-terlano-chardonnay-tradition-2024\/","url":"https:\/\/fonsvinum.com\/de\/produkt\/cantina-terlano-chardonnay-tradition-2024\/","name":"Kaufen CANTINA TERLANO Chardonnay Tradition 2024","isPartOf":{"@id":"https:\/\/fonsvinum.com\/en\/#website"},"primaryImageOfPage":{"@id":"https:\/\/fonsvinum.com\/de\/produkt\/cantina-terlano-chardonnay-tradition-2024\/#primaryimage"},"image":{"@id":"https:\/\/fonsvinum.com\/de\/produkt\/cantina-terlano-chardonnay-tradition-2024\/#primaryimage"},"thumbnailUrl":"https:\/\/fonsvinum.com\/files\/2023\/03\/terlan-chardonnay-tradition-2022.png","datePublished":"2025-07-02T15:18:59+00:00","dateModified":"2025-07-02T15:33:39+00:00","description":"Kaufen online CANTINA TERLANO Chardonnay Tradition 2024 - FonsVinum -","breadcrumb":{"@id":"https:\/\/fonsvinum.com\/de\/produkt\/cantina-terlano-chardonnay-tradition-2024\/#breadcrumb"},"inLanguage":"de","potentialAction":[{"@type":"ReadAction","target":["https:\/\/fonsvinum.com\/de\/produkt\/cantina-terlano-chardonnay-tradition-2024\/"]}]},{"@type":"ImageObject","inLanguage":"de","@id":"https:\/\/fonsvinum.com\/de\/produkt\/cantina-terlano-chardonnay-tradition-2024\/#primaryimage","url":"https:\/\/fonsvinum.com\/files\/2023\/03\/terlan-chardonnay-tradition-2022.png","contentUrl":"https:\/\/fonsvinum.com\/files\/2023\/03\/terlan-chardonnay-tradition-2022.png","width":220,"height":600},{"@type":"BreadcrumbList","@id":"https:\/\/fonsvinum.com\/de\/produkt\/cantina-terlano-chardonnay-tradition-2024\/#breadcrumb","itemListElement":[{"@type":"ListItem","position":1,"name":"Startseite","item":"https:\/\/fonsvinum.com\/de\/"},{"@type":"ListItem","position":2,"name":"Shop","item":"https:\/\/fonsvinum.com\/de\/shop\/"},{"@type":"ListItem","position":3,"name":"CANTINA TERLANO Chardonnay Tradition 2024"}]},{"@type":"WebSite","@id":"https:\/\/fonsvinum.com\/en\/#website","url":"https:\/\/fonsvinum.com\/en\/","name":"Fons Vinum","description":"Vendita Vino Online","publisher":{"@id":"https:\/\/fonsvinum.com\/en\/#organization"},"potentialAction":[{"@type":"SearchAction","target":{"@type":"EntryPoint","urlTemplate":"https:\/\/fonsvinum.com\/en\/?s={search_term_string}"},"query-input":{"@type":"PropertyValueSpecification","valueRequired":true,"valueName":"search_term_string"}}],"inLanguage":"de"},{"@type":"Organization","@id":"https:\/\/fonsvinum.com\/en\/#organization","name":"Fons Vinum","url":"https:\/\/fonsvinum.com\/en\/","logo":{"@type":"ImageObject","inLanguage":"de","@id":"https:\/\/fonsvinum.com\/en\/#\/schema\/logo\/image\/","url":"","contentUrl":"","caption":"Fons Vinum"},"image":{"@id":"https:\/\/fonsvinum.com\/en\/#\/schema\/logo\/image\/"}}]}},"acf":[],"_links":{"self":[{"href":"https:\/\/fonsvinum.com\/de\/wp-json\/wp\/v2\/product\/46927","targetHints":{"allow":["GET"]}}],"collection":[{"href":"https:\/\/fonsvinum.com\/de\/wp-json\/wp\/v2\/product"}],"about":[{"href":"https:\/\/fonsvinum.com\/de\/wp-json\/wp\/v2\/types\/product"}],"replies":[{"embeddable":true,"href":"https:\/\/fonsvinum.com\/de\/wp-json\/wp\/v2\/comments?post=46927"}],"wp:featuredmedia":[{"embeddable":true,"href":"https:\/\/fonsvinum.com\/de\/wp-json\/wp\/v2\/media\/40033"}],"wp:attachment":[{"href":"https:\/\/fonsvinum.com\/de\/wp-json\/wp\/v2\/media?parent=46927"}],"wp:term":[{"taxonomy":"product_brand","embeddable":true,"href":"https:\/\/fonsvinum.com\/de\/wp-json\/wp\/v2\/product_brand?post=46927"},{"taxonomy":"product_cat","embeddable":true,"href":"https:\/\/fonsvinum.com\/de\/wp-json\/wp\/v2\/product_cat?post=46927"},{"taxonomy":"product_tag","embeddable":true,"href":"https:\/\/fonsvinum.com\/de\/wp-json\/wp\/v2\/product_tag?post=46927"}],"curies":[{"name":"wp","href":"https:\/\/api.w.org\/{rel}","templated":true}]}}