{"id":46903,"date":"2025-07-02T11:49:09","date_gmt":"2025-07-02T09:49:09","guid":{"rendered":"https:\/\/fonsvinum.com\/?post_type=product&#038;p=46903"},"modified":"2025-07-02T12:03:26","modified_gmt":"2025-07-02T10:03:26","slug":"cantina-terlano-vorberg-pinot-bianco-2022","status":"publish","type":"product","link":"https:\/\/fonsvinum.com\/de\/produkt\/cantina-terlano-vorberg-pinot-bianco-2022\/","title":{"rendered":"CANTINA TERLANO Riserva VORBERG Pinot Bianco 2022"},"content":{"rendered":"<h2>CANTINA TERLANO Riserva VORBERG Pinot Bianco 2022<\/h2>\n<p>CANTINA TERLANO Vorberg Pinot <a href=\"https:\/\/www.shopinlanghe.com\/sellers?render_type=sellerview&amp;id_seller=5\">Bianco<\/a> 2022<\/p>\n<h2>KELLEREI &#8211;<a href=\"https:\/\/fonsvinum.com\/de\/attributes\/producer\/terlan-de\/\"> CANTINA TERLANO<\/a><\/h2>\n<p>Im Jahre 1893 gegr\u00fcndet, z\u00e4hlt die Kellerei Terlan heute zu den f\u00fchrenden Winzergenossenschaften in S\u00fcdtirol. Ihr geh\u00f6ren aktuell 143 Mitglieder an, mit einer Anbaufl\u00e4che von 190 Hektar \u2013 dies entspricht einer abgef\u00fcllten Gesamtmenge von j\u00e4hrlich 1,5 Millionen Flaschen. Gemeinsam mit unseren Mitgliedern verfolgen wir seit vielen Jahren einen strengen Qualit\u00e4tskurs, der uns Renommee und Anerkennung vom italienischen und internationalen Weinmarkt eingebracht hat. Die Kellerei Terlan ist somit trotz ihrer \u00fcberschaubaren Gr\u00f6\u00dfe zu einer festen Institution in der Fachwelt avanciert.<\/p>\n<h2><a href=\"https:\/\/fonsvinum.com\/de\/?s=VORBERG&amp;post_type=product\">VORBERG<\/a> PINOT BIANCO RISERVA<\/h2>\n<blockquote><p>&#8222;An den S\u00fcdh\u00e4ngen des Tsch\u00f6ggelbergs liegen im Terlaner DOC-Gebiet sehr sonnenverw\u00f6hnte und steile Weinh\u00f6fe, wo in einer H\u00f6he zwischen 450 und 650 Metern \u00fcber dem Meeresspiegel ein sehr spannender Wei\u00dfburgunder gedeiht. Dieser gehaltvolle und \u00e4u\u00dferst komplexe Wein beeindruckt insbesondere durch seine Mineralit\u00e4t sowie seine beachtliche Entwicklungsf\u00e4higkeit und unterstreicht dadurch das volle Potential dieser Sorte.&#8220;<br \/>\n<em>Rudi Kofler<\/em><\/p><\/blockquote>\n<h3>Ausbau<\/h3>\n<p>Lese und Traubenselektion per Hand; sanfte Ganztraubenpressung und Kl\u00e4rung des Mostes durch nat\u00fcrliche Sedimentation von den Trubstoffen; langsame G\u00e4rung bei kontrollierter Temperatur im gro\u00dfen Eichenfass (70 &amp; 30 hl); parzieller biologischer S\u00e4ureabbau und Reife f\u00fcr 12 Monate auf der Feinhefe im traditionellen Holzfass.<\/p>\n<p>&nbsp;<\/p>\n<h3>Charakter<\/h3>\n<ul>\n<li><strong>Farbe:<\/strong> gl\u00e4nzendes strohgelb mit gr\u00fcnen Nuancen<\/li>\n<li><strong>Geruch:<\/strong> \u00c4u\u00dferst facettenreich l\u00e4sst sich das vielschichtige Bouquet beschreiben, das zum einen von reifen Obstnoten, wie Honigmelone, wei\u00dfem Pfirsich, Birnen und Golden delicious \u00c4pfeln, sowie der Aromatik von Quittengelee, Kamille und Ananas , zum anderen aber auch von einer zart mineralischen Feuersteinnote charakterisiert wird.<\/li>\n<li><strong>Geschmack:<\/strong> Das Zusammenspiel aus fruchtig-aromatischen und salzigen Geschmackskomponenten wiederholt sich auch am Gaumen. Die kompakte Struktur mit elegentem Schmelz sorgt f\u00fcr einen w\u00fcrzigen, langanhaltenden, druckvoll mineralischen Abgang.<\/li>\n<\/ul>\n","protected":false},"excerpt":{"rendered":"<p>CANTINA TERLANO Riserva VORBERG Pinot Bianco 2022 CANTINA TERLANO Vorberg Pinot Bianco 2022 KELLEREI &#8211; CANTINA TERLANO Im Jahre 1893 gegr\u00fcndet, z\u00e4hlt die Kellerei Terlan heute zu den f\u00fchrenden Winzergenossenschaften in S\u00fcdtirol. Ihr geh\u00f6ren aktuell 143 Mitglieder an, mit einer Anbaufl\u00e4che von 190 Hektar \u2013 dies entspricht einer abgef\u00fcllten Gesamtmenge von j\u00e4hrlich 1,5 Millionen Flaschen. [&hellip;]<\/p>\n","protected":false},"featured_media":10321,"comment_status":"open","ping_status":"closed","template":"","meta":{"_acf_changed":false,"_monsterinsights_skip_tracking":false,"_monsterinsights_sitenote_active":false,"_monsterinsights_sitenote_note":"","_monsterinsights_sitenote_category":0},"product_brand":[],"product_cat":[2304],"product_tag":[17742],"class_list":{"0":"post-46903","1":"product","2":"type-product","3":"status-publish","4":"has-post-thumbnail","6":"product_cat-pinot-bianco-de","7":"product_tag-vino-bianco-de","8":"pa_appellation-alto-adige-doc-de","9":"pa_formato-0-75-l-flasche-de","10":"pa_producer-terlan-de","11":"pa_region-trentino-tiroler-etschland-de","12":"pa_vine-100-pinot-bianco-de","13":"pa_vintage-2020-de","15":"first","16":"instock","17":"taxable","18":"shipping-taxable","19":"purchasable","20":"product-type-simple"},"bundled_by":[],"bundle_stock_status":"instock","bundle_stock_quantity":12,"bundle_virtual":false,"bundle_layout":"","bundle_add_to_cart_form_location":"","bundle_editable_in_cart":false,"bundle_sold_individually_context":"","bundle_item_grouping":"","bundle_min_size":"","bundle_max_size":"","bundle_price":[],"bundled_items":[],"bundle_sell_ids":[],"yoast_head":"<!-- This site is optimized with the Yoast SEO plugin v27.2 - https:\/\/yoast.com\/product\/yoast-seo-wordpress\/ -->\n<title>CANTINA TERLANO Riserva VORBERG Pinot Bianco 2022<\/title>\n<meta name=\"description\" content=\"Kaufen online CANTINA TERLANO Riserva VORBERG Pinot Bianco 2022- FonsVinum -\" \/>\n<meta name=\"robots\" content=\"index, follow, max-snippet:-1, max-image-preview:large, max-video-preview:-1\" \/>\n<link rel=\"canonical\" href=\"https:\/\/fonsvinum.com\/de\/produkt\/cantina-terlano-vorberg-pinot-bianco-2022\/\" \/>\n<meta property=\"og:locale\" content=\"de_DE\" \/>\n<meta property=\"og:type\" content=\"article\" \/>\n<meta property=\"og:title\" content=\"CANTINA TERLANO Riserva VORBERG Pinot Bianco 2022\" \/>\n<meta property=\"og:description\" content=\"Kaufen online CANTINA TERLANO Riserva VORBERG Pinot Bianco 2022- FonsVinum -\" \/>\n<meta property=\"og:url\" content=\"https:\/\/fonsvinum.com\/de\/produkt\/cantina-terlano-vorberg-pinot-bianco-2022\/\" \/>\n<meta property=\"og:site_name\" content=\"Fons Vinum\" \/>\n<meta property=\"article:modified_time\" content=\"2025-07-02T10:03:26+00:00\" \/>\n<meta property=\"og:image\" content=\"https:\/\/fonsvinum.com\/files\/2017\/02\/pinot-bianco-vorberg-terlano.png\" \/>\n\t<meta property=\"og:image:width\" content=\"200\" \/>\n\t<meta property=\"og:image:height\" content=\"600\" \/>\n\t<meta property=\"og:image:type\" content=\"image\/png\" \/>\n<meta name=\"twitter:label1\" content=\"Gesch\u00e4tzte Lesezeit\" \/>\n\t<meta name=\"twitter:data1\" content=\"2\u00a0Minuten\" \/>\n<script type=\"application\/ld+json\" class=\"yoast-schema-graph\">{\"@context\":\"https:\/\/schema.org\",\"@graph\":[{\"@type\":\"WebPage\",\"@id\":\"https:\/\/fonsvinum.com\/de\/produkt\/cantina-terlano-vorberg-pinot-bianco-2022\/\",\"url\":\"https:\/\/fonsvinum.com\/de\/produkt\/cantina-terlano-vorberg-pinot-bianco-2022\/\",\"name\":\"CANTINA TERLANO Riserva VORBERG Pinot Bianco 2022\",\"isPartOf\":{\"@id\":\"https:\/\/fonsvinum.com\/en\/#website\"},\"primaryImageOfPage\":{\"@id\":\"https:\/\/fonsvinum.com\/de\/produkt\/cantina-terlano-vorberg-pinot-bianco-2022\/#primaryimage\"},\"image\":{\"@id\":\"https:\/\/fonsvinum.com\/de\/produkt\/cantina-terlano-vorberg-pinot-bianco-2022\/#primaryimage\"},\"thumbnailUrl\":\"https:\/\/fonsvinum.com\/files\/2017\/02\/pinot-bianco-vorberg-terlano.png\",\"datePublished\":\"2025-07-02T09:49:09+00:00\",\"dateModified\":\"2025-07-02T10:03:26+00:00\",\"description\":\"Kaufen online CANTINA TERLANO Riserva VORBERG Pinot Bianco 2022- FonsVinum -\",\"breadcrumb\":{\"@id\":\"https:\/\/fonsvinum.com\/de\/produkt\/cantina-terlano-vorberg-pinot-bianco-2022\/#breadcrumb\"},\"inLanguage\":\"de\",\"potentialAction\":[{\"@type\":\"ReadAction\",\"target\":[\"https:\/\/fonsvinum.com\/de\/produkt\/cantina-terlano-vorberg-pinot-bianco-2022\/\"]}]},{\"@type\":\"ImageObject\",\"inLanguage\":\"de\",\"@id\":\"https:\/\/fonsvinum.com\/de\/produkt\/cantina-terlano-vorberg-pinot-bianco-2022\/#primaryimage\",\"url\":\"https:\/\/fonsvinum.com\/files\/2017\/02\/pinot-bianco-vorberg-terlano.png\",\"contentUrl\":\"https:\/\/fonsvinum.com\/files\/2017\/02\/pinot-bianco-vorberg-terlano.png\",\"width\":200,\"height\":600},{\"@type\":\"BreadcrumbList\",\"@id\":\"https:\/\/fonsvinum.com\/de\/produkt\/cantina-terlano-vorberg-pinot-bianco-2022\/#breadcrumb\",\"itemListElement\":[{\"@type\":\"ListItem\",\"position\":1,\"name\":\"Startseite\",\"item\":\"https:\/\/fonsvinum.com\/de\/\"},{\"@type\":\"ListItem\",\"position\":2,\"name\":\"Shop\",\"item\":\"https:\/\/fonsvinum.com\/de\/shop\/\"},{\"@type\":\"ListItem\",\"position\":3,\"name\":\"CANTINA TERLANO Riserva VORBERG Pinot Bianco 2022\"}]},{\"@type\":\"WebSite\",\"@id\":\"https:\/\/fonsvinum.com\/en\/#website\",\"url\":\"https:\/\/fonsvinum.com\/en\/\",\"name\":\"Fons Vinum\",\"description\":\"Vendita Vino Online\",\"publisher\":{\"@id\":\"https:\/\/fonsvinum.com\/en\/#organization\"},\"potentialAction\":[{\"@type\":\"SearchAction\",\"target\":{\"@type\":\"EntryPoint\",\"urlTemplate\":\"https:\/\/fonsvinum.com\/en\/?s={search_term_string}\"},\"query-input\":{\"@type\":\"PropertyValueSpecification\",\"valueRequired\":true,\"valueName\":\"search_term_string\"}}],\"inLanguage\":\"de\"},{\"@type\":\"Organization\",\"@id\":\"https:\/\/fonsvinum.com\/en\/#organization\",\"name\":\"Fons Vinum\",\"url\":\"https:\/\/fonsvinum.com\/en\/\",\"logo\":{\"@type\":\"ImageObject\",\"inLanguage\":\"de\",\"@id\":\"https:\/\/fonsvinum.com\/en\/#\/schema\/logo\/image\/\",\"url\":\"\",\"contentUrl\":\"\",\"caption\":\"Fons Vinum\"},\"image\":{\"@id\":\"https:\/\/fonsvinum.com\/en\/#\/schema\/logo\/image\/\"}}]}<\/script>\n<!-- \/ Yoast SEO plugin. -->","yoast_head_json":{"title":"CANTINA TERLANO Riserva VORBERG Pinot Bianco 2022","description":"Kaufen online CANTINA TERLANO Riserva VORBERG Pinot Bianco 2022- FonsVinum -","robots":{"index":"index","follow":"follow","max-snippet":"max-snippet:-1","max-image-preview":"max-image-preview:large","max-video-preview":"max-video-preview:-1"},"canonical":"https:\/\/fonsvinum.com\/de\/produkt\/cantina-terlano-vorberg-pinot-bianco-2022\/","og_locale":"de_DE","og_type":"article","og_title":"CANTINA TERLANO Riserva VORBERG Pinot Bianco 2022","og_description":"Kaufen online CANTINA TERLANO Riserva VORBERG Pinot Bianco 2022- FonsVinum -","og_url":"https:\/\/fonsvinum.com\/de\/produkt\/cantina-terlano-vorberg-pinot-bianco-2022\/","og_site_name":"Fons Vinum","article_modified_time":"2025-07-02T10:03:26+00:00","og_image":[{"width":200,"height":600,"url":"https:\/\/fonsvinum.com\/files\/2017\/02\/pinot-bianco-vorberg-terlano.png","type":"image\/png"}],"twitter_misc":{"Gesch\u00e4tzte Lesezeit":"2\u00a0Minuten"},"schema":{"@context":"https:\/\/schema.org","@graph":[{"@type":"WebPage","@id":"https:\/\/fonsvinum.com\/de\/produkt\/cantina-terlano-vorberg-pinot-bianco-2022\/","url":"https:\/\/fonsvinum.com\/de\/produkt\/cantina-terlano-vorberg-pinot-bianco-2022\/","name":"CANTINA TERLANO Riserva VORBERG Pinot Bianco 2022","isPartOf":{"@id":"https:\/\/fonsvinum.com\/en\/#website"},"primaryImageOfPage":{"@id":"https:\/\/fonsvinum.com\/de\/produkt\/cantina-terlano-vorberg-pinot-bianco-2022\/#primaryimage"},"image":{"@id":"https:\/\/fonsvinum.com\/de\/produkt\/cantina-terlano-vorberg-pinot-bianco-2022\/#primaryimage"},"thumbnailUrl":"https:\/\/fonsvinum.com\/files\/2017\/02\/pinot-bianco-vorberg-terlano.png","datePublished":"2025-07-02T09:49:09+00:00","dateModified":"2025-07-02T10:03:26+00:00","description":"Kaufen online CANTINA TERLANO Riserva VORBERG Pinot Bianco 2022- FonsVinum -","breadcrumb":{"@id":"https:\/\/fonsvinum.com\/de\/produkt\/cantina-terlano-vorberg-pinot-bianco-2022\/#breadcrumb"},"inLanguage":"de","potentialAction":[{"@type":"ReadAction","target":["https:\/\/fonsvinum.com\/de\/produkt\/cantina-terlano-vorberg-pinot-bianco-2022\/"]}]},{"@type":"ImageObject","inLanguage":"de","@id":"https:\/\/fonsvinum.com\/de\/produkt\/cantina-terlano-vorberg-pinot-bianco-2022\/#primaryimage","url":"https:\/\/fonsvinum.com\/files\/2017\/02\/pinot-bianco-vorberg-terlano.png","contentUrl":"https:\/\/fonsvinum.com\/files\/2017\/02\/pinot-bianco-vorberg-terlano.png","width":200,"height":600},{"@type":"BreadcrumbList","@id":"https:\/\/fonsvinum.com\/de\/produkt\/cantina-terlano-vorberg-pinot-bianco-2022\/#breadcrumb","itemListElement":[{"@type":"ListItem","position":1,"name":"Startseite","item":"https:\/\/fonsvinum.com\/de\/"},{"@type":"ListItem","position":2,"name":"Shop","item":"https:\/\/fonsvinum.com\/de\/shop\/"},{"@type":"ListItem","position":3,"name":"CANTINA TERLANO Riserva VORBERG Pinot Bianco 2022"}]},{"@type":"WebSite","@id":"https:\/\/fonsvinum.com\/en\/#website","url":"https:\/\/fonsvinum.com\/en\/","name":"Fons Vinum","description":"Vendita Vino Online","publisher":{"@id":"https:\/\/fonsvinum.com\/en\/#organization"},"potentialAction":[{"@type":"SearchAction","target":{"@type":"EntryPoint","urlTemplate":"https:\/\/fonsvinum.com\/en\/?s={search_term_string}"},"query-input":{"@type":"PropertyValueSpecification","valueRequired":true,"valueName":"search_term_string"}}],"inLanguage":"de"},{"@type":"Organization","@id":"https:\/\/fonsvinum.com\/en\/#organization","name":"Fons Vinum","url":"https:\/\/fonsvinum.com\/en\/","logo":{"@type":"ImageObject","inLanguage":"de","@id":"https:\/\/fonsvinum.com\/en\/#\/schema\/logo\/image\/","url":"","contentUrl":"","caption":"Fons Vinum"},"image":{"@id":"https:\/\/fonsvinum.com\/en\/#\/schema\/logo\/image\/"}}]}},"acf":[],"_links":{"self":[{"href":"https:\/\/fonsvinum.com\/de\/wp-json\/wp\/v2\/product\/46903","targetHints":{"allow":["GET"]}}],"collection":[{"href":"https:\/\/fonsvinum.com\/de\/wp-json\/wp\/v2\/product"}],"about":[{"href":"https:\/\/fonsvinum.com\/de\/wp-json\/wp\/v2\/types\/product"}],"replies":[{"embeddable":true,"href":"https:\/\/fonsvinum.com\/de\/wp-json\/wp\/v2\/comments?post=46903"}],"wp:featuredmedia":[{"embeddable":true,"href":"https:\/\/fonsvinum.com\/de\/wp-json\/wp\/v2\/media\/10321"}],"wp:attachment":[{"href":"https:\/\/fonsvinum.com\/de\/wp-json\/wp\/v2\/media?parent=46903"}],"wp:term":[{"taxonomy":"product_brand","embeddable":true,"href":"https:\/\/fonsvinum.com\/de\/wp-json\/wp\/v2\/product_brand?post=46903"},{"taxonomy":"product_cat","embeddable":true,"href":"https:\/\/fonsvinum.com\/de\/wp-json\/wp\/v2\/product_cat?post=46903"},{"taxonomy":"product_tag","embeddable":true,"href":"https:\/\/fonsvinum.com\/de\/wp-json\/wp\/v2\/product_tag?post=46903"}],"curies":[{"name":"wp","href":"https:\/\/api.w.org\/{rel}","templated":true}]}}