{"id":46805,"date":"2025-06-27T15:52:32","date_gmt":"2025-06-27T13:52:32","guid":{"rendered":"https:\/\/fonsvinum.com\/?post_type=product&#038;p=46805"},"modified":"2026-04-14T15:38:07","modified_gmt":"2026-04-14T13:38:07","slug":"fattoria-le-pupille-morellino-di-scansano-2022","status":"publish","type":"product","link":"https:\/\/fonsvinum.com\/de\/produkt\/fattoria-le-pupille-morellino-di-scansano-2022\/","title":{"rendered":"Fattoria Le Pupille Morellino di Scansano 2022"},"content":{"rendered":"<h2><a href=\"https:\/\/fonsvinum.com\/de\/produkt-kategorie\/weissweine-de\/?filter_producer=fattoria-le-pupille-elisabetta-geppetti\">Fattoria Le Pupille<\/a> Morellino di Scansano 2022<\/h2>\n<div>\n<div id=\"tochange_descrizione_vino\" class=\"real_testo\">\n<h3>Das Weingut Le Pupille, Pioniere in der Welt des <a href=\"https:\/\/fonsvinum.com\/?s=morellino+di+scansano&amp;post_type=product\">Morellino di Scansano<\/a><\/h3>\n<p>Die Fattoria Le Pupille liegt in der Maremma, im s\u00fcdlichen Teil der Toskana: Auf der einen Seite das Tyrrhenische Meer, das vom Golf von Follonica bis zum Monte Argentario Orte mit magischen Namen wie Castiglione della Pescaia, Punta Ala und die Str\u00e4nde von Capalbio umsp\u00fclt.<\/p>\n<p>Im Landesinneren folgt eine Kette sanfter H\u00fcgel, die auf die imposante Silhouette des Monte Amiata blicken.<\/p>\n<p>Genau auf einem dieser sanften und sinnlichen H\u00fcgel beginnt die Geschichte der Fattoria Le Pupille, die sich heute als ein vielseitiges Weingut pr\u00e4sentiert.<\/p>\n<p>Im Laufe der Jahre wurde der urspr\u00fcngliche Kern um neue Parzellen erweitert, sodass die Rebfl\u00e4che heute 75 Hektar umfasst, die wie Mosaiksteine in den besten Lagen der Region verteilt sind.<\/p>\n<p>Weitere 20 Hektar sind Olivenhainen gewidmet; Getreidefelder und Korkeichen wechseln sich mit Weideland ab, bis die Gesamtfl\u00e4che des Anwesens 420 Hektar erreicht.<\/p>\n<p>Die Weinberge f\u00fcr den Morellino umfassen insgesamt etwa drei\u00dfig Hektar, die zwischen Pereta und Magliano in Toscana liegen und auf verschiedene Parzellen des Betriebs verteilt sind.<\/p>\n<p>Entsprechend unterschiedlich ist die Zusammensetzung der B\u00f6den, wobei Sandstein und steiniges Skelett \u00fcberwiegen.<\/p>\n<p>Diese Weinberge sind das Reich des Sangiovese, aber auch des Alicante, der Malvasia Nera und des Ciliegiolo.<\/p>\n<h2>Morellino di Scansano<\/h2>\n<div class=\"wpb_column vc_column_container vc_col-sm-6\">\n<div class=\"vc_column-inner \">\n<div class=\"wpb_wrapper\">\n<div class=\"wpb_text_column wpb_content_element \">\n<div class=\"wpb_wrapper\">\n<p>Der Morellino di Scansano ist der Wein, der die Produktion der Fattoria Le Pupille am besten repr\u00e4sentiert, auch in quantitativer Hinsicht. Seit 1985 begleitet er das Weingut als vollendeter und best\u00e4ndiger Ausdruck des Terroirs. <\/p>\n<\/div>\n<\/div>\n<\/div>\n<\/div>\n<\/div>\n<\/div>\n<\/div>\n<div>\n<div id=\"tochange_andamento_climatico_vino\" class=\"real_testo\">\n<ul>\n<li><strong>G\u00e4rtemperatur:<\/strong> 24 \u00b0C in Edelstahl<\/li>\n<li><strong>Mazerationszeit<\/strong>: 15 Tage<\/li>\n<li><strong>Reifung<\/strong>: 6 Monate in Edelstahl<\/li>\n<li><strong>Produktion:<\/strong> 180.000 Flaschen<\/li>\n<li><strong>Formate:<\/strong> 0,375 l, 0,75 l, 1,5 l<\/li>\n<li><strong>Erster produzierter Jahrgang<\/strong>: 1985<\/li>\n<li><strong>Profil:<\/strong> Lebhaftes Rubinrot. In der Nase dominieren Noten von Sauerkirsche, gefolgt von kleinen roten Beerenfr\u00fcchten. Am Gaumen pr\u00e4sentiert er sich elegant, frisch und langanhaltend, gepr\u00e4gt von seidigen Tanninen.  <\/li>\n<li><strong>Speiseempfehlungen<\/strong>: Ideal zu ersten G\u00e4ngen mit auch aufwendigen Saucen sowie zu typischen Fleischgerichten der Maremma-K\u00fcche. Die empfohlene Serviertemperatur liegt bei 16\u201318 \u00b0C. <\/li>\n<\/ul>\n<\/div>\n<\/div>\n","protected":false},"excerpt":{"rendered":"<p>Fattoria Le Pupille Morellino di Scansano 2022 Das Weingut Le Pupille, Pioniere in der Welt des Morellino di Scansano Die Fattoria Le Pupille liegt in der Maremma, im s\u00fcdlichen Teil der Toskana: Auf der einen Seite das Tyrrhenische Meer, das vom Golf von Follonica bis zum Monte Argentario Orte mit magischen Namen wie Castiglione della [&hellip;]<\/p>\n","protected":false},"featured_media":22970,"comment_status":"open","ping_status":"closed","template":"","meta":{"_acf_changed":false,"_monsterinsights_skip_tracking":false,"_monsterinsights_sitenote_active":false,"_monsterinsights_sitenote_note":"","_monsterinsights_sitenote_category":0},"product_brand":[],"product_cat":[1693],"product_tag":[3583],"class_list":{"0":"post-46805","1":"product","2":"type-product","3":"status-publish","4":"has-post-thumbnail","6":"product_cat-blend-2-de","7":"product_tag-vini-toscani-de","8":"pa_appellation-morellino-di-scansano-docg-de","9":"pa_formato-0-75-l-flasche-de","10":"pa_producer-fattoria-le-pupille-elisabetta-geppetti-de-2","11":"pa_region-toskana-de","12":"pa_vine-85-sangiovese-10-alicante-5-ciliegiolo-de","13":"pa_vintage-18397","15":"first","16":"outofstock","17":"taxable","18":"shipping-taxable","19":"purchasable","20":"product-type-simple"},"bundled_by":[],"bundle_stock_status":"outofstock","bundle_stock_quantity":0,"bundle_virtual":false,"bundle_layout":"","bundle_add_to_cart_form_location":"","bundle_editable_in_cart":false,"bundle_sold_individually_context":"","bundle_item_grouping":"","bundle_min_size":"","bundle_max_size":"","bundle_price":[],"bundled_items":[],"bundle_sell_ids":[],"yoast_head":"<!-- This site is optimized with the Yoast SEO plugin v27.2 - https:\/\/yoast.com\/product\/yoast-seo-wordpress\/ -->\n<title>Kaufen Sie Fattoria Le Pupille Morellino di Scansano 2022<\/title>\n<meta name=\"description\" content=\"Fattoria Le Pupille Morellino di Scansano 2022, das Aush\u00e4ngeschild der Fattoria Le Pupille, einem Weingut in der Maremma\" \/>\n<meta name=\"robots\" content=\"index, follow, max-snippet:-1, max-image-preview:large, max-video-preview:-1\" \/>\n<link rel=\"canonical\" href=\"https:\/\/fonsvinum.com\/de\/produkt\/fattoria-le-pupille-morellino-di-scansano-2022\/\" \/>\n<meta property=\"og:locale\" content=\"de_DE\" \/>\n<meta property=\"og:type\" content=\"article\" \/>\n<meta property=\"og:title\" content=\"Kaufen Sie Fattoria Le Pupille Morellino di Scansano 2022\" \/>\n<meta property=\"og:description\" content=\"Fattoria Le Pupille Morellino di Scansano 2022, das Aush\u00e4ngeschild der Fattoria Le Pupille, einem Weingut in der Maremma\" \/>\n<meta property=\"og:url\" content=\"https:\/\/fonsvinum.com\/de\/produkt\/fattoria-le-pupille-morellino-di-scansano-2022\/\" \/>\n<meta property=\"og:site_name\" content=\"Fons Vinum\" \/>\n<meta property=\"article:modified_time\" content=\"2026-04-14T13:38:07+00:00\" \/>\n<meta property=\"og:image\" content=\"https:\/\/fonsvinum.com\/files\/2020\/03\/morellino-di-scansano-fattoria-le-pupille.jpg\" \/>\n\t<meta property=\"og:image:width\" content=\"200\" \/>\n\t<meta property=\"og:image:height\" content=\"600\" \/>\n\t<meta property=\"og:image:type\" content=\"image\/jpeg\" \/>\n<meta name=\"twitter:label1\" content=\"Gesch\u00e4tzte Lesezeit\" \/>\n\t<meta name=\"twitter:data1\" content=\"1\u00a0Minute\" \/>\n<script type=\"application\/ld+json\" class=\"yoast-schema-graph\">{\"@context\":\"https:\/\/schema.org\",\"@graph\":[{\"@type\":\"WebPage\",\"@id\":\"https:\/\/fonsvinum.com\/de\/produkt\/fattoria-le-pupille-morellino-di-scansano-2022\/\",\"url\":\"https:\/\/fonsvinum.com\/de\/produkt\/fattoria-le-pupille-morellino-di-scansano-2022\/\",\"name\":\"Kaufen Sie Fattoria Le Pupille Morellino di Scansano 2022\",\"isPartOf\":{\"@id\":\"https:\/\/fonsvinum.com\/en\/#website\"},\"primaryImageOfPage\":{\"@id\":\"https:\/\/fonsvinum.com\/de\/produkt\/fattoria-le-pupille-morellino-di-scansano-2022\/#primaryimage\"},\"image\":{\"@id\":\"https:\/\/fonsvinum.com\/de\/produkt\/fattoria-le-pupille-morellino-di-scansano-2022\/#primaryimage\"},\"thumbnailUrl\":\"https:\/\/fonsvinum.com\/files\/2020\/03\/morellino-di-scansano-fattoria-le-pupille.jpg\",\"datePublished\":\"2025-06-27T13:52:32+00:00\",\"dateModified\":\"2026-04-14T13:38:07+00:00\",\"description\":\"Fattoria Le Pupille Morellino di Scansano 2022, das Aush\u00e4ngeschild der Fattoria Le Pupille, einem Weingut in der Maremma\",\"breadcrumb\":{\"@id\":\"https:\/\/fonsvinum.com\/de\/produkt\/fattoria-le-pupille-morellino-di-scansano-2022\/#breadcrumb\"},\"inLanguage\":\"de\",\"potentialAction\":[{\"@type\":\"ReadAction\",\"target\":[\"https:\/\/fonsvinum.com\/de\/produkt\/fattoria-le-pupille-morellino-di-scansano-2022\/\"]}]},{\"@type\":\"ImageObject\",\"inLanguage\":\"de\",\"@id\":\"https:\/\/fonsvinum.com\/de\/produkt\/fattoria-le-pupille-morellino-di-scansano-2022\/#primaryimage\",\"url\":\"https:\/\/fonsvinum.com\/files\/2020\/03\/morellino-di-scansano-fattoria-le-pupille.jpg\",\"contentUrl\":\"https:\/\/fonsvinum.com\/files\/2020\/03\/morellino-di-scansano-fattoria-le-pupille.jpg\",\"width\":200,\"height\":600},{\"@type\":\"BreadcrumbList\",\"@id\":\"https:\/\/fonsvinum.com\/de\/produkt\/fattoria-le-pupille-morellino-di-scansano-2022\/#breadcrumb\",\"itemListElement\":[{\"@type\":\"ListItem\",\"position\":1,\"name\":\"Startseite\",\"item\":\"https:\/\/fonsvinum.com\/de\/\"},{\"@type\":\"ListItem\",\"position\":2,\"name\":\"Shop\",\"item\":\"https:\/\/fonsvinum.com\/de\/shop\/\"},{\"@type\":\"ListItem\",\"position\":3,\"name\":\"Fattoria Le Pupille Morellino di Scansano 2022\"}]},{\"@type\":\"WebSite\",\"@id\":\"https:\/\/fonsvinum.com\/en\/#website\",\"url\":\"https:\/\/fonsvinum.com\/en\/\",\"name\":\"Fons Vinum\",\"description\":\"Vendita Vino Online\",\"publisher\":{\"@id\":\"https:\/\/fonsvinum.com\/en\/#organization\"},\"potentialAction\":[{\"@type\":\"SearchAction\",\"target\":{\"@type\":\"EntryPoint\",\"urlTemplate\":\"https:\/\/fonsvinum.com\/en\/?s={search_term_string}\"},\"query-input\":{\"@type\":\"PropertyValueSpecification\",\"valueRequired\":true,\"valueName\":\"search_term_string\"}}],\"inLanguage\":\"de\"},{\"@type\":\"Organization\",\"@id\":\"https:\/\/fonsvinum.com\/en\/#organization\",\"name\":\"Fons Vinum\",\"url\":\"https:\/\/fonsvinum.com\/en\/\",\"logo\":{\"@type\":\"ImageObject\",\"inLanguage\":\"de\",\"@id\":\"https:\/\/fonsvinum.com\/en\/#\/schema\/logo\/image\/\",\"url\":\"\",\"contentUrl\":\"\",\"caption\":\"Fons Vinum\"},\"image\":{\"@id\":\"https:\/\/fonsvinum.com\/en\/#\/schema\/logo\/image\/\"}}]}<\/script>\n<!-- \/ Yoast SEO plugin. -->","yoast_head_json":{"title":"Kaufen Sie Fattoria Le Pupille Morellino di Scansano 2022","description":"Fattoria Le Pupille Morellino di Scansano 2022, das Aush\u00e4ngeschild der Fattoria Le Pupille, einem Weingut in der Maremma","robots":{"index":"index","follow":"follow","max-snippet":"max-snippet:-1","max-image-preview":"max-image-preview:large","max-video-preview":"max-video-preview:-1"},"canonical":"https:\/\/fonsvinum.com\/de\/produkt\/fattoria-le-pupille-morellino-di-scansano-2022\/","og_locale":"de_DE","og_type":"article","og_title":"Kaufen Sie Fattoria Le Pupille Morellino di Scansano 2022","og_description":"Fattoria Le Pupille Morellino di Scansano 2022, das Aush\u00e4ngeschild der Fattoria Le Pupille, einem Weingut in der Maremma","og_url":"https:\/\/fonsvinum.com\/de\/produkt\/fattoria-le-pupille-morellino-di-scansano-2022\/","og_site_name":"Fons Vinum","article_modified_time":"2026-04-14T13:38:07+00:00","og_image":[{"width":200,"height":600,"url":"https:\/\/fonsvinum.com\/files\/2020\/03\/morellino-di-scansano-fattoria-le-pupille.jpg","type":"image\/jpeg"}],"twitter_misc":{"Gesch\u00e4tzte Lesezeit":"1\u00a0Minute"},"schema":{"@context":"https:\/\/schema.org","@graph":[{"@type":"WebPage","@id":"https:\/\/fonsvinum.com\/de\/produkt\/fattoria-le-pupille-morellino-di-scansano-2022\/","url":"https:\/\/fonsvinum.com\/de\/produkt\/fattoria-le-pupille-morellino-di-scansano-2022\/","name":"Kaufen Sie Fattoria Le Pupille Morellino di Scansano 2022","isPartOf":{"@id":"https:\/\/fonsvinum.com\/en\/#website"},"primaryImageOfPage":{"@id":"https:\/\/fonsvinum.com\/de\/produkt\/fattoria-le-pupille-morellino-di-scansano-2022\/#primaryimage"},"image":{"@id":"https:\/\/fonsvinum.com\/de\/produkt\/fattoria-le-pupille-morellino-di-scansano-2022\/#primaryimage"},"thumbnailUrl":"https:\/\/fonsvinum.com\/files\/2020\/03\/morellino-di-scansano-fattoria-le-pupille.jpg","datePublished":"2025-06-27T13:52:32+00:00","dateModified":"2026-04-14T13:38:07+00:00","description":"Fattoria Le Pupille Morellino di Scansano 2022, das Aush\u00e4ngeschild der Fattoria Le Pupille, einem Weingut in der Maremma","breadcrumb":{"@id":"https:\/\/fonsvinum.com\/de\/produkt\/fattoria-le-pupille-morellino-di-scansano-2022\/#breadcrumb"},"inLanguage":"de","potentialAction":[{"@type":"ReadAction","target":["https:\/\/fonsvinum.com\/de\/produkt\/fattoria-le-pupille-morellino-di-scansano-2022\/"]}]},{"@type":"ImageObject","inLanguage":"de","@id":"https:\/\/fonsvinum.com\/de\/produkt\/fattoria-le-pupille-morellino-di-scansano-2022\/#primaryimage","url":"https:\/\/fonsvinum.com\/files\/2020\/03\/morellino-di-scansano-fattoria-le-pupille.jpg","contentUrl":"https:\/\/fonsvinum.com\/files\/2020\/03\/morellino-di-scansano-fattoria-le-pupille.jpg","width":200,"height":600},{"@type":"BreadcrumbList","@id":"https:\/\/fonsvinum.com\/de\/produkt\/fattoria-le-pupille-morellino-di-scansano-2022\/#breadcrumb","itemListElement":[{"@type":"ListItem","position":1,"name":"Startseite","item":"https:\/\/fonsvinum.com\/de\/"},{"@type":"ListItem","position":2,"name":"Shop","item":"https:\/\/fonsvinum.com\/de\/shop\/"},{"@type":"ListItem","position":3,"name":"Fattoria Le Pupille Morellino di Scansano 2022"}]},{"@type":"WebSite","@id":"https:\/\/fonsvinum.com\/en\/#website","url":"https:\/\/fonsvinum.com\/en\/","name":"Fons Vinum","description":"Vendita Vino Online","publisher":{"@id":"https:\/\/fonsvinum.com\/en\/#organization"},"potentialAction":[{"@type":"SearchAction","target":{"@type":"EntryPoint","urlTemplate":"https:\/\/fonsvinum.com\/en\/?s={search_term_string}"},"query-input":{"@type":"PropertyValueSpecification","valueRequired":true,"valueName":"search_term_string"}}],"inLanguage":"de"},{"@type":"Organization","@id":"https:\/\/fonsvinum.com\/en\/#organization","name":"Fons Vinum","url":"https:\/\/fonsvinum.com\/en\/","logo":{"@type":"ImageObject","inLanguage":"de","@id":"https:\/\/fonsvinum.com\/en\/#\/schema\/logo\/image\/","url":"","contentUrl":"","caption":"Fons Vinum"},"image":{"@id":"https:\/\/fonsvinum.com\/en\/#\/schema\/logo\/image\/"}}]}},"acf":[],"_links":{"self":[{"href":"https:\/\/fonsvinum.com\/de\/wp-json\/wp\/v2\/product\/46805","targetHints":{"allow":["GET"]}}],"collection":[{"href":"https:\/\/fonsvinum.com\/de\/wp-json\/wp\/v2\/product"}],"about":[{"href":"https:\/\/fonsvinum.com\/de\/wp-json\/wp\/v2\/types\/product"}],"replies":[{"embeddable":true,"href":"https:\/\/fonsvinum.com\/de\/wp-json\/wp\/v2\/comments?post=46805"}],"wp:featuredmedia":[{"embeddable":true,"href":"https:\/\/fonsvinum.com\/de\/wp-json\/wp\/v2\/media\/22970"}],"wp:attachment":[{"href":"https:\/\/fonsvinum.com\/de\/wp-json\/wp\/v2\/media?parent=46805"}],"wp:term":[{"taxonomy":"product_brand","embeddable":true,"href":"https:\/\/fonsvinum.com\/de\/wp-json\/wp\/v2\/product_brand?post=46805"},{"taxonomy":"product_cat","embeddable":true,"href":"https:\/\/fonsvinum.com\/de\/wp-json\/wp\/v2\/product_cat?post=46805"},{"taxonomy":"product_tag","embeddable":true,"href":"https:\/\/fonsvinum.com\/de\/wp-json\/wp\/v2\/product_tag?post=46805"}],"curies":[{"name":"wp","href":"https:\/\/api.w.org\/{rel}","templated":true}]}}