{"id":46617,"date":"2025-06-25T10:12:38","date_gmt":"2025-06-25T08:12:38","guid":{"rendered":"https:\/\/fonsvinum.com\/?post_type=product&#038;p=46617"},"modified":"2025-06-25T11:11:57","modified_gmt":"2025-06-25T09:11:57","slug":"brunello-di-montalcin-2020-tenuta-poggio-di-sotto","status":"publish","type":"product","link":"https:\/\/fonsvinum.com\/de\/produkt\/brunello-di-montalcin-2020-tenuta-poggio-di-sotto\/","title":{"rendered":"Brunello di Montalcin 2020 Tenuta Poggio di Sotto"},"content":{"rendered":"<h1>Brunello di Montalcin 2020 Tenuta Poggio di Sotto<\/h1>\n<h3>Brunello di Montalcin 2020 Tenuta Poggio di Sotto<\/h3>\n<p>Kraft trifft Eleganz: an der Nase und am Gaumen \u00e4therisch und dennoch frisch, vielf\u00e4ltige Fruchtaromen treffen auf wunderbar herausgearbeitete balsamische Noten. Tiefgr\u00fcndig und harmonisch, s\u00fc\u00dfe Tannine und erfrischende S\u00e4ure. Sch\u00f6ne W\u00fcrzaromen mit einem langen Nachhall.<\/p>\n<div id=\"tw-target-text-container\" class=\"tw-ta-container tw-nfl\"><\/div>\n<p>&nbsp;<\/p>\n","protected":false},"excerpt":{"rendered":"<p>Brunello di Montalcin 2020 Tenuta Poggio di Sotto Brunello di Montalcin 2020 Tenuta Poggio di Sotto Kraft trifft Eleganz: an der Nase und am Gaumen \u00e4therisch und dennoch frisch, vielf\u00e4ltige Fruchtaromen treffen auf wunderbar herausgearbeitete balsamische Noten. Tiefgr\u00fcndig und harmonisch, s\u00fc\u00dfe Tannine und erfrischende S\u00e4ure. Sch\u00f6ne W\u00fcrzaromen mit einem langen Nachhall. &nbsp;<\/p>\n","protected":false},"featured_media":11363,"comment_status":"open","ping_status":"closed","template":"","meta":{"_acf_changed":false,"_monsterinsights_skip_tracking":false,"_monsterinsights_sitenote_active":false,"_monsterinsights_sitenote_note":"","_monsterinsights_sitenote_category":0},"product_brand":[],"product_cat":[1762,2332,1772],"product_tag":[15911,1745,3583],"class_list":{"0":"post-46617","1":"product","2":"type-product","3":"status-publish","4":"has-post-thumbnail","6":"product_cat-brunello-de","7":"product_cat-rotweine-de","8":"product_cat-sangiovese-de","9":"product_tag-brunello-de-2","10":"product_tag-super-tuscan-de","11":"product_tag-vini-toscani-de","12":"pa_appellation-brunello-di-montalcino-docg-de","13":"pa_formato-0-75-l-flasche-de","14":"pa_region-toskana-de","15":"pa_vine-100-sangiovese-de","16":"pa_vintage-2020-de","18":"first","19":"instock","20":"taxable","21":"shipping-taxable","22":"purchasable","23":"product-type-simple"},"bundled_by":[],"bundle_stock_status":"instock","bundle_stock_quantity":6,"bundle_virtual":false,"bundle_layout":"","bundle_add_to_cart_form_location":"","bundle_editable_in_cart":false,"bundle_sold_individually_context":"","bundle_item_grouping":"","bundle_min_size":"","bundle_max_size":"","bundle_price":[],"bundled_items":[],"bundle_sell_ids":[],"yoast_head":"<!-- This site is optimized with the Yoast SEO plugin v27.3 - https:\/\/yoast.com\/product\/yoast-seo-wordpress\/ -->\n<title>Brunello di Montalcino 2020 Tenuta Poggio di Sotto I Fonsvinum<\/title>\n<meta name=\"description\" content=\"Brunello di Montalcin 2020 Tenuta Poggio di Sotto I Fonsvinum - Tiefgr\u00fcndig und harmonisch, s\u00fc\u00dfe Tannine und erfrischende S\u00e4ure.\" \/>\n<meta name=\"robots\" content=\"index, follow, max-snippet:-1, max-image-preview:large, max-video-preview:-1\" \/>\n<link rel=\"canonical\" href=\"https:\/\/fonsvinum.com\/de\/produkt\/brunello-di-montalcin-2020-tenuta-poggio-di-sotto\/\" \/>\n<meta property=\"og:locale\" content=\"de_DE\" \/>\n<meta property=\"og:type\" content=\"article\" \/>\n<meta property=\"og:title\" content=\"Brunello di Montalcino 2020 Tenuta Poggio di Sotto I Fonsvinum\" \/>\n<meta property=\"og:description\" content=\"Brunello di Montalcin 2020 Tenuta Poggio di Sotto I Fonsvinum - Tiefgr\u00fcndig und harmonisch, s\u00fc\u00dfe Tannine und erfrischende S\u00e4ure.\" \/>\n<meta property=\"og:url\" content=\"https:\/\/fonsvinum.com\/de\/produkt\/brunello-di-montalcin-2020-tenuta-poggio-di-sotto\/\" \/>\n<meta property=\"og:site_name\" content=\"Fons Vinum\" \/>\n<meta property=\"article:modified_time\" content=\"2025-06-25T09:11:57+00:00\" \/>\n<meta property=\"og:image\" content=\"https:\/\/fonsvinum.com\/files\/2017\/05\/Brunello-di-Montalcino-2011-Tenuta-Poggio-di-Sotto.png\" \/>\n\t<meta property=\"og:image:width\" content=\"200\" \/>\n\t<meta property=\"og:image:height\" content=\"600\" \/>\n\t<meta property=\"og:image:type\" content=\"image\/png\" \/>\n<meta name=\"twitter:label1\" content=\"Gesch\u00e4tzte Lesezeit\" \/>\n\t<meta name=\"twitter:data1\" content=\"1\u00a0Minute\" \/>\n<script type=\"application\/ld+json\" class=\"yoast-schema-graph\">{\"@context\":\"https:\\\/\\\/schema.org\",\"@graph\":[{\"@type\":\"WebPage\",\"@id\":\"https:\\\/\\\/fonsvinum.com\\\/de\\\/produkt\\\/brunello-di-montalcin-2020-tenuta-poggio-di-sotto\\\/\",\"url\":\"https:\\\/\\\/fonsvinum.com\\\/de\\\/produkt\\\/brunello-di-montalcin-2020-tenuta-poggio-di-sotto\\\/\",\"name\":\"Brunello di Montalcino 2020 Tenuta Poggio di Sotto I Fonsvinum\",\"isPartOf\":{\"@id\":\"https:\\\/\\\/fonsvinum.com\\\/en\\\/#website\"},\"primaryImageOfPage\":{\"@id\":\"https:\\\/\\\/fonsvinum.com\\\/de\\\/produkt\\\/brunello-di-montalcin-2020-tenuta-poggio-di-sotto\\\/#primaryimage\"},\"image\":{\"@id\":\"https:\\\/\\\/fonsvinum.com\\\/de\\\/produkt\\\/brunello-di-montalcin-2020-tenuta-poggio-di-sotto\\\/#primaryimage\"},\"thumbnailUrl\":\"https:\\\/\\\/fonsvinum.com\\\/files\\\/2017\\\/05\\\/Brunello-di-Montalcino-2011-Tenuta-Poggio-di-Sotto.png\",\"datePublished\":\"2025-06-25T08:12:38+00:00\",\"dateModified\":\"2025-06-25T09:11:57+00:00\",\"description\":\"Brunello di Montalcin 2020 Tenuta Poggio di Sotto I Fonsvinum - Tiefgr\u00fcndig und harmonisch, s\u00fc\u00dfe Tannine und erfrischende S\u00e4ure.\",\"breadcrumb\":{\"@id\":\"https:\\\/\\\/fonsvinum.com\\\/de\\\/produkt\\\/brunello-di-montalcin-2020-tenuta-poggio-di-sotto\\\/#breadcrumb\"},\"inLanguage\":\"de\",\"potentialAction\":[{\"@type\":\"ReadAction\",\"target\":[\"https:\\\/\\\/fonsvinum.com\\\/de\\\/produkt\\\/brunello-di-montalcin-2020-tenuta-poggio-di-sotto\\\/\"]}]},{\"@type\":\"ImageObject\",\"inLanguage\":\"de\",\"@id\":\"https:\\\/\\\/fonsvinum.com\\\/de\\\/produkt\\\/brunello-di-montalcin-2020-tenuta-poggio-di-sotto\\\/#primaryimage\",\"url\":\"https:\\\/\\\/fonsvinum.com\\\/files\\\/2017\\\/05\\\/Brunello-di-Montalcino-2011-Tenuta-Poggio-di-Sotto.png\",\"contentUrl\":\"https:\\\/\\\/fonsvinum.com\\\/files\\\/2017\\\/05\\\/Brunello-di-Montalcino-2011-Tenuta-Poggio-di-Sotto.png\",\"width\":200,\"height\":600,\"caption\":\"Brunello di Montalcino Tenuta Poggio di Sotto\"},{\"@type\":\"BreadcrumbList\",\"@id\":\"https:\\\/\\\/fonsvinum.com\\\/de\\\/produkt\\\/brunello-di-montalcin-2020-tenuta-poggio-di-sotto\\\/#breadcrumb\",\"itemListElement\":[{\"@type\":\"ListItem\",\"position\":1,\"name\":\"Startseite\",\"item\":\"https:\\\/\\\/fonsvinum.com\\\/de\\\/\"},{\"@type\":\"ListItem\",\"position\":2,\"name\":\"Shop\",\"item\":\"https:\\\/\\\/fonsvinum.com\\\/de\\\/shop\\\/\"},{\"@type\":\"ListItem\",\"position\":3,\"name\":\"Brunello di Montalcin 2020 Tenuta Poggio di Sotto\"}]},{\"@type\":\"WebSite\",\"@id\":\"https:\\\/\\\/fonsvinum.com\\\/en\\\/#website\",\"url\":\"https:\\\/\\\/fonsvinum.com\\\/en\\\/\",\"name\":\"Fons Vinum\",\"description\":\"Vendita Vino Online\",\"publisher\":{\"@id\":\"https:\\\/\\\/fonsvinum.com\\\/en\\\/#organization\"},\"potentialAction\":[{\"@type\":\"SearchAction\",\"target\":{\"@type\":\"EntryPoint\",\"urlTemplate\":\"https:\\\/\\\/fonsvinum.com\\\/en\\\/?s={search_term_string}\"},\"query-input\":{\"@type\":\"PropertyValueSpecification\",\"valueRequired\":true,\"valueName\":\"search_term_string\"}}],\"inLanguage\":\"de\"},{\"@type\":\"Organization\",\"@id\":\"https:\\\/\\\/fonsvinum.com\\\/en\\\/#organization\",\"name\":\"Fons Vinum\",\"url\":\"https:\\\/\\\/fonsvinum.com\\\/en\\\/\",\"logo\":{\"@type\":\"ImageObject\",\"inLanguage\":\"de\",\"@id\":\"https:\\\/\\\/fonsvinum.com\\\/en\\\/#\\\/schema\\\/logo\\\/image\\\/\",\"url\":\"\",\"contentUrl\":\"\",\"caption\":\"Fons Vinum\"},\"image\":{\"@id\":\"https:\\\/\\\/fonsvinum.com\\\/en\\\/#\\\/schema\\\/logo\\\/image\\\/\"}}]}<\/script>\n<!-- \/ Yoast SEO plugin. -->","yoast_head_json":{"title":"Brunello di Montalcino 2020 Tenuta Poggio di Sotto I Fonsvinum","description":"Brunello di Montalcin 2020 Tenuta Poggio di Sotto I Fonsvinum - Tiefgr\u00fcndig und harmonisch, s\u00fc\u00dfe Tannine und erfrischende S\u00e4ure.","robots":{"index":"index","follow":"follow","max-snippet":"max-snippet:-1","max-image-preview":"max-image-preview:large","max-video-preview":"max-video-preview:-1"},"canonical":"https:\/\/fonsvinum.com\/de\/produkt\/brunello-di-montalcin-2020-tenuta-poggio-di-sotto\/","og_locale":"de_DE","og_type":"article","og_title":"Brunello di Montalcino 2020 Tenuta Poggio di Sotto I Fonsvinum","og_description":"Brunello di Montalcin 2020 Tenuta Poggio di Sotto I Fonsvinum - Tiefgr\u00fcndig und harmonisch, s\u00fc\u00dfe Tannine und erfrischende S\u00e4ure.","og_url":"https:\/\/fonsvinum.com\/de\/produkt\/brunello-di-montalcin-2020-tenuta-poggio-di-sotto\/","og_site_name":"Fons Vinum","article_modified_time":"2025-06-25T09:11:57+00:00","og_image":[{"width":200,"height":600,"url":"https:\/\/fonsvinum.com\/files\/2017\/05\/Brunello-di-Montalcino-2011-Tenuta-Poggio-di-Sotto.png","type":"image\/png"}],"twitter_misc":{"Gesch\u00e4tzte Lesezeit":"1\u00a0Minute"},"schema":{"@context":"https:\/\/schema.org","@graph":[{"@type":"WebPage","@id":"https:\/\/fonsvinum.com\/de\/produkt\/brunello-di-montalcin-2020-tenuta-poggio-di-sotto\/","url":"https:\/\/fonsvinum.com\/de\/produkt\/brunello-di-montalcin-2020-tenuta-poggio-di-sotto\/","name":"Brunello di Montalcino 2020 Tenuta Poggio di Sotto I Fonsvinum","isPartOf":{"@id":"https:\/\/fonsvinum.com\/en\/#website"},"primaryImageOfPage":{"@id":"https:\/\/fonsvinum.com\/de\/produkt\/brunello-di-montalcin-2020-tenuta-poggio-di-sotto\/#primaryimage"},"image":{"@id":"https:\/\/fonsvinum.com\/de\/produkt\/brunello-di-montalcin-2020-tenuta-poggio-di-sotto\/#primaryimage"},"thumbnailUrl":"https:\/\/fonsvinum.com\/files\/2017\/05\/Brunello-di-Montalcino-2011-Tenuta-Poggio-di-Sotto.png","datePublished":"2025-06-25T08:12:38+00:00","dateModified":"2025-06-25T09:11:57+00:00","description":"Brunello di Montalcin 2020 Tenuta Poggio di Sotto I Fonsvinum - Tiefgr\u00fcndig und harmonisch, s\u00fc\u00dfe Tannine und erfrischende S\u00e4ure.","breadcrumb":{"@id":"https:\/\/fonsvinum.com\/de\/produkt\/brunello-di-montalcin-2020-tenuta-poggio-di-sotto\/#breadcrumb"},"inLanguage":"de","potentialAction":[{"@type":"ReadAction","target":["https:\/\/fonsvinum.com\/de\/produkt\/brunello-di-montalcin-2020-tenuta-poggio-di-sotto\/"]}]},{"@type":"ImageObject","inLanguage":"de","@id":"https:\/\/fonsvinum.com\/de\/produkt\/brunello-di-montalcin-2020-tenuta-poggio-di-sotto\/#primaryimage","url":"https:\/\/fonsvinum.com\/files\/2017\/05\/Brunello-di-Montalcino-2011-Tenuta-Poggio-di-Sotto.png","contentUrl":"https:\/\/fonsvinum.com\/files\/2017\/05\/Brunello-di-Montalcino-2011-Tenuta-Poggio-di-Sotto.png","width":200,"height":600,"caption":"Brunello di Montalcino Tenuta Poggio di Sotto"},{"@type":"BreadcrumbList","@id":"https:\/\/fonsvinum.com\/de\/produkt\/brunello-di-montalcin-2020-tenuta-poggio-di-sotto\/#breadcrumb","itemListElement":[{"@type":"ListItem","position":1,"name":"Startseite","item":"https:\/\/fonsvinum.com\/de\/"},{"@type":"ListItem","position":2,"name":"Shop","item":"https:\/\/fonsvinum.com\/de\/shop\/"},{"@type":"ListItem","position":3,"name":"Brunello di Montalcin 2020 Tenuta Poggio di Sotto"}]},{"@type":"WebSite","@id":"https:\/\/fonsvinum.com\/en\/#website","url":"https:\/\/fonsvinum.com\/en\/","name":"Fons Vinum","description":"Vendita Vino Online","publisher":{"@id":"https:\/\/fonsvinum.com\/en\/#organization"},"potentialAction":[{"@type":"SearchAction","target":{"@type":"EntryPoint","urlTemplate":"https:\/\/fonsvinum.com\/en\/?s={search_term_string}"},"query-input":{"@type":"PropertyValueSpecification","valueRequired":true,"valueName":"search_term_string"}}],"inLanguage":"de"},{"@type":"Organization","@id":"https:\/\/fonsvinum.com\/en\/#organization","name":"Fons Vinum","url":"https:\/\/fonsvinum.com\/en\/","logo":{"@type":"ImageObject","inLanguage":"de","@id":"https:\/\/fonsvinum.com\/en\/#\/schema\/logo\/image\/","url":"","contentUrl":"","caption":"Fons Vinum"},"image":{"@id":"https:\/\/fonsvinum.com\/en\/#\/schema\/logo\/image\/"}}]}},"acf":[],"_links":{"self":[{"href":"https:\/\/fonsvinum.com\/de\/wp-json\/wp\/v2\/product\/46617","targetHints":{"allow":["GET"]}}],"collection":[{"href":"https:\/\/fonsvinum.com\/de\/wp-json\/wp\/v2\/product"}],"about":[{"href":"https:\/\/fonsvinum.com\/de\/wp-json\/wp\/v2\/types\/product"}],"replies":[{"embeddable":true,"href":"https:\/\/fonsvinum.com\/de\/wp-json\/wp\/v2\/comments?post=46617"}],"wp:featuredmedia":[{"embeddable":true,"href":"https:\/\/fonsvinum.com\/de\/wp-json\/wp\/v2\/media\/11363"}],"wp:attachment":[{"href":"https:\/\/fonsvinum.com\/de\/wp-json\/wp\/v2\/media?parent=46617"}],"wp:term":[{"taxonomy":"product_brand","embeddable":true,"href":"https:\/\/fonsvinum.com\/de\/wp-json\/wp\/v2\/product_brand?post=46617"},{"taxonomy":"product_cat","embeddable":true,"href":"https:\/\/fonsvinum.com\/de\/wp-json\/wp\/v2\/product_cat?post=46617"},{"taxonomy":"product_tag","embeddable":true,"href":"https:\/\/fonsvinum.com\/de\/wp-json\/wp\/v2\/product_tag?post=46617"}],"curies":[{"name":"wp","href":"https:\/\/api.w.org\/{rel}","templated":true}]}}