{"id":46403,"date":"2025-06-23T11:12:33","date_gmt":"2025-06-23T09:12:33","guid":{"rendered":"https:\/\/fonsvinum.com\/?post_type=product&#038;p=46403"},"modified":"2025-06-23T11:19:07","modified_gmt":"2025-06-23T09:19:07","slug":"sagrantino-di-montefalco-25-anni-arnaldo-caprai-2020","status":"publish","type":"product","link":"https:\/\/fonsvinum.com\/de\/produkt\/sagrantino-di-montefalco-25-anni-arnaldo-caprai-2020\/","title":{"rendered":"Sagrantino di Montefalco &#8222;25 anni&#8220; Arnaldo Caprai 2020"},"content":{"rendered":"<p>Sagrantino di Montefalco \u201c25 anni\u201d Arnaldo Caprai 2020<\/p>\n<p>Montefalco Sagrantino DOCG zeigt sich rot, ja fast schwarz im Glas. Dichte Aromen von schwarzen Beeren, eingekochten Pflaumen, Cassis, Backpflaumen und orientalischen Gew\u00fcrzen. Eine sehr komplexe und abwechslungsreiche Nase mir st\u00e4ndig sich ver\u00e4ndernden Aromen Welten.<\/p>\n<p>Am Gaumen dann schmeckt er saftig, weich, weinige, extrem elegant mit einem runden und sehr harmonischen Gesamteindruck.<\/p>\n","protected":false},"excerpt":{"rendered":"<p>Sagrantino di Montefalco \u201c25 anni\u201d Arnaldo Caprai 2020 Montefalco Sagrantino DOCG zeigt sich rot, ja fast schwarz im Glas. Dichte Aromen von schwarzen Beeren, eingekochten Pflaumen, Cassis, Backpflaumen und orientalischen Gew\u00fcrzen. Eine sehr komplexe und abwechslungsreiche Nase mir st\u00e4ndig sich ver\u00e4ndernden Aromen Welten. Am Gaumen dann schmeckt er saftig, weich, weinige, extrem elegant mit einem [&hellip;]<\/p>\n","protected":false},"featured_media":5632,"comment_status":"open","ping_status":"closed","template":"","meta":{"_acf_changed":false,"_monsterinsights_skip_tracking":false,"_monsterinsights_sitenote_active":false,"_monsterinsights_sitenote_note":"","_monsterinsights_sitenote_category":0},"product_brand":[],"product_cat":[2370],"product_tag":[],"class_list":{"0":"post-46403","1":"product","2":"type-product","3":"status-publish","4":"has-post-thumbnail","6":"product_cat-sagrantino-de","7":"pa_appellation-sagrantino-di-montefalco-docg-de-2","8":"pa_formato-0-75-l-flasche-de","9":"pa_producer-arnaldo-caprai-de","10":"pa_region-umbrien-de","11":"pa_vine-100-sagrantino-de","12":"pa_vintage-2020-de","14":"first","15":"instock","16":"taxable","17":"shipping-taxable","18":"purchasable","19":"product-type-simple"},"bundled_by":[],"bundle_stock_status":"instock","bundle_stock_quantity":30,"bundle_virtual":false,"bundle_layout":"","bundle_add_to_cart_form_location":"","bundle_editable_in_cart":false,"bundle_sold_individually_context":"","bundle_item_grouping":"","bundle_min_size":"","bundle_max_size":"","bundle_price":[],"bundled_items":[],"bundle_sell_ids":[],"yoast_head":"<!-- This site is optimized with the Yoast SEO plugin v27.3 - https:\/\/yoast.com\/product\/yoast-seo-wordpress\/ -->\n<title>Buy Sagrantino di Montefalco &quot;25 anni&quot; Arnaldo Caprai 2020 wine online at 87 \u20ac | FonsVinum<\/title>\n<meta name=\"robots\" content=\"index, follow, max-snippet:-1, max-image-preview:large, max-video-preview:-1\" \/>\n<link rel=\"canonical\" href=\"https:\/\/fonsvinum.com\/de\/produkt\/sagrantino-di-montefalco-25-anni-arnaldo-caprai-2020\/\" \/>\n<meta property=\"og:locale\" content=\"de_DE\" \/>\n<meta property=\"og:type\" content=\"article\" \/>\n<meta property=\"og:title\" content=\"Buy Sagrantino di Montefalco &quot;25 anni&quot; Arnaldo Caprai 2020 wine online at 87 \u20ac | FonsVinum\" \/>\n<meta property=\"og:description\" content=\"Sagrantino di Montefalco \u201c25 anni\u201d Arnaldo Caprai 2020 Montefalco Sagrantino DOCG zeigt sich rot, ja fast schwarz im Glas. Dichte Aromen von schwarzen Beeren, eingekochten Pflaumen, Cassis, Backpflaumen und orientalischen Gew\u00fcrzen. Eine sehr komplexe und abwechslungsreiche Nase mir st\u00e4ndig sich ver\u00e4ndernden Aromen Welten. Am Gaumen dann schmeckt er saftig, weich, weinige, extrem elegant mit einem [&hellip;]\" \/>\n<meta property=\"og:url\" content=\"https:\/\/fonsvinum.com\/de\/produkt\/sagrantino-di-montefalco-25-anni-arnaldo-caprai-2020\/\" \/>\n<meta property=\"og:site_name\" content=\"Fons Vinum\" \/>\n<meta property=\"article:modified_time\" content=\"2025-06-23T09:19:07+00:00\" \/>\n<meta property=\"og:image\" content=\"https:\/\/fonsvinum.com\/files\/2015\/10\/sagrantino_montefalco_25-anni-caprai.png\" \/>\n\t<meta property=\"og:image:width\" content=\"200\" \/>\n\t<meta property=\"og:image:height\" content=\"600\" \/>\n\t<meta property=\"og:image:type\" content=\"image\/png\" \/>\n<meta name=\"twitter:label1\" content=\"Gesch\u00e4tzte Lesezeit\" \/>\n\t<meta name=\"twitter:data1\" content=\"1\u00a0Minute\" \/>\n<script type=\"application\/ld+json\" class=\"yoast-schema-graph\">{\"@context\":\"https:\\\/\\\/schema.org\",\"@graph\":[{\"@type\":\"WebPage\",\"@id\":\"https:\\\/\\\/fonsvinum.com\\\/de\\\/produkt\\\/sagrantino-di-montefalco-25-anni-arnaldo-caprai-2020\\\/\",\"url\":\"https:\\\/\\\/fonsvinum.com\\\/de\\\/produkt\\\/sagrantino-di-montefalco-25-anni-arnaldo-caprai-2020\\\/\",\"name\":\"Buy Sagrantino di Montefalco \\\"25 anni\\\" Arnaldo Caprai 2020 wine online at 87 \u20ac | FonsVinum\",\"isPartOf\":{\"@id\":\"https:\\\/\\\/fonsvinum.com\\\/en\\\/#website\"},\"primaryImageOfPage\":{\"@id\":\"https:\\\/\\\/fonsvinum.com\\\/de\\\/produkt\\\/sagrantino-di-montefalco-25-anni-arnaldo-caprai-2020\\\/#primaryimage\"},\"image\":{\"@id\":\"https:\\\/\\\/fonsvinum.com\\\/de\\\/produkt\\\/sagrantino-di-montefalco-25-anni-arnaldo-caprai-2020\\\/#primaryimage\"},\"thumbnailUrl\":\"https:\\\/\\\/fonsvinum.com\\\/files\\\/2015\\\/10\\\/sagrantino_montefalco_25-anni-caprai.png\",\"datePublished\":\"2025-06-23T09:12:33+00:00\",\"dateModified\":\"2025-06-23T09:19:07+00:00\",\"breadcrumb\":{\"@id\":\"https:\\\/\\\/fonsvinum.com\\\/de\\\/produkt\\\/sagrantino-di-montefalco-25-anni-arnaldo-caprai-2020\\\/#breadcrumb\"},\"inLanguage\":\"de\",\"potentialAction\":[{\"@type\":\"ReadAction\",\"target\":[\"https:\\\/\\\/fonsvinum.com\\\/de\\\/produkt\\\/sagrantino-di-montefalco-25-anni-arnaldo-caprai-2020\\\/\"]}]},{\"@type\":\"ImageObject\",\"inLanguage\":\"de\",\"@id\":\"https:\\\/\\\/fonsvinum.com\\\/de\\\/produkt\\\/sagrantino-di-montefalco-25-anni-arnaldo-caprai-2020\\\/#primaryimage\",\"url\":\"https:\\\/\\\/fonsvinum.com\\\/files\\\/2015\\\/10\\\/sagrantino_montefalco_25-anni-caprai.png\",\"contentUrl\":\"https:\\\/\\\/fonsvinum.com\\\/files\\\/2015\\\/10\\\/sagrantino_montefalco_25-anni-caprai.png\",\"width\":200,\"height\":600},{\"@type\":\"BreadcrumbList\",\"@id\":\"https:\\\/\\\/fonsvinum.com\\\/de\\\/produkt\\\/sagrantino-di-montefalco-25-anni-arnaldo-caprai-2020\\\/#breadcrumb\",\"itemListElement\":[{\"@type\":\"ListItem\",\"position\":1,\"name\":\"Startseite\",\"item\":\"https:\\\/\\\/fonsvinum.com\\\/de\\\/\"},{\"@type\":\"ListItem\",\"position\":2,\"name\":\"Shop\",\"item\":\"https:\\\/\\\/fonsvinum.com\\\/de\\\/shop\\\/\"},{\"@type\":\"ListItem\",\"position\":3,\"name\":\"Sagrantino di Montefalco &#8222;25 anni&#8220; Arnaldo Caprai 2020\"}]},{\"@type\":\"WebSite\",\"@id\":\"https:\\\/\\\/fonsvinum.com\\\/en\\\/#website\",\"url\":\"https:\\\/\\\/fonsvinum.com\\\/en\\\/\",\"name\":\"Fons Vinum\",\"description\":\"Vendita Vino Online\",\"publisher\":{\"@id\":\"https:\\\/\\\/fonsvinum.com\\\/en\\\/#organization\"},\"potentialAction\":[{\"@type\":\"SearchAction\",\"target\":{\"@type\":\"EntryPoint\",\"urlTemplate\":\"https:\\\/\\\/fonsvinum.com\\\/en\\\/?s={search_term_string}\"},\"query-input\":{\"@type\":\"PropertyValueSpecification\",\"valueRequired\":true,\"valueName\":\"search_term_string\"}}],\"inLanguage\":\"de\"},{\"@type\":\"Organization\",\"@id\":\"https:\\\/\\\/fonsvinum.com\\\/en\\\/#organization\",\"name\":\"Fons Vinum\",\"url\":\"https:\\\/\\\/fonsvinum.com\\\/en\\\/\",\"logo\":{\"@type\":\"ImageObject\",\"inLanguage\":\"de\",\"@id\":\"https:\\\/\\\/fonsvinum.com\\\/en\\\/#\\\/schema\\\/logo\\\/image\\\/\",\"url\":\"\",\"contentUrl\":\"\",\"caption\":\"Fons Vinum\"},\"image\":{\"@id\":\"https:\\\/\\\/fonsvinum.com\\\/en\\\/#\\\/schema\\\/logo\\\/image\\\/\"}}]}<\/script>\n<!-- \/ Yoast SEO plugin. -->","yoast_head_json":{"title":"Buy Sagrantino di Montefalco \"25 anni\" Arnaldo Caprai 2020 wine online at 87 \u20ac | FonsVinum","robots":{"index":"index","follow":"follow","max-snippet":"max-snippet:-1","max-image-preview":"max-image-preview:large","max-video-preview":"max-video-preview:-1"},"canonical":"https:\/\/fonsvinum.com\/de\/produkt\/sagrantino-di-montefalco-25-anni-arnaldo-caprai-2020\/","og_locale":"de_DE","og_type":"article","og_title":"Buy Sagrantino di Montefalco \"25 anni\" Arnaldo Caprai 2020 wine online at 87 \u20ac | FonsVinum","og_description":"Sagrantino di Montefalco \u201c25 anni\u201d Arnaldo Caprai 2020 Montefalco Sagrantino DOCG zeigt sich rot, ja fast schwarz im Glas. Dichte Aromen von schwarzen Beeren, eingekochten Pflaumen, Cassis, Backpflaumen und orientalischen Gew\u00fcrzen. Eine sehr komplexe und abwechslungsreiche Nase mir st\u00e4ndig sich ver\u00e4ndernden Aromen Welten. Am Gaumen dann schmeckt er saftig, weich, weinige, extrem elegant mit einem [&hellip;]","og_url":"https:\/\/fonsvinum.com\/de\/produkt\/sagrantino-di-montefalco-25-anni-arnaldo-caprai-2020\/","og_site_name":"Fons Vinum","article_modified_time":"2025-06-23T09:19:07+00:00","og_image":[{"width":200,"height":600,"url":"https:\/\/fonsvinum.com\/files\/2015\/10\/sagrantino_montefalco_25-anni-caprai.png","type":"image\/png"}],"twitter_misc":{"Gesch\u00e4tzte Lesezeit":"1\u00a0Minute"},"schema":{"@context":"https:\/\/schema.org","@graph":[{"@type":"WebPage","@id":"https:\/\/fonsvinum.com\/de\/produkt\/sagrantino-di-montefalco-25-anni-arnaldo-caprai-2020\/","url":"https:\/\/fonsvinum.com\/de\/produkt\/sagrantino-di-montefalco-25-anni-arnaldo-caprai-2020\/","name":"Buy Sagrantino di Montefalco \"25 anni\" Arnaldo Caprai 2020 wine online at 87 \u20ac | FonsVinum","isPartOf":{"@id":"https:\/\/fonsvinum.com\/en\/#website"},"primaryImageOfPage":{"@id":"https:\/\/fonsvinum.com\/de\/produkt\/sagrantino-di-montefalco-25-anni-arnaldo-caprai-2020\/#primaryimage"},"image":{"@id":"https:\/\/fonsvinum.com\/de\/produkt\/sagrantino-di-montefalco-25-anni-arnaldo-caprai-2020\/#primaryimage"},"thumbnailUrl":"https:\/\/fonsvinum.com\/files\/2015\/10\/sagrantino_montefalco_25-anni-caprai.png","datePublished":"2025-06-23T09:12:33+00:00","dateModified":"2025-06-23T09:19:07+00:00","breadcrumb":{"@id":"https:\/\/fonsvinum.com\/de\/produkt\/sagrantino-di-montefalco-25-anni-arnaldo-caprai-2020\/#breadcrumb"},"inLanguage":"de","potentialAction":[{"@type":"ReadAction","target":["https:\/\/fonsvinum.com\/de\/produkt\/sagrantino-di-montefalco-25-anni-arnaldo-caprai-2020\/"]}]},{"@type":"ImageObject","inLanguage":"de","@id":"https:\/\/fonsvinum.com\/de\/produkt\/sagrantino-di-montefalco-25-anni-arnaldo-caprai-2020\/#primaryimage","url":"https:\/\/fonsvinum.com\/files\/2015\/10\/sagrantino_montefalco_25-anni-caprai.png","contentUrl":"https:\/\/fonsvinum.com\/files\/2015\/10\/sagrantino_montefalco_25-anni-caprai.png","width":200,"height":600},{"@type":"BreadcrumbList","@id":"https:\/\/fonsvinum.com\/de\/produkt\/sagrantino-di-montefalco-25-anni-arnaldo-caprai-2020\/#breadcrumb","itemListElement":[{"@type":"ListItem","position":1,"name":"Startseite","item":"https:\/\/fonsvinum.com\/de\/"},{"@type":"ListItem","position":2,"name":"Shop","item":"https:\/\/fonsvinum.com\/de\/shop\/"},{"@type":"ListItem","position":3,"name":"Sagrantino di Montefalco &#8222;25 anni&#8220; Arnaldo Caprai 2020"}]},{"@type":"WebSite","@id":"https:\/\/fonsvinum.com\/en\/#website","url":"https:\/\/fonsvinum.com\/en\/","name":"Fons Vinum","description":"Vendita Vino Online","publisher":{"@id":"https:\/\/fonsvinum.com\/en\/#organization"},"potentialAction":[{"@type":"SearchAction","target":{"@type":"EntryPoint","urlTemplate":"https:\/\/fonsvinum.com\/en\/?s={search_term_string}"},"query-input":{"@type":"PropertyValueSpecification","valueRequired":true,"valueName":"search_term_string"}}],"inLanguage":"de"},{"@type":"Organization","@id":"https:\/\/fonsvinum.com\/en\/#organization","name":"Fons Vinum","url":"https:\/\/fonsvinum.com\/en\/","logo":{"@type":"ImageObject","inLanguage":"de","@id":"https:\/\/fonsvinum.com\/en\/#\/schema\/logo\/image\/","url":"","contentUrl":"","caption":"Fons Vinum"},"image":{"@id":"https:\/\/fonsvinum.com\/en\/#\/schema\/logo\/image\/"}}]}},"acf":[],"_links":{"self":[{"href":"https:\/\/fonsvinum.com\/de\/wp-json\/wp\/v2\/product\/46403","targetHints":{"allow":["GET"]}}],"collection":[{"href":"https:\/\/fonsvinum.com\/de\/wp-json\/wp\/v2\/product"}],"about":[{"href":"https:\/\/fonsvinum.com\/de\/wp-json\/wp\/v2\/types\/product"}],"replies":[{"embeddable":true,"href":"https:\/\/fonsvinum.com\/de\/wp-json\/wp\/v2\/comments?post=46403"}],"wp:featuredmedia":[{"embeddable":true,"href":"https:\/\/fonsvinum.com\/de\/wp-json\/wp\/v2\/media\/5632"}],"wp:attachment":[{"href":"https:\/\/fonsvinum.com\/de\/wp-json\/wp\/v2\/media?parent=46403"}],"wp:term":[{"taxonomy":"product_brand","embeddable":true,"href":"https:\/\/fonsvinum.com\/de\/wp-json\/wp\/v2\/product_brand?post=46403"},{"taxonomy":"product_cat","embeddable":true,"href":"https:\/\/fonsvinum.com\/de\/wp-json\/wp\/v2\/product_cat?post=46403"},{"taxonomy":"product_tag","embeddable":true,"href":"https:\/\/fonsvinum.com\/de\/wp-json\/wp\/v2\/product_tag?post=46403"}],"curies":[{"name":"wp","href":"https:\/\/api.w.org\/{rel}","templated":true}]}}