{"id":46347,"date":"2025-06-20T16:15:11","date_gmt":"2025-06-20T14:15:11","guid":{"rendered":"https:\/\/fonsvinum.com\/?post_type=product&#038;p=46347"},"modified":"2025-06-20T16:19:09","modified_gmt":"2025-06-20T14:19:09","slug":"marchesi-antinori-pinot-nero-della-sala-2022","status":"publish","type":"product","link":"https:\/\/fonsvinum.com\/de\/produkt\/marchesi-antinori-pinot-nero-della-sala-2022\/","title":{"rendered":"MARCHESI ANTINORI Pinot Nero della Sala 2022"},"content":{"rendered":"<h2><a href=\"https:\/\/fonsvinum.com\/de\/attributes\/producer\/marchesi-antinori-de\/\">MARCHESI ANTINORI<\/a> Pinot Nero della Sala 2022<\/h2>\n<p>MARCHESI ANTINORI Pinot Nero della Sala 2022<\/p>\n<h2 class=\"heading heading--h3 text-animated text-animated--active\">Castello della Sala<\/h2>\n<p class=\"article paragraph text-animated text-animated--active\">Castello della Sala liegt in Umbrien nahe der Grenze zur Toskana und etwa 18 km von der alten Stadt Orvieto entfernt. Die L\u00e4ndereien des Kastells, einer imponierenden Burg aus dem Mittelalter, erstrecken sich \u00fcber 500 Hektar, davon 170 ha Rebfl\u00e4chen in Quoten von 220 \u2013 470 m in den sanften H\u00fcgeln dieser sch\u00f6nen Landschaft. Die B\u00f6den bestehen vorwiegend aus Tonerden, die Weinberge empfangen die Strahlen der aufgehenden Sonne und das Mikroklima ist gepr\u00e4gt von kalten \u2013 aber nicht strengen \u2013 Wintern und hei\u00dfen Sommern, in denen der Morgennebel eine wichtige Rolle bei der Beerenreife spielt: das Gebiet von Castello della Sala ist ganz besonders f\u00fcr die Erzeugung von Wei\u00dfweinen geeignet.<\/p>\n<p class=\"article paragraph text-animated text-animated--active\">Aber es gibt auch einen Sonderfall: <strong>Pinot Nero<\/strong> findet in diesem Terroir ideale Bedingungen, um sich aufs Beste zu entfalten.<\/p>\n<h2 class=\"heading heading--h3 \">PINOT NERO DELLA SALA<\/h2>\n<p class=\"article paragraph \">Dieser <a href=\"https:\/\/www.shopinlanghe.com\/sellers?render_type=sellerview&amp;id_seller=5\">Wein<\/a> wird ausschlie\u00dflich aus Pi- not Nero Trauben hergestellt und er ist in einem gewissen Sinne das \u201calter ego\u201d des Cervaro: zusammen repr\u00e4sentieren sie die zwei unterschiedlichen Gesichter des komplexen bzw. raffinierten Wesens des Castello della Sala. Die Verfeinerung des Pinot Nero erfolgt 8 Monate in Barriques und weitere 15 Monate in der Flasche, gut verwahrt in den Kellern des Kastells.<\/p>\n<h3 class=\"heading heading--h3 \">Geschichte<\/h3>\n<p class=\"article paragraph \">Die 4 Hektar Rebfl\u00e4chen, auf denen der Pinot Nero des Castello della Sala erzeugt wird, liegen in Quoten von \u00fcber 400 m auf kalkhaltigen fossilienreichen B\u00f6den mit sandigen Sedimenten aus dem Plioz\u00e4n. Dieser Wein wurde erstmals mit dem Jahrgang 1990 erzeugt. Das Castello della Sala ist eine Festung des 14. Jahrhunderts, die etwa 18 km von Orvieto entfernt liegt und 1940 von der Familie Antinori erworben wurde.<\/p>\n<h3 class=\"heading heading--h3 \">Verkostungsnotizen<\/h3>\n<p class=\"article paragraph \">Pinot Nero 2022 ist von leuchtendem, nicht sehr dunklem Rubinrot, typisch f\u00fcr de Rebsorte. An der Nase entfaltet er sich mit delikaten Noten von Waldbeeren, Granatapfel, Johannisbeere und Kirsche, gefolgt von Gew\u00fcrznoten. Am Gaumen weich, seidig und von sch\u00f6ner Eleganz und Komplexit\u00e4t. Hervorragende L\u00e4nge mit anhaltendem Nachgeschmack.<\/p>\n","protected":false},"excerpt":{"rendered":"<p>MARCHESI ANTINORI Pinot Nero della Sala 2022 MARCHESI ANTINORI Pinot Nero della Sala 2022 Castello della Sala Castello della Sala liegt in Umbrien nahe der Grenze zur Toskana und etwa 18 km von der alten Stadt Orvieto entfernt. Die L\u00e4ndereien des Kastells, einer imponierenden Burg aus dem Mittelalter, erstrecken sich \u00fcber 500 Hektar, davon 170 [&hellip;]<\/p>\n","protected":false},"featured_media":21770,"comment_status":"open","ping_status":"closed","template":"","meta":{"_acf_changed":false,"_monsterinsights_skip_tracking":false,"_monsterinsights_sitenote_active":false,"_monsterinsights_sitenote_note":"","_monsterinsights_sitenote_category":0},"product_brand":[],"product_cat":[2362],"product_tag":[15959],"class_list":{"0":"post-46347","1":"product","2":"type-product","3":"status-publish","4":"has-post-thumbnail","6":"product_cat-pinot-nero-de","7":"product_tag-vino-rosso-de","8":"pa_appellation-igt-umbria-de","9":"pa_formato-0-75-l-flasche-de","10":"pa_producer-marchesi-antinori-de","11":"pa_region-umbrien-de","12":"pa_vine-100-pinot-nero-de-de","13":"pa_vintage-18397","15":"first","16":"instock","17":"taxable","18":"shipping-taxable","19":"purchasable","20":"product-type-simple"},"bundled_by":[],"bundle_stock_status":"instock","bundle_stock_quantity":6,"bundle_virtual":false,"bundle_layout":"","bundle_add_to_cart_form_location":"","bundle_editable_in_cart":false,"bundle_sold_individually_context":"","bundle_item_grouping":"","bundle_min_size":"","bundle_max_size":"","bundle_price":[],"bundled_items":[],"bundle_sell_ids":[],"yoast_head":"<!-- This site is optimized with the Yoast SEO plugin v27.3 - https:\/\/yoast.com\/product\/yoast-seo-wordpress\/ -->\n<title>MARCHESI ANTINORI Pinot Nero della Sala 2022<\/title>\n<meta name=\"description\" content=\"MARCHESI ANTINORI Pinot Nero della Sala 2022 -Fons Vinum- Am Gaumen weich, seidig und von sch\u00f6ner Eleganz und Komplexit\u00e4t.\" \/>\n<meta name=\"robots\" content=\"index, follow, max-snippet:-1, max-image-preview:large, max-video-preview:-1\" \/>\n<link rel=\"canonical\" href=\"https:\/\/fonsvinum.com\/de\/produkt\/marchesi-antinori-pinot-nero-della-sala-2022\/\" \/>\n<meta property=\"og:locale\" content=\"de_DE\" \/>\n<meta property=\"og:type\" content=\"article\" \/>\n<meta property=\"og:title\" content=\"MARCHESI ANTINORI Pinot Nero della Sala 2022\" \/>\n<meta property=\"og:description\" content=\"MARCHESI ANTINORI Pinot Nero della Sala 2022 -Fons Vinum- Am Gaumen weich, seidig und von sch\u00f6ner Eleganz und Komplexit\u00e4t.\" \/>\n<meta property=\"og:url\" content=\"https:\/\/fonsvinum.com\/de\/produkt\/marchesi-antinori-pinot-nero-della-sala-2022\/\" \/>\n<meta property=\"og:site_name\" content=\"Fons Vinum\" \/>\n<meta property=\"article:modified_time\" content=\"2025-06-20T14:19:09+00:00\" \/>\n<meta property=\"og:image\" content=\"https:\/\/fonsvinum.com\/files\/2020\/01\/Pinot-Nero-della-sala-marchesi-antinori.jpg\" \/>\n\t<meta property=\"og:image:width\" content=\"200\" \/>\n\t<meta property=\"og:image:height\" content=\"600\" \/>\n\t<meta property=\"og:image:type\" content=\"image\/jpeg\" \/>\n<meta name=\"twitter:label1\" content=\"Gesch\u00e4tzte Lesezeit\" \/>\n\t<meta name=\"twitter:data1\" content=\"2\u00a0Minuten\" \/>\n<script type=\"application\/ld+json\" class=\"yoast-schema-graph\">{\"@context\":\"https:\\\/\\\/schema.org\",\"@graph\":[{\"@type\":\"WebPage\",\"@id\":\"https:\\\/\\\/fonsvinum.com\\\/de\\\/produkt\\\/marchesi-antinori-pinot-nero-della-sala-2022\\\/\",\"url\":\"https:\\\/\\\/fonsvinum.com\\\/de\\\/produkt\\\/marchesi-antinori-pinot-nero-della-sala-2022\\\/\",\"name\":\"MARCHESI ANTINORI Pinot Nero della Sala 2022\",\"isPartOf\":{\"@id\":\"https:\\\/\\\/fonsvinum.com\\\/en\\\/#website\"},\"primaryImageOfPage\":{\"@id\":\"https:\\\/\\\/fonsvinum.com\\\/de\\\/produkt\\\/marchesi-antinori-pinot-nero-della-sala-2022\\\/#primaryimage\"},\"image\":{\"@id\":\"https:\\\/\\\/fonsvinum.com\\\/de\\\/produkt\\\/marchesi-antinori-pinot-nero-della-sala-2022\\\/#primaryimage\"},\"thumbnailUrl\":\"https:\\\/\\\/fonsvinum.com\\\/files\\\/2020\\\/01\\\/Pinot-Nero-della-sala-marchesi-antinori.jpg\",\"datePublished\":\"2025-06-20T14:15:11+00:00\",\"dateModified\":\"2025-06-20T14:19:09+00:00\",\"description\":\"MARCHESI ANTINORI Pinot Nero della Sala 2022 -Fons Vinum- Am Gaumen weich, seidig und von sch\u00f6ner Eleganz und Komplexit\u00e4t.\",\"breadcrumb\":{\"@id\":\"https:\\\/\\\/fonsvinum.com\\\/de\\\/produkt\\\/marchesi-antinori-pinot-nero-della-sala-2022\\\/#breadcrumb\"},\"inLanguage\":\"de\",\"potentialAction\":[{\"@type\":\"ReadAction\",\"target\":[\"https:\\\/\\\/fonsvinum.com\\\/de\\\/produkt\\\/marchesi-antinori-pinot-nero-della-sala-2022\\\/\"]}]},{\"@type\":\"ImageObject\",\"inLanguage\":\"de\",\"@id\":\"https:\\\/\\\/fonsvinum.com\\\/de\\\/produkt\\\/marchesi-antinori-pinot-nero-della-sala-2022\\\/#primaryimage\",\"url\":\"https:\\\/\\\/fonsvinum.com\\\/files\\\/2020\\\/01\\\/Pinot-Nero-della-sala-marchesi-antinori.jpg\",\"contentUrl\":\"https:\\\/\\\/fonsvinum.com\\\/files\\\/2020\\\/01\\\/Pinot-Nero-della-sala-marchesi-antinori.jpg\",\"width\":200,\"height\":600},{\"@type\":\"BreadcrumbList\",\"@id\":\"https:\\\/\\\/fonsvinum.com\\\/de\\\/produkt\\\/marchesi-antinori-pinot-nero-della-sala-2022\\\/#breadcrumb\",\"itemListElement\":[{\"@type\":\"ListItem\",\"position\":1,\"name\":\"Startseite\",\"item\":\"https:\\\/\\\/fonsvinum.com\\\/de\\\/\"},{\"@type\":\"ListItem\",\"position\":2,\"name\":\"Shop\",\"item\":\"https:\\\/\\\/fonsvinum.com\\\/de\\\/shop\\\/\"},{\"@type\":\"ListItem\",\"position\":3,\"name\":\"MARCHESI ANTINORI Pinot Nero della Sala 2022\"}]},{\"@type\":\"WebSite\",\"@id\":\"https:\\\/\\\/fonsvinum.com\\\/en\\\/#website\",\"url\":\"https:\\\/\\\/fonsvinum.com\\\/en\\\/\",\"name\":\"Fons Vinum\",\"description\":\"Vendita Vino Online\",\"publisher\":{\"@id\":\"https:\\\/\\\/fonsvinum.com\\\/en\\\/#organization\"},\"potentialAction\":[{\"@type\":\"SearchAction\",\"target\":{\"@type\":\"EntryPoint\",\"urlTemplate\":\"https:\\\/\\\/fonsvinum.com\\\/en\\\/?s={search_term_string}\"},\"query-input\":{\"@type\":\"PropertyValueSpecification\",\"valueRequired\":true,\"valueName\":\"search_term_string\"}}],\"inLanguage\":\"de\"},{\"@type\":\"Organization\",\"@id\":\"https:\\\/\\\/fonsvinum.com\\\/en\\\/#organization\",\"name\":\"Fons Vinum\",\"url\":\"https:\\\/\\\/fonsvinum.com\\\/en\\\/\",\"logo\":{\"@type\":\"ImageObject\",\"inLanguage\":\"de\",\"@id\":\"https:\\\/\\\/fonsvinum.com\\\/en\\\/#\\\/schema\\\/logo\\\/image\\\/\",\"url\":\"\",\"contentUrl\":\"\",\"caption\":\"Fons Vinum\"},\"image\":{\"@id\":\"https:\\\/\\\/fonsvinum.com\\\/en\\\/#\\\/schema\\\/logo\\\/image\\\/\"}}]}<\/script>\n<!-- \/ Yoast SEO plugin. -->","yoast_head_json":{"title":"MARCHESI ANTINORI Pinot Nero della Sala 2022","description":"MARCHESI ANTINORI Pinot Nero della Sala 2022 -Fons Vinum- Am Gaumen weich, seidig und von sch\u00f6ner Eleganz und Komplexit\u00e4t.","robots":{"index":"index","follow":"follow","max-snippet":"max-snippet:-1","max-image-preview":"max-image-preview:large","max-video-preview":"max-video-preview:-1"},"canonical":"https:\/\/fonsvinum.com\/de\/produkt\/marchesi-antinori-pinot-nero-della-sala-2022\/","og_locale":"de_DE","og_type":"article","og_title":"MARCHESI ANTINORI Pinot Nero della Sala 2022","og_description":"MARCHESI ANTINORI Pinot Nero della Sala 2022 -Fons Vinum- Am Gaumen weich, seidig und von sch\u00f6ner Eleganz und Komplexit\u00e4t.","og_url":"https:\/\/fonsvinum.com\/de\/produkt\/marchesi-antinori-pinot-nero-della-sala-2022\/","og_site_name":"Fons Vinum","article_modified_time":"2025-06-20T14:19:09+00:00","og_image":[{"width":200,"height":600,"url":"https:\/\/fonsvinum.com\/files\/2020\/01\/Pinot-Nero-della-sala-marchesi-antinori.jpg","type":"image\/jpeg"}],"twitter_misc":{"Gesch\u00e4tzte Lesezeit":"2\u00a0Minuten"},"schema":{"@context":"https:\/\/schema.org","@graph":[{"@type":"WebPage","@id":"https:\/\/fonsvinum.com\/de\/produkt\/marchesi-antinori-pinot-nero-della-sala-2022\/","url":"https:\/\/fonsvinum.com\/de\/produkt\/marchesi-antinori-pinot-nero-della-sala-2022\/","name":"MARCHESI ANTINORI Pinot Nero della Sala 2022","isPartOf":{"@id":"https:\/\/fonsvinum.com\/en\/#website"},"primaryImageOfPage":{"@id":"https:\/\/fonsvinum.com\/de\/produkt\/marchesi-antinori-pinot-nero-della-sala-2022\/#primaryimage"},"image":{"@id":"https:\/\/fonsvinum.com\/de\/produkt\/marchesi-antinori-pinot-nero-della-sala-2022\/#primaryimage"},"thumbnailUrl":"https:\/\/fonsvinum.com\/files\/2020\/01\/Pinot-Nero-della-sala-marchesi-antinori.jpg","datePublished":"2025-06-20T14:15:11+00:00","dateModified":"2025-06-20T14:19:09+00:00","description":"MARCHESI ANTINORI Pinot Nero della Sala 2022 -Fons Vinum- Am Gaumen weich, seidig und von sch\u00f6ner Eleganz und Komplexit\u00e4t.","breadcrumb":{"@id":"https:\/\/fonsvinum.com\/de\/produkt\/marchesi-antinori-pinot-nero-della-sala-2022\/#breadcrumb"},"inLanguage":"de","potentialAction":[{"@type":"ReadAction","target":["https:\/\/fonsvinum.com\/de\/produkt\/marchesi-antinori-pinot-nero-della-sala-2022\/"]}]},{"@type":"ImageObject","inLanguage":"de","@id":"https:\/\/fonsvinum.com\/de\/produkt\/marchesi-antinori-pinot-nero-della-sala-2022\/#primaryimage","url":"https:\/\/fonsvinum.com\/files\/2020\/01\/Pinot-Nero-della-sala-marchesi-antinori.jpg","contentUrl":"https:\/\/fonsvinum.com\/files\/2020\/01\/Pinot-Nero-della-sala-marchesi-antinori.jpg","width":200,"height":600},{"@type":"BreadcrumbList","@id":"https:\/\/fonsvinum.com\/de\/produkt\/marchesi-antinori-pinot-nero-della-sala-2022\/#breadcrumb","itemListElement":[{"@type":"ListItem","position":1,"name":"Startseite","item":"https:\/\/fonsvinum.com\/de\/"},{"@type":"ListItem","position":2,"name":"Shop","item":"https:\/\/fonsvinum.com\/de\/shop\/"},{"@type":"ListItem","position":3,"name":"MARCHESI ANTINORI Pinot Nero della Sala 2022"}]},{"@type":"WebSite","@id":"https:\/\/fonsvinum.com\/en\/#website","url":"https:\/\/fonsvinum.com\/en\/","name":"Fons Vinum","description":"Vendita Vino Online","publisher":{"@id":"https:\/\/fonsvinum.com\/en\/#organization"},"potentialAction":[{"@type":"SearchAction","target":{"@type":"EntryPoint","urlTemplate":"https:\/\/fonsvinum.com\/en\/?s={search_term_string}"},"query-input":{"@type":"PropertyValueSpecification","valueRequired":true,"valueName":"search_term_string"}}],"inLanguage":"de"},{"@type":"Organization","@id":"https:\/\/fonsvinum.com\/en\/#organization","name":"Fons Vinum","url":"https:\/\/fonsvinum.com\/en\/","logo":{"@type":"ImageObject","inLanguage":"de","@id":"https:\/\/fonsvinum.com\/en\/#\/schema\/logo\/image\/","url":"","contentUrl":"","caption":"Fons Vinum"},"image":{"@id":"https:\/\/fonsvinum.com\/en\/#\/schema\/logo\/image\/"}}]}},"acf":[],"_links":{"self":[{"href":"https:\/\/fonsvinum.com\/de\/wp-json\/wp\/v2\/product\/46347","targetHints":{"allow":["GET"]}}],"collection":[{"href":"https:\/\/fonsvinum.com\/de\/wp-json\/wp\/v2\/product"}],"about":[{"href":"https:\/\/fonsvinum.com\/de\/wp-json\/wp\/v2\/types\/product"}],"replies":[{"embeddable":true,"href":"https:\/\/fonsvinum.com\/de\/wp-json\/wp\/v2\/comments?post=46347"}],"wp:featuredmedia":[{"embeddable":true,"href":"https:\/\/fonsvinum.com\/de\/wp-json\/wp\/v2\/media\/21770"}],"wp:attachment":[{"href":"https:\/\/fonsvinum.com\/de\/wp-json\/wp\/v2\/media?parent=46347"}],"wp:term":[{"taxonomy":"product_brand","embeddable":true,"href":"https:\/\/fonsvinum.com\/de\/wp-json\/wp\/v2\/product_brand?post=46347"},{"taxonomy":"product_cat","embeddable":true,"href":"https:\/\/fonsvinum.com\/de\/wp-json\/wp\/v2\/product_cat?post=46347"},{"taxonomy":"product_tag","embeddable":true,"href":"https:\/\/fonsvinum.com\/de\/wp-json\/wp\/v2\/product_tag?post=46347"}],"curies":[{"name":"wp","href":"https:\/\/api.w.org\/{rel}","templated":true}]}}