{"id":46317,"date":"2025-06-20T12:25:18","date_gmt":"2025-06-20T10:25:18","guid":{"rendered":"https:\/\/fonsvinum.com\/?post_type=product&#038;p=46317"},"modified":"2025-06-20T15:26:34","modified_gmt":"2025-06-20T13:26:34","slug":"marchesi-antinori-conte-alla-vipera-2022","status":"publish","type":"product","link":"https:\/\/fonsvinum.com\/de\/produkt\/marchesi-antinori-conte-alla-vipera-2022\/","title":{"rendered":"MARCHESI ANTINORI Conte Alla Vipera 2022"},"content":{"rendered":"<h1>MARCHESI ANTINORI Conte Alla Vipera 2022<\/h1>\n<p><a href=\"https:\/\/fonsvinum.com\/de\/attributes\/producer\/marchesi-antinori-de\/\">MARCHESI ANTINORI<\/a> Conte Alla Vipera 2022<\/p>\n<h3>Castello della Sala &#8211; MARCHESI ANTINORI<\/h3>\n<p>Castello della Sala liegt in Umbrien nahe der Grenze zur Toskana und etwa 18 km von der alten Stadt Orvieto entfernt.<\/p>\n<p>Die L\u00e4ndereien des Kastells, einer imponierenden Burg aus dem Mittelalter, erstrecken sich \u00fcber 500 Hektar, davon 170 ha Rebfl\u00e4chen in Quoten von 220 \u2013 470 m in den sanften H\u00fcgeln dieser sch\u00f6nen Landschaft.<\/p>\n<p>Die B\u00f6den sind tendenziell ton- und kalkhaltig und reich an Muschelfossilien, die Weinberge empfangen die Strahlen der aufgehenden Sonne und weisen hervorragende Tag-Nacht-Temperaturunterschiede auf: das Gebiet von Castello della Sala ist ganz besonders f\u00fcr die Erzeugung von Wei\u00dfweinen geeignet.<br \/>\nAber es gibt auch einen Sonderfall: Pinot Nero findet in diesem Terroir ideale Bedingungen, um sich aufs Beste zu entfalten.<\/p>\n<h2>CONTE ALLA VIPERA<\/h2>\n<p>Erzeugt aus einer sorgf\u00e4ltigen Selektion von Sauvignon Blanc und S\u00e9millon. <a href=\"https:\/\/www.shopinlanghe.com\/sellers?render_type=sellerview&amp;id_seller=5\">Conte della Vipera<\/a> ist eine Hommage an die ersten Eigent\u00fcmer des Kastells, und das Etikett zeigt ein Motiv der auf dem Besitz liegenden Kapelle des Heiligen Johannes aus dem 14. Jahrhundert.<\/p>\n<h3>2020\u00a0Verkostungsnotizen<\/h3>\n<p>Conte della Vipera 2022 pr\u00e4sentiert sich strohgelber Farbe mit leichten gr\u00fcnlichen und goldenen Reflexen. An der Nase verbinden sich intensive Noten von Litschi, Ananas und Passionsfrucht mit angenehmen Ankl\u00e4ngen an Pampelmuse. Am Gaumen frisch, vibrierend und schmackhaft mit Noten von Zedratzitronenschale und Ananas.<\/p>\n<p>&nbsp;<\/p>\n","protected":false},"excerpt":{"rendered":"<p>MARCHESI ANTINORI Conte Alla Vipera 2022 MARCHESI ANTINORI Conte Alla Vipera 2022 Castello della Sala &#8211; MARCHESI ANTINORI Castello della Sala liegt in Umbrien nahe der Grenze zur Toskana und etwa 18 km von der alten Stadt Orvieto entfernt. Die L\u00e4ndereien des Kastells, einer imponierenden Burg aus dem Mittelalter, erstrecken sich \u00fcber 500 Hektar, davon [&hellip;]<\/p>\n","protected":false},"featured_media":26952,"comment_status":"open","ping_status":"closed","template":"","meta":{"_acf_changed":false,"_monsterinsights_skip_tracking":false,"_monsterinsights_sitenote_active":false,"_monsterinsights_sitenote_note":"","_monsterinsights_sitenote_category":0},"product_brand":[],"product_cat":[2162],"product_tag":[17742],"class_list":{"0":"post-46317","1":"product","2":"type-product","3":"status-publish","4":"has-post-thumbnail","6":"product_cat-blend","7":"product_tag-vino-bianco-de","8":"pa_appellation-umbria-igt-de","9":"pa_formato-0-75-l-flasche-de","10":"pa_producer-marchesi-antinori-de","11":"pa_region-umbrien-de","12":"pa_vine-80-sauvignon-blanc-20-semillon-de","13":"pa_vintage-18397","15":"first","16":"instock","17":"taxable","18":"shipping-taxable","19":"purchasable","20":"product-type-simple"},"bundled_by":[],"bundle_stock_status":"instock","bundle_stock_quantity":6,"bundle_virtual":false,"bundle_layout":"","bundle_add_to_cart_form_location":"","bundle_editable_in_cart":false,"bundle_sold_individually_context":"","bundle_item_grouping":"","bundle_min_size":"","bundle_max_size":"","bundle_price":[],"bundled_items":[],"bundle_sell_ids":[],"yoast_head":"<!-- This site is optimized with the Yoast SEO plugin v27.3 - https:\/\/yoast.com\/product\/yoast-seo-wordpress\/ -->\n<title>Kaufen online MARCHESI ANTINORI Conte Alla Vipera 2022<\/title>\n<meta name=\"description\" content=\"Kaufen online MARCHESI ANTINORI Conte Alla Vipera 2022 Fonsvinum rare Weine online aus Piedmont,Toskana und Venetien ...\" \/>\n<meta name=\"robots\" content=\"index, follow, max-snippet:-1, max-image-preview:large, max-video-preview:-1\" \/>\n<link rel=\"canonical\" href=\"https:\/\/fonsvinum.com\/de\/produkt\/marchesi-antinori-conte-alla-vipera-2022\/\" \/>\n<meta property=\"og:locale\" content=\"de_DE\" \/>\n<meta property=\"og:type\" content=\"article\" \/>\n<meta property=\"og:title\" content=\"Kaufen online MARCHESI ANTINORI Conte Alla Vipera 2022\" \/>\n<meta property=\"og:description\" content=\"Kaufen online MARCHESI ANTINORI Conte Alla Vipera 2022 Fonsvinum rare Weine online aus Piedmont,Toskana und Venetien ...\" \/>\n<meta property=\"og:url\" content=\"https:\/\/fonsvinum.com\/de\/produkt\/marchesi-antinori-conte-alla-vipera-2022\/\" \/>\n<meta property=\"og:site_name\" content=\"Fons Vinum\" \/>\n<meta property=\"article:modified_time\" content=\"2025-06-20T13:26:34+00:00\" \/>\n<meta property=\"og:image\" content=\"https:\/\/fonsvinum.com\/files\/2020\/10\/conte-alla-vipera-marchesi-antinori.jpg\" \/>\n\t<meta property=\"og:image:width\" content=\"200\" \/>\n\t<meta property=\"og:image:height\" content=\"600\" \/>\n\t<meta property=\"og:image:type\" content=\"image\/jpeg\" \/>\n<meta name=\"twitter:label1\" content=\"Gesch\u00e4tzte Lesezeit\" \/>\n\t<meta name=\"twitter:data1\" content=\"2\u00a0Minuten\" \/>\n<script type=\"application\/ld+json\" class=\"yoast-schema-graph\">{\"@context\":\"https:\\\/\\\/schema.org\",\"@graph\":[{\"@type\":\"WebPage\",\"@id\":\"https:\\\/\\\/fonsvinum.com\\\/de\\\/produkt\\\/marchesi-antinori-conte-alla-vipera-2022\\\/\",\"url\":\"https:\\\/\\\/fonsvinum.com\\\/de\\\/produkt\\\/marchesi-antinori-conte-alla-vipera-2022\\\/\",\"name\":\"Kaufen online MARCHESI ANTINORI Conte Alla Vipera 2022\",\"isPartOf\":{\"@id\":\"https:\\\/\\\/fonsvinum.com\\\/en\\\/#website\"},\"primaryImageOfPage\":{\"@id\":\"https:\\\/\\\/fonsvinum.com\\\/de\\\/produkt\\\/marchesi-antinori-conte-alla-vipera-2022\\\/#primaryimage\"},\"image\":{\"@id\":\"https:\\\/\\\/fonsvinum.com\\\/de\\\/produkt\\\/marchesi-antinori-conte-alla-vipera-2022\\\/#primaryimage\"},\"thumbnailUrl\":\"https:\\\/\\\/fonsvinum.com\\\/files\\\/2020\\\/10\\\/conte-alla-vipera-marchesi-antinori.jpg\",\"datePublished\":\"2025-06-20T10:25:18+00:00\",\"dateModified\":\"2025-06-20T13:26:34+00:00\",\"description\":\"Kaufen online MARCHESI ANTINORI Conte Alla Vipera 2022 Fonsvinum rare Weine online aus Piedmont,Toskana und Venetien ...\",\"breadcrumb\":{\"@id\":\"https:\\\/\\\/fonsvinum.com\\\/de\\\/produkt\\\/marchesi-antinori-conte-alla-vipera-2022\\\/#breadcrumb\"},\"inLanguage\":\"de\",\"potentialAction\":[{\"@type\":\"ReadAction\",\"target\":[\"https:\\\/\\\/fonsvinum.com\\\/de\\\/produkt\\\/marchesi-antinori-conte-alla-vipera-2022\\\/\"]}]},{\"@type\":\"ImageObject\",\"inLanguage\":\"de\",\"@id\":\"https:\\\/\\\/fonsvinum.com\\\/de\\\/produkt\\\/marchesi-antinori-conte-alla-vipera-2022\\\/#primaryimage\",\"url\":\"https:\\\/\\\/fonsvinum.com\\\/files\\\/2020\\\/10\\\/conte-alla-vipera-marchesi-antinori.jpg\",\"contentUrl\":\"https:\\\/\\\/fonsvinum.com\\\/files\\\/2020\\\/10\\\/conte-alla-vipera-marchesi-antinori.jpg\",\"width\":200,\"height\":600},{\"@type\":\"BreadcrumbList\",\"@id\":\"https:\\\/\\\/fonsvinum.com\\\/de\\\/produkt\\\/marchesi-antinori-conte-alla-vipera-2022\\\/#breadcrumb\",\"itemListElement\":[{\"@type\":\"ListItem\",\"position\":1,\"name\":\"Startseite\",\"item\":\"https:\\\/\\\/fonsvinum.com\\\/de\\\/\"},{\"@type\":\"ListItem\",\"position\":2,\"name\":\"Shop\",\"item\":\"https:\\\/\\\/fonsvinum.com\\\/de\\\/shop\\\/\"},{\"@type\":\"ListItem\",\"position\":3,\"name\":\"MARCHESI ANTINORI Conte Alla Vipera 2022\"}]},{\"@type\":\"WebSite\",\"@id\":\"https:\\\/\\\/fonsvinum.com\\\/en\\\/#website\",\"url\":\"https:\\\/\\\/fonsvinum.com\\\/en\\\/\",\"name\":\"Fons Vinum\",\"description\":\"Vendita Vino Online\",\"publisher\":{\"@id\":\"https:\\\/\\\/fonsvinum.com\\\/en\\\/#organization\"},\"potentialAction\":[{\"@type\":\"SearchAction\",\"target\":{\"@type\":\"EntryPoint\",\"urlTemplate\":\"https:\\\/\\\/fonsvinum.com\\\/en\\\/?s={search_term_string}\"},\"query-input\":{\"@type\":\"PropertyValueSpecification\",\"valueRequired\":true,\"valueName\":\"search_term_string\"}}],\"inLanguage\":\"de\"},{\"@type\":\"Organization\",\"@id\":\"https:\\\/\\\/fonsvinum.com\\\/en\\\/#organization\",\"name\":\"Fons Vinum\",\"url\":\"https:\\\/\\\/fonsvinum.com\\\/en\\\/\",\"logo\":{\"@type\":\"ImageObject\",\"inLanguage\":\"de\",\"@id\":\"https:\\\/\\\/fonsvinum.com\\\/en\\\/#\\\/schema\\\/logo\\\/image\\\/\",\"url\":\"\",\"contentUrl\":\"\",\"caption\":\"Fons Vinum\"},\"image\":{\"@id\":\"https:\\\/\\\/fonsvinum.com\\\/en\\\/#\\\/schema\\\/logo\\\/image\\\/\"}}]}<\/script>\n<!-- \/ Yoast SEO plugin. -->","yoast_head_json":{"title":"Kaufen online MARCHESI ANTINORI Conte Alla Vipera 2022","description":"Kaufen online MARCHESI ANTINORI Conte Alla Vipera 2022 Fonsvinum rare Weine online aus Piedmont,Toskana und Venetien ...","robots":{"index":"index","follow":"follow","max-snippet":"max-snippet:-1","max-image-preview":"max-image-preview:large","max-video-preview":"max-video-preview:-1"},"canonical":"https:\/\/fonsvinum.com\/de\/produkt\/marchesi-antinori-conte-alla-vipera-2022\/","og_locale":"de_DE","og_type":"article","og_title":"Kaufen online MARCHESI ANTINORI Conte Alla Vipera 2022","og_description":"Kaufen online MARCHESI ANTINORI Conte Alla Vipera 2022 Fonsvinum rare Weine online aus Piedmont,Toskana und Venetien ...","og_url":"https:\/\/fonsvinum.com\/de\/produkt\/marchesi-antinori-conte-alla-vipera-2022\/","og_site_name":"Fons Vinum","article_modified_time":"2025-06-20T13:26:34+00:00","og_image":[{"width":200,"height":600,"url":"https:\/\/fonsvinum.com\/files\/2020\/10\/conte-alla-vipera-marchesi-antinori.jpg","type":"image\/jpeg"}],"twitter_misc":{"Gesch\u00e4tzte Lesezeit":"2\u00a0Minuten"},"schema":{"@context":"https:\/\/schema.org","@graph":[{"@type":"WebPage","@id":"https:\/\/fonsvinum.com\/de\/produkt\/marchesi-antinori-conte-alla-vipera-2022\/","url":"https:\/\/fonsvinum.com\/de\/produkt\/marchesi-antinori-conte-alla-vipera-2022\/","name":"Kaufen online MARCHESI ANTINORI Conte Alla Vipera 2022","isPartOf":{"@id":"https:\/\/fonsvinum.com\/en\/#website"},"primaryImageOfPage":{"@id":"https:\/\/fonsvinum.com\/de\/produkt\/marchesi-antinori-conte-alla-vipera-2022\/#primaryimage"},"image":{"@id":"https:\/\/fonsvinum.com\/de\/produkt\/marchesi-antinori-conte-alla-vipera-2022\/#primaryimage"},"thumbnailUrl":"https:\/\/fonsvinum.com\/files\/2020\/10\/conte-alla-vipera-marchesi-antinori.jpg","datePublished":"2025-06-20T10:25:18+00:00","dateModified":"2025-06-20T13:26:34+00:00","description":"Kaufen online MARCHESI ANTINORI Conte Alla Vipera 2022 Fonsvinum rare Weine online aus Piedmont,Toskana und Venetien ...","breadcrumb":{"@id":"https:\/\/fonsvinum.com\/de\/produkt\/marchesi-antinori-conte-alla-vipera-2022\/#breadcrumb"},"inLanguage":"de","potentialAction":[{"@type":"ReadAction","target":["https:\/\/fonsvinum.com\/de\/produkt\/marchesi-antinori-conte-alla-vipera-2022\/"]}]},{"@type":"ImageObject","inLanguage":"de","@id":"https:\/\/fonsvinum.com\/de\/produkt\/marchesi-antinori-conte-alla-vipera-2022\/#primaryimage","url":"https:\/\/fonsvinum.com\/files\/2020\/10\/conte-alla-vipera-marchesi-antinori.jpg","contentUrl":"https:\/\/fonsvinum.com\/files\/2020\/10\/conte-alla-vipera-marchesi-antinori.jpg","width":200,"height":600},{"@type":"BreadcrumbList","@id":"https:\/\/fonsvinum.com\/de\/produkt\/marchesi-antinori-conte-alla-vipera-2022\/#breadcrumb","itemListElement":[{"@type":"ListItem","position":1,"name":"Startseite","item":"https:\/\/fonsvinum.com\/de\/"},{"@type":"ListItem","position":2,"name":"Shop","item":"https:\/\/fonsvinum.com\/de\/shop\/"},{"@type":"ListItem","position":3,"name":"MARCHESI ANTINORI Conte Alla Vipera 2022"}]},{"@type":"WebSite","@id":"https:\/\/fonsvinum.com\/en\/#website","url":"https:\/\/fonsvinum.com\/en\/","name":"Fons Vinum","description":"Vendita Vino Online","publisher":{"@id":"https:\/\/fonsvinum.com\/en\/#organization"},"potentialAction":[{"@type":"SearchAction","target":{"@type":"EntryPoint","urlTemplate":"https:\/\/fonsvinum.com\/en\/?s={search_term_string}"},"query-input":{"@type":"PropertyValueSpecification","valueRequired":true,"valueName":"search_term_string"}}],"inLanguage":"de"},{"@type":"Organization","@id":"https:\/\/fonsvinum.com\/en\/#organization","name":"Fons Vinum","url":"https:\/\/fonsvinum.com\/en\/","logo":{"@type":"ImageObject","inLanguage":"de","@id":"https:\/\/fonsvinum.com\/en\/#\/schema\/logo\/image\/","url":"","contentUrl":"","caption":"Fons Vinum"},"image":{"@id":"https:\/\/fonsvinum.com\/en\/#\/schema\/logo\/image\/"}}]}},"acf":[],"_links":{"self":[{"href":"https:\/\/fonsvinum.com\/de\/wp-json\/wp\/v2\/product\/46317","targetHints":{"allow":["GET"]}}],"collection":[{"href":"https:\/\/fonsvinum.com\/de\/wp-json\/wp\/v2\/product"}],"about":[{"href":"https:\/\/fonsvinum.com\/de\/wp-json\/wp\/v2\/types\/product"}],"replies":[{"embeddable":true,"href":"https:\/\/fonsvinum.com\/de\/wp-json\/wp\/v2\/comments?post=46317"}],"wp:featuredmedia":[{"embeddable":true,"href":"https:\/\/fonsvinum.com\/de\/wp-json\/wp\/v2\/media\/26952"}],"wp:attachment":[{"href":"https:\/\/fonsvinum.com\/de\/wp-json\/wp\/v2\/media?parent=46317"}],"wp:term":[{"taxonomy":"product_brand","embeddable":true,"href":"https:\/\/fonsvinum.com\/de\/wp-json\/wp\/v2\/product_brand?post=46317"},{"taxonomy":"product_cat","embeddable":true,"href":"https:\/\/fonsvinum.com\/de\/wp-json\/wp\/v2\/product_cat?post=46317"},{"taxonomy":"product_tag","embeddable":true,"href":"https:\/\/fonsvinum.com\/de\/wp-json\/wp\/v2\/product_tag?post=46317"}],"curies":[{"name":"wp","href":"https:\/\/api.w.org\/{rel}","templated":true}]}}