{"id":46263,"date":"2025-06-20T10:03:06","date_gmt":"2025-06-20T08:03:06","guid":{"rendered":"https:\/\/fonsvinum.com\/?post_type=product&#038;p=46263"},"modified":"2025-06-20T11:20:27","modified_gmt":"2025-06-20T09:20:27","slug":"claude-perrard-champagne-brut-blanc-de-blancs","status":"publish","type":"product","link":"https:\/\/fonsvinum.com\/de\/produkt\/claude-perrard-champagne-brut-blanc-de-blancs\/","title":{"rendered":"CLAUDE PERRARD CHAMPAGNE BRUT BLANC DE BLANCS"},"content":{"rendered":"<h2>CLAUDE PERRARD CHAMPAGNE BRUT BLANC DE BLANCS<\/h2>\n<p>CLAUDE PERRARD CHAMPAGNE BRUT BLANC DE BLANCS<\/p>\n<p>Dieser Chardonnay-Champagner direkt vom Hersteller entsteht aus einer Auswahl und Assemblage von Chardonnay-Trauben.<br \/>\nDieser Jahrgang besticht durch seine Finesse und Lebendigkeit. Bewundern Sie zun\u00e4chst seine sch\u00f6ne hellgelbe Farbe mit einigen gr\u00fcnen Reflexen.<\/p>\n<p>In der Nase entfalten sich zitronige Aromen von Fruchtpaste sowie leicht ger\u00f6stete Noten.<br \/>\nAm Gaumen entfaltet sich schlie\u00dflich eine breite Palette von Zitrusfr\u00fcchten, Grapefruit und Limette.<br \/>\nUnterst\u00fctzt wird dies zudem durch eine sehr sch\u00f6ne Perlage.<br \/>\nAuch der Champagne Chardonnay direkt vom Erzeuger verk\u00f6rpert die Leichtigkeit und Frische des Chardonnay.<\/p>\n<h2>Speisen- und Weinbegleitung:<\/h2>\n<p>Wir empfehlen, diesen Jahrgang f\u00fcr Ihre feinsten Gerichte aufzuheben. Zum Beispiel, um Ihren Fisch in Sauce zu verfeinern. Er passt auch gut zu Jakobsmuschel-Carpaccio oder Schalentieren.<\/p>\n<h2>PETITE MAISON CLAUDE PERRARD- VIGNERONS DE CHAMPAGNE- GESCHICHTE-<\/h2>\n<blockquote><p>Champagner Claude PERRARD entstand aus einer Leidenschaft, die seit 1911 vom Vater an den Sohn weitergegeben wurde.<\/p>\n<p>Heute f\u00fchren Fr\u00e9d\u00e9ric und Jean-Pierre PERRARD diese Tradition fort.<\/p>\n<p>Champagner Claude PERRARD bleibt somit Zeuge eines au\u00dfergew\u00f6hnlichen Terroirs mit charaktervollen Weinen mit sch\u00f6ner Rundheit und komplexen Aromen.<\/p>\n<p>Sie verschneiden haupts\u00e4chlich Pinot Noir, aber auch Pinot Meunier und Chardonnay.<\/p>\n<p>Dieser Partner f\u00fcr unvergessliche Momente stammt aus nachhaltigem Weinbau, um diese au\u00dfergew\u00f6hnlichen Produkte zu erhalten.<\/p>\n<p>Es ist wichtig, den Platz von Boden und Pflanzen im Management des Agrarsystems und seiner Artenvielfalt neu zu entdecken.<\/p>\n<p>Um diese Ziele zu erreichen, hinterfragen wir st\u00e4ndig unsere Methoden, um Traditionen und aktuelle Erkenntnisse unter Einhaltung der Umweltvorschriften zu verbinden.<\/p>\n<p>Die Weinberge liegen rund um das Dorf Rouvres-les-vignes, C\u00f4te des Bars.<\/p><\/blockquote>\n","protected":false},"excerpt":{"rendered":"<p>CLAUDE PERRARD CHAMPAGNE BRUT BLANC DE BLANCS CLAUDE PERRARD CHAMPAGNE BRUT BLANC DE BLANCS Dieser Chardonnay-Champagner direkt vom Hersteller entsteht aus einer Auswahl und Assemblage von Chardonnay-Trauben. Dieser Jahrgang besticht durch seine Finesse und Lebendigkeit. Bewundern Sie zun\u00e4chst seine sch\u00f6ne hellgelbe Farbe mit einigen gr\u00fcnen Reflexen. In der Nase entfalten sich zitronige Aromen von Fruchtpaste [&hellip;]<\/p>\n","protected":false},"featured_media":46283,"comment_status":"open","ping_status":"closed","template":"","meta":{"_acf_changed":false,"_monsterinsights_skip_tracking":false,"_monsterinsights_sitenote_active":false,"_monsterinsights_sitenote_note":"","_monsterinsights_sitenote_category":0},"product_brand":[],"product_cat":[2160,1479],"product_tag":[1802,17724],"class_list":{"0":"post-46263","1":"product","2":"type-product","3":"status-publish","4":"has-post-thumbnail","6":"product_cat-champagne-de","7":"product_cat-blanc-de-blancs-de","8":"product_tag-champagne-de","9":"product_tag-francia-de","10":"pa_appellation-champagne-aoc-de","11":"pa_formato-0-75-l-flasche-de","12":"pa_region-champagne-de","13":"pa_vine-100-chardonnay-de","14":"pa_vintage-no-vintage-de","16":"first","17":"instock","18":"taxable","19":"shipping-taxable","20":"purchasable","21":"product-type-simple"},"bundled_by":[],"bundle_stock_status":"instock","bundle_stock_quantity":35,"bundle_virtual":false,"bundle_layout":"","bundle_add_to_cart_form_location":"","bundle_editable_in_cart":false,"bundle_sold_individually_context":"","bundle_item_grouping":"","bundle_min_size":"","bundle_max_size":"","bundle_price":[],"bundled_items":[],"bundle_sell_ids":[],"yoast_head":"<!-- This site is optimized with the Yoast SEO plugin v27.2 - https:\/\/yoast.com\/product\/yoast-seo-wordpress\/ -->\n<title>CLAUDE PERRARD CHAMPAGNE BRUT BLANC DE BLANCS<\/title>\n<meta name=\"description\" content=\"Kaufen online FonsVinum CLAUDE PERRARD CHAMPAGNE BRUT BLANC DE BLANCS on Fons Vinum.................ein toller franz\u00f6sischer Champagner!!!!\" \/>\n<meta name=\"robots\" content=\"index, follow, max-snippet:-1, max-image-preview:large, max-video-preview:-1\" \/>\n<link rel=\"canonical\" href=\"https:\/\/fonsvinum.com\/de\/produkt\/claude-perrard-champagne-brut-blanc-de-blancs\/\" \/>\n<meta property=\"og:locale\" content=\"de_DE\" \/>\n<meta property=\"og:type\" content=\"article\" \/>\n<meta property=\"og:title\" content=\"CLAUDE PERRARD CHAMPAGNE BRUT BLANC DE BLANCS\" \/>\n<meta property=\"og:description\" content=\"Kaufen online FonsVinum CLAUDE PERRARD CHAMPAGNE BRUT BLANC DE BLANCS on Fons Vinum.................ein toller franz\u00f6sischer Champagner!!!!\" \/>\n<meta property=\"og:url\" content=\"https:\/\/fonsvinum.com\/de\/produkt\/claude-perrard-champagne-brut-blanc-de-blancs\/\" \/>\n<meta property=\"og:site_name\" content=\"Fons Vinum\" \/>\n<meta property=\"article:modified_time\" content=\"2025-06-20T09:20:27+00:00\" \/>\n<meta property=\"og:image\" content=\"https:\/\/fonsvinum.com\/files\/2025\/06\/champagne-blanc-de-blancscp.png\" \/>\n\t<meta property=\"og:image:width\" content=\"200\" \/>\n\t<meta property=\"og:image:height\" content=\"600\" \/>\n\t<meta property=\"og:image:type\" content=\"image\/png\" \/>\n<meta name=\"twitter:label1\" content=\"Gesch\u00e4tzte Lesezeit\" \/>\n\t<meta name=\"twitter:data1\" content=\"1\u00a0Minute\" \/>\n<script type=\"application\/ld+json\" class=\"yoast-schema-graph\">{\"@context\":\"https:\/\/schema.org\",\"@graph\":[{\"@type\":\"WebPage\",\"@id\":\"https:\/\/fonsvinum.com\/de\/produkt\/claude-perrard-champagne-brut-blanc-de-blancs\/\",\"url\":\"https:\/\/fonsvinum.com\/de\/produkt\/claude-perrard-champagne-brut-blanc-de-blancs\/\",\"name\":\"CLAUDE PERRARD CHAMPAGNE BRUT BLANC DE BLANCS\",\"isPartOf\":{\"@id\":\"https:\/\/fonsvinum.com\/en\/#website\"},\"primaryImageOfPage\":{\"@id\":\"https:\/\/fonsvinum.com\/de\/produkt\/claude-perrard-champagne-brut-blanc-de-blancs\/#primaryimage\"},\"image\":{\"@id\":\"https:\/\/fonsvinum.com\/de\/produkt\/claude-perrard-champagne-brut-blanc-de-blancs\/#primaryimage\"},\"thumbnailUrl\":\"https:\/\/fonsvinum.com\/files\/2025\/06\/champagne-blanc-de-blancscp.png\",\"datePublished\":\"2025-06-20T08:03:06+00:00\",\"dateModified\":\"2025-06-20T09:20:27+00:00\",\"description\":\"Kaufen online FonsVinum CLAUDE PERRARD CHAMPAGNE BRUT BLANC DE BLANCS on Fons Vinum.................ein toller franz\u00f6sischer Champagner!!!!\",\"breadcrumb\":{\"@id\":\"https:\/\/fonsvinum.com\/de\/produkt\/claude-perrard-champagne-brut-blanc-de-blancs\/#breadcrumb\"},\"inLanguage\":\"de\",\"potentialAction\":[{\"@type\":\"ReadAction\",\"target\":[\"https:\/\/fonsvinum.com\/de\/produkt\/claude-perrard-champagne-brut-blanc-de-blancs\/\"]}]},{\"@type\":\"ImageObject\",\"inLanguage\":\"de\",\"@id\":\"https:\/\/fonsvinum.com\/de\/produkt\/claude-perrard-champagne-brut-blanc-de-blancs\/#primaryimage\",\"url\":\"https:\/\/fonsvinum.com\/files\/2025\/06\/champagne-blanc-de-blancscp.png\",\"contentUrl\":\"https:\/\/fonsvinum.com\/files\/2025\/06\/champagne-blanc-de-blancscp.png\",\"width\":200,\"height\":600},{\"@type\":\"BreadcrumbList\",\"@id\":\"https:\/\/fonsvinum.com\/de\/produkt\/claude-perrard-champagne-brut-blanc-de-blancs\/#breadcrumb\",\"itemListElement\":[{\"@type\":\"ListItem\",\"position\":1,\"name\":\"Startseite\",\"item\":\"https:\/\/fonsvinum.com\/de\/\"},{\"@type\":\"ListItem\",\"position\":2,\"name\":\"Shop\",\"item\":\"https:\/\/fonsvinum.com\/de\/shop\/\"},{\"@type\":\"ListItem\",\"position\":3,\"name\":\"CLAUDE PERRARD CHAMPAGNE BRUT BLANC DE BLANCS\"}]},{\"@type\":\"WebSite\",\"@id\":\"https:\/\/fonsvinum.com\/en\/#website\",\"url\":\"https:\/\/fonsvinum.com\/en\/\",\"name\":\"Fons Vinum\",\"description\":\"Vendita Vino Online\",\"publisher\":{\"@id\":\"https:\/\/fonsvinum.com\/en\/#organization\"},\"potentialAction\":[{\"@type\":\"SearchAction\",\"target\":{\"@type\":\"EntryPoint\",\"urlTemplate\":\"https:\/\/fonsvinum.com\/en\/?s={search_term_string}\"},\"query-input\":{\"@type\":\"PropertyValueSpecification\",\"valueRequired\":true,\"valueName\":\"search_term_string\"}}],\"inLanguage\":\"de\"},{\"@type\":\"Organization\",\"@id\":\"https:\/\/fonsvinum.com\/en\/#organization\",\"name\":\"Fons Vinum\",\"url\":\"https:\/\/fonsvinum.com\/en\/\",\"logo\":{\"@type\":\"ImageObject\",\"inLanguage\":\"de\",\"@id\":\"https:\/\/fonsvinum.com\/en\/#\/schema\/logo\/image\/\",\"url\":\"\",\"contentUrl\":\"\",\"caption\":\"Fons Vinum\"},\"image\":{\"@id\":\"https:\/\/fonsvinum.com\/en\/#\/schema\/logo\/image\/\"}}]}<\/script>\n<!-- \/ Yoast SEO plugin. -->","yoast_head_json":{"title":"CLAUDE PERRARD CHAMPAGNE BRUT BLANC DE BLANCS","description":"Kaufen online FonsVinum CLAUDE PERRARD CHAMPAGNE BRUT BLANC DE BLANCS on Fons Vinum.................ein toller franz\u00f6sischer Champagner!!!!","robots":{"index":"index","follow":"follow","max-snippet":"max-snippet:-1","max-image-preview":"max-image-preview:large","max-video-preview":"max-video-preview:-1"},"canonical":"https:\/\/fonsvinum.com\/de\/produkt\/claude-perrard-champagne-brut-blanc-de-blancs\/","og_locale":"de_DE","og_type":"article","og_title":"CLAUDE PERRARD CHAMPAGNE BRUT BLANC DE BLANCS","og_description":"Kaufen online FonsVinum CLAUDE PERRARD CHAMPAGNE BRUT BLANC DE BLANCS on Fons Vinum.................ein toller franz\u00f6sischer Champagner!!!!","og_url":"https:\/\/fonsvinum.com\/de\/produkt\/claude-perrard-champagne-brut-blanc-de-blancs\/","og_site_name":"Fons Vinum","article_modified_time":"2025-06-20T09:20:27+00:00","og_image":[{"width":200,"height":600,"url":"https:\/\/fonsvinum.com\/files\/2025\/06\/champagne-blanc-de-blancscp.png","type":"image\/png"}],"twitter_misc":{"Gesch\u00e4tzte Lesezeit":"1\u00a0Minute"},"schema":{"@context":"https:\/\/schema.org","@graph":[{"@type":"WebPage","@id":"https:\/\/fonsvinum.com\/de\/produkt\/claude-perrard-champagne-brut-blanc-de-blancs\/","url":"https:\/\/fonsvinum.com\/de\/produkt\/claude-perrard-champagne-brut-blanc-de-blancs\/","name":"CLAUDE PERRARD CHAMPAGNE BRUT BLANC DE BLANCS","isPartOf":{"@id":"https:\/\/fonsvinum.com\/en\/#website"},"primaryImageOfPage":{"@id":"https:\/\/fonsvinum.com\/de\/produkt\/claude-perrard-champagne-brut-blanc-de-blancs\/#primaryimage"},"image":{"@id":"https:\/\/fonsvinum.com\/de\/produkt\/claude-perrard-champagne-brut-blanc-de-blancs\/#primaryimage"},"thumbnailUrl":"https:\/\/fonsvinum.com\/files\/2025\/06\/champagne-blanc-de-blancscp.png","datePublished":"2025-06-20T08:03:06+00:00","dateModified":"2025-06-20T09:20:27+00:00","description":"Kaufen online FonsVinum CLAUDE PERRARD CHAMPAGNE BRUT BLANC DE BLANCS on Fons Vinum.................ein toller franz\u00f6sischer Champagner!!!!","breadcrumb":{"@id":"https:\/\/fonsvinum.com\/de\/produkt\/claude-perrard-champagne-brut-blanc-de-blancs\/#breadcrumb"},"inLanguage":"de","potentialAction":[{"@type":"ReadAction","target":["https:\/\/fonsvinum.com\/de\/produkt\/claude-perrard-champagne-brut-blanc-de-blancs\/"]}]},{"@type":"ImageObject","inLanguage":"de","@id":"https:\/\/fonsvinum.com\/de\/produkt\/claude-perrard-champagne-brut-blanc-de-blancs\/#primaryimage","url":"https:\/\/fonsvinum.com\/files\/2025\/06\/champagne-blanc-de-blancscp.png","contentUrl":"https:\/\/fonsvinum.com\/files\/2025\/06\/champagne-blanc-de-blancscp.png","width":200,"height":600},{"@type":"BreadcrumbList","@id":"https:\/\/fonsvinum.com\/de\/produkt\/claude-perrard-champagne-brut-blanc-de-blancs\/#breadcrumb","itemListElement":[{"@type":"ListItem","position":1,"name":"Startseite","item":"https:\/\/fonsvinum.com\/de\/"},{"@type":"ListItem","position":2,"name":"Shop","item":"https:\/\/fonsvinum.com\/de\/shop\/"},{"@type":"ListItem","position":3,"name":"CLAUDE PERRARD CHAMPAGNE BRUT BLANC DE BLANCS"}]},{"@type":"WebSite","@id":"https:\/\/fonsvinum.com\/en\/#website","url":"https:\/\/fonsvinum.com\/en\/","name":"Fons Vinum","description":"Vendita Vino Online","publisher":{"@id":"https:\/\/fonsvinum.com\/en\/#organization"},"potentialAction":[{"@type":"SearchAction","target":{"@type":"EntryPoint","urlTemplate":"https:\/\/fonsvinum.com\/en\/?s={search_term_string}"},"query-input":{"@type":"PropertyValueSpecification","valueRequired":true,"valueName":"search_term_string"}}],"inLanguage":"de"},{"@type":"Organization","@id":"https:\/\/fonsvinum.com\/en\/#organization","name":"Fons Vinum","url":"https:\/\/fonsvinum.com\/en\/","logo":{"@type":"ImageObject","inLanguage":"de","@id":"https:\/\/fonsvinum.com\/en\/#\/schema\/logo\/image\/","url":"","contentUrl":"","caption":"Fons Vinum"},"image":{"@id":"https:\/\/fonsvinum.com\/en\/#\/schema\/logo\/image\/"}}]}},"acf":[],"_links":{"self":[{"href":"https:\/\/fonsvinum.com\/de\/wp-json\/wp\/v2\/product\/46263","targetHints":{"allow":["GET"]}}],"collection":[{"href":"https:\/\/fonsvinum.com\/de\/wp-json\/wp\/v2\/product"}],"about":[{"href":"https:\/\/fonsvinum.com\/de\/wp-json\/wp\/v2\/types\/product"}],"replies":[{"embeddable":true,"href":"https:\/\/fonsvinum.com\/de\/wp-json\/wp\/v2\/comments?post=46263"}],"wp:featuredmedia":[{"embeddable":true,"href":"https:\/\/fonsvinum.com\/de\/wp-json\/wp\/v2\/media\/46283"}],"wp:attachment":[{"href":"https:\/\/fonsvinum.com\/de\/wp-json\/wp\/v2\/media?parent=46263"}],"wp:term":[{"taxonomy":"product_brand","embeddable":true,"href":"https:\/\/fonsvinum.com\/de\/wp-json\/wp\/v2\/product_brand?post=46263"},{"taxonomy":"product_cat","embeddable":true,"href":"https:\/\/fonsvinum.com\/de\/wp-json\/wp\/v2\/product_cat?post=46263"},{"taxonomy":"product_tag","embeddable":true,"href":"https:\/\/fonsvinum.com\/de\/wp-json\/wp\/v2\/product_tag?post=46263"}],"curies":[{"name":"wp","href":"https:\/\/api.w.org\/{rel}","templated":true}]}}