{"id":46239,"date":"2025-06-19T15:29:17","date_gmt":"2025-06-19T13:29:17","guid":{"rendered":"https:\/\/fonsvinum.com\/?post_type=product&#038;p=46239"},"modified":"2025-06-19T17:30:34","modified_gmt":"2025-06-19T15:30:34","slug":"claude-perrard-champagne-brut-tradition","status":"publish","type":"product","link":"https:\/\/fonsvinum.com\/de\/produkt\/claude-perrard-champagne-brut-tradition\/","title":{"rendered":"CLAUDE PERRARD CHAMPAGNE BRUT TRADITION"},"content":{"rendered":"<h2>CLAUDE PERRARD CHAMPAGNE BRUT TRADITION<\/h2>\n<p>CLAUDE PERRARD CHAMPAGNE BRUT TRADITION<\/p>\n<p>Eine Mischung aus 3 Rebsorten ergibt den Champagner Claude PERRARD Brut Tradition.<\/p>\n<p>Sie enth\u00e4lt daher 69 % Pinot Noir, 16 % Pinot Meunier und 15 % Chardonnay. Diese Jahrg\u00e4nge wurden ausgew\u00e4hlt und verschnitten, um eine interessante Balance zu schaffen.<br \/>\nSie werden den Champagner Claude PERRARD Brut Tradition f\u00fcr seine Reife, seine Kraft und seine Leichtigkeit sch\u00e4tzen.<br \/>\nAuch seine leicht bernsteinfarbene Farbe ist bemerkenswert.<br \/>\nSeine kr\u00e4ftige Nase offenbart Aromen von Trockenfr\u00fcchten, Zitrusfr\u00fcchten, einem Hauch von getrockneten Aprikosen und Quitten.<\/p>\n<p>Speisen- und Weinbegleitung:<br \/>\nChampagne Claude PERRARD Brut Tradition eignet sich perfekt als Aperitif zu K\u00e4se-Goug\u00e8res. Er kann auch als Vorspeise mit einem Schinkengeb\u00e4ck serviert werden.<br \/>\nEr passt auch gut zu Gefl\u00fcgel oder Rinderfilet in Sauce.<\/p>\n<h2>PETITE MAISON CLAUDE PERRARD- VIGNERONS DE CHAMPAGNES- GESCHICHTE-<\/h2>\n<blockquote><p>Champagner Claude PERRARD entstand aus einer Leidenschaft, die seit 1911 vom Vater an den Sohn weitergegeben wurde.<\/p>\n<p>Heute f\u00fchren Fr\u00e9d\u00e9ric und Jean-Pierre PERRARD diese Tradition fort.<\/p>\n<p>Champagner Claude PERRARD bleibt somit Zeuge eines au\u00dfergew\u00f6hnlichen Terroirs mit charaktervollen Weinen mit sch\u00f6ner Rundheit und komplexen Aromen.<\/p>\n<p>Sie verschneiden haupts\u00e4chlich Pinot Noir, aber auch Pinot Meunier und Chardonnay.<\/p>\n<p>Dieser Partner f\u00fcr unvergessliche Momente stammt aus nachhaltigem Weinbau, um diese au\u00dfergew\u00f6hnlichen Produkte zu erhalten.<\/p>\n<p>Es ist wichtig, den Platz von Boden und Pflanzen im Management des Agrarsystems und seiner Artenvielfalt neu zu entdecken.<\/p>\n<p>Um diese Ziele zu erreichen, hinterfragen wir st\u00e4ndig unsere Methoden, um Traditionen und aktuelle Erkenntnisse unter Einhaltung der Umweltvorschriften zu verbinden.<\/p>\n<p>Die Weinberge liegen rund um das Dorf Rouvres-les-vignes, C\u00f4te des Bars.<\/p><\/blockquote>\n","protected":false},"excerpt":{"rendered":"<p>CLAUDE PERRARD CHAMPAGNE BRUT TRADITION CLAUDE PERRARD CHAMPAGNE BRUT TRADITION Eine Mischung aus 3 Rebsorten ergibt den Champagner Claude PERRARD Brut Tradition. Sie enth\u00e4lt daher 69 % Pinot Noir, 16 % Pinot Meunier und 15 % Chardonnay. Diese Jahrg\u00e4nge wurden ausgew\u00e4hlt und verschnitten, um eine interessante Balance zu schaffen. Sie werden den Champagner Claude PERRARD [&hellip;]<\/p>\n","protected":false},"featured_media":46247,"comment_status":"open","ping_status":"closed","template":"","meta":{"_acf_changed":false,"_monsterinsights_skip_tracking":false,"_monsterinsights_sitenote_active":false,"_monsterinsights_sitenote_note":"","_monsterinsights_sitenote_category":0},"product_brand":[],"product_cat":[2160],"product_tag":[1733,1802],"class_list":{"0":"post-46239","1":"product","2":"type-product","3":"status-publish","4":"has-post-thumbnail","6":"product_cat-champagne-de","7":"product_tag-aussergewoehnliche-weine-de","8":"product_tag-champagne-de","9":"pa_appellation-champagne-aoc-de","10":"pa_formato-0-75-l-flasche-de","11":"pa_region-champagne-de","12":"pa_vintage-no-vintage-de","14":"first","15":"instock","16":"taxable","17":"shipping-taxable","18":"purchasable","19":"product-type-simple"},"bundled_by":[],"bundle_stock_status":"instock","bundle_stock_quantity":68,"bundle_virtual":false,"bundle_layout":"","bundle_add_to_cart_form_location":"","bundle_editable_in_cart":false,"bundle_sold_individually_context":"","bundle_item_grouping":"","bundle_min_size":"","bundle_max_size":"","bundle_price":[],"bundled_items":[],"bundle_sell_ids":[],"yoast_head":"<!-- This site is optimized with the Yoast SEO plugin v27.2 - https:\/\/yoast.com\/product\/yoast-seo-wordpress\/ -->\n<title>CLAUDE PERRARD CHAMPAGNE BRUT TRADITION<\/title>\n<meta name=\"description\" content=\"Kaufen online FonsVinum CLAUDE PERRARD CHAMPAGNE BRUT TRADITION on Fons Vinum.................ein toller franz\u00f6sischer Champagner!!!!\" \/>\n<meta name=\"robots\" content=\"index, follow, max-snippet:-1, max-image-preview:large, max-video-preview:-1\" \/>\n<link rel=\"canonical\" href=\"https:\/\/fonsvinum.com\/de\/produkt\/claude-perrard-champagne-brut-tradition\/\" \/>\n<meta property=\"og:locale\" content=\"de_DE\" \/>\n<meta property=\"og:type\" content=\"article\" \/>\n<meta property=\"og:title\" content=\"CLAUDE PERRARD CHAMPAGNE BRUT TRADITION\" \/>\n<meta property=\"og:description\" content=\"Kaufen online FonsVinum CLAUDE PERRARD CHAMPAGNE BRUT TRADITION on Fons Vinum.................ein toller franz\u00f6sischer Champagner!!!!\" \/>\n<meta property=\"og:url\" content=\"https:\/\/fonsvinum.com\/de\/produkt\/claude-perrard-champagne-brut-tradition\/\" \/>\n<meta property=\"og:site_name\" content=\"Fons Vinum\" \/>\n<meta property=\"article:modified_time\" content=\"2025-06-19T15:30:34+00:00\" \/>\n<meta property=\"og:image\" content=\"https:\/\/fonsvinum.com\/files\/2025\/06\/chamagne-brut-tradition-claude.jpg\" \/>\n\t<meta property=\"og:image:width\" content=\"250\" \/>\n\t<meta property=\"og:image:height\" content=\"700\" \/>\n\t<meta property=\"og:image:type\" content=\"image\/jpeg\" \/>\n<meta name=\"twitter:label1\" content=\"Gesch\u00e4tzte Lesezeit\" \/>\n\t<meta name=\"twitter:data1\" content=\"1\u00a0Minute\" \/>\n<script type=\"application\/ld+json\" class=\"yoast-schema-graph\">{\"@context\":\"https:\/\/schema.org\",\"@graph\":[{\"@type\":\"WebPage\",\"@id\":\"https:\/\/fonsvinum.com\/de\/produkt\/claude-perrard-champagne-brut-tradition\/\",\"url\":\"https:\/\/fonsvinum.com\/de\/produkt\/claude-perrard-champagne-brut-tradition\/\",\"name\":\"CLAUDE PERRARD CHAMPAGNE BRUT TRADITION\",\"isPartOf\":{\"@id\":\"https:\/\/fonsvinum.com\/en\/#website\"},\"primaryImageOfPage\":{\"@id\":\"https:\/\/fonsvinum.com\/de\/produkt\/claude-perrard-champagne-brut-tradition\/#primaryimage\"},\"image\":{\"@id\":\"https:\/\/fonsvinum.com\/de\/produkt\/claude-perrard-champagne-brut-tradition\/#primaryimage\"},\"thumbnailUrl\":\"https:\/\/fonsvinum.com\/files\/2025\/06\/chamagne-brut-tradition-claude.jpg\",\"datePublished\":\"2025-06-19T13:29:17+00:00\",\"dateModified\":\"2025-06-19T15:30:34+00:00\",\"description\":\"Kaufen online FonsVinum CLAUDE PERRARD CHAMPAGNE BRUT TRADITION on Fons Vinum.................ein toller franz\u00f6sischer Champagner!!!!\",\"breadcrumb\":{\"@id\":\"https:\/\/fonsvinum.com\/de\/produkt\/claude-perrard-champagne-brut-tradition\/#breadcrumb\"},\"inLanguage\":\"de\",\"potentialAction\":[{\"@type\":\"ReadAction\",\"target\":[\"https:\/\/fonsvinum.com\/de\/produkt\/claude-perrard-champagne-brut-tradition\/\"]}]},{\"@type\":\"ImageObject\",\"inLanguage\":\"de\",\"@id\":\"https:\/\/fonsvinum.com\/de\/produkt\/claude-perrard-champagne-brut-tradition\/#primaryimage\",\"url\":\"https:\/\/fonsvinum.com\/files\/2025\/06\/chamagne-brut-tradition-claude.jpg\",\"contentUrl\":\"https:\/\/fonsvinum.com\/files\/2025\/06\/chamagne-brut-tradition-claude.jpg\",\"width\":250,\"height\":700},{\"@type\":\"BreadcrumbList\",\"@id\":\"https:\/\/fonsvinum.com\/de\/produkt\/claude-perrard-champagne-brut-tradition\/#breadcrumb\",\"itemListElement\":[{\"@type\":\"ListItem\",\"position\":1,\"name\":\"Startseite\",\"item\":\"https:\/\/fonsvinum.com\/de\/\"},{\"@type\":\"ListItem\",\"position\":2,\"name\":\"Shop\",\"item\":\"https:\/\/fonsvinum.com\/de\/shop\/\"},{\"@type\":\"ListItem\",\"position\":3,\"name\":\"CLAUDE PERRARD CHAMPAGNE BRUT TRADITION\"}]},{\"@type\":\"WebSite\",\"@id\":\"https:\/\/fonsvinum.com\/en\/#website\",\"url\":\"https:\/\/fonsvinum.com\/en\/\",\"name\":\"Fons Vinum\",\"description\":\"Vendita Vino Online\",\"publisher\":{\"@id\":\"https:\/\/fonsvinum.com\/en\/#organization\"},\"potentialAction\":[{\"@type\":\"SearchAction\",\"target\":{\"@type\":\"EntryPoint\",\"urlTemplate\":\"https:\/\/fonsvinum.com\/en\/?s={search_term_string}\"},\"query-input\":{\"@type\":\"PropertyValueSpecification\",\"valueRequired\":true,\"valueName\":\"search_term_string\"}}],\"inLanguage\":\"de\"},{\"@type\":\"Organization\",\"@id\":\"https:\/\/fonsvinum.com\/en\/#organization\",\"name\":\"Fons Vinum\",\"url\":\"https:\/\/fonsvinum.com\/en\/\",\"logo\":{\"@type\":\"ImageObject\",\"inLanguage\":\"de\",\"@id\":\"https:\/\/fonsvinum.com\/en\/#\/schema\/logo\/image\/\",\"url\":\"\",\"contentUrl\":\"\",\"caption\":\"Fons Vinum\"},\"image\":{\"@id\":\"https:\/\/fonsvinum.com\/en\/#\/schema\/logo\/image\/\"}}]}<\/script>\n<!-- \/ Yoast SEO plugin. -->","yoast_head_json":{"title":"CLAUDE PERRARD CHAMPAGNE BRUT TRADITION","description":"Kaufen online FonsVinum CLAUDE PERRARD CHAMPAGNE BRUT TRADITION on Fons Vinum.................ein toller franz\u00f6sischer Champagner!!!!","robots":{"index":"index","follow":"follow","max-snippet":"max-snippet:-1","max-image-preview":"max-image-preview:large","max-video-preview":"max-video-preview:-1"},"canonical":"https:\/\/fonsvinum.com\/de\/produkt\/claude-perrard-champagne-brut-tradition\/","og_locale":"de_DE","og_type":"article","og_title":"CLAUDE PERRARD CHAMPAGNE BRUT TRADITION","og_description":"Kaufen online FonsVinum CLAUDE PERRARD CHAMPAGNE BRUT TRADITION on Fons Vinum.................ein toller franz\u00f6sischer Champagner!!!!","og_url":"https:\/\/fonsvinum.com\/de\/produkt\/claude-perrard-champagne-brut-tradition\/","og_site_name":"Fons Vinum","article_modified_time":"2025-06-19T15:30:34+00:00","og_image":[{"width":250,"height":700,"url":"https:\/\/fonsvinum.com\/files\/2025\/06\/chamagne-brut-tradition-claude.jpg","type":"image\/jpeg"}],"twitter_misc":{"Gesch\u00e4tzte Lesezeit":"1\u00a0Minute"},"schema":{"@context":"https:\/\/schema.org","@graph":[{"@type":"WebPage","@id":"https:\/\/fonsvinum.com\/de\/produkt\/claude-perrard-champagne-brut-tradition\/","url":"https:\/\/fonsvinum.com\/de\/produkt\/claude-perrard-champagne-brut-tradition\/","name":"CLAUDE PERRARD CHAMPAGNE BRUT TRADITION","isPartOf":{"@id":"https:\/\/fonsvinum.com\/en\/#website"},"primaryImageOfPage":{"@id":"https:\/\/fonsvinum.com\/de\/produkt\/claude-perrard-champagne-brut-tradition\/#primaryimage"},"image":{"@id":"https:\/\/fonsvinum.com\/de\/produkt\/claude-perrard-champagne-brut-tradition\/#primaryimage"},"thumbnailUrl":"https:\/\/fonsvinum.com\/files\/2025\/06\/chamagne-brut-tradition-claude.jpg","datePublished":"2025-06-19T13:29:17+00:00","dateModified":"2025-06-19T15:30:34+00:00","description":"Kaufen online FonsVinum CLAUDE PERRARD CHAMPAGNE BRUT TRADITION on Fons Vinum.................ein toller franz\u00f6sischer Champagner!!!!","breadcrumb":{"@id":"https:\/\/fonsvinum.com\/de\/produkt\/claude-perrard-champagne-brut-tradition\/#breadcrumb"},"inLanguage":"de","potentialAction":[{"@type":"ReadAction","target":["https:\/\/fonsvinum.com\/de\/produkt\/claude-perrard-champagne-brut-tradition\/"]}]},{"@type":"ImageObject","inLanguage":"de","@id":"https:\/\/fonsvinum.com\/de\/produkt\/claude-perrard-champagne-brut-tradition\/#primaryimage","url":"https:\/\/fonsvinum.com\/files\/2025\/06\/chamagne-brut-tradition-claude.jpg","contentUrl":"https:\/\/fonsvinum.com\/files\/2025\/06\/chamagne-brut-tradition-claude.jpg","width":250,"height":700},{"@type":"BreadcrumbList","@id":"https:\/\/fonsvinum.com\/de\/produkt\/claude-perrard-champagne-brut-tradition\/#breadcrumb","itemListElement":[{"@type":"ListItem","position":1,"name":"Startseite","item":"https:\/\/fonsvinum.com\/de\/"},{"@type":"ListItem","position":2,"name":"Shop","item":"https:\/\/fonsvinum.com\/de\/shop\/"},{"@type":"ListItem","position":3,"name":"CLAUDE PERRARD CHAMPAGNE BRUT TRADITION"}]},{"@type":"WebSite","@id":"https:\/\/fonsvinum.com\/en\/#website","url":"https:\/\/fonsvinum.com\/en\/","name":"Fons Vinum","description":"Vendita Vino Online","publisher":{"@id":"https:\/\/fonsvinum.com\/en\/#organization"},"potentialAction":[{"@type":"SearchAction","target":{"@type":"EntryPoint","urlTemplate":"https:\/\/fonsvinum.com\/en\/?s={search_term_string}"},"query-input":{"@type":"PropertyValueSpecification","valueRequired":true,"valueName":"search_term_string"}}],"inLanguage":"de"},{"@type":"Organization","@id":"https:\/\/fonsvinum.com\/en\/#organization","name":"Fons Vinum","url":"https:\/\/fonsvinum.com\/en\/","logo":{"@type":"ImageObject","inLanguage":"de","@id":"https:\/\/fonsvinum.com\/en\/#\/schema\/logo\/image\/","url":"","contentUrl":"","caption":"Fons Vinum"},"image":{"@id":"https:\/\/fonsvinum.com\/en\/#\/schema\/logo\/image\/"}}]}},"acf":[],"_links":{"self":[{"href":"https:\/\/fonsvinum.com\/de\/wp-json\/wp\/v2\/product\/46239","targetHints":{"allow":["GET"]}}],"collection":[{"href":"https:\/\/fonsvinum.com\/de\/wp-json\/wp\/v2\/product"}],"about":[{"href":"https:\/\/fonsvinum.com\/de\/wp-json\/wp\/v2\/types\/product"}],"replies":[{"embeddable":true,"href":"https:\/\/fonsvinum.com\/de\/wp-json\/wp\/v2\/comments?post=46239"}],"wp:featuredmedia":[{"embeddable":true,"href":"https:\/\/fonsvinum.com\/de\/wp-json\/wp\/v2\/media\/46247"}],"wp:attachment":[{"href":"https:\/\/fonsvinum.com\/de\/wp-json\/wp\/v2\/media?parent=46239"}],"wp:term":[{"taxonomy":"product_brand","embeddable":true,"href":"https:\/\/fonsvinum.com\/de\/wp-json\/wp\/v2\/product_brand?post=46239"},{"taxonomy":"product_cat","embeddable":true,"href":"https:\/\/fonsvinum.com\/de\/wp-json\/wp\/v2\/product_cat?post=46239"},{"taxonomy":"product_tag","embeddable":true,"href":"https:\/\/fonsvinum.com\/de\/wp-json\/wp\/v2\/product_tag?post=46239"}],"curies":[{"name":"wp","href":"https:\/\/api.w.org\/{rel}","templated":true}]}}