{"id":46193,"date":"2025-06-18T15:30:20","date_gmt":"2025-06-18T13:30:20","guid":{"rendered":"https:\/\/fonsvinum.com\/?post_type=product&#038;p=46193"},"modified":"2025-06-18T15:42:31","modified_gmt":"2025-06-18T13:42:31","slug":"nebbiolo-langhe-perbacco-vietti-2022","status":"publish","type":"product","link":"https:\/\/fonsvinum.com\/de\/produkt\/nebbiolo-langhe-perbacco-vietti-2022\/","title":{"rendered":"Nebbiolo Langhe Perbacco Vietti 2022"},"content":{"rendered":"<h1>Nebbiolo Langhe Perbacco Vietti 2022<\/h1>\n<p>Der Langhe Nebbiolo Perbacco ist ein deklassifizierter Barolo &#8211; bestes Traubenmaterial aus den Weinbergen der Familie Vietti wurde hier vinifiziert. Mit starker Struktur, Muskeln und Reife \u00fcberzeugt dieser Wein selbst die gr\u00f6\u00dften Barolo-Fans. Der Kern aus floralen Noten wird ummantelt mit einer herrlichen S\u00fc\u00dfe. Wunderbar!<\/p>\n","protected":false},"excerpt":{"rendered":"<p>Nebbiolo Langhe Perbacco Vietti 2022 Der Langhe Nebbiolo Perbacco ist ein deklassifizierter Barolo &#8211; bestes Traubenmaterial aus den Weinbergen der Familie Vietti wurde hier vinifiziert. Mit starker Struktur, Muskeln und Reife \u00fcberzeugt dieser Wein selbst die gr\u00f6\u00dften Barolo-Fans. Der Kern aus floralen Noten wird ummantelt mit einer herrlichen S\u00fc\u00dfe. Wunderbar!<\/p>\n","protected":false},"featured_media":5592,"comment_status":"open","ping_status":"closed","template":"","meta":{"_acf_changed":false,"_monsterinsights_skip_tracking":false,"_monsterinsights_sitenote_active":false,"_monsterinsights_sitenote_note":"","_monsterinsights_sitenote_category":0},"product_brand":[],"product_cat":[2356],"product_tag":[15941,15893,15959],"class_list":{"0":"post-46193","1":"product","2":"type-product","3":"status-publish","4":"has-post-thumbnail","6":"product_cat-nebbiolo-de","7":"product_tag-nebbiolo-de","8":"product_tag-piemonte-de","9":"product_tag-vino-rosso-de","10":"pa_appellation-langhe-nebbiolo-doc-de","11":"pa_formato-0-75-l-flasche-de","12":"pa_producer-vietti-de","13":"pa_region-piemont-de","14":"pa_vine-nebbiolo-de","15":"pa_vintage-18397","17":"first","18":"instock","19":"taxable","20":"shipping-taxable","21":"purchasable","22":"product-type-simple"},"bundled_by":[],"bundle_stock_status":"instock","bundle_stock_quantity":11,"bundle_virtual":false,"bundle_layout":"","bundle_add_to_cart_form_location":"","bundle_editable_in_cart":false,"bundle_sold_individually_context":"","bundle_item_grouping":"","bundle_min_size":"","bundle_max_size":"","bundle_price":[],"bundled_items":[],"bundle_sell_ids":[],"yoast_head":"<!-- This site is optimized with the Yoast SEO plugin v27.3 - https:\/\/yoast.com\/product\/yoast-seo-wordpress\/ -->\n<title>Nebbiolo Langhe Perbacco Vietti 2022<\/title>\n<meta name=\"description\" content=\"Nebbiolo Langhe Perbacco Vietti 2022\" \/>\n<meta name=\"robots\" content=\"index, follow, max-snippet:-1, max-image-preview:large, max-video-preview:-1\" \/>\n<link rel=\"canonical\" href=\"https:\/\/fonsvinum.com\/de\/produkt\/nebbiolo-langhe-perbacco-vietti-2022\/\" \/>\n<meta property=\"og:locale\" content=\"de_DE\" \/>\n<meta property=\"og:type\" content=\"article\" \/>\n<meta property=\"og:title\" content=\"Nebbiolo Langhe Perbacco Vietti 2022\" \/>\n<meta property=\"og:description\" content=\"Nebbiolo Langhe Perbacco Vietti 2022\" \/>\n<meta property=\"og:url\" content=\"https:\/\/fonsvinum.com\/de\/produkt\/nebbiolo-langhe-perbacco-vietti-2022\/\" \/>\n<meta property=\"og:site_name\" content=\"Fons Vinum\" \/>\n<meta property=\"article:modified_time\" content=\"2025-06-18T13:42:31+00:00\" \/>\n<meta property=\"og:image\" content=\"https:\/\/fonsvinum.com\/files\/2015\/10\/nebbiolo-perbacco-vietti.png\" \/>\n\t<meta property=\"og:image:width\" content=\"200\" \/>\n\t<meta property=\"og:image:height\" content=\"600\" \/>\n\t<meta property=\"og:image:type\" content=\"image\/png\" \/>\n<meta name=\"twitter:label1\" content=\"Gesch\u00e4tzte Lesezeit\" \/>\n\t<meta name=\"twitter:data1\" content=\"1\u00a0Minute\" \/>\n<script type=\"application\/ld+json\" class=\"yoast-schema-graph\">{\"@context\":\"https:\\\/\\\/schema.org\",\"@graph\":[{\"@type\":\"WebPage\",\"@id\":\"https:\\\/\\\/fonsvinum.com\\\/de\\\/produkt\\\/nebbiolo-langhe-perbacco-vietti-2022\\\/\",\"url\":\"https:\\\/\\\/fonsvinum.com\\\/de\\\/produkt\\\/nebbiolo-langhe-perbacco-vietti-2022\\\/\",\"name\":\"Nebbiolo Langhe Perbacco Vietti 2022\",\"isPartOf\":{\"@id\":\"https:\\\/\\\/fonsvinum.com\\\/en\\\/#website\"},\"primaryImageOfPage\":{\"@id\":\"https:\\\/\\\/fonsvinum.com\\\/de\\\/produkt\\\/nebbiolo-langhe-perbacco-vietti-2022\\\/#primaryimage\"},\"image\":{\"@id\":\"https:\\\/\\\/fonsvinum.com\\\/de\\\/produkt\\\/nebbiolo-langhe-perbacco-vietti-2022\\\/#primaryimage\"},\"thumbnailUrl\":\"https:\\\/\\\/fonsvinum.com\\\/files\\\/2015\\\/10\\\/nebbiolo-perbacco-vietti.png\",\"datePublished\":\"2025-06-18T13:30:20+00:00\",\"dateModified\":\"2025-06-18T13:42:31+00:00\",\"description\":\"Nebbiolo Langhe Perbacco Vietti 2022\",\"breadcrumb\":{\"@id\":\"https:\\\/\\\/fonsvinum.com\\\/de\\\/produkt\\\/nebbiolo-langhe-perbacco-vietti-2022\\\/#breadcrumb\"},\"inLanguage\":\"de\",\"potentialAction\":[{\"@type\":\"ReadAction\",\"target\":[\"https:\\\/\\\/fonsvinum.com\\\/de\\\/produkt\\\/nebbiolo-langhe-perbacco-vietti-2022\\\/\"]}]},{\"@type\":\"ImageObject\",\"inLanguage\":\"de\",\"@id\":\"https:\\\/\\\/fonsvinum.com\\\/de\\\/produkt\\\/nebbiolo-langhe-perbacco-vietti-2022\\\/#primaryimage\",\"url\":\"https:\\\/\\\/fonsvinum.com\\\/files\\\/2015\\\/10\\\/nebbiolo-perbacco-vietti.png\",\"contentUrl\":\"https:\\\/\\\/fonsvinum.com\\\/files\\\/2015\\\/10\\\/nebbiolo-perbacco-vietti.png\",\"width\":200,\"height\":600},{\"@type\":\"BreadcrumbList\",\"@id\":\"https:\\\/\\\/fonsvinum.com\\\/de\\\/produkt\\\/nebbiolo-langhe-perbacco-vietti-2022\\\/#breadcrumb\",\"itemListElement\":[{\"@type\":\"ListItem\",\"position\":1,\"name\":\"Startseite\",\"item\":\"https:\\\/\\\/fonsvinum.com\\\/de\\\/\"},{\"@type\":\"ListItem\",\"position\":2,\"name\":\"Shop\",\"item\":\"https:\\\/\\\/fonsvinum.com\\\/de\\\/shop\\\/\"},{\"@type\":\"ListItem\",\"position\":3,\"name\":\"Nebbiolo Langhe Perbacco Vietti 2022\"}]},{\"@type\":\"WebSite\",\"@id\":\"https:\\\/\\\/fonsvinum.com\\\/en\\\/#website\",\"url\":\"https:\\\/\\\/fonsvinum.com\\\/en\\\/\",\"name\":\"Fons Vinum\",\"description\":\"Vendita Vino Online\",\"publisher\":{\"@id\":\"https:\\\/\\\/fonsvinum.com\\\/en\\\/#organization\"},\"potentialAction\":[{\"@type\":\"SearchAction\",\"target\":{\"@type\":\"EntryPoint\",\"urlTemplate\":\"https:\\\/\\\/fonsvinum.com\\\/en\\\/?s={search_term_string}\"},\"query-input\":{\"@type\":\"PropertyValueSpecification\",\"valueRequired\":true,\"valueName\":\"search_term_string\"}}],\"inLanguage\":\"de\"},{\"@type\":\"Organization\",\"@id\":\"https:\\\/\\\/fonsvinum.com\\\/en\\\/#organization\",\"name\":\"Fons Vinum\",\"url\":\"https:\\\/\\\/fonsvinum.com\\\/en\\\/\",\"logo\":{\"@type\":\"ImageObject\",\"inLanguage\":\"de\",\"@id\":\"https:\\\/\\\/fonsvinum.com\\\/en\\\/#\\\/schema\\\/logo\\\/image\\\/\",\"url\":\"\",\"contentUrl\":\"\",\"caption\":\"Fons Vinum\"},\"image\":{\"@id\":\"https:\\\/\\\/fonsvinum.com\\\/en\\\/#\\\/schema\\\/logo\\\/image\\\/\"}}]}<\/script>\n<!-- \/ Yoast SEO plugin. -->","yoast_head_json":{"title":"Nebbiolo Langhe Perbacco Vietti 2022","description":"Nebbiolo Langhe Perbacco Vietti 2022","robots":{"index":"index","follow":"follow","max-snippet":"max-snippet:-1","max-image-preview":"max-image-preview:large","max-video-preview":"max-video-preview:-1"},"canonical":"https:\/\/fonsvinum.com\/de\/produkt\/nebbiolo-langhe-perbacco-vietti-2022\/","og_locale":"de_DE","og_type":"article","og_title":"Nebbiolo Langhe Perbacco Vietti 2022","og_description":"Nebbiolo Langhe Perbacco Vietti 2022","og_url":"https:\/\/fonsvinum.com\/de\/produkt\/nebbiolo-langhe-perbacco-vietti-2022\/","og_site_name":"Fons Vinum","article_modified_time":"2025-06-18T13:42:31+00:00","og_image":[{"width":200,"height":600,"url":"https:\/\/fonsvinum.com\/files\/2015\/10\/nebbiolo-perbacco-vietti.png","type":"image\/png"}],"twitter_misc":{"Gesch\u00e4tzte Lesezeit":"1\u00a0Minute"},"schema":{"@context":"https:\/\/schema.org","@graph":[{"@type":"WebPage","@id":"https:\/\/fonsvinum.com\/de\/produkt\/nebbiolo-langhe-perbacco-vietti-2022\/","url":"https:\/\/fonsvinum.com\/de\/produkt\/nebbiolo-langhe-perbacco-vietti-2022\/","name":"Nebbiolo Langhe Perbacco Vietti 2022","isPartOf":{"@id":"https:\/\/fonsvinum.com\/en\/#website"},"primaryImageOfPage":{"@id":"https:\/\/fonsvinum.com\/de\/produkt\/nebbiolo-langhe-perbacco-vietti-2022\/#primaryimage"},"image":{"@id":"https:\/\/fonsvinum.com\/de\/produkt\/nebbiolo-langhe-perbacco-vietti-2022\/#primaryimage"},"thumbnailUrl":"https:\/\/fonsvinum.com\/files\/2015\/10\/nebbiolo-perbacco-vietti.png","datePublished":"2025-06-18T13:30:20+00:00","dateModified":"2025-06-18T13:42:31+00:00","description":"Nebbiolo Langhe Perbacco Vietti 2022","breadcrumb":{"@id":"https:\/\/fonsvinum.com\/de\/produkt\/nebbiolo-langhe-perbacco-vietti-2022\/#breadcrumb"},"inLanguage":"de","potentialAction":[{"@type":"ReadAction","target":["https:\/\/fonsvinum.com\/de\/produkt\/nebbiolo-langhe-perbacco-vietti-2022\/"]}]},{"@type":"ImageObject","inLanguage":"de","@id":"https:\/\/fonsvinum.com\/de\/produkt\/nebbiolo-langhe-perbacco-vietti-2022\/#primaryimage","url":"https:\/\/fonsvinum.com\/files\/2015\/10\/nebbiolo-perbacco-vietti.png","contentUrl":"https:\/\/fonsvinum.com\/files\/2015\/10\/nebbiolo-perbacco-vietti.png","width":200,"height":600},{"@type":"BreadcrumbList","@id":"https:\/\/fonsvinum.com\/de\/produkt\/nebbiolo-langhe-perbacco-vietti-2022\/#breadcrumb","itemListElement":[{"@type":"ListItem","position":1,"name":"Startseite","item":"https:\/\/fonsvinum.com\/de\/"},{"@type":"ListItem","position":2,"name":"Shop","item":"https:\/\/fonsvinum.com\/de\/shop\/"},{"@type":"ListItem","position":3,"name":"Nebbiolo Langhe Perbacco Vietti 2022"}]},{"@type":"WebSite","@id":"https:\/\/fonsvinum.com\/en\/#website","url":"https:\/\/fonsvinum.com\/en\/","name":"Fons Vinum","description":"Vendita Vino Online","publisher":{"@id":"https:\/\/fonsvinum.com\/en\/#organization"},"potentialAction":[{"@type":"SearchAction","target":{"@type":"EntryPoint","urlTemplate":"https:\/\/fonsvinum.com\/en\/?s={search_term_string}"},"query-input":{"@type":"PropertyValueSpecification","valueRequired":true,"valueName":"search_term_string"}}],"inLanguage":"de"},{"@type":"Organization","@id":"https:\/\/fonsvinum.com\/en\/#organization","name":"Fons Vinum","url":"https:\/\/fonsvinum.com\/en\/","logo":{"@type":"ImageObject","inLanguage":"de","@id":"https:\/\/fonsvinum.com\/en\/#\/schema\/logo\/image\/","url":"","contentUrl":"","caption":"Fons Vinum"},"image":{"@id":"https:\/\/fonsvinum.com\/en\/#\/schema\/logo\/image\/"}}]}},"acf":[],"_links":{"self":[{"href":"https:\/\/fonsvinum.com\/de\/wp-json\/wp\/v2\/product\/46193","targetHints":{"allow":["GET"]}}],"collection":[{"href":"https:\/\/fonsvinum.com\/de\/wp-json\/wp\/v2\/product"}],"about":[{"href":"https:\/\/fonsvinum.com\/de\/wp-json\/wp\/v2\/types\/product"}],"replies":[{"embeddable":true,"href":"https:\/\/fonsvinum.com\/de\/wp-json\/wp\/v2\/comments?post=46193"}],"wp:featuredmedia":[{"embeddable":true,"href":"https:\/\/fonsvinum.com\/de\/wp-json\/wp\/v2\/media\/5592"}],"wp:attachment":[{"href":"https:\/\/fonsvinum.com\/de\/wp-json\/wp\/v2\/media?parent=46193"}],"wp:term":[{"taxonomy":"product_brand","embeddable":true,"href":"https:\/\/fonsvinum.com\/de\/wp-json\/wp\/v2\/product_brand?post=46193"},{"taxonomy":"product_cat","embeddable":true,"href":"https:\/\/fonsvinum.com\/de\/wp-json\/wp\/v2\/product_cat?post=46193"},{"taxonomy":"product_tag","embeddable":true,"href":"https:\/\/fonsvinum.com\/de\/wp-json\/wp\/v2\/product_tag?post=46193"}],"curies":[{"name":"wp","href":"https:\/\/api.w.org\/{rel}","templated":true}]}}