{"id":46175,"date":"2025-06-18T12:15:21","date_gmt":"2025-06-18T10:15:21","guid":{"rendered":"https:\/\/fonsvinum.com\/?post_type=product&#038;p=46175"},"modified":"2025-06-18T12:26:09","modified_gmt":"2025-06-18T10:26:09","slug":"barolo-rocche-di-castiglione-vietti-1995","status":"publish","type":"product","link":"https:\/\/fonsvinum.com\/de\/produkt\/barolo-rocche-di-castiglione-vietti-1995\/","title":{"rendered":"Barolo Rocche di Castiglione Vietti 1995"},"content":{"rendered":"<h1>Barolo Rocche di Castiglione Vietti 1995 &#8211; ausgezeichneter Zustand<\/h1>\n<p>Dieser Rocche kommt nicht aus Annunziata, sondern es ist die Lage Rocche aus Castiglione Falletto.<\/p>\n<p>Obwohl der Lazzarito vom Terroir eigentlich der massivste Wein Viettis sein sollte, ist Rocche immer der wuchtigste Wein. Ein richtiger Kracher. Biologisch-organische Weinbergsarbeit.<\/p>\n<p>Ultrakleine Ertr\u00e4ge von unter 20 hl\/ha auch in Standardjahren durch mehrmalige gr\u00fcne Lese. Beides zusammen ergibt immer eine sehr fr\u00fche Reife mir knackiger S\u00e4ure bei zugleich hoher Fruchts\u00fc\u00dfe.<\/p>\n<p>Bei Vietti wie schon bei Voerzio kann man daher je nach Jahrgang fr\u00fcher oder sp\u00e4ter lesen, die volle Reife erreicht man immer.<\/p>\n<p>Fermentiert wird nur mit der nat\u00fcrlichen Hefe, also Spontanverg\u00e4rung. Komplett entrappt, malolaktische Verg\u00e4rung in gebrauchten kleinen F\u00e4ssern, Ausbau nat\u00fcrlich zu 100% in gr\u00f6\u00dferen gebrauchten F\u00e4ssern.<\/p>\n<p>Rocche ist die einzige Single-Vinyard-Lage direkt am Weingut. 200 Meter Entfernung. Die Majorit\u00e4t des Bodens ist wei\u00df-blauer Lehm. Hart, por\u00f6s, fast gesteinsartig, mit minimaler Sandauflage und Kalksteinunterbau. Die Nase ist ungeheuer reichhaltig. Obwohl Lage und Terroir es nicht vermuten lassen ist der Wein noch viel \u00fcppiger, dicker und fetter als Brunate und sogar kraftvoller als Lazzarito. Dieser 15er Rocche hier kommt mit so einer ungeheuren, dichten, reifen Kirsche aus dem Glas. Wucht und dichte S\u00fc\u00dfe, aber kein Fett. Nur h\u00f6chste Intensit\u00e4t.<\/p>\n<p>Der Mund strahlt gro\u00dfe Harmonie aus.<\/p>\n","protected":false},"excerpt":{"rendered":"<p>Barolo Rocche di Castiglione Vietti 1995 &#8211; ausgezeichneter Zustand Dieser Rocche kommt nicht aus Annunziata, sondern es ist die Lage Rocche aus Castiglione Falletto. Obwohl der Lazzarito vom Terroir eigentlich der massivste Wein Viettis sein sollte, ist Rocche immer der wuchtigste Wein. Ein richtiger Kracher. Biologisch-organische Weinbergsarbeit. Ultrakleine Ertr\u00e4ge von unter 20 hl\/ha auch in [&hellip;]<\/p>\n","protected":false},"featured_media":46749,"comment_status":"open","ping_status":"closed","template":"","meta":{"_acf_changed":false,"_monsterinsights_skip_tracking":false,"_monsterinsights_sitenote_active":false,"_monsterinsights_sitenote_note":"","_monsterinsights_sitenote_category":0},"product_brand":[],"product_cat":[1824],"product_tag":[1733,15903],"class_list":{"0":"post-46175","1":"product","2":"type-product","3":"status-publish","4":"has-post-thumbnail","6":"product_cat-barolo-de","7":"product_tag-aussergewoehnliche-weine-de","8":"product_tag-barolo-de","9":"pa_appellation-barolo-docg-de","10":"pa_formato-0-75-l-flasche-de","11":"pa_producer-vietti-de","12":"pa_region-piemont-de","13":"pa_vine-100-nebbiolo-de","14":"pa_vintage-1995-de","16":"first","17":"instock","18":"taxable","19":"shipping-taxable","20":"purchasable","21":"product-type-simple"},"bundled_by":[],"bundle_stock_status":"instock","bundle_stock_quantity":5,"bundle_virtual":false,"bundle_layout":"","bundle_add_to_cart_form_location":"","bundle_editable_in_cart":false,"bundle_sold_individually_context":"","bundle_item_grouping":"","bundle_min_size":"","bundle_max_size":"","bundle_price":[],"bundled_items":[],"bundle_sell_ids":[],"yoast_head":"<!-- This site is optimized with the Yoast SEO plugin v27.2 - https:\/\/yoast.com\/product\/yoast-seo-wordpress\/ -->\n<title>BUY ON LINE Barolo Rocche di Castiglione Vietti 1995<\/title>\n<meta name=\"description\" content=\"Barolo Rocche di Castiglione Vietti 1995. Dieser 15er Rocche hier kommt mit so einer ungeheuren, dichten, reifen Kirsche aus dem Glas.\" \/>\n<meta name=\"robots\" content=\"index, follow, max-snippet:-1, max-image-preview:large, max-video-preview:-1\" \/>\n<link rel=\"canonical\" href=\"https:\/\/fonsvinum.com\/de\/produkt\/barolo-rocche-di-castiglione-vietti-1995\/\" \/>\n<meta property=\"og:locale\" content=\"de_DE\" \/>\n<meta property=\"og:type\" content=\"article\" \/>\n<meta property=\"og:title\" content=\"BUY ON LINE Barolo Rocche di Castiglione Vietti 1995\" \/>\n<meta property=\"og:description\" content=\"Barolo Rocche di Castiglione Vietti 1995. Dieser 15er Rocche hier kommt mit so einer ungeheuren, dichten, reifen Kirsche aus dem Glas.\" \/>\n<meta property=\"og:url\" content=\"https:\/\/fonsvinum.com\/de\/produkt\/barolo-rocche-di-castiglione-vietti-1995\/\" \/>\n<meta property=\"og:site_name\" content=\"Fons Vinum\" \/>\n<meta property=\"article:modified_time\" content=\"2025-06-18T10:26:09+00:00\" \/>\n<meta property=\"og:image\" content=\"https:\/\/fonsvinum.com\/files\/2025\/06\/Barolo-Rocche-di-Castiglione-Vietti-1.png\" \/>\n\t<meta property=\"og:image:width\" content=\"200\" \/>\n\t<meta property=\"og:image:height\" content=\"600\" \/>\n\t<meta property=\"og:image:type\" content=\"image\/png\" \/>\n<meta name=\"twitter:label1\" content=\"Gesch\u00e4tzte Lesezeit\" \/>\n\t<meta name=\"twitter:data1\" content=\"2\u00a0Minuten\" \/>\n<script type=\"application\/ld+json\" class=\"yoast-schema-graph\">{\"@context\":\"https:\/\/schema.org\",\"@graph\":[{\"@type\":\"WebPage\",\"@id\":\"https:\/\/fonsvinum.com\/de\/produkt\/barolo-rocche-di-castiglione-vietti-1995\/\",\"url\":\"https:\/\/fonsvinum.com\/de\/produkt\/barolo-rocche-di-castiglione-vietti-1995\/\",\"name\":\"BUY ON LINE Barolo Rocche di Castiglione Vietti 1995\",\"isPartOf\":{\"@id\":\"https:\/\/fonsvinum.com\/en\/#website\"},\"primaryImageOfPage\":{\"@id\":\"https:\/\/fonsvinum.com\/de\/produkt\/barolo-rocche-di-castiglione-vietti-1995\/#primaryimage\"},\"image\":{\"@id\":\"https:\/\/fonsvinum.com\/de\/produkt\/barolo-rocche-di-castiglione-vietti-1995\/#primaryimage\"},\"thumbnailUrl\":\"https:\/\/fonsvinum.com\/files\/2025\/06\/Barolo-Rocche-di-Castiglione-Vietti-1.png\",\"datePublished\":\"2025-06-18T10:15:21+00:00\",\"dateModified\":\"2025-06-18T10:26:09+00:00\",\"description\":\"Barolo Rocche di Castiglione Vietti 1995. Dieser 15er Rocche hier kommt mit so einer ungeheuren, dichten, reifen Kirsche aus dem Glas.\",\"breadcrumb\":{\"@id\":\"https:\/\/fonsvinum.com\/de\/produkt\/barolo-rocche-di-castiglione-vietti-1995\/#breadcrumb\"},\"inLanguage\":\"de\",\"potentialAction\":[{\"@type\":\"ReadAction\",\"target\":[\"https:\/\/fonsvinum.com\/de\/produkt\/barolo-rocche-di-castiglione-vietti-1995\/\"]}]},{\"@type\":\"ImageObject\",\"inLanguage\":\"de\",\"@id\":\"https:\/\/fonsvinum.com\/de\/produkt\/barolo-rocche-di-castiglione-vietti-1995\/#primaryimage\",\"url\":\"https:\/\/fonsvinum.com\/files\/2025\/06\/Barolo-Rocche-di-Castiglione-Vietti-1.png\",\"contentUrl\":\"https:\/\/fonsvinum.com\/files\/2025\/06\/Barolo-Rocche-di-Castiglione-Vietti-1.png\",\"width\":200,\"height\":600,\"caption\":\"Barolo Rocche di Castiglione Vietti\"},{\"@type\":\"BreadcrumbList\",\"@id\":\"https:\/\/fonsvinum.com\/de\/produkt\/barolo-rocche-di-castiglione-vietti-1995\/#breadcrumb\",\"itemListElement\":[{\"@type\":\"ListItem\",\"position\":1,\"name\":\"Startseite\",\"item\":\"https:\/\/fonsvinum.com\/de\/\"},{\"@type\":\"ListItem\",\"position\":2,\"name\":\"Shop\",\"item\":\"https:\/\/fonsvinum.com\/de\/shop\/\"},{\"@type\":\"ListItem\",\"position\":3,\"name\":\"Barolo Rocche di Castiglione Vietti 1995\"}]},{\"@type\":\"WebSite\",\"@id\":\"https:\/\/fonsvinum.com\/en\/#website\",\"url\":\"https:\/\/fonsvinum.com\/en\/\",\"name\":\"Fons Vinum\",\"description\":\"Vendita Vino Online\",\"publisher\":{\"@id\":\"https:\/\/fonsvinum.com\/en\/#organization\"},\"potentialAction\":[{\"@type\":\"SearchAction\",\"target\":{\"@type\":\"EntryPoint\",\"urlTemplate\":\"https:\/\/fonsvinum.com\/en\/?s={search_term_string}\"},\"query-input\":{\"@type\":\"PropertyValueSpecification\",\"valueRequired\":true,\"valueName\":\"search_term_string\"}}],\"inLanguage\":\"de\"},{\"@type\":\"Organization\",\"@id\":\"https:\/\/fonsvinum.com\/en\/#organization\",\"name\":\"Fons Vinum\",\"url\":\"https:\/\/fonsvinum.com\/en\/\",\"logo\":{\"@type\":\"ImageObject\",\"inLanguage\":\"de\",\"@id\":\"https:\/\/fonsvinum.com\/en\/#\/schema\/logo\/image\/\",\"url\":\"\",\"contentUrl\":\"\",\"caption\":\"Fons Vinum\"},\"image\":{\"@id\":\"https:\/\/fonsvinum.com\/en\/#\/schema\/logo\/image\/\"}}]}<\/script>\n<!-- \/ Yoast SEO plugin. -->","yoast_head_json":{"title":"BUY ON LINE Barolo Rocche di Castiglione Vietti 1995","description":"Barolo Rocche di Castiglione Vietti 1995. Dieser 15er Rocche hier kommt mit so einer ungeheuren, dichten, reifen Kirsche aus dem Glas.","robots":{"index":"index","follow":"follow","max-snippet":"max-snippet:-1","max-image-preview":"max-image-preview:large","max-video-preview":"max-video-preview:-1"},"canonical":"https:\/\/fonsvinum.com\/de\/produkt\/barolo-rocche-di-castiglione-vietti-1995\/","og_locale":"de_DE","og_type":"article","og_title":"BUY ON LINE Barolo Rocche di Castiglione Vietti 1995","og_description":"Barolo Rocche di Castiglione Vietti 1995. Dieser 15er Rocche hier kommt mit so einer ungeheuren, dichten, reifen Kirsche aus dem Glas.","og_url":"https:\/\/fonsvinum.com\/de\/produkt\/barolo-rocche-di-castiglione-vietti-1995\/","og_site_name":"Fons Vinum","article_modified_time":"2025-06-18T10:26:09+00:00","og_image":[{"width":200,"height":600,"url":"https:\/\/fonsvinum.com\/files\/2025\/06\/Barolo-Rocche-di-Castiglione-Vietti-1.png","type":"image\/png"}],"twitter_misc":{"Gesch\u00e4tzte Lesezeit":"2\u00a0Minuten"},"schema":{"@context":"https:\/\/schema.org","@graph":[{"@type":"WebPage","@id":"https:\/\/fonsvinum.com\/de\/produkt\/barolo-rocche-di-castiglione-vietti-1995\/","url":"https:\/\/fonsvinum.com\/de\/produkt\/barolo-rocche-di-castiglione-vietti-1995\/","name":"BUY ON LINE Barolo Rocche di Castiglione Vietti 1995","isPartOf":{"@id":"https:\/\/fonsvinum.com\/en\/#website"},"primaryImageOfPage":{"@id":"https:\/\/fonsvinum.com\/de\/produkt\/barolo-rocche-di-castiglione-vietti-1995\/#primaryimage"},"image":{"@id":"https:\/\/fonsvinum.com\/de\/produkt\/barolo-rocche-di-castiglione-vietti-1995\/#primaryimage"},"thumbnailUrl":"https:\/\/fonsvinum.com\/files\/2025\/06\/Barolo-Rocche-di-Castiglione-Vietti-1.png","datePublished":"2025-06-18T10:15:21+00:00","dateModified":"2025-06-18T10:26:09+00:00","description":"Barolo Rocche di Castiglione Vietti 1995. Dieser 15er Rocche hier kommt mit so einer ungeheuren, dichten, reifen Kirsche aus dem Glas.","breadcrumb":{"@id":"https:\/\/fonsvinum.com\/de\/produkt\/barolo-rocche-di-castiglione-vietti-1995\/#breadcrumb"},"inLanguage":"de","potentialAction":[{"@type":"ReadAction","target":["https:\/\/fonsvinum.com\/de\/produkt\/barolo-rocche-di-castiglione-vietti-1995\/"]}]},{"@type":"ImageObject","inLanguage":"de","@id":"https:\/\/fonsvinum.com\/de\/produkt\/barolo-rocche-di-castiglione-vietti-1995\/#primaryimage","url":"https:\/\/fonsvinum.com\/files\/2025\/06\/Barolo-Rocche-di-Castiglione-Vietti-1.png","contentUrl":"https:\/\/fonsvinum.com\/files\/2025\/06\/Barolo-Rocche-di-Castiglione-Vietti-1.png","width":200,"height":600,"caption":"Barolo Rocche di Castiglione Vietti"},{"@type":"BreadcrumbList","@id":"https:\/\/fonsvinum.com\/de\/produkt\/barolo-rocche-di-castiglione-vietti-1995\/#breadcrumb","itemListElement":[{"@type":"ListItem","position":1,"name":"Startseite","item":"https:\/\/fonsvinum.com\/de\/"},{"@type":"ListItem","position":2,"name":"Shop","item":"https:\/\/fonsvinum.com\/de\/shop\/"},{"@type":"ListItem","position":3,"name":"Barolo Rocche di Castiglione Vietti 1995"}]},{"@type":"WebSite","@id":"https:\/\/fonsvinum.com\/en\/#website","url":"https:\/\/fonsvinum.com\/en\/","name":"Fons Vinum","description":"Vendita Vino Online","publisher":{"@id":"https:\/\/fonsvinum.com\/en\/#organization"},"potentialAction":[{"@type":"SearchAction","target":{"@type":"EntryPoint","urlTemplate":"https:\/\/fonsvinum.com\/en\/?s={search_term_string}"},"query-input":{"@type":"PropertyValueSpecification","valueRequired":true,"valueName":"search_term_string"}}],"inLanguage":"de"},{"@type":"Organization","@id":"https:\/\/fonsvinum.com\/en\/#organization","name":"Fons Vinum","url":"https:\/\/fonsvinum.com\/en\/","logo":{"@type":"ImageObject","inLanguage":"de","@id":"https:\/\/fonsvinum.com\/en\/#\/schema\/logo\/image\/","url":"","contentUrl":"","caption":"Fons Vinum"},"image":{"@id":"https:\/\/fonsvinum.com\/en\/#\/schema\/logo\/image\/"}}]}},"acf":[],"_links":{"self":[{"href":"https:\/\/fonsvinum.com\/de\/wp-json\/wp\/v2\/product\/46175","targetHints":{"allow":["GET"]}}],"collection":[{"href":"https:\/\/fonsvinum.com\/de\/wp-json\/wp\/v2\/product"}],"about":[{"href":"https:\/\/fonsvinum.com\/de\/wp-json\/wp\/v2\/types\/product"}],"replies":[{"embeddable":true,"href":"https:\/\/fonsvinum.com\/de\/wp-json\/wp\/v2\/comments?post=46175"}],"wp:featuredmedia":[{"embeddable":true,"href":"https:\/\/fonsvinum.com\/de\/wp-json\/wp\/v2\/media\/46749"}],"wp:attachment":[{"href":"https:\/\/fonsvinum.com\/de\/wp-json\/wp\/v2\/media?parent=46175"}],"wp:term":[{"taxonomy":"product_brand","embeddable":true,"href":"https:\/\/fonsvinum.com\/de\/wp-json\/wp\/v2\/product_brand?post=46175"},{"taxonomy":"product_cat","embeddable":true,"href":"https:\/\/fonsvinum.com\/de\/wp-json\/wp\/v2\/product_cat?post=46175"},{"taxonomy":"product_tag","embeddable":true,"href":"https:\/\/fonsvinum.com\/de\/wp-json\/wp\/v2\/product_tag?post=46175"}],"curies":[{"name":"wp","href":"https:\/\/api.w.org\/{rel}","templated":true}]}}