{"id":46001,"date":"2025-06-05T09:49:44","date_gmt":"2025-06-05T07:49:44","guid":{"rendered":"https:\/\/fonsvinum.com\/?post_type=product&#038;p=46001"},"modified":"2025-06-05T10:42:36","modified_gmt":"2025-06-05T08:42:36","slug":"luciano-sandrone-valmaggiore-nebbiolo-2022","status":"publish","type":"product","link":"https:\/\/fonsvinum.com\/de\/produkt\/luciano-sandrone-valmaggiore-nebbiolo-2022\/","title":{"rendered":"LUCIANO SANDRONE Valmaggiore Nebbiolo 2022"},"content":{"rendered":"<h2><a href=\"https:\/\/fonsvinum.com\/de\/attributes\/producer\/luciano-sandrone-de\/\">LUCIANO SANDRONE<\/a> Valmaggiore\u00a0<a href=\"https:\/\/fonsvinum.com\/de\/?s=nebbiolo&amp;post_type=product\">Nebbiolo\u00a0<\/a>2022<\/h2>\n<p>LUCIANO SANDRONE Valmaggiore <a href=\"https:\/\/www.shopinlanghe.com\/sellers?render_type=sellerview&amp;id_seller=5\">Nebbiolo<\/a> 2022<\/p>\n<h3>Weingut:<\/h3>\n<p>Luciano Sandrone ist einer der gro\u00dfen Erneuerer in der Langhe, der sich eindeutig am Vorbild Burgund orientiert. Seine beiden Baroli belegen regelm\u00e4\u00dfig Spitzenpl\u00e4tze in den Bestenlisten. W\u00e4hrend der Cannubi Boschis ein Lagenbarolo ist, werden f\u00fcr den Le Vigne Trauben aus vier vershiedenen Lagen verwendet.<\/p>\n<p>Barolo Aleste ist eine Wortzusammensetzung aus Alessia und Stefano.<\/p>\n<p>Ge\u00e4ndert hat sich ansonsten nichts.<\/p>\n<p>Hier ist immer noch der Cannubi Boschis in der Flasche. Trotzdem waren Barbara und Stefano die Erw\u00e4hnung seiner Enkel und damit n\u00e4chsten Generation, die das Weingut pr\u00e4gen soll wichtiger als die Hervorhebung der Lage.<\/p>\n<p>Cannubi Boschis, das ist der Weinberg, der direkt vis a vis vom Weingut liegt. Cannubi ist sicherlich die ber\u00fchmteste Lage der gesamten Langhe \u00fcberhaupt und von vielen f\u00fcr die beste Barolo Lage von allen gehalten.<\/p>\n<p>Das Herz des Cannubi ist die Unterlage Boschis, benannt nach den fr\u00fcheren Besitzern. Kalkstein und etwas wei\u00dfer Lehm.\u00a0 Cannubi ist die beste Lage im Barolo.<\/p>\n<p>&nbsp;<\/p>\n","protected":false},"excerpt":{"rendered":"<p>LUCIANO SANDRONE Valmaggiore\u00a0Nebbiolo\u00a02022 LUCIANO SANDRONE Valmaggiore Nebbiolo 2022 Weingut: Luciano Sandrone ist einer der gro\u00dfen Erneuerer in der Langhe, der sich eindeutig am Vorbild Burgund orientiert. Seine beiden Baroli belegen regelm\u00e4\u00dfig Spitzenpl\u00e4tze in den Bestenlisten. W\u00e4hrend der Cannubi Boschis ein Lagenbarolo ist, werden f\u00fcr den Le Vigne Trauben aus vier vershiedenen Lagen verwendet. Barolo Aleste [&hellip;]<\/p>\n","protected":false},"featured_media":21451,"comment_status":"open","ping_status":"closed","template":"","meta":{"_acf_changed":false,"_monsterinsights_skip_tracking":false,"_monsterinsights_sitenote_active":false,"_monsterinsights_sitenote_note":"","_monsterinsights_sitenote_category":0},"product_brand":[],"product_cat":[2356],"product_tag":[15941,15893,15959],"class_list":{"0":"post-46001","1":"product","2":"type-product","3":"status-publish","4":"has-post-thumbnail","6":"product_cat-nebbiolo-de","7":"product_tag-nebbiolo-de","8":"product_tag-piemonte-de","9":"product_tag-vino-rosso-de","10":"pa_appellation-nebbiolo-dalba-doc-de","11":"pa_formato-0-75-l-flasche-de","12":"pa_producer-luciano-sandrone-de","13":"pa_region-piemont-de","14":"pa_vine-100-nebbiolo-de","15":"pa_vintage-18397","17":"first","18":"instock","19":"taxable","20":"shipping-taxable","21":"purchasable","22":"product-type-simple"},"bundled_by":[],"bundle_stock_status":"instock","bundle_stock_quantity":6,"bundle_virtual":false,"bundle_layout":"","bundle_add_to_cart_form_location":"","bundle_editable_in_cart":false,"bundle_sold_individually_context":"","bundle_item_grouping":"","bundle_min_size":"","bundle_max_size":"","bundle_price":[],"bundled_items":[],"bundle_sell_ids":[],"yoast_head":"<!-- This site is optimized with the Yoast SEO plugin v27.3 - https:\/\/yoast.com\/product\/yoast-seo-wordpress\/ -->\n<title>LUCIANO SANDRONE Valmaggiore Nebbiolo 2022- Fons Vinum<\/title>\n<meta name=\"description\" content=\"LUCIANO SANDRONE Valmaggiore Nebbiolo 2022 -Fons Vinum Luciano Sandrone ist einer der gro\u00dfen Erneuerer in der Langhe, der sich eindeutig am\" \/>\n<meta name=\"robots\" content=\"index, follow, max-snippet:-1, max-image-preview:large, max-video-preview:-1\" \/>\n<link rel=\"canonical\" href=\"https:\/\/fonsvinum.com\/de\/produkt\/luciano-sandrone-valmaggiore-nebbiolo-2022\/\" \/>\n<meta property=\"og:locale\" content=\"de_DE\" \/>\n<meta property=\"og:type\" content=\"article\" \/>\n<meta property=\"og:title\" content=\"LUCIANO SANDRONE Valmaggiore Nebbiolo 2022- Fons Vinum\" \/>\n<meta property=\"og:description\" content=\"LUCIANO SANDRONE Valmaggiore Nebbiolo 2022 -Fons Vinum Luciano Sandrone ist einer der gro\u00dfen Erneuerer in der Langhe, der sich eindeutig am\" \/>\n<meta property=\"og:url\" content=\"https:\/\/fonsvinum.com\/de\/produkt\/luciano-sandrone-valmaggiore-nebbiolo-2022\/\" \/>\n<meta property=\"og:site_name\" content=\"Fons Vinum\" \/>\n<meta property=\"article:modified_time\" content=\"2025-06-05T08:42:36+00:00\" \/>\n<meta property=\"og:image\" content=\"https:\/\/fonsvinum.com\/files\/2019\/12\/nebbiolo-valmaggiore-luciando-sandrone.jpg\" \/>\n\t<meta property=\"og:image:width\" content=\"200\" \/>\n\t<meta property=\"og:image:height\" content=\"600\" \/>\n\t<meta property=\"og:image:type\" content=\"image\/jpeg\" \/>\n<meta name=\"twitter:label1\" content=\"Gesch\u00e4tzte Lesezeit\" \/>\n\t<meta name=\"twitter:data1\" content=\"2\u00a0Minuten\" \/>\n<script type=\"application\/ld+json\" class=\"yoast-schema-graph\">{\"@context\":\"https:\\\/\\\/schema.org\",\"@graph\":[{\"@type\":\"WebPage\",\"@id\":\"https:\\\/\\\/fonsvinum.com\\\/de\\\/produkt\\\/luciano-sandrone-valmaggiore-nebbiolo-2022\\\/\",\"url\":\"https:\\\/\\\/fonsvinum.com\\\/de\\\/produkt\\\/luciano-sandrone-valmaggiore-nebbiolo-2022\\\/\",\"name\":\"LUCIANO SANDRONE Valmaggiore Nebbiolo 2022- Fons Vinum\",\"isPartOf\":{\"@id\":\"https:\\\/\\\/fonsvinum.com\\\/en\\\/#website\"},\"primaryImageOfPage\":{\"@id\":\"https:\\\/\\\/fonsvinum.com\\\/de\\\/produkt\\\/luciano-sandrone-valmaggiore-nebbiolo-2022\\\/#primaryimage\"},\"image\":{\"@id\":\"https:\\\/\\\/fonsvinum.com\\\/de\\\/produkt\\\/luciano-sandrone-valmaggiore-nebbiolo-2022\\\/#primaryimage\"},\"thumbnailUrl\":\"https:\\\/\\\/fonsvinum.com\\\/files\\\/2019\\\/12\\\/nebbiolo-valmaggiore-luciando-sandrone.jpg\",\"datePublished\":\"2025-06-05T07:49:44+00:00\",\"dateModified\":\"2025-06-05T08:42:36+00:00\",\"description\":\"LUCIANO SANDRONE Valmaggiore Nebbiolo 2022 -Fons Vinum Luciano Sandrone ist einer der gro\u00dfen Erneuerer in der Langhe, der sich eindeutig am\",\"breadcrumb\":{\"@id\":\"https:\\\/\\\/fonsvinum.com\\\/de\\\/produkt\\\/luciano-sandrone-valmaggiore-nebbiolo-2022\\\/#breadcrumb\"},\"inLanguage\":\"de\",\"potentialAction\":[{\"@type\":\"ReadAction\",\"target\":[\"https:\\\/\\\/fonsvinum.com\\\/de\\\/produkt\\\/luciano-sandrone-valmaggiore-nebbiolo-2022\\\/\"]}]},{\"@type\":\"ImageObject\",\"inLanguage\":\"de\",\"@id\":\"https:\\\/\\\/fonsvinum.com\\\/de\\\/produkt\\\/luciano-sandrone-valmaggiore-nebbiolo-2022\\\/#primaryimage\",\"url\":\"https:\\\/\\\/fonsvinum.com\\\/files\\\/2019\\\/12\\\/nebbiolo-valmaggiore-luciando-sandrone.jpg\",\"contentUrl\":\"https:\\\/\\\/fonsvinum.com\\\/files\\\/2019\\\/12\\\/nebbiolo-valmaggiore-luciando-sandrone.jpg\",\"width\":200,\"height\":600},{\"@type\":\"BreadcrumbList\",\"@id\":\"https:\\\/\\\/fonsvinum.com\\\/de\\\/produkt\\\/luciano-sandrone-valmaggiore-nebbiolo-2022\\\/#breadcrumb\",\"itemListElement\":[{\"@type\":\"ListItem\",\"position\":1,\"name\":\"Startseite\",\"item\":\"https:\\\/\\\/fonsvinum.com\\\/de\\\/\"},{\"@type\":\"ListItem\",\"position\":2,\"name\":\"Shop\",\"item\":\"https:\\\/\\\/fonsvinum.com\\\/de\\\/shop\\\/\"},{\"@type\":\"ListItem\",\"position\":3,\"name\":\"LUCIANO SANDRONE Valmaggiore Nebbiolo 2022\"}]},{\"@type\":\"WebSite\",\"@id\":\"https:\\\/\\\/fonsvinum.com\\\/en\\\/#website\",\"url\":\"https:\\\/\\\/fonsvinum.com\\\/en\\\/\",\"name\":\"Fons Vinum\",\"description\":\"Vendita Vino Online\",\"publisher\":{\"@id\":\"https:\\\/\\\/fonsvinum.com\\\/en\\\/#organization\"},\"potentialAction\":[{\"@type\":\"SearchAction\",\"target\":{\"@type\":\"EntryPoint\",\"urlTemplate\":\"https:\\\/\\\/fonsvinum.com\\\/en\\\/?s={search_term_string}\"},\"query-input\":{\"@type\":\"PropertyValueSpecification\",\"valueRequired\":true,\"valueName\":\"search_term_string\"}}],\"inLanguage\":\"de\"},{\"@type\":\"Organization\",\"@id\":\"https:\\\/\\\/fonsvinum.com\\\/en\\\/#organization\",\"name\":\"Fons Vinum\",\"url\":\"https:\\\/\\\/fonsvinum.com\\\/en\\\/\",\"logo\":{\"@type\":\"ImageObject\",\"inLanguage\":\"de\",\"@id\":\"https:\\\/\\\/fonsvinum.com\\\/en\\\/#\\\/schema\\\/logo\\\/image\\\/\",\"url\":\"\",\"contentUrl\":\"\",\"caption\":\"Fons Vinum\"},\"image\":{\"@id\":\"https:\\\/\\\/fonsvinum.com\\\/en\\\/#\\\/schema\\\/logo\\\/image\\\/\"}}]}<\/script>\n<!-- \/ Yoast SEO plugin. -->","yoast_head_json":{"title":"LUCIANO SANDRONE Valmaggiore Nebbiolo 2022- Fons Vinum","description":"LUCIANO SANDRONE Valmaggiore Nebbiolo 2022 -Fons Vinum Luciano Sandrone ist einer der gro\u00dfen Erneuerer in der Langhe, der sich eindeutig am","robots":{"index":"index","follow":"follow","max-snippet":"max-snippet:-1","max-image-preview":"max-image-preview:large","max-video-preview":"max-video-preview:-1"},"canonical":"https:\/\/fonsvinum.com\/de\/produkt\/luciano-sandrone-valmaggiore-nebbiolo-2022\/","og_locale":"de_DE","og_type":"article","og_title":"LUCIANO SANDRONE Valmaggiore Nebbiolo 2022- Fons Vinum","og_description":"LUCIANO SANDRONE Valmaggiore Nebbiolo 2022 -Fons Vinum Luciano Sandrone ist einer der gro\u00dfen Erneuerer in der Langhe, der sich eindeutig am","og_url":"https:\/\/fonsvinum.com\/de\/produkt\/luciano-sandrone-valmaggiore-nebbiolo-2022\/","og_site_name":"Fons Vinum","article_modified_time":"2025-06-05T08:42:36+00:00","og_image":[{"width":200,"height":600,"url":"https:\/\/fonsvinum.com\/files\/2019\/12\/nebbiolo-valmaggiore-luciando-sandrone.jpg","type":"image\/jpeg"}],"twitter_misc":{"Gesch\u00e4tzte Lesezeit":"2\u00a0Minuten"},"schema":{"@context":"https:\/\/schema.org","@graph":[{"@type":"WebPage","@id":"https:\/\/fonsvinum.com\/de\/produkt\/luciano-sandrone-valmaggiore-nebbiolo-2022\/","url":"https:\/\/fonsvinum.com\/de\/produkt\/luciano-sandrone-valmaggiore-nebbiolo-2022\/","name":"LUCIANO SANDRONE Valmaggiore Nebbiolo 2022- Fons Vinum","isPartOf":{"@id":"https:\/\/fonsvinum.com\/en\/#website"},"primaryImageOfPage":{"@id":"https:\/\/fonsvinum.com\/de\/produkt\/luciano-sandrone-valmaggiore-nebbiolo-2022\/#primaryimage"},"image":{"@id":"https:\/\/fonsvinum.com\/de\/produkt\/luciano-sandrone-valmaggiore-nebbiolo-2022\/#primaryimage"},"thumbnailUrl":"https:\/\/fonsvinum.com\/files\/2019\/12\/nebbiolo-valmaggiore-luciando-sandrone.jpg","datePublished":"2025-06-05T07:49:44+00:00","dateModified":"2025-06-05T08:42:36+00:00","description":"LUCIANO SANDRONE Valmaggiore Nebbiolo 2022 -Fons Vinum Luciano Sandrone ist einer der gro\u00dfen Erneuerer in der Langhe, der sich eindeutig am","breadcrumb":{"@id":"https:\/\/fonsvinum.com\/de\/produkt\/luciano-sandrone-valmaggiore-nebbiolo-2022\/#breadcrumb"},"inLanguage":"de","potentialAction":[{"@type":"ReadAction","target":["https:\/\/fonsvinum.com\/de\/produkt\/luciano-sandrone-valmaggiore-nebbiolo-2022\/"]}]},{"@type":"ImageObject","inLanguage":"de","@id":"https:\/\/fonsvinum.com\/de\/produkt\/luciano-sandrone-valmaggiore-nebbiolo-2022\/#primaryimage","url":"https:\/\/fonsvinum.com\/files\/2019\/12\/nebbiolo-valmaggiore-luciando-sandrone.jpg","contentUrl":"https:\/\/fonsvinum.com\/files\/2019\/12\/nebbiolo-valmaggiore-luciando-sandrone.jpg","width":200,"height":600},{"@type":"BreadcrumbList","@id":"https:\/\/fonsvinum.com\/de\/produkt\/luciano-sandrone-valmaggiore-nebbiolo-2022\/#breadcrumb","itemListElement":[{"@type":"ListItem","position":1,"name":"Startseite","item":"https:\/\/fonsvinum.com\/de\/"},{"@type":"ListItem","position":2,"name":"Shop","item":"https:\/\/fonsvinum.com\/de\/shop\/"},{"@type":"ListItem","position":3,"name":"LUCIANO SANDRONE Valmaggiore Nebbiolo 2022"}]},{"@type":"WebSite","@id":"https:\/\/fonsvinum.com\/en\/#website","url":"https:\/\/fonsvinum.com\/en\/","name":"Fons Vinum","description":"Vendita Vino Online","publisher":{"@id":"https:\/\/fonsvinum.com\/en\/#organization"},"potentialAction":[{"@type":"SearchAction","target":{"@type":"EntryPoint","urlTemplate":"https:\/\/fonsvinum.com\/en\/?s={search_term_string}"},"query-input":{"@type":"PropertyValueSpecification","valueRequired":true,"valueName":"search_term_string"}}],"inLanguage":"de"},{"@type":"Organization","@id":"https:\/\/fonsvinum.com\/en\/#organization","name":"Fons Vinum","url":"https:\/\/fonsvinum.com\/en\/","logo":{"@type":"ImageObject","inLanguage":"de","@id":"https:\/\/fonsvinum.com\/en\/#\/schema\/logo\/image\/","url":"","contentUrl":"","caption":"Fons Vinum"},"image":{"@id":"https:\/\/fonsvinum.com\/en\/#\/schema\/logo\/image\/"}}]}},"acf":[],"_links":{"self":[{"href":"https:\/\/fonsvinum.com\/de\/wp-json\/wp\/v2\/product\/46001","targetHints":{"allow":["GET"]}}],"collection":[{"href":"https:\/\/fonsvinum.com\/de\/wp-json\/wp\/v2\/product"}],"about":[{"href":"https:\/\/fonsvinum.com\/de\/wp-json\/wp\/v2\/types\/product"}],"replies":[{"embeddable":true,"href":"https:\/\/fonsvinum.com\/de\/wp-json\/wp\/v2\/comments?post=46001"}],"wp:featuredmedia":[{"embeddable":true,"href":"https:\/\/fonsvinum.com\/de\/wp-json\/wp\/v2\/media\/21451"}],"wp:attachment":[{"href":"https:\/\/fonsvinum.com\/de\/wp-json\/wp\/v2\/media?parent=46001"}],"wp:term":[{"taxonomy":"product_brand","embeddable":true,"href":"https:\/\/fonsvinum.com\/de\/wp-json\/wp\/v2\/product_brand?post=46001"},{"taxonomy":"product_cat","embeddable":true,"href":"https:\/\/fonsvinum.com\/de\/wp-json\/wp\/v2\/product_cat?post=46001"},{"taxonomy":"product_tag","embeddable":true,"href":"https:\/\/fonsvinum.com\/de\/wp-json\/wp\/v2\/product_tag?post=46001"}],"curies":[{"name":"wp","href":"https:\/\/api.w.org\/{rel}","templated":true}]}}