{"id":45864,"date":"2025-05-12T16:44:47","date_gmt":"2025-05-12T14:44:47","guid":{"rendered":"https:\/\/fonsvinum.com\/?post_type=product&#038;p=45864"},"modified":"2026-04-14T15:38:22","modified_gmt":"2026-04-14T13:38:22","slug":"brunello-di-montalcino-docg-2011-luce-della-vite","status":"publish","type":"product","link":"https:\/\/fonsvinum.com\/de\/produkt\/brunello-di-montalcino-docg-2011-luce-della-vite\/","title":{"rendered":"Brunello di Montalcino DOCG 2011 Luce della vite"},"content":{"rendered":"<h2>Brunello di Montalcino DOCG 2011 Luce della vite<\/h2>\n<p>Die Vegetationsperiode 2011 verlief regelm\u00e4\u00dfig, mit einem Wechsel von Regenperioden und milden Temperaturen, die typisch f\u00fcr den mediterranen Fr\u00fchling sind, sowie einem ersten Teil des Sommers mit warmen und angenehmen Temperaturen, die es den Reben und Trauben erm\u00f6glichten, die Phase der V\u00e9raison unter besten Bedingungen zu erreichen. In der zweiten Augusth\u00e4lfte kam es zu einem Temperaturanstieg, der dem Sangiovese eine au\u00dfergew\u00f6hnliche Reifung erm\u00f6glichte, mit sehr konzentrierten Trauben bei der Lese und einem hervorragenden Gesundheitszustand. Er pr\u00e4sentiert sich mit einer sehr intensiven und tiefen Farbe mit leichten Granatreflexen. Das Bouquet ist komplex und reich an Noten, die von kleinen schwarzen Fr\u00fcchten \u00fcber Gew\u00fcrze bis hin zu Tabak und Teebl\u00e4ttern reichen. Am Gaumen best\u00e4tigt er dieselbe aromatische Komplexit\u00e4t; er zeigt sich mit einem weichen und umh\u00fcllenden Auftakt, ausbalanciert durch ein hervorragendes Tanninger\u00fcst, das dem Wein eine lange und intensive geschmackliche Persistenz verleiht.<\/p>\n<h2>Monumentaler Wein.<\/h2>\n<p>Luce Brunello 2011 hat eine intensive, tiefe rote Farbe. In der Nase offenbart er komplexe Aromen von roten Fr\u00fcchten, Tabak und Schokolade. Am Gaumen pr\u00e4sentiert er sich rund, vollmundig und gro\u00dfz\u00fcgig, mit seidigen Tanninen, die durch eine lebendige S\u00e4ure ausbalanciert werden, und einem sehr langen Finale.<\/p>\n","protected":false},"excerpt":{"rendered":"<p>Brunello di Montalcino DOCG 2011 Luce della vite Die Vegetationsperiode 2011 verlief regelm\u00e4\u00dfig, mit einem Wechsel von Regenperioden und milden Temperaturen, die typisch f\u00fcr den mediterranen Fr\u00fchling sind, sowie einem ersten Teil des Sommers mit warmen und angenehmen Temperaturen, die es den Reben und Trauben erm\u00f6glichten, die Phase der V\u00e9raison unter besten Bedingungen zu erreichen. [&hellip;]<\/p>\n","protected":false},"featured_media":4537,"comment_status":"open","ping_status":"closed","template":"","meta":{"_acf_changed":false,"_monsterinsights_skip_tracking":false,"_monsterinsights_sitenote_active":false,"_monsterinsights_sitenote_note":"","_monsterinsights_sitenote_category":0},"product_brand":[],"product_cat":[1762],"product_tag":[15911,1745],"class_list":{"0":"post-45864","1":"product","2":"type-product","3":"status-publish","4":"has-post-thumbnail","6":"product_cat-brunello-de","7":"product_tag-brunello-de-2","8":"product_tag-super-tuscan-de","9":"pa_appellation-brunello-di-montalcino-docg-de","10":"pa_formato-0-75-l-flasche-de","11":"pa_producer-luce-della-vite-de","12":"pa_region-toskana-de","13":"pa_vine-sangiovese-2-de","14":"pa_vintage-2011-de","16":"first","17":"instock","18":"taxable","19":"shipping-taxable","20":"purchasable","21":"product-type-simple"},"bundled_by":[],"bundle_stock_status":"instock","bundle_stock_quantity":2,"bundle_virtual":false,"bundle_layout":"","bundle_add_to_cart_form_location":"","bundle_editable_in_cart":false,"bundle_sold_individually_context":"","bundle_item_grouping":"","bundle_min_size":"","bundle_max_size":"","bundle_price":[],"bundled_items":[],"bundle_sell_ids":[],"yoast_head":"<!-- This site is optimized with the Yoast SEO plugin v27.3 - https:\/\/yoast.com\/product\/yoast-seo-wordpress\/ -->\n<title>Brunello di Montalcino DOCG 2011 Luce della vite<\/title>\n<meta name=\"description\" content=\"Brunello di Montalcino DOCG 2011 Luce della vite Ein monumentaler Wein. Intensive rubinrote Farbe, in der Nase Aromen von roten Fr\u00fcchten, Tabak und Schokolade.\" \/>\n<meta name=\"robots\" content=\"index, follow, max-snippet:-1, max-image-preview:large, max-video-preview:-1\" \/>\n<link rel=\"canonical\" href=\"https:\/\/fonsvinum.com\/de\/produkt\/brunello-di-montalcino-docg-2011-luce-della-vite\/\" \/>\n<meta property=\"og:locale\" content=\"de_DE\" \/>\n<meta property=\"og:type\" content=\"article\" \/>\n<meta property=\"og:title\" content=\"Brunello di Montalcino DOCG 2011 Luce della vite\" \/>\n<meta property=\"og:description\" content=\"Brunello di Montalcino DOCG 2011 Luce della vite Ein monumentaler Wein. Intensive rubinrote Farbe, in der Nase Aromen von roten Fr\u00fcchten, Tabak und Schokolade.\" \/>\n<meta property=\"og:url\" content=\"https:\/\/fonsvinum.com\/de\/produkt\/brunello-di-montalcino-docg-2011-luce-della-vite\/\" \/>\n<meta property=\"og:site_name\" content=\"Fons Vinum\" \/>\n<meta property=\"article:modified_time\" content=\"2026-04-14T13:38:22+00:00\" \/>\n<meta property=\"og:image\" content=\"https:\/\/fonsvinum.com\/files\/2015\/08\/brunello-luce.png\" \/>\n\t<meta property=\"og:image:width\" content=\"200\" \/>\n\t<meta property=\"og:image:height\" content=\"600\" \/>\n\t<meta property=\"og:image:type\" content=\"image\/png\" \/>\n<meta name=\"twitter:label1\" content=\"Gesch\u00e4tzte Lesezeit\" \/>\n\t<meta name=\"twitter:data1\" content=\"1\u00a0Minute\" \/>\n<script type=\"application\/ld+json\" class=\"yoast-schema-graph\">{\"@context\":\"https:\\\/\\\/schema.org\",\"@graph\":[{\"@type\":\"WebPage\",\"@id\":\"https:\\\/\\\/fonsvinum.com\\\/de\\\/produkt\\\/brunello-di-montalcino-docg-2011-luce-della-vite\\\/\",\"url\":\"https:\\\/\\\/fonsvinum.com\\\/de\\\/produkt\\\/brunello-di-montalcino-docg-2011-luce-della-vite\\\/\",\"name\":\"Brunello di Montalcino DOCG 2011 Luce della vite\",\"isPartOf\":{\"@id\":\"https:\\\/\\\/fonsvinum.com\\\/en\\\/#website\"},\"primaryImageOfPage\":{\"@id\":\"https:\\\/\\\/fonsvinum.com\\\/de\\\/produkt\\\/brunello-di-montalcino-docg-2011-luce-della-vite\\\/#primaryimage\"},\"image\":{\"@id\":\"https:\\\/\\\/fonsvinum.com\\\/de\\\/produkt\\\/brunello-di-montalcino-docg-2011-luce-della-vite\\\/#primaryimage\"},\"thumbnailUrl\":\"https:\\\/\\\/fonsvinum.com\\\/files\\\/2015\\\/08\\\/brunello-luce.png\",\"datePublished\":\"2025-05-12T14:44:47+00:00\",\"dateModified\":\"2026-04-14T13:38:22+00:00\",\"description\":\"Brunello di Montalcino DOCG 2011 Luce della vite Ein monumentaler Wein. Intensive rubinrote Farbe, in der Nase Aromen von roten Fr\u00fcchten, Tabak und Schokolade.\",\"breadcrumb\":{\"@id\":\"https:\\\/\\\/fonsvinum.com\\\/de\\\/produkt\\\/brunello-di-montalcino-docg-2011-luce-della-vite\\\/#breadcrumb\"},\"inLanguage\":\"de\",\"potentialAction\":[{\"@type\":\"ReadAction\",\"target\":[\"https:\\\/\\\/fonsvinum.com\\\/de\\\/produkt\\\/brunello-di-montalcino-docg-2011-luce-della-vite\\\/\"]}]},{\"@type\":\"ImageObject\",\"inLanguage\":\"de\",\"@id\":\"https:\\\/\\\/fonsvinum.com\\\/de\\\/produkt\\\/brunello-di-montalcino-docg-2011-luce-della-vite\\\/#primaryimage\",\"url\":\"https:\\\/\\\/fonsvinum.com\\\/files\\\/2015\\\/08\\\/brunello-luce.png\",\"contentUrl\":\"https:\\\/\\\/fonsvinum.com\\\/files\\\/2015\\\/08\\\/brunello-luce.png\",\"width\":200,\"height\":600,\"caption\":\"brunello-luce\"},{\"@type\":\"BreadcrumbList\",\"@id\":\"https:\\\/\\\/fonsvinum.com\\\/de\\\/produkt\\\/brunello-di-montalcino-docg-2011-luce-della-vite\\\/#breadcrumb\",\"itemListElement\":[{\"@type\":\"ListItem\",\"position\":1,\"name\":\"Startseite\",\"item\":\"https:\\\/\\\/fonsvinum.com\\\/de\\\/\"},{\"@type\":\"ListItem\",\"position\":2,\"name\":\"Shop\",\"item\":\"https:\\\/\\\/fonsvinum.com\\\/de\\\/shop\\\/\"},{\"@type\":\"ListItem\",\"position\":3,\"name\":\"Brunello di Montalcino DOCG 2011 Luce della vite\"}]},{\"@type\":\"WebSite\",\"@id\":\"https:\\\/\\\/fonsvinum.com\\\/en\\\/#website\",\"url\":\"https:\\\/\\\/fonsvinum.com\\\/en\\\/\",\"name\":\"Fons Vinum\",\"description\":\"Vendita Vino Online\",\"publisher\":{\"@id\":\"https:\\\/\\\/fonsvinum.com\\\/en\\\/#organization\"},\"potentialAction\":[{\"@type\":\"SearchAction\",\"target\":{\"@type\":\"EntryPoint\",\"urlTemplate\":\"https:\\\/\\\/fonsvinum.com\\\/en\\\/?s={search_term_string}\"},\"query-input\":{\"@type\":\"PropertyValueSpecification\",\"valueRequired\":true,\"valueName\":\"search_term_string\"}}],\"inLanguage\":\"de\"},{\"@type\":\"Organization\",\"@id\":\"https:\\\/\\\/fonsvinum.com\\\/en\\\/#organization\",\"name\":\"Fons Vinum\",\"url\":\"https:\\\/\\\/fonsvinum.com\\\/en\\\/\",\"logo\":{\"@type\":\"ImageObject\",\"inLanguage\":\"de\",\"@id\":\"https:\\\/\\\/fonsvinum.com\\\/en\\\/#\\\/schema\\\/logo\\\/image\\\/\",\"url\":\"\",\"contentUrl\":\"\",\"caption\":\"Fons Vinum\"},\"image\":{\"@id\":\"https:\\\/\\\/fonsvinum.com\\\/en\\\/#\\\/schema\\\/logo\\\/image\\\/\"}}]}<\/script>\n<!-- \/ Yoast SEO plugin. -->","yoast_head_json":{"title":"Brunello di Montalcino DOCG 2011 Luce della vite","description":"Brunello di Montalcino DOCG 2011 Luce della vite Ein monumentaler Wein. Intensive rubinrote Farbe, in der Nase Aromen von roten Fr\u00fcchten, Tabak und Schokolade.","robots":{"index":"index","follow":"follow","max-snippet":"max-snippet:-1","max-image-preview":"max-image-preview:large","max-video-preview":"max-video-preview:-1"},"canonical":"https:\/\/fonsvinum.com\/de\/produkt\/brunello-di-montalcino-docg-2011-luce-della-vite\/","og_locale":"de_DE","og_type":"article","og_title":"Brunello di Montalcino DOCG 2011 Luce della vite","og_description":"Brunello di Montalcino DOCG 2011 Luce della vite Ein monumentaler Wein. Intensive rubinrote Farbe, in der Nase Aromen von roten Fr\u00fcchten, Tabak und Schokolade.","og_url":"https:\/\/fonsvinum.com\/de\/produkt\/brunello-di-montalcino-docg-2011-luce-della-vite\/","og_site_name":"Fons Vinum","article_modified_time":"2026-04-14T13:38:22+00:00","og_image":[{"width":200,"height":600,"url":"https:\/\/fonsvinum.com\/files\/2015\/08\/brunello-luce.png","type":"image\/png"}],"twitter_misc":{"Gesch\u00e4tzte Lesezeit":"1\u00a0Minute"},"schema":{"@context":"https:\/\/schema.org","@graph":[{"@type":"WebPage","@id":"https:\/\/fonsvinum.com\/de\/produkt\/brunello-di-montalcino-docg-2011-luce-della-vite\/","url":"https:\/\/fonsvinum.com\/de\/produkt\/brunello-di-montalcino-docg-2011-luce-della-vite\/","name":"Brunello di Montalcino DOCG 2011 Luce della vite","isPartOf":{"@id":"https:\/\/fonsvinum.com\/en\/#website"},"primaryImageOfPage":{"@id":"https:\/\/fonsvinum.com\/de\/produkt\/brunello-di-montalcino-docg-2011-luce-della-vite\/#primaryimage"},"image":{"@id":"https:\/\/fonsvinum.com\/de\/produkt\/brunello-di-montalcino-docg-2011-luce-della-vite\/#primaryimage"},"thumbnailUrl":"https:\/\/fonsvinum.com\/files\/2015\/08\/brunello-luce.png","datePublished":"2025-05-12T14:44:47+00:00","dateModified":"2026-04-14T13:38:22+00:00","description":"Brunello di Montalcino DOCG 2011 Luce della vite Ein monumentaler Wein. Intensive rubinrote Farbe, in der Nase Aromen von roten Fr\u00fcchten, Tabak und Schokolade.","breadcrumb":{"@id":"https:\/\/fonsvinum.com\/de\/produkt\/brunello-di-montalcino-docg-2011-luce-della-vite\/#breadcrumb"},"inLanguage":"de","potentialAction":[{"@type":"ReadAction","target":["https:\/\/fonsvinum.com\/de\/produkt\/brunello-di-montalcino-docg-2011-luce-della-vite\/"]}]},{"@type":"ImageObject","inLanguage":"de","@id":"https:\/\/fonsvinum.com\/de\/produkt\/brunello-di-montalcino-docg-2011-luce-della-vite\/#primaryimage","url":"https:\/\/fonsvinum.com\/files\/2015\/08\/brunello-luce.png","contentUrl":"https:\/\/fonsvinum.com\/files\/2015\/08\/brunello-luce.png","width":200,"height":600,"caption":"brunello-luce"},{"@type":"BreadcrumbList","@id":"https:\/\/fonsvinum.com\/de\/produkt\/brunello-di-montalcino-docg-2011-luce-della-vite\/#breadcrumb","itemListElement":[{"@type":"ListItem","position":1,"name":"Startseite","item":"https:\/\/fonsvinum.com\/de\/"},{"@type":"ListItem","position":2,"name":"Shop","item":"https:\/\/fonsvinum.com\/de\/shop\/"},{"@type":"ListItem","position":3,"name":"Brunello di Montalcino DOCG 2011 Luce della vite"}]},{"@type":"WebSite","@id":"https:\/\/fonsvinum.com\/en\/#website","url":"https:\/\/fonsvinum.com\/en\/","name":"Fons Vinum","description":"Vendita Vino Online","publisher":{"@id":"https:\/\/fonsvinum.com\/en\/#organization"},"potentialAction":[{"@type":"SearchAction","target":{"@type":"EntryPoint","urlTemplate":"https:\/\/fonsvinum.com\/en\/?s={search_term_string}"},"query-input":{"@type":"PropertyValueSpecification","valueRequired":true,"valueName":"search_term_string"}}],"inLanguage":"de"},{"@type":"Organization","@id":"https:\/\/fonsvinum.com\/en\/#organization","name":"Fons Vinum","url":"https:\/\/fonsvinum.com\/en\/","logo":{"@type":"ImageObject","inLanguage":"de","@id":"https:\/\/fonsvinum.com\/en\/#\/schema\/logo\/image\/","url":"","contentUrl":"","caption":"Fons Vinum"},"image":{"@id":"https:\/\/fonsvinum.com\/en\/#\/schema\/logo\/image\/"}}]}},"acf":[],"_links":{"self":[{"href":"https:\/\/fonsvinum.com\/de\/wp-json\/wp\/v2\/product\/45864","targetHints":{"allow":["GET"]}}],"collection":[{"href":"https:\/\/fonsvinum.com\/de\/wp-json\/wp\/v2\/product"}],"about":[{"href":"https:\/\/fonsvinum.com\/de\/wp-json\/wp\/v2\/types\/product"}],"replies":[{"embeddable":true,"href":"https:\/\/fonsvinum.com\/de\/wp-json\/wp\/v2\/comments?post=45864"}],"wp:featuredmedia":[{"embeddable":true,"href":"https:\/\/fonsvinum.com\/de\/wp-json\/wp\/v2\/media\/4537"}],"wp:attachment":[{"href":"https:\/\/fonsvinum.com\/de\/wp-json\/wp\/v2\/media?parent=45864"}],"wp:term":[{"taxonomy":"product_brand","embeddable":true,"href":"https:\/\/fonsvinum.com\/de\/wp-json\/wp\/v2\/product_brand?post=45864"},{"taxonomy":"product_cat","embeddable":true,"href":"https:\/\/fonsvinum.com\/de\/wp-json\/wp\/v2\/product_cat?post=45864"},{"taxonomy":"product_tag","embeddable":true,"href":"https:\/\/fonsvinum.com\/de\/wp-json\/wp\/v2\/product_tag?post=45864"}],"curies":[{"name":"wp","href":"https:\/\/api.w.org\/{rel}","templated":true}]}}