{"id":45568,"date":"2025-03-17T16:13:00","date_gmt":"2025-03-17T15:13:00","guid":{"rendered":"https:\/\/fonsvinum.com\/?post_type=product&#038;p=45568"},"modified":"2025-03-17T16:22:20","modified_gmt":"2025-03-17T15:22:20","slug":"giuseppe-mascarello-barolo-perno-vigna-santo-stefano-2018","status":"publish","type":"product","link":"https:\/\/fonsvinum.com\/de\/produkt\/giuseppe-mascarello-barolo-perno-vigna-santo-stefano-2018\/","title":{"rendered":"GIUSEPPE MASCARELLO Barolo Perno Vigna Santo Stefano 2018"},"content":{"rendered":"<h2>GIUSEPPE MASCARELLO Perno Vigna Santo Stefano Barolo 2018<\/h2>\n<p><a href=\"https:\/\/fonsvinum.com\/de\/attributes\/producer\/giuseppe-mascarello-de\/\">GIUSEPPE MASCARELLO<\/a> Perno Vigna Santo Stefano <a href=\"https:\/\/www.shopinlanghe.com\/sellers?render_type=sellerview&amp;id_seller=5\">Barolo<\/a> 2018<\/p>\n<p>Santo Stefano geh\u00f6rt zu der Lage Perno bei Monforte d\u2019Alba.<\/p>\n<p>Der Weinberg geh\u00f6rt seit 1989 zum Familienbesitz von Giuseppe Mascarello.<\/p>\n<p>Die Familie hat eine lange Winzergeschichte, die bis ins 18. Jahrhundert zur\u00fcckf\u00fchrt, als Giuseppe Mascarello hier in Monforte d&#8217;Alba Land kaufte.<\/p>\n<p>Der Weinberg ist nach West-S\u00fcdwest ausgerichtet und besteht haupts\u00e4chlich aus Lehm, etwas Sand und Kalk.<\/p>\n<p>Das Terroir bietet beste Voraussetzungen f\u00fcr die autochthone Rebsorte Nebbiolo.<\/p>\n<p>Die Bodenzusammensetzung ist dabei entscheidend f\u00fcr den Charakter der\u00a0Weine aus dem Piemont.<\/p>\n<p>Der Wein ist kraftvoll mit ausgepr\u00e4gter Tanninstruktur, jedoch von au\u00dfergew\u00f6hnlicher Finesse.<\/p>\n<p>Das Bouquet erinnert an reife Kirschen, aber auch s\u00fc\u00dfe Noten von Blumen und Beeren.<\/p>\n<p>Wir empfehlen, den Wein einzulagern, damit er noch etwas reifen kann.<\/p>\n","protected":false},"excerpt":{"rendered":"<p>GIUSEPPE MASCARELLO Perno Vigna Santo Stefano Barolo 2018 GIUSEPPE MASCARELLO Perno Vigna Santo Stefano Barolo 2018 Santo Stefano geh\u00f6rt zu der Lage Perno bei Monforte d\u2019Alba. Der Weinberg geh\u00f6rt seit 1989 zum Familienbesitz von Giuseppe Mascarello. Die Familie hat eine lange Winzergeschichte, die bis ins 18. Jahrhundert zur\u00fcckf\u00fchrt, als Giuseppe Mascarello hier in Monforte d&#8217;Alba [&hellip;]<\/p>\n","protected":false},"featured_media":36754,"comment_status":"open","ping_status":"closed","template":"","meta":{"_acf_changed":false,"_monsterinsights_skip_tracking":false,"_monsterinsights_sitenote_active":false,"_monsterinsights_sitenote_note":"","_monsterinsights_sitenote_category":0},"product_brand":[],"product_cat":[1824],"product_tag":[1751,15903],"class_list":{"0":"post-45568","1":"product","2":"type-product","3":"status-publish","4":"has-post-thumbnail","6":"product_cat-barolo-de","7":"product_tag-aussergewoehnliche-weine-aus-italien-de","8":"product_tag-barolo-de","9":"pa_appellation-barolo-docg-de","10":"pa_formato-0-75-l-flasche-de","11":"pa_producer-giuseppe-mascarello-de","12":"pa_region-piemont-de","13":"pa_vine-100-nebbiolo-de","14":"pa_vintage-2018-de","16":"first","17":"instock","18":"taxable","19":"shipping-taxable","20":"purchasable","21":"product-type-simple"},"bundled_by":[],"bundle_stock_status":"instock","bundle_stock_quantity":3,"bundle_virtual":false,"bundle_layout":"","bundle_add_to_cart_form_location":"","bundle_editable_in_cart":false,"bundle_sold_individually_context":"","bundle_item_grouping":"","bundle_min_size":"","bundle_max_size":"","bundle_price":[],"bundled_items":[],"bundle_sell_ids":[],"yoast_head":"<!-- This site is optimized with the Yoast SEO plugin v27.2 - https:\/\/yoast.com\/product\/yoast-seo-wordpress\/ -->\n<title>GIUSEPPE MASCARELLO Perno Vigna Santo Stefano Barolo 2018<\/title>\n<meta name=\"description\" content=\"Buy on line on FonsVinum GIUSEPPE MASCARELLO Perno Vigna Santo Stefano Barolo 2018 Der Weinberg geh\u00f6rt seit 1989 zum Familienbesitz von...\" \/>\n<meta name=\"robots\" content=\"index, follow, max-snippet:-1, max-image-preview:large, max-video-preview:-1\" \/>\n<link rel=\"canonical\" href=\"https:\/\/fonsvinum.com\/de\/produkt\/giuseppe-mascarello-barolo-perno-vigna-santo-stefano-2018\/\" \/>\n<meta property=\"og:locale\" content=\"de_DE\" \/>\n<meta property=\"og:type\" content=\"article\" \/>\n<meta property=\"og:title\" content=\"GIUSEPPE MASCARELLO Perno Vigna Santo Stefano Barolo 2018\" \/>\n<meta property=\"og:description\" content=\"Buy on line on FonsVinum GIUSEPPE MASCARELLO Perno Vigna Santo Stefano Barolo 2018 Der Weinberg geh\u00f6rt seit 1989 zum Familienbesitz von...\" \/>\n<meta property=\"og:url\" content=\"https:\/\/fonsvinum.com\/de\/produkt\/giuseppe-mascarello-barolo-perno-vigna-santo-stefano-2018\/\" \/>\n<meta property=\"og:site_name\" content=\"Fons Vinum\" \/>\n<meta property=\"article:modified_time\" content=\"2025-03-17T15:22:20+00:00\" \/>\n<meta property=\"og:image\" content=\"https:\/\/fonsvinum.com\/files\/2022\/02\/barolo-perno-santo-stefano-mascarello-giuseppe.jpg\" \/>\n\t<meta property=\"og:image:width\" content=\"200\" \/>\n\t<meta property=\"og:image:height\" content=\"600\" \/>\n\t<meta property=\"og:image:type\" content=\"image\/jpeg\" \/>\n<meta name=\"twitter:label1\" content=\"Gesch\u00e4tzte Lesezeit\" \/>\n\t<meta name=\"twitter:data1\" content=\"1\u00a0Minute\" \/>\n<script type=\"application\/ld+json\" class=\"yoast-schema-graph\">{\"@context\":\"https:\/\/schema.org\",\"@graph\":[{\"@type\":\"WebPage\",\"@id\":\"https:\/\/fonsvinum.com\/de\/produkt\/giuseppe-mascarello-barolo-perno-vigna-santo-stefano-2018\/\",\"url\":\"https:\/\/fonsvinum.com\/de\/produkt\/giuseppe-mascarello-barolo-perno-vigna-santo-stefano-2018\/\",\"name\":\"GIUSEPPE MASCARELLO Perno Vigna Santo Stefano Barolo 2018\",\"isPartOf\":{\"@id\":\"https:\/\/fonsvinum.com\/en\/#website\"},\"primaryImageOfPage\":{\"@id\":\"https:\/\/fonsvinum.com\/de\/produkt\/giuseppe-mascarello-barolo-perno-vigna-santo-stefano-2018\/#primaryimage\"},\"image\":{\"@id\":\"https:\/\/fonsvinum.com\/de\/produkt\/giuseppe-mascarello-barolo-perno-vigna-santo-stefano-2018\/#primaryimage\"},\"thumbnailUrl\":\"https:\/\/fonsvinum.com\/files\/2022\/02\/barolo-perno-santo-stefano-mascarello-giuseppe.jpg\",\"datePublished\":\"2025-03-17T15:13:00+00:00\",\"dateModified\":\"2025-03-17T15:22:20+00:00\",\"description\":\"Buy on line on FonsVinum GIUSEPPE MASCARELLO Perno Vigna Santo Stefano Barolo 2018 Der Weinberg geh\u00f6rt seit 1989 zum Familienbesitz von...\",\"breadcrumb\":{\"@id\":\"https:\/\/fonsvinum.com\/de\/produkt\/giuseppe-mascarello-barolo-perno-vigna-santo-stefano-2018\/#breadcrumb\"},\"inLanguage\":\"de\",\"potentialAction\":[{\"@type\":\"ReadAction\",\"target\":[\"https:\/\/fonsvinum.com\/de\/produkt\/giuseppe-mascarello-barolo-perno-vigna-santo-stefano-2018\/\"]}]},{\"@type\":\"ImageObject\",\"inLanguage\":\"de\",\"@id\":\"https:\/\/fonsvinum.com\/de\/produkt\/giuseppe-mascarello-barolo-perno-vigna-santo-stefano-2018\/#primaryimage\",\"url\":\"https:\/\/fonsvinum.com\/files\/2022\/02\/barolo-perno-santo-stefano-mascarello-giuseppe.jpg\",\"contentUrl\":\"https:\/\/fonsvinum.com\/files\/2022\/02\/barolo-perno-santo-stefano-mascarello-giuseppe.jpg\",\"width\":200,\"height\":600},{\"@type\":\"BreadcrumbList\",\"@id\":\"https:\/\/fonsvinum.com\/de\/produkt\/giuseppe-mascarello-barolo-perno-vigna-santo-stefano-2018\/#breadcrumb\",\"itemListElement\":[{\"@type\":\"ListItem\",\"position\":1,\"name\":\"Startseite\",\"item\":\"https:\/\/fonsvinum.com\/de\/\"},{\"@type\":\"ListItem\",\"position\":2,\"name\":\"Shop\",\"item\":\"https:\/\/fonsvinum.com\/de\/shop\/\"},{\"@type\":\"ListItem\",\"position\":3,\"name\":\"GIUSEPPE MASCARELLO Barolo Perno Vigna Santo Stefano 2018\"}]},{\"@type\":\"WebSite\",\"@id\":\"https:\/\/fonsvinum.com\/en\/#website\",\"url\":\"https:\/\/fonsvinum.com\/en\/\",\"name\":\"Fons Vinum\",\"description\":\"Vendita Vino Online\",\"publisher\":{\"@id\":\"https:\/\/fonsvinum.com\/en\/#organization\"},\"potentialAction\":[{\"@type\":\"SearchAction\",\"target\":{\"@type\":\"EntryPoint\",\"urlTemplate\":\"https:\/\/fonsvinum.com\/en\/?s={search_term_string}\"},\"query-input\":{\"@type\":\"PropertyValueSpecification\",\"valueRequired\":true,\"valueName\":\"search_term_string\"}}],\"inLanguage\":\"de\"},{\"@type\":\"Organization\",\"@id\":\"https:\/\/fonsvinum.com\/en\/#organization\",\"name\":\"Fons Vinum\",\"url\":\"https:\/\/fonsvinum.com\/en\/\",\"logo\":{\"@type\":\"ImageObject\",\"inLanguage\":\"de\",\"@id\":\"https:\/\/fonsvinum.com\/en\/#\/schema\/logo\/image\/\",\"url\":\"\",\"contentUrl\":\"\",\"caption\":\"Fons Vinum\"},\"image\":{\"@id\":\"https:\/\/fonsvinum.com\/en\/#\/schema\/logo\/image\/\"}}]}<\/script>\n<!-- \/ Yoast SEO plugin. -->","yoast_head_json":{"title":"GIUSEPPE MASCARELLO Perno Vigna Santo Stefano Barolo 2018","description":"Buy on line on FonsVinum GIUSEPPE MASCARELLO Perno Vigna Santo Stefano Barolo 2018 Der Weinberg geh\u00f6rt seit 1989 zum Familienbesitz von...","robots":{"index":"index","follow":"follow","max-snippet":"max-snippet:-1","max-image-preview":"max-image-preview:large","max-video-preview":"max-video-preview:-1"},"canonical":"https:\/\/fonsvinum.com\/de\/produkt\/giuseppe-mascarello-barolo-perno-vigna-santo-stefano-2018\/","og_locale":"de_DE","og_type":"article","og_title":"GIUSEPPE MASCARELLO Perno Vigna Santo Stefano Barolo 2018","og_description":"Buy on line on FonsVinum GIUSEPPE MASCARELLO Perno Vigna Santo Stefano Barolo 2018 Der Weinberg geh\u00f6rt seit 1989 zum Familienbesitz von...","og_url":"https:\/\/fonsvinum.com\/de\/produkt\/giuseppe-mascarello-barolo-perno-vigna-santo-stefano-2018\/","og_site_name":"Fons Vinum","article_modified_time":"2025-03-17T15:22:20+00:00","og_image":[{"width":200,"height":600,"url":"https:\/\/fonsvinum.com\/files\/2022\/02\/barolo-perno-santo-stefano-mascarello-giuseppe.jpg","type":"image\/jpeg"}],"twitter_misc":{"Gesch\u00e4tzte Lesezeit":"1\u00a0Minute"},"schema":{"@context":"https:\/\/schema.org","@graph":[{"@type":"WebPage","@id":"https:\/\/fonsvinum.com\/de\/produkt\/giuseppe-mascarello-barolo-perno-vigna-santo-stefano-2018\/","url":"https:\/\/fonsvinum.com\/de\/produkt\/giuseppe-mascarello-barolo-perno-vigna-santo-stefano-2018\/","name":"GIUSEPPE MASCARELLO Perno Vigna Santo Stefano Barolo 2018","isPartOf":{"@id":"https:\/\/fonsvinum.com\/en\/#website"},"primaryImageOfPage":{"@id":"https:\/\/fonsvinum.com\/de\/produkt\/giuseppe-mascarello-barolo-perno-vigna-santo-stefano-2018\/#primaryimage"},"image":{"@id":"https:\/\/fonsvinum.com\/de\/produkt\/giuseppe-mascarello-barolo-perno-vigna-santo-stefano-2018\/#primaryimage"},"thumbnailUrl":"https:\/\/fonsvinum.com\/files\/2022\/02\/barolo-perno-santo-stefano-mascarello-giuseppe.jpg","datePublished":"2025-03-17T15:13:00+00:00","dateModified":"2025-03-17T15:22:20+00:00","description":"Buy on line on FonsVinum GIUSEPPE MASCARELLO Perno Vigna Santo Stefano Barolo 2018 Der Weinberg geh\u00f6rt seit 1989 zum Familienbesitz von...","breadcrumb":{"@id":"https:\/\/fonsvinum.com\/de\/produkt\/giuseppe-mascarello-barolo-perno-vigna-santo-stefano-2018\/#breadcrumb"},"inLanguage":"de","potentialAction":[{"@type":"ReadAction","target":["https:\/\/fonsvinum.com\/de\/produkt\/giuseppe-mascarello-barolo-perno-vigna-santo-stefano-2018\/"]}]},{"@type":"ImageObject","inLanguage":"de","@id":"https:\/\/fonsvinum.com\/de\/produkt\/giuseppe-mascarello-barolo-perno-vigna-santo-stefano-2018\/#primaryimage","url":"https:\/\/fonsvinum.com\/files\/2022\/02\/barolo-perno-santo-stefano-mascarello-giuseppe.jpg","contentUrl":"https:\/\/fonsvinum.com\/files\/2022\/02\/barolo-perno-santo-stefano-mascarello-giuseppe.jpg","width":200,"height":600},{"@type":"BreadcrumbList","@id":"https:\/\/fonsvinum.com\/de\/produkt\/giuseppe-mascarello-barolo-perno-vigna-santo-stefano-2018\/#breadcrumb","itemListElement":[{"@type":"ListItem","position":1,"name":"Startseite","item":"https:\/\/fonsvinum.com\/de\/"},{"@type":"ListItem","position":2,"name":"Shop","item":"https:\/\/fonsvinum.com\/de\/shop\/"},{"@type":"ListItem","position":3,"name":"GIUSEPPE MASCARELLO Barolo Perno Vigna Santo Stefano 2018"}]},{"@type":"WebSite","@id":"https:\/\/fonsvinum.com\/en\/#website","url":"https:\/\/fonsvinum.com\/en\/","name":"Fons Vinum","description":"Vendita Vino Online","publisher":{"@id":"https:\/\/fonsvinum.com\/en\/#organization"},"potentialAction":[{"@type":"SearchAction","target":{"@type":"EntryPoint","urlTemplate":"https:\/\/fonsvinum.com\/en\/?s={search_term_string}"},"query-input":{"@type":"PropertyValueSpecification","valueRequired":true,"valueName":"search_term_string"}}],"inLanguage":"de"},{"@type":"Organization","@id":"https:\/\/fonsvinum.com\/en\/#organization","name":"Fons Vinum","url":"https:\/\/fonsvinum.com\/en\/","logo":{"@type":"ImageObject","inLanguage":"de","@id":"https:\/\/fonsvinum.com\/en\/#\/schema\/logo\/image\/","url":"","contentUrl":"","caption":"Fons Vinum"},"image":{"@id":"https:\/\/fonsvinum.com\/en\/#\/schema\/logo\/image\/"}}]}},"acf":[],"_links":{"self":[{"href":"https:\/\/fonsvinum.com\/de\/wp-json\/wp\/v2\/product\/45568","targetHints":{"allow":["GET"]}}],"collection":[{"href":"https:\/\/fonsvinum.com\/de\/wp-json\/wp\/v2\/product"}],"about":[{"href":"https:\/\/fonsvinum.com\/de\/wp-json\/wp\/v2\/types\/product"}],"replies":[{"embeddable":true,"href":"https:\/\/fonsvinum.com\/de\/wp-json\/wp\/v2\/comments?post=45568"}],"wp:featuredmedia":[{"embeddable":true,"href":"https:\/\/fonsvinum.com\/de\/wp-json\/wp\/v2\/media\/36754"}],"wp:attachment":[{"href":"https:\/\/fonsvinum.com\/de\/wp-json\/wp\/v2\/media?parent=45568"}],"wp:term":[{"taxonomy":"product_brand","embeddable":true,"href":"https:\/\/fonsvinum.com\/de\/wp-json\/wp\/v2\/product_brand?post=45568"},{"taxonomy":"product_cat","embeddable":true,"href":"https:\/\/fonsvinum.com\/de\/wp-json\/wp\/v2\/product_cat?post=45568"},{"taxonomy":"product_tag","embeddable":true,"href":"https:\/\/fonsvinum.com\/de\/wp-json\/wp\/v2\/product_tag?post=45568"}],"curies":[{"name":"wp","href":"https:\/\/api.w.org\/{rel}","templated":true}]}}