{"id":45408,"date":"2025-02-20T12:07:08","date_gmt":"2025-02-20T11:07:08","guid":{"rendered":"https:\/\/fonsvinum.com\/?post_type=product&#038;p=45408"},"modified":"2026-04-21T11:32:49","modified_gmt":"2026-04-21T09:32:49","slug":"zenato-amarone-della-valpolicella-2019","status":"publish","type":"product","link":"https:\/\/fonsvinum.com\/de\/produkt\/zenato-amarone-della-valpolicella-2019\/","title":{"rendered":"ZENATO Amarone della Valpolicella 2019"},"content":{"rendered":"<h2>ZENATO Amarone della Valpolicella Classico 2019<\/h2>\n<p>ZENATO <a href=\"https:\/\/www.shopinlanghe.com\/sellers?render_type=sellerview&amp;id_seller=5\">Amarone<\/a> della Valpolicella classico 2019 <\/p>\n<h2><a href=\"https:\/\/fonsvinum.com\/de\/attributes\/producer\/zenato-de\/\">SERGIO ZENATO<\/a><\/h2>\n<p>Das Weingut Zenato stellt <strong>eine bedeutende Gr\u00f6\u00dfe in der Region des Gardasees und der Valpolicella<\/strong> dar: 70 Hektar in den besten Weinlagen Venetiens erm\u00f6glichen es Zenato, Flaschen von einzigartiger Qualit\u00e4t zu produzieren. Dieser pr\u00e4chtige Betrieb entstand 1960 aus der Leidenschaft und dem Unternehmergeist von Sergio Zenato und wird heute mit einem starken Sinn f\u00fcr famili\u00e4re Kontinuit\u00e4t und territoriale Verbundenheit von seinen Kindern Alberto und Nadio, unterst\u00fctzt von ihrer Mutter Carla, gef\u00fchrt. <\/p>\n<p>Die Mission des Weinguts Zenato war schon immer die <strong>Erzeugung von<\/strong> <strong>hochwertigen Weinen<\/strong>, die durch die Aufwertung einheimischer Rebsorten, den Respekt vor Traditionen und den Einsatz moderner Weinbautechniken erreicht wird. Der Besitz des Weinguts sowie die Produktion verteilen sich gleicherma\u00dfen auf das antike Mor\u00e4nenland von Lugana und die Valpolicella, wo die Familie Zenato der Vereinigung \u201eFamiglie dell&#8217;Amarone d&#8217;Arte\u201c beigetreten ist. Der Keller in Peschiera del Garda beherbergt \u00fcber tausend Barriques und Dutzende von gro\u00dfen Eichenf\u00e4ssern.  <\/p>\n<p>Der Erfolg und das Ansehen, das der Name Zenato in Italien und weltweit genie\u00dft, best\u00e4tigen, dass die Familie stets den richtigen Weg eingeschlagen hat, indem sie <strong>auf die<\/strong> <strong>Territorialit\u00e4t und einen modernen, eleganten Stil setzte<\/strong>. Heute kann Zenato auf ein sehr breites Weinsortiment blicken, aus dem der Amarone Classico und der Amarone Riserva \u201eSergio Zenato\u201c hervorstechen \u2013 ein Wein, der ein majest\u00e4tisches und prachtvolles Denkmal f\u00fcr den Gr\u00fcnder ist. <\/p>\n<h2><a href=\"https:\/\/fonsvinum.com\/de\/attributes\/producer\/zenato-de\/\">AMARONE <\/a>DELLA VALPOLICELLA<\/h2>\n<p>Ein kostbares Juwel der Zenato-Produktion; er entsteht aus der Auswahl der besten Trauben der Valpolicella Classica (Corvina, Rondinella, Oseleta und Croatina), die in den Weinbergen der Gemeinde Sant\u2019Ambrogio angebaut werden.<\/p>\n<p>Die Trauben werden 4 Monate lang getrocknet, und erst im Januar beginnt das Keltern, gefolgt von einer langsamen G\u00e4rung auf den Schalen und einer anschlie\u00dfenden 36-monatigen Reifung in gro\u00dfen F\u00e4ssern aus slawonischer Eiche.<\/p>\n<p>Nach einer Zeit der Flaschenreifung ist er bereit, genossen zu werden.<\/p>\n<p>Ein majest\u00e4tischer, intensiver und \u00e4therischer Wein mit Noten von Lorbeer und in Alkohol eingelegten Kirschen.<\/p>\n<p>Das extreme Gleichgewicht all seiner Komponenten macht ihn f\u00fcr eine lange Lagerung geeignet.<\/p>\n<h3>Verkostungsnotizen<\/h3>\n<ul>\n<li><strong>Farbe:<\/strong> sehr intensives Rubinrot<\/li>\n<li><strong>Bouquet:<\/strong> Aromen von reifen Kirschen, fast wie in Alkohol eingelegt, Kaffee und Kakao<\/li>\n<li><strong>Geschmack:<\/strong> weich und einh\u00fcllend, herzhaft und warm<\/li>\n<\/ul>\n<p>&nbsp;<\/p>\n","protected":false},"excerpt":{"rendered":"<p>ZENATO Amarone della Valpolicella Classico 2019 ZENATO Amarone della Valpolicella classico 2019 SERGIO ZENATO Das Weingut Zenato stellt eine bedeutende Gr\u00f6\u00dfe in der Region des Gardasees und der Valpolicella dar: 70 Hektar in den besten Weinlagen Venetiens erm\u00f6glichen es Zenato, Flaschen von einzigartiger Qualit\u00e4t zu produzieren. Dieser pr\u00e4chtige Betrieb entstand 1960 aus der Leidenschaft und [&hellip;]<\/p>\n","protected":false},"featured_media":35246,"comment_status":"open","ping_status":"closed","template":"","meta":{"_acf_changed":false,"_monsterinsights_skip_tracking":false,"_monsterinsights_sitenote_active":false,"_monsterinsights_sitenote_note":"","_monsterinsights_sitenote_category":0},"product_brand":[],"product_cat":[2336],"product_tag":[15861,15959],"class_list":{"0":"post-45408","1":"product","2":"type-product","3":"status-publish","4":"has-post-thumbnail","6":"product_cat-amarone-de","7":"product_tag-amarone-de","8":"product_tag-vino-rosso-de","9":"pa_appellation-amarone-della-valpolicella-docg-de","10":"pa_formato-0-75-l-flasche-de","11":"pa_producer-zenato-de","12":"pa_region-venetien-de","13":"pa_vine-80-corvina-10-rondinella-10-oseleta-e-croatina-de","14":"pa_vintage-2019-de","16":"first","17":"instock","18":"taxable","19":"shipping-taxable","20":"purchasable","21":"product-type-simple"},"bundled_by":[],"bundle_stock_status":"instock","bundle_stock_quantity":4,"bundle_virtual":false,"bundle_layout":"","bundle_add_to_cart_form_location":"","bundle_editable_in_cart":false,"bundle_sold_individually_context":"","bundle_item_grouping":"","bundle_min_size":"","bundle_max_size":"","bundle_price":[],"bundled_items":[],"bundle_sell_ids":[29846,27966,35238],"yoast_head":"<!-- This site is optimized with the Yoast SEO plugin v27.3 - https:\/\/yoast.com\/product\/yoast-seo-wordpress\/ -->\n<title>ZENATO Amarone della Valpolicella 2019 online kaufen<\/title>\n<meta name=\"description\" content=\"Kaufen Sie ZENATO Amarone della Valpolicella 2019 online bei FonsVinum \u2013 ein Wein voller Leidenschaft, der jeden Genie\u00dfer \u00fcberrascht\" \/>\n<meta name=\"robots\" content=\"index, follow, max-snippet:-1, max-image-preview:large, max-video-preview:-1\" \/>\n<link rel=\"canonical\" href=\"https:\/\/fonsvinum.com\/de\/produkt\/zenato-amarone-della-valpolicella-2019\/\" \/>\n<meta property=\"og:locale\" content=\"de_DE\" \/>\n<meta property=\"og:type\" content=\"article\" \/>\n<meta property=\"og:title\" content=\"ZENATO Amarone della Valpolicella 2019 online kaufen\" \/>\n<meta property=\"og:description\" content=\"Kaufen Sie ZENATO Amarone della Valpolicella 2019 online bei FonsVinum \u2013 ein Wein voller Leidenschaft, der jeden Genie\u00dfer \u00fcberrascht\" \/>\n<meta property=\"og:url\" content=\"https:\/\/fonsvinum.com\/de\/produkt\/zenato-amarone-della-valpolicella-2019\/\" \/>\n<meta property=\"og:site_name\" content=\"Fons Vinum\" \/>\n<meta property=\"article:modified_time\" content=\"2026-04-21T09:32:49+00:00\" \/>\n<meta property=\"og:image\" content=\"https:\/\/fonsvinum.com\/files\/2021\/10\/amarone-della-valpolicella-classico-zenato.jpg\" \/>\n\t<meta property=\"og:image:width\" content=\"200\" \/>\n\t<meta property=\"og:image:height\" content=\"600\" \/>\n\t<meta property=\"og:image:type\" content=\"image\/jpeg\" \/>\n<meta name=\"twitter:label1\" content=\"Gesch\u00e4tzte Lesezeit\" \/>\n\t<meta name=\"twitter:data1\" content=\"1\u00a0Minute\" \/>\n<script type=\"application\/ld+json\" class=\"yoast-schema-graph\">{\"@context\":\"https:\\\/\\\/schema.org\",\"@graph\":[{\"@type\":\"WebPage\",\"@id\":\"https:\\\/\\\/fonsvinum.com\\\/de\\\/produkt\\\/zenato-amarone-della-valpolicella-2019\\\/\",\"url\":\"https:\\\/\\\/fonsvinum.com\\\/de\\\/produkt\\\/zenato-amarone-della-valpolicella-2019\\\/\",\"name\":\"ZENATO Amarone della Valpolicella 2019 online kaufen\",\"isPartOf\":{\"@id\":\"https:\\\/\\\/fonsvinum.com\\\/en\\\/#website\"},\"primaryImageOfPage\":{\"@id\":\"https:\\\/\\\/fonsvinum.com\\\/de\\\/produkt\\\/zenato-amarone-della-valpolicella-2019\\\/#primaryimage\"},\"image\":{\"@id\":\"https:\\\/\\\/fonsvinum.com\\\/de\\\/produkt\\\/zenato-amarone-della-valpolicella-2019\\\/#primaryimage\"},\"thumbnailUrl\":\"https:\\\/\\\/fonsvinum.com\\\/files\\\/2021\\\/10\\\/amarone-della-valpolicella-classico-zenato.jpg\",\"datePublished\":\"2025-02-20T11:07:08+00:00\",\"dateModified\":\"2026-04-21T09:32:49+00:00\",\"description\":\"Kaufen Sie ZENATO Amarone della Valpolicella 2019 online bei FonsVinum \u2013 ein Wein voller Leidenschaft, der jeden Genie\u00dfer \u00fcberrascht\",\"breadcrumb\":{\"@id\":\"https:\\\/\\\/fonsvinum.com\\\/de\\\/produkt\\\/zenato-amarone-della-valpolicella-2019\\\/#breadcrumb\"},\"inLanguage\":\"de\",\"potentialAction\":[{\"@type\":\"ReadAction\",\"target\":[\"https:\\\/\\\/fonsvinum.com\\\/de\\\/produkt\\\/zenato-amarone-della-valpolicella-2019\\\/\"]}]},{\"@type\":\"ImageObject\",\"inLanguage\":\"de\",\"@id\":\"https:\\\/\\\/fonsvinum.com\\\/de\\\/produkt\\\/zenato-amarone-della-valpolicella-2019\\\/#primaryimage\",\"url\":\"https:\\\/\\\/fonsvinum.com\\\/files\\\/2021\\\/10\\\/amarone-della-valpolicella-classico-zenato.jpg\",\"contentUrl\":\"https:\\\/\\\/fonsvinum.com\\\/files\\\/2021\\\/10\\\/amarone-della-valpolicella-classico-zenato.jpg\",\"width\":200,\"height\":600},{\"@type\":\"BreadcrumbList\",\"@id\":\"https:\\\/\\\/fonsvinum.com\\\/de\\\/produkt\\\/zenato-amarone-della-valpolicella-2019\\\/#breadcrumb\",\"itemListElement\":[{\"@type\":\"ListItem\",\"position\":1,\"name\":\"Startseite\",\"item\":\"https:\\\/\\\/fonsvinum.com\\\/de\\\/\"},{\"@type\":\"ListItem\",\"position\":2,\"name\":\"Shop\",\"item\":\"https:\\\/\\\/fonsvinum.com\\\/de\\\/shop\\\/\"},{\"@type\":\"ListItem\",\"position\":3,\"name\":\"ZENATO Amarone della Valpolicella 2019\"}]},{\"@type\":\"WebSite\",\"@id\":\"https:\\\/\\\/fonsvinum.com\\\/en\\\/#website\",\"url\":\"https:\\\/\\\/fonsvinum.com\\\/en\\\/\",\"name\":\"Fons Vinum\",\"description\":\"Vendita Vino Online\",\"publisher\":{\"@id\":\"https:\\\/\\\/fonsvinum.com\\\/en\\\/#organization\"},\"potentialAction\":[{\"@type\":\"SearchAction\",\"target\":{\"@type\":\"EntryPoint\",\"urlTemplate\":\"https:\\\/\\\/fonsvinum.com\\\/en\\\/?s={search_term_string}\"},\"query-input\":{\"@type\":\"PropertyValueSpecification\",\"valueRequired\":true,\"valueName\":\"search_term_string\"}}],\"inLanguage\":\"de\"},{\"@type\":\"Organization\",\"@id\":\"https:\\\/\\\/fonsvinum.com\\\/en\\\/#organization\",\"name\":\"Fons Vinum\",\"url\":\"https:\\\/\\\/fonsvinum.com\\\/en\\\/\",\"logo\":{\"@type\":\"ImageObject\",\"inLanguage\":\"de\",\"@id\":\"https:\\\/\\\/fonsvinum.com\\\/en\\\/#\\\/schema\\\/logo\\\/image\\\/\",\"url\":\"\",\"contentUrl\":\"\",\"caption\":\"Fons Vinum\"},\"image\":{\"@id\":\"https:\\\/\\\/fonsvinum.com\\\/en\\\/#\\\/schema\\\/logo\\\/image\\\/\"}}]}<\/script>\n<!-- \/ Yoast SEO plugin. -->","yoast_head_json":{"title":"ZENATO Amarone della Valpolicella 2019 online kaufen","description":"Kaufen Sie ZENATO Amarone della Valpolicella 2019 online bei FonsVinum \u2013 ein Wein voller Leidenschaft, der jeden Genie\u00dfer \u00fcberrascht","robots":{"index":"index","follow":"follow","max-snippet":"max-snippet:-1","max-image-preview":"max-image-preview:large","max-video-preview":"max-video-preview:-1"},"canonical":"https:\/\/fonsvinum.com\/de\/produkt\/zenato-amarone-della-valpolicella-2019\/","og_locale":"de_DE","og_type":"article","og_title":"ZENATO Amarone della Valpolicella 2019 online kaufen","og_description":"Kaufen Sie ZENATO Amarone della Valpolicella 2019 online bei FonsVinum \u2013 ein Wein voller Leidenschaft, der jeden Genie\u00dfer \u00fcberrascht","og_url":"https:\/\/fonsvinum.com\/de\/produkt\/zenato-amarone-della-valpolicella-2019\/","og_site_name":"Fons Vinum","article_modified_time":"2026-04-21T09:32:49+00:00","og_image":[{"width":200,"height":600,"url":"https:\/\/fonsvinum.com\/files\/2021\/10\/amarone-della-valpolicella-classico-zenato.jpg","type":"image\/jpeg"}],"twitter_misc":{"Gesch\u00e4tzte Lesezeit":"1\u00a0Minute"},"schema":{"@context":"https:\/\/schema.org","@graph":[{"@type":"WebPage","@id":"https:\/\/fonsvinum.com\/de\/produkt\/zenato-amarone-della-valpolicella-2019\/","url":"https:\/\/fonsvinum.com\/de\/produkt\/zenato-amarone-della-valpolicella-2019\/","name":"ZENATO Amarone della Valpolicella 2019 online kaufen","isPartOf":{"@id":"https:\/\/fonsvinum.com\/en\/#website"},"primaryImageOfPage":{"@id":"https:\/\/fonsvinum.com\/de\/produkt\/zenato-amarone-della-valpolicella-2019\/#primaryimage"},"image":{"@id":"https:\/\/fonsvinum.com\/de\/produkt\/zenato-amarone-della-valpolicella-2019\/#primaryimage"},"thumbnailUrl":"https:\/\/fonsvinum.com\/files\/2021\/10\/amarone-della-valpolicella-classico-zenato.jpg","datePublished":"2025-02-20T11:07:08+00:00","dateModified":"2026-04-21T09:32:49+00:00","description":"Kaufen Sie ZENATO Amarone della Valpolicella 2019 online bei FonsVinum \u2013 ein Wein voller Leidenschaft, der jeden Genie\u00dfer \u00fcberrascht","breadcrumb":{"@id":"https:\/\/fonsvinum.com\/de\/produkt\/zenato-amarone-della-valpolicella-2019\/#breadcrumb"},"inLanguage":"de","potentialAction":[{"@type":"ReadAction","target":["https:\/\/fonsvinum.com\/de\/produkt\/zenato-amarone-della-valpolicella-2019\/"]}]},{"@type":"ImageObject","inLanguage":"de","@id":"https:\/\/fonsvinum.com\/de\/produkt\/zenato-amarone-della-valpolicella-2019\/#primaryimage","url":"https:\/\/fonsvinum.com\/files\/2021\/10\/amarone-della-valpolicella-classico-zenato.jpg","contentUrl":"https:\/\/fonsvinum.com\/files\/2021\/10\/amarone-della-valpolicella-classico-zenato.jpg","width":200,"height":600},{"@type":"BreadcrumbList","@id":"https:\/\/fonsvinum.com\/de\/produkt\/zenato-amarone-della-valpolicella-2019\/#breadcrumb","itemListElement":[{"@type":"ListItem","position":1,"name":"Startseite","item":"https:\/\/fonsvinum.com\/de\/"},{"@type":"ListItem","position":2,"name":"Shop","item":"https:\/\/fonsvinum.com\/de\/shop\/"},{"@type":"ListItem","position":3,"name":"ZENATO Amarone della Valpolicella 2019"}]},{"@type":"WebSite","@id":"https:\/\/fonsvinum.com\/en\/#website","url":"https:\/\/fonsvinum.com\/en\/","name":"Fons Vinum","description":"Vendita Vino Online","publisher":{"@id":"https:\/\/fonsvinum.com\/en\/#organization"},"potentialAction":[{"@type":"SearchAction","target":{"@type":"EntryPoint","urlTemplate":"https:\/\/fonsvinum.com\/en\/?s={search_term_string}"},"query-input":{"@type":"PropertyValueSpecification","valueRequired":true,"valueName":"search_term_string"}}],"inLanguage":"de"},{"@type":"Organization","@id":"https:\/\/fonsvinum.com\/en\/#organization","name":"Fons Vinum","url":"https:\/\/fonsvinum.com\/en\/","logo":{"@type":"ImageObject","inLanguage":"de","@id":"https:\/\/fonsvinum.com\/en\/#\/schema\/logo\/image\/","url":"","contentUrl":"","caption":"Fons Vinum"},"image":{"@id":"https:\/\/fonsvinum.com\/en\/#\/schema\/logo\/image\/"}}]}},"acf":[],"_links":{"self":[{"href":"https:\/\/fonsvinum.com\/de\/wp-json\/wp\/v2\/product\/45408","targetHints":{"allow":["GET"]}}],"collection":[{"href":"https:\/\/fonsvinum.com\/de\/wp-json\/wp\/v2\/product"}],"about":[{"href":"https:\/\/fonsvinum.com\/de\/wp-json\/wp\/v2\/types\/product"}],"replies":[{"embeddable":true,"href":"https:\/\/fonsvinum.com\/de\/wp-json\/wp\/v2\/comments?post=45408"}],"wp:featuredmedia":[{"embeddable":true,"href":"https:\/\/fonsvinum.com\/de\/wp-json\/wp\/v2\/media\/35246"}],"wp:attachment":[{"href":"https:\/\/fonsvinum.com\/de\/wp-json\/wp\/v2\/media?parent=45408"}],"wp:term":[{"taxonomy":"product_brand","embeddable":true,"href":"https:\/\/fonsvinum.com\/de\/wp-json\/wp\/v2\/product_brand?post=45408"},{"taxonomy":"product_cat","embeddable":true,"href":"https:\/\/fonsvinum.com\/de\/wp-json\/wp\/v2\/product_cat?post=45408"},{"taxonomy":"product_tag","embeddable":true,"href":"https:\/\/fonsvinum.com\/de\/wp-json\/wp\/v2\/product_tag?post=45408"}],"curies":[{"name":"wp","href":"https:\/\/api.w.org\/{rel}","templated":true}]}}