{"id":45384,"date":"2025-02-19T17:01:40","date_gmt":"2025-02-19T16:01:40","guid":{"rendered":"https:\/\/fonsvinum.com\/?post_type=product&#038;p=45384"},"modified":"2025-02-19T17:09:11","modified_gmt":"2025-02-19T16:09:11","slug":"la-spinetta-valeirano-barbaresco-2021","status":"publish","type":"product","link":"https:\/\/fonsvinum.com\/de\/produkt\/la-spinetta-valeirano-barbaresco-2021\/","title":{"rendered":"LA SPINETTA Valeirano Barbaresco 2021"},"content":{"rendered":"<h3>LA SPINETTA Valeirano Barbaresco 2021<\/h3>\n<p>Rebsorte: 100 % Nebbiolo.<\/p>\n<p>Ab dem Jahrgang 1997 gibt es die Cru-Lagen Barbaresco Valeirano. Hier handelt es sich um die vielleicht beste Barbaresco Lage \u00fcberhaupt.\u00a0Die Lage Valeirano befindet sich bei Treiso<\/p>\n<p>Der Barbaresco Valeirano zeigt eine nie dagewesene Tiefe, Komplexit\u00e4t und Finesse<\/p>\n<p>Duft: reich und intensiv. Vanille, Kokosnuss und Backpflaumen. Sollte dekantiert werden.<\/p>\n<p>Geschmack: gro\u00dfartige Struktur, rassige S\u00e4ure, weiche und s\u00fc\u00dfe Tannine, sehr fruchtig.<\/p>\n","protected":false},"excerpt":{"rendered":"<p>LA SPINETTA Valeirano Barbaresco 2021 Rebsorte: 100 % Nebbiolo. Ab dem Jahrgang 1997 gibt es die Cru-Lagen Barbaresco Valeirano. Hier handelt es sich um die vielleicht beste Barbaresco Lage \u00fcberhaupt.\u00a0Die Lage Valeirano befindet sich bei Treiso Der Barbaresco Valeirano zeigt eine nie dagewesene Tiefe, Komplexit\u00e4t und Finesse Duft: reich und intensiv. Vanille, Kokosnuss und Backpflaumen. [&hellip;]<\/p>\n","protected":false},"featured_media":33491,"comment_status":"open","ping_status":"closed","template":"","meta":{"_acf_changed":false,"_monsterinsights_skip_tracking":false,"_monsterinsights_sitenote_active":false,"_monsterinsights_sitenote_note":"","_monsterinsights_sitenote_category":0},"product_brand":[],"product_cat":[1773],"product_tag":[15895,15893,15959],"class_list":{"0":"post-45384","1":"product","2":"type-product","3":"status-publish","4":"has-post-thumbnail","6":"product_cat-barbaresco-de","7":"product_tag-barbaresco-de-2","8":"product_tag-piemonte-de","9":"product_tag-vino-rosso-de","10":"pa_appellation-barbaresco-docg-de","11":"pa_formato-0-75-l-flasche-de","12":"pa_producer-la-spinetta-de","13":"pa_region-piemont-de","14":"pa_vine-100-nebbiolo-de","15":"pa_vintage-18393","17":"first","18":"instock","19":"taxable","20":"shipping-taxable","21":"purchasable","22":"product-type-simple"},"bundled_by":[],"bundle_stock_status":"instock","bundle_stock_quantity":3,"bundle_virtual":false,"bundle_layout":"","bundle_add_to_cart_form_location":"","bundle_editable_in_cart":false,"bundle_sold_individually_context":"","bundle_item_grouping":"","bundle_min_size":"","bundle_max_size":"","bundle_price":[],"bundled_items":[],"bundle_sell_ids":[],"yoast_head":"<!-- This site is optimized with the Yoast SEO plugin v27.2 - https:\/\/yoast.com\/product\/yoast-seo-wordpress\/ -->\n<title>LA SPINETTA Valeirano Barbaresco 2021 Fons Vinum<\/title>\n<meta name=\"description\" content=\"LA SPINETTA Valeirano Barbaresco 2021 Ab dem Jahrgang 1997 gibt es die Cru-Lagen Barbaresco Valeirano. Hier handelt es sich um die vielleicht\" \/>\n<meta name=\"robots\" content=\"index, follow, max-snippet:-1, max-image-preview:large, max-video-preview:-1\" \/>\n<link rel=\"canonical\" href=\"https:\/\/fonsvinum.com\/de\/produkt\/la-spinetta-valeirano-barbaresco-2021\/\" \/>\n<meta property=\"og:locale\" content=\"de_DE\" \/>\n<meta property=\"og:type\" content=\"article\" \/>\n<meta property=\"og:title\" content=\"LA SPINETTA Valeirano Barbaresco 2021 Fons Vinum\" \/>\n<meta property=\"og:description\" content=\"LA SPINETTA Valeirano Barbaresco 2021 Ab dem Jahrgang 1997 gibt es die Cru-Lagen Barbaresco Valeirano. Hier handelt es sich um die vielleicht\" \/>\n<meta property=\"og:url\" content=\"https:\/\/fonsvinum.com\/de\/produkt\/la-spinetta-valeirano-barbaresco-2021\/\" \/>\n<meta property=\"og:site_name\" content=\"Fons Vinum\" \/>\n<meta property=\"article:modified_time\" content=\"2025-02-19T16:09:11+00:00\" \/>\n<meta property=\"og:image\" content=\"https:\/\/fonsvinum.com\/files\/2021\/06\/barbaresco-valeirano-la-spinetta.jpg\" \/>\n\t<meta property=\"og:image:width\" content=\"200\" \/>\n\t<meta property=\"og:image:height\" content=\"600\" \/>\n\t<meta property=\"og:image:type\" content=\"image\/jpeg\" \/>\n<meta name=\"twitter:label1\" content=\"Gesch\u00e4tzte Lesezeit\" \/>\n\t<meta name=\"twitter:data1\" content=\"1\u00a0Minute\" \/>\n<script type=\"application\/ld+json\" class=\"yoast-schema-graph\">{\"@context\":\"https:\/\/schema.org\",\"@graph\":[{\"@type\":\"WebPage\",\"@id\":\"https:\/\/fonsvinum.com\/de\/produkt\/la-spinetta-valeirano-barbaresco-2021\/\",\"url\":\"https:\/\/fonsvinum.com\/de\/produkt\/la-spinetta-valeirano-barbaresco-2021\/\",\"name\":\"LA SPINETTA Valeirano Barbaresco 2021 Fons Vinum\",\"isPartOf\":{\"@id\":\"https:\/\/fonsvinum.com\/en\/#website\"},\"primaryImageOfPage\":{\"@id\":\"https:\/\/fonsvinum.com\/de\/produkt\/la-spinetta-valeirano-barbaresco-2021\/#primaryimage\"},\"image\":{\"@id\":\"https:\/\/fonsvinum.com\/de\/produkt\/la-spinetta-valeirano-barbaresco-2021\/#primaryimage\"},\"thumbnailUrl\":\"https:\/\/fonsvinum.com\/files\/2021\/06\/barbaresco-valeirano-la-spinetta.jpg\",\"datePublished\":\"2025-02-19T16:01:40+00:00\",\"dateModified\":\"2025-02-19T16:09:11+00:00\",\"description\":\"LA SPINETTA Valeirano Barbaresco 2021 Ab dem Jahrgang 1997 gibt es die Cru-Lagen Barbaresco Valeirano. Hier handelt es sich um die vielleicht\",\"breadcrumb\":{\"@id\":\"https:\/\/fonsvinum.com\/de\/produkt\/la-spinetta-valeirano-barbaresco-2021\/#breadcrumb\"},\"inLanguage\":\"de\",\"potentialAction\":[{\"@type\":\"ReadAction\",\"target\":[\"https:\/\/fonsvinum.com\/de\/produkt\/la-spinetta-valeirano-barbaresco-2021\/\"]}]},{\"@type\":\"ImageObject\",\"inLanguage\":\"de\",\"@id\":\"https:\/\/fonsvinum.com\/de\/produkt\/la-spinetta-valeirano-barbaresco-2021\/#primaryimage\",\"url\":\"https:\/\/fonsvinum.com\/files\/2021\/06\/barbaresco-valeirano-la-spinetta.jpg\",\"contentUrl\":\"https:\/\/fonsvinum.com\/files\/2021\/06\/barbaresco-valeirano-la-spinetta.jpg\",\"width\":200,\"height\":600},{\"@type\":\"BreadcrumbList\",\"@id\":\"https:\/\/fonsvinum.com\/de\/produkt\/la-spinetta-valeirano-barbaresco-2021\/#breadcrumb\",\"itemListElement\":[{\"@type\":\"ListItem\",\"position\":1,\"name\":\"Startseite\",\"item\":\"https:\/\/fonsvinum.com\/de\/\"},{\"@type\":\"ListItem\",\"position\":2,\"name\":\"Shop\",\"item\":\"https:\/\/fonsvinum.com\/de\/shop\/\"},{\"@type\":\"ListItem\",\"position\":3,\"name\":\"LA SPINETTA Valeirano Barbaresco 2021\"}]},{\"@type\":\"WebSite\",\"@id\":\"https:\/\/fonsvinum.com\/en\/#website\",\"url\":\"https:\/\/fonsvinum.com\/en\/\",\"name\":\"Fons Vinum\",\"description\":\"Vendita Vino Online\",\"publisher\":{\"@id\":\"https:\/\/fonsvinum.com\/en\/#organization\"},\"potentialAction\":[{\"@type\":\"SearchAction\",\"target\":{\"@type\":\"EntryPoint\",\"urlTemplate\":\"https:\/\/fonsvinum.com\/en\/?s={search_term_string}\"},\"query-input\":{\"@type\":\"PropertyValueSpecification\",\"valueRequired\":true,\"valueName\":\"search_term_string\"}}],\"inLanguage\":\"de\"},{\"@type\":\"Organization\",\"@id\":\"https:\/\/fonsvinum.com\/en\/#organization\",\"name\":\"Fons Vinum\",\"url\":\"https:\/\/fonsvinum.com\/en\/\",\"logo\":{\"@type\":\"ImageObject\",\"inLanguage\":\"de\",\"@id\":\"https:\/\/fonsvinum.com\/en\/#\/schema\/logo\/image\/\",\"url\":\"\",\"contentUrl\":\"\",\"caption\":\"Fons Vinum\"},\"image\":{\"@id\":\"https:\/\/fonsvinum.com\/en\/#\/schema\/logo\/image\/\"}}]}<\/script>\n<!-- \/ Yoast SEO plugin. -->","yoast_head_json":{"title":"LA SPINETTA Valeirano Barbaresco 2021 Fons Vinum","description":"LA SPINETTA Valeirano Barbaresco 2021 Ab dem Jahrgang 1997 gibt es die Cru-Lagen Barbaresco Valeirano. Hier handelt es sich um die vielleicht","robots":{"index":"index","follow":"follow","max-snippet":"max-snippet:-1","max-image-preview":"max-image-preview:large","max-video-preview":"max-video-preview:-1"},"canonical":"https:\/\/fonsvinum.com\/de\/produkt\/la-spinetta-valeirano-barbaresco-2021\/","og_locale":"de_DE","og_type":"article","og_title":"LA SPINETTA Valeirano Barbaresco 2021 Fons Vinum","og_description":"LA SPINETTA Valeirano Barbaresco 2021 Ab dem Jahrgang 1997 gibt es die Cru-Lagen Barbaresco Valeirano. Hier handelt es sich um die vielleicht","og_url":"https:\/\/fonsvinum.com\/de\/produkt\/la-spinetta-valeirano-barbaresco-2021\/","og_site_name":"Fons Vinum","article_modified_time":"2025-02-19T16:09:11+00:00","og_image":[{"width":200,"height":600,"url":"https:\/\/fonsvinum.com\/files\/2021\/06\/barbaresco-valeirano-la-spinetta.jpg","type":"image\/jpeg"}],"twitter_misc":{"Gesch\u00e4tzte Lesezeit":"1\u00a0Minute"},"schema":{"@context":"https:\/\/schema.org","@graph":[{"@type":"WebPage","@id":"https:\/\/fonsvinum.com\/de\/produkt\/la-spinetta-valeirano-barbaresco-2021\/","url":"https:\/\/fonsvinum.com\/de\/produkt\/la-spinetta-valeirano-barbaresco-2021\/","name":"LA SPINETTA Valeirano Barbaresco 2021 Fons Vinum","isPartOf":{"@id":"https:\/\/fonsvinum.com\/en\/#website"},"primaryImageOfPage":{"@id":"https:\/\/fonsvinum.com\/de\/produkt\/la-spinetta-valeirano-barbaresco-2021\/#primaryimage"},"image":{"@id":"https:\/\/fonsvinum.com\/de\/produkt\/la-spinetta-valeirano-barbaresco-2021\/#primaryimage"},"thumbnailUrl":"https:\/\/fonsvinum.com\/files\/2021\/06\/barbaresco-valeirano-la-spinetta.jpg","datePublished":"2025-02-19T16:01:40+00:00","dateModified":"2025-02-19T16:09:11+00:00","description":"LA SPINETTA Valeirano Barbaresco 2021 Ab dem Jahrgang 1997 gibt es die Cru-Lagen Barbaresco Valeirano. Hier handelt es sich um die vielleicht","breadcrumb":{"@id":"https:\/\/fonsvinum.com\/de\/produkt\/la-spinetta-valeirano-barbaresco-2021\/#breadcrumb"},"inLanguage":"de","potentialAction":[{"@type":"ReadAction","target":["https:\/\/fonsvinum.com\/de\/produkt\/la-spinetta-valeirano-barbaresco-2021\/"]}]},{"@type":"ImageObject","inLanguage":"de","@id":"https:\/\/fonsvinum.com\/de\/produkt\/la-spinetta-valeirano-barbaresco-2021\/#primaryimage","url":"https:\/\/fonsvinum.com\/files\/2021\/06\/barbaresco-valeirano-la-spinetta.jpg","contentUrl":"https:\/\/fonsvinum.com\/files\/2021\/06\/barbaresco-valeirano-la-spinetta.jpg","width":200,"height":600},{"@type":"BreadcrumbList","@id":"https:\/\/fonsvinum.com\/de\/produkt\/la-spinetta-valeirano-barbaresco-2021\/#breadcrumb","itemListElement":[{"@type":"ListItem","position":1,"name":"Startseite","item":"https:\/\/fonsvinum.com\/de\/"},{"@type":"ListItem","position":2,"name":"Shop","item":"https:\/\/fonsvinum.com\/de\/shop\/"},{"@type":"ListItem","position":3,"name":"LA SPINETTA Valeirano Barbaresco 2021"}]},{"@type":"WebSite","@id":"https:\/\/fonsvinum.com\/en\/#website","url":"https:\/\/fonsvinum.com\/en\/","name":"Fons Vinum","description":"Vendita Vino Online","publisher":{"@id":"https:\/\/fonsvinum.com\/en\/#organization"},"potentialAction":[{"@type":"SearchAction","target":{"@type":"EntryPoint","urlTemplate":"https:\/\/fonsvinum.com\/en\/?s={search_term_string}"},"query-input":{"@type":"PropertyValueSpecification","valueRequired":true,"valueName":"search_term_string"}}],"inLanguage":"de"},{"@type":"Organization","@id":"https:\/\/fonsvinum.com\/en\/#organization","name":"Fons Vinum","url":"https:\/\/fonsvinum.com\/en\/","logo":{"@type":"ImageObject","inLanguage":"de","@id":"https:\/\/fonsvinum.com\/en\/#\/schema\/logo\/image\/","url":"","contentUrl":"","caption":"Fons Vinum"},"image":{"@id":"https:\/\/fonsvinum.com\/en\/#\/schema\/logo\/image\/"}}]}},"acf":[],"_links":{"self":[{"href":"https:\/\/fonsvinum.com\/de\/wp-json\/wp\/v2\/product\/45384","targetHints":{"allow":["GET"]}}],"collection":[{"href":"https:\/\/fonsvinum.com\/de\/wp-json\/wp\/v2\/product"}],"about":[{"href":"https:\/\/fonsvinum.com\/de\/wp-json\/wp\/v2\/types\/product"}],"replies":[{"embeddable":true,"href":"https:\/\/fonsvinum.com\/de\/wp-json\/wp\/v2\/comments?post=45384"}],"wp:featuredmedia":[{"embeddable":true,"href":"https:\/\/fonsvinum.com\/de\/wp-json\/wp\/v2\/media\/33491"}],"wp:attachment":[{"href":"https:\/\/fonsvinum.com\/de\/wp-json\/wp\/v2\/media?parent=45384"}],"wp:term":[{"taxonomy":"product_brand","embeddable":true,"href":"https:\/\/fonsvinum.com\/de\/wp-json\/wp\/v2\/product_brand?post=45384"},{"taxonomy":"product_cat","embeddable":true,"href":"https:\/\/fonsvinum.com\/de\/wp-json\/wp\/v2\/product_cat?post=45384"},{"taxonomy":"product_tag","embeddable":true,"href":"https:\/\/fonsvinum.com\/de\/wp-json\/wp\/v2\/product_tag?post=45384"}],"curies":[{"name":"wp","href":"https:\/\/api.w.org\/{rel}","templated":true}]}}