{"id":45221,"date":"2025-01-23T11:42:51","date_gmt":"2025-01-23T10:42:51","guid":{"rendered":"https:\/\/fonsvinum.com\/?post_type=product&#038;p=45221"},"modified":"2025-01-23T11:49:40","modified_gmt":"2025-01-23T10:49:40","slug":"nervi-conterno-vigna-valferana-gattinara-2018","status":"publish","type":"product","link":"https:\/\/fonsvinum.com\/de\/produkt\/nervi-conterno-vigna-valferana-gattinara-2018\/","title":{"rendered":"Nervi Conterno Vigna Valferana Gattinara 2018"},"content":{"rendered":"<h1>Nervi Conterno Vigna Valferana Gattinara 2018<\/h1>\n<p>Nebbiolo vom Vulkan-Terroir, diese sehr steinige Mineralkomponente macht aus dem von Haus aus schon blumig und wildbeerig daherkommenden Wein eine spannende Delikatesse. Cool climate mit schwarzem Stein und getrockneten Bl\u00fcten und getrockneten Kirsch-Schalen, wild und zugleich klar und transparent. Ab dem Jahrgang 2015 kommt dann aber auch Robertos Handschrift im Weinberg zum Tragen. Der warme reiche Jahrgang und die starke Ertragsreduktion bei kompletter Entrappung geben eine tolle F\u00fclle und Reichhaltigkeit in die Spartanik der Hochlage. Das ist spannender, vibrierender Stoff, eine Art Barolo f\u00fcr Hochlagen-Freaks.<\/p>\n<p>Roberto Conterno, Inhaber des Kultweinguts Giacomo Conterno in Monforte d\u2019Alba, hat mit der Azienda Vitivinicola Nervi ein historisches Spitzenweingut im Norden Piemonts \u00fcbernommen.<\/p>\n<p>Molsino ist eine auf 350-420m H\u00f6he gelegene Spitzenlage von Gattinara. Nervis Gattinara Molsino ist ein 100%iger Nebbiolo, der nur in besten Jahrg\u00e4ngen aus selektierten Trauben dieses Weinbergs erzeugt wird. Der Ausbau erfolgt \u00fcber vier Jahre in Botti, den traditionellen, gro\u00dfen Holzf\u00e4ssern der Region, sowie weiteren 6-12 Monaten Flaschenreife nach der Abf\u00fcllungen. Die hier als Spanna bezeichnete Nebbiolo-Rebe erbringt in Gattinara einen ganz eigenen Weinstil, der sich sp\u00fcrbar von den Verwandten aus Langhe unterscheidet. Zwar weissen viele Weine dieser Appellation eine Struktur auf, die durchaus an Barbaresco erinnern kann, aber sie sind meist etwas duftiger, fruchtiger, lebhafter und oft von etwas geringerer Alkoholgraduation als die Nebbiolo-Weine des s\u00fcdlicheren Piemonts. Das Aroma der Gattinara-Weine erinnert nicht selten an w\u00fcrzige, traditionelle Pinot Noirs des Burgunds. Der Molsino pr\u00e4sentiert sich unglaublich weich und f\u00fcllig. In der Nase und am Gaumen finden sich Noten von Kirschen und Blaubeeren wieder. Er ist durchzogen von einer wunderbaren Finesse, die sich mit samtigen Gerbstoffen \u00fcber die Zunge bewegt, so wunderbar erfrischend und bewegend. Vollmundig mit intensiv fruchtigen und w\u00fcrzigen Noten von Erde und roten Fr\u00fcchten, voller Kraft und Energie. Einer der gro\u00dfen Rotweine der Welt. Die Zukunft des Piemonts. 96+\/100<\/p>\n","protected":false},"excerpt":{"rendered":"<p>Nervi Conterno Vigna Valferana Gattinara 2018 Nebbiolo vom Vulkan-Terroir, diese sehr steinige Mineralkomponente macht aus dem von Haus aus schon blumig und wildbeerig daherkommenden Wein eine spannende Delikatesse. Cool climate mit schwarzem Stein und getrockneten Bl\u00fcten und getrockneten Kirsch-Schalen, wild und zugleich klar und transparent. Ab dem Jahrgang 2015 kommt dann aber auch Robertos Handschrift [&hellip;]<\/p>\n","protected":false},"featured_media":17141,"comment_status":"open","ping_status":"closed","template":"","meta":{"_acf_changed":false,"_monsterinsights_skip_tracking":false,"_monsterinsights_sitenote_active":false,"_monsterinsights_sitenote_note":"","_monsterinsights_sitenote_category":0},"product_brand":[],"product_cat":[2356],"product_tag":[15941,15893],"class_list":{"0":"post-45221","1":"product","2":"type-product","3":"status-publish","4":"has-post-thumbnail","6":"product_cat-nebbiolo-de","7":"product_tag-nebbiolo-de","8":"product_tag-piemonte-de","9":"pa_appellation-gattinara-docg-de","10":"pa_producer-giacomo-conterno-de","11":"pa_region-piemont-de","12":"pa_vine-100-nebbiolo-de","13":"pa_vintage-2018-de","15":"first","16":"instock","17":"taxable","18":"shipping-taxable","19":"purchasable","20":"product-type-simple"},"bundled_by":[],"bundle_stock_status":"instock","bundle_stock_quantity":6,"bundle_virtual":false,"bundle_layout":"","bundle_add_to_cart_form_location":"","bundle_editable_in_cart":false,"bundle_sold_individually_context":"","bundle_item_grouping":"","bundle_min_size":"","bundle_max_size":"","bundle_price":[],"bundled_items":[],"bundle_sell_ids":[],"yoast_head":"<!-- This site is optimized with the Yoast SEO plugin v27.3 - https:\/\/yoast.com\/product\/yoast-seo-wordpress\/ -->\n<title>Nervi Conterno Vigna Valferana Gattinara 2018<\/title>\n<meta name=\"description\" content=\"Giacomo Conterno in Monforte d\u2019Alba, hat mit der Azienda Vitivinicola Nervi ein historisches Spitzenweingut im Norden Piemonts \u00fcbernommen.\" \/>\n<meta name=\"robots\" content=\"index, follow, max-snippet:-1, max-image-preview:large, max-video-preview:-1\" \/>\n<link rel=\"canonical\" href=\"https:\/\/fonsvinum.com\/de\/produkt\/nervi-conterno-vigna-valferana-gattinara-2018\/\" \/>\n<meta property=\"og:locale\" content=\"de_DE\" \/>\n<meta property=\"og:type\" content=\"article\" \/>\n<meta property=\"og:title\" content=\"Nervi Conterno Vigna Valferana Gattinara 2018\" \/>\n<meta property=\"og:description\" content=\"Giacomo Conterno in Monforte d\u2019Alba, hat mit der Azienda Vitivinicola Nervi ein historisches Spitzenweingut im Norden Piemonts \u00fcbernommen.\" \/>\n<meta property=\"og:url\" content=\"https:\/\/fonsvinum.com\/de\/produkt\/nervi-conterno-vigna-valferana-gattinara-2018\/\" \/>\n<meta property=\"og:site_name\" content=\"Fons Vinum\" \/>\n<meta property=\"article:modified_time\" content=\"2025-01-23T10:49:40+00:00\" \/>\n<meta property=\"og:image\" content=\"https:\/\/fonsvinum.com\/files\/2019\/02\/gattinara-valferana-nervi-2014.jpg\" \/>\n\t<meta property=\"og:image:width\" content=\"606\" \/>\n\t<meta property=\"og:image:height\" content=\"1090\" \/>\n\t<meta property=\"og:image:type\" content=\"image\/jpeg\" \/>\n<meta name=\"twitter:label1\" content=\"Gesch\u00e4tzte Lesezeit\" \/>\n\t<meta name=\"twitter:data1\" content=\"2\u00a0Minuten\" \/>\n<script type=\"application\/ld+json\" class=\"yoast-schema-graph\">{\"@context\":\"https:\\\/\\\/schema.org\",\"@graph\":[{\"@type\":\"WebPage\",\"@id\":\"https:\\\/\\\/fonsvinum.com\\\/de\\\/produkt\\\/nervi-conterno-vigna-valferana-gattinara-2018\\\/\",\"url\":\"https:\\\/\\\/fonsvinum.com\\\/de\\\/produkt\\\/nervi-conterno-vigna-valferana-gattinara-2018\\\/\",\"name\":\"Nervi Conterno Vigna Valferana Gattinara 2018\",\"isPartOf\":{\"@id\":\"https:\\\/\\\/fonsvinum.com\\\/en\\\/#website\"},\"primaryImageOfPage\":{\"@id\":\"https:\\\/\\\/fonsvinum.com\\\/de\\\/produkt\\\/nervi-conterno-vigna-valferana-gattinara-2018\\\/#primaryimage\"},\"image\":{\"@id\":\"https:\\\/\\\/fonsvinum.com\\\/de\\\/produkt\\\/nervi-conterno-vigna-valferana-gattinara-2018\\\/#primaryimage\"},\"thumbnailUrl\":\"https:\\\/\\\/fonsvinum.com\\\/files\\\/2019\\\/02\\\/gattinara-valferana-nervi-2014.jpg\",\"datePublished\":\"2025-01-23T10:42:51+00:00\",\"dateModified\":\"2025-01-23T10:49:40+00:00\",\"description\":\"Giacomo Conterno in Monforte d\u2019Alba, hat mit der Azienda Vitivinicola Nervi ein historisches Spitzenweingut im Norden Piemonts \u00fcbernommen.\",\"breadcrumb\":{\"@id\":\"https:\\\/\\\/fonsvinum.com\\\/de\\\/produkt\\\/nervi-conterno-vigna-valferana-gattinara-2018\\\/#breadcrumb\"},\"inLanguage\":\"de\",\"potentialAction\":[{\"@type\":\"ReadAction\",\"target\":[\"https:\\\/\\\/fonsvinum.com\\\/de\\\/produkt\\\/nervi-conterno-vigna-valferana-gattinara-2018\\\/\"]}]},{\"@type\":\"ImageObject\",\"inLanguage\":\"de\",\"@id\":\"https:\\\/\\\/fonsvinum.com\\\/de\\\/produkt\\\/nervi-conterno-vigna-valferana-gattinara-2018\\\/#primaryimage\",\"url\":\"https:\\\/\\\/fonsvinum.com\\\/files\\\/2019\\\/02\\\/gattinara-valferana-nervi-2014.jpg\",\"contentUrl\":\"https:\\\/\\\/fonsvinum.com\\\/files\\\/2019\\\/02\\\/gattinara-valferana-nervi-2014.jpg\",\"width\":606,\"height\":1090,\"caption\":\"gattinara-valferana-nervi-2014\"},{\"@type\":\"BreadcrumbList\",\"@id\":\"https:\\\/\\\/fonsvinum.com\\\/de\\\/produkt\\\/nervi-conterno-vigna-valferana-gattinara-2018\\\/#breadcrumb\",\"itemListElement\":[{\"@type\":\"ListItem\",\"position\":1,\"name\":\"Startseite\",\"item\":\"https:\\\/\\\/fonsvinum.com\\\/de\\\/\"},{\"@type\":\"ListItem\",\"position\":2,\"name\":\"Shop\",\"item\":\"https:\\\/\\\/fonsvinum.com\\\/de\\\/shop\\\/\"},{\"@type\":\"ListItem\",\"position\":3,\"name\":\"Nervi Conterno Vigna Valferana Gattinara 2018\"}]},{\"@type\":\"WebSite\",\"@id\":\"https:\\\/\\\/fonsvinum.com\\\/en\\\/#website\",\"url\":\"https:\\\/\\\/fonsvinum.com\\\/en\\\/\",\"name\":\"Fons Vinum\",\"description\":\"Vendita Vino Online\",\"publisher\":{\"@id\":\"https:\\\/\\\/fonsvinum.com\\\/en\\\/#organization\"},\"potentialAction\":[{\"@type\":\"SearchAction\",\"target\":{\"@type\":\"EntryPoint\",\"urlTemplate\":\"https:\\\/\\\/fonsvinum.com\\\/en\\\/?s={search_term_string}\"},\"query-input\":{\"@type\":\"PropertyValueSpecification\",\"valueRequired\":true,\"valueName\":\"search_term_string\"}}],\"inLanguage\":\"de\"},{\"@type\":\"Organization\",\"@id\":\"https:\\\/\\\/fonsvinum.com\\\/en\\\/#organization\",\"name\":\"Fons Vinum\",\"url\":\"https:\\\/\\\/fonsvinum.com\\\/en\\\/\",\"logo\":{\"@type\":\"ImageObject\",\"inLanguage\":\"de\",\"@id\":\"https:\\\/\\\/fonsvinum.com\\\/en\\\/#\\\/schema\\\/logo\\\/image\\\/\",\"url\":\"\",\"contentUrl\":\"\",\"caption\":\"Fons Vinum\"},\"image\":{\"@id\":\"https:\\\/\\\/fonsvinum.com\\\/en\\\/#\\\/schema\\\/logo\\\/image\\\/\"}}]}<\/script>\n<!-- \/ Yoast SEO plugin. -->","yoast_head_json":{"title":"Nervi Conterno Vigna Valferana Gattinara 2018","description":"Giacomo Conterno in Monforte d\u2019Alba, hat mit der Azienda Vitivinicola Nervi ein historisches Spitzenweingut im Norden Piemonts \u00fcbernommen.","robots":{"index":"index","follow":"follow","max-snippet":"max-snippet:-1","max-image-preview":"max-image-preview:large","max-video-preview":"max-video-preview:-1"},"canonical":"https:\/\/fonsvinum.com\/de\/produkt\/nervi-conterno-vigna-valferana-gattinara-2018\/","og_locale":"de_DE","og_type":"article","og_title":"Nervi Conterno Vigna Valferana Gattinara 2018","og_description":"Giacomo Conterno in Monforte d\u2019Alba, hat mit der Azienda Vitivinicola Nervi ein historisches Spitzenweingut im Norden Piemonts \u00fcbernommen.","og_url":"https:\/\/fonsvinum.com\/de\/produkt\/nervi-conterno-vigna-valferana-gattinara-2018\/","og_site_name":"Fons Vinum","article_modified_time":"2025-01-23T10:49:40+00:00","og_image":[{"width":606,"height":1090,"url":"https:\/\/fonsvinum.com\/files\/2019\/02\/gattinara-valferana-nervi-2014.jpg","type":"image\/jpeg"}],"twitter_misc":{"Gesch\u00e4tzte Lesezeit":"2\u00a0Minuten"},"schema":{"@context":"https:\/\/schema.org","@graph":[{"@type":"WebPage","@id":"https:\/\/fonsvinum.com\/de\/produkt\/nervi-conterno-vigna-valferana-gattinara-2018\/","url":"https:\/\/fonsvinum.com\/de\/produkt\/nervi-conterno-vigna-valferana-gattinara-2018\/","name":"Nervi Conterno Vigna Valferana Gattinara 2018","isPartOf":{"@id":"https:\/\/fonsvinum.com\/en\/#website"},"primaryImageOfPage":{"@id":"https:\/\/fonsvinum.com\/de\/produkt\/nervi-conterno-vigna-valferana-gattinara-2018\/#primaryimage"},"image":{"@id":"https:\/\/fonsvinum.com\/de\/produkt\/nervi-conterno-vigna-valferana-gattinara-2018\/#primaryimage"},"thumbnailUrl":"https:\/\/fonsvinum.com\/files\/2019\/02\/gattinara-valferana-nervi-2014.jpg","datePublished":"2025-01-23T10:42:51+00:00","dateModified":"2025-01-23T10:49:40+00:00","description":"Giacomo Conterno in Monforte d\u2019Alba, hat mit der Azienda Vitivinicola Nervi ein historisches Spitzenweingut im Norden Piemonts \u00fcbernommen.","breadcrumb":{"@id":"https:\/\/fonsvinum.com\/de\/produkt\/nervi-conterno-vigna-valferana-gattinara-2018\/#breadcrumb"},"inLanguage":"de","potentialAction":[{"@type":"ReadAction","target":["https:\/\/fonsvinum.com\/de\/produkt\/nervi-conterno-vigna-valferana-gattinara-2018\/"]}]},{"@type":"ImageObject","inLanguage":"de","@id":"https:\/\/fonsvinum.com\/de\/produkt\/nervi-conterno-vigna-valferana-gattinara-2018\/#primaryimage","url":"https:\/\/fonsvinum.com\/files\/2019\/02\/gattinara-valferana-nervi-2014.jpg","contentUrl":"https:\/\/fonsvinum.com\/files\/2019\/02\/gattinara-valferana-nervi-2014.jpg","width":606,"height":1090,"caption":"gattinara-valferana-nervi-2014"},{"@type":"BreadcrumbList","@id":"https:\/\/fonsvinum.com\/de\/produkt\/nervi-conterno-vigna-valferana-gattinara-2018\/#breadcrumb","itemListElement":[{"@type":"ListItem","position":1,"name":"Startseite","item":"https:\/\/fonsvinum.com\/de\/"},{"@type":"ListItem","position":2,"name":"Shop","item":"https:\/\/fonsvinum.com\/de\/shop\/"},{"@type":"ListItem","position":3,"name":"Nervi Conterno Vigna Valferana Gattinara 2018"}]},{"@type":"WebSite","@id":"https:\/\/fonsvinum.com\/en\/#website","url":"https:\/\/fonsvinum.com\/en\/","name":"Fons Vinum","description":"Vendita Vino Online","publisher":{"@id":"https:\/\/fonsvinum.com\/en\/#organization"},"potentialAction":[{"@type":"SearchAction","target":{"@type":"EntryPoint","urlTemplate":"https:\/\/fonsvinum.com\/en\/?s={search_term_string}"},"query-input":{"@type":"PropertyValueSpecification","valueRequired":true,"valueName":"search_term_string"}}],"inLanguage":"de"},{"@type":"Organization","@id":"https:\/\/fonsvinum.com\/en\/#organization","name":"Fons Vinum","url":"https:\/\/fonsvinum.com\/en\/","logo":{"@type":"ImageObject","inLanguage":"de","@id":"https:\/\/fonsvinum.com\/en\/#\/schema\/logo\/image\/","url":"","contentUrl":"","caption":"Fons Vinum"},"image":{"@id":"https:\/\/fonsvinum.com\/en\/#\/schema\/logo\/image\/"}}]}},"acf":[],"_links":{"self":[{"href":"https:\/\/fonsvinum.com\/de\/wp-json\/wp\/v2\/product\/45221","targetHints":{"allow":["GET"]}}],"collection":[{"href":"https:\/\/fonsvinum.com\/de\/wp-json\/wp\/v2\/product"}],"about":[{"href":"https:\/\/fonsvinum.com\/de\/wp-json\/wp\/v2\/types\/product"}],"replies":[{"embeddable":true,"href":"https:\/\/fonsvinum.com\/de\/wp-json\/wp\/v2\/comments?post=45221"}],"wp:featuredmedia":[{"embeddable":true,"href":"https:\/\/fonsvinum.com\/de\/wp-json\/wp\/v2\/media\/17141"}],"wp:attachment":[{"href":"https:\/\/fonsvinum.com\/de\/wp-json\/wp\/v2\/media?parent=45221"}],"wp:term":[{"taxonomy":"product_brand","embeddable":true,"href":"https:\/\/fonsvinum.com\/de\/wp-json\/wp\/v2\/product_brand?post=45221"},{"taxonomy":"product_cat","embeddable":true,"href":"https:\/\/fonsvinum.com\/de\/wp-json\/wp\/v2\/product_cat?post=45221"},{"taxonomy":"product_tag","embeddable":true,"href":"https:\/\/fonsvinum.com\/de\/wp-json\/wp\/v2\/product_tag?post=45221"}],"curies":[{"name":"wp","href":"https:\/\/api.w.org\/{rel}","templated":true}]}}