{"id":45195,"date":"2025-01-23T10:18:12","date_gmt":"2025-01-23T09:18:12","guid":{"rendered":"https:\/\/fonsvinum.com\/?post_type=product&#038;p=45195"},"modified":"2025-01-23T10:26:31","modified_gmt":"2025-01-23T09:26:31","slug":"barolo-ravera-vietti-2017","status":"publish","type":"product","link":"https:\/\/fonsvinum.com\/de\/produkt\/barolo-ravera-vietti-2017\/","title":{"rendered":"Barolo Ravera Vietti 2017"},"content":{"rendered":"<h1>Barolo Ravera Vietti 2017<\/h1>\n<p>Biologisch-organische Weinbergsarbeit. Ultrakleine Ertr\u00e4ge von unter 20 hl\/ha auch in Standardjahren durch mehrmalige gr\u00fcne Lese. Beides zusammen ergibt immer eine sehr fr\u00fche Reife mir knackiger S\u00e4ure bei zugleich hoher Fruchts\u00fc\u00dfe. Bei Vietti, wie schon bei Voerzio, kann man daher je nach Jahrgang fr\u00fcher oder sp\u00e4ter lesen, die volle Reife erreicht man immer. Fermentiert wird nur mit der nat\u00fcrlichen Hefe, also Spontanverg\u00e4rung.<\/p>\n<p>Ravera ist der einzige, nicht vollst\u00e4ndig entrappte Barolo, keinerlei Kontakt mit kleinen F\u00e4ssern, Ausbau zu 100% in einem gro\u00dfen, alten 4000-Liter-Fass.<\/p>\n<p>Luca Currado, der Weinmacher, passt diese andere Art dem so ganz anderen Terroir von Novello an.<\/p>\n<p>Ravera stammt aus einer Einzellage nahe Novello. Bis 2009 einen Teil der Castiglione-Komposition, erst dann wieder, nach langer, langer Pause als Einzellage abgef\u00fcllt. Mit dem Start zum ersten Jahrgang 2010 und 100 Punkten bei Galloni war nat\u00fcrlich der Weg des Erfolgs vorgezeichnet.<\/p>\n<p>Die Nase unterscheidet sich vollst\u00e4ndig von den anderen Baroli Viettis. Novello hat eben schon andere B\u00f6den.<\/p>\n<p>Die Reben sind gut 50 Jahre alt. Aber nur ein Teil der \u00e4ltesten Reben und der besten Exposition und steilsten Lagen mit den geringsten Ertr\u00e4gen gelangen in diesen Einzellagenwein. 2\/3 des Weinbergs gehen weiter in den Castiglione.<\/p>\n<p>Der Ravera \u00e4hnelt einer klassische Giacosa Riserva Version. Der Wein sieht ja auch nie kleines Holz. Immer im gro\u00dfen, gebrauchten Holz. Und vor allen Dingen langer Ausbau.<\/p>\n<p>Dieser Wein kommt in der Nase immer zarter, seidiger und zugleich intensiver r\u00fcber.<\/p>\n<p>Sehr viel schwarze Frucht, aber so fein gezogen. Die rote Frucht auch sehr eigen, eher Schlehe und Cranberry. Intensiv in Finesse und Seidigkeit. Wenn man so etwas sagen kann. Diese Besonderheit des Raveras und die Art des Ausbaus zeigen sich im Mund nochmals deutlicher.<\/p>\n<p>Der Wein ist fast schlank. Fast ein wenig wie Bartolo Mascarello, aber dabei noch intensiver, s\u00fc\u00dfer und viel dichter. Unendlich lang.<\/p>\n<p>&nbsp;<\/p>\n","protected":false},"excerpt":{"rendered":"<p>Barolo Ravera Vietti 2017 Biologisch-organische Weinbergsarbeit. Ultrakleine Ertr\u00e4ge von unter 20 hl\/ha auch in Standardjahren durch mehrmalige gr\u00fcne Lese. Beides zusammen ergibt immer eine sehr fr\u00fche Reife mir knackiger S\u00e4ure bei zugleich hoher Fruchts\u00fc\u00dfe. Bei Vietti, wie schon bei Voerzio, kann man daher je nach Jahrgang fr\u00fcher oder sp\u00e4ter lesen, die volle Reife erreicht man [&hellip;]<\/p>\n","protected":false},"featured_media":17623,"comment_status":"open","ping_status":"closed","template":"","meta":{"_acf_changed":false,"_monsterinsights_skip_tracking":false,"_monsterinsights_sitenote_active":false,"_monsterinsights_sitenote_note":"","_monsterinsights_sitenote_category":0},"product_brand":[],"product_cat":[1824],"product_tag":[1733,15903],"class_list":{"0":"post-45195","1":"product","2":"type-product","3":"status-publish","4":"has-post-thumbnail","6":"product_cat-barolo-de","7":"product_tag-aussergewoehnliche-weine-de","8":"product_tag-barolo-de","9":"pa_appellation-barolo-docg-de","10":"pa_formato-0-75-l-flasche-de","11":"pa_producer-vietti-de","12":"pa_region-piemont-de","13":"pa_vine-100-nebbiolo-de","14":"pa_vintage-2017-de","16":"first","17":"instock","18":"taxable","19":"shipping-taxable","20":"purchasable","21":"product-type-simple"},"bundled_by":[],"bundle_stock_status":"instock","bundle_stock_quantity":2,"bundle_virtual":false,"bundle_layout":"","bundle_add_to_cart_form_location":"","bundle_editable_in_cart":false,"bundle_sold_individually_context":"","bundle_item_grouping":"","bundle_min_size":"","bundle_max_size":"","bundle_price":[],"bundled_items":[],"bundle_sell_ids":[],"yoast_head":"<!-- This site is optimized with the Yoast SEO plugin v27.3 - https:\/\/yoast.com\/product\/yoast-seo-wordpress\/ -->\n<title>On line on Fons Vinum Barolo Ravera Vietti Neue Jahrgang 2017<\/title>\n<meta name=\"description\" content=\"Barolo RAVERA Vietti 2017 Der Wein ist fast schlank. Fast ein wenig wie Bartolo Mascarello, aber dabei noch intensiver, s\u00fc\u00dfer und viel dichter.\" \/>\n<meta name=\"robots\" content=\"index, follow, max-snippet:-1, max-image-preview:large, max-video-preview:-1\" \/>\n<link rel=\"canonical\" href=\"https:\/\/fonsvinum.com\/de\/produkt\/barolo-ravera-vietti-2017\/\" \/>\n<meta property=\"og:locale\" content=\"de_DE\" \/>\n<meta property=\"og:type\" content=\"article\" \/>\n<meta property=\"og:title\" content=\"On line on Fons Vinum Barolo Ravera Vietti Neue Jahrgang 2017\" \/>\n<meta property=\"og:description\" content=\"Barolo RAVERA Vietti 2017 Der Wein ist fast schlank. Fast ein wenig wie Bartolo Mascarello, aber dabei noch intensiver, s\u00fc\u00dfer und viel dichter.\" \/>\n<meta property=\"og:url\" content=\"https:\/\/fonsvinum.com\/de\/produkt\/barolo-ravera-vietti-2017\/\" \/>\n<meta property=\"og:site_name\" content=\"Fons Vinum\" \/>\n<meta property=\"article:modified_time\" content=\"2025-01-23T09:26:31+00:00\" \/>\n<meta property=\"og:image\" content=\"https:\/\/fonsvinum.com\/files\/2019\/02\/barolo-ravera-vietti-2015.jpg\" \/>\n\t<meta property=\"og:image:width\" content=\"303\" \/>\n\t<meta property=\"og:image:height\" content=\"545\" \/>\n\t<meta property=\"og:image:type\" content=\"image\/jpeg\" \/>\n<meta name=\"twitter:label1\" content=\"Gesch\u00e4tzte Lesezeit\" \/>\n\t<meta name=\"twitter:data1\" content=\"2\u00a0Minuten\" \/>\n<script type=\"application\/ld+json\" class=\"yoast-schema-graph\">{\"@context\":\"https:\\\/\\\/schema.org\",\"@graph\":[{\"@type\":\"WebPage\",\"@id\":\"https:\\\/\\\/fonsvinum.com\\\/de\\\/produkt\\\/barolo-ravera-vietti-2017\\\/\",\"url\":\"https:\\\/\\\/fonsvinum.com\\\/de\\\/produkt\\\/barolo-ravera-vietti-2017\\\/\",\"name\":\"On line on Fons Vinum Barolo Ravera Vietti Neue Jahrgang 2017\",\"isPartOf\":{\"@id\":\"https:\\\/\\\/fonsvinum.com\\\/en\\\/#website\"},\"primaryImageOfPage\":{\"@id\":\"https:\\\/\\\/fonsvinum.com\\\/de\\\/produkt\\\/barolo-ravera-vietti-2017\\\/#primaryimage\"},\"image\":{\"@id\":\"https:\\\/\\\/fonsvinum.com\\\/de\\\/produkt\\\/barolo-ravera-vietti-2017\\\/#primaryimage\"},\"thumbnailUrl\":\"https:\\\/\\\/fonsvinum.com\\\/files\\\/2019\\\/02\\\/barolo-ravera-vietti-2015.jpg\",\"datePublished\":\"2025-01-23T09:18:12+00:00\",\"dateModified\":\"2025-01-23T09:26:31+00:00\",\"description\":\"Barolo RAVERA Vietti 2017 Der Wein ist fast schlank. Fast ein wenig wie Bartolo Mascarello, aber dabei noch intensiver, s\u00fc\u00dfer und viel dichter.\",\"breadcrumb\":{\"@id\":\"https:\\\/\\\/fonsvinum.com\\\/de\\\/produkt\\\/barolo-ravera-vietti-2017\\\/#breadcrumb\"},\"inLanguage\":\"de\",\"potentialAction\":[{\"@type\":\"ReadAction\",\"target\":[\"https:\\\/\\\/fonsvinum.com\\\/de\\\/produkt\\\/barolo-ravera-vietti-2017\\\/\"]}]},{\"@type\":\"ImageObject\",\"inLanguage\":\"de\",\"@id\":\"https:\\\/\\\/fonsvinum.com\\\/de\\\/produkt\\\/barolo-ravera-vietti-2017\\\/#primaryimage\",\"url\":\"https:\\\/\\\/fonsvinum.com\\\/files\\\/2019\\\/02\\\/barolo-ravera-vietti-2015.jpg\",\"contentUrl\":\"https:\\\/\\\/fonsvinum.com\\\/files\\\/2019\\\/02\\\/barolo-ravera-vietti-2015.jpg\",\"width\":303,\"height\":545,\"caption\":\"barolo-ravera-vietti-2015\"},{\"@type\":\"BreadcrumbList\",\"@id\":\"https:\\\/\\\/fonsvinum.com\\\/de\\\/produkt\\\/barolo-ravera-vietti-2017\\\/#breadcrumb\",\"itemListElement\":[{\"@type\":\"ListItem\",\"position\":1,\"name\":\"Startseite\",\"item\":\"https:\\\/\\\/fonsvinum.com\\\/de\\\/\"},{\"@type\":\"ListItem\",\"position\":2,\"name\":\"Shop\",\"item\":\"https:\\\/\\\/fonsvinum.com\\\/de\\\/shop\\\/\"},{\"@type\":\"ListItem\",\"position\":3,\"name\":\"Barolo Ravera Vietti 2017\"}]},{\"@type\":\"WebSite\",\"@id\":\"https:\\\/\\\/fonsvinum.com\\\/en\\\/#website\",\"url\":\"https:\\\/\\\/fonsvinum.com\\\/en\\\/\",\"name\":\"Fons Vinum\",\"description\":\"Vendita Vino Online\",\"publisher\":{\"@id\":\"https:\\\/\\\/fonsvinum.com\\\/en\\\/#organization\"},\"potentialAction\":[{\"@type\":\"SearchAction\",\"target\":{\"@type\":\"EntryPoint\",\"urlTemplate\":\"https:\\\/\\\/fonsvinum.com\\\/en\\\/?s={search_term_string}\"},\"query-input\":{\"@type\":\"PropertyValueSpecification\",\"valueRequired\":true,\"valueName\":\"search_term_string\"}}],\"inLanguage\":\"de\"},{\"@type\":\"Organization\",\"@id\":\"https:\\\/\\\/fonsvinum.com\\\/en\\\/#organization\",\"name\":\"Fons Vinum\",\"url\":\"https:\\\/\\\/fonsvinum.com\\\/en\\\/\",\"logo\":{\"@type\":\"ImageObject\",\"inLanguage\":\"de\",\"@id\":\"https:\\\/\\\/fonsvinum.com\\\/en\\\/#\\\/schema\\\/logo\\\/image\\\/\",\"url\":\"\",\"contentUrl\":\"\",\"caption\":\"Fons Vinum\"},\"image\":{\"@id\":\"https:\\\/\\\/fonsvinum.com\\\/en\\\/#\\\/schema\\\/logo\\\/image\\\/\"}}]}<\/script>\n<!-- \/ Yoast SEO plugin. -->","yoast_head_json":{"title":"On line on Fons Vinum Barolo Ravera Vietti Neue Jahrgang 2017","description":"Barolo RAVERA Vietti 2017 Der Wein ist fast schlank. Fast ein wenig wie Bartolo Mascarello, aber dabei noch intensiver, s\u00fc\u00dfer und viel dichter.","robots":{"index":"index","follow":"follow","max-snippet":"max-snippet:-1","max-image-preview":"max-image-preview:large","max-video-preview":"max-video-preview:-1"},"canonical":"https:\/\/fonsvinum.com\/de\/produkt\/barolo-ravera-vietti-2017\/","og_locale":"de_DE","og_type":"article","og_title":"On line on Fons Vinum Barolo Ravera Vietti Neue Jahrgang 2017","og_description":"Barolo RAVERA Vietti 2017 Der Wein ist fast schlank. Fast ein wenig wie Bartolo Mascarello, aber dabei noch intensiver, s\u00fc\u00dfer und viel dichter.","og_url":"https:\/\/fonsvinum.com\/de\/produkt\/barolo-ravera-vietti-2017\/","og_site_name":"Fons Vinum","article_modified_time":"2025-01-23T09:26:31+00:00","og_image":[{"width":303,"height":545,"url":"https:\/\/fonsvinum.com\/files\/2019\/02\/barolo-ravera-vietti-2015.jpg","type":"image\/jpeg"}],"twitter_misc":{"Gesch\u00e4tzte Lesezeit":"2\u00a0Minuten"},"schema":{"@context":"https:\/\/schema.org","@graph":[{"@type":"WebPage","@id":"https:\/\/fonsvinum.com\/de\/produkt\/barolo-ravera-vietti-2017\/","url":"https:\/\/fonsvinum.com\/de\/produkt\/barolo-ravera-vietti-2017\/","name":"On line on Fons Vinum Barolo Ravera Vietti Neue Jahrgang 2017","isPartOf":{"@id":"https:\/\/fonsvinum.com\/en\/#website"},"primaryImageOfPage":{"@id":"https:\/\/fonsvinum.com\/de\/produkt\/barolo-ravera-vietti-2017\/#primaryimage"},"image":{"@id":"https:\/\/fonsvinum.com\/de\/produkt\/barolo-ravera-vietti-2017\/#primaryimage"},"thumbnailUrl":"https:\/\/fonsvinum.com\/files\/2019\/02\/barolo-ravera-vietti-2015.jpg","datePublished":"2025-01-23T09:18:12+00:00","dateModified":"2025-01-23T09:26:31+00:00","description":"Barolo RAVERA Vietti 2017 Der Wein ist fast schlank. Fast ein wenig wie Bartolo Mascarello, aber dabei noch intensiver, s\u00fc\u00dfer und viel dichter.","breadcrumb":{"@id":"https:\/\/fonsvinum.com\/de\/produkt\/barolo-ravera-vietti-2017\/#breadcrumb"},"inLanguage":"de","potentialAction":[{"@type":"ReadAction","target":["https:\/\/fonsvinum.com\/de\/produkt\/barolo-ravera-vietti-2017\/"]}]},{"@type":"ImageObject","inLanguage":"de","@id":"https:\/\/fonsvinum.com\/de\/produkt\/barolo-ravera-vietti-2017\/#primaryimage","url":"https:\/\/fonsvinum.com\/files\/2019\/02\/barolo-ravera-vietti-2015.jpg","contentUrl":"https:\/\/fonsvinum.com\/files\/2019\/02\/barolo-ravera-vietti-2015.jpg","width":303,"height":545,"caption":"barolo-ravera-vietti-2015"},{"@type":"BreadcrumbList","@id":"https:\/\/fonsvinum.com\/de\/produkt\/barolo-ravera-vietti-2017\/#breadcrumb","itemListElement":[{"@type":"ListItem","position":1,"name":"Startseite","item":"https:\/\/fonsvinum.com\/de\/"},{"@type":"ListItem","position":2,"name":"Shop","item":"https:\/\/fonsvinum.com\/de\/shop\/"},{"@type":"ListItem","position":3,"name":"Barolo Ravera Vietti 2017"}]},{"@type":"WebSite","@id":"https:\/\/fonsvinum.com\/en\/#website","url":"https:\/\/fonsvinum.com\/en\/","name":"Fons Vinum","description":"Vendita Vino Online","publisher":{"@id":"https:\/\/fonsvinum.com\/en\/#organization"},"potentialAction":[{"@type":"SearchAction","target":{"@type":"EntryPoint","urlTemplate":"https:\/\/fonsvinum.com\/en\/?s={search_term_string}"},"query-input":{"@type":"PropertyValueSpecification","valueRequired":true,"valueName":"search_term_string"}}],"inLanguage":"de"},{"@type":"Organization","@id":"https:\/\/fonsvinum.com\/en\/#organization","name":"Fons Vinum","url":"https:\/\/fonsvinum.com\/en\/","logo":{"@type":"ImageObject","inLanguage":"de","@id":"https:\/\/fonsvinum.com\/en\/#\/schema\/logo\/image\/","url":"","contentUrl":"","caption":"Fons Vinum"},"image":{"@id":"https:\/\/fonsvinum.com\/en\/#\/schema\/logo\/image\/"}}]}},"acf":[],"_links":{"self":[{"href":"https:\/\/fonsvinum.com\/de\/wp-json\/wp\/v2\/product\/45195","targetHints":{"allow":["GET"]}}],"collection":[{"href":"https:\/\/fonsvinum.com\/de\/wp-json\/wp\/v2\/product"}],"about":[{"href":"https:\/\/fonsvinum.com\/de\/wp-json\/wp\/v2\/types\/product"}],"replies":[{"embeddable":true,"href":"https:\/\/fonsvinum.com\/de\/wp-json\/wp\/v2\/comments?post=45195"}],"wp:featuredmedia":[{"embeddable":true,"href":"https:\/\/fonsvinum.com\/de\/wp-json\/wp\/v2\/media\/17623"}],"wp:attachment":[{"href":"https:\/\/fonsvinum.com\/de\/wp-json\/wp\/v2\/media?parent=45195"}],"wp:term":[{"taxonomy":"product_brand","embeddable":true,"href":"https:\/\/fonsvinum.com\/de\/wp-json\/wp\/v2\/product_brand?post=45195"},{"taxonomy":"product_cat","embeddable":true,"href":"https:\/\/fonsvinum.com\/de\/wp-json\/wp\/v2\/product_cat?post=45195"},{"taxonomy":"product_tag","embeddable":true,"href":"https:\/\/fonsvinum.com\/de\/wp-json\/wp\/v2\/product_tag?post=45195"}],"curies":[{"name":"wp","href":"https:\/\/api.w.org\/{rel}","templated":true}]}}