{"id":45141,"date":"2025-01-14T17:18:40","date_gmt":"2025-01-14T16:18:40","guid":{"rendered":"https:\/\/fonsvinum.com\/?post_type=product&#038;p=45141"},"modified":"2026-04-14T15:43:19","modified_gmt":"2026-04-14T13:43:19","slug":"amarone-della-valpolicella-valpantena-villa-arvedi-bertani-2017","status":"publish","type":"product","link":"https:\/\/fonsvinum.com\/de\/produkt\/amarone-della-valpolicella-valpantena-villa-arvedi-bertani-2017\/","title":{"rendered":"Amarone della Valpolicella Valpantena Villa Arvedi BERTANI 2017"},"content":{"rendered":"<h1>Amarone della Valpolicella Valpantena Classico Villa Arvedi <a title=\"Bertani\" href=\"https:\/\/fonsvinum.com\/produttore\/vino-amarone-bertani-on-line\/\" target=\"_blank\" rel=\"noopener noreferrer\">BERTANI<\/a><\/h1>\n<h3>Amarone della Valpolicella Valpantena Classico Villa Arvedi <a title=\"Bertani\" href=\"https:\/\/fonsvinum.com\/produttore\/vino-amarone-bertani-on-line\/\" target=\"_blank\" rel=\"noopener noreferrer\">BERTANI<\/a><\/h3>\n<p>Der Villa Arvedi Amarone entsteht in den H\u00fcgeln des Valpantena, der einzigen \u201eCru\u201c-Lage des Valpolicella. Bertanis historische Hingabe zur Amarone-Erzeugung erneuert sich im Villa Arvedi und bietet einen modernen, ausgewogenen Amarone, stets authentisch und gehaltvoll. <\/p>\n<p>Das Weingut Bertani ist nicht nur das bedeutendste der Valpolicella, sondern auch eines der renommiertesten und bekanntesten Weing\u00fcter ganz Italiens.<\/p>\n<ul>\n<li>Eine Geschichte, die weit zur\u00fcckreicht, genau bis ins Jahr 1857, als die Br\u00fcder Giovan Battista und Gaetano Bertani das Weingut gr\u00fcndeten.<\/li>\n<\/ul>\n<p>Seitdem gehen Tradition und Innovation Hand in Hand, von zahlreichen Investitionen in Weinberg und Keller bis hin zum Erwerb der pr\u00e4chtigen Villa Novare \u2013 ein Anwesen, das weltweit f\u00fcr die au\u00dfergew\u00f6hnliche Arbeit steht, die die Familie Bertani bis heute fortf\u00fchrt.<\/p>\n<ul>\n<li>Derzeit umfasst das Weingut \u00fcber zweihundert Hektar Rebfl\u00e4che in einigen der besten Lagen der Provinz Verona.<\/li>\n<li>Im Keller arbeitet ein eingespieltes Team unter der Leitung des \u00d6nologen Christian Ridolfi, der die Mannschaft seit \u00fcber 15 Jahren f\u00fchrt.<\/li>\n<li>Seit 2014 Teil von \u201eBertani Domains\u201c, nachdem das Weingut 2011 von \u201eTenimenti Angelini\u201c \u00fcbernommen wurde, produziert Bertani j\u00e4hrlich \u00fcber zwei Millionen Flaschen.<\/li>\n<\/ul>\n<h4>Farbe<\/h4>\n<ul>\n<li>Intensives Rot mit violetten Reflexen.<\/li>\n<\/ul>\n<h4>Bouquet<\/h4>\n<ul>\n<li>Deutlich und intensiv treten Aromen von sehr reifen Kirschen, Sauerkirschen und Waldbeeren hervor, erg\u00e4nzt durch die f\u00fcr das Valpantena typischen Noten von Gew\u00fcrzen und Trockenfr\u00fcchten.<\/li>\n<\/ul>\n<h4>Geschmack<\/h4>\n<ul>\n<li>Die Tannine, die dem Wein Struktur verleihen, sind dennoch weich, begleitet von Geschmacksnoten roter Fr\u00fcchte.<\/li>\n<\/ul>\n<h4>Speiseempfehlungen<\/h4>\n<ul>\n<li>Hauptgerichte mit rotem Fleisch; ideal f\u00fcr ein sch\u00f6nes Abendessen unter Freunden.<\/li>\n<\/ul>\n","protected":false},"excerpt":{"rendered":"<p>Amarone della Valpolicella Valpantena Classico Villa Arvedi BERTANI Amarone della Valpolicella Valpantena Classico Villa Arvedi BERTANI Der Villa Arvedi Amarone entsteht in den H\u00fcgeln des Valpantena, der einzigen \u201eCru\u201c-Lage des Valpolicella. Bertanis historische Hingabe zur Amarone-Erzeugung erneuert sich im Villa Arvedi und bietet einen modernen, ausgewogenen Amarone, stets authentisch und gehaltvoll. Das Weingut Bertani ist [&hellip;]<\/p>\n","protected":false},"featured_media":5694,"comment_status":"open","ping_status":"closed","template":"","meta":{"_acf_changed":false,"_monsterinsights_skip_tracking":false,"_monsterinsights_sitenote_active":false,"_monsterinsights_sitenote_note":"","_monsterinsights_sitenote_category":0},"product_brand":[],"product_cat":[2336],"product_tag":[15861,1733,18464,17738],"class_list":{"0":"post-45141","1":"product","2":"type-product","3":"status-publish","4":"has-post-thumbnail","6":"product_cat-amarone-de","7":"product_tag-amarone-de","8":"product_tag-aussergewoehnliche-weine-de","9":"product_tag-valpolicella","10":"product_tag-veneto-de","11":"pa_appellation-amarone-della-valpolicella-docg-de","12":"pa_formato-0-75-l-flasche-de","13":"pa_producer-bertani-de","14":"pa_region-venetien-de","15":"pa_vine-rondinella-corvina-veronese-de","16":"pa_vintage-2017-de","18":"first","19":"instock","20":"sale","21":"taxable","22":"shipping-taxable","23":"purchasable","24":"product-type-simple"},"bundled_by":[],"bundle_stock_status":"instock","bundle_stock_quantity":6,"bundle_virtual":false,"bundle_layout":"","bundle_add_to_cart_form_location":"","bundle_editable_in_cart":false,"bundle_sold_individually_context":"","bundle_item_grouping":"","bundle_min_size":"","bundle_max_size":"","bundle_price":[],"bundled_items":[],"bundle_sell_ids":[],"yoast_head":"<!-- This site is optimized with the Yoast SEO plugin v27.3 - https:\/\/yoast.com\/product\/yoast-seo-wordpress\/ -->\n<title>Amarone della Valpolicella Valpantena Villa Arvedi BERTANI 2017<\/title>\n<meta name=\"description\" content=\"Amarone della Valpolicella Valpantena Villa Arvedi BERTANI 2017 Sammlerwein kostenloser Versand auf Fons Vinum seltene Weine online\" \/>\n<meta name=\"robots\" content=\"index, follow, max-snippet:-1, max-image-preview:large, max-video-preview:-1\" \/>\n<link rel=\"canonical\" href=\"https:\/\/fonsvinum.com\/de\/produkt\/amarone-della-valpolicella-valpantena-villa-arvedi-bertani-2017\/\" \/>\n<meta property=\"og:locale\" content=\"de_DE\" \/>\n<meta property=\"og:type\" content=\"article\" \/>\n<meta property=\"og:title\" content=\"Amarone della Valpolicella Valpantena Villa Arvedi BERTANI 2017\" \/>\n<meta property=\"og:description\" content=\"Amarone della Valpolicella Valpantena Villa Arvedi BERTANI 2017 Sammlerwein kostenloser Versand auf Fons Vinum seltene Weine online\" \/>\n<meta property=\"og:url\" content=\"https:\/\/fonsvinum.com\/de\/produkt\/amarone-della-valpolicella-valpantena-villa-arvedi-bertani-2017\/\" \/>\n<meta property=\"og:site_name\" content=\"Fons Vinum\" \/>\n<meta property=\"article:modified_time\" content=\"2026-04-14T13:43:19+00:00\" \/>\n<meta property=\"og:image\" content=\"https:\/\/fonsvinum.com\/files\/2013\/04\/amarone-valpolicella-classico-bertani-villa-arvedi.png\" \/>\n\t<meta property=\"og:image:width\" content=\"172\" \/>\n\t<meta property=\"og:image:height\" content=\"535\" \/>\n\t<meta property=\"og:image:type\" content=\"image\/png\" \/>\n<meta name=\"twitter:label1\" content=\"Gesch\u00e4tzte Lesezeit\" \/>\n\t<meta name=\"twitter:data1\" content=\"1\u00a0Minute\" \/>\n<script type=\"application\/ld+json\" class=\"yoast-schema-graph\">{\"@context\":\"https:\\\/\\\/schema.org\",\"@graph\":[{\"@type\":\"WebPage\",\"@id\":\"https:\\\/\\\/fonsvinum.com\\\/de\\\/produkt\\\/amarone-della-valpolicella-valpantena-villa-arvedi-bertani-2017\\\/\",\"url\":\"https:\\\/\\\/fonsvinum.com\\\/de\\\/produkt\\\/amarone-della-valpolicella-valpantena-villa-arvedi-bertani-2017\\\/\",\"name\":\"Amarone della Valpolicella Valpantena Villa Arvedi BERTANI 2017\",\"isPartOf\":{\"@id\":\"https:\\\/\\\/fonsvinum.com\\\/en\\\/#website\"},\"primaryImageOfPage\":{\"@id\":\"https:\\\/\\\/fonsvinum.com\\\/de\\\/produkt\\\/amarone-della-valpolicella-valpantena-villa-arvedi-bertani-2017\\\/#primaryimage\"},\"image\":{\"@id\":\"https:\\\/\\\/fonsvinum.com\\\/de\\\/produkt\\\/amarone-della-valpolicella-valpantena-villa-arvedi-bertani-2017\\\/#primaryimage\"},\"thumbnailUrl\":\"https:\\\/\\\/fonsvinum.com\\\/files\\\/2013\\\/04\\\/amarone-valpolicella-classico-bertani-villa-arvedi.png\",\"datePublished\":\"2025-01-14T16:18:40+00:00\",\"dateModified\":\"2026-04-14T13:43:19+00:00\",\"description\":\"Amarone della Valpolicella Valpantena Villa Arvedi BERTANI 2017 Sammlerwein kostenloser Versand auf Fons Vinum seltene Weine online\",\"breadcrumb\":{\"@id\":\"https:\\\/\\\/fonsvinum.com\\\/de\\\/produkt\\\/amarone-della-valpolicella-valpantena-villa-arvedi-bertani-2017\\\/#breadcrumb\"},\"inLanguage\":\"de\",\"potentialAction\":[{\"@type\":\"ReadAction\",\"target\":[\"https:\\\/\\\/fonsvinum.com\\\/de\\\/produkt\\\/amarone-della-valpolicella-valpantena-villa-arvedi-bertani-2017\\\/\"]}]},{\"@type\":\"ImageObject\",\"inLanguage\":\"de\",\"@id\":\"https:\\\/\\\/fonsvinum.com\\\/de\\\/produkt\\\/amarone-della-valpolicella-valpantena-villa-arvedi-bertani-2017\\\/#primaryimage\",\"url\":\"https:\\\/\\\/fonsvinum.com\\\/files\\\/2013\\\/04\\\/amarone-valpolicella-classico-bertani-villa-arvedi.png\",\"contentUrl\":\"https:\\\/\\\/fonsvinum.com\\\/files\\\/2013\\\/04\\\/amarone-valpolicella-classico-bertani-villa-arvedi.png\",\"width\":172,\"height\":535,\"caption\":\"Amarone della Valpolicella Villa Arvedi BERTANI kostenloser Versand\"},{\"@type\":\"BreadcrumbList\",\"@id\":\"https:\\\/\\\/fonsvinum.com\\\/de\\\/produkt\\\/amarone-della-valpolicella-valpantena-villa-arvedi-bertani-2017\\\/#breadcrumb\",\"itemListElement\":[{\"@type\":\"ListItem\",\"position\":1,\"name\":\"Startseite\",\"item\":\"https:\\\/\\\/fonsvinum.com\\\/de\\\/\"},{\"@type\":\"ListItem\",\"position\":2,\"name\":\"Shop\",\"item\":\"https:\\\/\\\/fonsvinum.com\\\/de\\\/shop\\\/\"},{\"@type\":\"ListItem\",\"position\":3,\"name\":\"Amarone della Valpolicella Valpantena Villa Arvedi BERTANI 2017\"}]},{\"@type\":\"WebSite\",\"@id\":\"https:\\\/\\\/fonsvinum.com\\\/en\\\/#website\",\"url\":\"https:\\\/\\\/fonsvinum.com\\\/en\\\/\",\"name\":\"Fons Vinum\",\"description\":\"Vendita Vino Online\",\"publisher\":{\"@id\":\"https:\\\/\\\/fonsvinum.com\\\/en\\\/#organization\"},\"potentialAction\":[{\"@type\":\"SearchAction\",\"target\":{\"@type\":\"EntryPoint\",\"urlTemplate\":\"https:\\\/\\\/fonsvinum.com\\\/en\\\/?s={search_term_string}\"},\"query-input\":{\"@type\":\"PropertyValueSpecification\",\"valueRequired\":true,\"valueName\":\"search_term_string\"}}],\"inLanguage\":\"de\"},{\"@type\":\"Organization\",\"@id\":\"https:\\\/\\\/fonsvinum.com\\\/en\\\/#organization\",\"name\":\"Fons Vinum\",\"url\":\"https:\\\/\\\/fonsvinum.com\\\/en\\\/\",\"logo\":{\"@type\":\"ImageObject\",\"inLanguage\":\"de\",\"@id\":\"https:\\\/\\\/fonsvinum.com\\\/en\\\/#\\\/schema\\\/logo\\\/image\\\/\",\"url\":\"\",\"contentUrl\":\"\",\"caption\":\"Fons Vinum\"},\"image\":{\"@id\":\"https:\\\/\\\/fonsvinum.com\\\/en\\\/#\\\/schema\\\/logo\\\/image\\\/\"}}]}<\/script>\n<!-- \/ Yoast SEO plugin. -->","yoast_head_json":{"title":"Amarone della Valpolicella Valpantena Villa Arvedi BERTANI 2017","description":"Amarone della Valpolicella Valpantena Villa Arvedi BERTANI 2017 Sammlerwein kostenloser Versand auf Fons Vinum seltene Weine online","robots":{"index":"index","follow":"follow","max-snippet":"max-snippet:-1","max-image-preview":"max-image-preview:large","max-video-preview":"max-video-preview:-1"},"canonical":"https:\/\/fonsvinum.com\/de\/produkt\/amarone-della-valpolicella-valpantena-villa-arvedi-bertani-2017\/","og_locale":"de_DE","og_type":"article","og_title":"Amarone della Valpolicella Valpantena Villa Arvedi BERTANI 2017","og_description":"Amarone della Valpolicella Valpantena Villa Arvedi BERTANI 2017 Sammlerwein kostenloser Versand auf Fons Vinum seltene Weine online","og_url":"https:\/\/fonsvinum.com\/de\/produkt\/amarone-della-valpolicella-valpantena-villa-arvedi-bertani-2017\/","og_site_name":"Fons Vinum","article_modified_time":"2026-04-14T13:43:19+00:00","og_image":[{"width":172,"height":535,"url":"https:\/\/fonsvinum.com\/files\/2013\/04\/amarone-valpolicella-classico-bertani-villa-arvedi.png","type":"image\/png"}],"twitter_misc":{"Gesch\u00e4tzte Lesezeit":"1\u00a0Minute"},"schema":{"@context":"https:\/\/schema.org","@graph":[{"@type":"WebPage","@id":"https:\/\/fonsvinum.com\/de\/produkt\/amarone-della-valpolicella-valpantena-villa-arvedi-bertani-2017\/","url":"https:\/\/fonsvinum.com\/de\/produkt\/amarone-della-valpolicella-valpantena-villa-arvedi-bertani-2017\/","name":"Amarone della Valpolicella Valpantena Villa Arvedi BERTANI 2017","isPartOf":{"@id":"https:\/\/fonsvinum.com\/en\/#website"},"primaryImageOfPage":{"@id":"https:\/\/fonsvinum.com\/de\/produkt\/amarone-della-valpolicella-valpantena-villa-arvedi-bertani-2017\/#primaryimage"},"image":{"@id":"https:\/\/fonsvinum.com\/de\/produkt\/amarone-della-valpolicella-valpantena-villa-arvedi-bertani-2017\/#primaryimage"},"thumbnailUrl":"https:\/\/fonsvinum.com\/files\/2013\/04\/amarone-valpolicella-classico-bertani-villa-arvedi.png","datePublished":"2025-01-14T16:18:40+00:00","dateModified":"2026-04-14T13:43:19+00:00","description":"Amarone della Valpolicella Valpantena Villa Arvedi BERTANI 2017 Sammlerwein kostenloser Versand auf Fons Vinum seltene Weine online","breadcrumb":{"@id":"https:\/\/fonsvinum.com\/de\/produkt\/amarone-della-valpolicella-valpantena-villa-arvedi-bertani-2017\/#breadcrumb"},"inLanguage":"de","potentialAction":[{"@type":"ReadAction","target":["https:\/\/fonsvinum.com\/de\/produkt\/amarone-della-valpolicella-valpantena-villa-arvedi-bertani-2017\/"]}]},{"@type":"ImageObject","inLanguage":"de","@id":"https:\/\/fonsvinum.com\/de\/produkt\/amarone-della-valpolicella-valpantena-villa-arvedi-bertani-2017\/#primaryimage","url":"https:\/\/fonsvinum.com\/files\/2013\/04\/amarone-valpolicella-classico-bertani-villa-arvedi.png","contentUrl":"https:\/\/fonsvinum.com\/files\/2013\/04\/amarone-valpolicella-classico-bertani-villa-arvedi.png","width":172,"height":535,"caption":"Amarone della Valpolicella Villa Arvedi BERTANI kostenloser Versand"},{"@type":"BreadcrumbList","@id":"https:\/\/fonsvinum.com\/de\/produkt\/amarone-della-valpolicella-valpantena-villa-arvedi-bertani-2017\/#breadcrumb","itemListElement":[{"@type":"ListItem","position":1,"name":"Startseite","item":"https:\/\/fonsvinum.com\/de\/"},{"@type":"ListItem","position":2,"name":"Shop","item":"https:\/\/fonsvinum.com\/de\/shop\/"},{"@type":"ListItem","position":3,"name":"Amarone della Valpolicella Valpantena Villa Arvedi BERTANI 2017"}]},{"@type":"WebSite","@id":"https:\/\/fonsvinum.com\/en\/#website","url":"https:\/\/fonsvinum.com\/en\/","name":"Fons Vinum","description":"Vendita Vino Online","publisher":{"@id":"https:\/\/fonsvinum.com\/en\/#organization"},"potentialAction":[{"@type":"SearchAction","target":{"@type":"EntryPoint","urlTemplate":"https:\/\/fonsvinum.com\/en\/?s={search_term_string}"},"query-input":{"@type":"PropertyValueSpecification","valueRequired":true,"valueName":"search_term_string"}}],"inLanguage":"de"},{"@type":"Organization","@id":"https:\/\/fonsvinum.com\/en\/#organization","name":"Fons Vinum","url":"https:\/\/fonsvinum.com\/en\/","logo":{"@type":"ImageObject","inLanguage":"de","@id":"https:\/\/fonsvinum.com\/en\/#\/schema\/logo\/image\/","url":"","contentUrl":"","caption":"Fons Vinum"},"image":{"@id":"https:\/\/fonsvinum.com\/en\/#\/schema\/logo\/image\/"}}]}},"acf":[],"_links":{"self":[{"href":"https:\/\/fonsvinum.com\/de\/wp-json\/wp\/v2\/product\/45141","targetHints":{"allow":["GET"]}}],"collection":[{"href":"https:\/\/fonsvinum.com\/de\/wp-json\/wp\/v2\/product"}],"about":[{"href":"https:\/\/fonsvinum.com\/de\/wp-json\/wp\/v2\/types\/product"}],"replies":[{"embeddable":true,"href":"https:\/\/fonsvinum.com\/de\/wp-json\/wp\/v2\/comments?post=45141"}],"wp:featuredmedia":[{"embeddable":true,"href":"https:\/\/fonsvinum.com\/de\/wp-json\/wp\/v2\/media\/5694"}],"wp:attachment":[{"href":"https:\/\/fonsvinum.com\/de\/wp-json\/wp\/v2\/media?parent=45141"}],"wp:term":[{"taxonomy":"product_brand","embeddable":true,"href":"https:\/\/fonsvinum.com\/de\/wp-json\/wp\/v2\/product_brand?post=45141"},{"taxonomy":"product_cat","embeddable":true,"href":"https:\/\/fonsvinum.com\/de\/wp-json\/wp\/v2\/product_cat?post=45141"},{"taxonomy":"product_tag","embeddable":true,"href":"https:\/\/fonsvinum.com\/de\/wp-json\/wp\/v2\/product_tag?post=45141"}],"curies":[{"name":"wp","href":"https:\/\/api.w.org\/{rel}","templated":true}]}}