{"id":45037,"date":"2024-12-17T16:10:25","date_gmt":"2024-12-17T15:10:25","guid":{"rendered":"https:\/\/fonsvinum.com\/?post_type=product&#038;p=45037"},"modified":"2024-12-17T16:14:07","modified_gmt":"2024-12-17T15:14:07","slug":"massolino-barbaresco-2021","status":"publish","type":"product","link":"https:\/\/fonsvinum.com\/de\/produkt\/massolino-barbaresco-2021\/","title":{"rendered":"MASSOLINO Barbaresco 2021"},"content":{"rendered":"<h2><a href=\"https:\/\/fonsvinum.com\/de\/attributes\/producer\/massolino-de\/\">MASSOLINO<\/a> Barbaresco 2021<\/h2>\n<p>MASSOLINO <a href=\"https:\/\/www.shopinlanghe.com\/sellers?render_type=sellerview&amp;id_seller=5\">Barbaresco <\/a>2021<\/p>\n<h2>MASSOLINO<\/h2>\n<p>Die GESCHICHTE der Familie Massolino und ihrer Weine verbindet sich mit der Geschichte von Serralunga d\u2019Alba im Jahre 1896, als Giovanni das Unternehmen gr\u00fcndete. GIOVANNI war der erste, der den elektrischen Strom und den Dampfdrescher in das Dorf brachte. Ein unternehmungsfreudiger, HARTN\u00c4CKIGER und KREATIVER Mann, Oberhaupt einer Familie, die aus der Verm\u00e4hlung zwischen Inspiration und Tradition einen Grund des STOLZES schaffte.<\/p>\n<h3>-Familie-<\/h3>\n<p>Der erste Keller wurde von Giuseppe, Sohn des Gr\u00fcnders Giovanni, gebaut, der zusammen mit seiner Schwester Angela den Besitz auf die besten Grundst\u00fccke ausdehnte und 1934 zu den Gr\u00fcndern der Genossenschaft zum Schutz des Barolo und Barbaresco geh\u00f6rte. Damals z\u00e4hlten zur Familie von Giuseppe sechs Kinder. Drei davon, Giovanni, Camilla und Renato traten in die Fu\u00dfstapfen des Vaters und bewirkten eine Wende des Unternehmens durch den Erwerb von drei Einzellagen, bei denen es sich um regelrechte Schmuckst\u00fccke handelte:Margheria, Parafada und Vigna Rionda.<\/p>\n<h3>-Philosophie-<\/h3>\n<p>Wein produzieren mit Leidenschaft, in dessen Ursprungsgebiet, unter Bewahrung der TYPIZIT\u00c4T der autochthonen Rebsorten, in der \u00dcberzeugung, dass zwischen den Reben, den H\u00fcgeln und den Winzern eine tiefe und tastbare Verbundenheit existiert, bestehend aus einer durch die Vertrautheit zu denselben St\u00e4tten gefestigten Affinit\u00e4t. Seit 1896 erzeugt die Familie Massolino auf diese Weise ihre Weine, GETREU dieser Philosophie und getreu der F\u00e4higkeit zu Innovationen im Zeichen der TRADITION.<br \/>\nAlso im Grunde genommen: sich selbst getreu.<\/p>\n<h2>BARBARESO MASSOLINO<\/h2>\n<p><strong>Anmerkungen<\/strong>: Das Gel\u00e4nde der Gegend von Barbaresco bietet einen ganz besonderen Ausdruck von Nebbiolo. Diese Weinberge sind in der Lage, Weine mit einer au\u00dfergew\u00f6hnlichen Balance und Finesse, zart und elegant zu schenken. Ein sehr \u00fcberzeugender und faszinierender Ausdruck.<\/p>\n<p><strong>Am Anblick<\/strong>: mittelintensives Granatrot.<\/p>\n<p><strong>An der Nase<\/strong>: verf\u00fchrerische florale Noten, begleitet von Noten von roten Fr\u00fcchten, die dem Glas eine ganz bestimmte Identit\u00e4t verleihen; Wir sind mit sanfteren und zarteren Weinen als unsere Barolo konfrontiert, aber mit einem unglaublichen Charme.<\/p>\n<p><strong>Am Gaumen<\/strong>: gro\u00dfe Harmonie, gut gegl\u00e4ttete Tannine und ausgeglichene S\u00e4ure; Es verf\u00fcgt \u00fcber eine Angenehmheit, die zweifellos den Charakter dieser au\u00dfergew\u00f6hnlichen Gebiete unterstreicht&#8230; sind die Eigenschaften, nach denen wir in unseren Barbaresco-Weinen suchen!<br \/>\nEs wird empfohlen, es bei einer Temperatur von 18-20\u00b0C zu karaffen und zu trinken. Es dr\u00fcckt sich am besten in Kombination mit reichhaltigen und schmackhaften Gerichten aus, von frischen Nudeln mit reichen Fleisch- oder Gem\u00fcsesaucen bis hin zu roten Fleischgerichten, gegrillt oder gebraten. Auch ausgezeichnet zu K\u00e4se, von weichen Nudeln bis zu zarten Blauschimmelk\u00e4se.<\/p>\n<p><strong>Enth\u00e4lt Sulfite<\/strong><\/p>\n","protected":false},"excerpt":{"rendered":"<p>MASSOLINO Barbaresco 2021 MASSOLINO Barbaresco 2021 MASSOLINO Die GESCHICHTE der Familie Massolino und ihrer Weine verbindet sich mit der Geschichte von Serralunga d\u2019Alba im Jahre 1896, als Giovanni das Unternehmen gr\u00fcndete. GIOVANNI war der erste, der den elektrischen Strom und den Dampfdrescher in das Dorf brachte. Ein unternehmungsfreudiger, HARTN\u00c4CKIGER und KREATIVER Mann, Oberhaupt einer Familie, [&hellip;]<\/p>\n","protected":false},"featured_media":42252,"comment_status":"open","ping_status":"closed","template":"","meta":{"_acf_changed":false,"_monsterinsights_skip_tracking":false,"_monsterinsights_sitenote_active":false,"_monsterinsights_sitenote_note":"","_monsterinsights_sitenote_category":0},"product_brand":[],"product_cat":[1824],"product_tag":[15895,15893,15959],"class_list":{"0":"post-45037","1":"product","2":"type-product","3":"status-publish","4":"has-post-thumbnail","6":"product_cat-barolo-de","7":"product_tag-barbaresco-de-2","8":"product_tag-piemonte-de","9":"product_tag-vino-rosso-de","10":"pa_appellation-barbaresco-docg-de","11":"pa_formato-0-75-l-flasche-de","12":"pa_producer-massolino-de","13":"pa_region-piemont-de","14":"pa_vine-100-nebbiolo-de","15":"pa_vintage-18393","17":"first","18":"instock","19":"taxable","20":"shipping-taxable","21":"purchasable","22":"product-type-simple"},"bundled_by":[],"bundle_stock_status":"instock","bundle_stock_quantity":24,"bundle_virtual":false,"bundle_layout":"","bundle_add_to_cart_form_location":"","bundle_editable_in_cart":false,"bundle_sold_individually_context":"","bundle_item_grouping":"","bundle_min_size":"","bundle_max_size":"","bundle_price":[],"bundled_items":[],"bundle_sell_ids":[],"yoast_head":"<!-- This site is optimized with the Yoast SEO plugin v27.3 - https:\/\/yoast.com\/product\/yoast-seo-wordpress\/ -->\n<title>Kaufen on line MASSOLINO Barbaresco 2021 auf Fons Vinum<\/title>\n<meta name=\"description\" content=\"MASSOLINO Barbaresco 2021- Fons Vinum - DER WEIN, SEIN BODEN, EINE FAMILIE, 100 JAHRE ARBEIT, VIER GENERATIONEN UND EINE GROSSE LIEBE ZUM EIGENEN LAND.\" \/>\n<meta name=\"robots\" content=\"index, follow, max-snippet:-1, max-image-preview:large, max-video-preview:-1\" \/>\n<link rel=\"canonical\" href=\"https:\/\/fonsvinum.com\/de\/produkt\/massolino-barbaresco-2021\/\" \/>\n<meta property=\"og:locale\" content=\"de_DE\" \/>\n<meta property=\"og:type\" content=\"article\" \/>\n<meta property=\"og:title\" content=\"Kaufen on line MASSOLINO Barbaresco 2021 auf Fons Vinum\" \/>\n<meta property=\"og:description\" content=\"MASSOLINO Barbaresco 2021- Fons Vinum - DER WEIN, SEIN BODEN, EINE FAMILIE, 100 JAHRE ARBEIT, VIER GENERATIONEN UND EINE GROSSE LIEBE ZUM EIGENEN LAND.\" \/>\n<meta property=\"og:url\" content=\"https:\/\/fonsvinum.com\/de\/produkt\/massolino-barbaresco-2021\/\" \/>\n<meta property=\"og:site_name\" content=\"Fons Vinum\" \/>\n<meta property=\"article:modified_time\" content=\"2024-12-17T15:14:07+00:00\" \/>\n<meta property=\"og:image\" content=\"https:\/\/fonsvinum.com\/files\/2023\/10\/MASSOLINO-Barbaresco-2020.png\" \/>\n\t<meta property=\"og:image:width\" content=\"200\" \/>\n\t<meta property=\"og:image:height\" content=\"600\" \/>\n\t<meta property=\"og:image:type\" content=\"image\/png\" \/>\n<meta name=\"twitter:label1\" content=\"Gesch\u00e4tzte Lesezeit\" \/>\n\t<meta name=\"twitter:data1\" content=\"3\u00a0Minuten\" \/>\n<script type=\"application\/ld+json\" class=\"yoast-schema-graph\">{\"@context\":\"https:\\\/\\\/schema.org\",\"@graph\":[{\"@type\":\"WebPage\",\"@id\":\"https:\\\/\\\/fonsvinum.com\\\/de\\\/produkt\\\/massolino-barbaresco-2021\\\/\",\"url\":\"https:\\\/\\\/fonsvinum.com\\\/de\\\/produkt\\\/massolino-barbaresco-2021\\\/\",\"name\":\"Kaufen on line MASSOLINO Barbaresco 2021 auf Fons Vinum\",\"isPartOf\":{\"@id\":\"https:\\\/\\\/fonsvinum.com\\\/en\\\/#website\"},\"primaryImageOfPage\":{\"@id\":\"https:\\\/\\\/fonsvinum.com\\\/de\\\/produkt\\\/massolino-barbaresco-2021\\\/#primaryimage\"},\"image\":{\"@id\":\"https:\\\/\\\/fonsvinum.com\\\/de\\\/produkt\\\/massolino-barbaresco-2021\\\/#primaryimage\"},\"thumbnailUrl\":\"https:\\\/\\\/fonsvinum.com\\\/files\\\/2023\\\/10\\\/MASSOLINO-Barbaresco-2020.png\",\"datePublished\":\"2024-12-17T15:10:25+00:00\",\"dateModified\":\"2024-12-17T15:14:07+00:00\",\"description\":\"MASSOLINO Barbaresco 2021- Fons Vinum - DER WEIN, SEIN BODEN, EINE FAMILIE, 100 JAHRE ARBEIT, VIER GENERATIONEN UND EINE GROSSE LIEBE ZUM EIGENEN LAND.\",\"breadcrumb\":{\"@id\":\"https:\\\/\\\/fonsvinum.com\\\/de\\\/produkt\\\/massolino-barbaresco-2021\\\/#breadcrumb\"},\"inLanguage\":\"de\",\"potentialAction\":[{\"@type\":\"ReadAction\",\"target\":[\"https:\\\/\\\/fonsvinum.com\\\/de\\\/produkt\\\/massolino-barbaresco-2021\\\/\"]}]},{\"@type\":\"ImageObject\",\"inLanguage\":\"de\",\"@id\":\"https:\\\/\\\/fonsvinum.com\\\/de\\\/produkt\\\/massolino-barbaresco-2021\\\/#primaryimage\",\"url\":\"https:\\\/\\\/fonsvinum.com\\\/files\\\/2023\\\/10\\\/MASSOLINO-Barbaresco-2020.png\",\"contentUrl\":\"https:\\\/\\\/fonsvinum.com\\\/files\\\/2023\\\/10\\\/MASSOLINO-Barbaresco-2020.png\",\"width\":200,\"height\":600},{\"@type\":\"BreadcrumbList\",\"@id\":\"https:\\\/\\\/fonsvinum.com\\\/de\\\/produkt\\\/massolino-barbaresco-2021\\\/#breadcrumb\",\"itemListElement\":[{\"@type\":\"ListItem\",\"position\":1,\"name\":\"Startseite\",\"item\":\"https:\\\/\\\/fonsvinum.com\\\/de\\\/\"},{\"@type\":\"ListItem\",\"position\":2,\"name\":\"Shop\",\"item\":\"https:\\\/\\\/fonsvinum.com\\\/de\\\/shop\\\/\"},{\"@type\":\"ListItem\",\"position\":3,\"name\":\"MASSOLINO Barbaresco 2021\"}]},{\"@type\":\"WebSite\",\"@id\":\"https:\\\/\\\/fonsvinum.com\\\/en\\\/#website\",\"url\":\"https:\\\/\\\/fonsvinum.com\\\/en\\\/\",\"name\":\"Fons Vinum\",\"description\":\"Vendita Vino Online\",\"publisher\":{\"@id\":\"https:\\\/\\\/fonsvinum.com\\\/en\\\/#organization\"},\"potentialAction\":[{\"@type\":\"SearchAction\",\"target\":{\"@type\":\"EntryPoint\",\"urlTemplate\":\"https:\\\/\\\/fonsvinum.com\\\/en\\\/?s={search_term_string}\"},\"query-input\":{\"@type\":\"PropertyValueSpecification\",\"valueRequired\":true,\"valueName\":\"search_term_string\"}}],\"inLanguage\":\"de\"},{\"@type\":\"Organization\",\"@id\":\"https:\\\/\\\/fonsvinum.com\\\/en\\\/#organization\",\"name\":\"Fons Vinum\",\"url\":\"https:\\\/\\\/fonsvinum.com\\\/en\\\/\",\"logo\":{\"@type\":\"ImageObject\",\"inLanguage\":\"de\",\"@id\":\"https:\\\/\\\/fonsvinum.com\\\/en\\\/#\\\/schema\\\/logo\\\/image\\\/\",\"url\":\"\",\"contentUrl\":\"\",\"caption\":\"Fons Vinum\"},\"image\":{\"@id\":\"https:\\\/\\\/fonsvinum.com\\\/en\\\/#\\\/schema\\\/logo\\\/image\\\/\"}}]}<\/script>\n<!-- \/ Yoast SEO plugin. -->","yoast_head_json":{"title":"Kaufen on line MASSOLINO Barbaresco 2021 auf Fons Vinum","description":"MASSOLINO Barbaresco 2021- Fons Vinum - DER WEIN, SEIN BODEN, EINE FAMILIE, 100 JAHRE ARBEIT, VIER GENERATIONEN UND EINE GROSSE LIEBE ZUM EIGENEN LAND.","robots":{"index":"index","follow":"follow","max-snippet":"max-snippet:-1","max-image-preview":"max-image-preview:large","max-video-preview":"max-video-preview:-1"},"canonical":"https:\/\/fonsvinum.com\/de\/produkt\/massolino-barbaresco-2021\/","og_locale":"de_DE","og_type":"article","og_title":"Kaufen on line MASSOLINO Barbaresco 2021 auf Fons Vinum","og_description":"MASSOLINO Barbaresco 2021- Fons Vinum - DER WEIN, SEIN BODEN, EINE FAMILIE, 100 JAHRE ARBEIT, VIER GENERATIONEN UND EINE GROSSE LIEBE ZUM EIGENEN LAND.","og_url":"https:\/\/fonsvinum.com\/de\/produkt\/massolino-barbaresco-2021\/","og_site_name":"Fons Vinum","article_modified_time":"2024-12-17T15:14:07+00:00","og_image":[{"width":200,"height":600,"url":"https:\/\/fonsvinum.com\/files\/2023\/10\/MASSOLINO-Barbaresco-2020.png","type":"image\/png"}],"twitter_misc":{"Gesch\u00e4tzte Lesezeit":"3\u00a0Minuten"},"schema":{"@context":"https:\/\/schema.org","@graph":[{"@type":"WebPage","@id":"https:\/\/fonsvinum.com\/de\/produkt\/massolino-barbaresco-2021\/","url":"https:\/\/fonsvinum.com\/de\/produkt\/massolino-barbaresco-2021\/","name":"Kaufen on line MASSOLINO Barbaresco 2021 auf Fons Vinum","isPartOf":{"@id":"https:\/\/fonsvinum.com\/en\/#website"},"primaryImageOfPage":{"@id":"https:\/\/fonsvinum.com\/de\/produkt\/massolino-barbaresco-2021\/#primaryimage"},"image":{"@id":"https:\/\/fonsvinum.com\/de\/produkt\/massolino-barbaresco-2021\/#primaryimage"},"thumbnailUrl":"https:\/\/fonsvinum.com\/files\/2023\/10\/MASSOLINO-Barbaresco-2020.png","datePublished":"2024-12-17T15:10:25+00:00","dateModified":"2024-12-17T15:14:07+00:00","description":"MASSOLINO Barbaresco 2021- Fons Vinum - DER WEIN, SEIN BODEN, EINE FAMILIE, 100 JAHRE ARBEIT, VIER GENERATIONEN UND EINE GROSSE LIEBE ZUM EIGENEN LAND.","breadcrumb":{"@id":"https:\/\/fonsvinum.com\/de\/produkt\/massolino-barbaresco-2021\/#breadcrumb"},"inLanguage":"de","potentialAction":[{"@type":"ReadAction","target":["https:\/\/fonsvinum.com\/de\/produkt\/massolino-barbaresco-2021\/"]}]},{"@type":"ImageObject","inLanguage":"de","@id":"https:\/\/fonsvinum.com\/de\/produkt\/massolino-barbaresco-2021\/#primaryimage","url":"https:\/\/fonsvinum.com\/files\/2023\/10\/MASSOLINO-Barbaresco-2020.png","contentUrl":"https:\/\/fonsvinum.com\/files\/2023\/10\/MASSOLINO-Barbaresco-2020.png","width":200,"height":600},{"@type":"BreadcrumbList","@id":"https:\/\/fonsvinum.com\/de\/produkt\/massolino-barbaresco-2021\/#breadcrumb","itemListElement":[{"@type":"ListItem","position":1,"name":"Startseite","item":"https:\/\/fonsvinum.com\/de\/"},{"@type":"ListItem","position":2,"name":"Shop","item":"https:\/\/fonsvinum.com\/de\/shop\/"},{"@type":"ListItem","position":3,"name":"MASSOLINO Barbaresco 2021"}]},{"@type":"WebSite","@id":"https:\/\/fonsvinum.com\/en\/#website","url":"https:\/\/fonsvinum.com\/en\/","name":"Fons Vinum","description":"Vendita Vino Online","publisher":{"@id":"https:\/\/fonsvinum.com\/en\/#organization"},"potentialAction":[{"@type":"SearchAction","target":{"@type":"EntryPoint","urlTemplate":"https:\/\/fonsvinum.com\/en\/?s={search_term_string}"},"query-input":{"@type":"PropertyValueSpecification","valueRequired":true,"valueName":"search_term_string"}}],"inLanguage":"de"},{"@type":"Organization","@id":"https:\/\/fonsvinum.com\/en\/#organization","name":"Fons Vinum","url":"https:\/\/fonsvinum.com\/en\/","logo":{"@type":"ImageObject","inLanguage":"de","@id":"https:\/\/fonsvinum.com\/en\/#\/schema\/logo\/image\/","url":"","contentUrl":"","caption":"Fons Vinum"},"image":{"@id":"https:\/\/fonsvinum.com\/en\/#\/schema\/logo\/image\/"}}]}},"acf":[],"_links":{"self":[{"href":"https:\/\/fonsvinum.com\/de\/wp-json\/wp\/v2\/product\/45037","targetHints":{"allow":["GET"]}}],"collection":[{"href":"https:\/\/fonsvinum.com\/de\/wp-json\/wp\/v2\/product"}],"about":[{"href":"https:\/\/fonsvinum.com\/de\/wp-json\/wp\/v2\/types\/product"}],"replies":[{"embeddable":true,"href":"https:\/\/fonsvinum.com\/de\/wp-json\/wp\/v2\/comments?post=45037"}],"wp:featuredmedia":[{"embeddable":true,"href":"https:\/\/fonsvinum.com\/de\/wp-json\/wp\/v2\/media\/42252"}],"wp:attachment":[{"href":"https:\/\/fonsvinum.com\/de\/wp-json\/wp\/v2\/media?parent=45037"}],"wp:term":[{"taxonomy":"product_brand","embeddable":true,"href":"https:\/\/fonsvinum.com\/de\/wp-json\/wp\/v2\/product_brand?post=45037"},{"taxonomy":"product_cat","embeddable":true,"href":"https:\/\/fonsvinum.com\/de\/wp-json\/wp\/v2\/product_cat?post=45037"},{"taxonomy":"product_tag","embeddable":true,"href":"https:\/\/fonsvinum.com\/de\/wp-json\/wp\/v2\/product_tag?post=45037"}],"curies":[{"name":"wp","href":"https:\/\/api.w.org\/{rel}","templated":true}]}}