{"id":44973,"date":"2024-12-05T11:32:12","date_gmt":"2024-12-05T10:32:12","guid":{"rendered":"https:\/\/fonsvinum.com\/?post_type=product&#038;p=44973"},"modified":"2026-04-14T15:43:34","modified_gmt":"2026-04-14T13:43:34","slug":"moscato-dasti-canelli-ciombo-docg-tenuta-il-falchetto-2024","status":"publish","type":"product","link":"https:\/\/fonsvinum.com\/de\/produkt\/moscato-dasti-canelli-ciombo-docg-tenuta-il-falchetto-2024\/","title":{"rendered":"MOSCATO D&#8217;ASTI CANELLI CIOMBO DOCG Tenuta Il Falchetto 2024"},"content":{"rendered":"<h1>MOSCATO D&#8217;ASTI CANELLI CIOMBO DOCG Tenuta Il Falchetto 2024<\/h1>\n<h1>Tenuta Il Falchetto<\/h1>\n<p><strong>Santo Stefano Belbo<\/strong> ist eine kleine, aber bedeutende Gemeinde in der Provinz Cuneo, deren Fl\u00e4che zu etwa 70% mit Weinbergen bedeckt ist.<br \/>\nSie liegt am rechten Ufer des Flusses Tanaro, zwischen den beiden wichtigsten Weinbaugebieten der Region Piemont in der Provinz Cuneo und der Provinz Asti, die seit 2014 teilweise zum UNESCO-Weltkulturerbe geh\u00f6ren.<\/p>\n<p>Die ersten Dokumente \u00fcber die Familie Forno, die urspr\u00fcnglich aus S. Stefano Belbo stammt, gehen auf die Mitte des 17. Jahrhunderts zur\u00fcck, und noch heute findet man auf alten Karten die &#8222;Cascina Forno&#8220;, auch &#8222;Tenuta Il Falchetto&#8220; genannt.<\/p>\n<p>Eine Familie von Landwirten, die sich seit vier Generationen dem Weinbau widmet \u2013 Pietro Forno begann bereits 1940 mit der Produktion der ersten Flaschen Moscato.<\/p>\n<p>Ende der 1970er Jahre \u00fcbergab Pietro die Leitung des Weinguts an seine S\u00f6hne Natalino und Luigi, die die Kellerr\u00e4ume erneuerten und modernste Anlagen f\u00fcr die Traubenverarbeitung und G\u00e4rung einf\u00fchrten.<\/p>\n<p>Heute wird das Weingut mit Stolz von den Br\u00fcdern Giorgio, Fabrizio und Adriano Forno gef\u00fchrt und besteht aus drei G\u00fctern in der Provinz Cuneo in den Gemeinden Santo Stefano Belbo und Castiglione Tinella sowie drei in der Provinz Asti in den Gemeinden Agliano Terme und Calosso, auf denen neun verschiedene Rebsorten angebaut werden, sowohl gebietstypische als auch internationale.<\/p>\n<p>Die Philosophie der &#8222;Tenuta Il Falchetto&#8220; besteht darin, ausschlie\u00dflich Weine von h\u00f6chster Qualit\u00e4t zu erzeugen und den Kunden zu garantieren, in jeder Flasche den maximalen Ausdruck jenes Weins aus jenem einzelnen Weinberg zu finden.<\/p>\n<h4>Der Wein<\/h4>\n<p>Aus 100% Moscato-Trauben.<\/p>\n<p>Der Festwein schlechthin ist der ideale Begleiter f\u00fcr freundschaftliche Gespr\u00e4che nach dem Essen.<\/p>\n<p>In der Nase gro\u00dfe Aromen von frischen Bl\u00fcten, umh\u00fcllender Gaumen mit einer erfrischenden Zitrusnote im Finale, die die Frische unterstreicht<\/p>\n<p>Seine S\u00fc\u00dfe und Aromatik harmonieren hervorragend mit hausgemachten Desserts und trockenem Geb\u00e4ck zu jeder Tageszeit.<\/p>\n","protected":false},"excerpt":{"rendered":"<p>MOSCATO D&#8217;ASTI CANELLI CIOMBO DOCG Tenuta Il Falchetto 2024 Tenuta Il Falchetto Santo Stefano Belbo ist eine kleine, aber bedeutende Gemeinde in der Provinz Cuneo, deren Fl\u00e4che zu etwa 70% mit Weinbergen bedeckt ist. Sie liegt am rechten Ufer des Flusses Tanaro, zwischen den beiden wichtigsten Weinbaugebieten der Region Piemont in der Provinz Cuneo und [&hellip;]<\/p>\n","protected":false},"featured_media":19441,"comment_status":"open","ping_status":"closed","template":"","meta":{"_acf_changed":false,"_monsterinsights_skip_tracking":false,"_monsterinsights_sitenote_active":false,"_monsterinsights_sitenote_note":"","_monsterinsights_sitenote_category":0},"product_brand":[],"product_cat":[2382,2388],"product_tag":[1751,2418],"class_list":{"0":"post-44973","1":"product","2":"type-product","3":"status-publish","4":"has-post-thumbnail","6":"product_cat-dessertweine-de","7":"product_cat-muskateller-de","8":"product_tag-aussergewoehnliche-weine-aus-italien-de","9":"product_tag-kleine-weinzeuger-de","10":"pa_appellation-moscato-dasti-docg-de","11":"pa_formato-0-75-l-flasche-de","12":"pa_producer-tenuta-il-falchetto-de","13":"pa_region-piemont-de","14":"pa_vine-100-moscato-de","16":"first","17":"instock","18":"taxable","19":"shipping-taxable","20":"purchasable","21":"product-type-simple"},"bundled_by":[],"bundle_stock_status":"instock","bundle_stock_quantity":12,"bundle_virtual":false,"bundle_layout":"","bundle_add_to_cart_form_location":"","bundle_editable_in_cart":false,"bundle_sold_individually_context":"","bundle_item_grouping":"","bundle_min_size":"","bundle_max_size":"","bundle_price":[],"bundled_items":[],"bundle_sell_ids":[],"yoast_head":"<!-- This site is optimized with the Yoast SEO plugin v27.3 - https:\/\/yoast.com\/product\/yoast-seo-wordpress\/ -->\n<title>MOSCATO D&#039;ASTI CIOMBO DOCG Tenuta Falchetto 2024<\/title>\n<meta name=\"description\" content=\"MOSCATO D&#039;ASTI CANELLI CIOMBO DOCG Tenuta Il Falchetto 2024 Aus 100% Moscato-Trauben. In der Nase gro\u00dfe Aromen von frischen Bl\u00fcten, umh\u00fcllender Gaumen\" \/>\n<meta name=\"robots\" content=\"index, follow, max-snippet:-1, max-image-preview:large, max-video-preview:-1\" \/>\n<link rel=\"canonical\" href=\"https:\/\/fonsvinum.com\/de\/produkt\/moscato-dasti-canelli-ciombo-docg-tenuta-il-falchetto-2024\/\" \/>\n<meta property=\"og:locale\" content=\"de_DE\" \/>\n<meta property=\"og:type\" content=\"article\" \/>\n<meta property=\"og:title\" content=\"MOSCATO D&#039;ASTI CIOMBO DOCG Tenuta Falchetto 2024\" \/>\n<meta property=\"og:description\" content=\"MOSCATO D&#039;ASTI CANELLI CIOMBO DOCG Tenuta Il Falchetto 2024 Aus 100% Moscato-Trauben. In der Nase gro\u00dfe Aromen von frischen Bl\u00fcten, umh\u00fcllender Gaumen\" \/>\n<meta property=\"og:url\" content=\"https:\/\/fonsvinum.com\/de\/produkt\/moscato-dasti-canelli-ciombo-docg-tenuta-il-falchetto-2024\/\" \/>\n<meta property=\"og:site_name\" content=\"Fons Vinum\" \/>\n<meta property=\"article:modified_time\" content=\"2026-04-14T13:43:34+00:00\" \/>\n<meta property=\"og:image\" content=\"https:\/\/fonsvinum.com\/files\/2019\/04\/ciombo-tenuta-il-falchetto.jpg\" \/>\n\t<meta property=\"og:image:width\" content=\"797\" \/>\n\t<meta property=\"og:image:height\" content=\"1748\" \/>\n\t<meta property=\"og:image:type\" content=\"image\/jpeg\" \/>\n<meta name=\"twitter:label1\" content=\"Gesch\u00e4tzte Lesezeit\" \/>\n\t<meta name=\"twitter:data1\" content=\"2\u00a0Minuten\" \/>\n<script type=\"application\/ld+json\" class=\"yoast-schema-graph\">{\"@context\":\"https:\\\/\\\/schema.org\",\"@graph\":[{\"@type\":\"WebPage\",\"@id\":\"https:\\\/\\\/fonsvinum.com\\\/de\\\/produkt\\\/moscato-dasti-canelli-ciombo-docg-tenuta-il-falchetto-2024\\\/\",\"url\":\"https:\\\/\\\/fonsvinum.com\\\/de\\\/produkt\\\/moscato-dasti-canelli-ciombo-docg-tenuta-il-falchetto-2024\\\/\",\"name\":\"MOSCATO D'ASTI CIOMBO DOCG Tenuta Falchetto 2024\",\"isPartOf\":{\"@id\":\"https:\\\/\\\/fonsvinum.com\\\/en\\\/#website\"},\"primaryImageOfPage\":{\"@id\":\"https:\\\/\\\/fonsvinum.com\\\/de\\\/produkt\\\/moscato-dasti-canelli-ciombo-docg-tenuta-il-falchetto-2024\\\/#primaryimage\"},\"image\":{\"@id\":\"https:\\\/\\\/fonsvinum.com\\\/de\\\/produkt\\\/moscato-dasti-canelli-ciombo-docg-tenuta-il-falchetto-2024\\\/#primaryimage\"},\"thumbnailUrl\":\"https:\\\/\\\/fonsvinum.com\\\/files\\\/2019\\\/04\\\/ciombo-tenuta-il-falchetto.jpg\",\"datePublished\":\"2024-12-05T10:32:12+00:00\",\"dateModified\":\"2026-04-14T13:43:34+00:00\",\"description\":\"MOSCATO D'ASTI CANELLI CIOMBO DOCG Tenuta Il Falchetto 2024 Aus 100% Moscato-Trauben. In der Nase gro\u00dfe Aromen von frischen Bl\u00fcten, umh\u00fcllender Gaumen\",\"breadcrumb\":{\"@id\":\"https:\\\/\\\/fonsvinum.com\\\/de\\\/produkt\\\/moscato-dasti-canelli-ciombo-docg-tenuta-il-falchetto-2024\\\/#breadcrumb\"},\"inLanguage\":\"de\",\"potentialAction\":[{\"@type\":\"ReadAction\",\"target\":[\"https:\\\/\\\/fonsvinum.com\\\/de\\\/produkt\\\/moscato-dasti-canelli-ciombo-docg-tenuta-il-falchetto-2024\\\/\"]}]},{\"@type\":\"ImageObject\",\"inLanguage\":\"de\",\"@id\":\"https:\\\/\\\/fonsvinum.com\\\/de\\\/produkt\\\/moscato-dasti-canelli-ciombo-docg-tenuta-il-falchetto-2024\\\/#primaryimage\",\"url\":\"https:\\\/\\\/fonsvinum.com\\\/files\\\/2019\\\/04\\\/ciombo-tenuta-il-falchetto.jpg\",\"contentUrl\":\"https:\\\/\\\/fonsvinum.com\\\/files\\\/2019\\\/04\\\/ciombo-tenuta-il-falchetto.jpg\",\"width\":797,\"height\":1748,\"caption\":\"ciombo-tenuta-il-falchetto\"},{\"@type\":\"BreadcrumbList\",\"@id\":\"https:\\\/\\\/fonsvinum.com\\\/de\\\/produkt\\\/moscato-dasti-canelli-ciombo-docg-tenuta-il-falchetto-2024\\\/#breadcrumb\",\"itemListElement\":[{\"@type\":\"ListItem\",\"position\":1,\"name\":\"Startseite\",\"item\":\"https:\\\/\\\/fonsvinum.com\\\/de\\\/\"},{\"@type\":\"ListItem\",\"position\":2,\"name\":\"Shop\",\"item\":\"https:\\\/\\\/fonsvinum.com\\\/de\\\/shop\\\/\"},{\"@type\":\"ListItem\",\"position\":3,\"name\":\"MOSCATO D&#8217;ASTI CANELLI CIOMBO DOCG Tenuta Il Falchetto 2024\"}]},{\"@type\":\"WebSite\",\"@id\":\"https:\\\/\\\/fonsvinum.com\\\/en\\\/#website\",\"url\":\"https:\\\/\\\/fonsvinum.com\\\/en\\\/\",\"name\":\"Fons Vinum\",\"description\":\"Vendita Vino Online\",\"publisher\":{\"@id\":\"https:\\\/\\\/fonsvinum.com\\\/en\\\/#organization\"},\"potentialAction\":[{\"@type\":\"SearchAction\",\"target\":{\"@type\":\"EntryPoint\",\"urlTemplate\":\"https:\\\/\\\/fonsvinum.com\\\/en\\\/?s={search_term_string}\"},\"query-input\":{\"@type\":\"PropertyValueSpecification\",\"valueRequired\":true,\"valueName\":\"search_term_string\"}}],\"inLanguage\":\"de\"},{\"@type\":\"Organization\",\"@id\":\"https:\\\/\\\/fonsvinum.com\\\/en\\\/#organization\",\"name\":\"Fons Vinum\",\"url\":\"https:\\\/\\\/fonsvinum.com\\\/en\\\/\",\"logo\":{\"@type\":\"ImageObject\",\"inLanguage\":\"de\",\"@id\":\"https:\\\/\\\/fonsvinum.com\\\/en\\\/#\\\/schema\\\/logo\\\/image\\\/\",\"url\":\"\",\"contentUrl\":\"\",\"caption\":\"Fons Vinum\"},\"image\":{\"@id\":\"https:\\\/\\\/fonsvinum.com\\\/en\\\/#\\\/schema\\\/logo\\\/image\\\/\"}}]}<\/script>\n<!-- \/ Yoast SEO plugin. -->","yoast_head_json":{"title":"MOSCATO D'ASTI CIOMBO DOCG Tenuta Falchetto 2024","description":"MOSCATO D'ASTI CANELLI CIOMBO DOCG Tenuta Il Falchetto 2024 Aus 100% Moscato-Trauben. In der Nase gro\u00dfe Aromen von frischen Bl\u00fcten, umh\u00fcllender Gaumen","robots":{"index":"index","follow":"follow","max-snippet":"max-snippet:-1","max-image-preview":"max-image-preview:large","max-video-preview":"max-video-preview:-1"},"canonical":"https:\/\/fonsvinum.com\/de\/produkt\/moscato-dasti-canelli-ciombo-docg-tenuta-il-falchetto-2024\/","og_locale":"de_DE","og_type":"article","og_title":"MOSCATO D'ASTI CIOMBO DOCG Tenuta Falchetto 2024","og_description":"MOSCATO D'ASTI CANELLI CIOMBO DOCG Tenuta Il Falchetto 2024 Aus 100% Moscato-Trauben. In der Nase gro\u00dfe Aromen von frischen Bl\u00fcten, umh\u00fcllender Gaumen","og_url":"https:\/\/fonsvinum.com\/de\/produkt\/moscato-dasti-canelli-ciombo-docg-tenuta-il-falchetto-2024\/","og_site_name":"Fons Vinum","article_modified_time":"2026-04-14T13:43:34+00:00","og_image":[{"width":797,"height":1748,"url":"https:\/\/fonsvinum.com\/files\/2019\/04\/ciombo-tenuta-il-falchetto.jpg","type":"image\/jpeg"}],"twitter_misc":{"Gesch\u00e4tzte Lesezeit":"2\u00a0Minuten"},"schema":{"@context":"https:\/\/schema.org","@graph":[{"@type":"WebPage","@id":"https:\/\/fonsvinum.com\/de\/produkt\/moscato-dasti-canelli-ciombo-docg-tenuta-il-falchetto-2024\/","url":"https:\/\/fonsvinum.com\/de\/produkt\/moscato-dasti-canelli-ciombo-docg-tenuta-il-falchetto-2024\/","name":"MOSCATO D'ASTI CIOMBO DOCG Tenuta Falchetto 2024","isPartOf":{"@id":"https:\/\/fonsvinum.com\/en\/#website"},"primaryImageOfPage":{"@id":"https:\/\/fonsvinum.com\/de\/produkt\/moscato-dasti-canelli-ciombo-docg-tenuta-il-falchetto-2024\/#primaryimage"},"image":{"@id":"https:\/\/fonsvinum.com\/de\/produkt\/moscato-dasti-canelli-ciombo-docg-tenuta-il-falchetto-2024\/#primaryimage"},"thumbnailUrl":"https:\/\/fonsvinum.com\/files\/2019\/04\/ciombo-tenuta-il-falchetto.jpg","datePublished":"2024-12-05T10:32:12+00:00","dateModified":"2026-04-14T13:43:34+00:00","description":"MOSCATO D'ASTI CANELLI CIOMBO DOCG Tenuta Il Falchetto 2024 Aus 100% Moscato-Trauben. In der Nase gro\u00dfe Aromen von frischen Bl\u00fcten, umh\u00fcllender Gaumen","breadcrumb":{"@id":"https:\/\/fonsvinum.com\/de\/produkt\/moscato-dasti-canelli-ciombo-docg-tenuta-il-falchetto-2024\/#breadcrumb"},"inLanguage":"de","potentialAction":[{"@type":"ReadAction","target":["https:\/\/fonsvinum.com\/de\/produkt\/moscato-dasti-canelli-ciombo-docg-tenuta-il-falchetto-2024\/"]}]},{"@type":"ImageObject","inLanguage":"de","@id":"https:\/\/fonsvinum.com\/de\/produkt\/moscato-dasti-canelli-ciombo-docg-tenuta-il-falchetto-2024\/#primaryimage","url":"https:\/\/fonsvinum.com\/files\/2019\/04\/ciombo-tenuta-il-falchetto.jpg","contentUrl":"https:\/\/fonsvinum.com\/files\/2019\/04\/ciombo-tenuta-il-falchetto.jpg","width":797,"height":1748,"caption":"ciombo-tenuta-il-falchetto"},{"@type":"BreadcrumbList","@id":"https:\/\/fonsvinum.com\/de\/produkt\/moscato-dasti-canelli-ciombo-docg-tenuta-il-falchetto-2024\/#breadcrumb","itemListElement":[{"@type":"ListItem","position":1,"name":"Startseite","item":"https:\/\/fonsvinum.com\/de\/"},{"@type":"ListItem","position":2,"name":"Shop","item":"https:\/\/fonsvinum.com\/de\/shop\/"},{"@type":"ListItem","position":3,"name":"MOSCATO D&#8217;ASTI CANELLI CIOMBO DOCG Tenuta Il Falchetto 2024"}]},{"@type":"WebSite","@id":"https:\/\/fonsvinum.com\/en\/#website","url":"https:\/\/fonsvinum.com\/en\/","name":"Fons Vinum","description":"Vendita Vino Online","publisher":{"@id":"https:\/\/fonsvinum.com\/en\/#organization"},"potentialAction":[{"@type":"SearchAction","target":{"@type":"EntryPoint","urlTemplate":"https:\/\/fonsvinum.com\/en\/?s={search_term_string}"},"query-input":{"@type":"PropertyValueSpecification","valueRequired":true,"valueName":"search_term_string"}}],"inLanguage":"de"},{"@type":"Organization","@id":"https:\/\/fonsvinum.com\/en\/#organization","name":"Fons Vinum","url":"https:\/\/fonsvinum.com\/en\/","logo":{"@type":"ImageObject","inLanguage":"de","@id":"https:\/\/fonsvinum.com\/en\/#\/schema\/logo\/image\/","url":"","contentUrl":"","caption":"Fons Vinum"},"image":{"@id":"https:\/\/fonsvinum.com\/en\/#\/schema\/logo\/image\/"}}]}},"acf":[],"_links":{"self":[{"href":"https:\/\/fonsvinum.com\/de\/wp-json\/wp\/v2\/product\/44973","targetHints":{"allow":["GET"]}}],"collection":[{"href":"https:\/\/fonsvinum.com\/de\/wp-json\/wp\/v2\/product"}],"about":[{"href":"https:\/\/fonsvinum.com\/de\/wp-json\/wp\/v2\/types\/product"}],"replies":[{"embeddable":true,"href":"https:\/\/fonsvinum.com\/de\/wp-json\/wp\/v2\/comments?post=44973"}],"wp:featuredmedia":[{"embeddable":true,"href":"https:\/\/fonsvinum.com\/de\/wp-json\/wp\/v2\/media\/19441"}],"wp:attachment":[{"href":"https:\/\/fonsvinum.com\/de\/wp-json\/wp\/v2\/media?parent=44973"}],"wp:term":[{"taxonomy":"product_brand","embeddable":true,"href":"https:\/\/fonsvinum.com\/de\/wp-json\/wp\/v2\/product_brand?post=44973"},{"taxonomy":"product_cat","embeddable":true,"href":"https:\/\/fonsvinum.com\/de\/wp-json\/wp\/v2\/product_cat?post=44973"},{"taxonomy":"product_tag","embeddable":true,"href":"https:\/\/fonsvinum.com\/de\/wp-json\/wp\/v2\/product_tag?post=44973"}],"curies":[{"name":"wp","href":"https:\/\/api.w.org\/{rel}","templated":true}]}}