{"id":44815,"date":"2024-11-07T11:34:41","date_gmt":"2024-11-07T10:34:41","guid":{"rendered":"https:\/\/fonsvinum.com\/?post_type=product&#038;p=44815"},"modified":"2024-11-07T15:02:17","modified_gmt":"2024-11-07T14:02:17","slug":"marchesi-frescobaldi-gorgona-rosso-2022","status":"publish","type":"product","link":"https:\/\/fonsvinum.com\/de\/produkt\/marchesi-frescobaldi-gorgona-rosso-2022\/","title":{"rendered":"MARCHESI FRESCOBALDI Gorgona Rosso 2022"},"content":{"rendered":"<h2><a href=\"https:\/\/fonsvinum.com\/de\/attributes\/producer\/marchesi-de-frescobaldi-2-de\/\">MARCHESI FRESCOBALDI<\/a> &#8211; \u00a0Gorgona Rosso 2022<\/h2>\n<p>Aus der Zusammenarbeit zwischen Frescobaldi und dem Gef\u00e4ngnis Instituto di Pena di Gorgona entsteht ein einzigartiger Wein \u2013 angebaut von den H\u00e4ftlingen auf der Insel.<\/p>\n<p>Das Projekt Gorgona entstand im August 2012 dank der Zusammenarbeit zwischen Frescobaldi und Gorgona, dem einzigen Insel-Gef\u00e4ngnis in Europa.\u202f\u202f\u202f Hier verbringen die H\u00e4ftlinge die letzte Phase ihrer Strafe und arbeiten im Kontakt mit der Natur, um F\u00e4higkeiten zu entwickeln, die ihre Wiedereingliederung in das Arbeits- und Sozialleben erleichtern sollen.\u202f\u202f Das Projekt begann in einem kleinen Weinberg inmitten eines nat\u00fcrlichen Amphitheaters mit Blick auf das Meer. Ziel des Projekts war und ist es, H\u00e4ftlingen die M\u00f6glichkeit zu geben, in Zusammenarbeit und unter Aufsicht von Agronomen und \u00d6nologen von Frescobaldi konkrete und aktive Erfahrungen im Bereich des Weinbaus zu sammeln.\u202f\u202f Heute umfasst der Weinberg zwei Hektar, von denen einer in der Anfangszeit und ein zweiter im Jahr 2015 angelegt wurde.\u202f\u202f Aus diesem Weinberg mit Vermentino und Ansonica stammt Gorgona, das Ergebnis der Einzigartigkeit des Ortes, ein Werk des Menschen und Symbol f\u00fcr Hoffnung und Freiheit.<\/p>\n<h2>Weinbeschreibung:<\/h2>\n<p>Der Gorgona 2022 zeichnet sich durch eine intensive rubinrote Farbe mit granatroten Reflexen aus. Das Bouquet ist vielf\u00e4ltig und komplex und \u00f6ffnet sich mit einem Hauch von kleinen roten Beeren, gefolgt von Noten von Wacholder, mediterranen Kr\u00e4utern und s\u00fc\u00dfen Gew\u00fcrzen. Am Gaumen ist der Wein vollmundig und w\u00fcrzig, frisch und mit lebendigen Tanninen. Der Wein ist \u00e4u\u00dferst harmonisch und ausgewogen mit einer wunderbaren geschmacklichen und olfaktorischen Korrespondenz.<\/p>\n<p>&nbsp;<\/p>\n<p>&nbsp;<\/p>\n","protected":false},"excerpt":{"rendered":"<p>MARCHESI FRESCOBALDI &#8211; \u00a0Gorgona Rosso 2022 Aus der Zusammenarbeit zwischen Frescobaldi und dem Gef\u00e4ngnis Instituto di Pena di Gorgona entsteht ein einzigartiger Wein \u2013 angebaut von den H\u00e4ftlingen auf der Insel. Das Projekt Gorgona entstand im August 2012 dank der Zusammenarbeit zwischen Frescobaldi und Gorgona, dem einzigen Insel-Gef\u00e4ngnis in Europa.\u202f\u202f\u202f Hier verbringen die H\u00e4ftlinge die [&hellip;]<\/p>\n","protected":false},"featured_media":44825,"comment_status":"open","ping_status":"closed","template":"","meta":{"_acf_changed":false,"_monsterinsights_skip_tracking":false,"_monsterinsights_sitenote_active":false,"_monsterinsights_sitenote_note":"","_monsterinsights_sitenote_category":0},"product_brand":[],"product_cat":[2162],"product_tag":[3583,17742],"class_list":{"0":"post-44815","1":"product","2":"type-product","3":"status-publish","4":"has-post-thumbnail","6":"product_cat-blend","7":"product_tag-vini-toscani-de","8":"product_tag-vino-bianco-de","9":"pa_appellation-costa-toscana-igt-de","10":"pa_formato-0-75-l-flasche-de","11":"pa_producer-marchesi-de-frescobaldi-2-de","12":"pa_region-toskana-de","13":"pa_vintage-18397","15":"first","16":"instock","17":"sale","18":"taxable","19":"shipping-taxable","20":"purchasable","21":"product-type-simple"},"bundled_by":[],"bundle_stock_status":"instock","bundle_stock_quantity":12,"bundle_virtual":false,"bundle_layout":"","bundle_add_to_cart_form_location":"","bundle_editable_in_cart":false,"bundle_sold_individually_context":"","bundle_item_grouping":"","bundle_min_size":"","bundle_max_size":"","bundle_price":[],"bundled_items":[],"bundle_sell_ids":[],"yoast_head":"<!-- This site is optimized with the Yoast SEO plugin v27.2 - https:\/\/yoast.com\/product\/yoast-seo-wordpress\/ -->\n<title>Kaufen online MARCHESI FRESCOBALDI Gorgona Rosso 2022<\/title>\n<meta name=\"description\" content=\"MARCHESI FRESCOBALDI Gorgona Rosso Jahrgang 2022 Das ist ein einzigartiger Wein \u2013 angebaut von den H\u00e4ftlingen auf der Insel.\" \/>\n<meta name=\"robots\" content=\"index, follow, max-snippet:-1, max-image-preview:large, max-video-preview:-1\" \/>\n<link rel=\"canonical\" href=\"https:\/\/fonsvinum.com\/de\/produkt\/marchesi-frescobaldi-gorgona-rosso-2022\/\" \/>\n<meta property=\"og:locale\" content=\"de_DE\" \/>\n<meta property=\"og:type\" content=\"article\" \/>\n<meta property=\"og:title\" content=\"Kaufen online MARCHESI FRESCOBALDI Gorgona Rosso 2022\" \/>\n<meta property=\"og:description\" content=\"MARCHESI FRESCOBALDI Gorgona Rosso Jahrgang 2022 Das ist ein einzigartiger Wein \u2013 angebaut von den H\u00e4ftlingen auf der Insel.\" \/>\n<meta property=\"og:url\" content=\"https:\/\/fonsvinum.com\/de\/produkt\/marchesi-frescobaldi-gorgona-rosso-2022\/\" \/>\n<meta property=\"og:site_name\" content=\"Fons Vinum\" \/>\n<meta property=\"article:modified_time\" content=\"2024-11-07T14:02:17+00:00\" \/>\n<meta property=\"og:image\" content=\"https:\/\/fonsvinum.com\/files\/2024\/11\/Gorgona-Rosso-Frescobaldi.png\" \/>\n\t<meta property=\"og:image:width\" content=\"200\" \/>\n\t<meta property=\"og:image:height\" content=\"600\" \/>\n\t<meta property=\"og:image:type\" content=\"image\/png\" \/>\n<meta name=\"twitter:label1\" content=\"Gesch\u00e4tzte Lesezeit\" \/>\n\t<meta name=\"twitter:data1\" content=\"2\u00a0Minuten\" \/>\n<script type=\"application\/ld+json\" class=\"yoast-schema-graph\">{\"@context\":\"https:\/\/schema.org\",\"@graph\":[{\"@type\":\"WebPage\",\"@id\":\"https:\/\/fonsvinum.com\/de\/produkt\/marchesi-frescobaldi-gorgona-rosso-2022\/\",\"url\":\"https:\/\/fonsvinum.com\/de\/produkt\/marchesi-frescobaldi-gorgona-rosso-2022\/\",\"name\":\"Kaufen online MARCHESI FRESCOBALDI Gorgona Rosso 2022\",\"isPartOf\":{\"@id\":\"https:\/\/fonsvinum.com\/en\/#website\"},\"primaryImageOfPage\":{\"@id\":\"https:\/\/fonsvinum.com\/de\/produkt\/marchesi-frescobaldi-gorgona-rosso-2022\/#primaryimage\"},\"image\":{\"@id\":\"https:\/\/fonsvinum.com\/de\/produkt\/marchesi-frescobaldi-gorgona-rosso-2022\/#primaryimage\"},\"thumbnailUrl\":\"https:\/\/fonsvinum.com\/files\/2024\/11\/Gorgona-Rosso-Frescobaldi.png\",\"datePublished\":\"2024-11-07T10:34:41+00:00\",\"dateModified\":\"2024-11-07T14:02:17+00:00\",\"description\":\"MARCHESI FRESCOBALDI Gorgona Rosso Jahrgang 2022 Das ist ein einzigartiger Wein \u2013 angebaut von den H\u00e4ftlingen auf der Insel.\",\"breadcrumb\":{\"@id\":\"https:\/\/fonsvinum.com\/de\/produkt\/marchesi-frescobaldi-gorgona-rosso-2022\/#breadcrumb\"},\"inLanguage\":\"de\",\"potentialAction\":[{\"@type\":\"ReadAction\",\"target\":[\"https:\/\/fonsvinum.com\/de\/produkt\/marchesi-frescobaldi-gorgona-rosso-2022\/\"]}]},{\"@type\":\"ImageObject\",\"inLanguage\":\"de\",\"@id\":\"https:\/\/fonsvinum.com\/de\/produkt\/marchesi-frescobaldi-gorgona-rosso-2022\/#primaryimage\",\"url\":\"https:\/\/fonsvinum.com\/files\/2024\/11\/Gorgona-Rosso-Frescobaldi.png\",\"contentUrl\":\"https:\/\/fonsvinum.com\/files\/2024\/11\/Gorgona-Rosso-Frescobaldi.png\",\"width\":200,\"height\":600,\"caption\":\"Marchesi Frescobaldi Gorgona rosso\"},{\"@type\":\"BreadcrumbList\",\"@id\":\"https:\/\/fonsvinum.com\/de\/produkt\/marchesi-frescobaldi-gorgona-rosso-2022\/#breadcrumb\",\"itemListElement\":[{\"@type\":\"ListItem\",\"position\":1,\"name\":\"Startseite\",\"item\":\"https:\/\/fonsvinum.com\/de\/\"},{\"@type\":\"ListItem\",\"position\":2,\"name\":\"Shop\",\"item\":\"https:\/\/fonsvinum.com\/de\/shop\/\"},{\"@type\":\"ListItem\",\"position\":3,\"name\":\"MARCHESI FRESCOBALDI Gorgona Rosso 2022\"}]},{\"@type\":\"WebSite\",\"@id\":\"https:\/\/fonsvinum.com\/en\/#website\",\"url\":\"https:\/\/fonsvinum.com\/en\/\",\"name\":\"Fons Vinum\",\"description\":\"Vendita Vino Online\",\"publisher\":{\"@id\":\"https:\/\/fonsvinum.com\/en\/#organization\"},\"potentialAction\":[{\"@type\":\"SearchAction\",\"target\":{\"@type\":\"EntryPoint\",\"urlTemplate\":\"https:\/\/fonsvinum.com\/en\/?s={search_term_string}\"},\"query-input\":{\"@type\":\"PropertyValueSpecification\",\"valueRequired\":true,\"valueName\":\"search_term_string\"}}],\"inLanguage\":\"de\"},{\"@type\":\"Organization\",\"@id\":\"https:\/\/fonsvinum.com\/en\/#organization\",\"name\":\"Fons Vinum\",\"url\":\"https:\/\/fonsvinum.com\/en\/\",\"logo\":{\"@type\":\"ImageObject\",\"inLanguage\":\"de\",\"@id\":\"https:\/\/fonsvinum.com\/en\/#\/schema\/logo\/image\/\",\"url\":\"\",\"contentUrl\":\"\",\"caption\":\"Fons Vinum\"},\"image\":{\"@id\":\"https:\/\/fonsvinum.com\/en\/#\/schema\/logo\/image\/\"}}]}<\/script>\n<!-- \/ Yoast SEO plugin. -->","yoast_head_json":{"title":"Kaufen online MARCHESI FRESCOBALDI Gorgona Rosso 2022","description":"MARCHESI FRESCOBALDI Gorgona Rosso Jahrgang 2022 Das ist ein einzigartiger Wein \u2013 angebaut von den H\u00e4ftlingen auf der Insel.","robots":{"index":"index","follow":"follow","max-snippet":"max-snippet:-1","max-image-preview":"max-image-preview:large","max-video-preview":"max-video-preview:-1"},"canonical":"https:\/\/fonsvinum.com\/de\/produkt\/marchesi-frescobaldi-gorgona-rosso-2022\/","og_locale":"de_DE","og_type":"article","og_title":"Kaufen online MARCHESI FRESCOBALDI Gorgona Rosso 2022","og_description":"MARCHESI FRESCOBALDI Gorgona Rosso Jahrgang 2022 Das ist ein einzigartiger Wein \u2013 angebaut von den H\u00e4ftlingen auf der Insel.","og_url":"https:\/\/fonsvinum.com\/de\/produkt\/marchesi-frescobaldi-gorgona-rosso-2022\/","og_site_name":"Fons Vinum","article_modified_time":"2024-11-07T14:02:17+00:00","og_image":[{"width":200,"height":600,"url":"https:\/\/fonsvinum.com\/files\/2024\/11\/Gorgona-Rosso-Frescobaldi.png","type":"image\/png"}],"twitter_misc":{"Gesch\u00e4tzte Lesezeit":"2\u00a0Minuten"},"schema":{"@context":"https:\/\/schema.org","@graph":[{"@type":"WebPage","@id":"https:\/\/fonsvinum.com\/de\/produkt\/marchesi-frescobaldi-gorgona-rosso-2022\/","url":"https:\/\/fonsvinum.com\/de\/produkt\/marchesi-frescobaldi-gorgona-rosso-2022\/","name":"Kaufen online MARCHESI FRESCOBALDI Gorgona Rosso 2022","isPartOf":{"@id":"https:\/\/fonsvinum.com\/en\/#website"},"primaryImageOfPage":{"@id":"https:\/\/fonsvinum.com\/de\/produkt\/marchesi-frescobaldi-gorgona-rosso-2022\/#primaryimage"},"image":{"@id":"https:\/\/fonsvinum.com\/de\/produkt\/marchesi-frescobaldi-gorgona-rosso-2022\/#primaryimage"},"thumbnailUrl":"https:\/\/fonsvinum.com\/files\/2024\/11\/Gorgona-Rosso-Frescobaldi.png","datePublished":"2024-11-07T10:34:41+00:00","dateModified":"2024-11-07T14:02:17+00:00","description":"MARCHESI FRESCOBALDI Gorgona Rosso Jahrgang 2022 Das ist ein einzigartiger Wein \u2013 angebaut von den H\u00e4ftlingen auf der Insel.","breadcrumb":{"@id":"https:\/\/fonsvinum.com\/de\/produkt\/marchesi-frescobaldi-gorgona-rosso-2022\/#breadcrumb"},"inLanguage":"de","potentialAction":[{"@type":"ReadAction","target":["https:\/\/fonsvinum.com\/de\/produkt\/marchesi-frescobaldi-gorgona-rosso-2022\/"]}]},{"@type":"ImageObject","inLanguage":"de","@id":"https:\/\/fonsvinum.com\/de\/produkt\/marchesi-frescobaldi-gorgona-rosso-2022\/#primaryimage","url":"https:\/\/fonsvinum.com\/files\/2024\/11\/Gorgona-Rosso-Frescobaldi.png","contentUrl":"https:\/\/fonsvinum.com\/files\/2024\/11\/Gorgona-Rosso-Frescobaldi.png","width":200,"height":600,"caption":"Marchesi Frescobaldi Gorgona rosso"},{"@type":"BreadcrumbList","@id":"https:\/\/fonsvinum.com\/de\/produkt\/marchesi-frescobaldi-gorgona-rosso-2022\/#breadcrumb","itemListElement":[{"@type":"ListItem","position":1,"name":"Startseite","item":"https:\/\/fonsvinum.com\/de\/"},{"@type":"ListItem","position":2,"name":"Shop","item":"https:\/\/fonsvinum.com\/de\/shop\/"},{"@type":"ListItem","position":3,"name":"MARCHESI FRESCOBALDI Gorgona Rosso 2022"}]},{"@type":"WebSite","@id":"https:\/\/fonsvinum.com\/en\/#website","url":"https:\/\/fonsvinum.com\/en\/","name":"Fons Vinum","description":"Vendita Vino Online","publisher":{"@id":"https:\/\/fonsvinum.com\/en\/#organization"},"potentialAction":[{"@type":"SearchAction","target":{"@type":"EntryPoint","urlTemplate":"https:\/\/fonsvinum.com\/en\/?s={search_term_string}"},"query-input":{"@type":"PropertyValueSpecification","valueRequired":true,"valueName":"search_term_string"}}],"inLanguage":"de"},{"@type":"Organization","@id":"https:\/\/fonsvinum.com\/en\/#organization","name":"Fons Vinum","url":"https:\/\/fonsvinum.com\/en\/","logo":{"@type":"ImageObject","inLanguage":"de","@id":"https:\/\/fonsvinum.com\/en\/#\/schema\/logo\/image\/","url":"","contentUrl":"","caption":"Fons Vinum"},"image":{"@id":"https:\/\/fonsvinum.com\/en\/#\/schema\/logo\/image\/"}}]}},"acf":[],"_links":{"self":[{"href":"https:\/\/fonsvinum.com\/de\/wp-json\/wp\/v2\/product\/44815","targetHints":{"allow":["GET"]}}],"collection":[{"href":"https:\/\/fonsvinum.com\/de\/wp-json\/wp\/v2\/product"}],"about":[{"href":"https:\/\/fonsvinum.com\/de\/wp-json\/wp\/v2\/types\/product"}],"replies":[{"embeddable":true,"href":"https:\/\/fonsvinum.com\/de\/wp-json\/wp\/v2\/comments?post=44815"}],"wp:featuredmedia":[{"embeddable":true,"href":"https:\/\/fonsvinum.com\/de\/wp-json\/wp\/v2\/media\/44825"}],"wp:attachment":[{"href":"https:\/\/fonsvinum.com\/de\/wp-json\/wp\/v2\/media?parent=44815"}],"wp:term":[{"taxonomy":"product_brand","embeddable":true,"href":"https:\/\/fonsvinum.com\/de\/wp-json\/wp\/v2\/product_brand?post=44815"},{"taxonomy":"product_cat","embeddable":true,"href":"https:\/\/fonsvinum.com\/de\/wp-json\/wp\/v2\/product_cat?post=44815"},{"taxonomy":"product_tag","embeddable":true,"href":"https:\/\/fonsvinum.com\/de\/wp-json\/wp\/v2\/product_tag?post=44815"}],"curies":[{"name":"wp","href":"https:\/\/api.w.org\/{rel}","templated":true}]}}