{"id":44577,"date":"2024-09-24T10:05:48","date_gmt":"2024-09-24T08:05:48","guid":{"rendered":"https:\/\/fonsvinum.com\/?post_type=product&#038;p=44577"},"modified":"2024-09-24T11:31:25","modified_gmt":"2024-09-24T09:31:25","slug":"amarone-della-valpolicella-classico-bertani-2015","status":"publish","type":"product","link":"https:\/\/fonsvinum.com\/de\/produkt\/amarone-della-valpolicella-classico-bertani-2015\/","title":{"rendered":"Amarone della Valpolicella Classico BERTANI 2015"},"content":{"rendered":"<h1>Amarone della Valpolicella Classico BERTANI 2015<\/h1>\n<p>Bertani Amarone della Valpolicella Classico &#8211; kommt mit schwerem s\u00fc\u00dfem Duft, komplex und aromareich schmeckt er nach reifen roten Kirschen und mit Andeutungen von aromatischen Kr\u00e4utern.<\/p>\n<p>Am Gaumen verf\u00fchrt er durch sein raffiniertes, straffes, saftiges Wesen und mit schmelzend s\u00fc\u00dfen Tanninen.<\/p>\n<p>Dieser hervorragende Amarone kommt von den Weinbergen des Weingutes Bertani in Novare. Die Mergel-Kalkb\u00f6den der Weinberge von Fumane und Marano genie\u00dfen eine der besten Lagen in der klassischen Valpolicella und sind ideal f\u00fcr die Herstellung des Amarone.<\/p>\n<p>Er lagert 6 Jahre in Eichenf\u00e4ssern unterschiedlicher Gr\u00f6\u00dfe. Eine zus\u00e4tzliche Flaschenreifung von mindestens 12 Monaten, lassen diesen Wein zu einem besonderen Erlebnis werden.<\/p>\n","protected":false},"excerpt":{"rendered":"<p>Amarone della Valpolicella Classico BERTANI 2015 Bertani Amarone della Valpolicella Classico &#8211; kommt mit schwerem s\u00fc\u00dfem Duft, komplex und aromareich schmeckt er nach reifen roten Kirschen und mit Andeutungen von aromatischen Kr\u00e4utern. Am Gaumen verf\u00fchrt er durch sein raffiniertes, straffes, saftiges Wesen und mit schmelzend s\u00fc\u00dfen Tanninen. Dieser hervorragende Amarone kommt von den Weinbergen des [&hellip;]<\/p>\n","protected":false},"featured_media":5698,"comment_status":"open","ping_status":"closed","template":"","meta":{"_acf_changed":false,"_monsterinsights_skip_tracking":false,"_monsterinsights_sitenote_active":false,"_monsterinsights_sitenote_note":"","_monsterinsights_sitenote_category":0},"product_brand":[],"product_cat":[2336],"product_tag":[15959],"class_list":{"0":"post-44577","1":"product","2":"type-product","3":"status-publish","4":"has-post-thumbnail","6":"product_cat-amarone-de","7":"product_tag-vino-rosso-de","8":"pa_appellation-amarone-della-valpolicella-docg-de","9":"pa_formato-0-75-l-flasche-de","10":"pa_producer-bertani-de","11":"pa_region-venetien-de","12":"pa_vine-80-corvina-20-rondinella-de","13":"pa_vintage-2015-de","15":"first","16":"instock","17":"sale","18":"taxable","19":"shipping-taxable","20":"purchasable","21":"product-type-simple"},"bundled_by":[],"bundle_stock_status":"instock","bundle_stock_quantity":4,"bundle_virtual":false,"bundle_layout":"","bundle_add_to_cart_form_location":"","bundle_editable_in_cart":false,"bundle_sold_individually_context":"","bundle_item_grouping":"","bundle_min_size":"","bundle_max_size":"","bundle_price":[],"bundled_items":[],"bundle_sell_ids":[],"yoast_head":"<!-- This site is optimized with the Yoast SEO plugin v27.3 - https:\/\/yoast.com\/product\/yoast-seo-wordpress\/ -->\n<title>Acquista Amarone della Valpolicella Classico doc Bertani 2015<\/title>\n<meta name=\"description\" content=\"Amarone della Valpolicella Classico BERTANI 2015 dal Veneto i migliori vini da collezione puoi acquistarli su Fons Vinum a casa tua con spedizioni omaggio\" \/>\n<meta name=\"robots\" content=\"index, follow, max-snippet:-1, max-image-preview:large, max-video-preview:-1\" \/>\n<link rel=\"canonical\" href=\"https:\/\/fonsvinum.com\/de\/produkt\/amarone-della-valpolicella-classico-bertani-2015\/\" \/>\n<meta property=\"og:locale\" content=\"de_DE\" \/>\n<meta property=\"og:type\" content=\"article\" \/>\n<meta property=\"og:title\" content=\"Acquista Amarone della Valpolicella Classico doc Bertani 2015\" \/>\n<meta property=\"og:description\" content=\"Amarone della Valpolicella Classico BERTANI 2015 dal Veneto i migliori vini da collezione puoi acquistarli su Fons Vinum a casa tua con spedizioni omaggio\" \/>\n<meta property=\"og:url\" content=\"https:\/\/fonsvinum.com\/de\/produkt\/amarone-della-valpolicella-classico-bertani-2015\/\" \/>\n<meta property=\"og:site_name\" content=\"Fons Vinum\" \/>\n<meta property=\"article:modified_time\" content=\"2024-09-24T09:31:25+00:00\" \/>\n<meta property=\"og:image\" content=\"https:\/\/fonsvinum.com\/files\/2013\/04\/amarone-valpolicella-classico-bertani.png\" \/>\n\t<meta property=\"og:image:width\" content=\"260\" \/>\n\t<meta property=\"og:image:height\" content=\"800\" \/>\n\t<meta property=\"og:image:type\" content=\"image\/png\" \/>\n<meta name=\"twitter:label1\" content=\"Gesch\u00e4tzte Lesezeit\" \/>\n\t<meta name=\"twitter:data1\" content=\"1\u00a0Minute\" \/>\n<script type=\"application\/ld+json\" class=\"yoast-schema-graph\">{\"@context\":\"https:\\\/\\\/schema.org\",\"@graph\":[{\"@type\":\"WebPage\",\"@id\":\"https:\\\/\\\/fonsvinum.com\\\/de\\\/produkt\\\/amarone-della-valpolicella-classico-bertani-2015\\\/\",\"url\":\"https:\\\/\\\/fonsvinum.com\\\/de\\\/produkt\\\/amarone-della-valpolicella-classico-bertani-2015\\\/\",\"name\":\"Acquista Amarone della Valpolicella Classico doc Bertani 2015\",\"isPartOf\":{\"@id\":\"https:\\\/\\\/fonsvinum.com\\\/en\\\/#website\"},\"primaryImageOfPage\":{\"@id\":\"https:\\\/\\\/fonsvinum.com\\\/de\\\/produkt\\\/amarone-della-valpolicella-classico-bertani-2015\\\/#primaryimage\"},\"image\":{\"@id\":\"https:\\\/\\\/fonsvinum.com\\\/de\\\/produkt\\\/amarone-della-valpolicella-classico-bertani-2015\\\/#primaryimage\"},\"thumbnailUrl\":\"https:\\\/\\\/fonsvinum.com\\\/files\\\/2013\\\/04\\\/amarone-valpolicella-classico-bertani.png\",\"datePublished\":\"2024-09-24T08:05:48+00:00\",\"dateModified\":\"2024-09-24T09:31:25+00:00\",\"description\":\"Amarone della Valpolicella Classico BERTANI 2015 dal Veneto i migliori vini da collezione puoi acquistarli su Fons Vinum a casa tua con spedizioni omaggio\",\"breadcrumb\":{\"@id\":\"https:\\\/\\\/fonsvinum.com\\\/de\\\/produkt\\\/amarone-della-valpolicella-classico-bertani-2015\\\/#breadcrumb\"},\"inLanguage\":\"de\",\"potentialAction\":[{\"@type\":\"ReadAction\",\"target\":[\"https:\\\/\\\/fonsvinum.com\\\/de\\\/produkt\\\/amarone-della-valpolicella-classico-bertani-2015\\\/\"]}]},{\"@type\":\"ImageObject\",\"inLanguage\":\"de\",\"@id\":\"https:\\\/\\\/fonsvinum.com\\\/de\\\/produkt\\\/amarone-della-valpolicella-classico-bertani-2015\\\/#primaryimage\",\"url\":\"https:\\\/\\\/fonsvinum.com\\\/files\\\/2013\\\/04\\\/amarone-valpolicella-classico-bertani.png\",\"contentUrl\":\"https:\\\/\\\/fonsvinum.com\\\/files\\\/2013\\\/04\\\/amarone-valpolicella-classico-bertani.png\",\"width\":260,\"height\":800},{\"@type\":\"BreadcrumbList\",\"@id\":\"https:\\\/\\\/fonsvinum.com\\\/de\\\/produkt\\\/amarone-della-valpolicella-classico-bertani-2015\\\/#breadcrumb\",\"itemListElement\":[{\"@type\":\"ListItem\",\"position\":1,\"name\":\"Startseite\",\"item\":\"https:\\\/\\\/fonsvinum.com\\\/de\\\/\"},{\"@type\":\"ListItem\",\"position\":2,\"name\":\"Shop\",\"item\":\"https:\\\/\\\/fonsvinum.com\\\/de\\\/shop\\\/\"},{\"@type\":\"ListItem\",\"position\":3,\"name\":\"Amarone della Valpolicella Classico BERTANI 2015\"}]},{\"@type\":\"WebSite\",\"@id\":\"https:\\\/\\\/fonsvinum.com\\\/en\\\/#website\",\"url\":\"https:\\\/\\\/fonsvinum.com\\\/en\\\/\",\"name\":\"Fons Vinum\",\"description\":\"Vendita Vino Online\",\"publisher\":{\"@id\":\"https:\\\/\\\/fonsvinum.com\\\/en\\\/#organization\"},\"potentialAction\":[{\"@type\":\"SearchAction\",\"target\":{\"@type\":\"EntryPoint\",\"urlTemplate\":\"https:\\\/\\\/fonsvinum.com\\\/en\\\/?s={search_term_string}\"},\"query-input\":{\"@type\":\"PropertyValueSpecification\",\"valueRequired\":true,\"valueName\":\"search_term_string\"}}],\"inLanguage\":\"de\"},{\"@type\":\"Organization\",\"@id\":\"https:\\\/\\\/fonsvinum.com\\\/en\\\/#organization\",\"name\":\"Fons Vinum\",\"url\":\"https:\\\/\\\/fonsvinum.com\\\/en\\\/\",\"logo\":{\"@type\":\"ImageObject\",\"inLanguage\":\"de\",\"@id\":\"https:\\\/\\\/fonsvinum.com\\\/en\\\/#\\\/schema\\\/logo\\\/image\\\/\",\"url\":\"\",\"contentUrl\":\"\",\"caption\":\"Fons Vinum\"},\"image\":{\"@id\":\"https:\\\/\\\/fonsvinum.com\\\/en\\\/#\\\/schema\\\/logo\\\/image\\\/\"}}]}<\/script>\n<!-- \/ Yoast SEO plugin. -->","yoast_head_json":{"title":"Acquista Amarone della Valpolicella Classico doc Bertani 2015","description":"Amarone della Valpolicella Classico BERTANI 2015 dal Veneto i migliori vini da collezione puoi acquistarli su Fons Vinum a casa tua con spedizioni omaggio","robots":{"index":"index","follow":"follow","max-snippet":"max-snippet:-1","max-image-preview":"max-image-preview:large","max-video-preview":"max-video-preview:-1"},"canonical":"https:\/\/fonsvinum.com\/de\/produkt\/amarone-della-valpolicella-classico-bertani-2015\/","og_locale":"de_DE","og_type":"article","og_title":"Acquista Amarone della Valpolicella Classico doc Bertani 2015","og_description":"Amarone della Valpolicella Classico BERTANI 2015 dal Veneto i migliori vini da collezione puoi acquistarli su Fons Vinum a casa tua con spedizioni omaggio","og_url":"https:\/\/fonsvinum.com\/de\/produkt\/amarone-della-valpolicella-classico-bertani-2015\/","og_site_name":"Fons Vinum","article_modified_time":"2024-09-24T09:31:25+00:00","og_image":[{"width":260,"height":800,"url":"https:\/\/fonsvinum.com\/files\/2013\/04\/amarone-valpolicella-classico-bertani.png","type":"image\/png"}],"twitter_misc":{"Gesch\u00e4tzte Lesezeit":"1\u00a0Minute"},"schema":{"@context":"https:\/\/schema.org","@graph":[{"@type":"WebPage","@id":"https:\/\/fonsvinum.com\/de\/produkt\/amarone-della-valpolicella-classico-bertani-2015\/","url":"https:\/\/fonsvinum.com\/de\/produkt\/amarone-della-valpolicella-classico-bertani-2015\/","name":"Acquista Amarone della Valpolicella Classico doc Bertani 2015","isPartOf":{"@id":"https:\/\/fonsvinum.com\/en\/#website"},"primaryImageOfPage":{"@id":"https:\/\/fonsvinum.com\/de\/produkt\/amarone-della-valpolicella-classico-bertani-2015\/#primaryimage"},"image":{"@id":"https:\/\/fonsvinum.com\/de\/produkt\/amarone-della-valpolicella-classico-bertani-2015\/#primaryimage"},"thumbnailUrl":"https:\/\/fonsvinum.com\/files\/2013\/04\/amarone-valpolicella-classico-bertani.png","datePublished":"2024-09-24T08:05:48+00:00","dateModified":"2024-09-24T09:31:25+00:00","description":"Amarone della Valpolicella Classico BERTANI 2015 dal Veneto i migliori vini da collezione puoi acquistarli su Fons Vinum a casa tua con spedizioni omaggio","breadcrumb":{"@id":"https:\/\/fonsvinum.com\/de\/produkt\/amarone-della-valpolicella-classico-bertani-2015\/#breadcrumb"},"inLanguage":"de","potentialAction":[{"@type":"ReadAction","target":["https:\/\/fonsvinum.com\/de\/produkt\/amarone-della-valpolicella-classico-bertani-2015\/"]}]},{"@type":"ImageObject","inLanguage":"de","@id":"https:\/\/fonsvinum.com\/de\/produkt\/amarone-della-valpolicella-classico-bertani-2015\/#primaryimage","url":"https:\/\/fonsvinum.com\/files\/2013\/04\/amarone-valpolicella-classico-bertani.png","contentUrl":"https:\/\/fonsvinum.com\/files\/2013\/04\/amarone-valpolicella-classico-bertani.png","width":260,"height":800},{"@type":"BreadcrumbList","@id":"https:\/\/fonsvinum.com\/de\/produkt\/amarone-della-valpolicella-classico-bertani-2015\/#breadcrumb","itemListElement":[{"@type":"ListItem","position":1,"name":"Startseite","item":"https:\/\/fonsvinum.com\/de\/"},{"@type":"ListItem","position":2,"name":"Shop","item":"https:\/\/fonsvinum.com\/de\/shop\/"},{"@type":"ListItem","position":3,"name":"Amarone della Valpolicella Classico BERTANI 2015"}]},{"@type":"WebSite","@id":"https:\/\/fonsvinum.com\/en\/#website","url":"https:\/\/fonsvinum.com\/en\/","name":"Fons Vinum","description":"Vendita Vino Online","publisher":{"@id":"https:\/\/fonsvinum.com\/en\/#organization"},"potentialAction":[{"@type":"SearchAction","target":{"@type":"EntryPoint","urlTemplate":"https:\/\/fonsvinum.com\/en\/?s={search_term_string}"},"query-input":{"@type":"PropertyValueSpecification","valueRequired":true,"valueName":"search_term_string"}}],"inLanguage":"de"},{"@type":"Organization","@id":"https:\/\/fonsvinum.com\/en\/#organization","name":"Fons Vinum","url":"https:\/\/fonsvinum.com\/en\/","logo":{"@type":"ImageObject","inLanguage":"de","@id":"https:\/\/fonsvinum.com\/en\/#\/schema\/logo\/image\/","url":"","contentUrl":"","caption":"Fons Vinum"},"image":{"@id":"https:\/\/fonsvinum.com\/en\/#\/schema\/logo\/image\/"}}]}},"acf":[],"_links":{"self":[{"href":"https:\/\/fonsvinum.com\/de\/wp-json\/wp\/v2\/product\/44577","targetHints":{"allow":["GET"]}}],"collection":[{"href":"https:\/\/fonsvinum.com\/de\/wp-json\/wp\/v2\/product"}],"about":[{"href":"https:\/\/fonsvinum.com\/de\/wp-json\/wp\/v2\/types\/product"}],"replies":[{"embeddable":true,"href":"https:\/\/fonsvinum.com\/de\/wp-json\/wp\/v2\/comments?post=44577"}],"wp:featuredmedia":[{"embeddable":true,"href":"https:\/\/fonsvinum.com\/de\/wp-json\/wp\/v2\/media\/5698"}],"wp:attachment":[{"href":"https:\/\/fonsvinum.com\/de\/wp-json\/wp\/v2\/media?parent=44577"}],"wp:term":[{"taxonomy":"product_brand","embeddable":true,"href":"https:\/\/fonsvinum.com\/de\/wp-json\/wp\/v2\/product_brand?post=44577"},{"taxonomy":"product_cat","embeddable":true,"href":"https:\/\/fonsvinum.com\/de\/wp-json\/wp\/v2\/product_cat?post=44577"},{"taxonomy":"product_tag","embeddable":true,"href":"https:\/\/fonsvinum.com\/de\/wp-json\/wp\/v2\/product_tag?post=44577"}],"curies":[{"name":"wp","href":"https:\/\/api.w.org\/{rel}","templated":true}]}}